{"id":23456,"date":"2025-07-01T13:19:53","date_gmt":"2025-07-01T11:19:53","guid":{"rendered":"https:\/\/www.ferberpainting.com\/?post_type=product&#038;p=23456"},"modified":"2026-02-20T08:45:32","modified_gmt":"2026-02-20T07:45:32","slug":"floor-cleaner","status":"publish","type":"product","link":"https:\/\/www.ferberpainting.com\/lv\/products\/floor-cleaner\/","title":{"rendered":"Gr\u012bdu t\u012br\u012bt\u0101js"},"content":{"rendered":"<p><img decoding=\"async\" style=\"margin-right: 12px;\" src=\"https:\/\/www.ferberpainting.com\/wp-content\/uploads\/2026\/02\/Check.svg\" alt=\"\" width=\"18\" height=\"15\" \/><strong>Optim\u0101la efektivit\u0101te.<\/strong>\u00a0\u0160is gr\u012bdas t\u012br\u012b\u0161anas l\u012bdzeklis ir \u012bpa\u0161i izstr\u0101d\u0101ts, lai efekt\u012bvi no\u0146emtu putek\u013cus, traipus, taukus un p\u0113du nospiedumus, nodro\u0161inot nevainojamu visu veidu gr\u012bdas segumu virsmu. T\u0101 sp\u0113c\u012bg\u0101 formula iek\u013c\u016bst dzi\u013ci, lai no\u0146emtu net\u012brumus, vienlaikus saglab\u0101jot virsmas apdari. Tas atjauno sp\u012bdumu, no\u0146em net\u012brumus un p\u0113c katras lieto\u0161anas reizes atst\u0101j nevainojamu virsmu.<\/p>\n<p><strong><img decoding=\"async\" style=\"margin-right: 12px;\" src=\"https:\/\/www.ferberpainting.com\/wp-content\/uploads\/2026\/02\/Check.svg\" alt=\"\" width=\"18\" height=\"15\" \/>Naudas atmaksas garantija.<\/strong>\u00a0M\u0113s esam p\u0101rliecin\u0101ti par m\u016bsu gr\u012bdas t\u012br\u012bt\u0101ja efektivit\u0101ti. Ja p\u0113c lieto\u0161anas j\u016bs neesat piln\u012bb\u0101 apmierin\u0101ts ar rezult\u0101tiem, jums ir ties\u012bbas sa\u0146emt pilnu naudas atmaksu. Izm\u0113\u0123iniet m\u016bsu produktu bez riska un baudiet vienm\u0113r t\u012bras un sp\u012bdo\u0161as gr\u012bdas.<\/p>\n<p><img decoding=\"async\" style=\"margin-right: 12px;\" src=\"https:\/\/www.ferberpainting.com\/wp-content\/uploads\/2026\/02\/Check.svg\" alt=\"\" width=\"18\" height=\"15\" \/><strong>Izcila daudzpus\u012bba.<\/strong>\u00a0\u0160is t\u012br\u012b\u0161anas l\u012bdzeklis nav paredz\u0113ts tikai vienam gr\u012bdas tipam! Tas ir ide\u0101li piem\u0113rots fl\u012bz\u0113m, stiklotam parketam, lamin\u0101tam, pul\u0113tam betonam, dab\u012bgajam akmenim, linoleja un vinilam. Tas lieliski darbojas ar\u012b uz \u0101ra virsm\u0101m, piem\u0113ram, akmens vai betona teras\u0113m. Pateicoties savietojam\u012bbai ar daudziem materi\u0101liem, tas nodro\u0161ina efekt\u012bvu t\u012br\u012b\u0161anu neatkar\u012bgi no gr\u012bdas veida.<\/p>\n<p><img decoding=\"async\" style=\"margin-right: 12px;\" src=\"https:\/\/www.ferberpainting.com\/wp-content\/uploads\/2026\/02\/Check.svg\" alt=\"\" width=\"18\" height=\"15\" \/><strong>Rentabilit\u0101te.<\/strong>\u00a0\u0160is t\u012br\u012b\u0161anas l\u012bdzeklis ar 5 litru tilpumu un \u012bpa\u0161i efekt\u012bvu formulu pied\u0101v\u0101 izcilu v\u0113rt\u012bbu. Neliels daudzums ir pietiekams, lai nosegtu lielu virsmu bez iz\u0161\u0137\u0113rd\u0113\u0161anas. Ar vienu litru l\u012bdzek\u013ca var apstr\u0101d\u0101t vid\u0113ji l\u012bdz 100 m\u00b2 gr\u012bdas seguma, t\u0101p\u0113c tas ir ekonomisks un ilgnotur\u012bgs risin\u0101jums regul\u0101rai sadz\u012bves un profesion\u0101lu virsmu kop\u0161anai.<\/p>\n<p><img decoding=\"async\" style=\"margin-right: 12px;\" src=\"https:\/\/www.ferberpainting.com\/wp-content\/uploads\/2026\/02\/Check.svg\" alt=\"\" width=\"18\" height=\"15\" \/><strong>Dro\u0161a lieto\u0161ana.<\/strong>\u00a0At\u0161\u0137ir\u012bb\u0101 no asiem t\u012br\u012b\u0161anas l\u012bdzek\u013ciem ar kod\u012bgiem \u0161\u0137\u012bdin\u0101t\u0101jiem, \u0161\u012b produkta sast\u0101v\u0101 ir vesel\u012bbai un videi nekait\u012bgas, vesel\u012bbai un videi netoksiskas sast\u0101vda\u013cas. Tas neizdala kait\u012bgus tvaikus, nerada \u0101das kairin\u0101jumu un ir dro\u0161s b\u0113rniem un m\u0101jdz\u012bvniekiem. T\u0101 pH sabalans\u0113t\u0101 formula nodro\u0161ina, ka p\u0113c lieto\u0161anas nepaliek slidenas paliekas un tiek saglab\u0101tas apstr\u0101d\u0101t\u0101s virsmas.<\/p>\n<p><img decoding=\"async\" style=\"margin-right: 12px;\" src=\"https:\/\/www.ferberpainting.com\/wp-content\/uploads\/2026\/02\/Check.svg\" alt=\"\" width=\"18\" height=\"15\" \/><strong>Lieto\u0161anas \u0113rtums.<\/strong>\u00a0\u0160is produkts ir gatavs lieto\u0161anai, un to nav nepiecie\u0161ams at\u0161\u0137aid\u012bt vai sare\u017e\u0123\u012bti sagatavot. To var uzkl\u0101t tie\u0161i uz gr\u012bdas ar mopu, mikro\u0161\u0137iedras slotu vai autom\u0101tisko t\u012br\u012b\u0161anas l\u012bdzekli. T\u0101 \u0101tr\u0101 un vienk\u0101r\u0161\u0101 iedarb\u012bba \u013cauj efekt\u012bvi not\u012br\u012bt ar da\u017eiem pieg\u0101jieniem, bez p\u0101rm\u0113r\u012bgas skalo\u0161anas vai atlikumu veido\u0161an\u0101s.<\/p>\n<p><img decoding=\"async\" style=\"margin-right: 12px;\" src=\"https:\/\/www.ferberpainting.com\/wp-content\/uploads\/2026\/02\/Check.svg\" alt=\"\" width=\"18\" height=\"15\" \/><strong>Liel\u0101ka iztur\u012bba.<\/strong>\u00a0Efekt\u012bvi likvid\u0113jot net\u012brumus un aizsarg\u0101jot gr\u012bdu, \u0161is t\u012br\u012b\u0161anas l\u012bdzeklis pal\u012bdz pagarin\u0101t gr\u012bdas seguma kalpo\u0161anas ilgumu. Tas nov\u0113r\u0161 priek\u0161laic\u012bgu nodilumu, ko izraisa putek\u013cu uzkr\u0101\u0161an\u0101s un abraz\u012bvu atlikumu veido\u0161an\u0101s, ilgtermi\u0146\u0101 saglab\u0101jot virsmas t\u012bras un labi uztur\u0113tas. Regul\u0101ra lieto\u0161ana garant\u0113 optim\u0101lu aizsardz\u012bbu un uzlabotu iztur\u012bbu pret ikdienas nodilumu.<\/p>\n<p><img decoding=\"async\" style=\"margin-right: 12px;\" src=\"https:\/\/www.ferberpainting.com\/wp-content\/uploads\/2026\/02\/Check.svg\" alt=\"\" width=\"18\" height=\"15\" \/><strong>\u0100tra darb\u012bba.<\/strong>\u00a0Pateicoties \u012bpa\u0161i akt\u012bvai formulai, \u0161is t\u012br\u012b\u0161anas l\u012bdzeklis nekav\u0113joties iedarbojas uz net\u012brumiem un notur\u012bgiem traipiem. Tikai da\u017eu min\u016b\u0161u laik\u0101 tas iz\u0161\u0137\u012bdina net\u012brumus bez t\u012br\u012b\u0161anas. Tas \u0101tri no\u017e\u016bst, \u013caujot nekav\u0113joties atk\u0101rtoti izmantot virsmu, kas ir ide\u0101li piem\u0113rots augstas satiksmes intensit\u0101tes telp\u0101m, piem\u0113ram, birojiem, veikaliem un m\u0101j\u0101m.<\/p>\n<h2><strong>Lieto\u0161anas instrukcijas<\/strong><\/h2>\n<ul>\n<li><strong>Sagatavo\u0161ana <\/strong>: Pirms t\u012br\u012b\u0161anas ar t\u012br\u012b\u0161anas l\u012bdzekli noslaukiet vai noslaukiet ar putek\u013cu s\u016bc\u0113ju, lai uz gr\u012bdas neb\u016btu putek\u013cu un gru\u017eu.<\/li>\n<li><strong>Manu\u0101la piem\u0113ro\u0161ana <\/strong>: Nelielu daudzumu t\u012br\u012b\u0161anas l\u012bdzek\u013ca uzlejiet uz t\u012bras mopes, mikro\u0161\u0137iedras slotas vai s\u016bk\u013ca, p\u0113c tam ar ap\u013cveida kust\u012bb\u0101m vienm\u0113r\u012bgi izkl\u0101jiet uz gr\u012bdas.<\/li>\n<li><strong>Lieto\u0161ana ar autom\u0101tisko skruberi <\/strong>: Piepildiet ma\u0161\u012bnas tvertni ar neat\u0161\u0137aid\u012btu t\u012br\u012b\u0161anas l\u012bdzekli, p\u0113c tam turpiniet t\u012br\u012b\u0161anu saska\u0146\u0101 ar iek\u0101rtas instrukcij\u0101m.<\/li>\n<li><strong>T\u012br\u012b\u0161ana un apdare <\/strong>: \u013baujiet l\u012bdzeklim da\u017eas min\u016btes nost\u0101v\u0113ties, lai tas iz\u0161\u0137\u012bdin\u0101tu net\u012brumus, p\u0113c tam, ja nepiecie\u0161ams, noslaukiet ar t\u012bru mitru mopu. Standarta t\u012br\u012b\u0161anai skalo\u0161ana nav nepiecie\u0161ama.<\/li>\n<li><strong>\u017d\u0101v\u0113\u0161ana <\/strong>: \u013baujiet dabiski iz\u017e\u016bt. Pateicoties t\u012br\u012b\u0161anas l\u012bdzek\u013ca \u0101tri \u017e\u016bsto\u0161ajai formulai, gr\u012bda b\u016bs gatava lieto\u0161anai da\u017eu min\u016b\u0161u laik\u0101.<\/li>\n<li><strong>Lieto\u0161anas bie\u017eums <\/strong>: Lietojiet katru dienu viet\u0101s ar lielu satiksmes intensit\u0101ti vai reizi vai divas reizes ned\u0113\u013c\u0101 regul\u0101rai uztur\u0113\u0161anai, lai uztur\u0113tu gr\u012bdas t\u012bras un bez sv\u012btr\u0101m.<\/li>\n<li><strong>Uzglab\u0101\u0161ana <\/strong>: P\u0113c katras lieto\u0161anas reizes cie\u0161i aiztaisiet trauku un uzglab\u0101jiet v\u0113s\u0101, saus\u0101 viet\u0101, prom no gaismas un ekstrem\u0101l\u0101m temperat\u016br\u0101m, lai saglab\u0101tu produkta efektivit\u0101ti laika gait\u0101.<\/li>\n<\/ul>\n<p>Ar m\u016bsu gr\u012bdas t\u012br\u012b\u0161anas l\u012bdzekli varat baud\u012bt \u0101tru, efekt\u012bvu un dro\u0161u t\u012br\u012b\u0161anu, vienlaikus pagarinot savu virsmu sp\u012bdumu un t\u012br\u012bbu. Ide\u0101ls risin\u0101jums, lai bez piep\u016bles uztur\u0113tu j\u016bsu gr\u012bdas nevainojami t\u012bras un mirdzo\u0161as.<\/p>","protected":false},"excerpt":{"rendered":"<p>Optimal Effectiveness.\u00a0This floor cleaner is specially designed to effectively remove dust, stains, grease, and footprints, ensuring a spotless surface on all types of flooring. Its powerful formula penetrates deep to lift dirt while preserving the surface finish. It restores shine, removes grime, and leaves a flawless finish after each use. Money-back guarantee.\u00a0We are confident in [&hellip;]<\/p>\n","protected":false},"featured_media":36362,"comment_status":"open","ping_status":"closed","template":"","meta":{"_uag_custom_page_level_css":"","site-sidebar-layout":"default","site-content-layout":"","ast-site-content-layout":"default","site-content-style":"default","site-sidebar-style":"default","ast-global-header-display":"","ast-banner-title-visibility":"","ast-main-header-display":"","ast-hfb-above-header-display":"","ast-hfb-below-header-display":"","ast-hfb-mobile-header-display":"","site-post-title":"","ast-breadcrumbs-content":"","ast-featured-img":"","footer-sml-layout":"","ast-disable-related-posts":"","theme-transparent-header-meta":"default","adv-header-id-meta":"","stick-header-meta":"","header-above-stick-meta":"","header-main-stick-meta":"","header-below-stick-meta":"","astra-migrate-meta-layouts":"set","ast-page-background-enabled":"default","ast-page-background-meta":{"desktop":{"background-color":"var(--ast-global-color-4)","background-image":"","background-repeat":"repeat","background-position":"center center","background-size":"auto","background-attachment":"scroll","background-type":"","background-media":"","overlay-type":"","overlay-color":"","overlay-opacity":"","overlay-gradient":""},"tablet":{"background-color":"","background-image":"","background-repeat":"repeat","background-position":"center center","background-size":"auto","background-attachment":"scroll","background-type":"","background-media":"","overlay-type":"","overlay-color":"","overlay-opacity":"","overlay-gradient":""},"mobile":{"background-color":"","background-image":"","background-repeat":"repeat","background-position":"center center","background-size":"auto","background-attachment":"scroll","background-type":"","background-media":"","overlay-type":"","overlay-color":"","overlay-opacity":"","overlay-gradient":""}},"ast-content-background-meta":{"desktop":{"background-color":"var(--ast-global-color-5)","background-image":"","background-repeat":"repeat","background-position":"center center","background-size":"auto","background-attachment":"scroll","background-type":"","background-media":"","overlay-type":"","overlay-color":"","overlay-opacity":"","overlay-gradient":""},"tablet":{"background-color":"var(--ast-global-color-5)","background-image":"","background-repeat":"repeat","background-position":"center center","background-size":"auto","background-attachment":"scroll","background-type":"","background-media":"","overlay-type":"","overlay-color":"","overlay-opacity":"","overlay-gradient":""},"mobile":{"background-color":"var(--ast-global-color-5)","background-image":"","background-repeat":"repeat","background-position":"center center","background-size":"auto","background-attachment":"scroll","background-type":"","background-media":"","overlay-type":"","overlay-color":"","overlay-opacity":"","overlay-gradient":""}}},"product_brand":[],"product_cat":[175],"product_tag":[],"class_list":{"0":"post-23456","1":"product","2":"type-product","3":"status-publish","4":"has-post-thumbnail","6":"product_cat-cleaning-products","7":"desktop-align-left","8":"tablet-align-left","9":"mobile-align-left","11":"first","12":"instock","13":"sale","14":"shipping-taxable","15":"purchasable","16":"product-type-variable","17":"has-default-attributes"},"spectra_custom_meta":{"_visibility":["visible"],"_shopify_product_id":["9102369095925"],"_s2w_shopify_domain":["ferberpainting.myshopify.com"],"_shopify_variant_id":["46616106729717"],"_sku":[""],"_manage_stock":["no"],"total_sales":["4"],"_tax_status":["taxable"],"_tax_class":[""],"_backorders":["no"],"_sold_individually":["no"],"_virtual":["no"],"_downloadable":["no"],"_download_limit":["-1"],"_download_expiry":["-1"],"_stock":[null],"_stock_status":["instock"],"_wc_average_rating":["5.00"],"_wc_review_count":["14"],"_product_attributes":["a:1:{s:6:\"volume\";a:6:{s:4:\"name\";s:6:\"Volume\";s:5:\"value\";s:20:\"5 liters | 25 liters\";s:8:\"position\";i:1;s:10:\"is_visible\";i:0;s:12:\"is_variation\";i:1;s:11:\"is_taxonomy\";i:0;}}"],"_product_version":["10.5.2"],"wpse_downloadable_file_names":[""],"wpse_downloadable_file_urls":[""],"_edit_last":["1"],"_default_attributes":["a:1:{s:6:\"volume\";s:8:\"5 liters\";}"],"_edit_lock":["1771573400:1"],"_price":["29.90","129.90"],"merchant-center-availability":["yes"],"merchant-center-category":["4977"],"_thumbnail_id":["36362"],"_wp_page_template":["default"],"_wp_old_date":["2025-05-26"],"_product_image_gallery":["36363"],"site-sidebar-layout":["default"],"ast-site-content-layout":["default"],"site-content-style":["default"],"site-sidebar-style":["default"],"theme-transparent-header-meta":["default"],"_wc_rating_count":["a:1:{i:5;i:14;}"],"astra-migrate-meta-layouts":["set"],"_uag_css_file_name":["uag-css-23456.css"],"_elementor_page_assets":["a:0:{}"],"_uag_page_assets":["a:9:{s:3:\"css\";s:7133:\".uag-blocks-common-selector{z-index:var(--z-index-desktop) !important}@media(max-width: 976px){.uag-blocks-common-selector{z-index:var(--z-index-tablet) !important}}@media(max-width: 767px){.uag-blocks-common-selector{z-index:var(--z-index-mobile) !important}}.wp-block-uagb-image{display:flex}.wp-block-uagb-image__figure{position:relative;display:flex;flex-direction:column;max-width:100%;height:auto;margin:0}.wp-block-uagb-image__figure img{height:auto;display:flex;max-width:100%;transition:box-shadow .2s ease}.wp-block-uagb-image__figure>a{display:inline-block}.wp-block-uagb-image__figure figcaption{text-align:center;margin-top:.5em;margin-bottom:1em}.wp-block-uagb-image .components-placeholder.block-editor-media-placeholder .components-placeholder__instructions{align-self:center}.wp-block-uagb-image--align-left{text-align:left}.wp-block-uagb-image--align-right{text-align:right}.wp-block-uagb-image--align-center{text-align:center}.wp-block-uagb-image--align-full .wp-block-uagb-image__figure{margin-left:calc(50% - 50vw);margin-right:calc(50% - 50vw);max-width:100vw;width:100vw;height:auto}.wp-block-uagb-image--align-full .wp-block-uagb-image__figure img{height:auto;width:100% !important}.wp-block-uagb-image--align-wide .wp-block-uagb-image__figure img{height:auto;width:100%}.wp-block-uagb-image--layout-overlay__color-wrapper{position:absolute;left:0;top:0;right:0;bottom:0;opacity:.2;background:rgba(0,0,0,.5);transition:opacity .35s ease-in-out}.wp-block-uagb-image--layout-overlay-link{position:absolute;left:0;right:0;bottom:0;top:0}.wp-block-uagb-image--layout-overlay .wp-block-uagb-image__figure:hover .wp-block-uagb-image--layout-overlay__color-wrapper{opacity:1}.wp-block-uagb-image--layout-overlay__inner{position:absolute;left:15px;right:15px;bottom:15px;top:15px;display:flex;align-items:center;justify-content:center;flex-direction:column;border-color:#fff;transition:.35s ease-in-out}.wp-block-uagb-image--layout-overlay__inner.top-left,.wp-block-uagb-image--layout-overlay__inner.top-center,.wp-block-uagb-image--layout-overlay__inner.top-right{justify-content:flex-start}.wp-block-uagb-image--layout-overlay__inner.bottom-left,.wp-block-uagb-image--layout-overlay__inner.bottom-center,.wp-block-uagb-image--layout-overlay__inner.bottom-right{justify-content:flex-end}.wp-block-uagb-image--layout-overlay__inner.top-left,.wp-block-uagb-image--layout-overlay__inner.center-left,.wp-block-uagb-image--layout-overlay__inner.bottom-left{align-items:flex-start}.wp-block-uagb-image--layout-overlay__inner.top-right,.wp-block-uagb-image--layout-overlay__inner.center-right,.wp-block-uagb-image--layout-overlay__inner.bottom-right{align-items:flex-end}.wp-block-uagb-image--layout-overlay__inner .uagb-image-heading{color:#fff;transition:transform .35s,opacity .35s ease-in-out;transform:translate3d(0, 24px, 0);margin:0;line-height:1em}.wp-block-uagb-image--layout-overlay__inner .uagb-image-separator{width:30%;border-top-width:2px;border-top-color:#fff;border-top-style:solid;margin-bottom:10px;opacity:0;transition:transform .4s,opacity .4s ease-in-out;transform:translate3d(0, 30px, 0)}.wp-block-uagb-image--layout-overlay__inner .uagb-image-caption{opacity:0;overflow:visible;color:#fff;transition:transform .45s,opacity .45s ease-in-out;transform:translate3d(0, 35px, 0)}.wp-block-uagb-image--layout-overlay__inner:hover .uagb-image-heading,.wp-block-uagb-image--layout-overlay__inner:hover .uagb-image-separator,.wp-block-uagb-image--layout-overlay__inner:hover .uagb-image-caption{opacity:1;transform:translate3d(0, 0, 0)}.wp-block-uagb-image--effect-zoomin .wp-block-uagb-image__figure img,.wp-block-uagb-image--effect-zoomin .wp-block-uagb-image__figure .wp-block-uagb-image--layout-overlay__color-wrapper{transform:scale(1);transition:transform .35s ease-in-out}.wp-block-uagb-image--effect-zoomin .wp-block-uagb-image__figure:hover img,.wp-block-uagb-image--effect-zoomin .wp-block-uagb-image__figure:hover .wp-block-uagb-image--layout-overlay__color-wrapper{transform:scale(1.05)}.wp-block-uagb-image--effect-slide .wp-block-uagb-image__figure img,.wp-block-uagb-image--effect-slide .wp-block-uagb-image__figure .wp-block-uagb-image--layout-overlay__color-wrapper{width:calc(100% + 40px) !important;max-width:none !important;transform:translate3d(-40px, 0, 0);transition:transform .35s ease-in-out}.wp-block-uagb-image--effect-slide .wp-block-uagb-image__figure:hover img,.wp-block-uagb-image--effect-slide .wp-block-uagb-image__figure:hover .wp-block-uagb-image--layout-overlay__color-wrapper{transform:translate3d(0, 0, 0)}.wp-block-uagb-image--effect-grayscale img{filter:grayscale(0%);transition:.35s ease-in-out}.wp-block-uagb-image--effect-grayscale:hover img{filter:grayscale(100%)}.wp-block-uagb-image--effect-blur img{filter:blur(0);transition:.35s ease-in-out}.wp-block-uagb-image--effect-blur:hover img{filter:blur(3px)}.uagb-block-e6f939b3.wp-block-uagb-image--layout-default figure img{box-shadow: 0px 0px 0 #00000070;}.uagb-block-e6f939b3.wp-block-uagb-image .wp-block-uagb-image__figure figcaption{font-style: normal;align-self: center;}.uagb-block-e6f939b3.wp-block-uagb-image--layout-overlay figure img{box-shadow: 0px 0px 0 #00000070;}.uagb-block-e6f939b3.wp-block-uagb-image--layout-overlay .wp-block-uagb-image--layout-overlay__color-wrapper{opacity: 0.2;}.uagb-block-e6f939b3.wp-block-uagb-image--layout-overlay .wp-block-uagb-image--layout-overlay__inner{left: 15px;right: 15px;top: 15px;bottom: 15px;}.uagb-block-e6f939b3.wp-block-uagb-image--layout-overlay .wp-block-uagb-image--layout-overlay__inner .uagb-image-heading{font-style: normal;color: #fff;opacity: 1;}.uagb-block-e6f939b3.wp-block-uagb-image--layout-overlay .wp-block-uagb-image--layout-overlay__inner .uagb-image-heading a{color: #fff;}.uagb-block-e6f939b3.wp-block-uagb-image--layout-overlay .wp-block-uagb-image--layout-overlay__inner .uagb-image-caption{opacity: 0;}.uagb-block-e6f939b3.wp-block-uagb-image--layout-overlay .wp-block-uagb-image__figure:hover .wp-block-uagb-image--layout-overlay__color-wrapper{opacity: 1;}.uagb-block-e6f939b3.wp-block-uagb-image .wp-block-uagb-image--layout-overlay__inner .uagb-image-separator{width: 30%;border-top-width: 2px;border-top-color: #fff;opacity: 0;}.uagb-block-e6f939b3.wp-block-uagb-image .wp-block-uagb-image__figure img{width: px;height: auto;}.uagb-block-e6f939b3.wp-block-uagb-image .wp-block-uagb-image__figure:hover .wp-block-uagb-image--layout-overlay__inner .uagb-image-caption{opacity: 1;}.uagb-block-e6f939b3.wp-block-uagb-image .wp-block-uagb-image__figure:hover .wp-block-uagb-image--layout-overlay__inner .uagb-image-separator{opacity: 1;}.uagb-block-e6f939b3.wp-block-uagb-image--layout-default figure:hover img{box-shadow: 0px 0px 0 #00000070;}.uagb-block-e6f939b3.wp-block-uagb-image--layout-overlay figure:hover img{box-shadow: 0px 0px 0 #00000070;}@media only screen and (max-width: 976px) {.uagb-block-e6f939b3.wp-block-uagb-image .wp-block-uagb-image__figure img{width: px;height: auto;}}@media only screen and (max-width: 767px) {.uagb-block-e6f939b3.wp-block-uagb-image .wp-block-uagb-image__figure img{width: px;height: auto;}}\";s:2:\"js\";s:0:\"\";s:18:\"current_block_list\";a:13:{i:0;s:11:\"core\/search\";i:1;s:10:\"core\/group\";i:2;s:12:\"core\/heading\";i:3;s:17:\"core\/latest-posts\";i:4;s:20:\"core\/latest-comments\";i:5;s:13:\"core\/archives\";i:6;s:15:\"core\/categories\";i:7;s:14:\"core\/paragraph\";i:8;s:10:\"uagb\/image\";i:9;s:11:\"core\/spacer\";i:10;s:30:\"woocommerce\/product-categories\";i:11;s:10:\"core\/image\";i:12;s:14:\"core\/shortcode\";}s:8:\"uag_flag\";b:1;s:11:\"uag_version\";s:10:\"1777114708\";s:6:\"gfonts\";a:0:{}s:10:\"gfonts_url\";s:0:\"\";s:12:\"gfonts_files\";a:0:{}s:14:\"uag_faq_layout\";b:0;}"]},"uagb_featured_image_src":{"full":["https:\/\/www.ferberpainting.com\/wp-content\/uploads\/2025\/05\/Floor-Cleaner-5L.png",2560,2560,false],"thumbnail":["https:\/\/www.ferberpainting.com\/wp-content\/uploads\/2025\/05\/Floor-Cleaner-5L-150x150.png",150,150,true],"medium":["https:\/\/www.ferberpainting.com\/wp-content\/uploads\/2025\/05\/Floor-Cleaner-5L-300x300.png",300,300,true],"medium_large":["https:\/\/www.ferberpainting.com\/wp-content\/uploads\/2025\/05\/Floor-Cleaner-5L-768x768.png",768,768,true],"large":["https:\/\/www.ferberpainting.com\/wp-content\/uploads\/2025\/05\/Floor-Cleaner-5L-1024x1024.png",1024,1024,true],"1536x1536":["https:\/\/www.ferberpainting.com\/wp-content\/uploads\/2025\/05\/Floor-Cleaner-5L-1536x1536.png",1536,1536,true],"2048x2048":["https:\/\/www.ferberpainting.com\/wp-content\/uploads\/2025\/05\/Floor-Cleaner-5L-2048x2048.png",2048,2048,true],"trp-custom-language-flag":["https:\/\/www.ferberpainting.com\/wp-content\/uploads\/2025\/05\/Floor-Cleaner-5L-12x12.png",12,12,true],"woocommerce_thumbnail":["https:\/\/www.ferberpainting.com\/wp-content\/uploads\/2025\/05\/Floor-Cleaner-5L-300x300.png",300,300,true],"woocommerce_single":["https:\/\/www.ferberpainting.com\/wp-content\/uploads\/2025\/05\/Floor-Cleaner-5L-600x600.png",600,600,true],"woocommerce_gallery_thumbnail":["https:\/\/www.ferberpainting.com\/wp-content\/uploads\/2025\/05\/Floor-Cleaner-5L-100x100.png",100,100,true]},"uagb_author_info":{"display_name":"admin","author_link":"https:\/\/www.ferberpainting.com\/lv\/author\/"},"uagb_comment_info":14,"uagb_excerpt":"Optimal Effectiveness.\u00a0This floor cleaner is specially designed to effectively remove dust, stains, grease, and footprints, ensuring a spotless surface on all types of flooring. Its powerful formula penetrates deep to lift dirt while preserving the surface finish. It restores shine, removes grime, and leaves a flawless finish after each use. Money-back guarantee.\u00a0We are confident in&hellip;","_links":{"self":[{"href":"https:\/\/www.ferberpainting.com\/lv\/wp-json\/wp\/v2\/product\/23456","targetHints":{"allow":["GET"]}}],"collection":[{"href":"https:\/\/www.ferberpainting.com\/lv\/wp-json\/wp\/v2\/product"}],"about":[{"href":"https:\/\/www.ferberpainting.com\/lv\/wp-json\/wp\/v2\/types\/product"}],"replies":[{"embeddable":true,"href":"https:\/\/www.ferberpainting.com\/lv\/wp-json\/wp\/v2\/comments?post=23456"}],"version-history":[{"count":5,"href":"https:\/\/www.ferberpainting.com\/lv\/wp-json\/wp\/v2\/product\/23456\/revisions"}],"predecessor-version":[{"id":170585,"href":"https:\/\/www.ferberpainting.com\/lv\/wp-json\/wp\/v2\/product\/23456\/revisions\/170585"}],"wp:featuredmedia":[{"embeddable":true,"href":"https:\/\/www.ferberpainting.com\/lv\/wp-json\/wp\/v2\/media\/36362"}],"wp:attachment":[{"href":"https:\/\/www.ferberpainting.com\/lv\/wp-json\/wp\/v2\/media?parent=23456"}],"wp:term":[{"taxonomy":"product_brand","embeddable":true,"href":"https:\/\/www.ferberpainting.com\/lv\/wp-json\/wp\/v2\/product_brand?post=23456"},{"taxonomy":"product_cat","embeddable":true,"href":"https:\/\/www.ferberpainting.com\/lv\/wp-json\/wp\/v2\/product_cat?post=23456"},{"taxonomy":"product_tag","embeddable":true,"href":"https:\/\/www.ferberpainting.com\/lv\/wp-json\/wp\/v2\/product_tag?post=23456"}],"curies":[{"name":"wp","href":"https:\/\/api.w.org\/{rel}","templated":true}]}}