{"id":23440,"date":"2025-05-26T10:24:07","date_gmt":"2025-05-26T08:24:07","guid":{"rendered":"https:\/\/www.ferberpainting.com\/products\/ficus-fertilizer\/"},"modified":"2026-02-20T08:46:04","modified_gmt":"2026-02-20T07:46:04","slug":"ficus-fertilizer","status":"publish","type":"product","link":"https:\/\/www.ferberpainting.com\/lv\/products\/ficus-fertilizer\/","title":{"rendered":"Ficus m\u0113slojums"},"content":{"rendered":"<p><strong><img decoding=\"async\" style=\"margin-right: 12px;\" src=\"https:\/\/www.ferberpainting.com\/wp-content\/uploads\/2026\/02\/Check.svg\" alt=\"\" width=\"18\" height=\"15\" \/>Pilnv\u0113rt\u012bgs m\u0113slojums vesel\u012bgam fikusam.<\/strong>\u00a0\u0160is fikusu m\u0113slojums ir \u012bpa\u0161i izstr\u0101d\u0101ts, lai nodro\u0161in\u0101tu j\u016bsu augu ar nepiecie\u0161amaj\u0101m bar\u012bbas viel\u0101m, kas nepiecie\u0161amas t\u0101 aug\u0161anai, notur\u012bbai un lapotnes mirdzumam. Pateicoties NPK 15-15-15 sast\u0101vam, tas nodro\u0161ina perfektu l\u012bdzsvaru starp sl\u0101pekli (N), lai veicin\u0101tu lapu att\u012bst\u012bbu, fosforu (P), lai stiprin\u0101tu sak\u0146u sist\u0113mu, un k\u0101liju (K), lai uzlabotu iztur\u012bbu pret slim\u012bb\u0101m un vides stresu. T\u0101d\u0113j\u0101di tas nodro\u0161ina sp\u0113c\u012bgu fikusu ar bl\u012bvu un spilgtu lapotni, veicinot t\u0101 piel\u0101go\u0161anos klimata p\u0101rmai\u0146\u0101m.<\/p>\n<p><img decoding=\"async\" style=\"margin-right: 12px;\" src=\"https:\/\/www.ferberpainting.com\/wp-content\/uploads\/2026\/02\/Check.svg\" alt=\"\" width=\"18\" height=\"15\" \/><strong>Naudas atmaksas garantija.<\/strong>\u00a0M\u0113s esam piln\u012bgi p\u0101rliecin\u0101ti par m\u016bsu fikusu m\u0113slojuma efektivit\u0101ti, t\u0101p\u0113c pied\u0101v\u0101jam naudas atmaksas garantiju. Ja p\u0113c m\u0113slojuma lieto\u0161anas saska\u0146\u0101 ar ieteikumiem j\u016bs nepaman\u012bsiet iev\u0113rojamu uzlabojumu sava auga aug\u0161an\u0101 un dz\u012bvotsp\u0113j\u0101, m\u0113s ap\u0146emamies bez nosac\u012bjumiem atmaks\u0101t naudu, nodro\u0161inot pirkumu bez riska.<\/p>\n<p><img decoding=\"async\" style=\"margin-right: 12px;\" src=\"https:\/\/www.ferberpainting.com\/wp-content\/uploads\/2026\/02\/Check.svg\" alt=\"\" width=\"18\" height=\"15\" \/><strong>Piem\u0113rots vis\u0101m fikusu \u0161\u0137irn\u0113m.<\/strong>\u00a0\u0160is m\u0113slojums ir piem\u0113rots gan iek\u0161telpu, gan \u0101ra fikusiem, \u012bpa\u0161i Ficus Benjamina, Ficus Lyrata, Ficus Elastica (gumijkoks), Ficus Ginseng un Ficus Microcarpa. Tas ir piem\u0113rots ar\u012b augiem podos vai atkl\u0101t\u0101 zem\u0113, nodro\u0161inot optim\u0101lu bar\u012bbas vielu pieg\u0101di neatkar\u012bgi no audz\u0113\u0161anas metodes.<\/p>\n<p><img decoding=\"async\" style=\"margin-right: 12px;\" src=\"https:\/\/www.ferberpainting.com\/wp-content\/uploads\/2026\/02\/Check.svg\" alt=\"\" width=\"18\" height=\"15\" \/><strong>Ekonomiska ra\u017ea ilgsto\u0161ai m\u0113slo\u0161anai.<\/strong>\u00a0Pateicoties t\u0101 koncentr\u0113tajam \u0161\u0137idruma sast\u0101vam, 5 litru trauk\u0101 var pagatavot l\u012bdz pat 1000 litriem m\u0113slo\u0161anas \u0161\u0137\u012bduma, nodro\u0161inot ilgsto\u0161u un ekonomisku m\u0113slo\u0161anu. Ar devu 5 ml uz litru \u016bdens \u0161is produkts nodro\u0161ina \u0101tru bar\u012bbas vielu asimil\u0101ciju un ilgsto\u0161u lieto\u0161anu, vienlaikus samazinot atkritumu daudzumu.<\/p>\n<p><img decoding=\"async\" style=\"margin-right: 12px;\" src=\"https:\/\/www.ferberpainting.com\/wp-content\/uploads\/2026\/02\/Check.svg\" alt=\"\" width=\"18\" height=\"15\" \/><strong>Dro\u0161s un bezriska m\u0113slojums augiem un videi.<\/strong>\u00a0\u0160is m\u0113slojums ir veidots bez agres\u012bv\u0101m \u0137imik\u0101lij\u0101m, t\u0101p\u0113c tas nekait\u0113 sakn\u0113m, augsnei un videi. Tas ir dro\u0161s m\u0101jdz\u012bvniekiem, ja tiek lietots saska\u0146\u0101 ar ieteikumiem, un neizdala toksiskus izgarojumus. Tas veicina saudz\u012bgu un pak\u0101penisku m\u0113slo\u0161anu, t\u0101d\u0113j\u0101di iev\u0113rojot augsnes biolo\u0123isko l\u012bdzsvaru.<\/p>\n<p><img decoding=\"async\" style=\"margin-right: 12px;\" src=\"https:\/\/www.ferberpainting.com\/wp-content\/uploads\/2026\/02\/Check.svg\" alt=\"\" width=\"18\" height=\"15\" \/><strong>Viegla lieto\u0161ana un vienk\u0101r\u0161ota apkope.<\/strong>\u00a0\u0160is \u0161\u0137idrais m\u0113slojums tiek at\u0161\u0137aid\u012bts tie\u0161i laist\u012b\u0161anas \u016bden\u012b, nodro\u0161inot viendab\u012bgu un efekt\u012bvu m\u0113slo\u0161anu bez piep\u016bles. To var lietot ar\u012b k\u0101 lapu smidzin\u0101t\u0101ju, kas nodro\u0161ina \u0101tru bar\u012bbas vielu uzs\u016bk\u0161anos caur lap\u0101m un t\u016bl\u012bt\u0113ju atjaunojo\u0161u iedarb\u012bbu.<\/p>\n<p><img decoding=\"async\" style=\"margin-right: 12px;\" src=\"https:\/\/www.ferberpainting.com\/wp-content\/uploads\/2026\/02\/Check.svg\" alt=\"\" width=\"18\" height=\"15\" \/><strong>Ilgsto\u0161a darb\u012bba nep\u0101rtrauktai izaugsmei.<\/strong>\u00a0\u0160is m\u0113slojums, pateicoties t\u0101 pak\u0101peniskai izklied\u0113\u0161anai, laika gait\u0101 baro fikusus, veicinot harmonisku lapotnes un sak\u0146u att\u012bst\u012bbu. Tas ar\u012b stimul\u0113 mikrobu aktivit\u0101ti augsn\u0113, uzlabojot bar\u012bbas vielu uzs\u016bk\u0161anos un augsnes aer\u0101ciju, kas sekm\u0113 lab\u0101ku visp\u0101r\u0113jo augu vesel\u012bbu.<\/p>\n<p><img decoding=\"async\" style=\"margin-right: 12px;\" src=\"https:\/\/www.ferberpainting.com\/wp-content\/uploads\/2026\/02\/Check.svg\" alt=\"\" width=\"18\" height=\"15\" \/><strong>Redzami rezult\u0101ti jau p\u0113c pirmajiem lieto\u0161anas reiz\u0113m.<\/strong>\u00a0Pirmaj\u0101s ned\u0113\u013c\u0101s p\u0113c lieto\u0161anas \u0161is m\u0113slojums stimul\u0113 jaunu lapu veido\u0161anos, pastiprina lapas kr\u0101su un atjauno v\u0101j\u0101ku fikusu augu vitalit\u0101ti. Tas pal\u012bdz augam atg\u016bt vesel\u012bgu un sul\u012bgu izskatu, kompens\u0113 bar\u012bbas vielu tr\u016bkumu un uzlabo t\u0101 piel\u0101go\u0161anos temperat\u016bras un mitruma izmai\u0146\u0101m.<\/p>\n<h2><strong>Lieto\u0161anas protokols<\/strong><\/h2>\n<ul>\n<li><strong>M\u0113slojuma at\u0161\u0137aid\u012b\u0161ana<\/strong> : Uz 1 litru \u016bdens samaisiet 5 ml m\u0113slojuma. Pirms katras lieto\u0161anas reizes r\u016bp\u012bgi homogeniz\u0113jiet \u0161\u0137\u012bdumu, lai nodro\u0161in\u0101tu optim\u0101lu bar\u012bbas vielu sadal\u012bjumu.<\/li>\n<li><strong>Piem\u0113ro\u0161anas metode<\/strong> :\n<ul>\n<li><strong>Ar laist\u012b\u0161anu <\/strong>: At\u0161\u0137aid\u012bto \u0161\u0137\u012bdumu ielejiet tie\u0161i fikusa pamatn\u0113, nodro\u0161inot vienm\u0113r\u012bgu substr\u0101ta samitrin\u0101\u0161anu bez liek\u0101 \u016bdens daudzuma, lai nov\u0113rstu pies\u0101tin\u0101\u0161anos.<\/li>\n<li><strong>Ar lapotnes smidzin\u0101\u0161anu <\/strong>: Viegli izsmidziniet \u0161\u0137\u012bdumu uz lap\u0101m, p\u0113c lieto\u0161anas izvairoties no tie\u0161as saules gaismas iedarb\u012bbas, lai nov\u0113rstu lapu apdegumus.<\/li>\n<\/ul>\n<\/li>\n<li><strong>Lieto\u0161anas bie\u017eums <\/strong>: Lai nodro\u0161in\u0101tu l\u012bdzsvarotu aug\u0161anu, m\u0113slojumu lieto ik p\u0113c 15 dien\u0101m akt\u012bv\u0101s aug\u0161anas period\u0101 (pavasar\u012b-vasar\u0101) un reizi m\u0113nes\u012b miera period\u0101 (ruden\u012b-ziem\u0101).<\/li>\n<li><strong>Papildu laist\u012b\u0161ana <\/strong>: P\u0113c katras m\u0113slo\u0161anas pirms atk\u0101rtotas laist\u012b\u0161anas pagaidiet 48 stundas, lai optimiz\u0113tu bar\u012bbas vielu uzs\u016bk\u0161anos aug\u0101.<\/li>\n<li><strong>Lieto\u0161anas piesardz\u012bbas pas\u0101kumi <\/strong>: Nep\u0101rsniedziet ieteikt\u0101s devas, lai izvair\u012btos no p\u0101rm\u0113r\u012bgas miner\u0101ls\u0101\u013cu uzkr\u0101\u0161an\u0101s augsn\u0113, kas var\u0113tu kait\u0113t sakn\u0113m. Uzkl\u0101jiet tikai uz nedaudz mitra substr\u0101ta, lai nodro\u0161in\u0101tu lab\u0101ku asimil\u0101ciju.<\/li>\n<li><strong>Uzglab\u0101\u0161ana un konserv\u0113\u0161ana <\/strong>: Uzglab\u0101t m\u0113slojumu saus\u0101 un m\u0113ren\u0101 viet\u0101, prom no gaismas un mitruma. P\u0113c katras lieto\u0161anas reizes cie\u0161i aizveriet trauku, lai saglab\u0101tu produkta kvalit\u0101ti un nov\u0113rstu iztvaiko\u0161anu.<\/li>\n<\/ul>\n<p>Ar \u0161o fikusa m\u0113slojumu nodro\u0161in\u0101siet augam pilnv\u0113rt\u012bgu un sabalans\u0113tu baro\u0161anu, veicinot sp\u0113c\u012bgu att\u012bst\u012bbu, bl\u012bvu lapotni un lab\u0101ku iztur\u012bbu pret \u0101r\u0113jiem apst\u0101k\u013ciem. Tas ir ide\u0101ls risin\u0101jums starojo\u0161iem un vesel\u012bgiem fikusiem visa gada garum\u0101.<\/p>","protected":false},"excerpt":{"rendered":"<p>A complete fertilizer for a healthy ficus.\u00a0This ficus fertilizer is specially designed to provide your plant with the essential nutrients for its growth, resistance, and the radiance of its foliage. Thanks to its\u00a0NPK 15-15-15 composition, it offers a perfect balance between nitrogen (N) to promote leaf development, phosphorus (P) to strengthen the root system, and [&hellip;]<\/p>\n","protected":false},"featured_media":25975,"comment_status":"open","ping_status":"closed","template":"","meta":{"_uag_custom_page_level_css":"","site-sidebar-layout":"default","site-content-layout":"","ast-site-content-layout":"default","site-content-style":"default","site-sidebar-style":"default","ast-global-header-display":"","ast-banner-title-visibility":"","ast-main-header-display":"","ast-hfb-above-header-display":"","ast-hfb-below-header-display":"","ast-hfb-mobile-header-display":"","site-post-title":"","ast-breadcrumbs-content":"","ast-featured-img":"","footer-sml-layout":"","ast-disable-related-posts":"","theme-transparent-header-meta":"default","adv-header-id-meta":"","stick-header-meta":"","header-above-stick-meta":"","header-main-stick-meta":"","header-below-stick-meta":"","astra-migrate-meta-layouts":"set","ast-page-background-enabled":"default","ast-page-background-meta":{"desktop":{"background-color":"var(--ast-global-color-4)","background-image":"","background-repeat":"repeat","background-position":"center center","background-size":"auto","background-attachment":"scroll","background-type":"","background-media":"","overlay-type":"","overlay-color":"","overlay-opacity":"","overlay-gradient":""},"tablet":{"background-color":"","background-image":"","background-repeat":"repeat","background-position":"center center","background-size":"auto","background-attachment":"scroll","background-type":"","background-media":"","overlay-type":"","overlay-color":"","overlay-opacity":"","overlay-gradient":""},"mobile":{"background-color":"","background-image":"","background-repeat":"repeat","background-position":"center center","background-size":"auto","background-attachment":"scroll","background-type":"","background-media":"","overlay-type":"","overlay-color":"","overlay-opacity":"","overlay-gradient":""}},"ast-content-background-meta":{"desktop":{"background-color":"var(--ast-global-color-5)","background-image":"","background-repeat":"repeat","background-position":"center center","background-size":"auto","background-attachment":"scroll","background-type":"","background-media":"","overlay-type":"","overlay-color":"","overlay-opacity":"","overlay-gradient":""},"tablet":{"background-color":"var(--ast-global-color-5)","background-image":"","background-repeat":"repeat","background-position":"center center","background-size":"auto","background-attachment":"scroll","background-type":"","background-media":"","overlay-type":"","overlay-color":"","overlay-opacity":"","overlay-gradient":""},"mobile":{"background-color":"var(--ast-global-color-5)","background-image":"","background-repeat":"repeat","background-position":"center center","background-size":"auto","background-attachment":"scroll","background-type":"","background-media":"","overlay-type":"","overlay-color":"","overlay-opacity":"","overlay-gradient":""}}},"product_brand":[],"product_cat":[178],"product_tag":[],"class_list":{"0":"post-23440","1":"product","2":"type-product","3":"status-publish","4":"has-post-thumbnail","6":"product_cat-fertilizers","7":"desktop-align-left","8":"tablet-align-left","9":"mobile-align-left","11":"first","12":"instock","13":"sale","14":"shipping-taxable","15":"purchasable","16":"product-type-variable","17":"has-default-attributes"},"spectra_custom_meta":{"_visibility":["visible"],"_shopify_product_id":["9062498107637"],"_s2w_shopify_domain":["ferberpainting.myshopify.com"],"_shopify_variant_id":["46489158877429"],"_sku":[""],"_manage_stock":["no"],"total_sales":["14"],"_tax_status":["taxable"],"_tax_class":[""],"_backorders":["no"],"_sold_individually":["no"],"_virtual":["no"],"_downloadable":["no"],"_download_limit":["-1"],"_download_expiry":["-1"],"_stock":[null],"_stock_status":["instock"],"_wc_average_rating":["5.00"],"_wc_review_count":["12"],"_product_attributes":["a:1:{s:6:\"volume\";a:6:{s:4:\"name\";s:6:\"Volume\";s:5:\"value\";s:20:\"5 liters | 25 liters\";s:8:\"position\";i:1;s:10:\"is_visible\";i:0;s:12:\"is_variation\";i:1;s:11:\"is_taxonomy\";i:0;}}"],"_product_version":["10.5.2"],"_thumbnail_id":["25975"],"_product_image_gallery":["25976"],"wpse_downloadable_file_names":[""],"wpse_downloadable_file_urls":[""],"_edit_last":["1"],"_default_attributes":["a:1:{s:6:\"volume\";s:8:\"5 liters\";}"],"_wc_rating_count":["a:1:{i:5;i:12;}"],"_edit_lock":["1771573440:1"],"_price":["29.90","129.90"],"merchant-center-availability":["yes"],"merchant-center-category":["113"],"_wp_page_template":["default"],"site-sidebar-layout":["default"],"ast-site-content-layout":["default"],"site-content-style":["default"],"site-sidebar-style":["default"],"theme-transparent-header-meta":["default"],"astra-migrate-meta-layouts":["set"],"_uag_css_file_name":["uag-css-23440.css"],"_elementor_page_assets":["a:0:{}"],"_uag_page_assets":["a:9:{s:3:\"css\";s:6873:\".wp-block-uagb-image{display:flex}.wp-block-uagb-image__figure{position:relative;display:flex;flex-direction:column;max-width:100%;height:auto;margin:0}.wp-block-uagb-image__figure img{height:auto;display:flex;max-width:100%;transition:box-shadow .2s ease}.wp-block-uagb-image__figure>a{display:inline-block}.wp-block-uagb-image__figure figcaption{text-align:center;margin-top:.5em;margin-bottom:1em}.wp-block-uagb-image .components-placeholder.block-editor-media-placeholder .components-placeholder__instructions{align-self:center}.wp-block-uagb-image--align-left{text-align:left}.wp-block-uagb-image--align-right{text-align:right}.wp-block-uagb-image--align-center{text-align:center}.wp-block-uagb-image--align-full .wp-block-uagb-image__figure{margin-left:calc(50% - 50vw);margin-right:calc(50% - 50vw);max-width:100vw;width:100vw;height:auto}.wp-block-uagb-image--align-full .wp-block-uagb-image__figure img{height:auto;width:100% !important}.wp-block-uagb-image--align-wide .wp-block-uagb-image__figure img{height:auto;width:100%}.wp-block-uagb-image--layout-overlay__color-wrapper{position:absolute;left:0;top:0;right:0;bottom:0;opacity:.2;background:rgba(0,0,0,.5);transition:opacity .35s ease-in-out}.wp-block-uagb-image--layout-overlay-link{position:absolute;left:0;right:0;bottom:0;top:0}.wp-block-uagb-image--layout-overlay .wp-block-uagb-image__figure:hover .wp-block-uagb-image--layout-overlay__color-wrapper{opacity:1}.wp-block-uagb-image--layout-overlay__inner{position:absolute;left:15px;right:15px;bottom:15px;top:15px;display:flex;align-items:center;justify-content:center;flex-direction:column;border-color:#fff;transition:.35s ease-in-out}.wp-block-uagb-image--layout-overlay__inner.top-left,.wp-block-uagb-image--layout-overlay__inner.top-center,.wp-block-uagb-image--layout-overlay__inner.top-right{justify-content:flex-start}.wp-block-uagb-image--layout-overlay__inner.bottom-left,.wp-block-uagb-image--layout-overlay__inner.bottom-center,.wp-block-uagb-image--layout-overlay__inner.bottom-right{justify-content:flex-end}.wp-block-uagb-image--layout-overlay__inner.top-left,.wp-block-uagb-image--layout-overlay__inner.center-left,.wp-block-uagb-image--layout-overlay__inner.bottom-left{align-items:flex-start}.wp-block-uagb-image--layout-overlay__inner.top-right,.wp-block-uagb-image--layout-overlay__inner.center-right,.wp-block-uagb-image--layout-overlay__inner.bottom-right{align-items:flex-end}.wp-block-uagb-image--layout-overlay__inner .uagb-image-heading{color:#fff;transition:transform .35s,opacity .35s ease-in-out;transform:translate3d(0, 24px, 0);margin:0;line-height:1em}.wp-block-uagb-image--layout-overlay__inner .uagb-image-separator{width:30%;border-top-width:2px;border-top-color:#fff;border-top-style:solid;margin-bottom:10px;opacity:0;transition:transform .4s,opacity .4s ease-in-out;transform:translate3d(0, 30px, 0)}.wp-block-uagb-image--layout-overlay__inner .uagb-image-caption{opacity:0;overflow:visible;color:#fff;transition:transform .45s,opacity .45s ease-in-out;transform:translate3d(0, 35px, 0)}.wp-block-uagb-image--layout-overlay__inner:hover .uagb-image-heading,.wp-block-uagb-image--layout-overlay__inner:hover .uagb-image-separator,.wp-block-uagb-image--layout-overlay__inner:hover .uagb-image-caption{opacity:1;transform:translate3d(0, 0, 0)}.wp-block-uagb-image--effect-zoomin .wp-block-uagb-image__figure img,.wp-block-uagb-image--effect-zoomin .wp-block-uagb-image__figure .wp-block-uagb-image--layout-overlay__color-wrapper{transform:scale(1);transition:transform .35s ease-in-out}.wp-block-uagb-image--effect-zoomin .wp-block-uagb-image__figure:hover img,.wp-block-uagb-image--effect-zoomin .wp-block-uagb-image__figure:hover .wp-block-uagb-image--layout-overlay__color-wrapper{transform:scale(1.05)}.wp-block-uagb-image--effect-slide .wp-block-uagb-image__figure img,.wp-block-uagb-image--effect-slide .wp-block-uagb-image__figure .wp-block-uagb-image--layout-overlay__color-wrapper{width:calc(100% + 40px) !important;max-width:none !important;transform:translate3d(-40px, 0, 0);transition:transform .35s ease-in-out}.wp-block-uagb-image--effect-slide .wp-block-uagb-image__figure:hover img,.wp-block-uagb-image--effect-slide .wp-block-uagb-image__figure:hover .wp-block-uagb-image--layout-overlay__color-wrapper{transform:translate3d(0, 0, 0)}.wp-block-uagb-image--effect-grayscale img{filter:grayscale(0%);transition:.35s ease-in-out}.wp-block-uagb-image--effect-grayscale:hover img{filter:grayscale(100%)}.wp-block-uagb-image--effect-blur img{filter:blur(0);transition:.35s ease-in-out}.wp-block-uagb-image--effect-blur:hover img{filter:blur(3px)}.uagb-block-e6f939b3.wp-block-uagb-image--layout-default figure img{box-shadow: 0px 0px 0 #00000070;}.uagb-block-e6f939b3.wp-block-uagb-image .wp-block-uagb-image__figure figcaption{font-style: normal;align-self: center;}.uagb-block-e6f939b3.wp-block-uagb-image--layout-overlay figure img{box-shadow: 0px 0px 0 #00000070;}.uagb-block-e6f939b3.wp-block-uagb-image--layout-overlay .wp-block-uagb-image--layout-overlay__color-wrapper{opacity: 0.2;}.uagb-block-e6f939b3.wp-block-uagb-image--layout-overlay .wp-block-uagb-image--layout-overlay__inner{left: 15px;right: 15px;top: 15px;bottom: 15px;}.uagb-block-e6f939b3.wp-block-uagb-image--layout-overlay .wp-block-uagb-image--layout-overlay__inner .uagb-image-heading{font-style: normal;color: #fff;opacity: 1;}.uagb-block-e6f939b3.wp-block-uagb-image--layout-overlay .wp-block-uagb-image--layout-overlay__inner .uagb-image-heading a{color: #fff;}.uagb-block-e6f939b3.wp-block-uagb-image--layout-overlay .wp-block-uagb-image--layout-overlay__inner .uagb-image-caption{opacity: 0;}.uagb-block-e6f939b3.wp-block-uagb-image--layout-overlay .wp-block-uagb-image__figure:hover .wp-block-uagb-image--layout-overlay__color-wrapper{opacity: 1;}.uagb-block-e6f939b3.wp-block-uagb-image .wp-block-uagb-image--layout-overlay__inner .uagb-image-separator{width: 30%;border-top-width: 2px;border-top-color: #fff;opacity: 0;}.uagb-block-e6f939b3.wp-block-uagb-image .wp-block-uagb-image__figure img{width: px;height: auto;}.uagb-block-e6f939b3.wp-block-uagb-image .wp-block-uagb-image__figure:hover .wp-block-uagb-image--layout-overlay__inner .uagb-image-caption{opacity: 1;}.uagb-block-e6f939b3.wp-block-uagb-image .wp-block-uagb-image__figure:hover .wp-block-uagb-image--layout-overlay__inner .uagb-image-separator{opacity: 1;}.uagb-block-e6f939b3.wp-block-uagb-image--layout-default figure:hover img{box-shadow: 0px 0px 0 #00000070;}.uagb-block-e6f939b3.wp-block-uagb-image--layout-overlay figure:hover img{box-shadow: 0px 0px 0 #00000070;}@media only screen and (max-width: 976px) {.uagb-block-e6f939b3.wp-block-uagb-image .wp-block-uagb-image__figure img{width: px;height: auto;}}@media only screen and (max-width: 767px) {.uagb-block-e6f939b3.wp-block-uagb-image .wp-block-uagb-image__figure img{width: px;height: auto;}}\";s:2:\"js\";s:0:\"\";s:18:\"current_block_list\";a:13:{i:0;s:11:\"core\/search\";i:1;s:10:\"core\/group\";i:2;s:12:\"core\/heading\";i:3;s:17:\"core\/latest-posts\";i:4;s:20:\"core\/latest-comments\";i:5;s:13:\"core\/archives\";i:6;s:15:\"core\/categories\";i:7;s:14:\"core\/paragraph\";i:8;s:10:\"uagb\/image\";i:9;s:11:\"core\/spacer\";i:10;s:30:\"woocommerce\/product-categories\";i:11;s:10:\"core\/image\";i:12;s:14:\"core\/shortcode\";}s:8:\"uag_flag\";b:1;s:11:\"uag_version\";s:10:\"1777036022\";s:6:\"gfonts\";a:0:{}s:10:\"gfonts_url\";s:0:\"\";s:12:\"gfonts_files\";a:0:{}s:14:\"uag_faq_layout\";b:0;}"]},"uagb_featured_image_src":{"full":["https:\/\/www.ferberpainting.com\/wp-content\/uploads\/2025\/05\/FicusFertilizer5L.png",2560,2560,false],"thumbnail":["https:\/\/www.ferberpainting.com\/wp-content\/uploads\/2025\/05\/FicusFertilizer5L-150x150.png",150,150,true],"medium":["https:\/\/www.ferberpainting.com\/wp-content\/uploads\/2025\/05\/FicusFertilizer5L-300x300.png",300,300,true],"medium_large":["https:\/\/www.ferberpainting.com\/wp-content\/uploads\/2025\/05\/FicusFertilizer5L-768x768.png",768,768,true],"large":["https:\/\/www.ferberpainting.com\/wp-content\/uploads\/2025\/05\/FicusFertilizer5L-1024x1024.png",1024,1024,true],"1536x1536":["https:\/\/www.ferberpainting.com\/wp-content\/uploads\/2025\/05\/FicusFertilizer5L-1536x1536.png",1536,1536,true],"2048x2048":["https:\/\/www.ferberpainting.com\/wp-content\/uploads\/2025\/05\/FicusFertilizer5L-2048x2048.png",2048,2048,true],"trp-custom-language-flag":["https:\/\/www.ferberpainting.com\/wp-content\/uploads\/2025\/05\/FicusFertilizer5L-12x12.png",12,12,true],"woocommerce_thumbnail":["https:\/\/www.ferberpainting.com\/wp-content\/uploads\/2025\/05\/FicusFertilizer5L-300x300.png",300,300,true],"woocommerce_single":["https:\/\/www.ferberpainting.com\/wp-content\/uploads\/2025\/05\/FicusFertilizer5L-600x600.png",600,600,true],"woocommerce_gallery_thumbnail":["https:\/\/www.ferberpainting.com\/wp-content\/uploads\/2025\/05\/FicusFertilizer5L-100x100.png",100,100,true]},"uagb_author_info":{"display_name":"admin","author_link":"https:\/\/www.ferberpainting.com\/lv\/author\/"},"uagb_comment_info":12,"uagb_excerpt":"A complete fertilizer for a healthy ficus.\u00a0This ficus fertilizer is specially designed to provide your plant with the essential nutrients for its growth, resistance, and the radiance of its foliage. Thanks to its\u00a0NPK 15-15-15 composition, it offers a perfect balance between nitrogen (N) to promote leaf development, phosphorus (P) to strengthen the root system, and&hellip;","_links":{"self":[{"href":"https:\/\/www.ferberpainting.com\/lv\/wp-json\/wp\/v2\/product\/23440","targetHints":{"allow":["GET"]}}],"collection":[{"href":"https:\/\/www.ferberpainting.com\/lv\/wp-json\/wp\/v2\/product"}],"about":[{"href":"https:\/\/www.ferberpainting.com\/lv\/wp-json\/wp\/v2\/types\/product"}],"replies":[{"embeddable":true,"href":"https:\/\/www.ferberpainting.com\/lv\/wp-json\/wp\/v2\/comments?post=23440"}],"version-history":[{"count":6,"href":"https:\/\/www.ferberpainting.com\/lv\/wp-json\/wp\/v2\/product\/23440\/revisions"}],"predecessor-version":[{"id":170587,"href":"https:\/\/www.ferberpainting.com\/lv\/wp-json\/wp\/v2\/product\/23440\/revisions\/170587"}],"wp:featuredmedia":[{"embeddable":true,"href":"https:\/\/www.ferberpainting.com\/lv\/wp-json\/wp\/v2\/media\/25975"}],"wp:attachment":[{"href":"https:\/\/www.ferberpainting.com\/lv\/wp-json\/wp\/v2\/media?parent=23440"}],"wp:term":[{"taxonomy":"product_brand","embeddable":true,"href":"https:\/\/www.ferberpainting.com\/lv\/wp-json\/wp\/v2\/product_brand?post=23440"},{"taxonomy":"product_cat","embeddable":true,"href":"https:\/\/www.ferberpainting.com\/lv\/wp-json\/wp\/v2\/product_cat?post=23440"},{"taxonomy":"product_tag","embeddable":true,"href":"https:\/\/www.ferberpainting.com\/lv\/wp-json\/wp\/v2\/product_tag?post=23440"}],"curies":[{"name":"wp","href":"https:\/\/api.w.org\/{rel}","templated":true}]}}