{"id":23437,"date":"2025-05-26T10:24:06","date_gmt":"2025-05-26T08:24:06","guid":{"rendered":"https:\/\/www.ferberpainting.com\/products\/facade-water-repellent\/"},"modified":"2026-02-15T14:06:43","modified_gmt":"2026-02-15T13:06:43","slug":"facade-water-repellent","status":"publish","type":"product","link":"https:\/\/www.ferberpainting.com\/lv\/products\/facade-water-repellent\/","title":{"rendered":"\u016adeni atgr\u016bdo\u0161a fas\u0101des apstr\u0101de"},"content":{"rendered":"<p><img decoding=\"async\" style=\"margin-right: 12px;\" src=\"https:\/\/www.ferberpainting.com\/wp-content\/uploads\/2026\/02\/Check.svg\" alt=\"\" width=\"18\" height=\"15\" \/><strong>Aizsarg\u0101jiet savu fas\u0101di no lietus un mitruma iek\u013c\u016b\u0161anas.<\/strong> M\u016bsu fas\u0101des \u016bdensnecaurlaid\u012bgais l\u012bdzeklis ir \u012bpa\u0161i izstr\u0101d\u0101ts, lai izveidotu neredzamu hidrofobu barjeru, kas ne\u013cauj lietus \u016bdenim iek\u013c\u016bt \u0101rsien\u0101s. Tas samazina \u016bdens uzs\u016bk\u0161anos, vienlaikus saglab\u0101jot m\u016bra virsmu dabisko izskatu, pal\u012bdzot aizsarg\u0101t \u0113kas no ilgtermi\u0146a mitruma rad\u012btiem boj\u0101jumiem.<\/p>\n<p><strong><img decoding=\"async\" style=\"margin-right: 12px;\" src=\"https:\/\/www.ferberpainting.com\/wp-content\/uploads\/2026\/02\/Check.svg\" alt=\"\" width=\"18\" height=\"15\" \/>Visefekt\u012bv\u0101k\u0101 \u016bdensnecaurlaid\u012bg\u0101 apstr\u0101de tirg\u016b.<\/strong> \u0160\u012b formula, kas izstr\u0101d\u0101ta, izmantojot modernu iek\u013c\u016b\u0161anas tehnolo\u0123iju, dzi\u013ci ies\u016bcas porainos substr\u0101tos un \u0137\u012bmiski saist\u0101s ar materi\u0101lu. At\u0161\u0137ir\u012bb\u0101 no virsmas herm\u0113ti\u0137iem, kas veido redzamas pl\u0113ves, tas nodro\u0161ina iek\u0161\u0113jo aizsardz\u012bbu, kas efekt\u012bvi atgr\u016b\u017e \u016bdeni, vienlaikus saglab\u0101jot elpojam\u012bbu.<\/p>\n<p><strong><img decoding=\"async\" style=\"margin-right: 12px;\" src=\"https:\/\/www.ferberpainting.com\/wp-content\/uploads\/2026\/02\/Check.svg\" alt=\"\" width=\"18\" height=\"15\" \/>Naudas atmaksas garantija piln\u012bgam sirdsmieram.<\/strong> M\u0113s esam piln\u012bb\u0101 p\u0101rliecin\u0101ti par m\u016bsu fas\u0101des \u016bdensnecaurlaid\u012bg\u0101 l\u012bdzek\u013ca veiktsp\u0113ju. Ja j\u016bs neb\u016bsiet piln\u012bb\u0101 apmierin\u0101ts ar rezult\u0101tiem, m\u0113s atmaks\u0101sim naudu par pirkumu. M\u016bsu naudas atmaksas garantija nodro\u0161ina, ka j\u016bsu ieguld\u012bjums ir piln\u012bgi bez riska, un atspogu\u013co m\u016bsu ap\u0146em\u0161anos nodro\u0161in\u0101t profesion\u0101las kvalit\u0101tes uzticam\u012bbu.<\/p>\n<p><strong><img decoding=\"async\" style=\"margin-right: 12px;\" src=\"https:\/\/www.ferberpainting.com\/wp-content\/uploads\/2026\/02\/Check.svg\" alt=\"\" width=\"18\" height=\"15\" \/>L\u0113t\u0101k\u0101 pieejam\u0101 augstas veiktsp\u0113jas fas\u0101des aizsardz\u012bba.<\/strong> Ilgtermi\u0146a aizsardz\u012bbai pret mitrumu nav nepiecie\u0161ama d\u0101rga apstr\u0101de. M\u016bsu \u016bdens atgr\u016bdo\u0161ais l\u012bdzeklis pied\u0101v\u0101 augst\u0101k\u0101s kvalit\u0101tes aizsardz\u012bbu par viskonkur\u0113tsp\u0113j\u012bg\u0101ko cenu tirg\u016b, nodro\u0161inot izcilu v\u0113rt\u012bbu m\u0101ju \u012bpa\u0161niekiem, b\u016bvuz\u0146\u0113m\u0113jiem un \u012bpa\u0161umu p\u0101rvald\u012bt\u0101jiem.<\/p>\n<p><strong><img decoding=\"async\" style=\"margin-right: 12px;\" src=\"https:\/\/www.ferberpainting.com\/wp-content\/uploads\/2026\/02\/Check.svg\" alt=\"\" width=\"18\" height=\"15\" \/>\u0100tra pieg\u0101de 24 stundu laik\u0101 steidzamai \u0101r\u0113jai aizsardz\u012bbai.<\/strong> Laikapst\u0101k\u013cu iedarb\u012bba var \u0101tri saboj\u0101t neaizsarg\u0101tas virsmas. T\u0101p\u0113c m\u0113s pied\u0101v\u0101jam uzticamu pieg\u0101di 24 stundas diennakt\u012b, nodro\u0161inot, ka j\u016bsu produkts tiek pieg\u0101d\u0101ts \u0101tri, lai j\u016bs var\u0113tu nekav\u0113joties aizsarg\u0101t savu fas\u0101di.<\/p>\n<p><strong><img decoding=\"async\" style=\"margin-right: 12px;\" src=\"https:\/\/www.ferberpainting.com\/wp-content\/uploads\/2026\/02\/Check.svg\" alt=\"\" width=\"18\" height=\"15\" \/>L\u012bdz 10 m\u00b2 p\u0101rkl\u0101jums uz litru efekt\u012bvai pl\u0101no\u0161anai.<\/strong> Viens litrs apstr\u0101d\u0101 l\u012bdz 10 kvadr\u0101tmetriem, \u013caujot prec\u012bzi nov\u0113rt\u0113t projektu un ekonomiski izmantot. \u0160is noteiktais p\u0101rkl\u0101jums nodro\u0161ina pareizu pies\u0101tin\u0101jumu un optim\u0101lu hidrofobiju.<\/p>\n<p><strong><img decoding=\"async\" style=\"margin-right: 12px;\" src=\"https:\/\/www.ferberpainting.com\/wp-content\/uploads\/2026\/02\/Check.svg\" alt=\"\" width=\"18\" height=\"15\" \/>Saglab\u0101 dabisku virsmu izskatu.<\/strong> Apstr\u0101de iek\u013c\u016bst substr\u0101t\u0101, neveidojot redzamu pl\u0113vi. Pareizi uzkl\u0101ta, t\u0101 b\u016btiski nemaina kr\u0101su vai fakt\u016bru, saglab\u0101jot \u0137ie\u0123e\u013cu, akmens vai betona fas\u0101\u017eu s\u0101kotn\u0113jo est\u0113tiku.<\/p>\n<p><strong><img decoding=\"async\" style=\"margin-right: 12px;\" src=\"https:\/\/www.ferberpainting.com\/wp-content\/uploads\/2026\/02\/Check.svg\" alt=\"\" width=\"18\" height=\"15\" \/>\u013bauj sien\u0101m elpot, vienlaikus atgr\u016bdot \u016bdeni.<\/strong> Elpojo\u0161ais sast\u0101vs \u013cauj \u016bdens tvaiku dif\u016bziju no \u0113kas iek\u0161puses, vienlaikus blo\u0137\u0113jot \u0161\u0137idr\u0101 \u016bdens iek\u013c\u016b\u0161anu. \u0160is l\u012bdzsvars pal\u012bdz samazin\u0101t kondens\u0101cijas probl\u0113mas un iek\u0161\u0113jo mitrumu.<\/p>\n<p><strong><img decoding=\"async\" style=\"margin-right: 12px;\" src=\"https:\/\/www.ferberpainting.com\/wp-content\/uploads\/2026\/02\/Check.svg\" alt=\"\" width=\"18\" height=\"15\" \/>Samazina sasal\u0161anas un atku\u0161\u0146a rad\u012btos boj\u0101jumus un izskalojumus.<\/strong> Ierobe\u017eojot \u016bdens uzs\u016bk\u0161anos, produkts samazina sasal\u0161anas un atku\u0161\u0146a ciklu rad\u012bto plaisu risku un samazina s\u0101ls nogulsnes, kas bie\u017ei par\u0101d\u0101s uz m\u016bra virsm\u0101m.<\/p>\n<p><strong><img decoding=\"async\" style=\"margin-right: 12px;\" src=\"https:\/\/www.ferberpainting.com\/wp-content\/uploads\/2026\/02\/Check.svg\" alt=\"\" width=\"18\" height=\"15\" \/>Piem\u0113rots da\u017e\u0101diem \u0101r\u0113jiem materi\u0101liem.<\/strong> \u0160is \u016bdens atgr\u016bdo\u0161ais l\u012bdzeklis ir sader\u012bgs ar \u0137ie\u0123e\u013ciem, dab\u012bgo akmeni, betonu, cementa apmetumu un citiem porainiem miner\u0101lu substr\u0101tiem, t\u0101p\u0113c tas ir ide\u0101li piem\u0113rots dz\u012bvojamo, komerci\u0101lo un v\u0113sturisko \u0113ku b\u016bvniec\u012bbai.<\/p>\n<h2><strong>Instrukcijas<\/strong><\/h2>\n<ul>\n<li>Pirms uzkl\u0101\u0161anas p\u0101rliecinieties, ka fas\u0101des virsma ir t\u012bra, sausa un bez putek\u013ciem, a\u013c\u0123\u0113m, s\u016bn\u0101m vai va\u013c\u012bg\u0101m da\u013ci\u0146\u0101m.<\/li>\n<li>Ja nepiecie\u0161ams, r\u016bp\u012bgi not\u012briet virsmu un pirms apstr\u0101des \u013caujiet tai piln\u012bb\u0101 no\u017e\u016bt.<\/li>\n<li>Pasarg\u0101jiet tuvum\u0101 eso\u0161os logus, augus un neporainas virsmas no p\u0101rkl\u0101\u0161an\u0101s.<\/li>\n<li>Pirms lieto\u0161anas produktu r\u016bp\u012bgi sakratiet vai samaisiet, lai nodro\u0161in\u0101tu viendab\u012bgu konsistenci.<\/li>\n<li>Ar zemspiediena smidzin\u0101t\u0101ju, rull\u012bti vai otu uzkl\u0101jiet vienm\u0113r\u012bgi, nodro\u0161inot piln\u012bgu virsmas pies\u0101tin\u0101jumu.<\/li>\n<li>Iev\u0113rojiet ieteicamo p\u0101rkl\u0101juma normu l\u012bdz 10 m\u00b2 uz litru. Tas atbilst aptuveni 100 ml uz kvadr\u0101tmetru atkar\u012bb\u0101 no pamatnes porain\u012bbas.<\/li>\n<li>Uzkl\u0101jiet no apak\u0161as uz aug\u0161u uz vertik\u0101l\u0101m virsm\u0101m, lai izvair\u012btos no sv\u012btru veido\u0161an\u0101s un nodro\u0161in\u0101tu vienm\u0113r\u012bgu iespie\u0161anos.<\/li>\n<li>\u013baujiet produktam piln\u012bb\u0101 ies\u016bkties pamatn\u0113. Izvairieties no p\u0101rm\u0113r\u012bgu atlikumu atst\u0101\u0161anas uz virsmas.<\/li>\n<li>Ja materi\u0101ls ir \u013coti porains, otro k\u0101rtu var uzkl\u0101t, kam\u0113r pirmais p\u0101rkl\u0101jums v\u0113l ir nedaudz mitrs.<\/li>\n<li>Lai nodro\u0161in\u0101tu optim\u0101lu uzs\u016bk\u0161anos un saciet\u0113\u0161anu, izvairieties no uzkl\u0101\u0161anas lietus, stipra v\u0113ja vai ekstrem\u0101lu temperat\u016bru laik\u0101.<\/li>\n<li>\u013baujiet virsmai piln\u012bb\u0101 iz\u017e\u016bt, pirms t\u0101 tiek pak\u013cauta sp\u0113c\u012bgam lietum.<\/li>\n<li>P\u0113c lieto\u0161anas nekav\u0113joties not\u012briet instrumentus un uzglab\u0101jiet trauku cie\u0161i nosl\u0113gtu v\u0113s\u0101, saus\u0101 viet\u0101, prom no tie\u0161iem saules stariem un sala.<\/li>\n<\/ul>","protected":false},"excerpt":{"rendered":"<p>Protect your facade from rain and moisture penetration. Our facade water repellent is specially formulated to create an invisible hydrophobic barrier that prevents rainwater from penetrating exterior walls. It reduces water absorption while preserving the natural appearance of masonry surfaces, helping to protect buildings from long-term moisture damage. The most effective water-repellent treatment on the [&hellip;]<\/p>\n","protected":false},"featured_media":25973,"comment_status":"open","ping_status":"closed","template":"","meta":{"_uag_custom_page_level_css":"","site-sidebar-layout":"default","site-content-layout":"","ast-site-content-layout":"default","site-content-style":"default","site-sidebar-style":"default","ast-global-header-display":"","ast-banner-title-visibility":"","ast-main-header-display":"","ast-hfb-above-header-display":"","ast-hfb-below-header-display":"","ast-hfb-mobile-header-display":"","site-post-title":"","ast-breadcrumbs-content":"","ast-featured-img":"","footer-sml-layout":"","ast-disable-related-posts":"","theme-transparent-header-meta":"default","adv-header-id-meta":"","stick-header-meta":"","header-above-stick-meta":"","header-main-stick-meta":"","header-below-stick-meta":"","astra-migrate-meta-layouts":"set","ast-page-background-enabled":"default","ast-page-background-meta":{"desktop":{"background-color":"var(--ast-global-color-4)","background-image":"","background-repeat":"repeat","background-position":"center center","background-size":"auto","background-attachment":"scroll","background-type":"","background-media":"","overlay-type":"","overlay-color":"","overlay-opacity":"","overlay-gradient":""},"tablet":{"background-color":"","background-image":"","background-repeat":"repeat","background-position":"center center","background-size":"auto","background-attachment":"scroll","background-type":"","background-media":"","overlay-type":"","overlay-color":"","overlay-opacity":"","overlay-gradient":""},"mobile":{"background-color":"","background-image":"","background-repeat":"repeat","background-position":"center center","background-size":"auto","background-attachment":"scroll","background-type":"","background-media":"","overlay-type":"","overlay-color":"","overlay-opacity":"","overlay-gradient":""}},"ast-content-background-meta":{"desktop":{"background-color":"var(--ast-global-color-5)","background-image":"","background-repeat":"repeat","background-position":"center center","background-size":"auto","background-attachment":"scroll","background-type":"","background-media":"","overlay-type":"","overlay-color":"","overlay-opacity":"","overlay-gradient":""},"tablet":{"background-color":"var(--ast-global-color-5)","background-image":"","background-repeat":"repeat","background-position":"center center","background-size":"auto","background-attachment":"scroll","background-type":"","background-media":"","overlay-type":"","overlay-color":"","overlay-opacity":"","overlay-gradient":""},"mobile":{"background-color":"var(--ast-global-color-5)","background-image":"","background-repeat":"repeat","background-position":"center center","background-size":"auto","background-attachment":"scroll","background-type":"","background-media":"","overlay-type":"","overlay-color":"","overlay-opacity":"","overlay-gradient":""}}},"product_brand":[],"product_cat":[191],"product_tag":[],"class_list":{"0":"post-23437","1":"product","2":"type-product","3":"status-publish","4":"has-post-thumbnail","6":"product_cat-water-repellent","7":"desktop-align-left","8":"tablet-align-left","9":"mobile-align-left","11":"first","12":"instock","13":"sale","14":"taxable","15":"shipping-taxable","16":"purchasable","17":"product-type-variable","18":"has-default-attributes"},"spectra_custom_meta":{"_visibility":["visible"],"_shopify_product_id":["7949644562677"],"_s2w_shopify_domain":["ferberpainting.myshopify.com"],"_shopify_variant_id":["43499404853493"],"_sku":[""],"_manage_stock":["no"],"total_sales":["25"],"_tax_status":["taxable"],"_tax_class":[""],"_backorders":["no"],"_sold_individually":["no"],"_virtual":["no"],"_downloadable":["no"],"_download_limit":["-1"],"_download_expiry":["-1"],"_stock":[null],"_stock_status":["instock"],"_wc_average_rating":["4.90"],"_wc_review_count":["49"],"_product_attributes":["a:1:{s:6:\"volume\";a:6:{s:4:\"name\";s:6:\"Volume\";s:5:\"value\";s:20:\"5 liters | 25 liters\";s:8:\"position\";i:1;s:10:\"is_visible\";i:0;s:12:\"is_variation\";i:1;s:11:\"is_taxonomy\";i:0;}}"],"_product_version":["10.5.1"],"_thumbnail_id":["25973"],"_price":["29.90","99.90"],"_product_image_gallery":["25974"],"merchant-center-availability":["yes"],"merchant-center-category":["503744"],"merchant-center-id":["FWR"],"wpse_downloadable_file_names":[""],"wpse_downloadable_file_urls":[""],"_edit_last":["1"],"_default_attributes":["a:1:{s:6:\"volume\";s:8:\"5 liters\";}"],"_wc_rating_count":["a:2:{i:4;i:5;i:5;i:44;}"],"_edit_lock":["1771160713:1"],"_wp_page_template":["default"],"site-sidebar-layout":["default"],"ast-site-content-layout":["default"],"site-content-style":["default"],"site-sidebar-style":["default"],"theme-transparent-header-meta":["default"],"astra-migrate-meta-layouts":["set"],"_uag_css_file_name":["uag-css-23437.css"],"_elementor_page_assets":["a:0:{}"],"_uag_page_assets":["a:9:{s:3:\"css\";s:7133:\".uag-blocks-common-selector{z-index:var(--z-index-desktop) !important}@media(max-width: 976px){.uag-blocks-common-selector{z-index:var(--z-index-tablet) !important}}@media(max-width: 767px){.uag-blocks-common-selector{z-index:var(--z-index-mobile) !important}}.wp-block-uagb-image{display:flex}.wp-block-uagb-image__figure{position:relative;display:flex;flex-direction:column;max-width:100%;height:auto;margin:0}.wp-block-uagb-image__figure img{height:auto;display:flex;max-width:100%;transition:box-shadow .2s ease}.wp-block-uagb-image__figure>a{display:inline-block}.wp-block-uagb-image__figure figcaption{text-align:center;margin-top:.5em;margin-bottom:1em}.wp-block-uagb-image .components-placeholder.block-editor-media-placeholder .components-placeholder__instructions{align-self:center}.wp-block-uagb-image--align-left{text-align:left}.wp-block-uagb-image--align-right{text-align:right}.wp-block-uagb-image--align-center{text-align:center}.wp-block-uagb-image--align-full .wp-block-uagb-image__figure{margin-left:calc(50% - 50vw);margin-right:calc(50% - 50vw);max-width:100vw;width:100vw;height:auto}.wp-block-uagb-image--align-full .wp-block-uagb-image__figure img{height:auto;width:100% !important}.wp-block-uagb-image--align-wide .wp-block-uagb-image__figure img{height:auto;width:100%}.wp-block-uagb-image--layout-overlay__color-wrapper{position:absolute;left:0;top:0;right:0;bottom:0;opacity:.2;background:rgba(0,0,0,.5);transition:opacity .35s ease-in-out}.wp-block-uagb-image--layout-overlay-link{position:absolute;left:0;right:0;bottom:0;top:0}.wp-block-uagb-image--layout-overlay .wp-block-uagb-image__figure:hover .wp-block-uagb-image--layout-overlay__color-wrapper{opacity:1}.wp-block-uagb-image--layout-overlay__inner{position:absolute;left:15px;right:15px;bottom:15px;top:15px;display:flex;align-items:center;justify-content:center;flex-direction:column;border-color:#fff;transition:.35s ease-in-out}.wp-block-uagb-image--layout-overlay__inner.top-left,.wp-block-uagb-image--layout-overlay__inner.top-center,.wp-block-uagb-image--layout-overlay__inner.top-right{justify-content:flex-start}.wp-block-uagb-image--layout-overlay__inner.bottom-left,.wp-block-uagb-image--layout-overlay__inner.bottom-center,.wp-block-uagb-image--layout-overlay__inner.bottom-right{justify-content:flex-end}.wp-block-uagb-image--layout-overlay__inner.top-left,.wp-block-uagb-image--layout-overlay__inner.center-left,.wp-block-uagb-image--layout-overlay__inner.bottom-left{align-items:flex-start}.wp-block-uagb-image--layout-overlay__inner.top-right,.wp-block-uagb-image--layout-overlay__inner.center-right,.wp-block-uagb-image--layout-overlay__inner.bottom-right{align-items:flex-end}.wp-block-uagb-image--layout-overlay__inner .uagb-image-heading{color:#fff;transition:transform .35s,opacity .35s ease-in-out;transform:translate3d(0, 24px, 0);margin:0;line-height:1em}.wp-block-uagb-image--layout-overlay__inner .uagb-image-separator{width:30%;border-top-width:2px;border-top-color:#fff;border-top-style:solid;margin-bottom:10px;opacity:0;transition:transform .4s,opacity .4s ease-in-out;transform:translate3d(0, 30px, 0)}.wp-block-uagb-image--layout-overlay__inner .uagb-image-caption{opacity:0;overflow:visible;color:#fff;transition:transform .45s,opacity .45s ease-in-out;transform:translate3d(0, 35px, 0)}.wp-block-uagb-image--layout-overlay__inner:hover .uagb-image-heading,.wp-block-uagb-image--layout-overlay__inner:hover .uagb-image-separator,.wp-block-uagb-image--layout-overlay__inner:hover .uagb-image-caption{opacity:1;transform:translate3d(0, 0, 0)}.wp-block-uagb-image--effect-zoomin .wp-block-uagb-image__figure img,.wp-block-uagb-image--effect-zoomin .wp-block-uagb-image__figure .wp-block-uagb-image--layout-overlay__color-wrapper{transform:scale(1);transition:transform .35s ease-in-out}.wp-block-uagb-image--effect-zoomin .wp-block-uagb-image__figure:hover img,.wp-block-uagb-image--effect-zoomin .wp-block-uagb-image__figure:hover .wp-block-uagb-image--layout-overlay__color-wrapper{transform:scale(1.05)}.wp-block-uagb-image--effect-slide .wp-block-uagb-image__figure img,.wp-block-uagb-image--effect-slide .wp-block-uagb-image__figure .wp-block-uagb-image--layout-overlay__color-wrapper{width:calc(100% + 40px) !important;max-width:none !important;transform:translate3d(-40px, 0, 0);transition:transform .35s ease-in-out}.wp-block-uagb-image--effect-slide .wp-block-uagb-image__figure:hover img,.wp-block-uagb-image--effect-slide .wp-block-uagb-image__figure:hover .wp-block-uagb-image--layout-overlay__color-wrapper{transform:translate3d(0, 0, 0)}.wp-block-uagb-image--effect-grayscale img{filter:grayscale(0%);transition:.35s ease-in-out}.wp-block-uagb-image--effect-grayscale:hover img{filter:grayscale(100%)}.wp-block-uagb-image--effect-blur img{filter:blur(0);transition:.35s ease-in-out}.wp-block-uagb-image--effect-blur:hover img{filter:blur(3px)}.uagb-block-e6f939b3.wp-block-uagb-image--layout-default figure img{box-shadow: 0px 0px 0 #00000070;}.uagb-block-e6f939b3.wp-block-uagb-image .wp-block-uagb-image__figure figcaption{font-style: normal;align-self: center;}.uagb-block-e6f939b3.wp-block-uagb-image--layout-overlay figure img{box-shadow: 0px 0px 0 #00000070;}.uagb-block-e6f939b3.wp-block-uagb-image--layout-overlay .wp-block-uagb-image--layout-overlay__color-wrapper{opacity: 0.2;}.uagb-block-e6f939b3.wp-block-uagb-image--layout-overlay .wp-block-uagb-image--layout-overlay__inner{left: 15px;right: 15px;top: 15px;bottom: 15px;}.uagb-block-e6f939b3.wp-block-uagb-image--layout-overlay .wp-block-uagb-image--layout-overlay__inner .uagb-image-heading{font-style: normal;color: #fff;opacity: 1;}.uagb-block-e6f939b3.wp-block-uagb-image--layout-overlay .wp-block-uagb-image--layout-overlay__inner .uagb-image-heading a{color: #fff;}.uagb-block-e6f939b3.wp-block-uagb-image--layout-overlay .wp-block-uagb-image--layout-overlay__inner .uagb-image-caption{opacity: 0;}.uagb-block-e6f939b3.wp-block-uagb-image--layout-overlay .wp-block-uagb-image__figure:hover .wp-block-uagb-image--layout-overlay__color-wrapper{opacity: 1;}.uagb-block-e6f939b3.wp-block-uagb-image .wp-block-uagb-image--layout-overlay__inner .uagb-image-separator{width: 30%;border-top-width: 2px;border-top-color: #fff;opacity: 0;}.uagb-block-e6f939b3.wp-block-uagb-image .wp-block-uagb-image__figure img{width: px;height: auto;}.uagb-block-e6f939b3.wp-block-uagb-image .wp-block-uagb-image__figure:hover .wp-block-uagb-image--layout-overlay__inner .uagb-image-caption{opacity: 1;}.uagb-block-e6f939b3.wp-block-uagb-image .wp-block-uagb-image__figure:hover .wp-block-uagb-image--layout-overlay__inner .uagb-image-separator{opacity: 1;}.uagb-block-e6f939b3.wp-block-uagb-image--layout-default figure:hover img{box-shadow: 0px 0px 0 #00000070;}.uagb-block-e6f939b3.wp-block-uagb-image--layout-overlay figure:hover img{box-shadow: 0px 0px 0 #00000070;}@media only screen and (max-width: 976px) {.uagb-block-e6f939b3.wp-block-uagb-image .wp-block-uagb-image__figure img{width: px;height: auto;}}@media only screen and (max-width: 767px) {.uagb-block-e6f939b3.wp-block-uagb-image .wp-block-uagb-image__figure img{width: px;height: auto;}}\";s:2:\"js\";s:0:\"\";s:18:\"current_block_list\";a:13:{i:0;s:11:\"core\/search\";i:1;s:10:\"core\/group\";i:2;s:12:\"core\/heading\";i:3;s:17:\"core\/latest-posts\";i:4;s:20:\"core\/latest-comments\";i:5;s:13:\"core\/archives\";i:6;s:15:\"core\/categories\";i:7;s:14:\"core\/paragraph\";i:8;s:10:\"uagb\/image\";i:9;s:11:\"core\/spacer\";i:10;s:30:\"woocommerce\/product-categories\";i:11;s:10:\"core\/image\";i:12;s:14:\"core\/shortcode\";}s:8:\"uag_flag\";b:1;s:11:\"uag_version\";s:10:\"1777271696\";s:6:\"gfonts\";a:0:{}s:10:\"gfonts_url\";s:0:\"\";s:12:\"gfonts_files\";a:0:{}s:14:\"uag_faq_layout\";b:0;}"]},"uagb_featured_image_src":{"full":["https:\/\/www.ferberpainting.com\/wp-content\/uploads\/2025\/05\/Facade_Water_Repellent_5L.jpg",2560,2560,false],"thumbnail":["https:\/\/www.ferberpainting.com\/wp-content\/uploads\/2025\/05\/Facade_Water_Repellent_5L-150x150.jpg",150,150,true],"medium":["https:\/\/www.ferberpainting.com\/wp-content\/uploads\/2025\/05\/Facade_Water_Repellent_5L-300x300.jpg",300,300,true],"medium_large":["https:\/\/www.ferberpainting.com\/wp-content\/uploads\/2025\/05\/Facade_Water_Repellent_5L-768x768.jpg",768,768,true],"large":["https:\/\/www.ferberpainting.com\/wp-content\/uploads\/2025\/05\/Facade_Water_Repellent_5L-1024x1024.jpg",1024,1024,true],"1536x1536":["https:\/\/www.ferberpainting.com\/wp-content\/uploads\/2025\/05\/Facade_Water_Repellent_5L-1536x1536.jpg",1536,1536,true],"2048x2048":["https:\/\/www.ferberpainting.com\/wp-content\/uploads\/2025\/05\/Facade_Water_Repellent_5L-2048x2048.jpg",2048,2048,true],"trp-custom-language-flag":["https:\/\/www.ferberpainting.com\/wp-content\/uploads\/2025\/05\/Facade_Water_Repellent_5L-12x12.jpg",12,12,true],"woocommerce_thumbnail":["https:\/\/www.ferberpainting.com\/wp-content\/uploads\/2025\/05\/Facade_Water_Repellent_5L-300x300.jpg",300,300,true],"woocommerce_single":["https:\/\/www.ferberpainting.com\/wp-content\/uploads\/2025\/05\/Facade_Water_Repellent_5L-600x600.jpg",600,600,true],"woocommerce_gallery_thumbnail":["https:\/\/www.ferberpainting.com\/wp-content\/uploads\/2025\/05\/Facade_Water_Repellent_5L-100x100.jpg",100,100,true]},"uagb_author_info":{"display_name":"admin","author_link":"https:\/\/www.ferberpainting.com\/lv\/author\/"},"uagb_comment_info":49,"uagb_excerpt":"Protect your facade from rain and moisture penetration. Our facade water repellent is specially formulated to create an invisible hydrophobic barrier that prevents rainwater from penetrating exterior walls. It reduces water absorption while preserving the natural appearance of masonry surfaces, helping to protect buildings from long-term moisture damage. The most effective water-repellent treatment on the&hellip;","_links":{"self":[{"href":"https:\/\/www.ferberpainting.com\/lv\/wp-json\/wp\/v2\/product\/23437","targetHints":{"allow":["GET"]}}],"collection":[{"href":"https:\/\/www.ferberpainting.com\/lv\/wp-json\/wp\/v2\/product"}],"about":[{"href":"https:\/\/www.ferberpainting.com\/lv\/wp-json\/wp\/v2\/types\/product"}],"replies":[{"embeddable":true,"href":"https:\/\/www.ferberpainting.com\/lv\/wp-json\/wp\/v2\/comments?post=23437"}],"version-history":[{"count":3,"href":"https:\/\/www.ferberpainting.com\/lv\/wp-json\/wp\/v2\/product\/23437\/revisions"}],"predecessor-version":[{"id":166154,"href":"https:\/\/www.ferberpainting.com\/lv\/wp-json\/wp\/v2\/product\/23437\/revisions\/166154"}],"wp:featuredmedia":[{"embeddable":true,"href":"https:\/\/www.ferberpainting.com\/lv\/wp-json\/wp\/v2\/media\/25973"}],"wp:attachment":[{"href":"https:\/\/www.ferberpainting.com\/lv\/wp-json\/wp\/v2\/media?parent=23437"}],"wp:term":[{"taxonomy":"product_brand","embeddable":true,"href":"https:\/\/www.ferberpainting.com\/lv\/wp-json\/wp\/v2\/product_brand?post=23437"},{"taxonomy":"product_cat","embeddable":true,"href":"https:\/\/www.ferberpainting.com\/lv\/wp-json\/wp\/v2\/product_cat?post=23437"},{"taxonomy":"product_tag","embeddable":true,"href":"https:\/\/www.ferberpainting.com\/lv\/wp-json\/wp\/v2\/product_tag?post=23437"}],"curies":[{"name":"wp","href":"https:\/\/api.w.org\/{rel}","templated":true}]}}