{"id":23226,"date":"2025-05-26T10:23:24","date_gmt":"2025-05-26T08:23:24","guid":{"rendered":"https:\/\/www.ferberpainting.com\/products\/fabric-and-textile-hardener\/"},"modified":"2026-02-15T16:46:26","modified_gmt":"2026-02-15T15:46:26","slug":"fabric-and-textile-hardener","status":"publish","type":"product","link":"https:\/\/www.ferberpainting.com\/lv\/products\/fabric-and-textile-hardener\/","title":{"rendered":"Audumu un tekstila cietin\u0101t\u0101js"},"content":{"rendered":"<p><img decoding=\"async\" style=\"margin-right: 12px;\" src=\"https:\/\/www.ferberpainting.com\/wp-content\/uploads\/2026\/02\/Check.svg\" alt=\"\" width=\"18\" height=\"15\" \/><strong>Tekstilizstr\u0101d\u0101jumu st\u012bvin\u0101\u0161ana un form\u0113\u0161ana.<\/strong>\u00a0\u0160is audumu un tekstilmateri\u0101lu cietin\u0101t\u0101js ir \u012bpa\u0161i izstr\u0101d\u0101ts, lai pie\u0161\u0137irtu stingr\u012bbu m\u012bkstiem tekstilmateri\u0101liem, \u013caujot tiem saglab\u0101t noteiktu formu. Tas ir ide\u0101li piem\u0113rots m\u0101kslinieciskiem darbiem, dekor\u0101cij\u0101m, t\u0113rpiem, lampu aba\u017e\u016briem, struktur\u0113tiem aizkariem vai jebkuram citam projektam, kam nepiecie\u0161ams st\u012bv\u0101ks un formas tekstils.<\/p>\n<p><strong><img decoding=\"async\" style=\"margin-right: 12px;\" src=\"https:\/\/www.ferberpainting.com\/wp-content\/uploads\/2026\/02\/Check.svg\" alt=\"\" width=\"18\" height=\"15\" \/>Naudas atmaksas garantija.<\/strong>\u00a0M\u0113s esam piln\u012bb\u0101 p\u0101rliecin\u0101ti par m\u016bsu audumu un tekstila cietin\u0101t\u0101ja efektivit\u0101ti. T\u0101p\u0113c m\u0113s pied\u0101v\u0101jam naudas atmaksas garantiju. Ja p\u0113c lieto\u0161anas saska\u0146\u0101 ar nor\u0101d\u012bjumiem produkts neatbild\u012bs j\u016bsu gaid\u012btajam, varat piepras\u012bt atmaks\u0101t naudu bez jebk\u0101diem nosac\u012bjumiem, t\u0101d\u0113j\u0101di nodro\u0161inot dro\u0161u un bezriska pirkumu.<\/p>\n<p><img decoding=\"async\" style=\"margin-right: 12px;\" src=\"https:\/\/www.ferberpainting.com\/wp-content\/uploads\/2026\/02\/Check.svg\" alt=\"\" width=\"18\" height=\"15\" \/><strong>Sader\u012bgs ar da\u017e\u0101diem tekstilizstr\u0101d\u0101jumiem.<\/strong>\u00a0\u0160is cietin\u0101t\u0101js ir piem\u0113rots dab\u012bgiem audumiem, piem\u0113ram, kokvilnai, linam, z\u012bda audumiem, vilnai, k\u0101 ar\u012b sint\u0113tiskiem audumiem, piem\u0113ram, poliesteram un neilonam. To var izmantot gan pl\u0101niem, gan bieziem audumiem, un tas ir vienl\u012bdz piem\u0113rots gan vieglajiem materi\u0101liem, gan polster\u0113juma tekstilij\u0101m, kam nepiecie\u0161ama pastiprin\u0101ta stingr\u012bba.<\/p>\n<p><img decoding=\"async\" style=\"margin-right: 12px;\" src=\"https:\/\/www.ferberpainting.com\/wp-content\/uploads\/2026\/02\/Check.svg\" alt=\"\" width=\"18\" height=\"15\" \/><strong>Rentabla un optimiz\u0113ta veiktsp\u0113ja.<\/strong>\u00a0Pateicoties t\u0101 koncentr\u0113tajai formulai, 1 litrs produkta \u013cauj apstr\u0101d\u0101t no 3 l\u012bdz 5 m\u00b2 tekstila, atkar\u012bb\u0101 no auduma uzs\u016bk\u0161an\u0101s un v\u0113lam\u0101 stingr\u012bbas l\u012bme\u0146a. Parasti pietiek ar vienu uzkl\u0101\u0161anu, lai pan\u0101ktu ilgsto\u0161u struktur\u0101lo efektu, t\u0101d\u0113j\u0101di samazinot katram projektam nepiecie\u0161amo daudzumu.<\/p>\n<p><img decoding=\"async\" style=\"margin-right: 12px;\" src=\"https:\/\/www.ferberpainting.com\/wp-content\/uploads\/2026\/02\/Check.svg\" alt=\"\" width=\"18\" height=\"15\" \/><strong>Dro\u0161s un netoksisks produkts.<\/strong>\u00a0\u0160is cietin\u0101t\u0101js ir veidots bez asiem \u0161\u0137\u012bdin\u0101t\u0101jiem un toksiskiem izgarojumiem, t\u0101p\u0113c nerada draudus ne lietot\u0101jam, ne videi. Tas ir bez smar\u017eas, nedego\u0161s un ar to var r\u012bkoties bez \u012bpa\u0161as aizsardz\u012bbas, garant\u0113jot dro\u0161u lieto\u0161anu gan telp\u0101s, gan \u0101rpus t\u0101m.<\/p>\n<p><img decoding=\"async\" style=\"margin-right: 12px;\" src=\"https:\/\/www.ferberpainting.com\/wp-content\/uploads\/2026\/02\/Check.svg\" alt=\"\" width=\"18\" height=\"15\" \/><strong>Viegla uzkl\u0101\u0161ana un \u0101tra \u017e\u016b\u0161ana.<\/strong>\u00a0\u0160is cietin\u0101t\u0101js ir gatavs lieto\u0161anai un viegli uzkl\u0101jams ar otu, s\u016bkli vai iem\u0113rcot atkar\u012bb\u0101 no v\u0113lam\u0101s ciet\u012bbas. Tas \u0101tri ies\u016bcas \u0161\u0137iedr\u0101s un no\u017e\u016bst tikai da\u017eu stundu laik\u0101, \u013caujot \u0101tri veidot formu, nemainot apstr\u0101d\u0101t\u0101 tekstila tekst\u016bru vai izskatu.<\/p>\n<p><img decoding=\"async\" style=\"margin-right: 12px;\" src=\"https:\/\/www.ferberpainting.com\/wp-content\/uploads\/2026\/02\/Check.svg\" alt=\"\" width=\"18\" height=\"15\" \/><strong>Liel\u0101ka iztur\u012bba un iztur\u012bba.<\/strong>\u00a0P\u0113c uzkl\u0101\u0161anas un iz\u017e\u016b\u0161anas \u0161is cietin\u0101t\u0101js nodro\u0161ina ilgnotur\u012bgu notur\u012bbu, kas ir notur\u012bga pret atk\u0101rtotu apstr\u0101di un \u0101r\u0113jiem faktoriem, piem\u0113ram, mitrumu vai putek\u013ciem. Tas pal\u012bdz saglab\u0101t st\u012bvin\u0101to tekstilizstr\u0101d\u0101jumu stabilit\u0101ti un est\u0113tisko izskatu, nov\u0113r\u0161ot deform\u0113\u0161anos vai sagurumu laika gait\u0101.<\/p>\n<p><img decoding=\"async\" style=\"margin-right: 12px;\" src=\"https:\/\/www.ferberpainting.com\/wp-content\/uploads\/2026\/02\/Check.svg\" alt=\"\" width=\"18\" height=\"15\" \/><strong>\u0100tra iedarb\u012bba t\u016bl\u012bt\u0113jiem rezult\u0101tiem.<\/strong>\u00a0P\u0113c uzkl\u0101\u0161anas \u0161is cietin\u0101t\u0101js nekav\u0113joties s\u0101k struktur\u0113t tekstil\u0161\u0137iedras, \u013caujot veidot formu tikai da\u017eu min\u016b\u0161u laik\u0101. T\u0101 \u0101tr\u0101 \u017e\u016b\u0161ana optimiz\u0113 projektu pabeig\u0161anas laiku, \u013caujot izvair\u012bties no ilgas gaid\u012b\u0161anas pirms gatavo izstr\u0101d\u0101jumu ievieto\u0161anas vai uzst\u0101d\u012b\u0161anas.<\/p>\n<h2><strong>Lieto\u0161anas protokols<\/strong><\/h2>\n<ul>\n<li><strong>Tekstilizstr\u0101d\u0101jumu sagatavo\u0161ana <\/strong>: Pirms lieto\u0161anas p\u0101rliecinieties, ka audums ir t\u012brs un sauss. Jauniem tekstilizstr\u0101d\u0101jumiem var b\u016bt ieteicama iepriek\u0161\u0113ja mazg\u0101\u0161ana, lai nov\u0113rstu virsmas apstr\u0101di, kas var\u0113tu trauc\u0113t cietin\u0101t\u0101ja pielip\u0161anu.<\/li>\n<li><strong>Ieteicam\u0101 deva <\/strong>: Uzkl\u0101jiet 1 litru uz 3 l\u012bdz 5 m\u00b2 auduma, atkar\u012bb\u0101 no auduma porain\u012bbas un biezuma. Lai palielin\u0101tu stingr\u012bbu, uzkl\u0101jiet liel\u0101ku daudzumu vai uzkl\u0101jiet otru k\u0101rtu p\u0113c tam, kad pirm\u0101 k\u0101rta ir iz\u017euvusi.<\/li>\n<li><strong>Piem\u0113ro\u0161anas metode <\/strong>: Uzkl\u0101jiet l\u012bdzekli, izmantojot otu, s\u016bkli vai iem\u0113rcot, p\u0101rliecinoties, ka audums ir piln\u012bb\u0101 un vienm\u0113r\u012bgi pies\u016bcin\u0101ts. M\u0101kslinieciskiem vai dekorat\u012bviem lietojumiem pirms \u017e\u0101v\u0113\u0161anas tekstilmateri\u0101lu ieveidojiet v\u0113lamaj\u0101 form\u0101.<\/li>\n<li><strong>\u017d\u0101v\u0113\u0161anas laiks <\/strong>: Atkar\u012bb\u0101 no apk\u0101rt\u0113j\u0101s vides mitruma un auduma biezuma \u013caujiet audumam no\u017e\u016bt gais\u0101 12 l\u012bdz 24 stundas. \u0100tr\u0101kai \u017e\u0101v\u0113\u0161anai izmantojiet ventilatoru vai matu \u017e\u0101v\u0113t\u0101ju m\u0113ren\u0101 temperat\u016br\u0101.<\/li>\n<li><strong>Apdare un apkope <\/strong>: P\u0113c saciet\u0113\u0161anas tekstilmateri\u0101lu var kr\u0101sot, lakot vai dekor\u0113t p\u0113c vajadz\u012bbas. Lai palielin\u0101tu stingr\u012bbu, p\u0113c pirm\u0101s k\u0101rtas piln\u012bgas iz\u017e\u016b\u0161anas var uzkl\u0101t otru k\u0101rtu.<\/li>\n<li><strong>Instrumentu t\u012br\u012b\u0161ana <\/strong>: P\u0113c lieto\u0161anas birstes un s\u016bk\u013cus nekav\u0113joties not\u012briet ar t\u012bru \u016bdeni, lai nov\u0113rstu to saciet\u0113\u0161anu un pagarin\u0101tu instrumentu kalpo\u0161anas laiku.<\/li>\n<\/ul>","protected":false},"excerpt":{"rendered":"<p>Stiffening and shaping of textiles.\u00a0This fabric and textile hardener is specially designed to give rigidity to soft textiles, allowing them to maintain a specific shape. It is ideal for artistic creations, decoration, costumes, lampshades, structured curtains, or any other project requiring stiffened and shaped textiles. Money-back guarantee.\u00a0We have complete confidence in the effectiveness of our [&hellip;]<\/p>\n","protected":false},"featured_media":25766,"comment_status":"open","ping_status":"closed","template":"","meta":{"_uag_custom_page_level_css":"","site-sidebar-layout":"default","site-content-layout":"","ast-site-content-layout":"default","site-content-style":"default","site-sidebar-style":"default","ast-global-header-display":"","ast-banner-title-visibility":"","ast-main-header-display":"","ast-hfb-above-header-display":"","ast-hfb-below-header-display":"","ast-hfb-mobile-header-display":"","site-post-title":"","ast-breadcrumbs-content":"","ast-featured-img":"","footer-sml-layout":"","ast-disable-related-posts":"","theme-transparent-header-meta":"default","adv-header-id-meta":"","stick-header-meta":"","header-above-stick-meta":"","header-main-stick-meta":"","header-below-stick-meta":"","astra-migrate-meta-layouts":"set","ast-page-background-enabled":"default","ast-page-background-meta":{"desktop":{"background-color":"var(--ast-global-color-4)","background-image":"","background-repeat":"repeat","background-position":"center center","background-size":"auto","background-attachment":"scroll","background-type":"","background-media":"","overlay-type":"","overlay-color":"","overlay-opacity":"","overlay-gradient":""},"tablet":{"background-color":"","background-image":"","background-repeat":"repeat","background-position":"center center","background-size":"auto","background-attachment":"scroll","background-type":"","background-media":"","overlay-type":"","overlay-color":"","overlay-opacity":"","overlay-gradient":""},"mobile":{"background-color":"","background-image":"","background-repeat":"repeat","background-position":"center center","background-size":"auto","background-attachment":"scroll","background-type":"","background-media":"","overlay-type":"","overlay-color":"","overlay-opacity":"","overlay-gradient":""}},"ast-content-background-meta":{"desktop":{"background-color":"var(--ast-global-color-5)","background-image":"","background-repeat":"repeat","background-position":"center center","background-size":"auto","background-attachment":"scroll","background-type":"","background-media":"","overlay-type":"","overlay-color":"","overlay-opacity":"","overlay-gradient":""},"tablet":{"background-color":"var(--ast-global-color-5)","background-image":"","background-repeat":"repeat","background-position":"center center","background-size":"auto","background-attachment":"scroll","background-type":"","background-media":"","overlay-type":"","overlay-color":"","overlay-opacity":"","overlay-gradient":""},"mobile":{"background-color":"var(--ast-global-color-5)","background-image":"","background-repeat":"repeat","background-position":"center center","background-size":"auto","background-attachment":"scroll","background-type":"","background-media":"","overlay-type":"","overlay-color":"","overlay-opacity":"","overlay-gradient":""}}},"product_brand":[],"product_cat":[175],"product_tag":[],"class_list":{"0":"post-23226","1":"product","2":"type-product","3":"status-publish","4":"has-post-thumbnail","6":"product_cat-cleaning-products","7":"desktop-align-left","8":"tablet-align-left","9":"mobile-align-left","11":"first","12":"instock","13":"sale","14":"taxable","15":"shipping-taxable","16":"purchasable","17":"product-type-variable","18":"has-default-attributes"},"spectra_custom_meta":{"_visibility":["visible"],"_shopify_product_id":["9059927228661"],"_s2w_shopify_domain":["ferberpainting.myshopify.com"],"_shopify_variant_id":["46482300010741"],"_sku":[""],"_manage_stock":["no"],"total_sales":["173"],"_tax_status":["taxable"],"_tax_class":[""],"_backorders":["no"],"_sold_individually":["no"],"_virtual":["no"],"_downloadable":["no"],"_download_limit":["-1"],"_download_expiry":["-1"],"_stock":[null],"_stock_status":["instock"],"_wc_average_rating":["4.75"],"_wc_review_count":["8"],"_product_attributes":["a:1:{s:6:\"volume\";a:6:{s:4:\"name\";s:6:\"Volume\";s:5:\"value\";s:20:\"5 liters | 25 liters\";s:8:\"position\";i:1;s:10:\"is_visible\";i:0;s:12:\"is_variation\";i:1;s:11:\"is_taxonomy\";i:0;}}"],"_product_version":["10.5.1"],"_thumbnail_id":["25766"],"_product_image_gallery":["25767"],"wpse_downloadable_file_names":[""],"wpse_downloadable_file_urls":[""],"_edit_last":["1"],"_default_attributes":["a:1:{s:6:\"volume\";s:8:\"5 liters\";}"],"_edit_lock":["1771170272:1"],"_price":["29.90","129.90"],"merchant-center-availability":["yes"],"merchant-center-category":["8043"],"_wp_page_template":["default"],"site-sidebar-layout":["default"],"ast-site-content-layout":["default"],"site-content-style":["default"],"site-sidebar-style":["default"],"theme-transparent-header-meta":["default"],"_wc_rating_count":["a:2:{i:4;i:2;i:5;i:6;}"],"astra-migrate-meta-layouts":["set"],"_uag_css_file_name":["uag-css-23226.css"],"_elementor_page_assets":["a:0:{}"],"_uag_page_assets":["a:9:{s:3:\"css\";s:7133:\".uag-blocks-common-selector{z-index:var(--z-index-desktop) !important}@media(max-width: 976px){.uag-blocks-common-selector{z-index:var(--z-index-tablet) !important}}@media(max-width: 767px){.uag-blocks-common-selector{z-index:var(--z-index-mobile) !important}}.wp-block-uagb-image{display:flex}.wp-block-uagb-image__figure{position:relative;display:flex;flex-direction:column;max-width:100%;height:auto;margin:0}.wp-block-uagb-image__figure img{height:auto;display:flex;max-width:100%;transition:box-shadow .2s ease}.wp-block-uagb-image__figure>a{display:inline-block}.wp-block-uagb-image__figure figcaption{text-align:center;margin-top:.5em;margin-bottom:1em}.wp-block-uagb-image .components-placeholder.block-editor-media-placeholder .components-placeholder__instructions{align-self:center}.wp-block-uagb-image--align-left{text-align:left}.wp-block-uagb-image--align-right{text-align:right}.wp-block-uagb-image--align-center{text-align:center}.wp-block-uagb-image--align-full .wp-block-uagb-image__figure{margin-left:calc(50% - 50vw);margin-right:calc(50% - 50vw);max-width:100vw;width:100vw;height:auto}.wp-block-uagb-image--align-full .wp-block-uagb-image__figure img{height:auto;width:100% !important}.wp-block-uagb-image--align-wide .wp-block-uagb-image__figure img{height:auto;width:100%}.wp-block-uagb-image--layout-overlay__color-wrapper{position:absolute;left:0;top:0;right:0;bottom:0;opacity:.2;background:rgba(0,0,0,.5);transition:opacity .35s ease-in-out}.wp-block-uagb-image--layout-overlay-link{position:absolute;left:0;right:0;bottom:0;top:0}.wp-block-uagb-image--layout-overlay .wp-block-uagb-image__figure:hover .wp-block-uagb-image--layout-overlay__color-wrapper{opacity:1}.wp-block-uagb-image--layout-overlay__inner{position:absolute;left:15px;right:15px;bottom:15px;top:15px;display:flex;align-items:center;justify-content:center;flex-direction:column;border-color:#fff;transition:.35s ease-in-out}.wp-block-uagb-image--layout-overlay__inner.top-left,.wp-block-uagb-image--layout-overlay__inner.top-center,.wp-block-uagb-image--layout-overlay__inner.top-right{justify-content:flex-start}.wp-block-uagb-image--layout-overlay__inner.bottom-left,.wp-block-uagb-image--layout-overlay__inner.bottom-center,.wp-block-uagb-image--layout-overlay__inner.bottom-right{justify-content:flex-end}.wp-block-uagb-image--layout-overlay__inner.top-left,.wp-block-uagb-image--layout-overlay__inner.center-left,.wp-block-uagb-image--layout-overlay__inner.bottom-left{align-items:flex-start}.wp-block-uagb-image--layout-overlay__inner.top-right,.wp-block-uagb-image--layout-overlay__inner.center-right,.wp-block-uagb-image--layout-overlay__inner.bottom-right{align-items:flex-end}.wp-block-uagb-image--layout-overlay__inner .uagb-image-heading{color:#fff;transition:transform .35s,opacity .35s ease-in-out;transform:translate3d(0, 24px, 0);margin:0;line-height:1em}.wp-block-uagb-image--layout-overlay__inner .uagb-image-separator{width:30%;border-top-width:2px;border-top-color:#fff;border-top-style:solid;margin-bottom:10px;opacity:0;transition:transform .4s,opacity .4s ease-in-out;transform:translate3d(0, 30px, 0)}.wp-block-uagb-image--layout-overlay__inner .uagb-image-caption{opacity:0;overflow:visible;color:#fff;transition:transform .45s,opacity .45s ease-in-out;transform:translate3d(0, 35px, 0)}.wp-block-uagb-image--layout-overlay__inner:hover .uagb-image-heading,.wp-block-uagb-image--layout-overlay__inner:hover .uagb-image-separator,.wp-block-uagb-image--layout-overlay__inner:hover .uagb-image-caption{opacity:1;transform:translate3d(0, 0, 0)}.wp-block-uagb-image--effect-zoomin .wp-block-uagb-image__figure img,.wp-block-uagb-image--effect-zoomin .wp-block-uagb-image__figure .wp-block-uagb-image--layout-overlay__color-wrapper{transform:scale(1);transition:transform .35s ease-in-out}.wp-block-uagb-image--effect-zoomin .wp-block-uagb-image__figure:hover img,.wp-block-uagb-image--effect-zoomin .wp-block-uagb-image__figure:hover .wp-block-uagb-image--layout-overlay__color-wrapper{transform:scale(1.05)}.wp-block-uagb-image--effect-slide .wp-block-uagb-image__figure img,.wp-block-uagb-image--effect-slide .wp-block-uagb-image__figure .wp-block-uagb-image--layout-overlay__color-wrapper{width:calc(100% + 40px) !important;max-width:none !important;transform:translate3d(-40px, 0, 0);transition:transform .35s ease-in-out}.wp-block-uagb-image--effect-slide .wp-block-uagb-image__figure:hover img,.wp-block-uagb-image--effect-slide .wp-block-uagb-image__figure:hover .wp-block-uagb-image--layout-overlay__color-wrapper{transform:translate3d(0, 0, 0)}.wp-block-uagb-image--effect-grayscale img{filter:grayscale(0%);transition:.35s ease-in-out}.wp-block-uagb-image--effect-grayscale:hover img{filter:grayscale(100%)}.wp-block-uagb-image--effect-blur img{filter:blur(0);transition:.35s ease-in-out}.wp-block-uagb-image--effect-blur:hover img{filter:blur(3px)}.uagb-block-e6f939b3.wp-block-uagb-image--layout-default figure img{box-shadow: 0px 0px 0 #00000070;}.uagb-block-e6f939b3.wp-block-uagb-image .wp-block-uagb-image__figure figcaption{font-style: normal;align-self: center;}.uagb-block-e6f939b3.wp-block-uagb-image--layout-overlay figure img{box-shadow: 0px 0px 0 #00000070;}.uagb-block-e6f939b3.wp-block-uagb-image--layout-overlay .wp-block-uagb-image--layout-overlay__color-wrapper{opacity: 0.2;}.uagb-block-e6f939b3.wp-block-uagb-image--layout-overlay .wp-block-uagb-image--layout-overlay__inner{left: 15px;right: 15px;top: 15px;bottom: 15px;}.uagb-block-e6f939b3.wp-block-uagb-image--layout-overlay .wp-block-uagb-image--layout-overlay__inner .uagb-image-heading{font-style: normal;color: #fff;opacity: 1;}.uagb-block-e6f939b3.wp-block-uagb-image--layout-overlay .wp-block-uagb-image--layout-overlay__inner .uagb-image-heading a{color: #fff;}.uagb-block-e6f939b3.wp-block-uagb-image--layout-overlay .wp-block-uagb-image--layout-overlay__inner .uagb-image-caption{opacity: 0;}.uagb-block-e6f939b3.wp-block-uagb-image--layout-overlay .wp-block-uagb-image__figure:hover .wp-block-uagb-image--layout-overlay__color-wrapper{opacity: 1;}.uagb-block-e6f939b3.wp-block-uagb-image .wp-block-uagb-image--layout-overlay__inner .uagb-image-separator{width: 30%;border-top-width: 2px;border-top-color: #fff;opacity: 0;}.uagb-block-e6f939b3.wp-block-uagb-image .wp-block-uagb-image__figure img{width: px;height: auto;}.uagb-block-e6f939b3.wp-block-uagb-image .wp-block-uagb-image__figure:hover .wp-block-uagb-image--layout-overlay__inner .uagb-image-caption{opacity: 1;}.uagb-block-e6f939b3.wp-block-uagb-image .wp-block-uagb-image__figure:hover .wp-block-uagb-image--layout-overlay__inner .uagb-image-separator{opacity: 1;}.uagb-block-e6f939b3.wp-block-uagb-image--layout-default figure:hover img{box-shadow: 0px 0px 0 #00000070;}.uagb-block-e6f939b3.wp-block-uagb-image--layout-overlay figure:hover img{box-shadow: 0px 0px 0 #00000070;}@media only screen and (max-width: 976px) {.uagb-block-e6f939b3.wp-block-uagb-image .wp-block-uagb-image__figure img{width: px;height: auto;}}@media only screen and (max-width: 767px) {.uagb-block-e6f939b3.wp-block-uagb-image .wp-block-uagb-image__figure img{width: px;height: auto;}}\";s:2:\"js\";s:0:\"\";s:18:\"current_block_list\";a:13:{i:0;s:11:\"core\/search\";i:1;s:10:\"core\/group\";i:2;s:12:\"core\/heading\";i:3;s:17:\"core\/latest-posts\";i:4;s:20:\"core\/latest-comments\";i:5;s:13:\"core\/archives\";i:6;s:15:\"core\/categories\";i:7;s:14:\"core\/paragraph\";i:8;s:10:\"uagb\/image\";i:9;s:11:\"core\/spacer\";i:10;s:30:\"woocommerce\/product-categories\";i:11;s:10:\"core\/image\";i:12;s:14:\"core\/shortcode\";}s:8:\"uag_flag\";b:1;s:11:\"uag_version\";s:10:\"1777198624\";s:6:\"gfonts\";a:0:{}s:10:\"gfonts_url\";s:0:\"\";s:12:\"gfonts_files\";a:0:{}s:14:\"uag_faq_layout\";b:0;}"]},"uagb_featured_image_src":{"full":["https:\/\/www.ferberpainting.com\/wp-content\/uploads\/2025\/05\/FabricandTextileHardener5L.png",2560,2560,false],"thumbnail":["https:\/\/www.ferberpainting.com\/wp-content\/uploads\/2025\/05\/FabricandTextileHardener5L-150x150.png",150,150,true],"medium":["https:\/\/www.ferberpainting.com\/wp-content\/uploads\/2025\/05\/FabricandTextileHardener5L-300x300.png",300,300,true],"medium_large":["https:\/\/www.ferberpainting.com\/wp-content\/uploads\/2025\/05\/FabricandTextileHardener5L-768x768.png",768,768,true],"large":["https:\/\/www.ferberpainting.com\/wp-content\/uploads\/2025\/05\/FabricandTextileHardener5L-1024x1024.png",1024,1024,true],"1536x1536":["https:\/\/www.ferberpainting.com\/wp-content\/uploads\/2025\/05\/FabricandTextileHardener5L-1536x1536.png",1536,1536,true],"2048x2048":["https:\/\/www.ferberpainting.com\/wp-content\/uploads\/2025\/05\/FabricandTextileHardener5L-2048x2048.png",2048,2048,true],"trp-custom-language-flag":["https:\/\/www.ferberpainting.com\/wp-content\/uploads\/2025\/05\/FabricandTextileHardener5L-12x12.png",12,12,true],"woocommerce_thumbnail":["https:\/\/www.ferberpainting.com\/wp-content\/uploads\/2025\/05\/FabricandTextileHardener5L-300x300.png",300,300,true],"woocommerce_single":["https:\/\/www.ferberpainting.com\/wp-content\/uploads\/2025\/05\/FabricandTextileHardener5L-600x600.png",600,600,true],"woocommerce_gallery_thumbnail":["https:\/\/www.ferberpainting.com\/wp-content\/uploads\/2025\/05\/FabricandTextileHardener5L-100x100.png",100,100,true]},"uagb_author_info":{"display_name":"admin","author_link":"https:\/\/www.ferberpainting.com\/lv\/author\/"},"uagb_comment_info":8,"uagb_excerpt":"Stiffening and shaping of textiles.\u00a0This fabric and textile hardener is specially designed to give rigidity to soft textiles, allowing them to maintain a specific shape. It is ideal for artistic creations, decoration, costumes, lampshades, structured curtains, or any other project requiring stiffened and shaped textiles. Money-back guarantee.\u00a0We have complete confidence in the effectiveness of our&hellip;","_links":{"self":[{"href":"https:\/\/www.ferberpainting.com\/lv\/wp-json\/wp\/v2\/product\/23226","targetHints":{"allow":["GET"]}}],"collection":[{"href":"https:\/\/www.ferberpainting.com\/lv\/wp-json\/wp\/v2\/product"}],"about":[{"href":"https:\/\/www.ferberpainting.com\/lv\/wp-json\/wp\/v2\/types\/product"}],"replies":[{"embeddable":true,"href":"https:\/\/www.ferberpainting.com\/lv\/wp-json\/wp\/v2\/comments?post=23226"}],"version-history":[{"count":6,"href":"https:\/\/www.ferberpainting.com\/lv\/wp-json\/wp\/v2\/product\/23226\/revisions"}],"predecessor-version":[{"id":166282,"href":"https:\/\/www.ferberpainting.com\/lv\/wp-json\/wp\/v2\/product\/23226\/revisions\/166282"}],"wp:featuredmedia":[{"embeddable":true,"href":"https:\/\/www.ferberpainting.com\/lv\/wp-json\/wp\/v2\/media\/25766"}],"wp:attachment":[{"href":"https:\/\/www.ferberpainting.com\/lv\/wp-json\/wp\/v2\/media?parent=23226"}],"wp:term":[{"taxonomy":"product_brand","embeddable":true,"href":"https:\/\/www.ferberpainting.com\/lv\/wp-json\/wp\/v2\/product_brand?post=23226"},{"taxonomy":"product_cat","embeddable":true,"href":"https:\/\/www.ferberpainting.com\/lv\/wp-json\/wp\/v2\/product_cat?post=23226"},{"taxonomy":"product_tag","embeddable":true,"href":"https:\/\/www.ferberpainting.com\/lv\/wp-json\/wp\/v2\/product_tag?post=23226"}],"curies":[{"name":"wp","href":"https:\/\/api.w.org\/{rel}","templated":true}]}}