{"id":23217,"date":"2025-07-01T13:27:04","date_gmt":"2025-07-01T11:27:04","guid":{"rendered":"https:\/\/www.ferberpainting.com\/?post_type=product&#038;p=23217"},"modified":"2026-02-15T13:56:17","modified_gmt":"2026-02-15T12:56:17","slug":"expanding-foam-cleaner","status":"publish","type":"product","link":"https:\/\/www.ferberpainting.com\/lv\/products\/expanding-foam-cleaner\/","title":{"rendered":"PU putu t\u012br\u012bt\u0101js"},"content":{"rendered":"<p><img decoding=\"async\" style=\"margin-right: 12px;\" src=\"https:\/\/www.ferberpainting.com\/wp-content\/uploads\/2026\/02\/Check.svg\" alt=\"\" width=\"18\" height=\"15\" \/><strong>Optim\u0101la efektivit\u0101te.<\/strong>\u00a0\u0160is putu t\u012br\u012bt\u0101js ir paredz\u0113ts, lai efekt\u012bvi no\u0146emtu svaigas poliuret\u0101na putu paliekas no instrumentiem, virsm\u0101m un pat \u0101das. T\u0101 sp\u0113c\u012bg\u0101 formula \u0101tri iz\u0161\u0137\u012bdina nesaspr\u0113g\u0101ju\u0161\u0101s putas un nov\u0113r\u0161 priek\u0161laic\u012bgu saciet\u0113\u0161anu, t\u0101d\u0113j\u0101di atvieglojot aplikatora pisto\u013cu un virsmu t\u012br\u012b\u0161anu p\u0113c lieto\u0161anas. Tas katru reizi nodro\u0161ina t\u012bru un k\u0101rt\u012bgu darbu, nov\u0113r\u0161ot negl\u012btu putu uzkr\u0101\u0161anos.<\/p>\n<p><img decoding=\"async\" style=\"margin-right: 12px;\" src=\"https:\/\/www.ferberpainting.com\/wp-content\/uploads\/2026\/02\/Check.svg\" alt=\"\" width=\"18\" height=\"15\" \/><strong>Naudas atmaksas garantija.<\/strong>\u00a0M\u0113s esam piln\u012bb\u0101 p\u0101rliecin\u0101ti par m\u016bsu t\u012br\u012b\u0161anas l\u012bdzek\u013ca veiktsp\u0113ju. Ja neesat piln\u012bb\u0101 apmierin\u0101ts ar rezult\u0101tiem, jums ir ties\u012bbas sa\u0146emt pilnu naudas atmaksu. Izm\u0113\u0123iniet m\u016bsu produktu bez riska un baudiet nevainojamu apdari ar katru lieto\u0161anas reizi.<\/p>\n<p><img decoding=\"async\" style=\"margin-right: 12px;\" src=\"https:\/\/www.ferberpainting.com\/wp-content\/uploads\/2026\/02\/Check.svg\" alt=\"\" width=\"18\" height=\"15\" \/><strong>Izcila daudzpus\u012bba.<\/strong>\u00a0\u0160is t\u012br\u012b\u0161anas l\u012bdzeklis nav paredz\u0113ts tikai putu pistol\u0113m! Tas ar\u012b no\u0146em svaigas putas no da\u017e\u0101diem materi\u0101liem, piem\u0113ram, betona, cementa, javas, met\u0101la, koka, plastmasas, alum\u012bnija, stikla un keramikas. Tas ir ar\u012b ide\u0101li piem\u0113rots apr\u012bkojuma, darba virsmu un pat ap\u0123\u0113rbu t\u012br\u012b\u0161anai, kad putas v\u0113l ir m\u012bkstas, nodro\u0161inot \u0101tru un efekt\u012bvu t\u012br\u012b\u0161anu uz vis\u0101m skartaj\u0101m virsm\u0101m.<\/p>\n<p><img decoding=\"async\" style=\"margin-right: 12px;\" src=\"https:\/\/www.ferberpainting.com\/wp-content\/uploads\/2026\/02\/Check.svg\" alt=\"\" width=\"18\" height=\"15\" \/><strong>Rentabilit\u0101te.<\/strong>\u00a0Pateicoties 5 litru pudelei un augstajai koncentr\u0101cijai, \u0161is t\u012br\u012b\u0161anas l\u012bdzeklis nodro\u0161ina lielisku izn\u0101kumu. Ar nelielu daudzumu pietiek, lai iz\u0161\u0137\u012bdin\u0101tu nesaspr\u0113g\u0101ju\u0161\u0101s putas un not\u012br\u012btu vair\u0101kus instrumentus vai virsmas ar vienu lieto\u0161anas reizi. Viens litrs vid\u0113ji apstr\u0101d\u0101 l\u012bdz 20 m\u00b2 ar put\u0101m pies\u0101r\u0146otas virsmas, t\u0101p\u0113c tas ir efekt\u012bvs un ekonomisks risin\u0101jums regul\u0101rai vai intens\u012bvai lieto\u0161anai.<\/p>\n<p><img decoding=\"async\" style=\"margin-right: 12px;\" src=\"https:\/\/www.ferberpainting.com\/wp-content\/uploads\/2026\/02\/Check.svg\" alt=\"\" width=\"18\" height=\"15\" \/><strong>Dro\u0161a lieto\u0161ana.<\/strong>\u00a0At\u0161\u0137ir\u012bb\u0101 no asiem \u0161\u0137\u012bdin\u0101t\u0101jiem, kas var saboj\u0101t materi\u0101lus vai kairin\u0101t \u0101du, \u0161is t\u012br\u012b\u0161anas l\u012bdzeklis ir izstr\u0101d\u0101ts t\u0101, lai b\u016btu dro\u0161s gan virsm\u0101m, gan lietot\u0101jiem. Tas nesatur toksiskus tvaikus, nerada korozijas risku un garant\u0113 dro\u0161u lieto\u0161anu gan profesion\u0101\u013ciem, gan pa\u0161darbniekiem. T\u0101 maig\u0101 iedarb\u012bba efekt\u012bvi att\u012bra, neboj\u0101jot iek\u0101rtas vai apstr\u0101d\u0101t\u0101s virsmas.<\/p>\n<p><img decoding=\"async\" style=\"margin-right: 12px;\" src=\"https:\/\/www.ferberpainting.com\/wp-content\/uploads\/2026\/02\/Check.svg\" alt=\"\" width=\"18\" height=\"15\" \/><strong>Lieto\u0161anas \u0113rtums.<\/strong>\u00a0\u0160is produkts ir gatavs lieto\u0161anai, un to nav nepiecie\u0161ams at\u0161\u0137aid\u012bt vai sare\u017e\u0123\u012bti sagatavot. To uzkl\u0101j tie\u0161i uz nesaspr\u0113g\u0101ju\u0161\u0101m put\u0101m, izmantojot dr\u0101nu, s\u016bkli vai aerosolu. T\u0101 \u0101tr\u0101 iedarb\u012bba un intuit\u012bv\u0101 lieto\u0161ana \u013cauj bez piep\u016bles no\u0146emt atlikumus, padarot instrumentu un virsmu t\u012br\u012b\u0161anu \u0101tr\u0101ku un viegl\u0101ku nek\u0101 jebkad agr\u0101k.<\/p>\n<p><img decoding=\"async\" style=\"margin-right: 12px;\" src=\"https:\/\/www.ferberpainting.com\/wp-content\/uploads\/2026\/02\/Check.svg\" alt=\"\" width=\"18\" height=\"15\" \/><strong>Ilgsto\u0161a veiktsp\u0113ja.<\/strong>\u00a0Efekt\u012bvi likvid\u0113jot putu atlikumus, \u0161is t\u012br\u012b\u0161anas l\u012bdzeklis paildzina putu pisto\u013cu un darba r\u012bku kalpo\u0161anas laiku. Tas nov\u0113r\u0161 komponentu aizs\u0113r\u0113\u0161anu, nodro\u0161inot optim\u0101lu darb\u012bbu. Regul\u0101ri lietojot \u0161o l\u012bdzekli, iek\u0101rtas tiek uztur\u0113tas t\u012bras un lab\u0101 darba k\u0101rt\u012bb\u0101, izvairoties no d\u0101rg\u0101m nomai\u0146\u0101m iz\u017euvu\u0161u putu nosprostojumu d\u0113\u013c.<\/p>\n<p><img decoding=\"async\" style=\"margin-right: 12px;\" src=\"https:\/\/www.ferberpainting.com\/wp-content\/uploads\/2026\/02\/Check.svg\" alt=\"\" width=\"18\" height=\"15\" \/><strong>\u0100tra darb\u012bba.<\/strong>\u00a0Pateicoties \u012bpa\u0161i rea\u0123\u0113jo\u0161ai formulai, \u0161is t\u012br\u012b\u0161anas l\u012bdzeklis uzreiz iedarbojas uz svaig\u0101m put\u0101m. Tikai da\u017eu sekun\u017eu laik\u0101 tas iz\u0161\u0137\u012bdina atliekas un \u013cauj viegli no\u0146emt bez t\u012br\u012b\u0161anas. Tas nodro\u0161ina \u0101tru un efekt\u012bvu t\u012br\u012b\u0161anu - ide\u0101li piem\u0113rots darbaviet\u0101m, kur \u0101trumam un t\u012br\u012bbai ir svar\u012bgs sakopts rezult\u0101ts.<\/p>\n<h2><strong>Lieto\u0161anas protokols<\/strong><\/h2>\n<ul>\n<li><strong>Sagatavo\u0161ana <\/strong>: Pirms t\u012br\u012b\u0161anas l\u012bdzek\u013ca uzkl\u0101\u0161anas p\u0101rliecinieties, ka putas ir v\u0113l svaigas. Lai sasniegtu optim\u0101lus rezult\u0101tus, negaidiet, kam\u0113r t\u0101s saciet\u0113.<\/li>\n<li><strong>Virsmas pielietojums <\/strong>: Nelielu daudzumu t\u012br\u012b\u0161anas l\u012bdzek\u013ca uzlejiet uz t\u012bras dr\u0101ni\u0146as vai s\u016bk\u013ca, p\u0113c tam ar ap\u013cveida kust\u012bb\u0101m uzkl\u0101jiet tie\u0161i uz put\u0101m, lai l\u012bdzeklis ies\u016bktos.<\/li>\n<li><strong>Putu pistoles lieto\u0161ana <\/strong>: Atskr\u016bv\u0113jiet izlietoto putu kanni\u0146u, ievietojiet t\u012br\u012b\u0161anas l\u012bdzek\u013ca uzgali pistol\u0113 un izsmidziniet t\u012br\u012b\u0161anas l\u012bdzekli, l\u012bdz \u0161\u0137idrums izpl\u016bst t\u012brs. Tas nodro\u0161ina piln\u012bgu iek\u0161\u0113jo atlikumu no\u0146em\u0161anu.<\/li>\n<li><strong>T\u012br\u012b\u0161anas r\u012bki un apr\u012bkojums <\/strong>: Uzkl\u0101jiet t\u012br\u012b\u0161anas l\u012bdzekli uz lupati\u0146as, kas sam\u0113rc\u0113ta ar l\u012bdzekli, un noslaukiet l\u0101psti\u0146as, na\u017eus, \u0161pakte\u013cl\u0101psti\u0146as un citus instrumentus, ko izmanto ar put\u0101m. \u013baujiet da\u017eus mirk\u013cus nost\u0101v\u0113ties, p\u0113c tam noslaukiet l\u012bdz sausumam.<\/li>\n<li><strong>Ap\u0123\u0113rbu un audumu t\u012br\u012b\u0161ana <\/strong>: Ja uz auduma ir iz\u0161\u013cakst\u012bjumi, uzreiz uzkl\u0101jiet nelielu daudzumu t\u012br\u012b\u0161anas l\u012bdzek\u013ca un maigi noslaukiet, pirms putas saciet\u0113. R\u016bp\u012bgi noskalojiet ar t\u012bru \u016bdeni.<\/li>\n<li><strong>\u017d\u0101v\u0113\u0161ana un apdare <\/strong>: Pirms atk\u0101rtotas lieto\u0161anas \u013caujiet virsm\u0101m piln\u012bb\u0101 no\u017e\u016bt. Pistol\u0113m pirms jaunas tvertnes uzst\u0101d\u012b\u0161anas piln\u012bb\u0101 izt\u012briet meh\u0101nismu.<\/li>\n<li><strong>Lieto\u0161anas bie\u017eums <\/strong>: Lietojiet p\u0113c katras izple\u0161an\u0101s putu lieto\u0161anas, lai izvair\u012btos no aizs\u0113r\u0113\u0161anas. Virsm\u0101m uzkl\u0101jiet, tikl\u012bdz par\u0101d\u0101s putu atlikumi, lai nov\u0113rstu saciet\u0113\u0161anu.<\/li>\n<li><strong>Uzglab\u0101\u0161ana <\/strong>: P\u0113c katras lieto\u0161anas reizes cie\u0161i aizveriet pudel\u012bti un uzglab\u0101jiet v\u0113s\u0101, saus\u0101 viet\u0101, pasarg\u0101jot no gaismas un p\u0101rm\u0113r\u012bgas temperat\u016bras, lai saglab\u0101tu produkta ilgtermi\u0146a efektivit\u0101ti.<\/li>\n<\/ul>\n<p>Ar m\u016bsu putu putu t\u012br\u012b\u0161anas l\u012bdzekli \u0101tri un efekt\u012bvi no\u0146emiet atlikumus, vienlaikus saglab\u0101jot instrumentus un darba virsmas teicam\u0101 st\u0101vokl\u012b. Ide\u0101ls risin\u0101jums \u0101trai, k\u0101rt\u012bgai un vieglai t\u012br\u012b\u0161anai.<\/p>","protected":false},"excerpt":{"rendered":"<p>Optimal Efficiency.\u00a0This expanding foam cleaner is designed to effectively remove fresh polyurethane foam residues from tools, surfaces, and even skin. Its powerful formula rapidly dissolves uncured foam and prevents premature hardening, making it easier to clean applicator guns and surfaces after use. It ensures clean and neat work every time by preventing unsightly foam buildup. [&hellip;]<\/p>\n","protected":false},"featured_media":36372,"comment_status":"open","ping_status":"closed","template":"","meta":{"_uag_custom_page_level_css":"","site-sidebar-layout":"default","site-content-layout":"","ast-site-content-layout":"default","site-content-style":"default","site-sidebar-style":"default","ast-global-header-display":"","ast-banner-title-visibility":"","ast-main-header-display":"","ast-hfb-above-header-display":"","ast-hfb-below-header-display":"","ast-hfb-mobile-header-display":"","site-post-title":"","ast-breadcrumbs-content":"","ast-featured-img":"","footer-sml-layout":"","ast-disable-related-posts":"","theme-transparent-header-meta":"default","adv-header-id-meta":"","stick-header-meta":"","header-above-stick-meta":"","header-main-stick-meta":"","header-below-stick-meta":"","astra-migrate-meta-layouts":"set","ast-page-background-enabled":"default","ast-page-background-meta":{"desktop":{"background-color":"var(--ast-global-color-4)","background-image":"","background-repeat":"repeat","background-position":"center center","background-size":"auto","background-attachment":"scroll","background-type":"","background-media":"","overlay-type":"","overlay-color":"","overlay-opacity":"","overlay-gradient":""},"tablet":{"background-color":"","background-image":"","background-repeat":"repeat","background-position":"center center","background-size":"auto","background-attachment":"scroll","background-type":"","background-media":"","overlay-type":"","overlay-color":"","overlay-opacity":"","overlay-gradient":""},"mobile":{"background-color":"","background-image":"","background-repeat":"repeat","background-position":"center center","background-size":"auto","background-attachment":"scroll","background-type":"","background-media":"","overlay-type":"","overlay-color":"","overlay-opacity":"","overlay-gradient":""}},"ast-content-background-meta":{"desktop":{"background-color":"var(--ast-global-color-5)","background-image":"","background-repeat":"repeat","background-position":"center center","background-size":"auto","background-attachment":"scroll","background-type":"","background-media":"","overlay-type":"","overlay-color":"","overlay-opacity":"","overlay-gradient":""},"tablet":{"background-color":"var(--ast-global-color-5)","background-image":"","background-repeat":"repeat","background-position":"center center","background-size":"auto","background-attachment":"scroll","background-type":"","background-media":"","overlay-type":"","overlay-color":"","overlay-opacity":"","overlay-gradient":""},"mobile":{"background-color":"var(--ast-global-color-5)","background-image":"","background-repeat":"repeat","background-position":"center center","background-size":"auto","background-attachment":"scroll","background-type":"","background-media":"","overlay-type":"","overlay-color":"","overlay-opacity":"","overlay-gradient":""}}},"product_brand":[],"product_cat":[175],"product_tag":[],"class_list":{"0":"post-23217","1":"product","2":"type-product","3":"status-publish","4":"has-post-thumbnail","6":"product_cat-cleaning-products","7":"desktop-align-left","8":"tablet-align-left","9":"mobile-align-left","11":"first","12":"instock","13":"sale","14":"taxable","15":"shipping-taxable","16":"purchasable","17":"product-type-variable","18":"has-default-attributes"},"spectra_custom_meta":{"_visibility":["visible"],"_shopify_product_id":["9104800776437"],"_s2w_shopify_domain":["ferberpainting.myshopify.com"],"_shopify_variant_id":["46620998238453"],"_sku":[""],"_manage_stock":["no"],"total_sales":["1"],"_tax_status":["taxable"],"_tax_class":[""],"_backorders":["no"],"_sold_individually":["no"],"_virtual":["no"],"_downloadable":["no"],"_download_limit":["-1"],"_download_expiry":["-1"],"_stock":[null],"_stock_status":["instock"],"_wc_average_rating":["5.00"],"_wc_review_count":["19"],"_product_attributes":["a:1:{s:6:\"volume\";a:6:{s:4:\"name\";s:6:\"Volume\";s:5:\"value\";s:20:\"5 liters | 25 liters\";s:8:\"position\";i:1;s:10:\"is_visible\";i:0;s:12:\"is_variation\";i:1;s:11:\"is_taxonomy\";i:0;}}"],"_product_version":["10.5.1"],"wpse_downloadable_file_names":[""],"wpse_downloadable_file_urls":[""],"_edit_last":["1"],"_default_attributes":["a:1:{s:6:\"volume\";s:8:\"5 liters\";}"],"_edit_lock":["1771160038:1"],"merchant-center-availability":["yes"],"merchant-center-category":["7504"],"_price":["29.90","129.90"],"_thumbnail_id":["36372"],"_wp_page_template":["default"],"_wp_old_date":["2025-05-26"],"_product_image_gallery":["36373"],"site-sidebar-layout":["default"],"ast-site-content-layout":["default"],"site-content-style":["default"],"site-sidebar-style":["default"],"theme-transparent-header-meta":["default"],"_wc_rating_count":["a:1:{i:5;i:19;}"],"astra-migrate-meta-layouts":["set"],"_uag_css_file_name":["uag-css-23217.css"],"_elementor_page_assets":["a:0:{}"],"_uag_page_assets":["a:9:{s:3:\"css\";s:7133:\".uag-blocks-common-selector{z-index:var(--z-index-desktop) !important}@media(max-width: 976px){.uag-blocks-common-selector{z-index:var(--z-index-tablet) !important}}@media(max-width: 767px){.uag-blocks-common-selector{z-index:var(--z-index-mobile) !important}}.wp-block-uagb-image{display:flex}.wp-block-uagb-image__figure{position:relative;display:flex;flex-direction:column;max-width:100%;height:auto;margin:0}.wp-block-uagb-image__figure img{height:auto;display:flex;max-width:100%;transition:box-shadow .2s ease}.wp-block-uagb-image__figure>a{display:inline-block}.wp-block-uagb-image__figure figcaption{text-align:center;margin-top:.5em;margin-bottom:1em}.wp-block-uagb-image .components-placeholder.block-editor-media-placeholder .components-placeholder__instructions{align-self:center}.wp-block-uagb-image--align-left{text-align:left}.wp-block-uagb-image--align-right{text-align:right}.wp-block-uagb-image--align-center{text-align:center}.wp-block-uagb-image--align-full .wp-block-uagb-image__figure{margin-left:calc(50% - 50vw);margin-right:calc(50% - 50vw);max-width:100vw;width:100vw;height:auto}.wp-block-uagb-image--align-full .wp-block-uagb-image__figure img{height:auto;width:100% !important}.wp-block-uagb-image--align-wide .wp-block-uagb-image__figure img{height:auto;width:100%}.wp-block-uagb-image--layout-overlay__color-wrapper{position:absolute;left:0;top:0;right:0;bottom:0;opacity:.2;background:rgba(0,0,0,.5);transition:opacity .35s ease-in-out}.wp-block-uagb-image--layout-overlay-link{position:absolute;left:0;right:0;bottom:0;top:0}.wp-block-uagb-image--layout-overlay .wp-block-uagb-image__figure:hover .wp-block-uagb-image--layout-overlay__color-wrapper{opacity:1}.wp-block-uagb-image--layout-overlay__inner{position:absolute;left:15px;right:15px;bottom:15px;top:15px;display:flex;align-items:center;justify-content:center;flex-direction:column;border-color:#fff;transition:.35s ease-in-out}.wp-block-uagb-image--layout-overlay__inner.top-left,.wp-block-uagb-image--layout-overlay__inner.top-center,.wp-block-uagb-image--layout-overlay__inner.top-right{justify-content:flex-start}.wp-block-uagb-image--layout-overlay__inner.bottom-left,.wp-block-uagb-image--layout-overlay__inner.bottom-center,.wp-block-uagb-image--layout-overlay__inner.bottom-right{justify-content:flex-end}.wp-block-uagb-image--layout-overlay__inner.top-left,.wp-block-uagb-image--layout-overlay__inner.center-left,.wp-block-uagb-image--layout-overlay__inner.bottom-left{align-items:flex-start}.wp-block-uagb-image--layout-overlay__inner.top-right,.wp-block-uagb-image--layout-overlay__inner.center-right,.wp-block-uagb-image--layout-overlay__inner.bottom-right{align-items:flex-end}.wp-block-uagb-image--layout-overlay__inner .uagb-image-heading{color:#fff;transition:transform .35s,opacity .35s ease-in-out;transform:translate3d(0, 24px, 0);margin:0;line-height:1em}.wp-block-uagb-image--layout-overlay__inner .uagb-image-separator{width:30%;border-top-width:2px;border-top-color:#fff;border-top-style:solid;margin-bottom:10px;opacity:0;transition:transform .4s,opacity .4s ease-in-out;transform:translate3d(0, 30px, 0)}.wp-block-uagb-image--layout-overlay__inner .uagb-image-caption{opacity:0;overflow:visible;color:#fff;transition:transform .45s,opacity .45s ease-in-out;transform:translate3d(0, 35px, 0)}.wp-block-uagb-image--layout-overlay__inner:hover .uagb-image-heading,.wp-block-uagb-image--layout-overlay__inner:hover .uagb-image-separator,.wp-block-uagb-image--layout-overlay__inner:hover .uagb-image-caption{opacity:1;transform:translate3d(0, 0, 0)}.wp-block-uagb-image--effect-zoomin .wp-block-uagb-image__figure img,.wp-block-uagb-image--effect-zoomin .wp-block-uagb-image__figure .wp-block-uagb-image--layout-overlay__color-wrapper{transform:scale(1);transition:transform .35s ease-in-out}.wp-block-uagb-image--effect-zoomin .wp-block-uagb-image__figure:hover img,.wp-block-uagb-image--effect-zoomin .wp-block-uagb-image__figure:hover .wp-block-uagb-image--layout-overlay__color-wrapper{transform:scale(1.05)}.wp-block-uagb-image--effect-slide .wp-block-uagb-image__figure img,.wp-block-uagb-image--effect-slide .wp-block-uagb-image__figure .wp-block-uagb-image--layout-overlay__color-wrapper{width:calc(100% + 40px) !important;max-width:none !important;transform:translate3d(-40px, 0, 0);transition:transform .35s ease-in-out}.wp-block-uagb-image--effect-slide .wp-block-uagb-image__figure:hover img,.wp-block-uagb-image--effect-slide .wp-block-uagb-image__figure:hover .wp-block-uagb-image--layout-overlay__color-wrapper{transform:translate3d(0, 0, 0)}.wp-block-uagb-image--effect-grayscale img{filter:grayscale(0%);transition:.35s ease-in-out}.wp-block-uagb-image--effect-grayscale:hover img{filter:grayscale(100%)}.wp-block-uagb-image--effect-blur img{filter:blur(0);transition:.35s ease-in-out}.wp-block-uagb-image--effect-blur:hover img{filter:blur(3px)}.uagb-block-e6f939b3.wp-block-uagb-image--layout-default figure img{box-shadow: 0px 0px 0 #00000070;}.uagb-block-e6f939b3.wp-block-uagb-image .wp-block-uagb-image__figure figcaption{font-style: normal;align-self: center;}.uagb-block-e6f939b3.wp-block-uagb-image--layout-overlay figure img{box-shadow: 0px 0px 0 #00000070;}.uagb-block-e6f939b3.wp-block-uagb-image--layout-overlay .wp-block-uagb-image--layout-overlay__color-wrapper{opacity: 0.2;}.uagb-block-e6f939b3.wp-block-uagb-image--layout-overlay .wp-block-uagb-image--layout-overlay__inner{left: 15px;right: 15px;top: 15px;bottom: 15px;}.uagb-block-e6f939b3.wp-block-uagb-image--layout-overlay .wp-block-uagb-image--layout-overlay__inner .uagb-image-heading{font-style: normal;color: #fff;opacity: 1;}.uagb-block-e6f939b3.wp-block-uagb-image--layout-overlay .wp-block-uagb-image--layout-overlay__inner .uagb-image-heading a{color: #fff;}.uagb-block-e6f939b3.wp-block-uagb-image--layout-overlay .wp-block-uagb-image--layout-overlay__inner .uagb-image-caption{opacity: 0;}.uagb-block-e6f939b3.wp-block-uagb-image--layout-overlay .wp-block-uagb-image__figure:hover .wp-block-uagb-image--layout-overlay__color-wrapper{opacity: 1;}.uagb-block-e6f939b3.wp-block-uagb-image .wp-block-uagb-image--layout-overlay__inner .uagb-image-separator{width: 30%;border-top-width: 2px;border-top-color: #fff;opacity: 0;}.uagb-block-e6f939b3.wp-block-uagb-image .wp-block-uagb-image__figure img{width: px;height: auto;}.uagb-block-e6f939b3.wp-block-uagb-image .wp-block-uagb-image__figure:hover .wp-block-uagb-image--layout-overlay__inner .uagb-image-caption{opacity: 1;}.uagb-block-e6f939b3.wp-block-uagb-image .wp-block-uagb-image__figure:hover .wp-block-uagb-image--layout-overlay__inner .uagb-image-separator{opacity: 1;}.uagb-block-e6f939b3.wp-block-uagb-image--layout-default figure:hover img{box-shadow: 0px 0px 0 #00000070;}.uagb-block-e6f939b3.wp-block-uagb-image--layout-overlay figure:hover img{box-shadow: 0px 0px 0 #00000070;}@media only screen and (max-width: 976px) {.uagb-block-e6f939b3.wp-block-uagb-image .wp-block-uagb-image__figure img{width: px;height: auto;}}@media only screen and (max-width: 767px) {.uagb-block-e6f939b3.wp-block-uagb-image .wp-block-uagb-image__figure img{width: px;height: auto;}}\";s:2:\"js\";s:0:\"\";s:18:\"current_block_list\";a:13:{i:0;s:11:\"core\/search\";i:1;s:10:\"core\/group\";i:2;s:12:\"core\/heading\";i:3;s:17:\"core\/latest-posts\";i:4;s:20:\"core\/latest-comments\";i:5;s:13:\"core\/archives\";i:6;s:15:\"core\/categories\";i:7;s:14:\"core\/paragraph\";i:8;s:10:\"uagb\/image\";i:9;s:11:\"core\/spacer\";i:10;s:30:\"woocommerce\/product-categories\";i:11;s:10:\"core\/image\";i:12;s:14:\"core\/shortcode\";}s:8:\"uag_flag\";b:1;s:11:\"uag_version\";s:10:\"1777228603\";s:6:\"gfonts\";a:0:{}s:10:\"gfonts_url\";s:0:\"\";s:12:\"gfonts_files\";a:0:{}s:14:\"uag_faq_layout\";b:0;}"]},"uagb_featured_image_src":{"full":["https:\/\/www.ferberpainting.com\/wp-content\/uploads\/2025\/05\/Expanding-Foam-Cleaner-5L.png",2560,2560,false],"thumbnail":["https:\/\/www.ferberpainting.com\/wp-content\/uploads\/2025\/05\/Expanding-Foam-Cleaner-5L-150x150.png",150,150,true],"medium":["https:\/\/www.ferberpainting.com\/wp-content\/uploads\/2025\/05\/Expanding-Foam-Cleaner-5L-300x300.png",300,300,true],"medium_large":["https:\/\/www.ferberpainting.com\/wp-content\/uploads\/2025\/05\/Expanding-Foam-Cleaner-5L-768x768.png",768,768,true],"large":["https:\/\/www.ferberpainting.com\/wp-content\/uploads\/2025\/05\/Expanding-Foam-Cleaner-5L-1024x1024.png",1024,1024,true],"1536x1536":["https:\/\/www.ferberpainting.com\/wp-content\/uploads\/2025\/05\/Expanding-Foam-Cleaner-5L-1536x1536.png",1536,1536,true],"2048x2048":["https:\/\/www.ferberpainting.com\/wp-content\/uploads\/2025\/05\/Expanding-Foam-Cleaner-5L-2048x2048.png",2048,2048,true],"trp-custom-language-flag":["https:\/\/www.ferberpainting.com\/wp-content\/uploads\/2025\/05\/Expanding-Foam-Cleaner-5L-12x12.png",12,12,true],"woocommerce_thumbnail":["https:\/\/www.ferberpainting.com\/wp-content\/uploads\/2025\/05\/Expanding-Foam-Cleaner-5L-300x300.png",300,300,true],"woocommerce_single":["https:\/\/www.ferberpainting.com\/wp-content\/uploads\/2025\/05\/Expanding-Foam-Cleaner-5L-600x600.png",600,600,true],"woocommerce_gallery_thumbnail":["https:\/\/www.ferberpainting.com\/wp-content\/uploads\/2025\/05\/Expanding-Foam-Cleaner-5L-100x100.png",100,100,true]},"uagb_author_info":{"display_name":"admin","author_link":"https:\/\/www.ferberpainting.com\/lv\/author\/"},"uagb_comment_info":19,"uagb_excerpt":"Optimal Efficiency.\u00a0This expanding foam cleaner is designed to effectively remove fresh polyurethane foam residues from tools, surfaces, and even skin. Its powerful formula rapidly dissolves uncured foam and prevents premature hardening, making it easier to clean applicator guns and surfaces after use. It ensures clean and neat work every time by preventing unsightly foam buildup.&hellip;","_links":{"self":[{"href":"https:\/\/www.ferberpainting.com\/lv\/wp-json\/wp\/v2\/product\/23217","targetHints":{"allow":["GET"]}}],"collection":[{"href":"https:\/\/www.ferberpainting.com\/lv\/wp-json\/wp\/v2\/product"}],"about":[{"href":"https:\/\/www.ferberpainting.com\/lv\/wp-json\/wp\/v2\/types\/product"}],"replies":[{"embeddable":true,"href":"https:\/\/www.ferberpainting.com\/lv\/wp-json\/wp\/v2\/comments?post=23217"}],"version-history":[{"count":4,"href":"https:\/\/www.ferberpainting.com\/lv\/wp-json\/wp\/v2\/product\/23217\/revisions"}],"predecessor-version":[{"id":166107,"href":"https:\/\/www.ferberpainting.com\/lv\/wp-json\/wp\/v2\/product\/23217\/revisions\/166107"}],"wp:featuredmedia":[{"embeddable":true,"href":"https:\/\/www.ferberpainting.com\/lv\/wp-json\/wp\/v2\/media\/36372"}],"wp:attachment":[{"href":"https:\/\/www.ferberpainting.com\/lv\/wp-json\/wp\/v2\/media?parent=23217"}],"wp:term":[{"taxonomy":"product_brand","embeddable":true,"href":"https:\/\/www.ferberpainting.com\/lv\/wp-json\/wp\/v2\/product_brand?post=23217"},{"taxonomy":"product_cat","embeddable":true,"href":"https:\/\/www.ferberpainting.com\/lv\/wp-json\/wp\/v2\/product_cat?post=23217"},{"taxonomy":"product_tag","embeddable":true,"href":"https:\/\/www.ferberpainting.com\/lv\/wp-json\/wp\/v2\/product_tag?post=23217"}],"curies":[{"name":"wp","href":"https:\/\/api.w.org\/{rel}","templated":true}]}}