{"id":23205,"date":"2025-05-26T10:23:19","date_gmt":"2025-05-26T08:23:19","guid":{"rendered":"https:\/\/www.ferberpainting.com\/products\/drain-unblocker\/"},"modified":"2026-02-15T13:52:04","modified_gmt":"2026-02-15T12:52:04","slug":"drain-unblocker","status":"publish","type":"product","link":"https:\/\/www.ferberpainting.com\/lv\/products\/drain-unblocker\/","title":{"rendered":"Aizs\u0113r\u0113juma likvid\u0113t\u0101js"},"content":{"rendered":"<p><img decoding=\"async\" style=\"margin-right: 12px;\" src=\"https:\/\/www.ferberpainting.com\/wp-content\/uploads\/2026\/02\/Check.svg\" alt=\"\" width=\"18\" height=\"15\" \/><strong>\u0100tra un efekt\u012bva aizs\u0113r\u0113jumu nov\u0113r\u0161ana.<\/strong>\u00a0\u0160is notekas atblo\u0137\u0113t\u0101js ir paredz\u0113ts, lai \u0101tri iz\u0161\u0137\u012bdin\u0101tu aizs\u0113r\u0113jumus, ko rada caurul\u0113s uzkr\u0101ju\u0161ies organiskie atlikumi, tauki, mati, ziepes un citi gru\u017ei. T\u0101 sp\u0113c\u012bg\u0101 formula iek\u013c\u016bst dzi\u013ci, lai atjaunotu vienm\u0113r\u012bgu \u016bdens pl\u016bsmu un nov\u0113rstu nepat\u012bkamas smakas. Tas ir \u012bpa\u0161i piem\u0113rots izlietn\u0113m, izlietn\u0113m, du\u0161\u0101m, vann\u0101m un m\u0101jsaimniec\u012bbas caurul\u0113m, nodro\u0161inot optim\u0101lu kanaliz\u0101cijas sist\u0113mas uztur\u0113\u0161anu.<\/p>\n<p><img decoding=\"async\" style=\"margin-right: 12px;\" src=\"https:\/\/www.ferberpainting.com\/wp-content\/uploads\/2026\/02\/Check.svg\" alt=\"\" width=\"18\" height=\"15\" \/><strong>Naudas atmaksas garantija.<\/strong>\u00a0M\u0113s esam piln\u012bb\u0101 p\u0101rliecin\u0101ti par m\u016bsu notekas atblo\u0137\u0113t\u0101ja efektivit\u0101ti, t\u0101p\u0113c pied\u0101v\u0101jam naudas atmaksas garantiju. Ja p\u0113c lieto\u0161anas saska\u0146\u0101 ar instrukcij\u0101m produkts neatrisina j\u016bsu probl\u0113mu, varat piepras\u012bt atmaks\u0101t naudu bez nosac\u012bjumiem, t\u0101d\u0113j\u0101di nodro\u0161inot dro\u0161u un bezriska pirkumu.<\/p>\n<p><img decoding=\"async\" style=\"margin-right: 12px;\" src=\"https:\/\/www.ferberpainting.com\/wp-content\/uploads\/2026\/02\/Check.svg\" alt=\"\" width=\"18\" height=\"15\" \/><strong>Sader\u012bgs ar da\u017e\u0101diem cauru\u013cu veidiem un materi\u0101liem.<\/strong>\u00a0\u0160is atblo\u0137\u0113t\u0101js ir piem\u0113rots PVC, vara, \u010duguna un ner\u016bs\u0113jo\u0161\u0101 t\u0113rauda caurul\u0113m, k\u0101 ar\u012b modern\u0101m un vec\u0101m instal\u0101cij\u0101m. To var dro\u0161i lietot vairum\u0101 m\u0101jsaimniec\u012bbas un profesion\u0101lo dren\u0101\u017eas sist\u0113mu, tostarp septiskaj\u0101s tvertn\u0113s, nerisk\u0113jot saboj\u0101t caurules.<\/p>\n<p><img decoding=\"async\" style=\"margin-right: 12px;\" src=\"https:\/\/www.ferberpainting.com\/wp-content\/uploads\/2026\/02\/Check.svg\" alt=\"\" width=\"18\" height=\"15\" \/><strong>Rentabla un optimiz\u0113ta doz\u0113\u0161ana.<\/strong>\u00a0Pateicoties t\u0101 \u013coti koncentr\u0113tajai formulai, 1 litrs produkta var apstr\u0101d\u0101t l\u012bdz pat 4 aizsprostojumiem, padarot to par ekonomisku un efekt\u012bvu risin\u0101jumu regul\u0101rai cauru\u013cu apkopei. T\u0101 m\u0113r\u0137tiec\u012bg\u0101 iedarb\u012bba samazina daudzumu, kas nepiecie\u0161ams katrai lieto\u0161anai, nov\u0113r\u0161ot iz\u0161\u0137\u0113rd\u0113\u0161anu un nodro\u0161inot maksim\u0101lu efektivit\u0101ti ar minim\u0101lu produkta pat\u0113ri\u0146u.<\/p>\n<p><img decoding=\"async\" style=\"margin-right: 12px;\" src=\"https:\/\/www.ferberpainting.com\/wp-content\/uploads\/2026\/02\/Check.svg\" alt=\"\" width=\"18\" height=\"15\" \/><strong>Dro\u0161s produkts, kas aizsarg\u0101 j\u016bsu instal\u0101cijas.<\/strong>\u00a0At\u0161\u0137ir\u012bb\u0101 no tradicion\u0101lajiem atblo\u0137\u0113t\u0101jiem, kas satur \u013coti kod\u012bgas vielas, \u0161is atblo\u0137\u0113t\u0101js neboj\u0101 caurules, ja to lieto saska\u0146\u0101 ar nor\u0101d\u012bjumiem. Tas darbojas kontrol\u0113t\u0101 veid\u0101, lai iz\u0161\u0137\u012bdin\u0101tu blo\u0137\u0113jo\u0161os materi\u0101lus, neietekm\u0113jot cauru\u013cu strukt\u016bru, kas \u013cauj to regul\u0101ri lietot bez ilgtermi\u0146a degrad\u0101cijas riska.<\/p>\n<p><img decoding=\"async\" style=\"margin-right: 12px;\" src=\"https:\/\/www.ferberpainting.com\/wp-content\/uploads\/2026\/02\/Check.svg\" alt=\"\" width=\"18\" height=\"15\" \/><strong>Viegli lietojams un \u0101tri iedarbojas.<\/strong>\u00a0\u0160is atblo\u0137\u0113t\u0101js ir gatavs lieto\u0161anai, un tam nav nepiecie\u0161ama iepriek\u0161\u0113ja sagatavo\u0161ana. Vienk\u0101r\u0161i ielejiet to tie\u0161i aizs\u0113r\u0113ju\u0161aj\u0101 notekcaurul\u0113, pagaidiet da\u017eas min\u016btes un r\u016bp\u012bgi izskalojiet ar \u016bdeni, lai atjaunotu vienm\u0113r\u012bgu pl\u016bsmu. T\u0101 \u012bpa\u0161i \u0101tr\u0101 iedarb\u012bba \u013cauj atblo\u0137\u0113t caurules tikai 15 l\u012bdz 30 min\u016b\u0161u laik\u0101, t\u0101d\u0113j\u0101di samazinot ne\u0113rt\u012bbas, ko rada aizs\u0113r\u0113jusi dren\u0101\u017eas sist\u0113ma.<\/p>\n<p><img decoding=\"async\" style=\"margin-right: 12px;\" src=\"https:\/\/www.ferberpainting.com\/wp-content\/uploads\/2026\/02\/Check.svg\" alt=\"\" width=\"18\" height=\"15\" \/><strong>Ilgsto\u0161a iedarb\u012bba un turpm\u0101ku aizs\u0113r\u0113jumu nov\u0113r\u0161ana.<\/strong>\u00a0Papildus tam, ka \u0161is l\u012bdzeklis ne tikai efekt\u012bvi atblo\u0137\u0113 caurules, bet ar\u012b nov\u0113r\u0161 jaunu aizs\u0113r\u0113jumu veido\u0161anos, pak\u0101peniski iz\u0161\u0137\u012bdinot uzkr\u0101tos atlikumus. Regul\u0101ra lieto\u0161ana pal\u012bdz uztur\u0113t t\u012bru un funkcion\u0113jo\u0161u dren\u0101\u017eas sist\u0113mu, izvairoties no d\u0101rg\u0101m iejauk\u0161an\u0101s darb\u012bb\u0101m un ne\u0113rt\u012bb\u0101m, ko rada past\u0101v\u012bgi aizsprostojumi.<\/p>\n<p><img decoding=\"async\" style=\"margin-right: 12px;\" src=\"https:\/\/www.ferberpainting.com\/wp-content\/uploads\/2026\/02\/Check.svg\" alt=\"\" width=\"18\" height=\"15\" \/><strong>T\u016bl\u012bt\u0113ji rezult\u0101ti ilgsto\u0161am komfortam.<\/strong>\u00a0No lieto\u0161anas br\u012b\u017ea \u0161is atblo\u0137\u0113t\u0101js s\u0101k darboties ar nogulsn\u0113m un materi\u0101liem, kas aizsprosto caurules. P\u0113c vienk\u0101r\u0161as skalo\u0161anas \u016bdens atkal viegli pl\u016bst, \u013caujot \u0101tri un norm\u0101li izmantot sanit\u0101r\u0101s iek\u0101rtas.<\/p>\n<h2><strong>Lieto\u0161anas protokols<\/strong><\/h2>\n<ul>\n<li><strong>Cauru\u013cu sagatavo\u0161ana <\/strong>: Pirms lieto\u0161anas p\u0101rliecinieties, ka st\u0101vo\u0161ais \u016bdens ir p\u0113c iesp\u0113jas vair\u0101k iztuk\u0161ots, lai l\u012bdzeklis var\u0113tu iedarboties tie\u0161i uz aizs\u0113r\u0113jumu.<\/li>\n<li><strong>Ieteicam\u0101s devas <\/strong>: Ielejiet 250 ml l\u012bdzek\u013ca uz vienu aizs\u0113r\u0113ju\u0161u notekas aizsprostojumu, t. i., ar vienu litru var izt\u012br\u012bt l\u012bdz pat 4 aizsprostojumiem. Profilaktiskai apkopei var regul\u0101ri lietot maz\u0101ku daudzumu.<\/li>\n<li><strong>Unblocker lietojumprogramma <\/strong>: L\u0113n\u0101m ielejiet ieteikto devu tie\u0161i skartaj\u0101 notekcaurul\u0113, nepievienojot \u016bdeni un nesajaucot to ar citiem \u0137\u012bmiskiem produktiem.<\/li>\n<li><strong>R\u012bc\u012bbas laiks <\/strong>: Atkar\u012bb\u0101 no aizs\u0113r\u0113juma smaguma \u013caujiet tam iedarboties 15 l\u012bdz 30 min\u016btes. Sare\u017e\u0123\u012bt\u0101ku aizsprostojumu gad\u012bjum\u0101 \u013caujiet tam iedarboties l\u012bdz pat 1 stundai, pirms r\u016bp\u012bgi izskalojiet.<\/li>\n<li><strong>Skalo\u0161ana un pl\u016bsmas kontrole <\/strong>: P\u0113c gaid\u012b\u0161anas laika r\u016bp\u012bgi noskalojiet ar karstu \u016bdeni, lai no\u0146emtu iz\u0161\u0137\u012bdu\u0161os atlikumus, un p\u0101rbaudiet, vai pl\u016bsma ir normaliz\u0113jusies.<\/li>\n<li><strong>Profilaktisk\u0101 apkope <\/strong>: Lai izvair\u012btos no turpm\u0101kiem aizs\u0113r\u0113jumiem, lietojiet reizi m\u0113nes\u012b nelielos daudzumos, lai pak\u0101peniski iz\u0161\u0137\u012bdin\u0101tu nogulsnes un uztur\u0113tu optim\u0101lu pl\u016bsmu.<\/li>\n<li><strong>Lieto\u0161anas piesardz\u012bbas pas\u0101kumi <\/strong>: Nelietot uz alum\u012bnija vai cinka virsm\u0101m. Izvair\u012bties no saskares ar \u0101du un ac\u012bm. Saskares gad\u012bjum\u0101 nekav\u0113joties noskalot ar t\u012bru \u016bdeni.<\/li>\n<li><strong>Uzglab\u0101\u0161ana un konserv\u0113\u0161ana <\/strong>: Uzglab\u0101t produktu v\u0113s\u0101, saus\u0101 viet\u0101, b\u0113rniem nepieejam\u0101 viet\u0101 un b\u0113rniem nepieejam\u0101 viet\u0101. P\u0113c lieto\u0161anas cie\u0161i aizv\u0113rt, lai nov\u0113rstu iztvaiko\u0161anu.<\/li>\n<\/ul>\n<p>Ar \u0161o dren\u0101\u017eas atblo\u0137\u0113\u0161anas ier\u012bci efekt\u012bvi nov\u0113rs\u012bsit aizs\u0113r\u0113jumus un uztur\u0113sit vienm\u0113r\u012bgu un efekt\u012bvu dren\u0101\u017eas sist\u0113mu visa gada garum\u0101, nodro\u0161inot \u0101trus, ekonomiskus un dro\u0161us rezult\u0101tus j\u016bsu iek\u0101rt\u0101m.<\/p>","protected":false},"excerpt":{"rendered":"<p>Fast and Effective Clog Removal.\u00a0This drain unblocker is designed to quickly dissolve clogs caused by organic residues, grease, hair, soap, and other debris accumulated in pipes. Its powerful formula penetrates deeply to restore a smooth water flow and prevent unpleasant odors. It is particularly suitable for sinks, washbasins, showers, bathtubs, and household pipes, ensuring optimal [&hellip;]<\/p>\n","protected":false},"featured_media":25757,"comment_status":"open","ping_status":"closed","template":"","meta":{"_uag_custom_page_level_css":"","site-sidebar-layout":"default","site-content-layout":"","ast-site-content-layout":"default","site-content-style":"default","site-sidebar-style":"default","ast-global-header-display":"","ast-banner-title-visibility":"","ast-main-header-display":"","ast-hfb-above-header-display":"","ast-hfb-below-header-display":"","ast-hfb-mobile-header-display":"","site-post-title":"","ast-breadcrumbs-content":"","ast-featured-img":"","footer-sml-layout":"","ast-disable-related-posts":"","theme-transparent-header-meta":"default","adv-header-id-meta":"","stick-header-meta":"","header-above-stick-meta":"","header-main-stick-meta":"","header-below-stick-meta":"","astra-migrate-meta-layouts":"set","ast-page-background-enabled":"default","ast-page-background-meta":{"desktop":{"background-color":"var(--ast-global-color-4)","background-image":"","background-repeat":"repeat","background-position":"center center","background-size":"auto","background-attachment":"scroll","background-type":"","background-media":"","overlay-type":"","overlay-color":"","overlay-opacity":"","overlay-gradient":""},"tablet":{"background-color":"","background-image":"","background-repeat":"repeat","background-position":"center center","background-size":"auto","background-attachment":"scroll","background-type":"","background-media":"","overlay-type":"","overlay-color":"","overlay-opacity":"","overlay-gradient":""},"mobile":{"background-color":"","background-image":"","background-repeat":"repeat","background-position":"center center","background-size":"auto","background-attachment":"scroll","background-type":"","background-media":"","overlay-type":"","overlay-color":"","overlay-opacity":"","overlay-gradient":""}},"ast-content-background-meta":{"desktop":{"background-color":"var(--ast-global-color-5)","background-image":"","background-repeat":"repeat","background-position":"center center","background-size":"auto","background-attachment":"scroll","background-type":"","background-media":"","overlay-type":"","overlay-color":"","overlay-opacity":"","overlay-gradient":""},"tablet":{"background-color":"var(--ast-global-color-5)","background-image":"","background-repeat":"repeat","background-position":"center center","background-size":"auto","background-attachment":"scroll","background-type":"","background-media":"","overlay-type":"","overlay-color":"","overlay-opacity":"","overlay-gradient":""},"mobile":{"background-color":"var(--ast-global-color-5)","background-image":"","background-repeat":"repeat","background-position":"center center","background-size":"auto","background-attachment":"scroll","background-type":"","background-media":"","overlay-type":"","overlay-color":"","overlay-opacity":"","overlay-gradient":""}}},"product_brand":[],"product_cat":[175],"product_tag":[],"class_list":{"0":"post-23205","1":"product","2":"type-product","3":"status-publish","4":"has-post-thumbnail","6":"product_cat-cleaning-products","7":"desktop-align-left","8":"tablet-align-left","9":"mobile-align-left","11":"first","12":"instock","13":"sale","14":"taxable","15":"shipping-taxable","16":"purchasable","17":"product-type-variable","18":"has-default-attributes"},"spectra_custom_meta":{"_visibility":["visible"],"_shopify_product_id":["9062189367541"],"_s2w_shopify_domain":["ferberpainting.myshopify.com"],"_shopify_variant_id":["46487978508533"],"_sku":[""],"_manage_stock":["no"],"total_sales":["57"],"_tax_status":["taxable"],"_tax_class":[""],"_backorders":["no"],"_sold_individually":["no"],"_virtual":["no"],"_downloadable":["no"],"_download_limit":["-1"],"_download_expiry":["-1"],"_stock":[null],"_stock_status":["instock"],"_wc_average_rating":["5.00"],"_wc_review_count":["6"],"_product_attributes":["a:1:{s:6:\"volume\";a:6:{s:4:\"name\";s:6:\"Volume\";s:5:\"value\";s:20:\"5 liters | 25 liters\";s:8:\"position\";i:1;s:10:\"is_visible\";i:0;s:12:\"is_variation\";i:1;s:11:\"is_taxonomy\";i:0;}}"],"_product_version":["10.5.1"],"_thumbnail_id":["25757"],"_product_image_gallery":["25758"],"wpse_downloadable_file_names":[""],"wpse_downloadable_file_urls":[""],"_edit_last":["1"],"_default_attributes":["a:1:{s:6:\"volume\";s:8:\"5 liters\";}"],"_edit_lock":["1771159789:1"],"merchant-center-availability":["yes"],"merchant-center-category":["1749"],"_price":["29.90","129.90"],"_wp_page_template":["default"],"site-sidebar-layout":["default"],"ast-site-content-layout":["default"],"site-content-style":["default"],"site-sidebar-style":["default"],"theme-transparent-header-meta":["default"],"_wc_rating_count":["a:1:{i:5;i:6;}"],"astra-migrate-meta-layouts":["set"],"_uag_css_file_name":["uag-css-23205.css"],"_elementor_page_assets":["a:0:{}"],"_uag_page_assets":["a:9:{s:3:\"css\";s:7133:\".uag-blocks-common-selector{z-index:var(--z-index-desktop) !important}@media(max-width: 976px){.uag-blocks-common-selector{z-index:var(--z-index-tablet) !important}}@media(max-width: 767px){.uag-blocks-common-selector{z-index:var(--z-index-mobile) !important}}.wp-block-uagb-image{display:flex}.wp-block-uagb-image__figure{position:relative;display:flex;flex-direction:column;max-width:100%;height:auto;margin:0}.wp-block-uagb-image__figure img{height:auto;display:flex;max-width:100%;transition:box-shadow .2s ease}.wp-block-uagb-image__figure>a{display:inline-block}.wp-block-uagb-image__figure figcaption{text-align:center;margin-top:.5em;margin-bottom:1em}.wp-block-uagb-image .components-placeholder.block-editor-media-placeholder .components-placeholder__instructions{align-self:center}.wp-block-uagb-image--align-left{text-align:left}.wp-block-uagb-image--align-right{text-align:right}.wp-block-uagb-image--align-center{text-align:center}.wp-block-uagb-image--align-full .wp-block-uagb-image__figure{margin-left:calc(50% - 50vw);margin-right:calc(50% - 50vw);max-width:100vw;width:100vw;height:auto}.wp-block-uagb-image--align-full .wp-block-uagb-image__figure img{height:auto;width:100% !important}.wp-block-uagb-image--align-wide .wp-block-uagb-image__figure img{height:auto;width:100%}.wp-block-uagb-image--layout-overlay__color-wrapper{position:absolute;left:0;top:0;right:0;bottom:0;opacity:.2;background:rgba(0,0,0,.5);transition:opacity .35s ease-in-out}.wp-block-uagb-image--layout-overlay-link{position:absolute;left:0;right:0;bottom:0;top:0}.wp-block-uagb-image--layout-overlay .wp-block-uagb-image__figure:hover .wp-block-uagb-image--layout-overlay__color-wrapper{opacity:1}.wp-block-uagb-image--layout-overlay__inner{position:absolute;left:15px;right:15px;bottom:15px;top:15px;display:flex;align-items:center;justify-content:center;flex-direction:column;border-color:#fff;transition:.35s ease-in-out}.wp-block-uagb-image--layout-overlay__inner.top-left,.wp-block-uagb-image--layout-overlay__inner.top-center,.wp-block-uagb-image--layout-overlay__inner.top-right{justify-content:flex-start}.wp-block-uagb-image--layout-overlay__inner.bottom-left,.wp-block-uagb-image--layout-overlay__inner.bottom-center,.wp-block-uagb-image--layout-overlay__inner.bottom-right{justify-content:flex-end}.wp-block-uagb-image--layout-overlay__inner.top-left,.wp-block-uagb-image--layout-overlay__inner.center-left,.wp-block-uagb-image--layout-overlay__inner.bottom-left{align-items:flex-start}.wp-block-uagb-image--layout-overlay__inner.top-right,.wp-block-uagb-image--layout-overlay__inner.center-right,.wp-block-uagb-image--layout-overlay__inner.bottom-right{align-items:flex-end}.wp-block-uagb-image--layout-overlay__inner .uagb-image-heading{color:#fff;transition:transform .35s,opacity .35s ease-in-out;transform:translate3d(0, 24px, 0);margin:0;line-height:1em}.wp-block-uagb-image--layout-overlay__inner .uagb-image-separator{width:30%;border-top-width:2px;border-top-color:#fff;border-top-style:solid;margin-bottom:10px;opacity:0;transition:transform .4s,opacity .4s ease-in-out;transform:translate3d(0, 30px, 0)}.wp-block-uagb-image--layout-overlay__inner .uagb-image-caption{opacity:0;overflow:visible;color:#fff;transition:transform .45s,opacity .45s ease-in-out;transform:translate3d(0, 35px, 0)}.wp-block-uagb-image--layout-overlay__inner:hover .uagb-image-heading,.wp-block-uagb-image--layout-overlay__inner:hover .uagb-image-separator,.wp-block-uagb-image--layout-overlay__inner:hover .uagb-image-caption{opacity:1;transform:translate3d(0, 0, 0)}.wp-block-uagb-image--effect-zoomin .wp-block-uagb-image__figure img,.wp-block-uagb-image--effect-zoomin .wp-block-uagb-image__figure .wp-block-uagb-image--layout-overlay__color-wrapper{transform:scale(1);transition:transform .35s ease-in-out}.wp-block-uagb-image--effect-zoomin .wp-block-uagb-image__figure:hover img,.wp-block-uagb-image--effect-zoomin .wp-block-uagb-image__figure:hover .wp-block-uagb-image--layout-overlay__color-wrapper{transform:scale(1.05)}.wp-block-uagb-image--effect-slide .wp-block-uagb-image__figure img,.wp-block-uagb-image--effect-slide .wp-block-uagb-image__figure .wp-block-uagb-image--layout-overlay__color-wrapper{width:calc(100% + 40px) !important;max-width:none !important;transform:translate3d(-40px, 0, 0);transition:transform .35s ease-in-out}.wp-block-uagb-image--effect-slide .wp-block-uagb-image__figure:hover img,.wp-block-uagb-image--effect-slide .wp-block-uagb-image__figure:hover .wp-block-uagb-image--layout-overlay__color-wrapper{transform:translate3d(0, 0, 0)}.wp-block-uagb-image--effect-grayscale img{filter:grayscale(0%);transition:.35s ease-in-out}.wp-block-uagb-image--effect-grayscale:hover img{filter:grayscale(100%)}.wp-block-uagb-image--effect-blur img{filter:blur(0);transition:.35s ease-in-out}.wp-block-uagb-image--effect-blur:hover img{filter:blur(3px)}.uagb-block-e6f939b3.wp-block-uagb-image--layout-default figure img{box-shadow: 0px 0px 0 #00000070;}.uagb-block-e6f939b3.wp-block-uagb-image .wp-block-uagb-image__figure figcaption{font-style: normal;align-self: center;}.uagb-block-e6f939b3.wp-block-uagb-image--layout-overlay figure img{box-shadow: 0px 0px 0 #00000070;}.uagb-block-e6f939b3.wp-block-uagb-image--layout-overlay .wp-block-uagb-image--layout-overlay__color-wrapper{opacity: 0.2;}.uagb-block-e6f939b3.wp-block-uagb-image--layout-overlay .wp-block-uagb-image--layout-overlay__inner{left: 15px;right: 15px;top: 15px;bottom: 15px;}.uagb-block-e6f939b3.wp-block-uagb-image--layout-overlay .wp-block-uagb-image--layout-overlay__inner .uagb-image-heading{font-style: normal;color: #fff;opacity: 1;}.uagb-block-e6f939b3.wp-block-uagb-image--layout-overlay .wp-block-uagb-image--layout-overlay__inner .uagb-image-heading a{color: #fff;}.uagb-block-e6f939b3.wp-block-uagb-image--layout-overlay .wp-block-uagb-image--layout-overlay__inner .uagb-image-caption{opacity: 0;}.uagb-block-e6f939b3.wp-block-uagb-image--layout-overlay .wp-block-uagb-image__figure:hover .wp-block-uagb-image--layout-overlay__color-wrapper{opacity: 1;}.uagb-block-e6f939b3.wp-block-uagb-image .wp-block-uagb-image--layout-overlay__inner .uagb-image-separator{width: 30%;border-top-width: 2px;border-top-color: #fff;opacity: 0;}.uagb-block-e6f939b3.wp-block-uagb-image .wp-block-uagb-image__figure img{width: px;height: auto;}.uagb-block-e6f939b3.wp-block-uagb-image .wp-block-uagb-image__figure:hover .wp-block-uagb-image--layout-overlay__inner .uagb-image-caption{opacity: 1;}.uagb-block-e6f939b3.wp-block-uagb-image .wp-block-uagb-image__figure:hover .wp-block-uagb-image--layout-overlay__inner .uagb-image-separator{opacity: 1;}.uagb-block-e6f939b3.wp-block-uagb-image--layout-default figure:hover img{box-shadow: 0px 0px 0 #00000070;}.uagb-block-e6f939b3.wp-block-uagb-image--layout-overlay figure:hover img{box-shadow: 0px 0px 0 #00000070;}@media only screen and (max-width: 976px) {.uagb-block-e6f939b3.wp-block-uagb-image .wp-block-uagb-image__figure img{width: px;height: auto;}}@media only screen and (max-width: 767px) {.uagb-block-e6f939b3.wp-block-uagb-image .wp-block-uagb-image__figure img{width: px;height: auto;}}\";s:2:\"js\";s:0:\"\";s:18:\"current_block_list\";a:13:{i:0;s:11:\"core\/search\";i:1;s:10:\"core\/group\";i:2;s:12:\"core\/heading\";i:3;s:17:\"core\/latest-posts\";i:4;s:20:\"core\/latest-comments\";i:5;s:13:\"core\/archives\";i:6;s:15:\"core\/categories\";i:7;s:14:\"core\/paragraph\";i:8;s:10:\"uagb\/image\";i:9;s:11:\"core\/spacer\";i:10;s:30:\"woocommerce\/product-categories\";i:11;s:10:\"core\/image\";i:12;s:14:\"core\/shortcode\";}s:8:\"uag_flag\";b:1;s:11:\"uag_version\";s:10:\"1777228628\";s:6:\"gfonts\";a:0:{}s:10:\"gfonts_url\";s:0:\"\";s:12:\"gfonts_files\";a:0:{}s:14:\"uag_faq_layout\";b:0;}"]},"uagb_featured_image_src":{"full":["https:\/\/www.ferberpainting.com\/wp-content\/uploads\/2025\/05\/DrainUnblocker5L.png",2560,2560,false],"thumbnail":["https:\/\/www.ferberpainting.com\/wp-content\/uploads\/2025\/05\/DrainUnblocker5L-150x150.png",150,150,true],"medium":["https:\/\/www.ferberpainting.com\/wp-content\/uploads\/2025\/05\/DrainUnblocker5L-300x300.png",300,300,true],"medium_large":["https:\/\/www.ferberpainting.com\/wp-content\/uploads\/2025\/05\/DrainUnblocker5L-768x768.png",768,768,true],"large":["https:\/\/www.ferberpainting.com\/wp-content\/uploads\/2025\/05\/DrainUnblocker5L-1024x1024.png",1024,1024,true],"1536x1536":["https:\/\/www.ferberpainting.com\/wp-content\/uploads\/2025\/05\/DrainUnblocker5L-1536x1536.png",1536,1536,true],"2048x2048":["https:\/\/www.ferberpainting.com\/wp-content\/uploads\/2025\/05\/DrainUnblocker5L-2048x2048.png",2048,2048,true],"trp-custom-language-flag":["https:\/\/www.ferberpainting.com\/wp-content\/uploads\/2025\/05\/DrainUnblocker5L-12x12.png",12,12,true],"woocommerce_thumbnail":["https:\/\/www.ferberpainting.com\/wp-content\/uploads\/2025\/05\/DrainUnblocker5L-300x300.png",300,300,true],"woocommerce_single":["https:\/\/www.ferberpainting.com\/wp-content\/uploads\/2025\/05\/DrainUnblocker5L-600x600.png",600,600,true],"woocommerce_gallery_thumbnail":["https:\/\/www.ferberpainting.com\/wp-content\/uploads\/2025\/05\/DrainUnblocker5L-100x100.png",100,100,true]},"uagb_author_info":{"display_name":"admin","author_link":"https:\/\/www.ferberpainting.com\/lv\/author\/"},"uagb_comment_info":6,"uagb_excerpt":"Fast and Effective Clog Removal.\u00a0This drain unblocker is designed to quickly dissolve clogs caused by organic residues, grease, hair, soap, and other debris accumulated in pipes. Its powerful formula penetrates deeply to restore a smooth water flow and prevent unpleasant odors. It is particularly suitable for sinks, washbasins, showers, bathtubs, and household pipes, ensuring optimal&hellip;","_links":{"self":[{"href":"https:\/\/www.ferberpainting.com\/lv\/wp-json\/wp\/v2\/product\/23205","targetHints":{"allow":["GET"]}}],"collection":[{"href":"https:\/\/www.ferberpainting.com\/lv\/wp-json\/wp\/v2\/product"}],"about":[{"href":"https:\/\/www.ferberpainting.com\/lv\/wp-json\/wp\/v2\/types\/product"}],"replies":[{"embeddable":true,"href":"https:\/\/www.ferberpainting.com\/lv\/wp-json\/wp\/v2\/comments?post=23205"}],"version-history":[{"count":4,"href":"https:\/\/www.ferberpainting.com\/lv\/wp-json\/wp\/v2\/product\/23205\/revisions"}],"predecessor-version":[{"id":166102,"href":"https:\/\/www.ferberpainting.com\/lv\/wp-json\/wp\/v2\/product\/23205\/revisions\/166102"}],"wp:featuredmedia":[{"embeddable":true,"href":"https:\/\/www.ferberpainting.com\/lv\/wp-json\/wp\/v2\/media\/25757"}],"wp:attachment":[{"href":"https:\/\/www.ferberpainting.com\/lv\/wp-json\/wp\/v2\/media?parent=23205"}],"wp:term":[{"taxonomy":"product_brand","embeddable":true,"href":"https:\/\/www.ferberpainting.com\/lv\/wp-json\/wp\/v2\/product_brand?post=23205"},{"taxonomy":"product_cat","embeddable":true,"href":"https:\/\/www.ferberpainting.com\/lv\/wp-json\/wp\/v2\/product_cat?post=23205"},{"taxonomy":"product_tag","embeddable":true,"href":"https:\/\/www.ferberpainting.com\/lv\/wp-json\/wp\/v2\/product_tag?post=23205"}],"curies":[{"name":"wp","href":"https:\/\/api.w.org\/{rel}","templated":true}]}}