{"id":23202,"date":"2025-07-01T16:23:03","date_gmt":"2025-07-01T14:23:03","guid":{"rendered":"https:\/\/www.ferberpainting.com\/?post_type=product&#038;p=23202"},"modified":"2026-02-15T13:51:02","modified_gmt":"2026-02-15T12:51:02","slug":"drain-and-sink-cleaner","status":"publish","type":"product","link":"https:\/\/www.ferberpainting.com\/lv\/products\/drain-and-sink-cleaner\/","title":{"rendered":"Kanaliz\u0101cijas, izliet\u0146u un roku mazg\u0101tuvju t\u012br\u012b\u0161anas l\u012bdzeklis"},"content":{"rendered":"<p><img decoding=\"async\" style=\"margin-right: 12px;\" src=\"https:\/\/www.ferberpainting.com\/wp-content\/uploads\/2026\/02\/Check.svg\" alt=\"\" width=\"18\" height=\"15\" \/><strong>\u0100tri atbr\u012bvo notekas un atjauno pilnu \u016bdens pl\u016bsmu.<\/strong> M\u016bsu dren\u0101\u017eas un izliet\u0146u t\u012br\u012b\u0161anas l\u012bdzeklis ir \u012bpa\u0161i izstr\u0101d\u0101ts, lai efekt\u012bvi iz\u0161\u0137\u012bdin\u0101tu aizsprostojumus un atjaunotu pareizu dren\u0101\u017eu virtuv\u0113s, vannas istab\u0101s, du\u0161\u0101s un izlietn\u0113s. Tas strauji no\u0101rda uzkr\u0101tos nos\u0113dumus, \u013caujot \u016bdenim atkal br\u012bvi pl\u016bst bez nepiecie\u0161am\u012bbas izmantot d\u0101rgus santehnikas pakalpojumus.<\/p>\n<p><strong><img decoding=\"async\" style=\"margin-right: 12px;\" src=\"https:\/\/www.ferberpainting.com\/wp-content\/uploads\/2026\/02\/Check.svg\" alt=\"\" width=\"18\" height=\"15\" \/>Efekt\u012bv\u0101kais pieejamais dren\u0101\u017eas t\u012br\u012b\u0161anas risin\u0101jums.<\/strong> \u0160\u012b formula ir izstr\u0101d\u0101ta ar sp\u0113c\u012bg\u0101m akt\u012bvaj\u0101m viel\u0101m, kas iek\u013c\u016bst st\u0101vo\u0161\u0101 \u016bden\u012b un nov\u0113r\u0161 aizs\u0113r\u0113jumu c\u0113lo\u0146us. T\u0101 \u0161\u0137\u012bdina taukus, ziepju nos\u0113dumus, matus, \u0113diena atliekas un organiskos nogulsnes efekt\u012bv\u0101k nek\u0101 standarta sadz\u012bves t\u012br\u012b\u0161anas l\u012bdzek\u013ci, nodro\u0161inot \u0101trus un redzamus rezult\u0101tus.<\/p>\n<p><strong><img decoding=\"async\" style=\"margin-right: 12px;\" src=\"https:\/\/www.ferberpainting.com\/wp-content\/uploads\/2026\/02\/Check.svg\" alt=\"\" width=\"18\" height=\"15\" \/>Naudas atmaksas garantija piln\u012bgai p\u0101rliec\u012bbai.<\/strong> M\u0113s atbalst\u0101m m\u016bsu notek\u016bde\u0146u un izliet\u0146u t\u012br\u012b\u0161anas l\u012bdzek\u013cu iztur\u012bbu un uzticam\u012bbu. Ja neesat piln\u012bb\u0101 apmierin\u0101ts ar t\u0101 darb\u012bbu, m\u0113s pied\u0101v\u0101jam pilnu naudas atmaksu. M\u016bsu naudas atmaksas garantija nodro\u0161ina, ka j\u016bsu pirkums ir piln\u012bgi bez riska.<\/p>\n<p><strong><img decoding=\"async\" style=\"margin-right: 12px;\" src=\"https:\/\/www.ferberpainting.com\/wp-content\/uploads\/2026\/02\/Check.svg\" alt=\"\" width=\"18\" height=\"15\" \/>L\u0113t\u0101kais augstas veiktsp\u0113jas dren\u0101\u017eas t\u012br\u012b\u0161anas l\u012bdzeklis tirg\u016b.<\/strong> Efekt\u012bvai santehnikas apkopei nevajadz\u0113tu pras\u012bt d\u0101rgu iejauk\u0161anos. M\u016bsu produkts apvieno profesion\u0101la l\u012bme\u0146a jaudu un konkur\u0113tsp\u0113j\u012bg\u0101ko cenu, kas ir pieejama, pied\u0101v\u0101jot izcilu v\u0113rt\u012bbu sal\u012bdzin\u0101jum\u0101 ar atk\u0101rtotiem santehni\u0137a apmekl\u0113jumiem vai p\u0101rlieku d\u0101rg\u0101m alternat\u012bv\u0101m.<\/p>\n<p><strong><img decoding=\"async\" style=\"margin-right: 12px;\" src=\"https:\/\/www.ferberpainting.com\/wp-content\/uploads\/2026\/02\/Check.svg\" alt=\"\" width=\"18\" height=\"15\" \/>\u0100tra pieg\u0101de 24 stundas diennakt\u012b steidzamu aizsprostojumu gad\u012bjum\u0101.<\/strong> Kanaliz\u0101cijas probl\u0113mas var trauc\u0113t ikdienas darbu. T\u0101p\u0113c m\u0113s pied\u0101v\u0101jam uzticamu pieg\u0101di 24 stundas diennakt\u012b, nodro\u0161inot, ka risin\u0101jums tiek pieg\u0101d\u0101ts \u0101tri, lai j\u016bs var\u0113tu nekav\u0113joties nov\u0113rst aizs\u0113r\u0113jumus.<\/p>\n<p><strong><img decoding=\"async\" style=\"margin-right: 12px;\" src=\"https:\/\/www.ferberpainting.com\/wp-content\/uploads\/2026\/02\/Check.svg\" alt=\"\" width=\"18\" height=\"15\" \/>Darbojas vair\u0101ku veidu aizsprostojumu gad\u012bjum\u0101.<\/strong> Neatkar\u012bgi no t\u0101, vai \u0161\u0137\u0113r\u0161\u013cus rada tauku uzkr\u0101\u0161an\u0101s virtuves izlietn\u0113s, matu uzkr\u0101\u0161an\u0101s vannas istabas notekcaurul\u0113s, ziepju atlikumi du\u0161\u0101s vai organiskie atkritumi gr\u012bdas notekcaurul\u0113s, \u0161is t\u012br\u012b\u0161anas l\u012bdzeklis ir paredz\u0113ts da\u017e\u0101du bie\u017ei sastopamu santehnikas probl\u0113mu risin\u0101\u0161anai.<\/p>\n<p><strong><img decoding=\"async\" style=\"margin-right: 12px;\" src=\"https:\/\/www.ferberpainting.com\/wp-content\/uploads\/2026\/02\/Check.svg\" alt=\"\" width=\"18\" height=\"15\" \/>Ies\u016bcas st\u0101vo\u0161\u0101 \u016bden\u012b, nodro\u0161inot dzi\u013cu t\u012br\u012b\u0161anu.<\/strong> Prepar\u0101ts izk\u013c\u016bst cauri st\u0101vo\u0161am \u016bdenim un tie\u0161i sasniedz aizs\u0113r\u0113jumu. \u0160\u012b dzi\u013c\u0101s iek\u013c\u016b\u0161anas sp\u0113ja nodro\u0161ina, ka akt\u012bv\u0101s sast\u0101vda\u013cas iedarbojas tie\u0161i tur, kur nepiecie\u0161ams, lai nodro\u0161in\u0101tu maksim\u0101lu efektivit\u0101ti.<\/p>\n<p><strong><img decoding=\"async\" style=\"margin-right: 12px;\" src=\"https:\/\/www.ferberpainting.com\/wp-content\/uploads\/2026\/02\/Check.svg\" alt=\"\" width=\"18\" height=\"15\" \/>Pal\u012bdz nov\u0113rst nepat\u012bkamas smakas.<\/strong> Iz\u0161\u0137\u012bdinot caurul\u0113s iespr\u016bdu\u0161\u0101s organisk\u0101s vielas, t\u012br\u012b\u0161anas l\u012bdzeklis nov\u0113r\u0161 nepat\u012bkamas smakas avotu un pal\u012bdz uztur\u0113t svaig\u0101kas un higi\u0113nisk\u0101kas kanaliz\u0101cijas sist\u0113mas.<\/p>\n<p><strong><img decoding=\"async\" style=\"margin-right: 12px;\" src=\"https:\/\/www.ferberpainting.com\/wp-content\/uploads\/2026\/02\/Check.svg\" alt=\"\" width=\"18\" height=\"15\" \/>Piem\u0113rots regul\u0101rai apkopei un lieto\u0161anai \u0101rk\u0101rtas situ\u0101cij\u0101s.<\/strong> \u0160o notek\u016bde\u0146u un izliet\u0146u t\u012br\u012b\u0161anas l\u012bdzekli var izmantot gan profilaktiskai apkopei, gan k\u0101 sp\u0113c\u012bgu av\u0101rijas risin\u0101jumu nopietnu aizsprostojumu gad\u012bjum\u0101. Regul\u0101ra lieto\u0161ana pal\u012bdz uztur\u0113t optim\u0101lu cauru\u013cu darb\u012bbu.<\/p>\n<p><strong><img decoding=\"async\" style=\"margin-right: 12px;\" src=\"https:\/\/www.ferberpainting.com\/wp-content\/uploads\/2026\/02\/Check.svg\" alt=\"\" width=\"18\" height=\"15\" \/>Viegla un kontrol\u0113ta lieto\u0161ana.<\/strong> \u0160\u0137idr\u0101 formula ir paredz\u0113ta vienk\u0101r\u0161ai lieto\u0161anai, un t\u0101 \u013cauj prec\u012bzi iepild\u012bt \u0161\u0137idrumu tie\u0161i notekcaurul\u0113s bez sare\u017e\u0123\u012btas sagatavo\u0161anas. Tas ir piem\u0113rots lieto\u0161anai m\u0101jsaimniec\u012bb\u0101s un neliel\u0101s tirdzniec\u012bbas viet\u0101s.<\/p>\n<h2><strong>Instrukcijas<\/strong><\/h2>\n<ul>\n<li>Pirms lieto\u0161anas no izlietnes vai notekcaurules not\u012briet p\u0113c iesp\u0113jas vair\u0101k st\u0101vo\u0161a \u016bdens.<\/li>\n<li>Uzman\u012bgi ielejiet ieteikto t\u012br\u012b\u0161anas l\u012bdzek\u013ca daudzumu tie\u0161i dren\u0101\u017eas atver\u0113.<\/li>\n<li>Vid\u0113ji smagu aizsprostojumu gad\u012bjum\u0101 izmantojiet aptuveni 250 ml. Smagu aizsprostojumu gad\u012bjum\u0101 devu palieliniet l\u012bdz 500 ml.<\/li>\n<li>\u013baujiet produktam iedarboties vismaz 15 l\u012bdz 30 min\u016btes. Sp\u0113c\u012bgu aizsprostojumu gad\u012bjum\u0101 atst\u0101jiet l\u012bdzekli iedarboties ilg\u0101k atkar\u012bb\u0101 no t\u0101 smaguma pak\u0101pes.<\/li>\n<li>P\u0113c gaid\u012b\u0161anas perioda r\u016bp\u012bgi izskalojiet ar karstu \u016bdeni, lai not\u012br\u012btu iz\u0161\u0137\u012bdu\u0161os gru\u017eus un atjaunotu pl\u016bsmu.<\/li>\n<li>Profilaktiskai apkopei reizi m\u0113nes\u012b uzkl\u0101jiet 100 l\u012bdz 200 ml, lai cauru\u013cvadi b\u016btu t\u012bri un mazin\u0101tu nos\u0113dumus.<\/li>\n<li>Izvairieties no sajauk\u0161anas ar citiem t\u012br\u012b\u0161anas l\u012bdzek\u013ciem, lai nov\u0113rstu nev\u0113lamu \u0137\u012bmisku reakciju.<\/li>\n<li>Lieto\u0161anas laik\u0101 nodro\u0161iniet pareizu ventil\u0101ciju un izvairieties no tie\u0161as saskares ar \u0101du un ac\u012bm.<\/li>\n<li>Lieto\u0161anas laik\u0101 ne\u013caujiet b\u0113rniem un m\u0101jdz\u012bvniekiem atrasties tuvum\u0101.<\/li>\n<li>Uzglab\u0101t produktu v\u0113s\u0101, saus\u0101 viet\u0101, prom no tie\u0161iem saules stariem, un p\u0113c lieto\u0161anas trauku tur\u0113t cie\u0161i nosl\u0113gtu.<\/li>\n<\/ul>","protected":false},"excerpt":{"rendered":"<p>Unclog drains quickly and restore full water flow. Our drain and sink cleaner is specially formulated to dissolve blockages efficiently and restore proper drainage in kitchens, bathrooms, showers, and utility sinks. It acts rapidly to break down accumulated residues, allowing water to flow freely again without the need for costly plumbing services. The most effective [&hellip;]<\/p>\n","protected":false},"featured_media":36461,"comment_status":"open","ping_status":"closed","template":"","meta":{"_uag_custom_page_level_css":"","site-sidebar-layout":"default","site-content-layout":"","ast-site-content-layout":"default","site-content-style":"default","site-sidebar-style":"default","ast-global-header-display":"","ast-banner-title-visibility":"","ast-main-header-display":"","ast-hfb-above-header-display":"","ast-hfb-below-header-display":"","ast-hfb-mobile-header-display":"","site-post-title":"","ast-breadcrumbs-content":"","ast-featured-img":"","footer-sml-layout":"","ast-disable-related-posts":"","theme-transparent-header-meta":"default","adv-header-id-meta":"","stick-header-meta":"","header-above-stick-meta":"","header-main-stick-meta":"","header-below-stick-meta":"","astra-migrate-meta-layouts":"set","ast-page-background-enabled":"default","ast-page-background-meta":{"desktop":{"background-color":"var(--ast-global-color-4)","background-image":"","background-repeat":"repeat","background-position":"center center","background-size":"auto","background-attachment":"scroll","background-type":"","background-media":"","overlay-type":"","overlay-color":"","overlay-opacity":"","overlay-gradient":""},"tablet":{"background-color":"","background-image":"","background-repeat":"repeat","background-position":"center center","background-size":"auto","background-attachment":"scroll","background-type":"","background-media":"","overlay-type":"","overlay-color":"","overlay-opacity":"","overlay-gradient":""},"mobile":{"background-color":"","background-image":"","background-repeat":"repeat","background-position":"center center","background-size":"auto","background-attachment":"scroll","background-type":"","background-media":"","overlay-type":"","overlay-color":"","overlay-opacity":"","overlay-gradient":""}},"ast-content-background-meta":{"desktop":{"background-color":"var(--ast-global-color-5)","background-image":"","background-repeat":"repeat","background-position":"center center","background-size":"auto","background-attachment":"scroll","background-type":"","background-media":"","overlay-type":"","overlay-color":"","overlay-opacity":"","overlay-gradient":""},"tablet":{"background-color":"var(--ast-global-color-5)","background-image":"","background-repeat":"repeat","background-position":"center center","background-size":"auto","background-attachment":"scroll","background-type":"","background-media":"","overlay-type":"","overlay-color":"","overlay-opacity":"","overlay-gradient":""},"mobile":{"background-color":"var(--ast-global-color-5)","background-image":"","background-repeat":"repeat","background-position":"center center","background-size":"auto","background-attachment":"scroll","background-type":"","background-media":"","overlay-type":"","overlay-color":"","overlay-opacity":"","overlay-gradient":""}}},"product_brand":[],"product_cat":[175],"product_tag":[],"class_list":{"0":"post-23202","1":"product","2":"type-product","3":"status-publish","4":"has-post-thumbnail","6":"product_cat-cleaning-products","7":"desktop-align-left","8":"tablet-align-left","9":"mobile-align-left","11":"first","12":"instock","13":"sale","14":"shipping-taxable","15":"purchasable","16":"product-type-variable","17":"has-default-attributes"},"spectra_custom_meta":{"_visibility":["visible"],"_shopify_product_id":["9102344487157"],"_s2w_shopify_domain":["ferberpainting.myshopify.com"],"_shopify_variant_id":["46616020975861"],"_sku":[""],"_manage_stock":["no"],"total_sales":["24"],"_tax_status":["taxable"],"_tax_class":[""],"_backorders":["no"],"_sold_individually":["no"],"_virtual":["no"],"_downloadable":["no"],"_download_limit":["-1"],"_download_expiry":["-1"],"_stock":[null],"_stock_status":["instock"],"_wc_average_rating":["5.00"],"_wc_review_count":["10"],"_product_attributes":["a:1:{s:6:\"volume\";a:6:{s:4:\"name\";s:6:\"Volume\";s:5:\"value\";s:20:\"5 litres | 25 liters\";s:8:\"position\";i:1;s:10:\"is_visible\";i:0;s:12:\"is_variation\";i:1;s:11:\"is_taxonomy\";i:0;}}"],"_product_version":["10.5.1"],"wpse_downloadable_file_names":[""],"wpse_downloadable_file_urls":[""],"_edit_last":["1"],"_default_attributes":["a:1:{s:6:\"volume\";s:8:\"5 litres\";}"],"_edit_lock":["1771159740:1"],"_price":["29.90","129.90"],"merchant-center-availability":["yes"],"merchant-center-category":["4973"],"_thumbnail_id":["36461"],"_wp_page_template":["default"],"_wp_old_date":["2025-05-26"],"_product_image_gallery":["36462"],"site-sidebar-layout":["default"],"ast-site-content-layout":["default"],"site-content-style":["default"],"site-sidebar-style":["default"],"theme-transparent-header-meta":["default"],"_wc_rating_count":["a:1:{i:5;i:10;}"],"astra-migrate-meta-layouts":["set"],"_uag_css_file_name":["uag-css-23202.css"],"_elementor_page_assets":["a:0:{}"],"_uag_page_assets":["a:9:{s:3:\"css\";s:6873:\".wp-block-uagb-image{display:flex}.wp-block-uagb-image__figure{position:relative;display:flex;flex-direction:column;max-width:100%;height:auto;margin:0}.wp-block-uagb-image__figure img{height:auto;display:flex;max-width:100%;transition:box-shadow .2s ease}.wp-block-uagb-image__figure>a{display:inline-block}.wp-block-uagb-image__figure figcaption{text-align:center;margin-top:.5em;margin-bottom:1em}.wp-block-uagb-image .components-placeholder.block-editor-media-placeholder .components-placeholder__instructions{align-self:center}.wp-block-uagb-image--align-left{text-align:left}.wp-block-uagb-image--align-right{text-align:right}.wp-block-uagb-image--align-center{text-align:center}.wp-block-uagb-image--align-full .wp-block-uagb-image__figure{margin-left:calc(50% - 50vw);margin-right:calc(50% - 50vw);max-width:100vw;width:100vw;height:auto}.wp-block-uagb-image--align-full .wp-block-uagb-image__figure img{height:auto;width:100% !important}.wp-block-uagb-image--align-wide .wp-block-uagb-image__figure img{height:auto;width:100%}.wp-block-uagb-image--layout-overlay__color-wrapper{position:absolute;left:0;top:0;right:0;bottom:0;opacity:.2;background:rgba(0,0,0,.5);transition:opacity .35s ease-in-out}.wp-block-uagb-image--layout-overlay-link{position:absolute;left:0;right:0;bottom:0;top:0}.wp-block-uagb-image--layout-overlay .wp-block-uagb-image__figure:hover .wp-block-uagb-image--layout-overlay__color-wrapper{opacity:1}.wp-block-uagb-image--layout-overlay__inner{position:absolute;left:15px;right:15px;bottom:15px;top:15px;display:flex;align-items:center;justify-content:center;flex-direction:column;border-color:#fff;transition:.35s ease-in-out}.wp-block-uagb-image--layout-overlay__inner.top-left,.wp-block-uagb-image--layout-overlay__inner.top-center,.wp-block-uagb-image--layout-overlay__inner.top-right{justify-content:flex-start}.wp-block-uagb-image--layout-overlay__inner.bottom-left,.wp-block-uagb-image--layout-overlay__inner.bottom-center,.wp-block-uagb-image--layout-overlay__inner.bottom-right{justify-content:flex-end}.wp-block-uagb-image--layout-overlay__inner.top-left,.wp-block-uagb-image--layout-overlay__inner.center-left,.wp-block-uagb-image--layout-overlay__inner.bottom-left{align-items:flex-start}.wp-block-uagb-image--layout-overlay__inner.top-right,.wp-block-uagb-image--layout-overlay__inner.center-right,.wp-block-uagb-image--layout-overlay__inner.bottom-right{align-items:flex-end}.wp-block-uagb-image--layout-overlay__inner .uagb-image-heading{color:#fff;transition:transform .35s,opacity .35s ease-in-out;transform:translate3d(0, 24px, 0);margin:0;line-height:1em}.wp-block-uagb-image--layout-overlay__inner .uagb-image-separator{width:30%;border-top-width:2px;border-top-color:#fff;border-top-style:solid;margin-bottom:10px;opacity:0;transition:transform .4s,opacity .4s ease-in-out;transform:translate3d(0, 30px, 0)}.wp-block-uagb-image--layout-overlay__inner .uagb-image-caption{opacity:0;overflow:visible;color:#fff;transition:transform .45s,opacity .45s ease-in-out;transform:translate3d(0, 35px, 0)}.wp-block-uagb-image--layout-overlay__inner:hover .uagb-image-heading,.wp-block-uagb-image--layout-overlay__inner:hover .uagb-image-separator,.wp-block-uagb-image--layout-overlay__inner:hover .uagb-image-caption{opacity:1;transform:translate3d(0, 0, 0)}.wp-block-uagb-image--effect-zoomin .wp-block-uagb-image__figure img,.wp-block-uagb-image--effect-zoomin .wp-block-uagb-image__figure .wp-block-uagb-image--layout-overlay__color-wrapper{transform:scale(1);transition:transform .35s ease-in-out}.wp-block-uagb-image--effect-zoomin .wp-block-uagb-image__figure:hover img,.wp-block-uagb-image--effect-zoomin .wp-block-uagb-image__figure:hover .wp-block-uagb-image--layout-overlay__color-wrapper{transform:scale(1.05)}.wp-block-uagb-image--effect-slide .wp-block-uagb-image__figure img,.wp-block-uagb-image--effect-slide .wp-block-uagb-image__figure .wp-block-uagb-image--layout-overlay__color-wrapper{width:calc(100% + 40px) !important;max-width:none !important;transform:translate3d(-40px, 0, 0);transition:transform .35s ease-in-out}.wp-block-uagb-image--effect-slide .wp-block-uagb-image__figure:hover img,.wp-block-uagb-image--effect-slide .wp-block-uagb-image__figure:hover .wp-block-uagb-image--layout-overlay__color-wrapper{transform:translate3d(0, 0, 0)}.wp-block-uagb-image--effect-grayscale img{filter:grayscale(0%);transition:.35s ease-in-out}.wp-block-uagb-image--effect-grayscale:hover img{filter:grayscale(100%)}.wp-block-uagb-image--effect-blur img{filter:blur(0);transition:.35s ease-in-out}.wp-block-uagb-image--effect-blur:hover img{filter:blur(3px)}.uagb-block-e6f939b3.wp-block-uagb-image--layout-default figure img{box-shadow: 0px 0px 0 #00000070;}.uagb-block-e6f939b3.wp-block-uagb-image .wp-block-uagb-image__figure figcaption{font-style: normal;align-self: center;}.uagb-block-e6f939b3.wp-block-uagb-image--layout-overlay figure img{box-shadow: 0px 0px 0 #00000070;}.uagb-block-e6f939b3.wp-block-uagb-image--layout-overlay .wp-block-uagb-image--layout-overlay__color-wrapper{opacity: 0.2;}.uagb-block-e6f939b3.wp-block-uagb-image--layout-overlay .wp-block-uagb-image--layout-overlay__inner{left: 15px;right: 15px;top: 15px;bottom: 15px;}.uagb-block-e6f939b3.wp-block-uagb-image--layout-overlay .wp-block-uagb-image--layout-overlay__inner .uagb-image-heading{font-style: normal;color: #fff;opacity: 1;}.uagb-block-e6f939b3.wp-block-uagb-image--layout-overlay .wp-block-uagb-image--layout-overlay__inner .uagb-image-heading a{color: #fff;}.uagb-block-e6f939b3.wp-block-uagb-image--layout-overlay .wp-block-uagb-image--layout-overlay__inner .uagb-image-caption{opacity: 0;}.uagb-block-e6f939b3.wp-block-uagb-image--layout-overlay .wp-block-uagb-image__figure:hover .wp-block-uagb-image--layout-overlay__color-wrapper{opacity: 1;}.uagb-block-e6f939b3.wp-block-uagb-image .wp-block-uagb-image--layout-overlay__inner .uagb-image-separator{width: 30%;border-top-width: 2px;border-top-color: #fff;opacity: 0;}.uagb-block-e6f939b3.wp-block-uagb-image .wp-block-uagb-image__figure img{width: px;height: auto;}.uagb-block-e6f939b3.wp-block-uagb-image .wp-block-uagb-image__figure:hover .wp-block-uagb-image--layout-overlay__inner .uagb-image-caption{opacity: 1;}.uagb-block-e6f939b3.wp-block-uagb-image .wp-block-uagb-image__figure:hover .wp-block-uagb-image--layout-overlay__inner .uagb-image-separator{opacity: 1;}.uagb-block-e6f939b3.wp-block-uagb-image--layout-default figure:hover img{box-shadow: 0px 0px 0 #00000070;}.uagb-block-e6f939b3.wp-block-uagb-image--layout-overlay figure:hover img{box-shadow: 0px 0px 0 #00000070;}@media only screen and (max-width: 976px) {.uagb-block-e6f939b3.wp-block-uagb-image .wp-block-uagb-image__figure img{width: px;height: auto;}}@media only screen and (max-width: 767px) {.uagb-block-e6f939b3.wp-block-uagb-image .wp-block-uagb-image__figure img{width: px;height: auto;}}\";s:2:\"js\";s:0:\"\";s:18:\"current_block_list\";a:13:{i:0;s:11:\"core\/search\";i:1;s:10:\"core\/group\";i:2;s:12:\"core\/heading\";i:3;s:17:\"core\/latest-posts\";i:4;s:20:\"core\/latest-comments\";i:5;s:13:\"core\/archives\";i:6;s:15:\"core\/categories\";i:7;s:14:\"core\/paragraph\";i:8;s:10:\"uagb\/image\";i:9;s:11:\"core\/spacer\";i:10;s:30:\"woocommerce\/product-categories\";i:11;s:10:\"core\/image\";i:12;s:14:\"core\/shortcode\";}s:8:\"uag_flag\";b:1;s:11:\"uag_version\";s:10:\"1777139603\";s:6:\"gfonts\";a:0:{}s:10:\"gfonts_url\";s:0:\"\";s:12:\"gfonts_files\";a:0:{}s:14:\"uag_faq_layout\";b:0;}"]},"uagb_featured_image_src":{"full":["https:\/\/www.ferberpainting.com\/wp-content\/uploads\/2025\/05\/Sink-and-Basin-Unblocker-5L.png",2560,2560,false],"thumbnail":["https:\/\/www.ferberpainting.com\/wp-content\/uploads\/2025\/05\/Sink-and-Basin-Unblocker-5L-150x150.png",150,150,true],"medium":["https:\/\/www.ferberpainting.com\/wp-content\/uploads\/2025\/05\/Sink-and-Basin-Unblocker-5L-300x300.png",300,300,true],"medium_large":["https:\/\/www.ferberpainting.com\/wp-content\/uploads\/2025\/05\/Sink-and-Basin-Unblocker-5L-768x768.png",768,768,true],"large":["https:\/\/www.ferberpainting.com\/wp-content\/uploads\/2025\/05\/Sink-and-Basin-Unblocker-5L-1024x1024.png",1024,1024,true],"1536x1536":["https:\/\/www.ferberpainting.com\/wp-content\/uploads\/2025\/05\/Sink-and-Basin-Unblocker-5L-1536x1536.png",1536,1536,true],"2048x2048":["https:\/\/www.ferberpainting.com\/wp-content\/uploads\/2025\/05\/Sink-and-Basin-Unblocker-5L-2048x2048.png",2048,2048,true],"trp-custom-language-flag":["https:\/\/www.ferberpainting.com\/wp-content\/uploads\/2025\/05\/Sink-and-Basin-Unblocker-5L-12x12.png",12,12,true],"woocommerce_thumbnail":["https:\/\/www.ferberpainting.com\/wp-content\/uploads\/2025\/05\/Sink-and-Basin-Unblocker-5L-300x300.png",300,300,true],"woocommerce_single":["https:\/\/www.ferberpainting.com\/wp-content\/uploads\/2025\/05\/Sink-and-Basin-Unblocker-5L-600x600.png",600,600,true],"woocommerce_gallery_thumbnail":["https:\/\/www.ferberpainting.com\/wp-content\/uploads\/2025\/05\/Sink-and-Basin-Unblocker-5L-100x100.png",100,100,true]},"uagb_author_info":{"display_name":"admin","author_link":"https:\/\/www.ferberpainting.com\/lv\/author\/"},"uagb_comment_info":10,"uagb_excerpt":"Unclog drains quickly and restore full water flow. Our drain and sink cleaner is specially formulated to dissolve blockages efficiently and restore proper drainage in kitchens, bathrooms, showers, and utility sinks. It acts rapidly to break down accumulated residues, allowing water to flow freely again without the need for costly plumbing services. The most effective&hellip;","_links":{"self":[{"href":"https:\/\/www.ferberpainting.com\/lv\/wp-json\/wp\/v2\/product\/23202","targetHints":{"allow":["GET"]}}],"collection":[{"href":"https:\/\/www.ferberpainting.com\/lv\/wp-json\/wp\/v2\/product"}],"about":[{"href":"https:\/\/www.ferberpainting.com\/lv\/wp-json\/wp\/v2\/types\/product"}],"replies":[{"embeddable":true,"href":"https:\/\/www.ferberpainting.com\/lv\/wp-json\/wp\/v2\/comments?post=23202"}],"version-history":[{"count":6,"href":"https:\/\/www.ferberpainting.com\/lv\/wp-json\/wp\/v2\/product\/23202\/revisions"}],"predecessor-version":[{"id":166101,"href":"https:\/\/www.ferberpainting.com\/lv\/wp-json\/wp\/v2\/product\/23202\/revisions\/166101"}],"wp:featuredmedia":[{"embeddable":true,"href":"https:\/\/www.ferberpainting.com\/lv\/wp-json\/wp\/v2\/media\/36461"}],"wp:attachment":[{"href":"https:\/\/www.ferberpainting.com\/lv\/wp-json\/wp\/v2\/media?parent=23202"}],"wp:term":[{"taxonomy":"product_brand","embeddable":true,"href":"https:\/\/www.ferberpainting.com\/lv\/wp-json\/wp\/v2\/product_brand?post=23202"},{"taxonomy":"product_cat","embeddable":true,"href":"https:\/\/www.ferberpainting.com\/lv\/wp-json\/wp\/v2\/product_cat?post=23202"},{"taxonomy":"product_tag","embeddable":true,"href":"https:\/\/www.ferberpainting.com\/lv\/wp-json\/wp\/v2\/product_tag?post=23202"}],"curies":[{"name":"wp","href":"https:\/\/api.w.org\/{rel}","templated":true}]}}