{"id":23194,"date":"2025-05-26T10:23:15","date_gmt":"2025-05-26T08:23:15","guid":{"rendered":"https:\/\/www.ferberpainting.com\/products\/dappled-willow-fertilizer\/"},"modified":"2026-02-15T13:47:24","modified_gmt":"2026-02-15T12:47:24","slug":"dappled-willow-fertilizer","status":"publish","type":"product","link":"https:\/\/www.ferberpainting.com\/lv\/products\/dappled-willow-fertilizer\/","title":{"rendered":"Dappled Willow m\u0113slojums 25 kg"},"content":{"rendered":"<p><img decoding=\"async\" style=\"margin-right: 12px;\" src=\"https:\/\/www.ferberpainting.com\/wp-content\/uploads\/2026\/02\/Check.svg\" alt=\"\" width=\"18\" height=\"15\" \/><strong>Pilnv\u0113rt\u012bgs m\u0113slojums, kas nodro\u0161ina ko\u0161u lapotni un optim\u0101lu aug\u0161anu.<\/strong>\u00a0\u0160is m\u0113slojums, kas ir \u012bpa\u0161i izstr\u0101d\u0101ts flamingo v\u012btoliem (Salix integru \u2018Hakuro Nishiki\u2019), nodro\u0161ina j\u016bsu koku ar vis\u0101m nepiecie\u0161amaj\u0101m bar\u012bbas viel\u0101m, lai veicin\u0101tu bl\u012bvu, kr\u0101sainu lapotni, vesel\u012bgu aug\u0161anu un lab\u0101ku iztur\u012bbu pret \u0101r\u0113jo stresu. Pateicoties sabalans\u0113tam sl\u0101pek\u013ca, fosfora un k\u0101lija saturam (NPK 10-10-10), tas stimul\u0113 jauno dzinumu att\u012bst\u012bbu, stiprina sak\u0146u strukt\u016bru un uzlabo auga visp\u0101r\u0113jo vitalit\u0101ti.<\/p>\n<p><img decoding=\"async\" style=\"margin-right: 12px;\" src=\"https:\/\/www.ferberpainting.com\/wp-content\/uploads\/2026\/02\/Check.svg\" alt=\"\" width=\"18\" height=\"15\" \/><strong>Naudas atmaksas garantija.<\/strong>\u00a0M\u0113s esam p\u0101rliecin\u0101ti par m\u016bsu m\u0113slo\u0161anas l\u012bdzek\u013cu efektivit\u0101ti, t\u0101p\u0113c pied\u0101v\u0101jam naudas atmaksas garantiju. Ja p\u0113c lieto\u0161anas saska\u0146\u0101 ar nor\u0101d\u012bjumiem j\u016bs nepaman\u012bsiet uzlabojumus j\u016bsu flamingo v\u012btolu aug\u0161an\u0101 vai vitalit\u0101t\u0113, m\u0113s apsol\u0101m jums piln\u012bb\u0101 atmaks\u0101t naudu.<\/p>\n<p><img decoding=\"async\" style=\"margin-right: 12px;\" src=\"https:\/\/www.ferberpainting.com\/wp-content\/uploads\/2026\/02\/Check.svg\" alt=\"\" width=\"18\" height=\"15\" \/><strong>Piem\u0113rots visiem augsnes tipiem un aug\u0161anas apst\u0101k\u013ciem.<\/strong>\u00a0Neatkar\u012bgi no t\u0101, vai j\u016bsu flamingo v\u012btols ir iest\u0101d\u012bts zem\u0113, podos vai terases podos, \u0161is m\u0113slojums lieliski piel\u0101gosies t\u0101 aug\u0161anas videi. Tas darbojas visos augsnes tipos, tostarp m\u0101la, smil\u0161m\u0101la un smil\u0161ain\u0101s augsn\u0113s, un uzlabo bar\u012bbas vielu uzs\u016bk\u0161anos, lai nodro\u0161in\u0101tu l\u012bdzsvarotu un vienm\u0113r\u012bgu aug\u0161anu.<\/p>\n<p><img decoding=\"async\" style=\"margin-right: 12px;\" src=\"https:\/\/www.ferberpainting.com\/wp-content\/uploads\/2026\/02\/Check.svg\" alt=\"\" width=\"18\" height=\"15\" \/><strong>Lieliska izmaksu efektivit\u0101te.<\/strong>\u00a0Pateicoties \u012bpa\u0161i koncentr\u0113tam sast\u0101vam ciet\u0101 form\u0101, \u0161is m\u0113slojums nodro\u0161ina l\u0113nu bar\u012bbas vielu izdal\u012b\u0161anos, ilgsto\u0161u baro\u0161anu bez izskalo\u0161an\u0101s. Ar 25 kg maisu var pabarot l\u012bdz pat 125 kokiem, t\u0101d\u0113j\u0101di tas ir rentabls un ilgtsp\u0113j\u012bgs risin\u0101jums d\u0101rza uztur\u0113\u0161anai visa gada garum\u0101.<\/p>\n<p><img decoding=\"async\" style=\"margin-right: 12px;\" src=\"https:\/\/www.ferberpainting.com\/wp-content\/uploads\/2026\/02\/Check.svg\" alt=\"\" width=\"18\" height=\"15\" \/><strong>Dro\u0161s m\u0113slojums j\u016bsu d\u0101rzam un videi.<\/strong>\u00a0\u0160is m\u0113slojums ir veidots, neizmantojot skarbu \u0137\u012bmisku sast\u0101vda\u013cu, un tas saudz\u0113 augsnes dabisko l\u012bdzsvaru un viet\u0113jo biolo\u0123isko daudzveid\u012bbu. Tas nenoplicina saknes, nepies\u0101r\u0146o grunts\u016bde\u0146us un pal\u012bdz saglab\u0101t augl\u012bgu, dz\u012bvu augsni. Ide\u0101li piem\u0113rots videi draudz\u012bgai d\u0101rzkop\u012bbai, un tas ir piem\u0113rots gan amatieriem, gan profesion\u0101liem d\u0101rzkopjiem.<\/p>\n<p><img decoding=\"async\" style=\"margin-right: 12px;\" src=\"https:\/\/www.ferberpainting.com\/wp-content\/uploads\/2026\/02\/Check.svg\" alt=\"\" width=\"18\" height=\"15\" \/><strong>Vienk\u0101r\u0161a un \u0101tra lieto\u0161ana.<\/strong>\u00a0At\u0161\u0137ir\u012bb\u0101 no \u0161\u0137idrajiem m\u0113slo\u0161anas l\u012bdzek\u013ciem, kas prasa prec\u012bzu sagatavo\u0161anu un doz\u0113\u0161anu, \u0161o cieto m\u0113slojumu lieto tie\u0161i pie flamingo v\u012btolu pamatnes, bez nepiecie\u0161am\u012bbas at\u0161\u0137aid\u012bt vai izmantot speci\u0101lu apr\u012bkojumu. Vienk\u0101r\u0161i izkaisiet ieteikto devu ap augu un viegli iestr\u0101d\u0101jiet to augsn\u0113, lai tas var\u0113tu s\u0101kt l\u0113ni izdal\u012bt bar\u012bbas vielas.<\/p>\n<p><img decoding=\"async\" style=\"margin-right: 12px;\" src=\"https:\/\/www.ferberpainting.com\/wp-content\/uploads\/2026\/02\/Check.svg\" alt=\"\" width=\"18\" height=\"15\" \/><strong>Papla\u0161in\u0101ta darb\u012bba nep\u0101rtrauktai izaugsmei.<\/strong>\u00a0Pateicoties t\u0101 l\u0113ni izdal\u0101majam sast\u0101vam, \u0161is m\u0113slojums nodro\u0161ina viendab\u012bgu flamingo v\u012btolu baro\u0161anu vair\u0101ku ned\u0113\u013cu garum\u0101. Tas pal\u012bdz nov\u0113rst tr\u016bkumus, samazina laist\u012b\u0161anas vajadz\u012bbas un nodro\u0161ina harmonisku aug\u0161anu visa gada garum\u0101.<\/p>\n<p><img decoding=\"async\" style=\"margin-right: 12px;\" src=\"https:\/\/www.ferberpainting.com\/wp-content\/uploads\/2026\/02\/Check.svg\" alt=\"\" width=\"18\" height=\"15\" \/><strong>Redzami rezult\u0101ti jau p\u0113c da\u017e\u0101m ned\u0113\u013c\u0101m.<\/strong>\u00a0Jau p\u0113c pirmajiem lieto\u0161anas reiz\u0113m j\u016bs paman\u012bsiet, ka lapotnes roz\u0101 un baltie to\u0146i k\u013c\u016bst dzi\u013c\u0101ki, lab\u0101k izplat\u0101s jaunie dzinumi un pastiprin\u0101s s\u0101nu zaru att\u012bst\u012bba. J\u016bsu flamingo v\u012btols izskat\u012bsies sp\u0113c\u012bg\u0101ks, piln\u012bg\u0101ks un dz\u012bv\u012bg\u0101ks.<\/p>\n<h2><strong>Lieto\u0161anas protokols<\/strong><\/h2>\n<p><strong>Ieteicam\u0101 deva <\/strong>:<\/p>\n<ul>\n<li>Jauniem flamingo v\u012btoliem (l\u012bdz 2 gadu vecumam): Ja nepiecie\u0161ams, ap stumbru izklied\u0113jiet 100 g m\u0113slojuma, kas ve\u0123et\u0101cijas sezonas laik\u0101 atk\u0101rtoti j\u0101izklied\u0113 reizi divos m\u0113ne\u0161os.<\/li>\n<li>Pieaugu\u0161iem flamingo v\u012btoliem: 200 g m\u0113slojuma ap pamatni tr\u012bs reizes gad\u0101 (pavasar\u012b, vasar\u0101 un ruden\u012b).<\/li>\n<\/ul>\n<p><strong>Piem\u0113ro\u0161anas metode <\/strong>:<\/p>\n<ul>\n<li>M\u0113slojumu vienm\u0113r\u012bgi izkl\u0101jiet pie flamingo v\u012btolu pamatnes, izvairoties no tie\u0161a kontakta ar stumbru.<\/li>\n<li>Viegli apstr\u0101d\u0101jiet augsni, lai m\u0113slojums tiktu iestr\u0101d\u0101ts un lab\u0101k uzs\u016bktos.<\/li>\n<li>P\u0113c lieto\u0161anas bag\u0101t\u012bgi aplaistiet, lai aktiviz\u0113tu bar\u012bbas vielu dif\u016bziju.<\/li>\n<\/ul>\n<p><strong>Lieto\u0161anas piesardz\u012bbas pas\u0101kumi <\/strong>:<\/p>\n<ul>\n<li>Nep\u0101rdoz\u0113jiet, lai izvair\u012btos no p\u0101rm\u0113r\u012bgi straujas aug\u0161anas.<\/li>\n<li>Uzglab\u0101jiet m\u0113slo\u0161anas l\u012bdzekli v\u0113s\u0101, saus\u0101 viet\u0101, prom no mitruma.<\/li>\n<li>Nelietot uz augiem, kuriem ir \u016bdens tr\u016bkums, vai ziemas miera miera period\u0101.<\/li>\n<\/ul>\n<p>Pateicoties \u0161im flamingo v\u012btolu m\u0113slojumam, j\u016bs nodro\u0161in\u0101siet savam kokam strauju aug\u0161anu, sul\u012bgu lapotni un vesel\u012bgu zied\u0113\u0161anu visa gada garum\u0101. T\u0101 sabalans\u0113tais sast\u0101vs, pier\u0101d\u012bt\u0101 efektivit\u0101te un vienk\u0101r\u0161\u0101 lieto\u0161ana padara to par neaizst\u0101jamu sabiedroto visiem d\u0101rzkopjiem, kuriem r\u016bp savu augu skaistums un labkl\u0101j\u012bba.<\/p>","protected":false},"excerpt":{"rendered":"<p>A complete fertilizer for vibrant foliage and optimal growth.\u00a0This fertilizer, specially designed for flamingo willow (Salix integra \u2018Hakuro Nishiki\u2019), provides your tree with all the essential nutrients to promote dense, colorful foliage, healthy growth, and better resistance to external stress. Thanks to its balanced content of nitrogen, phosphorus and potassium (NPK 10-10-10), it stimulates young [&hellip;]<\/p>\n","protected":false},"featured_media":25752,"comment_status":"open","ping_status":"closed","template":"","meta":{"_uag_custom_page_level_css":"","site-sidebar-layout":"default","site-content-layout":"","ast-site-content-layout":"default","site-content-style":"default","site-sidebar-style":"default","ast-global-header-display":"","ast-banner-title-visibility":"","ast-main-header-display":"","ast-hfb-above-header-display":"","ast-hfb-below-header-display":"","ast-hfb-mobile-header-display":"","site-post-title":"","ast-breadcrumbs-content":"","ast-featured-img":"","footer-sml-layout":"","ast-disable-related-posts":"","theme-transparent-header-meta":"default","adv-header-id-meta":"","stick-header-meta":"","header-above-stick-meta":"","header-main-stick-meta":"","header-below-stick-meta":"","astra-migrate-meta-layouts":"set","ast-page-background-enabled":"default","ast-page-background-meta":{"desktop":{"background-color":"var(--ast-global-color-4)","background-image":"","background-repeat":"repeat","background-position":"center center","background-size":"auto","background-attachment":"scroll","background-type":"","background-media":"","overlay-type":"","overlay-color":"","overlay-opacity":"","overlay-gradient":""},"tablet":{"background-color":"","background-image":"","background-repeat":"repeat","background-position":"center center","background-size":"auto","background-attachment":"scroll","background-type":"","background-media":"","overlay-type":"","overlay-color":"","overlay-opacity":"","overlay-gradient":""},"mobile":{"background-color":"","background-image":"","background-repeat":"repeat","background-position":"center center","background-size":"auto","background-attachment":"scroll","background-type":"","background-media":"","overlay-type":"","overlay-color":"","overlay-opacity":"","overlay-gradient":""}},"ast-content-background-meta":{"desktop":{"background-color":"var(--ast-global-color-5)","background-image":"","background-repeat":"repeat","background-position":"center center","background-size":"auto","background-attachment":"scroll","background-type":"","background-media":"","overlay-type":"","overlay-color":"","overlay-opacity":"","overlay-gradient":""},"tablet":{"background-color":"var(--ast-global-color-5)","background-image":"","background-repeat":"repeat","background-position":"center center","background-size":"auto","background-attachment":"scroll","background-type":"","background-media":"","overlay-type":"","overlay-color":"","overlay-opacity":"","overlay-gradient":""},"mobile":{"background-color":"var(--ast-global-color-5)","background-image":"","background-repeat":"repeat","background-position":"center center","background-size":"auto","background-attachment":"scroll","background-type":"","background-media":"","overlay-type":"","overlay-color":"","overlay-opacity":"","overlay-gradient":""}}},"product_brand":[],"product_cat":[178],"product_tag":[],"class_list":{"0":"post-23194","1":"product","2":"type-product","3":"status-publish","4":"has-post-thumbnail","6":"product_cat-fertilizers","7":"desktop-align-left","8":"tablet-align-left","9":"mobile-align-left","11":"first","12":"instock","13":"taxable","14":"shipping-taxable","15":"purchasable","16":"product-type-simple"},"spectra_custom_meta":{"_visibility":["visible"],"_shopify_product_id":["9072671654133"],"_s2w_shopify_domain":["ferberpainting.myshopify.com"],"_shopify_variant_id":["46522178830581"],"_sku":["FPDAPPLEDWILLOWFERTILIZER25KG"],"_regular_price":["39.90"],"_price":["39.90"],"_sale_price":[""],"_weight":["18.7"],"_thumbnail_id":["25752"],"_global_unique_id":["5056773817883"],"total_sales":["0"],"_tax_status":["taxable"],"_tax_class":[""],"_manage_stock":["no"],"_backorders":["no"],"_sold_individually":["no"],"_virtual":["no"],"_downloadable":["no"],"_download_limit":["-1"],"_download_expiry":["-1"],"_stock":[null],"_stock_status":["instock"],"_wc_average_rating":["5.00"],"_wc_review_count":["17"],"_product_version":["10.5.1"],"_wc_rating_count":["a:1:{i:5;i:17;}"],"_edit_lock":["1771159504:1"],"merchant-center-availability":["yes"],"merchant-center-category":["113"],"_edit_last":["1"],"_wp_page_template":["default"],"site-sidebar-layout":["default"],"ast-site-content-layout":["default"],"site-content-style":["default"],"site-sidebar-style":["default"],"theme-transparent-header-meta":["default"],"astra-migrate-meta-layouts":["set"],"_uag_css_file_name":["uag-css-23194.css"],"_elementor_page_assets":["a:0:{}"],"_uag_page_assets":["a:9:{s:3:\"css\";s:6873:\".wp-block-uagb-image{display:flex}.wp-block-uagb-image__figure{position:relative;display:flex;flex-direction:column;max-width:100%;height:auto;margin:0}.wp-block-uagb-image__figure img{height:auto;display:flex;max-width:100%;transition:box-shadow .2s ease}.wp-block-uagb-image__figure>a{display:inline-block}.wp-block-uagb-image__figure figcaption{text-align:center;margin-top:.5em;margin-bottom:1em}.wp-block-uagb-image .components-placeholder.block-editor-media-placeholder .components-placeholder__instructions{align-self:center}.wp-block-uagb-image--align-left{text-align:left}.wp-block-uagb-image--align-right{text-align:right}.wp-block-uagb-image--align-center{text-align:center}.wp-block-uagb-image--align-full .wp-block-uagb-image__figure{margin-left:calc(50% - 50vw);margin-right:calc(50% - 50vw);max-width:100vw;width:100vw;height:auto}.wp-block-uagb-image--align-full .wp-block-uagb-image__figure img{height:auto;width:100% !important}.wp-block-uagb-image--align-wide .wp-block-uagb-image__figure img{height:auto;width:100%}.wp-block-uagb-image--layout-overlay__color-wrapper{position:absolute;left:0;top:0;right:0;bottom:0;opacity:.2;background:rgba(0,0,0,.5);transition:opacity .35s ease-in-out}.wp-block-uagb-image--layout-overlay-link{position:absolute;left:0;right:0;bottom:0;top:0}.wp-block-uagb-image--layout-overlay .wp-block-uagb-image__figure:hover .wp-block-uagb-image--layout-overlay__color-wrapper{opacity:1}.wp-block-uagb-image--layout-overlay__inner{position:absolute;left:15px;right:15px;bottom:15px;top:15px;display:flex;align-items:center;justify-content:center;flex-direction:column;border-color:#fff;transition:.35s ease-in-out}.wp-block-uagb-image--layout-overlay__inner.top-left,.wp-block-uagb-image--layout-overlay__inner.top-center,.wp-block-uagb-image--layout-overlay__inner.top-right{justify-content:flex-start}.wp-block-uagb-image--layout-overlay__inner.bottom-left,.wp-block-uagb-image--layout-overlay__inner.bottom-center,.wp-block-uagb-image--layout-overlay__inner.bottom-right{justify-content:flex-end}.wp-block-uagb-image--layout-overlay__inner.top-left,.wp-block-uagb-image--layout-overlay__inner.center-left,.wp-block-uagb-image--layout-overlay__inner.bottom-left{align-items:flex-start}.wp-block-uagb-image--layout-overlay__inner.top-right,.wp-block-uagb-image--layout-overlay__inner.center-right,.wp-block-uagb-image--layout-overlay__inner.bottom-right{align-items:flex-end}.wp-block-uagb-image--layout-overlay__inner .uagb-image-heading{color:#fff;transition:transform .35s,opacity .35s ease-in-out;transform:translate3d(0, 24px, 0);margin:0;line-height:1em}.wp-block-uagb-image--layout-overlay__inner .uagb-image-separator{width:30%;border-top-width:2px;border-top-color:#fff;border-top-style:solid;margin-bottom:10px;opacity:0;transition:transform .4s,opacity .4s ease-in-out;transform:translate3d(0, 30px, 0)}.wp-block-uagb-image--layout-overlay__inner .uagb-image-caption{opacity:0;overflow:visible;color:#fff;transition:transform .45s,opacity .45s ease-in-out;transform:translate3d(0, 35px, 0)}.wp-block-uagb-image--layout-overlay__inner:hover .uagb-image-heading,.wp-block-uagb-image--layout-overlay__inner:hover .uagb-image-separator,.wp-block-uagb-image--layout-overlay__inner:hover .uagb-image-caption{opacity:1;transform:translate3d(0, 0, 0)}.wp-block-uagb-image--effect-zoomin .wp-block-uagb-image__figure img,.wp-block-uagb-image--effect-zoomin .wp-block-uagb-image__figure .wp-block-uagb-image--layout-overlay__color-wrapper{transform:scale(1);transition:transform .35s ease-in-out}.wp-block-uagb-image--effect-zoomin .wp-block-uagb-image__figure:hover img,.wp-block-uagb-image--effect-zoomin .wp-block-uagb-image__figure:hover .wp-block-uagb-image--layout-overlay__color-wrapper{transform:scale(1.05)}.wp-block-uagb-image--effect-slide .wp-block-uagb-image__figure img,.wp-block-uagb-image--effect-slide .wp-block-uagb-image__figure .wp-block-uagb-image--layout-overlay__color-wrapper{width:calc(100% + 40px) !important;max-width:none !important;transform:translate3d(-40px, 0, 0);transition:transform .35s ease-in-out}.wp-block-uagb-image--effect-slide .wp-block-uagb-image__figure:hover img,.wp-block-uagb-image--effect-slide .wp-block-uagb-image__figure:hover .wp-block-uagb-image--layout-overlay__color-wrapper{transform:translate3d(0, 0, 0)}.wp-block-uagb-image--effect-grayscale img{filter:grayscale(0%);transition:.35s ease-in-out}.wp-block-uagb-image--effect-grayscale:hover img{filter:grayscale(100%)}.wp-block-uagb-image--effect-blur img{filter:blur(0);transition:.35s ease-in-out}.wp-block-uagb-image--effect-blur:hover img{filter:blur(3px)}.uagb-block-e6f939b3.wp-block-uagb-image--layout-default figure img{box-shadow: 0px 0px 0 #00000070;}.uagb-block-e6f939b3.wp-block-uagb-image .wp-block-uagb-image__figure figcaption{font-style: normal;align-self: center;}.uagb-block-e6f939b3.wp-block-uagb-image--layout-overlay figure img{box-shadow: 0px 0px 0 #00000070;}.uagb-block-e6f939b3.wp-block-uagb-image--layout-overlay .wp-block-uagb-image--layout-overlay__color-wrapper{opacity: 0.2;}.uagb-block-e6f939b3.wp-block-uagb-image--layout-overlay .wp-block-uagb-image--layout-overlay__inner{left: 15px;right: 15px;top: 15px;bottom: 15px;}.uagb-block-e6f939b3.wp-block-uagb-image--layout-overlay .wp-block-uagb-image--layout-overlay__inner .uagb-image-heading{font-style: normal;color: #fff;opacity: 1;}.uagb-block-e6f939b3.wp-block-uagb-image--layout-overlay .wp-block-uagb-image--layout-overlay__inner .uagb-image-heading a{color: #fff;}.uagb-block-e6f939b3.wp-block-uagb-image--layout-overlay .wp-block-uagb-image--layout-overlay__inner .uagb-image-caption{opacity: 0;}.uagb-block-e6f939b3.wp-block-uagb-image--layout-overlay .wp-block-uagb-image__figure:hover .wp-block-uagb-image--layout-overlay__color-wrapper{opacity: 1;}.uagb-block-e6f939b3.wp-block-uagb-image .wp-block-uagb-image--layout-overlay__inner .uagb-image-separator{width: 30%;border-top-width: 2px;border-top-color: #fff;opacity: 0;}.uagb-block-e6f939b3.wp-block-uagb-image .wp-block-uagb-image__figure img{width: px;height: auto;}.uagb-block-e6f939b3.wp-block-uagb-image .wp-block-uagb-image__figure:hover .wp-block-uagb-image--layout-overlay__inner .uagb-image-caption{opacity: 1;}.uagb-block-e6f939b3.wp-block-uagb-image .wp-block-uagb-image__figure:hover .wp-block-uagb-image--layout-overlay__inner .uagb-image-separator{opacity: 1;}.uagb-block-e6f939b3.wp-block-uagb-image--layout-default figure:hover img{box-shadow: 0px 0px 0 #00000070;}.uagb-block-e6f939b3.wp-block-uagb-image--layout-overlay figure:hover img{box-shadow: 0px 0px 0 #00000070;}@media only screen and (max-width: 976px) {.uagb-block-e6f939b3.wp-block-uagb-image .wp-block-uagb-image__figure img{width: px;height: auto;}}@media only screen and (max-width: 767px) {.uagb-block-e6f939b3.wp-block-uagb-image .wp-block-uagb-image__figure img{width: px;height: auto;}}\";s:2:\"js\";s:0:\"\";s:18:\"current_block_list\";a:13:{i:0;s:11:\"core\/search\";i:1;s:10:\"core\/group\";i:2;s:12:\"core\/heading\";i:3;s:17:\"core\/latest-posts\";i:4;s:20:\"core\/latest-comments\";i:5;s:13:\"core\/archives\";i:6;s:15:\"core\/categories\";i:7;s:14:\"core\/paragraph\";i:8;s:10:\"uagb\/image\";i:9;s:11:\"core\/spacer\";i:10;s:30:\"woocommerce\/product-categories\";i:11;s:10:\"core\/image\";i:12;s:14:\"core\/shortcode\";}s:8:\"uag_flag\";b:1;s:11:\"uag_version\";s:10:\"1777204151\";s:6:\"gfonts\";a:0:{}s:10:\"gfonts_url\";s:0:\"\";s:12:\"gfonts_files\";a:0:{}s:14:\"uag_faq_layout\";b:0;}"]},"uagb_featured_image_src":{"full":["https:\/\/www.ferberpainting.com\/wp-content\/uploads\/2025\/05\/DappledWillowFertilizer.png",2560,2560,false],"thumbnail":["https:\/\/www.ferberpainting.com\/wp-content\/uploads\/2025\/05\/DappledWillowFertilizer-150x150.png",150,150,true],"medium":["https:\/\/www.ferberpainting.com\/wp-content\/uploads\/2025\/05\/DappledWillowFertilizer-300x300.png",300,300,true],"medium_large":["https:\/\/www.ferberpainting.com\/wp-content\/uploads\/2025\/05\/DappledWillowFertilizer-768x768.png",768,768,true],"large":["https:\/\/www.ferberpainting.com\/wp-content\/uploads\/2025\/05\/DappledWillowFertilizer-1024x1024.png",1024,1024,true],"1536x1536":["https:\/\/www.ferberpainting.com\/wp-content\/uploads\/2025\/05\/DappledWillowFertilizer-1536x1536.png",1536,1536,true],"2048x2048":["https:\/\/www.ferberpainting.com\/wp-content\/uploads\/2025\/05\/DappledWillowFertilizer-2048x2048.png",2048,2048,true],"trp-custom-language-flag":["https:\/\/www.ferberpainting.com\/wp-content\/uploads\/2025\/05\/DappledWillowFertilizer-12x12.png",12,12,true],"woocommerce_thumbnail":["https:\/\/www.ferberpainting.com\/wp-content\/uploads\/2025\/05\/DappledWillowFertilizer-300x300.png",300,300,true],"woocommerce_single":["https:\/\/www.ferberpainting.com\/wp-content\/uploads\/2025\/05\/DappledWillowFertilizer-600x600.png",600,600,true],"woocommerce_gallery_thumbnail":["https:\/\/www.ferberpainting.com\/wp-content\/uploads\/2025\/05\/DappledWillowFertilizer-100x100.png",100,100,true]},"uagb_author_info":{"display_name":"admin","author_link":"https:\/\/www.ferberpainting.com\/lv\/author\/"},"uagb_comment_info":17,"uagb_excerpt":"A complete fertilizer for vibrant foliage and optimal growth.\u00a0This fertilizer, specially designed for flamingo willow (Salix integra \u2018Hakuro Nishiki\u2019), provides your tree with all the essential nutrients to promote dense, colorful foliage, healthy growth, and better resistance to external stress. Thanks to its balanced content of nitrogen, phosphorus and potassium (NPK 10-10-10), it stimulates young&hellip;","_links":{"self":[{"href":"https:\/\/www.ferberpainting.com\/lv\/wp-json\/wp\/v2\/product\/23194","targetHints":{"allow":["GET"]}}],"collection":[{"href":"https:\/\/www.ferberpainting.com\/lv\/wp-json\/wp\/v2\/product"}],"about":[{"href":"https:\/\/www.ferberpainting.com\/lv\/wp-json\/wp\/v2\/types\/product"}],"replies":[{"embeddable":true,"href":"https:\/\/www.ferberpainting.com\/lv\/wp-json\/wp\/v2\/comments?post=23194"}],"version-history":[{"count":5,"href":"https:\/\/www.ferberpainting.com\/lv\/wp-json\/wp\/v2\/product\/23194\/revisions"}],"predecessor-version":[{"id":166094,"href":"https:\/\/www.ferberpainting.com\/lv\/wp-json\/wp\/v2\/product\/23194\/revisions\/166094"}],"wp:featuredmedia":[{"embeddable":true,"href":"https:\/\/www.ferberpainting.com\/lv\/wp-json\/wp\/v2\/media\/25752"}],"wp:attachment":[{"href":"https:\/\/www.ferberpainting.com\/lv\/wp-json\/wp\/v2\/media?parent=23194"}],"wp:term":[{"taxonomy":"product_brand","embeddable":true,"href":"https:\/\/www.ferberpainting.com\/lv\/wp-json\/wp\/v2\/product_brand?post=23194"},{"taxonomy":"product_cat","embeddable":true,"href":"https:\/\/www.ferberpainting.com\/lv\/wp-json\/wp\/v2\/product_cat?post=23194"},{"taxonomy":"product_tag","embeddable":true,"href":"https:\/\/www.ferberpainting.com\/lv\/wp-json\/wp\/v2\/product_tag?post=23194"}],"curies":[{"name":"wp","href":"https:\/\/api.w.org\/{rel}","templated":true}]}}