{"id":23187,"date":"2025-07-01T16:13:56","date_gmt":"2025-07-01T14:13:56","guid":{"rendered":"https:\/\/www.ferberpainting.com\/?post_type=product&#038;p=23177"},"modified":"2026-02-15T13:45:24","modified_gmt":"2026-02-15T12:45:24","slug":"copper-brass-and-bronze-cleaner","status":"publish","type":"product","link":"https:\/\/www.ferberpainting.com\/lv\/products\/copper-brass-and-bronze-cleaner\/","title":{"rendered":"Vara, misi\u0146a un bronzas t\u012br\u012b\u0161anas l\u012bdzeklis"},"content":{"rendered":"<p><img decoding=\"async\" style=\"margin-right: 12px;\" src=\"https:\/\/www.ferberpainting.com\/wp-content\/uploads\/2026\/02\/Check.svg\" alt=\"\" width=\"18\" height=\"15\" \/><strong>Optim\u0101la efektivit\u0101te.<\/strong>\u00a0\u0160is vara, misi\u0146a un bronzas t\u012br\u012b\u0161anas l\u012bdzeklis ir \u012bpa\u0161i izstr\u0101d\u0101ts, lai efekt\u012bvi no\u0146emtu oksid\u0101ciju, traipus, traipus un laika gait\u0101 uzkr\u0101ju\u0161os net\u012brumus. Tas iedarbojas dzi\u013ci virsm\u0101, lai atjaunotu met\u0101lu sp\u012bdumu un dabisko mirdzumu, tos neboj\u0101jot. T\u0101 akt\u012bv\u0101 formula \u0101tri iz\u0161\u0137\u012bdina pat\u012bnu un bl\u0101vus atlikumus, atjaunojot vara, misi\u0146a un bronzas s\u0101kotn\u0113jo izskatu.<\/p>\n<p><img decoding=\"async\" style=\"margin-right: 12px;\" src=\"https:\/\/www.ferberpainting.com\/wp-content\/uploads\/2026\/02\/Check.svg\" alt=\"\" width=\"18\" height=\"15\" \/><strong>Naudas atmaksas garantija.<\/strong>\u00a0M\u0113s esam piln\u012bb\u0101 p\u0101rliecin\u0101ti par m\u016bsu t\u012br\u012b\u0161anas l\u012bdzek\u013ca efektivit\u0101ti. Ja neesat piln\u012bb\u0101 apmierin\u0101ts ar rezult\u0101tiem, jums ir ties\u012bbas sa\u0146emt pilnu naudas atmaksu. Izm\u0113\u0123iniet m\u016bsu produktu ar mieru un d\u0101v\u0101jiet saviem vara, misi\u0146a un bronzas priek\u0161metiem otru dz\u012bvi bez riska.<\/p>\n<p><img decoding=\"async\" style=\"margin-right: 12px;\" src=\"https:\/\/www.ferberpainting.com\/wp-content\/uploads\/2026\/02\/Check.svg\" alt=\"\" width=\"18\" height=\"15\" \/><strong>Izcila daudzpus\u012bba.<\/strong>\u00a0\u0160is t\u012br\u012b\u0161anas l\u012bdzeklis nav paredz\u0113ts tikai vara, misi\u0146a un bronzas t\u012br\u012b\u0161anai! Tas ir efekt\u012bvs ar\u012b citiem met\u0101liem, tostarp da\u017eiem sakaus\u0113jumiem, ner\u016bs\u0113jo\u0161ajam t\u0113raudam un anod\u0113tam alum\u012bnijam. Tas ir lieliski piem\u0113rots dekorat\u012bviem priek\u0161metiem, virtuves piederumiem, m\u016bzikas instrumentiem, statuj\u0101m, meda\u013c\u0101m, durvju pog\u0101m un arhitekt\u016bras elementiem. T\u0101 univers\u0101l\u0101 formula nodro\u0161ina efekt\u012bvu t\u012br\u012b\u0161anu, neboj\u0101jot jut\u012bgas met\u0101la virsmas.<\/p>\n<p><img decoding=\"async\" style=\"margin-right: 12px;\" src=\"https:\/\/www.ferberpainting.com\/wp-content\/uploads\/2026\/02\/Check.svg\" alt=\"\" width=\"18\" height=\"15\" \/><strong>Ekonomisk\u0101 efektivit\u0101te.<\/strong>\u00a0\u0160is t\u012br\u012b\u0161anas l\u012bdzeklis ar 5 litru tilpumu un \u012bpa\u0161i efekt\u012bvu formulu nodro\u0161ina izcilu v\u0113rt\u012bbu. Ar nelielu daudzumu pietiek, lai apstr\u0101d\u0101tu lielu virsmu. Ar vienu litru var izt\u012br\u012bt vid\u0113ji l\u012bdz 50 m\u00b2 met\u0101la, t\u0101d\u0113j\u0101di tas ir rentabls un ilgtsp\u0113j\u012bgs risin\u0101jums vara, misi\u0146a un bronzas virsmu kop\u0161anai.<\/p>\n<p><img decoding=\"async\" style=\"margin-right: 12px;\" src=\"https:\/\/www.ferberpainting.com\/wp-content\/uploads\/2026\/02\/Check.svg\" alt=\"\" width=\"18\" height=\"15\" \/><strong>Dro\u0161a lieto\u0161ana.<\/strong>\u00a0At\u0161\u0137ir\u012bb\u0101 no kod\u012bgiem t\u012br\u012b\u0161anas l\u012bdzek\u013ciem, kas satur asas sk\u0101bes, \u0161\u012b produkta sast\u0101v\u0101 ir netoksiskas vielas, kas ir dro\u0161as lietot\u0101jam un neboj\u0101 met\u0101lus. Tas neizdala toksiskus izgarojumus, nekairina \u0101du un neboj\u0101 apstr\u0101d\u0101t\u0101s virsmas. Tas ir piln\u012bgi dro\u0161s lieto\u0161anai iek\u0161telp\u0101s un \u0101rpus telp\u0101m, nodro\u0161inot maksim\u0101lu dro\u0161\u012bbu gan lietot\u0101jiem, gan videi.<\/p>\n<p><img decoding=\"async\" style=\"margin-right: 12px;\" src=\"https:\/\/www.ferberpainting.com\/wp-content\/uploads\/2026\/02\/Check.svg\" alt=\"\" width=\"18\" height=\"15\" \/><strong>Lieto\u0161anas \u0113rtums.<\/strong>\u00a0\u0160is produkts ir gatavs lieto\u0161anai, un to nav nepiecie\u0161ams at\u0161\u0137aid\u012bt vai sare\u017e\u0123\u012bti sagatavot. Vienk\u0101r\u0161i uzkl\u0101jiet to tie\u0161i uz virsmas ar dr\u0101nu, s\u016bkli vai m\u012bkstu otu. T\u0101 \u0101tras iedarb\u012bbas formula un intuit\u012bva lieto\u0161ana padara t\u012br\u012b\u0161anu vienk\u0101r\u0161u un pieejamu ikvienam.<\/p>\n<p><img decoding=\"async\" style=\"margin-right: 12px;\" src=\"https:\/\/www.ferberpainting.com\/wp-content\/uploads\/2026\/02\/Check.svg\" alt=\"\" width=\"18\" height=\"15\" \/><strong>Ilgsto\u0161a iztur\u012bba.<\/strong>\u00a0Efekt\u012bvi nov\u0113r\u0161ot oksid\u0101ciju un saglab\u0101jot met\u0101lu integrit\u0101ti, \u0161is t\u012br\u012b\u0161anas l\u012bdzeklis pagarina vara, misi\u0146a un bronzas priek\u0161metu kalpo\u0161anas laiku. Regul\u0101ra lieto\u0161ana pal\u012bdz nov\u0113rst traipu uzkr\u0101\u0161anos un saglab\u0101 notur\u012bgu sp\u012bdumu bez bie\u017eas pul\u0113\u0161anas. J\u016bsu priek\u0161meti laika gait\u0101 saglab\u0101s savu skaistumu un v\u0113rt\u012bbu.<\/p>\n<p><img decoding=\"async\" style=\"margin-right: 12px;\" src=\"https:\/\/www.ferberpainting.com\/wp-content\/uploads\/2026\/02\/Check.svg\" alt=\"\" width=\"18\" height=\"15\" \/><strong>\u0100tra darb\u012bba.<\/strong>\u00a0Pateicoties \u012bpa\u0161i akt\u012bvai formulai, \u0161is t\u012br\u012b\u0161anas l\u012bdzeklis nekav\u0113joties iedarbojas uz traipiem un oksid\u0101cijas p\u0113d\u0101m. Tikai da\u017eu min\u016b\u0161u laik\u0101 tas iz\u0161\u0137\u012bdina bl\u0101vus nos\u0113dumus un \u013cauj tos viegli noslauc\u012bt bez t\u012br\u012b\u0161anas. Tas ir lieliski piem\u0113rots \u0101trai un efekt\u012bvai t\u012br\u012b\u0161anai, pal\u012bdz \u0101tri atjaunot sp\u012bd\u012bgas, pul\u0113tas met\u0101la virsmas.<\/p>\n<h2><strong>Lieto\u0161anas instrukcijas<\/strong><\/h2>\n<ul>\n<li><strong>Sagatavo\u0161ana <\/strong>: Pirms produkta uzkl\u0101\u0161anas p\u0101rliecinieties, ka vara, misi\u0146a vai bronzas virsma ir t\u012bra no putek\u013ciem un gru\u017eiem. Ja nepiecie\u0161ams, noslaukiet ar sausu dr\u0101nu, lai uzlabotu sa\u0137eri.<\/li>\n<li><strong>Pieteikums <\/strong>: Nelielu t\u012br\u012b\u0161anas l\u012bdzek\u013ca daudzumu uzlejiet uz m\u012bkstas dr\u0101ni\u0146as, s\u016bk\u013ca vai tie\u0161i uz virsmas. Vienm\u0113r vienm\u0113r\u012bgi izklied\u0113jiet, lai p\u0101rkl\u0101tu visu virsmu, uzman\u012bgi piev\u0113r\u0161ot uzman\u012bbu aptum\u0161ot\u0101m vai oksid\u0113t\u0101m da\u013c\u0101m.<\/li>\n<li><strong>T\u012br\u012b\u0161ana <\/strong>: \u013baujiet produktam nost\u0101v\u0113ties 2 l\u012bdz 5 min\u016btes, lai iz\u0161\u0137\u012bdin\u0101tu net\u012brumus un oksid\u0101ciju. Lai atjaunotu met\u0101la sp\u012bdumu, maigi berz\u0113jiet ar dr\u0101nu, m\u012bkstu suku vai smalku t\u0113rauda vati.<\/li>\n<li><strong>Skalo\u0161ana<\/strong>: Noslaukiet ar t\u012bru, mitru dr\u0101nu vai, ja nepiecie\u0161ams, r\u016bp\u012bgi noskalojiet ar t\u012bru \u016bdeni, lai no\u0146emtu produkta atliekas.<\/li>\n<li><strong>\u017d\u0101v\u0113\u0161ana un apdare <\/strong>: T\u016bl\u012bt nosusiniet ar t\u012bru, sausu dr\u0101nu, lai nov\u0113rstu visu mitrumu un pan\u0101ktu perfektu apdari. Papildu aizsardz\u012bbai uzkl\u0101jiet piem\u0113rotu vasku vai laku, lai pal\u0113nin\u0101tu oksid\u0113\u0161anos.<\/li>\n<li><strong>Lieto\u0161anas bie\u017eums <\/strong>: Lietojiet, tikl\u012bdz met\u0101ls s\u0101k k\u013c\u016bt bl\u0101vs vai par\u0101d\u0101s oksid\u0113\u0161an\u0101s paz\u012bmes. Regul\u0101rajai apkopei lietojiet reizi m\u0113nes\u012b, lai saglab\u0101tu vara, misi\u0146a un bronzas sp\u012bdumu un nov\u0113rstu notur\u012bgus traipus.<\/li>\n<li><strong>Uzglab\u0101\u0161ana <\/strong>: P\u0113c katras lieto\u0161anas reizes cie\u0161i aiztaisiet trauku un uzglab\u0101jiet v\u0113s\u0101, saus\u0101 viet\u0101, pasarg\u0101jot no gaismas un p\u0101rm\u0113r\u012bgas temperat\u016bras, lai saglab\u0101tu piln\u012bgu l\u012bdzek\u013ca efektivit\u0101ti laika gait\u0101.<\/li>\n<\/ul>\n<p>Izmantojot m\u016bsu vara, misi\u0146a un bronzas t\u012br\u012b\u0161anas l\u012bdzekli, pavisam vienk\u0101r\u0161i atjaunojiet savu met\u0101la priek\u0161metu sp\u012bdumu un skaistumu. Sp\u0113c\u012bgs, dro\u0161s un efekt\u012bvs l\u012bdzeklis ilgsto\u0161am sp\u012bdumam un optim\u0101lai uztur\u0113\u0161anai.<\/p>","protected":false},"excerpt":{"rendered":"<p>Optimal Effectiveness.\u00a0This cleaner for copper, brass, and bronze is specially formulated to effectively remove oxidation, stains, tarnish, and accumulated dirt over time. It works deep into the surface to restore shine and the natural glow of metals without damaging them. Its active formula quickly dissolves patina and dull residues, bringing back the original appearance of [&hellip;]<\/p>\n","protected":false},"featured_media":36452,"comment_status":"open","ping_status":"closed","template":"","meta":{"_uag_custom_page_level_css":"","site-sidebar-layout":"default","site-content-layout":"","ast-site-content-layout":"default","site-content-style":"default","site-sidebar-style":"default","ast-global-header-display":"","ast-banner-title-visibility":"","ast-main-header-display":"","ast-hfb-above-header-display":"","ast-hfb-below-header-display":"","ast-hfb-mobile-header-display":"","site-post-title":"","ast-breadcrumbs-content":"","ast-featured-img":"","footer-sml-layout":"","ast-disable-related-posts":"","theme-transparent-header-meta":"default","adv-header-id-meta":"","stick-header-meta":"","header-above-stick-meta":"","header-main-stick-meta":"","header-below-stick-meta":"","astra-migrate-meta-layouts":"set","ast-page-background-enabled":"default","ast-page-background-meta":{"desktop":{"background-color":"var(--ast-global-color-4)","background-image":"","background-repeat":"repeat","background-position":"center center","background-size":"auto","background-attachment":"scroll","background-type":"","background-media":"","overlay-type":"","overlay-color":"","overlay-opacity":"","overlay-gradient":""},"tablet":{"background-color":"","background-image":"","background-repeat":"repeat","background-position":"center center","background-size":"auto","background-attachment":"scroll","background-type":"","background-media":"","overlay-type":"","overlay-color":"","overlay-opacity":"","overlay-gradient":""},"mobile":{"background-color":"","background-image":"","background-repeat":"repeat","background-position":"center center","background-size":"auto","background-attachment":"scroll","background-type":"","background-media":"","overlay-type":"","overlay-color":"","overlay-opacity":"","overlay-gradient":""}},"ast-content-background-meta":{"desktop":{"background-color":"var(--ast-global-color-5)","background-image":"","background-repeat":"repeat","background-position":"center center","background-size":"auto","background-attachment":"scroll","background-type":"","background-media":"","overlay-type":"","overlay-color":"","overlay-opacity":"","overlay-gradient":""},"tablet":{"background-color":"var(--ast-global-color-5)","background-image":"","background-repeat":"repeat","background-position":"center center","background-size":"auto","background-attachment":"scroll","background-type":"","background-media":"","overlay-type":"","overlay-color":"","overlay-opacity":"","overlay-gradient":""},"mobile":{"background-color":"var(--ast-global-color-5)","background-image":"","background-repeat":"repeat","background-position":"center center","background-size":"auto","background-attachment":"scroll","background-type":"","background-media":"","overlay-type":"","overlay-color":"","overlay-opacity":"","overlay-gradient":""}}},"product_brand":[],"product_cat":[175],"product_tag":[],"class_list":{"0":"post-23187","1":"product","2":"type-product","3":"status-publish","4":"has-post-thumbnail","6":"product_cat-cleaning-products","7":"desktop-align-left","8":"tablet-align-left","9":"mobile-align-left","11":"first","12":"instock","13":"sale","14":"shipping-taxable","15":"purchasable","16":"product-type-variable","17":"has-default-attributes"},"spectra_custom_meta":{"_visibility":["visible"],"_shopify_product_id":["9102343209205"],"_s2w_shopify_domain":["ferberpainting.myshopify.com"],"_shopify_variant_id":["46616017993973"],"_sku":[""],"_manage_stock":["no"],"total_sales":["157"],"_tax_status":["taxable"],"_tax_class":[""],"_backorders":["no"],"_sold_individually":["no"],"_virtual":["no"],"_downloadable":["no"],"_download_limit":["-1"],"_download_expiry":["-1"],"_stock":[null],"_stock_status":["instock"],"_wc_average_rating":["5.00"],"_wc_review_count":["11"],"_product_attributes":["a:1:{s:6:\"volume\";a:6:{s:4:\"name\";s:6:\"Volume\";s:5:\"value\";s:20:\"5 liters | 25 liters\";s:8:\"position\";i:1;s:10:\"is_visible\";i:0;s:12:\"is_variation\";i:1;s:11:\"is_taxonomy\";i:0;}}"],"_product_version":["10.5.1"],"wpse_downloadable_file_names":[""],"wpse_downloadable_file_urls":[""],"_edit_last":["1"],"_default_attributes":["a:1:{s:6:\"volume\";s:8:\"5 liters\";}"],"_edit_lock":["1771159388:1"],"merchant-center-availability":["yes"],"merchant-center-category":["4892"],"_price":["29.90","129.90"],"_thumbnail_id":["36452"],"_wp_page_template":["default"],"_wp_old_date":["2025-05-26"],"_product_image_gallery":["36453"],"site-sidebar-layout":["default"],"ast-site-content-layout":["default"],"site-content-style":["default"],"site-sidebar-style":["default"],"theme-transparent-header-meta":["default"],"_wc_rating_count":["a:1:{i:5;i:11;}"],"astra-migrate-meta-layouts":["set"],"_uag_css_file_name":["uag-css-23187.css"],"_elementor_page_assets":["a:0:{}"],"_uag_page_assets":["a:9:{s:3:\"css\";s:6893:\".wp-block-uagb-image{display:flex}.wp-block-uagb-image__figure{position:relative;display:flex;flex-direction:column;max-width:100%;height:auto;margin:0}.wp-block-uagb-image__figure img{height:auto;display:flex;max-width:100%;transition:box-shadow 0.2s ease}.wp-block-uagb-image__figure>a{display:inline-block}.wp-block-uagb-image__figure figcaption{text-align:center;margin-top:0.5em;margin-bottom:1em}.wp-block-uagb-image .components-placeholder.block-editor-media-placeholder .components-placeholder__instructions{align-self:center}.wp-block-uagb-image--align-left{text-align:left}.wp-block-uagb-image--align-right{text-align:right}.wp-block-uagb-image--align-center{text-align:center}.wp-block-uagb-image--align-full .wp-block-uagb-image__figure{margin-left:calc(50% - 50vw);margin-right:calc(50% - 50vw);max-width:100vw;width:100vw;height:auto}.wp-block-uagb-image--align-full .wp-block-uagb-image__figure img{height:auto;width:100% !important}.wp-block-uagb-image--align-wide .wp-block-uagb-image__figure img{height:auto;width:100%}.wp-block-uagb-image--layout-overlay__color-wrapper{position:absolute;left:0;top:0;right:0;bottom:0;opacity:0.2;background:rgba(0,0,0,0.5);transition:opacity 0.35s ease-in-out}.wp-block-uagb-image--layout-overlay-link{position:absolute;left:0;right:0;bottom:0;top:0}.wp-block-uagb-image--layout-overlay .wp-block-uagb-image__figure:hover .wp-block-uagb-image--layout-overlay__color-wrapper{opacity:1}.wp-block-uagb-image--layout-overlay__inner{position:absolute;left:15px;right:15px;bottom:15px;top:15px;display:flex;align-items:center;justify-content:center;flex-direction:column;border-color:#fff;transition:0.35s ease-in-out}.wp-block-uagb-image--layout-overlay__inner.top-left,.wp-block-uagb-image--layout-overlay__inner.top-center,.wp-block-uagb-image--layout-overlay__inner.top-right{justify-content:flex-start}.wp-block-uagb-image--layout-overlay__inner.bottom-left,.wp-block-uagb-image--layout-overlay__inner.bottom-center,.wp-block-uagb-image--layout-overlay__inner.bottom-right{justify-content:flex-end}.wp-block-uagb-image--layout-overlay__inner.top-left,.wp-block-uagb-image--layout-overlay__inner.center-left,.wp-block-uagb-image--layout-overlay__inner.bottom-left{align-items:flex-start}.wp-block-uagb-image--layout-overlay__inner.top-right,.wp-block-uagb-image--layout-overlay__inner.center-right,.wp-block-uagb-image--layout-overlay__inner.bottom-right{align-items:flex-end}.wp-block-uagb-image--layout-overlay__inner .uagb-image-heading{color:#fff;transition:transform 0.35s, opacity 0.35s ease-in-out;transform:translate3d(0, 24px, 0);margin:0;line-height:1em}.wp-block-uagb-image--layout-overlay__inner .uagb-image-separator{width:30%;border-top-width:2px;border-top-color:#fff;border-top-style:solid;margin-bottom:10px;opacity:0;transition:transform 0.4s, opacity 0.4s ease-in-out;transform:translate3d(0, 30px, 0)}.wp-block-uagb-image--layout-overlay__inner .uagb-image-caption{opacity:0;overflow:visible;color:#fff;transition:transform 0.45s, opacity 0.45s ease-in-out;transform:translate3d(0, 35px, 0)}.wp-block-uagb-image--layout-overlay__inner:hover .uagb-image-heading,.wp-block-uagb-image--layout-overlay__inner:hover .uagb-image-separator,.wp-block-uagb-image--layout-overlay__inner:hover .uagb-image-caption{opacity:1;transform:translate3d(0, 0, 0)}.wp-block-uagb-image--effect-zoomin .wp-block-uagb-image__figure img,.wp-block-uagb-image--effect-zoomin .wp-block-uagb-image__figure .wp-block-uagb-image--layout-overlay__color-wrapper{transform:scale(1);transition:transform 0.35s ease-in-out}.wp-block-uagb-image--effect-zoomin .wp-block-uagb-image__figure:hover img,.wp-block-uagb-image--effect-zoomin .wp-block-uagb-image__figure:hover .wp-block-uagb-image--layout-overlay__color-wrapper{transform:scale(1.05)}.wp-block-uagb-image--effect-slide .wp-block-uagb-image__figure img,.wp-block-uagb-image--effect-slide .wp-block-uagb-image__figure .wp-block-uagb-image--layout-overlay__color-wrapper{width:calc(100% + 40px) !important;max-width:none !important;transform:translate3d(-40px, 0, 0);transition:transform 0.35s ease-in-out}.wp-block-uagb-image--effect-slide .wp-block-uagb-image__figure:hover img,.wp-block-uagb-image--effect-slide .wp-block-uagb-image__figure:hover .wp-block-uagb-image--layout-overlay__color-wrapper{transform:translate3d(0, 0, 0)}.wp-block-uagb-image--effect-grayscale img{filter:grayscale(0%);transition:0.35s ease-in-out}.wp-block-uagb-image--effect-grayscale:hover img{filter:grayscale(100%)}.wp-block-uagb-image--effect-blur img{filter:blur(0);transition:0.35s ease-in-out}.wp-block-uagb-image--effect-blur:hover img{filter:blur(3px)}\n.uagb-block-e6f939b3.wp-block-uagb-image--layout-default figure img{box-shadow: 0px 0px 0 #00000070;}.uagb-block-e6f939b3.wp-block-uagb-image .wp-block-uagb-image__figure figcaption{font-style: normal;align-self: center;}.uagb-block-e6f939b3.wp-block-uagb-image--layout-overlay figure img{box-shadow: 0px 0px 0 #00000070;}.uagb-block-e6f939b3.wp-block-uagb-image--layout-overlay .wp-block-uagb-image--layout-overlay__color-wrapper{opacity: 0.2;}.uagb-block-e6f939b3.wp-block-uagb-image--layout-overlay .wp-block-uagb-image--layout-overlay__inner{left: 15px;right: 15px;top: 15px;bottom: 15px;}.uagb-block-e6f939b3.wp-block-uagb-image--layout-overlay .wp-block-uagb-image--layout-overlay__inner .uagb-image-heading{font-style: normal;color: #fff;opacity: 1;}.uagb-block-e6f939b3.wp-block-uagb-image--layout-overlay .wp-block-uagb-image--layout-overlay__inner .uagb-image-heading a{color: #fff;}.uagb-block-e6f939b3.wp-block-uagb-image--layout-overlay .wp-block-uagb-image--layout-overlay__inner .uagb-image-caption{opacity: 0;}.uagb-block-e6f939b3.wp-block-uagb-image--layout-overlay .wp-block-uagb-image__figure:hover .wp-block-uagb-image--layout-overlay__color-wrapper{opacity: 1;}.uagb-block-e6f939b3.wp-block-uagb-image .wp-block-uagb-image--layout-overlay__inner .uagb-image-separator{width: 30%;border-top-width: 2px;border-top-color: #fff;opacity: 0;}.uagb-block-e6f939b3.wp-block-uagb-image .wp-block-uagb-image__figure img{width: px;height: auto;}.uagb-block-e6f939b3.wp-block-uagb-image .wp-block-uagb-image__figure:hover .wp-block-uagb-image--layout-overlay__inner .uagb-image-caption{opacity: 1;}.uagb-block-e6f939b3.wp-block-uagb-image .wp-block-uagb-image__figure:hover .wp-block-uagb-image--layout-overlay__inner .uagb-image-separator{opacity: 1;}.uagb-block-e6f939b3.wp-block-uagb-image--layout-default figure:hover img{box-shadow: 0px 0px 0 #00000070;}.uagb-block-e6f939b3.wp-block-uagb-image--layout-overlay figure:hover img{box-shadow: 0px 0px 0 #00000070;}@media only screen and (max-width: 976px) {.uagb-block-e6f939b3.wp-block-uagb-image .wp-block-uagb-image__figure img{width: px;height: auto;}}@media only screen and (max-width: 767px) {.uagb-block-e6f939b3.wp-block-uagb-image .wp-block-uagb-image__figure img{width: px;height: auto;}}\";s:2:\"js\";s:0:\"\";s:18:\"current_block_list\";a:13:{i:0;s:11:\"core\/search\";i:1;s:10:\"core\/group\";i:2;s:12:\"core\/heading\";i:3;s:17:\"core\/latest-posts\";i:4;s:20:\"core\/latest-comments\";i:5;s:13:\"core\/archives\";i:6;s:15:\"core\/categories\";i:7;s:14:\"core\/paragraph\";i:8;s:10:\"uagb\/image\";i:9;s:11:\"core\/spacer\";i:10;s:30:\"woocommerce\/product-categories\";i:11;s:10:\"core\/image\";i:12;s:14:\"core\/shortcode\";}s:8:\"uag_flag\";b:1;s:11:\"uag_version\";s:10:\"1776619625\";s:6:\"gfonts\";a:0:{}s:10:\"gfonts_url\";s:0:\"\";s:12:\"gfonts_files\";a:0:{}s:14:\"uag_faq_layout\";b:0;}"]},"uagb_featured_image_src":{"full":["https:\/\/www.ferberpainting.com\/wp-content\/uploads\/2025\/05\/Copper-Brass-and-Bronze-Cleaner-5L.png",2560,2560,false],"thumbnail":["https:\/\/www.ferberpainting.com\/wp-content\/uploads\/2025\/05\/Copper-Brass-and-Bronze-Cleaner-5L-150x150.png",150,150,true],"medium":["https:\/\/www.ferberpainting.com\/wp-content\/uploads\/2025\/05\/Copper-Brass-and-Bronze-Cleaner-5L-300x300.png",300,300,true],"medium_large":["https:\/\/www.ferberpainting.com\/wp-content\/uploads\/2025\/05\/Copper-Brass-and-Bronze-Cleaner-5L-768x768.png",768,768,true],"large":["https:\/\/www.ferberpainting.com\/wp-content\/uploads\/2025\/05\/Copper-Brass-and-Bronze-Cleaner-5L-1024x1024.png",1024,1024,true],"1536x1536":["https:\/\/www.ferberpainting.com\/wp-content\/uploads\/2025\/05\/Copper-Brass-and-Bronze-Cleaner-5L-1536x1536.png",1536,1536,true],"2048x2048":["https:\/\/www.ferberpainting.com\/wp-content\/uploads\/2025\/05\/Copper-Brass-and-Bronze-Cleaner-5L-2048x2048.png",2048,2048,true],"trp-custom-language-flag":["https:\/\/www.ferberpainting.com\/wp-content\/uploads\/2025\/05\/Copper-Brass-and-Bronze-Cleaner-5L-12x12.png",12,12,true],"woocommerce_thumbnail":["https:\/\/www.ferberpainting.com\/wp-content\/uploads\/2025\/05\/Copper-Brass-and-Bronze-Cleaner-5L-300x300.png",300,300,true],"woocommerce_single":["https:\/\/www.ferberpainting.com\/wp-content\/uploads\/2025\/05\/Copper-Brass-and-Bronze-Cleaner-5L-600x600.png",600,600,true],"woocommerce_gallery_thumbnail":["https:\/\/www.ferberpainting.com\/wp-content\/uploads\/2025\/05\/Copper-Brass-and-Bronze-Cleaner-5L-100x100.png",100,100,true]},"uagb_author_info":{"display_name":"admin","author_link":"https:\/\/www.ferberpainting.com\/lv\/author\/"},"uagb_comment_info":11,"uagb_excerpt":"Optimal Effectiveness.\u00a0This cleaner for copper, brass, and bronze is specially formulated to effectively remove oxidation, stains, tarnish, and accumulated dirt over time. It works deep into the surface to restore shine and the natural glow of metals without damaging them. Its active formula quickly dissolves patina and dull residues, bringing back the original appearance of&hellip;","_links":{"self":[{"href":"https:\/\/www.ferberpainting.com\/lv\/wp-json\/wp\/v2\/product\/23187","targetHints":{"allow":["GET"]}}],"collection":[{"href":"https:\/\/www.ferberpainting.com\/lv\/wp-json\/wp\/v2\/product"}],"about":[{"href":"https:\/\/www.ferberpainting.com\/lv\/wp-json\/wp\/v2\/types\/product"}],"replies":[{"embeddable":true,"href":"https:\/\/www.ferberpainting.com\/lv\/wp-json\/wp\/v2\/comments?post=23187"}],"version-history":[{"count":4,"href":"https:\/\/www.ferberpainting.com\/lv\/wp-json\/wp\/v2\/product\/23187\/revisions"}],"predecessor-version":[{"id":166092,"href":"https:\/\/www.ferberpainting.com\/lv\/wp-json\/wp\/v2\/product\/23187\/revisions\/166092"}],"wp:featuredmedia":[{"embeddable":true,"href":"https:\/\/www.ferberpainting.com\/lv\/wp-json\/wp\/v2\/media\/36452"}],"wp:attachment":[{"href":"https:\/\/www.ferberpainting.com\/lv\/wp-json\/wp\/v2\/media?parent=23187"}],"wp:term":[{"taxonomy":"product_brand","embeddable":true,"href":"https:\/\/www.ferberpainting.com\/lv\/wp-json\/wp\/v2\/product_brand?post=23187"},{"taxonomy":"product_cat","embeddable":true,"href":"https:\/\/www.ferberpainting.com\/lv\/wp-json\/wp\/v2\/product_cat?post=23187"},{"taxonomy":"product_tag","embeddable":true,"href":"https:\/\/www.ferberpainting.com\/lv\/wp-json\/wp\/v2\/product_tag?post=23187"}],"curies":[{"name":"wp","href":"https:\/\/api.w.org\/{rel}","templated":true}]}}