{"id":23183,"date":"2025-05-26T10:23:11","date_gmt":"2025-05-26T08:23:11","guid":{"rendered":"https:\/\/www.ferberpainting.com\/products\/concrete-surface-deactivator\/"},"modified":"2026-02-15T13:41:32","modified_gmt":"2026-02-15T12:41:32","slug":"concrete-surface-deactivator","status":"publish","type":"product","link":"https:\/\/www.ferberpainting.com\/lv\/products\/concrete-surface-deactivator\/","title":{"rendered":"Betona virsmas deaktivators"},"content":{"rendered":"<p><img decoding=\"async\" style=\"margin-right: 12px;\" src=\"https:\/\/www.ferberpainting.com\/wp-content\/uploads\/2026\/02\/Check.svg\" alt=\"\" width=\"18\" height=\"15\" \/><strong>Prec\u012bzi un kontrol\u0113ti veidojiet dekorat\u012bvus dekorat\u012bvus virsmas p\u0101rkl\u0101jumus no sve\u0161\u0137erme\u0146iem.<\/strong> M\u016bsu betona virsmas dezaktivators ir \u012bpa\u0161i izstr\u0101d\u0101ts, lai aizkav\u0113tu svaigi ielieta betona virsmas saciet\u0113\u0161anu, \u013caujot nomazg\u0101t cementa virsk\u0101rtu un atkl\u0101t zem t\u0101s skaistus dabiskos pildvielas. Tas nodro\u0161ina profesion\u0101las kvalit\u0101tes dekorat\u012bvo apdari piebraucamajiem ce\u013ciem, celi\u0146iem, teras\u0113m, laukumiem un arhitektonisk\u0101m virsm\u0101m.<\/p>\n<p><strong><img decoding=\"async\" style=\"margin-right: 12px;\" src=\"https:\/\/www.ferberpainting.com\/wp-content\/uploads\/2026\/02\/Check.svg\" alt=\"\" width=\"18\" height=\"15\" \/>Efekt\u012bv\u0101kais pieejamais virsmas dezaktiv\u0101cijas risin\u0101jums.<\/strong> \u0160is produkts, kas izstr\u0101d\u0101ts, izmantojot modernu antibakteri\u0101lu tehnolo\u0123iju, iedarbojas tie\u0161i uz virsk\u0101rtu, neietekm\u0113jot betona iek\u0161\u0113jo struktur\u0101lo saciet\u0113\u0161anu. Tas nodro\u0161ina vienm\u0113r\u012bgu iedarb\u012bbas dzi\u013cumu un viendab\u012bgu pildvielu izskatu, sniedzot lab\u0101kus rezult\u0101tus sal\u012bdzin\u0101jum\u0101 ar tradicion\u0101laj\u0101m meh\u0101niskaj\u0101m metod\u0113m.<\/p>\n<p><strong><img decoding=\"async\" style=\"margin-right: 12px;\" src=\"https:\/\/www.ferberpainting.com\/wp-content\/uploads\/2026\/02\/Check.svg\" alt=\"\" width=\"18\" height=\"15\" \/>Naudas atmaksas garantija piln\u012bgai p\u0101rliec\u012bbai.<\/strong> M\u0113s piln\u012bb\u0101 atbalst\u0101m m\u016bsu betona virsmu dezaktivatora veiktsp\u0113ju. Ja neesat piln\u012bb\u0101 apmierin\u0101ts ar rezult\u0101tiem, m\u0113s atmaks\u0101sim naudu par pirkumu. M\u016bsu naudas atmaksas garantija nodro\u0161ina, ka j\u016bsu ieguld\u012bjums ir piln\u012bgi bez riska, un atspogu\u013co m\u016bsu ap\u0146em\u0161anos nodro\u0161in\u0101t profesion\u0101lu kvalit\u0101ti.<\/p>\n<p><strong><img decoding=\"async\" style=\"margin-right: 12px;\" src=\"https:\/\/www.ferberpainting.com\/wp-content\/uploads\/2026\/02\/Check.svg\" alt=\"\" width=\"18\" height=\"15\" \/>L\u0113t\u0101kais profesion\u0101lais profesion\u0101lais ekspon\u0113to agreg\u0101tu risin\u0101jums tirg\u016b.<\/strong> Dekorat\u012bvai betona apdarei bie\u017ei vien ir nepiecie\u0161ama d\u0101rga apstr\u0101de vai specializ\u0113ts apr\u012bkojums. M\u016bsu virsmas dezaktivators pied\u0101v\u0101 augst\u0101k\u0101s klases veiktsp\u0113ju par viskonkur\u0113tsp\u0113j\u012bg\u0101ko cenu, nodro\u0161inot izcilu v\u0113rt\u012bbu gan b\u016bvuz\u0146\u0113m\u0113jiem, gan \u012bpa\u0161umu \u012bpa\u0161niekiem.<\/p>\n<p><strong><img decoding=\"async\" style=\"margin-right: 12px;\" src=\"https:\/\/www.ferberpainting.com\/wp-content\/uploads\/2026\/02\/Check.svg\" alt=\"\" width=\"18\" height=\"15\" \/>\u0100tra pieg\u0101de 24 stundu laik\u0101 steidzamiem betona projektiem.<\/strong> Virsmas apstr\u0101de j\u0101veic uzreiz p\u0113c betona iestr\u0101des. T\u0101p\u0113c m\u0113s pied\u0101v\u0101jam uzticamu pieg\u0101di 24 stundas diennakt\u012b, nodro\u0161inot, ka j\u016bsu produkts tiek pieg\u0101d\u0101ts laik\u0101 un dekorat\u012bvo apdari var veikt bez kav\u0113\u0161an\u0101s.<\/p>\n<p><strong><img decoding=\"async\" style=\"margin-right: 12px;\" src=\"https:\/\/www.ferberpainting.com\/wp-content\/uploads\/2026\/02\/Check.svg\" alt=\"\" width=\"18\" height=\"15\" \/>L\u012bdz 5 m\u00b2 p\u0101rkl\u0101jums uz litru kontrol\u0113tai uzkl\u0101\u0161anai.<\/strong> Viens litrs apstr\u0101d\u0101 l\u012bdz 5 kvadr\u0101tmetriem, nodro\u0161inot pietiekamu uzkl\u0101\u0161anas biezumu efekt\u012bvai virsmas aizkav\u0113\u0161anai. \u0160\u0101ds prec\u012bzs p\u0101rkl\u0101jums nodro\u0161ina prec\u012bzu pl\u0101no\u0161anu un konsekventu dekorat\u012bvo rezult\u0101tu.<\/p>\n<p><strong><img decoding=\"async\" style=\"margin-right: 12px;\" src=\"https:\/\/www.ferberpainting.com\/wp-content\/uploads\/2026\/02\/Check.svg\" alt=\"\" width=\"18\" height=\"15\" \/>Nodro\u0161ina vienm\u0113r\u012bgu agreg\u0101tu iedarb\u012bbu.<\/strong> Formula nodro\u0161ina kontrol\u0113tu virsmas aizkav\u0113\u0161anos, \u013caujot pan\u0101kt vienm\u0113r\u012bgu iedarb\u012bbas dzi\u013cumu liel\u0101s plat\u012bb\u0101s. Tas nodro\u0161ina profesion\u0101lu, est\u0113tiski pievilc\u012bgu apdari bez nevienm\u0113r\u012bgiem plankumiem vai nekonsekvent\u0101m tekst\u016br\u0101m.<\/p>\n<p><strong><img decoding=\"async\" style=\"margin-right: 12px;\" src=\"https:\/\/www.ferberpainting.com\/wp-content\/uploads\/2026\/02\/Check.svg\" alt=\"\" width=\"18\" height=\"15\" \/>saglab\u0101 betona struktur\u0101lo integrit\u0101ti.<\/strong> Kam\u0113r virsmas saciet\u0113\u0161ana ir aizkav\u0113ta, iek\u0161\u0113j\u0101 betona masa saciet\u0113 norm\u0101li. Tas garant\u0113, ka gal\u012bg\u0101 konstrukcija saglab\u0101 savu meh\u0101nisko stipr\u012bbu un ilgm\u016b\u017e\u012bbu.<\/p>\n<p><strong><img decoding=\"async\" style=\"margin-right: 12px;\" src=\"https:\/\/www.ferberpainting.com\/wp-content\/uploads\/2026\/02\/Check.svg\" alt=\"\" width=\"18\" height=\"15\" \/>Piem\u0113rots dz\u012bvojamo un komerci\u0101lo \u0113ku dekorat\u012bvajiem projektiem.<\/strong> Ide\u0101li piem\u0113rots ietv\u0113m, teras\u0113m, pagalmiem, autost\u0101vviet\u0101m, peldbaseinu kl\u0101jiem un arhitektonisk\u0101m betona virsm\u0101m, \u0161is dezaktivators uzlabo est\u0113tisko izskatu, vienlaikus saglab\u0101jot iztur\u012bbu.<\/p>\n<p><strong><img decoding=\"async\" style=\"margin-right: 12px;\" src=\"https:\/\/www.ferberpainting.com\/wp-content\/uploads\/2026\/02\/Check.svg\" alt=\"\" width=\"18\" height=\"15\" \/>Vienk\u0101r\u0161a lieto\u0161ana profesion\u0101liem rezult\u0101tiem.<\/strong> Produkts ir izstr\u0101d\u0101ts t\u0101, lai to b\u016btu viegli lietot, un to var uzkl\u0101t ar zemspiediena smidzin\u0101t\u0101ju uzreiz p\u0113c betona virsmas apdares, t\u0101p\u0113c tas ir piem\u0113rots darbuz\u0146\u0113m\u0113jiem un pieredz\u0113ju\u0161iem uzkl\u0101j\u0113jiem, kas mekl\u0113 uzticamus un atk\u0101rtojamus dekorat\u012bvos efektus.<\/p>\n<h2><strong>Instrukcijas<\/strong><\/h2>\n<ul>\n<li>Ielejiet un izl\u012bdziniet betona virsmu saska\u0146\u0101 ar standarta b\u016bvniec\u012bbas praksi.<\/li>\n<li>P\u0113c tam, kad virsma ir pien\u0101c\u012bgi apstr\u0101d\u0101ta un izgarojis liekais izpl\u016bdu\u0161ais \u016bdens, vienm\u0113r\u012bgi uzkl\u0101jiet virsmas dezaktivatoru.<\/li>\n<li>Pirms lieto\u0161anas r\u016bp\u012bgi sakratiet vai samaisiet produktu, lai nodro\u0161in\u0101tu viendab\u012bgu sast\u0101vu.<\/li>\n<li>Uzkl\u0101jiet, izmantojot zemspiediena smidzin\u0101t\u0101ju, lai pan\u0101ktu vienm\u0113r\u012bgu p\u0101rkl\u0101jumu pa visu virsmu.<\/li>\n<li>Iev\u0113rojiet ieteicamo p\u0101rkl\u0101juma normu l\u012bdz 5 m\u00b2 uz litru. Tas atbilst aptuveni 200 ml uz kvadr\u0101tmetru, lai nodro\u0161in\u0101tu optim\u0101lu virsmas aizkav\u0113\u0161anu.<\/li>\n<li>Nodro\u0161ina piln\u012bgu un vienm\u0113r\u012bgu p\u0101rkl\u0101jumu, neatst\u0101jot neapstr\u0101d\u0101tus laukumus. Izvairieties no p\u0101rm\u0113r\u012bgas uzkr\u0101\u0161an\u0101s.<\/li>\n<li>\u013baujiet produktam iedarboties atkar\u012bb\u0101 no vides apst\u0101k\u013ciem, parasti l\u012bdz pamatbetons ir pietiekami saciet\u0113jis.<\/li>\n<li>P\u0113c atbilsto\u0161a nogaid\u012b\u0161anas perioda virsmu maigi nomazg\u0101jiet ar \u016bdeni, izmantojot \u0161\u013c\u016bteni vai spiediena mazg\u0101jamo ma\u0161\u012bnu, lai no\u0146emtu m\u012bkstin\u0101to cementa pastu un atsegtu pildvielu.<\/li>\n<li>Izvairieties no uzkl\u0101\u0161anas sp\u0113c\u012bga lietus vai ekstrem\u0101lu temperat\u016bru laik\u0101, kas var\u0113tu trauc\u0113t virsmas saciet\u0113\u0161anu un apstr\u0101di.<\/li>\n<li>P\u0113c lieto\u0161anas instrumentus nekav\u0113joties not\u012briet ar \u016bdeni un uzglab\u0101jiet produktu v\u0113s\u0101, saus\u0101 viet\u0101, cie\u0161i aizverot trauku.<\/li>\n<\/ul>","protected":false},"excerpt":{"rendered":"<p>Create decorative exposed aggregate finishes with precision and control. Our concrete surface deactivator is specially formulated to delay the surface setting of freshly poured concrete, allowing you to wash away the top cement layer and reveal beautiful natural aggregates beneath. It provides professional-quality decorative finishes for driveways, walkways, patios, plazas, and architectural surfaces. The most [&hellip;]<\/p>\n","protected":false},"featured_media":25747,"comment_status":"open","ping_status":"closed","template":"","meta":{"_uag_custom_page_level_css":"","site-sidebar-layout":"default","site-content-layout":"","ast-site-content-layout":"default","site-content-style":"default","site-sidebar-style":"default","ast-global-header-display":"","ast-banner-title-visibility":"","ast-main-header-display":"","ast-hfb-above-header-display":"","ast-hfb-below-header-display":"","ast-hfb-mobile-header-display":"","site-post-title":"","ast-breadcrumbs-content":"","ast-featured-img":"","footer-sml-layout":"","ast-disable-related-posts":"","theme-transparent-header-meta":"default","adv-header-id-meta":"","stick-header-meta":"","header-above-stick-meta":"","header-main-stick-meta":"","header-below-stick-meta":"","astra-migrate-meta-layouts":"set","ast-page-background-enabled":"default","ast-page-background-meta":{"desktop":{"background-color":"var(--ast-global-color-4)","background-image":"","background-repeat":"repeat","background-position":"center center","background-size":"auto","background-attachment":"scroll","background-type":"","background-media":"","overlay-type":"","overlay-color":"","overlay-opacity":"","overlay-gradient":""},"tablet":{"background-color":"","background-image":"","background-repeat":"repeat","background-position":"center center","background-size":"auto","background-attachment":"scroll","background-type":"","background-media":"","overlay-type":"","overlay-color":"","overlay-opacity":"","overlay-gradient":""},"mobile":{"background-color":"","background-image":"","background-repeat":"repeat","background-position":"center center","background-size":"auto","background-attachment":"scroll","background-type":"","background-media":"","overlay-type":"","overlay-color":"","overlay-opacity":"","overlay-gradient":""}},"ast-content-background-meta":{"desktop":{"background-color":"var(--ast-global-color-5)","background-image":"","background-repeat":"repeat","background-position":"center center","background-size":"auto","background-attachment":"scroll","background-type":"","background-media":"","overlay-type":"","overlay-color":"","overlay-opacity":"","overlay-gradient":""},"tablet":{"background-color":"var(--ast-global-color-5)","background-image":"","background-repeat":"repeat","background-position":"center center","background-size":"auto","background-attachment":"scroll","background-type":"","background-media":"","overlay-type":"","overlay-color":"","overlay-opacity":"","overlay-gradient":""},"mobile":{"background-color":"var(--ast-global-color-5)","background-image":"","background-repeat":"repeat","background-position":"center center","background-size":"auto","background-attachment":"scroll","background-type":"","background-media":"","overlay-type":"","overlay-color":"","overlay-opacity":"","overlay-gradient":""}}},"product_brand":[],"product_cat":[176],"product_tag":[],"class_list":{"0":"post-23183","1":"product","2":"type-product","3":"status-publish","4":"has-post-thumbnail","6":"product_cat-concrete-treatment","7":"desktop-align-left","8":"tablet-align-left","9":"mobile-align-left","11":"first","12":"instock","13":"sale","14":"shipping-taxable","15":"purchasable","16":"product-type-variable","17":"has-default-attributes"},"spectra_custom_meta":{"_visibility":["visible"],"_shopify_product_id":["7952816144629"],"_s2w_shopify_domain":["ferberpainting.myshopify.com"],"_shopify_variant_id":["43508740391157"],"_manage_stock":["no"],"total_sales":["130"],"_tax_status":["taxable"],"_tax_class":[""],"_backorders":["no"],"_sold_individually":["no"],"_virtual":["no"],"_downloadable":["no"],"_download_limit":["-1"],"_download_expiry":["-1"],"_stock":[null],"_stock_status":["instock"],"_wc_average_rating":["4.92"],"_wc_review_count":["77"],"_product_attributes":["a:1:{s:6:\"volume\";a:6:{s:4:\"name\";s:6:\"Volume\";s:5:\"value\";s:20:\"5 liters | 25 liters\";s:8:\"position\";i:1;s:10:\"is_visible\";i:0;s:12:\"is_variation\";i:1;s:11:\"is_taxonomy\";i:0;}}"],"_product_version":["10.5.1"],"_thumbnail_id":["25747"],"_product_image_gallery":["25748"],"_edit_lock":["1771159153:1"],"_default_attributes":["a:1:{s:6:\"volume\";s:8:\"5 liters\";}"],"merchant-center-availability":["yes"],"merchant-center-category":["503739"],"merchant-center-id":["CSD"],"_edit_last":["1"],"_wp_page_template":["default"],"site-sidebar-layout":["default"],"ast-site-content-layout":["default"],"site-content-style":["default"],"site-sidebar-style":["default"],"theme-transparent-header-meta":["default"],"_price":["29.90","119.90"],"_wc_rating_count":["a:3:{i:3;i:1;i:4;i:4;i:5;i:72;}"],"astra-migrate-meta-layouts":["set"],"_uag_css_file_name":["uag-css-23183.css"],"_elementor_page_assets":["a:0:{}"],"_uag_page_assets":["a:9:{s:3:\"css\";s:6873:\".wp-block-uagb-image{display:flex}.wp-block-uagb-image__figure{position:relative;display:flex;flex-direction:column;max-width:100%;height:auto;margin:0}.wp-block-uagb-image__figure img{height:auto;display:flex;max-width:100%;transition:box-shadow .2s ease}.wp-block-uagb-image__figure>a{display:inline-block}.wp-block-uagb-image__figure figcaption{text-align:center;margin-top:.5em;margin-bottom:1em}.wp-block-uagb-image .components-placeholder.block-editor-media-placeholder .components-placeholder__instructions{align-self:center}.wp-block-uagb-image--align-left{text-align:left}.wp-block-uagb-image--align-right{text-align:right}.wp-block-uagb-image--align-center{text-align:center}.wp-block-uagb-image--align-full .wp-block-uagb-image__figure{margin-left:calc(50% - 50vw);margin-right:calc(50% - 50vw);max-width:100vw;width:100vw;height:auto}.wp-block-uagb-image--align-full .wp-block-uagb-image__figure img{height:auto;width:100% !important}.wp-block-uagb-image--align-wide .wp-block-uagb-image__figure img{height:auto;width:100%}.wp-block-uagb-image--layout-overlay__color-wrapper{position:absolute;left:0;top:0;right:0;bottom:0;opacity:.2;background:rgba(0,0,0,.5);transition:opacity .35s ease-in-out}.wp-block-uagb-image--layout-overlay-link{position:absolute;left:0;right:0;bottom:0;top:0}.wp-block-uagb-image--layout-overlay .wp-block-uagb-image__figure:hover .wp-block-uagb-image--layout-overlay__color-wrapper{opacity:1}.wp-block-uagb-image--layout-overlay__inner{position:absolute;left:15px;right:15px;bottom:15px;top:15px;display:flex;align-items:center;justify-content:center;flex-direction:column;border-color:#fff;transition:.35s ease-in-out}.wp-block-uagb-image--layout-overlay__inner.top-left,.wp-block-uagb-image--layout-overlay__inner.top-center,.wp-block-uagb-image--layout-overlay__inner.top-right{justify-content:flex-start}.wp-block-uagb-image--layout-overlay__inner.bottom-left,.wp-block-uagb-image--layout-overlay__inner.bottom-center,.wp-block-uagb-image--layout-overlay__inner.bottom-right{justify-content:flex-end}.wp-block-uagb-image--layout-overlay__inner.top-left,.wp-block-uagb-image--layout-overlay__inner.center-left,.wp-block-uagb-image--layout-overlay__inner.bottom-left{align-items:flex-start}.wp-block-uagb-image--layout-overlay__inner.top-right,.wp-block-uagb-image--layout-overlay__inner.center-right,.wp-block-uagb-image--layout-overlay__inner.bottom-right{align-items:flex-end}.wp-block-uagb-image--layout-overlay__inner .uagb-image-heading{color:#fff;transition:transform .35s,opacity .35s ease-in-out;transform:translate3d(0, 24px, 0);margin:0;line-height:1em}.wp-block-uagb-image--layout-overlay__inner .uagb-image-separator{width:30%;border-top-width:2px;border-top-color:#fff;border-top-style:solid;margin-bottom:10px;opacity:0;transition:transform .4s,opacity .4s ease-in-out;transform:translate3d(0, 30px, 0)}.wp-block-uagb-image--layout-overlay__inner .uagb-image-caption{opacity:0;overflow:visible;color:#fff;transition:transform .45s,opacity .45s ease-in-out;transform:translate3d(0, 35px, 0)}.wp-block-uagb-image--layout-overlay__inner:hover .uagb-image-heading,.wp-block-uagb-image--layout-overlay__inner:hover .uagb-image-separator,.wp-block-uagb-image--layout-overlay__inner:hover .uagb-image-caption{opacity:1;transform:translate3d(0, 0, 0)}.wp-block-uagb-image--effect-zoomin .wp-block-uagb-image__figure img,.wp-block-uagb-image--effect-zoomin .wp-block-uagb-image__figure .wp-block-uagb-image--layout-overlay__color-wrapper{transform:scale(1);transition:transform .35s ease-in-out}.wp-block-uagb-image--effect-zoomin .wp-block-uagb-image__figure:hover img,.wp-block-uagb-image--effect-zoomin .wp-block-uagb-image__figure:hover .wp-block-uagb-image--layout-overlay__color-wrapper{transform:scale(1.05)}.wp-block-uagb-image--effect-slide .wp-block-uagb-image__figure img,.wp-block-uagb-image--effect-slide .wp-block-uagb-image__figure .wp-block-uagb-image--layout-overlay__color-wrapper{width:calc(100% + 40px) !important;max-width:none !important;transform:translate3d(-40px, 0, 0);transition:transform .35s ease-in-out}.wp-block-uagb-image--effect-slide .wp-block-uagb-image__figure:hover img,.wp-block-uagb-image--effect-slide .wp-block-uagb-image__figure:hover .wp-block-uagb-image--layout-overlay__color-wrapper{transform:translate3d(0, 0, 0)}.wp-block-uagb-image--effect-grayscale img{filter:grayscale(0%);transition:.35s ease-in-out}.wp-block-uagb-image--effect-grayscale:hover img{filter:grayscale(100%)}.wp-block-uagb-image--effect-blur img{filter:blur(0);transition:.35s ease-in-out}.wp-block-uagb-image--effect-blur:hover img{filter:blur(3px)}.uagb-block-e6f939b3.wp-block-uagb-image--layout-default figure img{box-shadow: 0px 0px 0 #00000070;}.uagb-block-e6f939b3.wp-block-uagb-image .wp-block-uagb-image__figure figcaption{font-style: normal;align-self: center;}.uagb-block-e6f939b3.wp-block-uagb-image--layout-overlay figure img{box-shadow: 0px 0px 0 #00000070;}.uagb-block-e6f939b3.wp-block-uagb-image--layout-overlay .wp-block-uagb-image--layout-overlay__color-wrapper{opacity: 0.2;}.uagb-block-e6f939b3.wp-block-uagb-image--layout-overlay .wp-block-uagb-image--layout-overlay__inner{left: 15px;right: 15px;top: 15px;bottom: 15px;}.uagb-block-e6f939b3.wp-block-uagb-image--layout-overlay .wp-block-uagb-image--layout-overlay__inner .uagb-image-heading{font-style: normal;color: #fff;opacity: 1;}.uagb-block-e6f939b3.wp-block-uagb-image--layout-overlay .wp-block-uagb-image--layout-overlay__inner .uagb-image-heading a{color: #fff;}.uagb-block-e6f939b3.wp-block-uagb-image--layout-overlay .wp-block-uagb-image--layout-overlay__inner .uagb-image-caption{opacity: 0;}.uagb-block-e6f939b3.wp-block-uagb-image--layout-overlay .wp-block-uagb-image__figure:hover .wp-block-uagb-image--layout-overlay__color-wrapper{opacity: 1;}.uagb-block-e6f939b3.wp-block-uagb-image .wp-block-uagb-image--layout-overlay__inner .uagb-image-separator{width: 30%;border-top-width: 2px;border-top-color: #fff;opacity: 0;}.uagb-block-e6f939b3.wp-block-uagb-image .wp-block-uagb-image__figure img{width: px;height: auto;}.uagb-block-e6f939b3.wp-block-uagb-image .wp-block-uagb-image__figure:hover .wp-block-uagb-image--layout-overlay__inner .uagb-image-caption{opacity: 1;}.uagb-block-e6f939b3.wp-block-uagb-image .wp-block-uagb-image__figure:hover .wp-block-uagb-image--layout-overlay__inner .uagb-image-separator{opacity: 1;}.uagb-block-e6f939b3.wp-block-uagb-image--layout-default figure:hover img{box-shadow: 0px 0px 0 #00000070;}.uagb-block-e6f939b3.wp-block-uagb-image--layout-overlay figure:hover img{box-shadow: 0px 0px 0 #00000070;}@media only screen and (max-width: 976px) {.uagb-block-e6f939b3.wp-block-uagb-image .wp-block-uagb-image__figure img{width: px;height: auto;}}@media only screen and (max-width: 767px) {.uagb-block-e6f939b3.wp-block-uagb-image .wp-block-uagb-image__figure img{width: px;height: auto;}}\";s:2:\"js\";s:0:\"\";s:18:\"current_block_list\";a:13:{i:0;s:11:\"core\/search\";i:1;s:10:\"core\/group\";i:2;s:12:\"core\/heading\";i:3;s:17:\"core\/latest-posts\";i:4;s:20:\"core\/latest-comments\";i:5;s:13:\"core\/archives\";i:6;s:15:\"core\/categories\";i:7;s:14:\"core\/paragraph\";i:8;s:10:\"uagb\/image\";i:9;s:11:\"core\/spacer\";i:10;s:30:\"woocommerce\/product-categories\";i:11;s:10:\"core\/image\";i:12;s:14:\"core\/shortcode\";}s:8:\"uag_flag\";b:1;s:11:\"uag_version\";s:10:\"1777036786\";s:6:\"gfonts\";a:0:{}s:10:\"gfonts_url\";s:0:\"\";s:12:\"gfonts_files\";a:0:{}s:14:\"uag_faq_layout\";b:0;}"]},"uagb_featured_image_src":{"full":["https:\/\/www.ferberpainting.com\/wp-content\/uploads\/2025\/05\/Concrete_Surface_Deactivator_5L.jpg",2560,2560,false],"thumbnail":["https:\/\/www.ferberpainting.com\/wp-content\/uploads\/2025\/05\/Concrete_Surface_Deactivator_5L-150x150.jpg",150,150,true],"medium":["https:\/\/www.ferberpainting.com\/wp-content\/uploads\/2025\/05\/Concrete_Surface_Deactivator_5L-300x300.jpg",300,300,true],"medium_large":["https:\/\/www.ferberpainting.com\/wp-content\/uploads\/2025\/05\/Concrete_Surface_Deactivator_5L-768x768.jpg",768,768,true],"large":["https:\/\/www.ferberpainting.com\/wp-content\/uploads\/2025\/05\/Concrete_Surface_Deactivator_5L-1024x1024.jpg",1024,1024,true],"1536x1536":["https:\/\/www.ferberpainting.com\/wp-content\/uploads\/2025\/05\/Concrete_Surface_Deactivator_5L-1536x1536.jpg",1536,1536,true],"2048x2048":["https:\/\/www.ferberpainting.com\/wp-content\/uploads\/2025\/05\/Concrete_Surface_Deactivator_5L-2048x2048.jpg",2048,2048,true],"trp-custom-language-flag":["https:\/\/www.ferberpainting.com\/wp-content\/uploads\/2025\/05\/Concrete_Surface_Deactivator_5L-12x12.jpg",12,12,true],"woocommerce_thumbnail":["https:\/\/www.ferberpainting.com\/wp-content\/uploads\/2025\/05\/Concrete_Surface_Deactivator_5L-300x300.jpg",300,300,true],"woocommerce_single":["https:\/\/www.ferberpainting.com\/wp-content\/uploads\/2025\/05\/Concrete_Surface_Deactivator_5L-600x600.jpg",600,600,true],"woocommerce_gallery_thumbnail":["https:\/\/www.ferberpainting.com\/wp-content\/uploads\/2025\/05\/Concrete_Surface_Deactivator_5L-100x100.jpg",100,100,true]},"uagb_author_info":{"display_name":"admin","author_link":"https:\/\/www.ferberpainting.com\/lv\/author\/"},"uagb_comment_info":77,"uagb_excerpt":"Create decorative exposed aggregate finishes with precision and control. Our concrete surface deactivator is specially formulated to delay the surface setting of freshly poured concrete, allowing you to wash away the top cement layer and reveal beautiful natural aggregates beneath. It provides professional-quality decorative finishes for driveways, walkways, patios, plazas, and architectural surfaces. The most&hellip;","_links":{"self":[{"href":"https:\/\/www.ferberpainting.com\/lv\/wp-json\/wp\/v2\/product\/23183","targetHints":{"allow":["GET"]}}],"collection":[{"href":"https:\/\/www.ferberpainting.com\/lv\/wp-json\/wp\/v2\/product"}],"about":[{"href":"https:\/\/www.ferberpainting.com\/lv\/wp-json\/wp\/v2\/types\/product"}],"replies":[{"embeddable":true,"href":"https:\/\/www.ferberpainting.com\/lv\/wp-json\/wp\/v2\/comments?post=23183"}],"version-history":[{"count":4,"href":"https:\/\/www.ferberpainting.com\/lv\/wp-json\/wp\/v2\/product\/23183\/revisions"}],"predecessor-version":[{"id":166088,"href":"https:\/\/www.ferberpainting.com\/lv\/wp-json\/wp\/v2\/product\/23183\/revisions\/166088"}],"wp:featuredmedia":[{"embeddable":true,"href":"https:\/\/www.ferberpainting.com\/lv\/wp-json\/wp\/v2\/media\/25747"}],"wp:attachment":[{"href":"https:\/\/www.ferberpainting.com\/lv\/wp-json\/wp\/v2\/media?parent=23183"}],"wp:term":[{"taxonomy":"product_brand","embeddable":true,"href":"https:\/\/www.ferberpainting.com\/lv\/wp-json\/wp\/v2\/product_brand?post=23183"},{"taxonomy":"product_cat","embeddable":true,"href":"https:\/\/www.ferberpainting.com\/lv\/wp-json\/wp\/v2\/product_cat?post=23183"},{"taxonomy":"product_tag","embeddable":true,"href":"https:\/\/www.ferberpainting.com\/lv\/wp-json\/wp\/v2\/product_tag?post=23183"}],"curies":[{"name":"wp","href":"https:\/\/api.w.org\/{rel}","templated":true}]}}