{"id":23180,"date":"2025-05-26T10:23:10","date_gmt":"2025-05-26T08:23:10","guid":{"rendered":"https:\/\/www.ferberpainting.com\/products\/pore-filler\/"},"modified":"2026-02-15T13:40:49","modified_gmt":"2026-02-15T12:40:49","slug":"pore-filler","status":"publish","type":"product","link":"https:\/\/www.ferberpainting.com\/lv\/products\/pore-filler\/","title":{"rendered":"Betona poru aizpild\u012bt\u0101js"},"content":{"rendered":"<p><img decoding=\"async\" style=\"margin-right: 12px;\" src=\"https:\/\/www.ferberpainting.com\/wp-content\/uploads\/2026\/02\/Check.svg\" alt=\"\" width=\"18\" height=\"15\" \/><strong>Ar profesion\u0101lu precizit\u0101ti nosl\u0113dziet un izl\u012bdziniet porainas betona virsmas.<\/strong> M\u016bsu betona poru aizpild\u012bt\u0101js ir \u012bpa\u0161i izstr\u0101d\u0101ts, lai iek\u013c\u016btu un aizpild\u012btu mikroporas, kapil\u0101rus un virsmas tuk\u0161umus betona un cementa pamatn\u0113s. Tas p\u0101rv\u0113r\u0161 raupjas un porainas virsmas bl\u012bv\u0101k\u0101, glud\u0101k\u0101 un viendab\u012bg\u0101k\u0101 apdar\u0113, radot ide\u0101lu pamatu p\u0101rkl\u0101jumiem, kr\u0101s\u0101m, herm\u0113ti\u0137iem vai dekorat\u012bviem materi\u0101liem.<\/p>\n<p><strong><img decoding=\"async\" style=\"margin-right: 12px;\" src=\"https:\/\/www.ferberpainting.com\/wp-content\/uploads\/2026\/02\/Check.svg\" alt=\"\" width=\"18\" height=\"15\" \/>Efekt\u012bv\u0101kais pieejamais poru aizpild\u012b\u0161anas risin\u0101jums.<\/strong> \u0160\u012b formula, kas izstr\u0101d\u0101ta, izmantojot modernu penetr\u0101cijas tehnolo\u0123iju, dzi\u013ci ies\u016bcas betona strukt\u016br\u0101 un saist\u0101s ar pamatni. T\u0101 samazina virsmas porain\u012bbu iev\u0113rojami efekt\u012bv\u0101k nek\u0101 tradicion\u0101l\u0101s virsmas gruntskr\u0101sas vai pl\u0101nie herm\u0113ti\u0137i, nodro\u0161inot ilglaic\u012bgu bl\u012bvuma un virsmas kvalit\u0101tes uzlabo\u0161anos.<\/p>\n<p><strong><img decoding=\"async\" style=\"margin-right: 12px;\" src=\"https:\/\/www.ferberpainting.com\/wp-content\/uploads\/2026\/02\/Check.svg\" alt=\"\" width=\"18\" height=\"15\" \/>Naudas atmaksas garantija piln\u012bgai p\u0101rliec\u012bbai.<\/strong> M\u0113s esam piln\u012bb\u0101 p\u0101rliecin\u0101ti par m\u016bsu betona poru aizpild\u012bt\u0101ja veiktsp\u0113ju. Ja j\u016bs neb\u016bsiet piln\u012bb\u0101 apmierin\u0101ts ar rezult\u0101tiem, m\u0113s atmaks\u0101sim naudu par pirkumu. M\u016bsu naudas atmaksas garantija nodro\u0161ina, ka j\u016bsu ieguld\u012bjums ir piln\u012bgi bez riska, un apliecina m\u016bsu ap\u0146em\u0161anos nodro\u0161in\u0101t profesion\u0101lu kvalit\u0101ti.<\/p>\n<p><strong><img decoding=\"async\" style=\"margin-right: 12px;\" src=\"https:\/\/www.ferberpainting.com\/wp-content\/uploads\/2026\/02\/Check.svg\" alt=\"\" width=\"18\" height=\"15\" \/>L\u0113t\u0101kais augstas veiktsp\u0113jas betona poru aizpild\u012bt\u0101js tirg\u016b.<\/strong> Augst\u0101k\u0101 l\u012bme\u0146a virsmas sagatavo\u0161anai nav j\u0101maks\u0101 d\u0101rgi. M\u016bsu produkts nodro\u0161ina izcilu poru aizpild\u012b\u0161anas veiktsp\u0113ju par viskonkur\u0113tsp\u0113j\u012bg\u0101ko pieejamo cenu, t\u0101p\u0113c tas ir ide\u0101li piem\u0113rots gan b\u016bvuz\u0146\u0113m\u0113jiem, gan m\u0101ju \u012bpa\u0161niekiem, kas mekl\u0113 rentablus betona uzlabojumus.<\/p>\n<p><strong><img decoding=\"async\" style=\"margin-right: 12px;\" src=\"https:\/\/www.ferberpainting.com\/wp-content\/uploads\/2026\/02\/Check.svg\" alt=\"\" width=\"18\" height=\"15\" \/>\u0100tra pieg\u0101de 24 stundas diennakt\u012b, lai nodro\u0161in\u0101tu nep\u0101rtrauktu projektu grafiku.<\/strong> Virsmas sagatavo\u0161ana bie\u017ei vien ir atkar\u012bga no laika. T\u0101p\u0113c m\u0113s pied\u0101v\u0101jam uzticamu pieg\u0101di 24 stundas diennakt\u012b, nodro\u0161inot, ka poru aizpild\u012bt\u0101js tiek pieg\u0101d\u0101ts \u0101tri un projekts tiek \u012bstenots bez kav\u0113\u0161an\u0101s.<\/p>\n<p><strong><img decoding=\"async\" style=\"margin-right: 12px;\" src=\"https:\/\/www.ferberpainting.com\/wp-content\/uploads\/2026\/02\/Check.svg\" alt=\"\" width=\"18\" height=\"15\" \/>L\u012bdz 10 m\u00b2 p\u0101rkl\u0101jums uz litru efekt\u012bvai uzkl\u0101\u0161anai.<\/strong> Viens litrs apstr\u0101d\u0101 l\u012bdz pat 10 kvadr\u0101tmetriem, nodro\u0161inot lielisku produktivit\u0101ti un prec\u012bzu pl\u0101no\u0161anu. \u0160\u0101ds p\u0101rkl\u0101jums nodro\u0161ina pareizu poru pies\u0101tin\u0101jumu, vienlaikus saglab\u0101jot ekonomisku produkta pat\u0113ri\u0146u.<\/p>\n<p><strong><img decoding=\"async\" style=\"margin-right: 12px;\" src=\"https:\/\/www.ferberpainting.com\/wp-content\/uploads\/2026\/02\/Check.svg\" alt=\"\" width=\"18\" height=\"15\" \/>Uzlabo turpm\u0101ko p\u0101rkl\u0101jumu sa\u0137eri.<\/strong> Samazinot virsmas porain\u012bbu un stabiliz\u0113jot va\u013c\u0113j\u0101s da\u013ci\u0146as, \u0161is poru aizpild\u012bt\u0101js uzlabo kr\u0101su, epoks\u012bdsve\u0137u p\u0101rkl\u0101jumu, herm\u0113ti\u0137u un dekorat\u012bvo apdares materi\u0101lu sa\u0137eri. Tas rada stabilu un viendab\u012bgu pamatni, kas iev\u0113rojami samazina lob\u012b\u0161an\u0101s vai nevienm\u0113r\u012bgas absorbcijas risku.<\/p>\n<p><strong><img decoding=\"async\" style=\"margin-right: 12px;\" src=\"https:\/\/www.ferberpainting.com\/wp-content\/uploads\/2026\/02\/Check.svg\" alt=\"\" width=\"18\" height=\"15\" \/>Samazina putek\u013cu veido\u0161anos un virsmas v\u0101jumu.<\/strong> No porain\u0101 betona bie\u017ei izdal\u0101s smalki putek\u013ci, kas rodas virsmas degrad\u0101cijas d\u0113\u013c. \u0160is produkts saista va\u013c\u0113j\u0101s da\u013ci\u0146as un nostiprina virs\u0113jo sl\u0101ni, l\u012bdz minimumam samazinot putek\u013cu veido\u0161anos un uzlabojot kop\u0113jo virsmas integrit\u0101ti.<\/p>\n<p><strong><img decoding=\"async\" style=\"margin-right: 12px;\" src=\"https:\/\/www.ferberpainting.com\/wp-content\/uploads\/2026\/02\/Check.svg\" alt=\"\" width=\"18\" height=\"15\" \/>Palielina iztur\u012bbu pret mitruma iek\u013c\u016b\u0161anu.<\/strong> Aizsl\u0113dzot mikroporas un kapil\u0101rus, pildviela samazina \u016bdens uzs\u016bk\u0161anos un pal\u012bdz aizsarg\u0101t betonu no mitruma izrais\u012btiem boj\u0101jumiem, piem\u0113ram, sasal\u0161anas un atku\u0161\u0146a cikliem, traipiem un virsmas boj\u0101jumiem.<\/p>\n<p><strong><img decoding=\"async\" style=\"margin-right: 12px;\" src=\"https:\/\/www.ferberpainting.com\/wp-content\/uploads\/2026\/02\/Check.svg\" alt=\"\" width=\"18\" height=\"15\" \/>Piem\u0113rots dz\u012bvojamai, komerci\u0101lai un r\u016bpnieciskai videi.<\/strong> \u0160is betona poru aizpild\u012bt\u0101js ir ide\u0101li piem\u0113rots gr\u012bd\u0101m, sien\u0101m, gar\u0101\u017e\u0101m, noliktav\u0101m, pagrabiem, piebraucamajiem ce\u013ciem un darbn\u012bc\u0101m, un tas ir piem\u0113rots da\u017e\u0101diem b\u016bvniec\u012bbas un renov\u0101cijas darbiem, kur nepiecie\u0161ams uzlabot virsmas bl\u012bvumu un iztur\u012bbu.<\/p>\n<h2><strong>Instrukcijas<\/strong><\/h2>\n<ul>\n<li>Pirms uzkl\u0101\u0161anas p\u0101rliecinieties, ka betona virsma ir t\u012bra, sausa un bez putek\u013ciem, taukiem, e\u013c\u013c\u0101m, kr\u0101su atliek\u0101m, cietin\u0101t\u0101jiem vai neglud\u0101m da\u013ci\u0146\u0101m.<\/li>\n<li>Stipri pies\u0101r\u0146otas virsmas r\u016bp\u012bgi not\u012briet, izmantojot piem\u0113rotas meh\u0101niskas vai \u0137\u012bmiskas metodes, un \u013caujiet t\u0101m piln\u012bb\u0101 no\u017e\u016bt.<\/li>\n<li>Pirms lieto\u0161anas produktu labi sakratiet vai samaisiet, lai nodro\u0161in\u0101tu viendab\u012bgu konsistenci.<\/li>\n<li>Ar zemspiediena smidzin\u0101t\u0101ju, rull\u012bti vai otu uzkl\u0101jiet vienm\u0113r\u012bgi, nodro\u0161inot piln\u012bgu un vienm\u0113r\u012bgu virsmas p\u0101rkl\u0101jumu.<\/li>\n<li>Iev\u0113rojiet ieteicamo p\u0101rkl\u0101juma normu l\u012bdz 10 m\u00b2 uz litru. Tas atbilst vid\u0113jai devai aptuveni 100 ml uz kvadr\u0101tmetru atkar\u012bb\u0101 no pamatnes porain\u012bbas.<\/li>\n<li>\u013baujiet produktam piln\u012bb\u0101 ies\u016bkties beton\u0101. Lai nov\u0113rstu materi\u0101la uzkr\u0101\u0161anos, vienm\u0113r\u012bgi izklied\u0113jiet lieko materi\u0101lu.<\/li>\n<li>Ja p\u0101rkl\u0101jums ir \u013coti porains, p\u0113c pirm\u0101 p\u0101rkl\u0101juma iz\u017e\u016b\u0161anas var b\u016bt nepiecie\u0161ams uzkl\u0101t otru k\u0101rtu.<\/li>\n<li>Pirms kr\u0101su, p\u0101rkl\u0101jumu vai herm\u0113ti\u0137u uzkl\u0101\u0161anas j\u0101pagaida pietiekams \u017e\u016b\u0161anas laiks. P\u0101rliecinieties, ka virsma ir piln\u012bb\u0101 saciet\u0113jusi un sausa.<\/li>\n<li>Uz \u0101r\u0113j\u0101m virsm\u0101m nelietot, ja ir zema temperat\u016bra vai ja gaid\u0101ms lietus.<\/li>\n<li>Instrumentus p\u0113c lieto\u0161anas nekav\u0113joties not\u012briet ar \u016bdeni un uzglab\u0101jiet cie\u0161i nosl\u0113gtu trauku v\u0113s\u0101, saus\u0101 viet\u0101, prom no tie\u0161iem saules stariem.<\/li>\n<\/ul>","protected":false},"excerpt":{"rendered":"<p>Seal and smooth porous concrete surfaces with professional precision. Our concrete pore filler is specifically formulated to penetrate and fill micro-pores, capillaries, and surface voids in concrete and cement-based substrates. It transforms rough and porous surfaces into denser, smoother, and more uniform finishes, creating the ideal base for coatings, paints, sealers, or decorative treatments. The [&hellip;]<\/p>\n","protected":false},"featured_media":25744,"comment_status":"open","ping_status":"closed","template":"","meta":{"_uag_custom_page_level_css":"","site-sidebar-layout":"default","site-content-layout":"","ast-site-content-layout":"default","site-content-style":"default","site-sidebar-style":"default","ast-global-header-display":"","ast-banner-title-visibility":"","ast-main-header-display":"","ast-hfb-above-header-display":"","ast-hfb-below-header-display":"","ast-hfb-mobile-header-display":"","site-post-title":"","ast-breadcrumbs-content":"","ast-featured-img":"","footer-sml-layout":"","ast-disable-related-posts":"","theme-transparent-header-meta":"default","adv-header-id-meta":"","stick-header-meta":"","header-above-stick-meta":"","header-main-stick-meta":"","header-below-stick-meta":"","astra-migrate-meta-layouts":"set","ast-page-background-enabled":"default","ast-page-background-meta":{"desktop":{"background-color":"var(--ast-global-color-4)","background-image":"","background-repeat":"repeat","background-position":"center center","background-size":"auto","background-attachment":"scroll","background-type":"","background-media":"","overlay-type":"","overlay-color":"","overlay-opacity":"","overlay-gradient":""},"tablet":{"background-color":"","background-image":"","background-repeat":"repeat","background-position":"center center","background-size":"auto","background-attachment":"scroll","background-type":"","background-media":"","overlay-type":"","overlay-color":"","overlay-opacity":"","overlay-gradient":""},"mobile":{"background-color":"","background-image":"","background-repeat":"repeat","background-position":"center center","background-size":"auto","background-attachment":"scroll","background-type":"","background-media":"","overlay-type":"","overlay-color":"","overlay-opacity":"","overlay-gradient":""}},"ast-content-background-meta":{"desktop":{"background-color":"var(--ast-global-color-5)","background-image":"","background-repeat":"repeat","background-position":"center center","background-size":"auto","background-attachment":"scroll","background-type":"","background-media":"","overlay-type":"","overlay-color":"","overlay-opacity":"","overlay-gradient":""},"tablet":{"background-color":"var(--ast-global-color-5)","background-image":"","background-repeat":"repeat","background-position":"center center","background-size":"auto","background-attachment":"scroll","background-type":"","background-media":"","overlay-type":"","overlay-color":"","overlay-opacity":"","overlay-gradient":""},"mobile":{"background-color":"var(--ast-global-color-5)","background-image":"","background-repeat":"repeat","background-position":"center center","background-size":"auto","background-attachment":"scroll","background-type":"","background-media":"","overlay-type":"","overlay-color":"","overlay-opacity":"","overlay-gradient":""}}},"product_brand":[],"product_cat":[176],"product_tag":[],"class_list":{"0":"post-23180","1":"product","2":"type-product","3":"status-publish","4":"has-post-thumbnail","6":"product_cat-concrete-treatment","7":"desktop-align-left","8":"tablet-align-left","9":"mobile-align-left","11":"first","12":"instock","13":"sale","14":"taxable","15":"shipping-taxable","16":"purchasable","17":"product-type-variable","18":"has-default-attributes"},"spectra_custom_meta":{"_visibility":["visible"],"_shopify_product_id":["7947755913461"],"_s2w_shopify_domain":["ferberpainting.myshopify.com"],"_shopify_variant_id":["43491173269749"],"_sku":[""],"_manage_stock":["no"],"total_sales":["78"],"_tax_status":["taxable"],"_tax_class":[""],"_backorders":["no"],"_sold_individually":["no"],"_virtual":["no"],"_downloadable":["no"],"_download_limit":["-1"],"_download_expiry":["-1"],"_stock":[null],"_stock_status":["instock"],"_wc_average_rating":["4.92"],"_wc_review_count":["65"],"_product_attributes":["a:1:{s:6:\"volume\";a:6:{s:4:\"name\";s:6:\"Volume\";s:5:\"value\";s:20:\"5 liters | 25 liters\";s:8:\"position\";i:1;s:10:\"is_visible\";i:0;s:12:\"is_variation\";i:1;s:11:\"is_taxonomy\";i:0;}}"],"_product_version":["10.5.1"],"_thumbnail_id":["25744"],"_product_image_gallery":["25745"],"merchant-center-availability":["yes"],"merchant-center-category":["503739"],"merchant-center-id":["PF"],"wpse_downloadable_file_names":[""],"wpse_downloadable_file_urls":[""],"_edit_last":["1"],"_default_attributes":["a:1:{s:6:\"volume\";s:8:\"5 liters\";}"],"_wc_rating_count":["a:3:{i:3;i:2;i:4;i:1;i:5;i:62;}"],"_edit_lock":["1771159115:1"],"_price":["29.90","129.90"],"_wp_page_template":["default"],"site-sidebar-layout":["default"],"ast-site-content-layout":["default"],"site-content-style":["default"],"site-sidebar-style":["default"],"theme-transparent-header-meta":["default"],"astra-migrate-meta-layouts":["set"],"_uag_css_file_name":["uag-css-23180.css"],"_elementor_page_assets":["a:0:{}"],"_uag_page_assets":["a:9:{s:3:\"css\";s:7133:\".uag-blocks-common-selector{z-index:var(--z-index-desktop) !important}@media(max-width: 976px){.uag-blocks-common-selector{z-index:var(--z-index-tablet) !important}}@media(max-width: 767px){.uag-blocks-common-selector{z-index:var(--z-index-mobile) !important}}.wp-block-uagb-image{display:flex}.wp-block-uagb-image__figure{position:relative;display:flex;flex-direction:column;max-width:100%;height:auto;margin:0}.wp-block-uagb-image__figure img{height:auto;display:flex;max-width:100%;transition:box-shadow .2s ease}.wp-block-uagb-image__figure>a{display:inline-block}.wp-block-uagb-image__figure figcaption{text-align:center;margin-top:.5em;margin-bottom:1em}.wp-block-uagb-image .components-placeholder.block-editor-media-placeholder .components-placeholder__instructions{align-self:center}.wp-block-uagb-image--align-left{text-align:left}.wp-block-uagb-image--align-right{text-align:right}.wp-block-uagb-image--align-center{text-align:center}.wp-block-uagb-image--align-full .wp-block-uagb-image__figure{margin-left:calc(50% - 50vw);margin-right:calc(50% - 50vw);max-width:100vw;width:100vw;height:auto}.wp-block-uagb-image--align-full .wp-block-uagb-image__figure img{height:auto;width:100% !important}.wp-block-uagb-image--align-wide .wp-block-uagb-image__figure img{height:auto;width:100%}.wp-block-uagb-image--layout-overlay__color-wrapper{position:absolute;left:0;top:0;right:0;bottom:0;opacity:.2;background:rgba(0,0,0,.5);transition:opacity .35s ease-in-out}.wp-block-uagb-image--layout-overlay-link{position:absolute;left:0;right:0;bottom:0;top:0}.wp-block-uagb-image--layout-overlay .wp-block-uagb-image__figure:hover .wp-block-uagb-image--layout-overlay__color-wrapper{opacity:1}.wp-block-uagb-image--layout-overlay__inner{position:absolute;left:15px;right:15px;bottom:15px;top:15px;display:flex;align-items:center;justify-content:center;flex-direction:column;border-color:#fff;transition:.35s ease-in-out}.wp-block-uagb-image--layout-overlay__inner.top-left,.wp-block-uagb-image--layout-overlay__inner.top-center,.wp-block-uagb-image--layout-overlay__inner.top-right{justify-content:flex-start}.wp-block-uagb-image--layout-overlay__inner.bottom-left,.wp-block-uagb-image--layout-overlay__inner.bottom-center,.wp-block-uagb-image--layout-overlay__inner.bottom-right{justify-content:flex-end}.wp-block-uagb-image--layout-overlay__inner.top-left,.wp-block-uagb-image--layout-overlay__inner.center-left,.wp-block-uagb-image--layout-overlay__inner.bottom-left{align-items:flex-start}.wp-block-uagb-image--layout-overlay__inner.top-right,.wp-block-uagb-image--layout-overlay__inner.center-right,.wp-block-uagb-image--layout-overlay__inner.bottom-right{align-items:flex-end}.wp-block-uagb-image--layout-overlay__inner .uagb-image-heading{color:#fff;transition:transform .35s,opacity .35s ease-in-out;transform:translate3d(0, 24px, 0);margin:0;line-height:1em}.wp-block-uagb-image--layout-overlay__inner .uagb-image-separator{width:30%;border-top-width:2px;border-top-color:#fff;border-top-style:solid;margin-bottom:10px;opacity:0;transition:transform .4s,opacity .4s ease-in-out;transform:translate3d(0, 30px, 0)}.wp-block-uagb-image--layout-overlay__inner .uagb-image-caption{opacity:0;overflow:visible;color:#fff;transition:transform .45s,opacity .45s ease-in-out;transform:translate3d(0, 35px, 0)}.wp-block-uagb-image--layout-overlay__inner:hover .uagb-image-heading,.wp-block-uagb-image--layout-overlay__inner:hover .uagb-image-separator,.wp-block-uagb-image--layout-overlay__inner:hover .uagb-image-caption{opacity:1;transform:translate3d(0, 0, 0)}.wp-block-uagb-image--effect-zoomin .wp-block-uagb-image__figure img,.wp-block-uagb-image--effect-zoomin .wp-block-uagb-image__figure .wp-block-uagb-image--layout-overlay__color-wrapper{transform:scale(1);transition:transform .35s ease-in-out}.wp-block-uagb-image--effect-zoomin .wp-block-uagb-image__figure:hover img,.wp-block-uagb-image--effect-zoomin .wp-block-uagb-image__figure:hover .wp-block-uagb-image--layout-overlay__color-wrapper{transform:scale(1.05)}.wp-block-uagb-image--effect-slide .wp-block-uagb-image__figure img,.wp-block-uagb-image--effect-slide .wp-block-uagb-image__figure .wp-block-uagb-image--layout-overlay__color-wrapper{width:calc(100% + 40px) !important;max-width:none !important;transform:translate3d(-40px, 0, 0);transition:transform .35s ease-in-out}.wp-block-uagb-image--effect-slide .wp-block-uagb-image__figure:hover img,.wp-block-uagb-image--effect-slide .wp-block-uagb-image__figure:hover .wp-block-uagb-image--layout-overlay__color-wrapper{transform:translate3d(0, 0, 0)}.wp-block-uagb-image--effect-grayscale img{filter:grayscale(0%);transition:.35s ease-in-out}.wp-block-uagb-image--effect-grayscale:hover img{filter:grayscale(100%)}.wp-block-uagb-image--effect-blur img{filter:blur(0);transition:.35s ease-in-out}.wp-block-uagb-image--effect-blur:hover img{filter:blur(3px)}.uagb-block-e6f939b3.wp-block-uagb-image--layout-default figure img{box-shadow: 0px 0px 0 #00000070;}.uagb-block-e6f939b3.wp-block-uagb-image .wp-block-uagb-image__figure figcaption{font-style: normal;align-self: center;}.uagb-block-e6f939b3.wp-block-uagb-image--layout-overlay figure img{box-shadow: 0px 0px 0 #00000070;}.uagb-block-e6f939b3.wp-block-uagb-image--layout-overlay .wp-block-uagb-image--layout-overlay__color-wrapper{opacity: 0.2;}.uagb-block-e6f939b3.wp-block-uagb-image--layout-overlay .wp-block-uagb-image--layout-overlay__inner{left: 15px;right: 15px;top: 15px;bottom: 15px;}.uagb-block-e6f939b3.wp-block-uagb-image--layout-overlay .wp-block-uagb-image--layout-overlay__inner .uagb-image-heading{font-style: normal;color: #fff;opacity: 1;}.uagb-block-e6f939b3.wp-block-uagb-image--layout-overlay .wp-block-uagb-image--layout-overlay__inner .uagb-image-heading a{color: #fff;}.uagb-block-e6f939b3.wp-block-uagb-image--layout-overlay .wp-block-uagb-image--layout-overlay__inner .uagb-image-caption{opacity: 0;}.uagb-block-e6f939b3.wp-block-uagb-image--layout-overlay .wp-block-uagb-image__figure:hover .wp-block-uagb-image--layout-overlay__color-wrapper{opacity: 1;}.uagb-block-e6f939b3.wp-block-uagb-image .wp-block-uagb-image--layout-overlay__inner .uagb-image-separator{width: 30%;border-top-width: 2px;border-top-color: #fff;opacity: 0;}.uagb-block-e6f939b3.wp-block-uagb-image .wp-block-uagb-image__figure img{width: px;height: auto;}.uagb-block-e6f939b3.wp-block-uagb-image .wp-block-uagb-image__figure:hover .wp-block-uagb-image--layout-overlay__inner .uagb-image-caption{opacity: 1;}.uagb-block-e6f939b3.wp-block-uagb-image .wp-block-uagb-image__figure:hover .wp-block-uagb-image--layout-overlay__inner .uagb-image-separator{opacity: 1;}.uagb-block-e6f939b3.wp-block-uagb-image--layout-default figure:hover img{box-shadow: 0px 0px 0 #00000070;}.uagb-block-e6f939b3.wp-block-uagb-image--layout-overlay figure:hover img{box-shadow: 0px 0px 0 #00000070;}@media only screen and (max-width: 976px) {.uagb-block-e6f939b3.wp-block-uagb-image .wp-block-uagb-image__figure img{width: px;height: auto;}}@media only screen and (max-width: 767px) {.uagb-block-e6f939b3.wp-block-uagb-image .wp-block-uagb-image__figure img{width: px;height: auto;}}\";s:2:\"js\";s:0:\"\";s:18:\"current_block_list\";a:13:{i:0;s:11:\"core\/search\";i:1;s:10:\"core\/group\";i:2;s:12:\"core\/heading\";i:3;s:17:\"core\/latest-posts\";i:4;s:20:\"core\/latest-comments\";i:5;s:13:\"core\/archives\";i:6;s:15:\"core\/categories\";i:7;s:14:\"core\/paragraph\";i:8;s:10:\"uagb\/image\";i:9;s:11:\"core\/spacer\";i:10;s:30:\"woocommerce\/product-categories\";i:11;s:10:\"core\/image\";i:12;s:14:\"core\/shortcode\";}s:8:\"uag_flag\";b:1;s:11:\"uag_version\";s:10:\"1777356983\";s:6:\"gfonts\";a:0:{}s:10:\"gfonts_url\";s:0:\"\";s:12:\"gfonts_files\";a:0:{}s:14:\"uag_faq_layout\";b:0;}"]},"uagb_featured_image_src":{"full":["https:\/\/www.ferberpainting.com\/wp-content\/uploads\/2025\/05\/POREFILLER5L.jpg",2560,2560,false],"thumbnail":["https:\/\/www.ferberpainting.com\/wp-content\/uploads\/2025\/05\/POREFILLER5L-150x150.jpg",150,150,true],"medium":["https:\/\/www.ferberpainting.com\/wp-content\/uploads\/2025\/05\/POREFILLER5L-300x300.jpg",300,300,true],"medium_large":["https:\/\/www.ferberpainting.com\/wp-content\/uploads\/2025\/05\/POREFILLER5L-768x768.jpg",768,768,true],"large":["https:\/\/www.ferberpainting.com\/wp-content\/uploads\/2025\/05\/POREFILLER5L-1024x1024.jpg",1024,1024,true],"1536x1536":["https:\/\/www.ferberpainting.com\/wp-content\/uploads\/2025\/05\/POREFILLER5L-1536x1536.jpg",1536,1536,true],"2048x2048":["https:\/\/www.ferberpainting.com\/wp-content\/uploads\/2025\/05\/POREFILLER5L-2048x2048.jpg",2048,2048,true],"trp-custom-language-flag":["https:\/\/www.ferberpainting.com\/wp-content\/uploads\/2025\/05\/POREFILLER5L-12x12.jpg",12,12,true],"woocommerce_thumbnail":["https:\/\/www.ferberpainting.com\/wp-content\/uploads\/2025\/05\/POREFILLER5L-300x300.jpg",300,300,true],"woocommerce_single":["https:\/\/www.ferberpainting.com\/wp-content\/uploads\/2025\/05\/POREFILLER5L-600x600.jpg",600,600,true],"woocommerce_gallery_thumbnail":["https:\/\/www.ferberpainting.com\/wp-content\/uploads\/2025\/05\/POREFILLER5L-100x100.jpg",100,100,true]},"uagb_author_info":{"display_name":"admin","author_link":"https:\/\/www.ferberpainting.com\/lv\/author\/"},"uagb_comment_info":65,"uagb_excerpt":"Seal and smooth porous concrete surfaces with professional precision. Our concrete pore filler is specifically formulated to penetrate and fill micro-pores, capillaries, and surface voids in concrete and cement-based substrates. It transforms rough and porous surfaces into denser, smoother, and more uniform finishes, creating the ideal base for coatings, paints, sealers, or decorative treatments. The&hellip;","_links":{"self":[{"href":"https:\/\/www.ferberpainting.com\/lv\/wp-json\/wp\/v2\/product\/23180","targetHints":{"allow":["GET"]}}],"collection":[{"href":"https:\/\/www.ferberpainting.com\/lv\/wp-json\/wp\/v2\/product"}],"about":[{"href":"https:\/\/www.ferberpainting.com\/lv\/wp-json\/wp\/v2\/types\/product"}],"replies":[{"embeddable":true,"href":"https:\/\/www.ferberpainting.com\/lv\/wp-json\/wp\/v2\/comments?post=23180"}],"version-history":[{"count":4,"href":"https:\/\/www.ferberpainting.com\/lv\/wp-json\/wp\/v2\/product\/23180\/revisions"}],"predecessor-version":[{"id":166087,"href":"https:\/\/www.ferberpainting.com\/lv\/wp-json\/wp\/v2\/product\/23180\/revisions\/166087"}],"wp:featuredmedia":[{"embeddable":true,"href":"https:\/\/www.ferberpainting.com\/lv\/wp-json\/wp\/v2\/media\/25744"}],"wp:attachment":[{"href":"https:\/\/www.ferberpainting.com\/lv\/wp-json\/wp\/v2\/media?parent=23180"}],"wp:term":[{"taxonomy":"product_brand","embeddable":true,"href":"https:\/\/www.ferberpainting.com\/lv\/wp-json\/wp\/v2\/product_brand?post=23180"},{"taxonomy":"product_cat","embeddable":true,"href":"https:\/\/www.ferberpainting.com\/lv\/wp-json\/wp\/v2\/product_cat?post=23180"},{"taxonomy":"product_tag","embeddable":true,"href":"https:\/\/www.ferberpainting.com\/lv\/wp-json\/wp\/v2\/product_tag?post=23180"}],"curies":[{"name":"wp","href":"https:\/\/api.w.org\/{rel}","templated":true}]}}