{"id":23174,"date":"2025-05-26T10:23:08","date_gmt":"2025-05-26T08:23:08","guid":{"rendered":"https:\/\/www.ferberpainting.com\/products\/cure-for-concrete-and-mortar\/"},"modified":"2026-02-15T16:44:44","modified_gmt":"2026-02-15T15:44:44","slug":"cure-for-concrete-and-mortar","status":"publish","type":"product","link":"https:\/\/www.ferberpainting.com\/lv\/products\/cure-for-concrete-and-mortar\/","title":{"rendered":"Betona un javas saciet\u0113\u0161ana"},"content":{"rendered":"<p><strong><img decoding=\"async\" style=\"margin-right: 12px;\" src=\"https:\/\/www.ferberpainting.com\/wp-content\/uploads\/2026\/02\/Check.svg\" alt=\"\" width=\"18\" height=\"15\" \/>Nodro\u0161ina optim\u0101lu saciet\u0113\u0161anu, lai betons un java b\u016btu stipr\u0101ka un iztur\u012bg\u0101ka.<\/strong> M\u016bsu betona un javu cietin\u0101t\u0101js ir \u012bpa\u0161i izstr\u0101d\u0101ts, lai regul\u0113tu mitruma iztvaiko\u0161anu kritiskaj\u0101 ciet\u0113\u0161anas f\u0101z\u0113, \u013caujot cementa materi\u0101liem sasniegt maksim\u0101lu iztur\u012bbu un struktur\u0101lo integrit\u0101ti. Uzturot pareizus hidrat\u0101cijas apst\u0101k\u013cus, tas iev\u0113rojami samazina plaisu, virsmas sarau\u0161an\u0101s un priek\u0161laic\u012bgas v\u0101juma ra\u0161an\u0101s risku.<\/p>\n<p><strong><img decoding=\"async\" style=\"margin-right: 12px;\" src=\"https:\/\/www.ferberpainting.com\/wp-content\/uploads\/2026\/02\/Check.svg\" alt=\"\" width=\"18\" height=\"15\" \/>Visefekt\u012bv\u0101kais tirg\u016b pieejamais konserv\u0113\u0161anas risin\u0101jums.<\/strong> \u0160\u012b saciet\u0113\u0161anas apstr\u0101de, kas izstr\u0101d\u0101ta, izmantojot modernu mitruma aiztur\u0113\u0161anas tehnolo\u0123iju, veido aizsargpl\u0113vi, kas pal\u0113nina \u016bdens zudumus no svaigi ielieta betona un javas. \u0160is kontrol\u0113tais saciet\u0113\u0161anas process palielina spiedes stipr\u012bbu, uzlabo iztur\u012bbu un nodro\u0161ina viendab\u012bg\u0101ku un stabil\u0101ku gal\u012bgo strukt\u016bru, sal\u012bdzinot ar neapstr\u0101d\u0101t\u0101m virsm\u0101m.<\/p>\n<p><strong><img decoding=\"async\" style=\"margin-right: 12px;\" src=\"https:\/\/www.ferberpainting.com\/wp-content\/uploads\/2026\/02\/Check.svg\" alt=\"\" width=\"18\" height=\"15\" \/>Naudas atmaksas garantija piln\u012bgam sirdsmieram.<\/strong> M\u0113s esam piln\u012bb\u0101 p\u0101rliecin\u0101ti par m\u016bsu betona un javas saciet\u0113\u0161anas veiktsp\u0113ju. Ja j\u016bs neb\u016bsiet piln\u012bb\u0101 apmierin\u0101ts ar rezult\u0101tiem, m\u0113s atmaks\u0101sim naudu par pirkumu. M\u016bsu naudas atmaksas garantija nodro\u0161ina, ka j\u016bsu ieguld\u012bjums ir bez riska, un atspogu\u013co m\u016bsu ap\u0146em\u0161anos nodro\u0161in\u0101t profesion\u0101las kvalit\u0101tes uzticam\u012bbu.<\/p>\n<p><strong><img decoding=\"async\" style=\"margin-right: 12px;\" src=\"https:\/\/www.ferberpainting.com\/wp-content\/uploads\/2026\/02\/Check.svg\" alt=\"\" width=\"18\" height=\"15\" \/>Pieejamais l\u0113t\u0101kais profesion\u0101l\u0101s konserv\u0113\u0161anas risin\u0101jums.<\/strong> Augstas kvalit\u0101tes cietin\u0101\u0161anas aizsardz\u012bbai nav j\u0101saskaras ar augst\u0101m izmaks\u0101m. M\u016bsu produkts nodro\u0161ina augst\u0101k\u0101s kvalit\u0101tes veiktsp\u0113ju par viskonkur\u0113tsp\u0113j\u012bg\u0101ko cenu tirg\u016b, pied\u0101v\u0101jot izcilu v\u0113rt\u012bbu gan b\u016bvniec\u012bbas profesion\u0101\u013ciem, gan pa\u0161darbniekiem.<\/p>\n<p><strong><img decoding=\"async\" style=\"margin-right: 12px;\" src=\"https:\/\/www.ferberpainting.com\/wp-content\/uploads\/2026\/02\/Check.svg\" alt=\"\" width=\"18\" height=\"15\" \/>\u0100tra pieg\u0101de 24 stundu laik\u0101 steidzamiem projektiem.<\/strong> Betonam un javai p\u0113c iestr\u0101des nepiecie\u0161ama t\u016bl\u012bt\u0113ja saciet\u0113\u0161anas aizsardz\u012bba. T\u0101p\u0113c m\u0113s pied\u0101v\u0101jam uzticamu pieg\u0101di 24 stundas diennakt\u012b, nodro\u0161inot, ka produktu sa\u0146emat \u0101tri un varat aizsarg\u0101t savas virsmas \u012bstaj\u0101 br\u012bd\u012b.<\/p>\n<p><strong><img decoding=\"async\" style=\"margin-right: 12px;\" src=\"https:\/\/www.ferberpainting.com\/wp-content\/uploads\/2026\/02\/Check.svg\" alt=\"\" width=\"18\" height=\"15\" \/>L\u012bdz 5 m\u00b2 p\u0101rkl\u0101jums uz litru kontrol\u0113tai uzkl\u0101\u0161anai.<\/strong> Viens litrs produkta apstr\u0101d\u0101 l\u012bdz 5 kvadr\u0101tmetriem, nodro\u0161inot pietiekamu pl\u0113ves biezumu efekt\u012bvai ciet\u0113\u0161anai. \u0160is noteiktais p\u0101rkl\u0101juma l\u012bmenis \u013cauj prec\u012bzi pl\u0101not un nodro\u0161ina vienm\u0113r\u012bgu mitruma saglab\u0101\u0161anu uz apstr\u0101d\u0101taj\u0101m virsm\u0101m.<\/p>\n<p><strong><img decoding=\"async\" style=\"margin-right: 12px;\" src=\"https:\/\/www.ferberpainting.com\/wp-content\/uploads\/2026\/02\/Check.svg\" alt=\"\" width=\"18\" height=\"15\" \/>Samazina plais\u0101\u0161anu un virsmas defektus.<\/strong> Nov\u0113r\u0161ot strauju \u016bdens iztvaiko\u0161anu, \u0161is saciet\u0113\u0161anas savienojums iev\u0113rojami samazina plastmasas sarau\u0161an\u0101s plaisas, virsmas putek\u013cu veido\u0161anos un struktur\u0101los mikroplaisas. Tas veicina vienm\u0113r\u012bgu saciet\u0113\u0161anu un uzlabo kop\u0113jo virsmas kvalit\u0101ti.<\/p>\n<p><strong><img decoding=\"async\" style=\"margin-right: 12px;\" src=\"https:\/\/www.ferberpainting.com\/wp-content\/uploads\/2026\/02\/Check.svg\" alt=\"\" width=\"18\" height=\"15\" \/>Palielina ilgtermi\u0146a iztur\u012bbu un iztur\u012bbu.<\/strong> Pareiza saciet\u0113\u0161ana palielina spiedes iztur\u012bbu un nodilumiztur\u012bbu. \u0160is produkts pal\u012bdz betonam un javai sasniegt pilnu meh\u0101nisko potenci\u0101lu, padarot virsmas iztur\u012bg\u0101kas pret nodilumu, laikapst\u0101k\u013ciem un vides ietekmi.<\/p>\n<p><strong><img decoding=\"async\" style=\"margin-right: 12px;\" src=\"https:\/\/www.ferberpainting.com\/wp-content\/uploads\/2026\/02\/Check.svg\" alt=\"\" width=\"18\" height=\"15\" \/>Piem\u0113rots da\u017e\u0101diem cementa b\u0101zes lietojumiem.<\/strong> \u0160\u012b saciet\u0113\u0161anas apstr\u0101de ir ide\u0101li piem\u0113rota pl\u0101tn\u0113m, pamatiem, segumiem, brauktuv\u0113m, sien\u0101m, kolonn\u0101m, ietv\u0113m un javas \u0161uv\u0113m. Tas efekt\u012bvi darbojas dz\u012bvojamo, komerci\u0101lo un r\u016bpniecisko \u0113ku b\u016bvniec\u012bb\u0101.<\/p>\n<p><strong><img decoding=\"async\" style=\"margin-right: 12px;\" src=\"https:\/\/www.ferberpainting.com\/wp-content\/uploads\/2026\/02\/Check.svg\" alt=\"\" width=\"18\" height=\"15\" \/>Viegla lieto\u0161ana profesion\u0101\u013ciem un m\u0101jok\u013cu \u012bpa\u0161niekiem.<\/strong> Cietin\u0101\u0161anas mais\u012bjumu, kas paredz\u0113ts \u0113rtai lieto\u0161anai, var uzkl\u0101t ar zemspiediena smidzin\u0101t\u0101ju, rull\u012bti vai otu. T\u0101 viendab\u012bg\u0101 konsistence nodro\u0161ina \u0101tru un vienm\u0113r\u012bgu p\u0101rkl\u0101jumu bez sare\u017e\u0123\u012btas sagatavo\u0161anas.<\/p>\n<h2><strong>Instrukcijas<\/strong><\/h2>\n<ul>\n<li>Uzkl\u0101jiet uzreiz p\u0113c betona vai javas virsmas apdares, tikl\u012bdz iztvaikojis \u016bdens un virsma ir pietiekami stingra, lai to var\u0113tu uzkl\u0101t.<\/li>\n<li>Pirms cietin\u0101\u0161anas mais\u012bjuma uzkl\u0101\u0161anas p\u0101rliecinieties, ka virsma ir t\u012bra un uz t\u0101s nav st\u0101vo\u0161a \u016bdens.<\/li>\n<li>Pirms lieto\u0161anas r\u016bp\u012bgi sakratiet vai samaisiet produktu, lai nodro\u0161in\u0101tu viendab\u012bgu sast\u0101vu.<\/li>\n<li>Ar zemspiediena smidzin\u0101t\u0101ju, rull\u012bti vai otu vienm\u0113r\u012bgi uzkl\u0101jiet, lai izveidotu nep\u0101rtrauktu aizsargpl\u0113vi.<\/li>\n<li>Iev\u0113rojiet ieteicamo p\u0101rkl\u0101juma normu l\u012bdz 5 m\u00b2 uz litru. Tas atbilst vid\u0113jai devai aptuveni 200 ml uz kvadr\u0101tmetru, lai nodro\u0161in\u0101tu efekt\u012bvu mitruma saglab\u0101\u0161anu.<\/li>\n<li>Nodro\u0161ina piln\u012bgu un vienm\u0113r\u012bgu p\u0101rkl\u0101jumu, neatst\u0101jot neapstr\u0101d\u0101tus laukumus. Izvairieties no p\u0101rm\u0113r\u012bgas uzkr\u0101\u0161an\u0101s.<\/li>\n<li>\u013baujiet saciet\u0113jo\u0161ajai pl\u0113vei no\u017e\u016bt un izveidot virs virsmas aizsargmembr\u0101nu.<\/li>\n<li>Aizsarg\u0101jiet svaigi apstr\u0101d\u0101t\u0101s vietas no intens\u012bvas satiksmes vai meh\u0101niskiem boj\u0101jumiem saciet\u0113\u0161anas f\u0101z\u0113.<\/li>\n<li>Izvairieties no lieto\u0161anas lietus vai ekstrem\u0101lu laikapst\u0101k\u013cu laik\u0101, kas var\u0113tu trauc\u0113t pl\u0113ves veido\u0161anos.<\/li>\n<li>Instrumentus p\u0113c lieto\u0161anas nekav\u0113joties not\u012briet ar \u016bdeni un uzglab\u0101jiet izstr\u0101d\u0101jumu v\u0113s\u0101, saus\u0101 viet\u0101, prom no tie\u0161iem saules stariem un aukstuma.<\/li>\n<\/ul>","protected":false},"excerpt":{"rendered":"<p>Ensure optimal curing for stronger and more durable concrete and mortar. Our concrete and mortar cure is specially formulated to regulate moisture evaporation during the critical curing phase, allowing cement-based materials to achieve maximum strength and structural integrity. By maintaining proper hydration conditions, it significantly reduces the risk of cracking, surface shrinkage, and premature weakness. [&hellip;]<\/p>\n","protected":false},"featured_media":25741,"comment_status":"open","ping_status":"closed","template":"","meta":{"_uag_custom_page_level_css":"","site-sidebar-layout":"default","site-content-layout":"","ast-site-content-layout":"default","site-content-style":"default","site-sidebar-style":"default","ast-global-header-display":"","ast-banner-title-visibility":"","ast-main-header-display":"","ast-hfb-above-header-display":"","ast-hfb-below-header-display":"","ast-hfb-mobile-header-display":"","site-post-title":"","ast-breadcrumbs-content":"","ast-featured-img":"","footer-sml-layout":"","ast-disable-related-posts":"","theme-transparent-header-meta":"default","adv-header-id-meta":"","stick-header-meta":"","header-above-stick-meta":"","header-main-stick-meta":"","header-below-stick-meta":"","astra-migrate-meta-layouts":"set","ast-page-background-enabled":"default","ast-page-background-meta":{"desktop":{"background-color":"var(--ast-global-color-4)","background-image":"","background-repeat":"repeat","background-position":"center center","background-size":"auto","background-attachment":"scroll","background-type":"","background-media":"","overlay-type":"","overlay-color":"","overlay-opacity":"","overlay-gradient":""},"tablet":{"background-color":"","background-image":"","background-repeat":"repeat","background-position":"center center","background-size":"auto","background-attachment":"scroll","background-type":"","background-media":"","overlay-type":"","overlay-color":"","overlay-opacity":"","overlay-gradient":""},"mobile":{"background-color":"","background-image":"","background-repeat":"repeat","background-position":"center center","background-size":"auto","background-attachment":"scroll","background-type":"","background-media":"","overlay-type":"","overlay-color":"","overlay-opacity":"","overlay-gradient":""}},"ast-content-background-meta":{"desktop":{"background-color":"var(--ast-global-color-5)","background-image":"","background-repeat":"repeat","background-position":"center center","background-size":"auto","background-attachment":"scroll","background-type":"","background-media":"","overlay-type":"","overlay-color":"","overlay-opacity":"","overlay-gradient":""},"tablet":{"background-color":"var(--ast-global-color-5)","background-image":"","background-repeat":"repeat","background-position":"center center","background-size":"auto","background-attachment":"scroll","background-type":"","background-media":"","overlay-type":"","overlay-color":"","overlay-opacity":"","overlay-gradient":""},"mobile":{"background-color":"var(--ast-global-color-5)","background-image":"","background-repeat":"repeat","background-position":"center center","background-size":"auto","background-attachment":"scroll","background-type":"","background-media":"","overlay-type":"","overlay-color":"","overlay-opacity":"","overlay-gradient":""}}},"product_brand":[],"product_cat":[176],"product_tag":[],"class_list":{"0":"post-23174","1":"product","2":"type-product","3":"status-publish","4":"has-post-thumbnail","6":"product_cat-concrete-treatment","7":"desktop-align-left","8":"tablet-align-left","9":"mobile-align-left","11":"first","12":"instock","13":"sale","14":"shipping-taxable","15":"purchasable","16":"product-type-variable","17":"has-default-attributes"},"spectra_custom_meta":{"_visibility":["visible"],"_shopify_product_id":["8051450839285"],"_s2w_shopify_domain":["ferberpainting.myshopify.com"],"_shopify_variant_id":["43849357066485"],"_manage_stock":["no"],"total_sales":["12"],"_tax_status":["taxable"],"_tax_class":[""],"_backorders":["no"],"_sold_individually":["no"],"_virtual":["no"],"_downloadable":["no"],"_download_limit":["-1"],"_download_expiry":["-1"],"_stock":[null],"_stock_status":["instock"],"_wc_average_rating":["4.98"],"_wc_review_count":["86"],"_product_attributes":["a:1:{s:6:\"volume\";a:6:{s:4:\"name\";s:6:\"Volume\";s:5:\"value\";s:20:\"5 liters | 25 liters\";s:8:\"position\";i:1;s:10:\"is_visible\";i:0;s:12:\"is_variation\";i:1;s:11:\"is_taxonomy\";i:0;}}"],"_product_version":["10.5.1"],"_thumbnail_id":["25741"],"_product_image_gallery":["25742"],"_edit_lock":["1771170229:1"],"_default_attributes":["a:1:{s:6:\"volume\";s:8:\"5 liters\";}"],"merchant-center-availability":["yes"],"merchant-center-category":["2282"],"merchant-center-id":["CBEM5L"],"_edit_last":["1"],"_wp_page_template":["default"],"site-sidebar-layout":["default"],"ast-site-content-layout":["default"],"site-content-style":["default"],"site-sidebar-style":["default"],"theme-transparent-header-meta":["default"],"_price":["29.90","129.90"],"_wc_rating_count":["a:2:{i:4;i:2;i:5;i:84;}"],"astra-migrate-meta-layouts":["set"],"_uag_css_file_name":["uag-css-23174.css"],"_elementor_page_assets":["a:0:{}"],"_uag_page_assets":["a:9:{s:3:\"css\";s:6873:\".wp-block-uagb-image{display:flex}.wp-block-uagb-image__figure{position:relative;display:flex;flex-direction:column;max-width:100%;height:auto;margin:0}.wp-block-uagb-image__figure img{height:auto;display:flex;max-width:100%;transition:box-shadow .2s ease}.wp-block-uagb-image__figure>a{display:inline-block}.wp-block-uagb-image__figure figcaption{text-align:center;margin-top:.5em;margin-bottom:1em}.wp-block-uagb-image .components-placeholder.block-editor-media-placeholder .components-placeholder__instructions{align-self:center}.wp-block-uagb-image--align-left{text-align:left}.wp-block-uagb-image--align-right{text-align:right}.wp-block-uagb-image--align-center{text-align:center}.wp-block-uagb-image--align-full .wp-block-uagb-image__figure{margin-left:calc(50% - 50vw);margin-right:calc(50% - 50vw);max-width:100vw;width:100vw;height:auto}.wp-block-uagb-image--align-full .wp-block-uagb-image__figure img{height:auto;width:100% !important}.wp-block-uagb-image--align-wide .wp-block-uagb-image__figure img{height:auto;width:100%}.wp-block-uagb-image--layout-overlay__color-wrapper{position:absolute;left:0;top:0;right:0;bottom:0;opacity:.2;background:rgba(0,0,0,.5);transition:opacity .35s ease-in-out}.wp-block-uagb-image--layout-overlay-link{position:absolute;left:0;right:0;bottom:0;top:0}.wp-block-uagb-image--layout-overlay .wp-block-uagb-image__figure:hover .wp-block-uagb-image--layout-overlay__color-wrapper{opacity:1}.wp-block-uagb-image--layout-overlay__inner{position:absolute;left:15px;right:15px;bottom:15px;top:15px;display:flex;align-items:center;justify-content:center;flex-direction:column;border-color:#fff;transition:.35s ease-in-out}.wp-block-uagb-image--layout-overlay__inner.top-left,.wp-block-uagb-image--layout-overlay__inner.top-center,.wp-block-uagb-image--layout-overlay__inner.top-right{justify-content:flex-start}.wp-block-uagb-image--layout-overlay__inner.bottom-left,.wp-block-uagb-image--layout-overlay__inner.bottom-center,.wp-block-uagb-image--layout-overlay__inner.bottom-right{justify-content:flex-end}.wp-block-uagb-image--layout-overlay__inner.top-left,.wp-block-uagb-image--layout-overlay__inner.center-left,.wp-block-uagb-image--layout-overlay__inner.bottom-left{align-items:flex-start}.wp-block-uagb-image--layout-overlay__inner.top-right,.wp-block-uagb-image--layout-overlay__inner.center-right,.wp-block-uagb-image--layout-overlay__inner.bottom-right{align-items:flex-end}.wp-block-uagb-image--layout-overlay__inner .uagb-image-heading{color:#fff;transition:transform .35s,opacity .35s ease-in-out;transform:translate3d(0, 24px, 0);margin:0;line-height:1em}.wp-block-uagb-image--layout-overlay__inner .uagb-image-separator{width:30%;border-top-width:2px;border-top-color:#fff;border-top-style:solid;margin-bottom:10px;opacity:0;transition:transform .4s,opacity .4s ease-in-out;transform:translate3d(0, 30px, 0)}.wp-block-uagb-image--layout-overlay__inner .uagb-image-caption{opacity:0;overflow:visible;color:#fff;transition:transform .45s,opacity .45s ease-in-out;transform:translate3d(0, 35px, 0)}.wp-block-uagb-image--layout-overlay__inner:hover .uagb-image-heading,.wp-block-uagb-image--layout-overlay__inner:hover .uagb-image-separator,.wp-block-uagb-image--layout-overlay__inner:hover .uagb-image-caption{opacity:1;transform:translate3d(0, 0, 0)}.wp-block-uagb-image--effect-zoomin .wp-block-uagb-image__figure img,.wp-block-uagb-image--effect-zoomin .wp-block-uagb-image__figure .wp-block-uagb-image--layout-overlay__color-wrapper{transform:scale(1);transition:transform .35s ease-in-out}.wp-block-uagb-image--effect-zoomin .wp-block-uagb-image__figure:hover img,.wp-block-uagb-image--effect-zoomin .wp-block-uagb-image__figure:hover .wp-block-uagb-image--layout-overlay__color-wrapper{transform:scale(1.05)}.wp-block-uagb-image--effect-slide .wp-block-uagb-image__figure img,.wp-block-uagb-image--effect-slide .wp-block-uagb-image__figure .wp-block-uagb-image--layout-overlay__color-wrapper{width:calc(100% + 40px) !important;max-width:none !important;transform:translate3d(-40px, 0, 0);transition:transform .35s ease-in-out}.wp-block-uagb-image--effect-slide .wp-block-uagb-image__figure:hover img,.wp-block-uagb-image--effect-slide .wp-block-uagb-image__figure:hover .wp-block-uagb-image--layout-overlay__color-wrapper{transform:translate3d(0, 0, 0)}.wp-block-uagb-image--effect-grayscale img{filter:grayscale(0%);transition:.35s ease-in-out}.wp-block-uagb-image--effect-grayscale:hover img{filter:grayscale(100%)}.wp-block-uagb-image--effect-blur img{filter:blur(0);transition:.35s ease-in-out}.wp-block-uagb-image--effect-blur:hover img{filter:blur(3px)}.uagb-block-e6f939b3.wp-block-uagb-image--layout-default figure img{box-shadow: 0px 0px 0 #00000070;}.uagb-block-e6f939b3.wp-block-uagb-image .wp-block-uagb-image__figure figcaption{font-style: normal;align-self: center;}.uagb-block-e6f939b3.wp-block-uagb-image--layout-overlay figure img{box-shadow: 0px 0px 0 #00000070;}.uagb-block-e6f939b3.wp-block-uagb-image--layout-overlay .wp-block-uagb-image--layout-overlay__color-wrapper{opacity: 0.2;}.uagb-block-e6f939b3.wp-block-uagb-image--layout-overlay .wp-block-uagb-image--layout-overlay__inner{left: 15px;right: 15px;top: 15px;bottom: 15px;}.uagb-block-e6f939b3.wp-block-uagb-image--layout-overlay .wp-block-uagb-image--layout-overlay__inner .uagb-image-heading{font-style: normal;color: #fff;opacity: 1;}.uagb-block-e6f939b3.wp-block-uagb-image--layout-overlay .wp-block-uagb-image--layout-overlay__inner .uagb-image-heading a{color: #fff;}.uagb-block-e6f939b3.wp-block-uagb-image--layout-overlay .wp-block-uagb-image--layout-overlay__inner .uagb-image-caption{opacity: 0;}.uagb-block-e6f939b3.wp-block-uagb-image--layout-overlay .wp-block-uagb-image__figure:hover .wp-block-uagb-image--layout-overlay__color-wrapper{opacity: 1;}.uagb-block-e6f939b3.wp-block-uagb-image .wp-block-uagb-image--layout-overlay__inner .uagb-image-separator{width: 30%;border-top-width: 2px;border-top-color: #fff;opacity: 0;}.uagb-block-e6f939b3.wp-block-uagb-image .wp-block-uagb-image__figure img{width: px;height: auto;}.uagb-block-e6f939b3.wp-block-uagb-image .wp-block-uagb-image__figure:hover .wp-block-uagb-image--layout-overlay__inner .uagb-image-caption{opacity: 1;}.uagb-block-e6f939b3.wp-block-uagb-image .wp-block-uagb-image__figure:hover .wp-block-uagb-image--layout-overlay__inner .uagb-image-separator{opacity: 1;}.uagb-block-e6f939b3.wp-block-uagb-image--layout-default figure:hover img{box-shadow: 0px 0px 0 #00000070;}.uagb-block-e6f939b3.wp-block-uagb-image--layout-overlay figure:hover img{box-shadow: 0px 0px 0 #00000070;}@media only screen and (max-width: 976px) {.uagb-block-e6f939b3.wp-block-uagb-image .wp-block-uagb-image__figure img{width: px;height: auto;}}@media only screen and (max-width: 767px) {.uagb-block-e6f939b3.wp-block-uagb-image .wp-block-uagb-image__figure img{width: px;height: auto;}}\";s:2:\"js\";s:0:\"\";s:18:\"current_block_list\";a:13:{i:0;s:11:\"core\/search\";i:1;s:10:\"core\/group\";i:2;s:12:\"core\/heading\";i:3;s:17:\"core\/latest-posts\";i:4;s:20:\"core\/latest-comments\";i:5;s:13:\"core\/archives\";i:6;s:15:\"core\/categories\";i:7;s:14:\"core\/paragraph\";i:8;s:10:\"uagb\/image\";i:9;s:11:\"core\/spacer\";i:10;s:30:\"woocommerce\/product-categories\";i:11;s:10:\"core\/image\";i:12;s:14:\"core\/shortcode\";}s:8:\"uag_flag\";b:1;s:11:\"uag_version\";s:10:\"1777099881\";s:6:\"gfonts\";a:0:{}s:10:\"gfonts_url\";s:0:\"\";s:12:\"gfonts_files\";a:0:{}s:14:\"uag_faq_layout\";b:0;}"]},"uagb_featured_image_src":{"full":["https:\/\/www.ferberpainting.com\/wp-content\/uploads\/2025\/05\/ConcreteandMortarCure5L.jpg",2560,2560,false],"thumbnail":["https:\/\/www.ferberpainting.com\/wp-content\/uploads\/2025\/05\/ConcreteandMortarCure5L-150x150.jpg",150,150,true],"medium":["https:\/\/www.ferberpainting.com\/wp-content\/uploads\/2025\/05\/ConcreteandMortarCure5L-300x300.jpg",300,300,true],"medium_large":["https:\/\/www.ferberpainting.com\/wp-content\/uploads\/2025\/05\/ConcreteandMortarCure5L-768x768.jpg",768,768,true],"large":["https:\/\/www.ferberpainting.com\/wp-content\/uploads\/2025\/05\/ConcreteandMortarCure5L-1024x1024.jpg",1024,1024,true],"1536x1536":["https:\/\/www.ferberpainting.com\/wp-content\/uploads\/2025\/05\/ConcreteandMortarCure5L-1536x1536.jpg",1536,1536,true],"2048x2048":["https:\/\/www.ferberpainting.com\/wp-content\/uploads\/2025\/05\/ConcreteandMortarCure5L-2048x2048.jpg",2048,2048,true],"trp-custom-language-flag":["https:\/\/www.ferberpainting.com\/wp-content\/uploads\/2025\/05\/ConcreteandMortarCure5L-12x12.jpg",12,12,true],"woocommerce_thumbnail":["https:\/\/www.ferberpainting.com\/wp-content\/uploads\/2025\/05\/ConcreteandMortarCure5L-300x300.jpg",300,300,true],"woocommerce_single":["https:\/\/www.ferberpainting.com\/wp-content\/uploads\/2025\/05\/ConcreteandMortarCure5L-600x600.jpg",600,600,true],"woocommerce_gallery_thumbnail":["https:\/\/www.ferberpainting.com\/wp-content\/uploads\/2025\/05\/ConcreteandMortarCure5L-100x100.jpg",100,100,true]},"uagb_author_info":{"display_name":"admin","author_link":"https:\/\/www.ferberpainting.com\/lv\/author\/"},"uagb_comment_info":86,"uagb_excerpt":"Ensure optimal curing for stronger and more durable concrete and mortar. Our concrete and mortar cure is specially formulated to regulate moisture evaporation during the critical curing phase, allowing cement-based materials to achieve maximum strength and structural integrity. By maintaining proper hydration conditions, it significantly reduces the risk of cracking, surface shrinkage, and premature weakness.&hellip;","_links":{"self":[{"href":"https:\/\/www.ferberpainting.com\/lv\/wp-json\/wp\/v2\/product\/23174","targetHints":{"allow":["GET"]}}],"collection":[{"href":"https:\/\/www.ferberpainting.com\/lv\/wp-json\/wp\/v2\/product"}],"about":[{"href":"https:\/\/www.ferberpainting.com\/lv\/wp-json\/wp\/v2\/types\/product"}],"replies":[{"embeddable":true,"href":"https:\/\/www.ferberpainting.com\/lv\/wp-json\/wp\/v2\/comments?post=23174"}],"version-history":[{"count":6,"href":"https:\/\/www.ferberpainting.com\/lv\/wp-json\/wp\/v2\/product\/23174\/revisions"}],"predecessor-version":[{"id":166280,"href":"https:\/\/www.ferberpainting.com\/lv\/wp-json\/wp\/v2\/product\/23174\/revisions\/166280"}],"wp:featuredmedia":[{"embeddable":true,"href":"https:\/\/www.ferberpainting.com\/lv\/wp-json\/wp\/v2\/media\/25741"}],"wp:attachment":[{"href":"https:\/\/www.ferberpainting.com\/lv\/wp-json\/wp\/v2\/media?parent=23174"}],"wp:term":[{"taxonomy":"product_brand","embeddable":true,"href":"https:\/\/www.ferberpainting.com\/lv\/wp-json\/wp\/v2\/product_brand?post=23174"},{"taxonomy":"product_cat","embeddable":true,"href":"https:\/\/www.ferberpainting.com\/lv\/wp-json\/wp\/v2\/product_cat?post=23174"},{"taxonomy":"product_tag","embeddable":true,"href":"https:\/\/www.ferberpainting.com\/lv\/wp-json\/wp\/v2\/product_tag?post=23174"}],"curies":[{"name":"wp","href":"https:\/\/api.w.org\/{rel}","templated":true}]}}