{"id":23168,"date":"2025-05-26T10:23:07","date_gmt":"2025-05-26T08:23:07","guid":{"rendered":"https:\/\/www.ferberpainting.com\/products\/concrete-and-cement-retarder\/"},"modified":"2026-02-15T13:35:38","modified_gmt":"2026-02-15T12:35:38","slug":"concrete-and-cement-retarder","status":"publish","type":"product","link":"https:\/\/www.ferberpainting.com\/lv\/products\/concrete-and-cement-retarder\/","title":{"rendered":"Betona un cementa pal\u0113nin\u0101t\u0101js"},"content":{"rendered":"<p><img decoding=\"async\" style=\"margin-right: 12px;\" src=\"https:\/\/www.ferberpainting.com\/wp-content\/uploads\/2026\/02\/Check.svg\" alt=\"\" width=\"18\" height=\"15\" \/><strong>Pagarina betona apstr\u0101des laiku.<\/strong>\u00a0\u0160is betona un cementa retard\u0113t\u0101js ir izstr\u0101d\u0101ts, lai pagarin\u0101tu cementa b\u0101zes mais\u012bjumu saciet\u0113\u0161anas laiku, nodro\u0161inot profesion\u0101\u013ciem un priv\u0101tperson\u0101m liel\u0101ku elast\u012bbu lieto\u0161anas laik\u0101. Aizkav\u0113jot cementa hidrat\u0101ciju, tas uzlabo svaiga betona apstr\u0101d\u0101jam\u012bbu, \u012bpa\u0161i karst\u0101 laik\u0101 vai projektos, kuros nepiecie\u0161ama ilgsto\u0161a un prec\u012bza apdare.<\/p>\n<p><img decoding=\"async\" style=\"margin-right: 12px;\" src=\"https:\/\/www.ferberpainting.com\/wp-content\/uploads\/2026\/02\/Check.svg\" alt=\"\" width=\"18\" height=\"15\" \/><strong>Sader\u012bgs ar da\u017e\u0101diem materi\u0101liem.<\/strong>\u00a0\u0160is ciet\u0113\u0161anas pal\u0113nin\u0101t\u0101js ir piem\u0113rots da\u017e\u0101diem materi\u0101liem, tostarp betonam, cementam, javai un p\u0101rkl\u0101jumiem. Tas ir ide\u0101li piem\u0113rots visu veidu projektiem, piem\u0113ram, pl\u0101tn\u0113m, pamatiem, segumiem un m\u016br\u0113\u0161anas darbiem, kam nepiecie\u0161ams piel\u0101gots saciet\u0113\u0161anas laiks.<\/p>\n<p><img decoding=\"async\" style=\"margin-right: 12px;\" src=\"https:\/\/www.ferberpainting.com\/wp-content\/uploads\/2026\/02\/Check.svg\" alt=\"\" width=\"18\" height=\"15\" \/><strong>Optim\u0101la izmaksu zi\u0146\u0101 efekt\u012bva veiktsp\u0113ja.<\/strong>\u00a0Ar 5 litru trauku var apstr\u0101d\u0101t lielu mais\u012bjuma daudzumu. Vid\u0113ji ar 100 ml pietiek, lai pal\u0113nin\u0101tu 50 kg cementa saciet\u0113\u0161anas laiku, t\u0101p\u0113c tas ir \u013coti rentabls risin\u0101jums da\u017e\u0101da lieluma projektiem. T\u0101 efektivit\u0101te pal\u012bdz samazin\u0101t materi\u0101lu atkritumus un optimiz\u0113t katru darba vietu.<\/p>\n<p><img decoding=\"async\" style=\"margin-right: 12px;\" src=\"https:\/\/www.ferberpainting.com\/wp-content\/uploads\/2026\/02\/Check.svg\" alt=\"\" width=\"18\" height=\"15\" \/><strong>Naudas atmaksas garantija.<\/strong>\u00a0T\u0101 k\u0101 m\u0113s uzticamies m\u016bsu uzst\u0101d\u012b\u0161anas pal\u0113nin\u0101t\u0101ja kvalit\u0101tei, m\u0113s pied\u0101v\u0101jam naudas atmaksas garantiju. Ja produkts neatbilst j\u016bsu gaid\u012btajam efektivit\u0101tes vai sader\u012bbas zi\u0146\u0101, jums ir ties\u012bbas sa\u0146emt pilnu kompens\u0101ciju, t\u0101d\u0113j\u0101di nodro\u0161inot pirkumu bez riska.<\/p>\n<p><img decoding=\"async\" style=\"margin-right: 12px;\" src=\"https:\/\/www.ferberpainting.com\/wp-content\/uploads\/2026\/02\/Check.svg\" alt=\"\" width=\"18\" height=\"15\" \/><strong>Dro\u0161s un nekait\u012bgs produkts.<\/strong>\u00a0At\u0161\u0137ir\u012bb\u0101 no da\u017e\u0101m agres\u012bv\u0101m \u0137\u012bmisk\u0101m piedev\u0101m \u0161\u012b ciet\u0113\u0161anas pal\u0113nin\u0101t\u0101ja sast\u0101v\u0101 ir saharoze, kas ir dab\u0101 sastopama viela daudzos augos. Tas nerada risku ne lietot\u0101jiem, ne videi, t\u0101p\u0113c ir ide\u0101la izv\u0113le profesion\u0101\u013ciem, kuri mekl\u0113 efekt\u012bvu risin\u0101jumu, kas atbilst dro\u0161\u012bbas standartiem.<\/p>\n<p><img decoding=\"async\" style=\"margin-right: 12px;\" src=\"https:\/\/www.ferberpainting.com\/wp-content\/uploads\/2026\/02\/Check.svg\" alt=\"\" width=\"18\" height=\"15\" \/><strong>Viegli lietojams.<\/strong>\u00a0\u0160o saciet\u0113\u0161anas pal\u0113nin\u0101t\u0101ju ir \u013coti vienk\u0101r\u0161i integr\u0113t betona mais\u012b\u0161anas proces\u0101. Vienk\u0101r\u0161i pievienojiet ieteikto piedevas daudzumu tie\u0161i mais\u012b\u0161anas \u016bdenim pirms saistvielu un pildvielu pievieno\u0161anas. Pareizai lieto\u0161anai nav nepiecie\u0161ama \u012bpa\u0161a apm\u0101c\u012bba, t\u0101p\u0113c tas ir pieejams gan pieredz\u0113ju\u0161iem profesion\u0101\u013ciem, gan person\u0101m, kas str\u0101d\u0101 pie saviem projektiem.<\/p>\n<p><img decoding=\"async\" style=\"margin-right: 12px;\" src=\"https:\/\/www.ferberpainting.com\/wp-content\/uploads\/2026\/02\/Check.svg\" alt=\"\" width=\"18\" height=\"15\" \/><strong>Optimiz\u0113ta betona iztur\u012bba.<\/strong>\u00a0Aizkav\u0113jot saciet\u0113\u0161anas procesu, \u0161is produkts veicina vienm\u0113r\u012bg\u0101ku cementa hidrat\u0101ciju, samazinot priek\u0161laic\u012bgas plais\u0101\u0161anas risku. Labi hidrat\u0113ts betons ilgtermi\u0146\u0101 ir iztur\u012bg\u0101ks, uzlabojot izb\u016bv\u0113to konstrukciju kvalit\u0101ti un ilgm\u016b\u017e\u012bbu.<\/p>\n<p><img decoding=\"async\" style=\"margin-right: 12px;\" src=\"https:\/\/www.ferberpainting.com\/wp-content\/uploads\/2026\/02\/Check.svg\" alt=\"\" width=\"18\" height=\"15\" \/><strong>Efekt\u012bvs pat ekstrem\u0101los apst\u0101k\u013cos.<\/strong>\u00a0\u0160is saciet\u0113\u0161anas pal\u0113nin\u0101t\u0101js ir \u012bpa\u0161i noder\u012bgs sare\u017e\u0123\u012btos klimatiskajos apst\u0101k\u013cos, \u012bpa\u0161i augst\u0101s temperat\u016br\u0101s, kad betons m\u0113dz p\u0101r\u0101k \u0101tri saciet\u0113t. Tas \u013cauj str\u0101d\u0101t bez spriedzes, neradot priek\u0161laic\u012bgas saciet\u0113\u0161anas risku, nov\u0113r\u0161ot nepiecie\u0161am\u012bbu p\u0101rtais\u012bt slikti pabeigtus posmus.<\/p>\n<h2><strong>Lieto\u0161anas protokols<\/strong><\/h2>\n<ul>\n<li><strong>Mais\u012bjuma sagatavo\u0161ana :<\/strong> Pirms ciet\u0113\u0161anas pal\u0113nin\u0101t\u0101ja pievieno\u0161anas sagatavojiet parasto betona, cementa vai javas mais\u012bjumu, izm\u0113rot pildvielas, cementu un \u016bdeni.<\/li>\n<li><strong>Ieteicam\u0101 deva :<\/strong> Optim\u0101lai iedarb\u012bbai uz 50 kg cementa izmantojiet 100 ml retardiera. Ja nepiecie\u0161ama ilg\u0101ka ciet\u0113\u0161anas aizkave, var palielin\u0101t devu l\u012bdz 200 ml uz 50 kg, bet, \u0146emot v\u0113r\u0101 vietas apst\u0101k\u013cus, ieteicams veikt iepriek\u0161\u0113jas p\u0101rbaudes.<\/li>\n<li><strong>Iek\u013cau\u0161anas metode :<\/strong> Pirms pievieno\u0161anas cementa mais\u012bjumam ielejiet vajadz\u012bgo saciet\u0113\u0161anas pal\u0113nin\u0101t\u0101ja daudzumu mais\u012b\u0161anas \u016bden\u012b. R\u016bp\u012bgi samaisiet, lai nodro\u0161in\u0101tu vienm\u0113r\u012bgu produkta sadal\u012bjumu.<\/li>\n<li><strong>Sajauk\u0161ana un lieto\u0161ana :<\/strong> Kad piedeva ir labi iestr\u0101d\u0101ta, turpiniet mais\u012bt betonu vai javu k\u0101 parasti. Uzkl\u0101jiet mais\u012bjumu uz v\u0113lam\u0101s virsmas, vienlaikus izmantojot pagarin\u0101to apstr\u0101des laiku.<\/li>\n<li><strong>Laika kontroles iestat\u012b\u0161ana :<\/strong> Atkar\u012bb\u0101 no izmantot\u0101s devas un \u0101r\u0113jiem apst\u0101k\u013ciem (temperat\u016bra, mitrums) iestat\u012b\u0161anas aizkave var b\u016bt no 30 min\u016bt\u0113m l\u012bdz vair\u0101k\u0101m stund\u0101m. Ieteicams uzraudz\u012bt betona saciet\u0113\u0161anas gaitu, lai p\u0101rliecin\u0101tos, ka aizkav\u0113\u0161an\u0101s atbilst projekta pras\u012bb\u0101m.<\/li>\n<li><strong>Instrumentu t\u012br\u012b\u0161ana :<\/strong> P\u0113c lieto\u0161anas nekav\u0113joties noskalojiet instrumentus un apr\u012bkojumu ar t\u012bru \u016bdeni, lai nov\u0113rstu materi\u0101lu uzkr\u0101\u0161anos.<\/li>\n<\/ul>","protected":false},"excerpt":{"rendered":"<p>Extends Concrete Workability Time.\u00a0This concrete and cement retarder is designed to prolong the setting time of cement-based mixtures, providing professionals and individuals with greater flexibility during application. By delaying cement hydration, it enhances the workability of fresh concrete, especially in hot weather or for projects requiring extended and precise finishing. Compatible with Various Materials.\u00a0This setting [&hellip;]<\/p>\n","protected":false},"featured_media":25738,"comment_status":"open","ping_status":"closed","template":"","meta":{"_uag_custom_page_level_css":"","site-sidebar-layout":"default","site-content-layout":"","ast-site-content-layout":"default","site-content-style":"default","site-sidebar-style":"default","ast-global-header-display":"","ast-banner-title-visibility":"","ast-main-header-display":"","ast-hfb-above-header-display":"","ast-hfb-below-header-display":"","ast-hfb-mobile-header-display":"","site-post-title":"","ast-breadcrumbs-content":"","ast-featured-img":"","footer-sml-layout":"","ast-disable-related-posts":"","theme-transparent-header-meta":"default","adv-header-id-meta":"","stick-header-meta":"","header-above-stick-meta":"","header-main-stick-meta":"","header-below-stick-meta":"","astra-migrate-meta-layouts":"set","ast-page-background-enabled":"default","ast-page-background-meta":{"desktop":{"background-color":"var(--ast-global-color-4)","background-image":"","background-repeat":"repeat","background-position":"center center","background-size":"auto","background-attachment":"scroll","background-type":"","background-media":"","overlay-type":"","overlay-color":"","overlay-opacity":"","overlay-gradient":""},"tablet":{"background-color":"","background-image":"","background-repeat":"repeat","background-position":"center center","background-size":"auto","background-attachment":"scroll","background-type":"","background-media":"","overlay-type":"","overlay-color":"","overlay-opacity":"","overlay-gradient":""},"mobile":{"background-color":"","background-image":"","background-repeat":"repeat","background-position":"center center","background-size":"auto","background-attachment":"scroll","background-type":"","background-media":"","overlay-type":"","overlay-color":"","overlay-opacity":"","overlay-gradient":""}},"ast-content-background-meta":{"desktop":{"background-color":"var(--ast-global-color-5)","background-image":"","background-repeat":"repeat","background-position":"center center","background-size":"auto","background-attachment":"scroll","background-type":"","background-media":"","overlay-type":"","overlay-color":"","overlay-opacity":"","overlay-gradient":""},"tablet":{"background-color":"var(--ast-global-color-5)","background-image":"","background-repeat":"repeat","background-position":"center center","background-size":"auto","background-attachment":"scroll","background-type":"","background-media":"","overlay-type":"","overlay-color":"","overlay-opacity":"","overlay-gradient":""},"mobile":{"background-color":"var(--ast-global-color-5)","background-image":"","background-repeat":"repeat","background-position":"center center","background-size":"auto","background-attachment":"scroll","background-type":"","background-media":"","overlay-type":"","overlay-color":"","overlay-opacity":"","overlay-gradient":""}}},"product_brand":[],"product_cat":[176],"product_tag":[],"class_list":{"0":"post-23168","1":"product","2":"type-product","3":"status-publish","4":"has-post-thumbnail","6":"product_cat-concrete-treatment","7":"desktop-align-left","8":"tablet-align-left","9":"mobile-align-left","11":"first","12":"instock","13":"sale","14":"shipping-taxable","15":"purchasable","16":"product-type-variable","17":"has-default-attributes"},"spectra_custom_meta":{"_visibility":["visible"],"_shopify_product_id":["9058943107317"],"_s2w_shopify_domain":["ferberpainting.myshopify.com"],"_shopify_variant_id":["46479764619509"],"_sku":[""],"_manage_stock":["no"],"total_sales":["22"],"_tax_status":["taxable"],"_tax_class":[""],"_backorders":["no"],"_sold_individually":["no"],"_virtual":["no"],"_downloadable":["no"],"_download_limit":["-1"],"_download_expiry":["-1"],"_stock":[null],"_stock_status":["instock"],"_wc_average_rating":["4.70"],"_wc_review_count":["10"],"_product_attributes":["a:1:{s:6:\"volume\";a:6:{s:4:\"name\";s:6:\"Volume\";s:5:\"value\";s:20:\"5 liters | 25 liters\";s:8:\"position\";i:1;s:10:\"is_visible\";i:0;s:12:\"is_variation\";i:1;s:11:\"is_taxonomy\";i:0;}}"],"_product_version":["10.5.1"],"_thumbnail_id":["25738"],"_product_image_gallery":["25739"],"wpse_downloadable_file_names":[""],"wpse_downloadable_file_urls":[""],"_edit_last":["1"],"_default_attributes":["a:1:{s:6:\"volume\";s:8:\"5 liters\";}"],"_edit_lock":["1771158800:1"],"_price":["29.90","129.90"],"merchant-center-availability":["yes"],"merchant-center-category":["2277"],"_wp_page_template":["default"],"site-sidebar-layout":["default"],"ast-site-content-layout":["default"],"site-content-style":["default"],"site-sidebar-style":["default"],"theme-transparent-header-meta":["default"],"_wc_rating_count":["a:2:{i:4;i:3;i:5;i:7;}"],"astra-migrate-meta-layouts":["set"],"_uag_css_file_name":["uag-css-23168.css"],"_elementor_page_assets":["a:0:{}"],"_uag_page_assets":["a:9:{s:3:\"css\";s:7133:\".uag-blocks-common-selector{z-index:var(--z-index-desktop) !important}@media(max-width: 976px){.uag-blocks-common-selector{z-index:var(--z-index-tablet) !important}}@media(max-width: 767px){.uag-blocks-common-selector{z-index:var(--z-index-mobile) !important}}.wp-block-uagb-image{display:flex}.wp-block-uagb-image__figure{position:relative;display:flex;flex-direction:column;max-width:100%;height:auto;margin:0}.wp-block-uagb-image__figure img{height:auto;display:flex;max-width:100%;transition:box-shadow .2s ease}.wp-block-uagb-image__figure>a{display:inline-block}.wp-block-uagb-image__figure figcaption{text-align:center;margin-top:.5em;margin-bottom:1em}.wp-block-uagb-image .components-placeholder.block-editor-media-placeholder .components-placeholder__instructions{align-self:center}.wp-block-uagb-image--align-left{text-align:left}.wp-block-uagb-image--align-right{text-align:right}.wp-block-uagb-image--align-center{text-align:center}.wp-block-uagb-image--align-full .wp-block-uagb-image__figure{margin-left:calc(50% - 50vw);margin-right:calc(50% - 50vw);max-width:100vw;width:100vw;height:auto}.wp-block-uagb-image--align-full .wp-block-uagb-image__figure img{height:auto;width:100% !important}.wp-block-uagb-image--align-wide .wp-block-uagb-image__figure img{height:auto;width:100%}.wp-block-uagb-image--layout-overlay__color-wrapper{position:absolute;left:0;top:0;right:0;bottom:0;opacity:.2;background:rgba(0,0,0,.5);transition:opacity .35s ease-in-out}.wp-block-uagb-image--layout-overlay-link{position:absolute;left:0;right:0;bottom:0;top:0}.wp-block-uagb-image--layout-overlay .wp-block-uagb-image__figure:hover .wp-block-uagb-image--layout-overlay__color-wrapper{opacity:1}.wp-block-uagb-image--layout-overlay__inner{position:absolute;left:15px;right:15px;bottom:15px;top:15px;display:flex;align-items:center;justify-content:center;flex-direction:column;border-color:#fff;transition:.35s ease-in-out}.wp-block-uagb-image--layout-overlay__inner.top-left,.wp-block-uagb-image--layout-overlay__inner.top-center,.wp-block-uagb-image--layout-overlay__inner.top-right{justify-content:flex-start}.wp-block-uagb-image--layout-overlay__inner.bottom-left,.wp-block-uagb-image--layout-overlay__inner.bottom-center,.wp-block-uagb-image--layout-overlay__inner.bottom-right{justify-content:flex-end}.wp-block-uagb-image--layout-overlay__inner.top-left,.wp-block-uagb-image--layout-overlay__inner.center-left,.wp-block-uagb-image--layout-overlay__inner.bottom-left{align-items:flex-start}.wp-block-uagb-image--layout-overlay__inner.top-right,.wp-block-uagb-image--layout-overlay__inner.center-right,.wp-block-uagb-image--layout-overlay__inner.bottom-right{align-items:flex-end}.wp-block-uagb-image--layout-overlay__inner .uagb-image-heading{color:#fff;transition:transform .35s,opacity .35s ease-in-out;transform:translate3d(0, 24px, 0);margin:0;line-height:1em}.wp-block-uagb-image--layout-overlay__inner .uagb-image-separator{width:30%;border-top-width:2px;border-top-color:#fff;border-top-style:solid;margin-bottom:10px;opacity:0;transition:transform .4s,opacity .4s ease-in-out;transform:translate3d(0, 30px, 0)}.wp-block-uagb-image--layout-overlay__inner .uagb-image-caption{opacity:0;overflow:visible;color:#fff;transition:transform .45s,opacity .45s ease-in-out;transform:translate3d(0, 35px, 0)}.wp-block-uagb-image--layout-overlay__inner:hover .uagb-image-heading,.wp-block-uagb-image--layout-overlay__inner:hover .uagb-image-separator,.wp-block-uagb-image--layout-overlay__inner:hover .uagb-image-caption{opacity:1;transform:translate3d(0, 0, 0)}.wp-block-uagb-image--effect-zoomin .wp-block-uagb-image__figure img,.wp-block-uagb-image--effect-zoomin .wp-block-uagb-image__figure .wp-block-uagb-image--layout-overlay__color-wrapper{transform:scale(1);transition:transform .35s ease-in-out}.wp-block-uagb-image--effect-zoomin .wp-block-uagb-image__figure:hover img,.wp-block-uagb-image--effect-zoomin .wp-block-uagb-image__figure:hover .wp-block-uagb-image--layout-overlay__color-wrapper{transform:scale(1.05)}.wp-block-uagb-image--effect-slide .wp-block-uagb-image__figure img,.wp-block-uagb-image--effect-slide .wp-block-uagb-image__figure .wp-block-uagb-image--layout-overlay__color-wrapper{width:calc(100% + 40px) !important;max-width:none !important;transform:translate3d(-40px, 0, 0);transition:transform .35s ease-in-out}.wp-block-uagb-image--effect-slide .wp-block-uagb-image__figure:hover img,.wp-block-uagb-image--effect-slide .wp-block-uagb-image__figure:hover .wp-block-uagb-image--layout-overlay__color-wrapper{transform:translate3d(0, 0, 0)}.wp-block-uagb-image--effect-grayscale img{filter:grayscale(0%);transition:.35s ease-in-out}.wp-block-uagb-image--effect-grayscale:hover img{filter:grayscale(100%)}.wp-block-uagb-image--effect-blur img{filter:blur(0);transition:.35s ease-in-out}.wp-block-uagb-image--effect-blur:hover img{filter:blur(3px)}.uagb-block-e6f939b3.wp-block-uagb-image--layout-default figure img{box-shadow: 0px 0px 0 #00000070;}.uagb-block-e6f939b3.wp-block-uagb-image .wp-block-uagb-image__figure figcaption{font-style: normal;align-self: center;}.uagb-block-e6f939b3.wp-block-uagb-image--layout-overlay figure img{box-shadow: 0px 0px 0 #00000070;}.uagb-block-e6f939b3.wp-block-uagb-image--layout-overlay .wp-block-uagb-image--layout-overlay__color-wrapper{opacity: 0.2;}.uagb-block-e6f939b3.wp-block-uagb-image--layout-overlay .wp-block-uagb-image--layout-overlay__inner{left: 15px;right: 15px;top: 15px;bottom: 15px;}.uagb-block-e6f939b3.wp-block-uagb-image--layout-overlay .wp-block-uagb-image--layout-overlay__inner .uagb-image-heading{font-style: normal;color: #fff;opacity: 1;}.uagb-block-e6f939b3.wp-block-uagb-image--layout-overlay .wp-block-uagb-image--layout-overlay__inner .uagb-image-heading a{color: #fff;}.uagb-block-e6f939b3.wp-block-uagb-image--layout-overlay .wp-block-uagb-image--layout-overlay__inner .uagb-image-caption{opacity: 0;}.uagb-block-e6f939b3.wp-block-uagb-image--layout-overlay .wp-block-uagb-image__figure:hover .wp-block-uagb-image--layout-overlay__color-wrapper{opacity: 1;}.uagb-block-e6f939b3.wp-block-uagb-image .wp-block-uagb-image--layout-overlay__inner .uagb-image-separator{width: 30%;border-top-width: 2px;border-top-color: #fff;opacity: 0;}.uagb-block-e6f939b3.wp-block-uagb-image .wp-block-uagb-image__figure img{width: px;height: auto;}.uagb-block-e6f939b3.wp-block-uagb-image .wp-block-uagb-image__figure:hover .wp-block-uagb-image--layout-overlay__inner .uagb-image-caption{opacity: 1;}.uagb-block-e6f939b3.wp-block-uagb-image .wp-block-uagb-image__figure:hover .wp-block-uagb-image--layout-overlay__inner .uagb-image-separator{opacity: 1;}.uagb-block-e6f939b3.wp-block-uagb-image--layout-default figure:hover img{box-shadow: 0px 0px 0 #00000070;}.uagb-block-e6f939b3.wp-block-uagb-image--layout-overlay figure:hover img{box-shadow: 0px 0px 0 #00000070;}@media only screen and (max-width: 976px) {.uagb-block-e6f939b3.wp-block-uagb-image .wp-block-uagb-image__figure img{width: px;height: auto;}}@media only screen and (max-width: 767px) {.uagb-block-e6f939b3.wp-block-uagb-image .wp-block-uagb-image__figure img{width: px;height: auto;}}\";s:2:\"js\";s:0:\"\";s:18:\"current_block_list\";a:13:{i:0;s:11:\"core\/search\";i:1;s:10:\"core\/group\";i:2;s:12:\"core\/heading\";i:3;s:17:\"core\/latest-posts\";i:4;s:20:\"core\/latest-comments\";i:5;s:13:\"core\/archives\";i:6;s:15:\"core\/categories\";i:7;s:14:\"core\/paragraph\";i:8;s:10:\"uagb\/image\";i:9;s:11:\"core\/spacer\";i:10;s:30:\"woocommerce\/product-categories\";i:11;s:10:\"core\/image\";i:12;s:14:\"core\/shortcode\";}s:8:\"uag_flag\";b:1;s:11:\"uag_version\";s:10:\"1777111435\";s:6:\"gfonts\";a:0:{}s:10:\"gfonts_url\";s:0:\"\";s:12:\"gfonts_files\";a:0:{}s:14:\"uag_faq_layout\";b:0;}"]},"uagb_featured_image_src":{"full":["https:\/\/www.ferberpainting.com\/wp-content\/uploads\/2025\/05\/ConcreteandCementRetarder5L.png",2560,2560,false],"thumbnail":["https:\/\/www.ferberpainting.com\/wp-content\/uploads\/2025\/05\/ConcreteandCementRetarder5L-150x150.png",150,150,true],"medium":["https:\/\/www.ferberpainting.com\/wp-content\/uploads\/2025\/05\/ConcreteandCementRetarder5L-300x300.png",300,300,true],"medium_large":["https:\/\/www.ferberpainting.com\/wp-content\/uploads\/2025\/05\/ConcreteandCementRetarder5L-768x768.png",768,768,true],"large":["https:\/\/www.ferberpainting.com\/wp-content\/uploads\/2025\/05\/ConcreteandCementRetarder5L-1024x1024.png",1024,1024,true],"1536x1536":["https:\/\/www.ferberpainting.com\/wp-content\/uploads\/2025\/05\/ConcreteandCementRetarder5L-1536x1536.png",1536,1536,true],"2048x2048":["https:\/\/www.ferberpainting.com\/wp-content\/uploads\/2025\/05\/ConcreteandCementRetarder5L-2048x2048.png",2048,2048,true],"trp-custom-language-flag":["https:\/\/www.ferberpainting.com\/wp-content\/uploads\/2025\/05\/ConcreteandCementRetarder5L-12x12.png",12,12,true],"woocommerce_thumbnail":["https:\/\/www.ferberpainting.com\/wp-content\/uploads\/2025\/05\/ConcreteandCementRetarder5L-300x300.png",300,300,true],"woocommerce_single":["https:\/\/www.ferberpainting.com\/wp-content\/uploads\/2025\/05\/ConcreteandCementRetarder5L-600x600.png",600,600,true],"woocommerce_gallery_thumbnail":["https:\/\/www.ferberpainting.com\/wp-content\/uploads\/2025\/05\/ConcreteandCementRetarder5L-100x100.png",100,100,true]},"uagb_author_info":{"display_name":"admin","author_link":"https:\/\/www.ferberpainting.com\/lv\/author\/"},"uagb_comment_info":10,"uagb_excerpt":"Extends Concrete Workability Time.\u00a0This concrete and cement retarder is designed to prolong the setting time of cement-based mixtures, providing professionals and individuals with greater flexibility during application. By delaying cement hydration, it enhances the workability of fresh concrete, especially in hot weather or for projects requiring extended and precise finishing. Compatible with Various Materials.\u00a0This setting&hellip;","_links":{"self":[{"href":"https:\/\/www.ferberpainting.com\/lv\/wp-json\/wp\/v2\/product\/23168","targetHints":{"allow":["GET"]}}],"collection":[{"href":"https:\/\/www.ferberpainting.com\/lv\/wp-json\/wp\/v2\/product"}],"about":[{"href":"https:\/\/www.ferberpainting.com\/lv\/wp-json\/wp\/v2\/types\/product"}],"replies":[{"embeddable":true,"href":"https:\/\/www.ferberpainting.com\/lv\/wp-json\/wp\/v2\/comments?post=23168"}],"version-history":[{"count":4,"href":"https:\/\/www.ferberpainting.com\/lv\/wp-json\/wp\/v2\/product\/23168\/revisions"}],"predecessor-version":[{"id":166081,"href":"https:\/\/www.ferberpainting.com\/lv\/wp-json\/wp\/v2\/product\/23168\/revisions\/166081"}],"wp:featuredmedia":[{"embeddable":true,"href":"https:\/\/www.ferberpainting.com\/lv\/wp-json\/wp\/v2\/media\/25738"}],"wp:attachment":[{"href":"https:\/\/www.ferberpainting.com\/lv\/wp-json\/wp\/v2\/media?parent=23168"}],"wp:term":[{"taxonomy":"product_brand","embeddable":true,"href":"https:\/\/www.ferberpainting.com\/lv\/wp-json\/wp\/v2\/product_brand?post=23168"},{"taxonomy":"product_cat","embeddable":true,"href":"https:\/\/www.ferberpainting.com\/lv\/wp-json\/wp\/v2\/product_cat?post=23168"},{"taxonomy":"product_tag","embeddable":true,"href":"https:\/\/www.ferberpainting.com\/lv\/wp-json\/wp\/v2\/product_tag?post=23168"}],"curies":[{"name":"wp","href":"https:\/\/api.w.org\/{rel}","templated":true}]}}