{"id":23165,"date":"2025-05-26T10:23:06","date_gmt":"2025-05-26T08:23:06","guid":{"rendered":"https:\/\/www.ferberpainting.com\/products\/concrete-and-cement-plasticizer\/"},"modified":"2026-02-15T13:35:07","modified_gmt":"2026-02-15T12:35:07","slug":"concrete-and-cement-plasticizer","status":"publish","type":"product","link":"https:\/\/www.ferberpainting.com\/lv\/products\/concrete-and-cement-plasticizer\/","title":{"rendered":"Betona un cementa plastifikators"},"content":{"rendered":"<p><img decoding=\"async\" style=\"margin-right: 12px;\" src=\"https:\/\/www.ferberpainting.com\/wp-content\/uploads\/2026\/02\/Check.svg\" alt=\"\" width=\"18\" height=\"15\" \/><strong>Uzlabota apstr\u0101d\u0101jam\u012bba un lieto\u0161ana.<\/strong>\u00a0\u0160is plastifikators un \u0161\u0137idrin\u0101t\u0101js ir paredz\u0113ts betona un cementa konsistences optimiz\u0113\u0161anai, padarot mais\u012bjumu \u0161\u0137idr\u0101ku un viegl\u0101k apstr\u0101d\u0101jamu, nepievienojot papildu \u016bdeni. Tas uzlabo betona iestr\u0101di, \u012bpa\u0161i sare\u017e\u0123\u012btiem veid\u0146iem, pl\u0101tn\u0113m un pamatiem, nodro\u0161inot lab\u0101ku pild\u012bjumu un viendab\u012bg\u0101ku apdari.<\/p>\n<p><img decoding=\"async\" style=\"margin-right: 12px;\" src=\"https:\/\/www.ferberpainting.com\/wp-content\/uploads\/2026\/02\/Check.svg\" alt=\"\" width=\"18\" height=\"15\" \/><strong>Naudas atmaksas garantija.<\/strong>\u00a0T\u0101 k\u0101 m\u0113s esam piln\u012bgi p\u0101rliecin\u0101ti par m\u016bsu plastifikatora un \u0161\u0137idrin\u0101t\u0101ja efektivit\u0101ti, m\u0113s pied\u0101v\u0101jam naudas atmaksas garantiju. Ja produkts neatbilst j\u016bsu gaid\u012btajam vai nesniedz gaid\u012btos rezult\u0101tus, j\u016bs varat piepras\u012bt beznosac\u012bjumu naudas atmaksu, t\u0101d\u0113j\u0101di nodro\u0161inot pirkumu bez riska.<\/p>\n<p><img decoding=\"async\" style=\"margin-right: 12px;\" src=\"https:\/\/www.ferberpainting.com\/wp-content\/uploads\/2026\/02\/Check.svg\" alt=\"\" width=\"18\" height=\"15\" \/><strong>Savietojam\u012bba ar da\u017e\u0101diem materi\u0101liem.<\/strong>\u00a0\u0160is produkts ir sader\u012bgs ar betona, cementa, javas un hidraulisko saistvielu b\u0101zes p\u0101rkl\u0101jumiem. Tas lieliski piel\u0101gojas tradicion\u0101lajiem betoniem, ar \u0161\u0137iedrviel\u0101m stiegrotiem betoniem, \u0161\u0137idrajiem segumiem un l\u0101p\u012b\u0161anas javu mais\u012bjumiem, nodro\u0161inot izcilu daudzpus\u012bbu neatkar\u012bgi no b\u016bvprojekta vai m\u016br\u0113\u0161anas darbu veida.<\/p>\n<p><img decoding=\"async\" style=\"margin-right: 12px;\" src=\"https:\/\/www.ferberpainting.com\/wp-content\/uploads\/2026\/02\/Check.svg\" alt=\"\" width=\"18\" height=\"15\" \/><strong>Optimiz\u0113ts ekonomiskais ienes\u012bgums.<\/strong>\u00a0\u0160is plastifikators ir izstr\u0101d\u0101ts, lai nodro\u0161in\u0101tu izcilu kvalit\u0101tes un cenas attiec\u012bbu, un tas iev\u0113rojami samazina \u016bdens\/cementa attiec\u012bbu, nepasliktinot mais\u012bjuma pl\u016bstam\u012bbu. Ar vienu litru produkta pietiek, lai apstr\u0101d\u0101tu 100 l\u012bdz 150 kg cementa, garant\u0113jot augstu efektivit\u0101ti ar minim\u0101lu pat\u0113ri\u0146u. Samazinot nepiecie\u0161amo \u016bdens daudzumu, tas ar\u012b uzlabo betona gal\u012bgo iztur\u012bbu, t\u0101d\u0113j\u0101di samazinot ar turpm\u0101kajiem remontdarbiem saist\u012bt\u0101s izmaksas.<\/p>\n<p><img decoding=\"async\" style=\"margin-right: 12px;\" src=\"https:\/\/www.ferberpainting.com\/wp-content\/uploads\/2026\/02\/Check.svg\" alt=\"\" width=\"18\" height=\"15\" \/><strong>Dro\u0161s lietot\u0101jiem un videi.<\/strong>\u00a0\u0160is plastifikators un \u0161\u0137idrin\u0101t\u0101js nesatur toksiskus savienojumus un nerada kait\u012bgas emisijas. Ar to var str\u0101d\u0101t bez \u012bpa\u0161iem piesardz\u012bbas pas\u0101kumiem, tas nerada risku \u0101dai vai elpo\u0161anas sist\u0113m\u0101m un atbilst sp\u0113k\u0101 eso\u0161ajiem vides aizsardz\u012bbas noteikumiem, nodro\u0161inot dro\u0161u lieto\u0161anu gan b\u016bvlaukumos, gan iek\u0161telp\u0101s.<\/p>\n<p><img decoding=\"async\" style=\"margin-right: 12px;\" src=\"https:\/\/www.ferberpainting.com\/wp-content\/uploads\/2026\/02\/Check.svg\" alt=\"\" width=\"18\" height=\"15\" \/><strong>Viegli lietojams ar prec\u012bzu doz\u0113\u0161anu.<\/strong>\u00a0\u0160o plastifikatoru, kas izstr\u0101d\u0101ts vienk\u0101r\u0161\u012bbai, var tie\u0161i iestr\u0101d\u0101t mais\u012bjum\u0101 vai pak\u0101peniski pievienot mais\u012bjumam. T\u0101 devu ir viegli kontrol\u0113t pat nepieredz\u0113ju\u0161iem lietot\u0101jiem, un t\u0101 lieto\u0161anai nav nepiecie\u0161ams \u012bpa\u0161s apr\u012bkojums. \u0160\u0137idr\u0101 formula \u013cauj to vienm\u0113r\u012bgi un uzreiz iestr\u0101d\u0101t beton\u0101 vai javai.<\/p>\n<p><img decoding=\"async\" style=\"margin-right: 12px;\" src=\"https:\/\/www.ferberpainting.com\/wp-content\/uploads\/2026\/02\/Check.svg\" alt=\"\" width=\"18\" height=\"15\" \/><strong>Iztur\u012bba un uzlabota meh\u0101nisk\u0101 veiktsp\u0113ja.<\/strong>\u00a0Samazinot \u016bdens\/cementa attiec\u012bbu, \u0161is plastifikators palielina betona un javas meh\u0101nisko stipr\u012bbu, vienlaikus samazinot plaisu un sarau\u0161an\u0101s risku. Tas uzlabo materi\u0101la bl\u012bvumu, nodro\u0161inot lab\u0101ku necaurlaid\u012bbu un konstrukciju ilgm\u016b\u017e\u012bbu.<\/p>\n<p><img decoding=\"async\" style=\"margin-right: 12px;\" src=\"https:\/\/www.ferberpainting.com\/wp-content\/uploads\/2026\/02\/Check.svg\" alt=\"\" width=\"18\" height=\"15\" \/><strong>Optimiz\u0113ts iestat\u012b\u0161anas un \u017e\u0101v\u0113\u0161anas laiks.<\/strong>\u00a0\u0160\u0137idrinot mais\u012bjumu, \u0161is produkts nodro\u0161ina \u0101tr\u0101ku betona iekl\u0101\u0161anu un lab\u0101ku bl\u012bv\u0113\u0161anu, t\u0101d\u0113j\u0101di samazinot darbu izpildes laiku uz vietas. Tas veicina ar\u012b viendab\u012bg\u0101ku un regul\u0101r\u0101ku \u017e\u0101v\u0113\u0161anas procesu, nodro\u0161inot optim\u0101lu saciet\u0113\u0161anu, vienlaikus saglab\u0101jot betona gal\u012bgo stipr\u012bbu.<\/p>\n<h2><strong>Lieto\u0161anas protokols<\/strong><\/h2>\n<ul>\n<li><strong>Ieteicam\u0101 deva.<\/strong>\u00a0Atkar\u012bb\u0101 no v\u0113lam\u0101 \u0161\u0137idruma l\u012bme\u0146a uz 100 kg cementa izmantojiet no 0,3 l l\u012bdz 1 l plastifikatora. Maz\u0101ka deva nedaudz uzlabo apstr\u0101d\u0101jam\u012bbu, savuk\u0101rt liel\u0101ka deva maksim\u0101li palielina plastific\u0113jo\u0161o efektu un v\u0113l vair\u0101k samazina nepiecie\u0161amo \u016bdens daudzumu.<\/li>\n<li><strong>Ievieto\u0161ana mais\u012bjum\u0101.<\/strong>\u00a0Pirms pievieno\u0161anas betona vai javas mais\u012bjumam ielejiet plastifikatoru tie\u0161i mais\u012bjuma \u016bden\u012b. To var ar\u012b pak\u0101peniski iestr\u0101d\u0101t mais\u012b\u0161anas laik\u0101, lai nodro\u0161in\u0101tu optim\u0101lu dispersiju.<\/li>\n<li><strong>Betona vai javas mais\u012b\u0161ana.<\/strong>\u00a0Sast\u0101vda\u013cas sajauc vismaz 3 l\u012bdz 5 min\u016btes, lai nodro\u0161in\u0101tu plastifikatora viendab\u012bgu sadal\u012bjumu, t\u0101d\u0113j\u0101di ieg\u016bstot piln\u012bgi \u0161\u0137idru un viendab\u012bgu mais\u012bjumu.<\/li>\n<li><strong>Konsekvences kontrole.<\/strong> P\u0113c sajauk\u0161anas p\u0101rbaudiet betona vai javas pl\u016bstam\u012bbu un, ja nepiecie\u0161ams, kori\u0123\u0113jiet to, pievienojot nelielu papildu daudzumu plastifikatora, lai sasniegtu ide\u0101lu konsistenci.<\/li>\n<li><strong>Piem\u0113ro\u0161ana un izvieto\u0161ana.<\/strong> Kad mais\u012bjums ir gatavs, nekav\u0113joties ielejiet vai uzkl\u0101jiet betonu vai javu, lai piln\u012bb\u0101 izmantotu \u0161\u0137idrin\u0101\u0161anas efektu un atvieglotu iekl\u0101\u0161anu.<\/li>\n<li><strong>Instrumentu t\u012br\u012b\u0161ana.<\/strong>\u00a0P\u0113c lieto\u0161anas nekav\u0113joties izskalojiet instrumentus un apr\u012bkojumu, lai nov\u0113rstu mais\u012bjuma saciet\u0113\u0161anu un pagarin\u0101tu instrumentu kalpo\u0161anas laiku.<\/li>\n<\/ul>","protected":false},"excerpt":{"rendered":"<p>Improved Workability and Application.\u00a0This plasticizer and fluidifier is designed to optimize the consistency of concrete and cement, making the mixture more fluid and easier to work with, without adding extra water. It improves concrete placement, particularly for complex formwork, slabs, and foundations, ensuring better filling and a more homogeneous finish. Money-back guarantee.\u00a0Because we have absolute [&hellip;]<\/p>\n","protected":false},"featured_media":25736,"comment_status":"open","ping_status":"closed","template":"","meta":{"_uag_custom_page_level_css":"","site-sidebar-layout":"default","site-content-layout":"","ast-site-content-layout":"default","site-content-style":"default","site-sidebar-style":"default","ast-global-header-display":"","ast-banner-title-visibility":"","ast-main-header-display":"","ast-hfb-above-header-display":"","ast-hfb-below-header-display":"","ast-hfb-mobile-header-display":"","site-post-title":"","ast-breadcrumbs-content":"","ast-featured-img":"","footer-sml-layout":"","ast-disable-related-posts":"","theme-transparent-header-meta":"default","adv-header-id-meta":"","stick-header-meta":"","header-above-stick-meta":"","header-main-stick-meta":"","header-below-stick-meta":"","astra-migrate-meta-layouts":"set","ast-page-background-enabled":"default","ast-page-background-meta":{"desktop":{"background-color":"var(--ast-global-color-4)","background-image":"","background-repeat":"repeat","background-position":"center center","background-size":"auto","background-attachment":"scroll","background-type":"","background-media":"","overlay-type":"","overlay-color":"","overlay-opacity":"","overlay-gradient":""},"tablet":{"background-color":"","background-image":"","background-repeat":"repeat","background-position":"center center","background-size":"auto","background-attachment":"scroll","background-type":"","background-media":"","overlay-type":"","overlay-color":"","overlay-opacity":"","overlay-gradient":""},"mobile":{"background-color":"","background-image":"","background-repeat":"repeat","background-position":"center center","background-size":"auto","background-attachment":"scroll","background-type":"","background-media":"","overlay-type":"","overlay-color":"","overlay-opacity":"","overlay-gradient":""}},"ast-content-background-meta":{"desktop":{"background-color":"var(--ast-global-color-5)","background-image":"","background-repeat":"repeat","background-position":"center center","background-size":"auto","background-attachment":"scroll","background-type":"","background-media":"","overlay-type":"","overlay-color":"","overlay-opacity":"","overlay-gradient":""},"tablet":{"background-color":"var(--ast-global-color-5)","background-image":"","background-repeat":"repeat","background-position":"center center","background-size":"auto","background-attachment":"scroll","background-type":"","background-media":"","overlay-type":"","overlay-color":"","overlay-opacity":"","overlay-gradient":""},"mobile":{"background-color":"var(--ast-global-color-5)","background-image":"","background-repeat":"repeat","background-position":"center center","background-size":"auto","background-attachment":"scroll","background-type":"","background-media":"","overlay-type":"","overlay-color":"","overlay-opacity":"","overlay-gradient":""}}},"product_brand":[],"product_cat":[176],"product_tag":[],"class_list":{"0":"post-23165","1":"product","2":"type-product","3":"status-publish","4":"has-post-thumbnail","6":"product_cat-concrete-treatment","7":"desktop-align-left","8":"tablet-align-left","9":"mobile-align-left","11":"first","12":"instock","13":"sale","14":"taxable","15":"shipping-taxable","16":"purchasable","17":"product-type-variable","18":"has-default-attributes"},"spectra_custom_meta":{"_visibility":["visible"],"_shopify_product_id":["9058979643637"],"_s2w_shopify_domain":["ferberpainting.myshopify.com"],"_shopify_variant_id":["46479834382581"],"_sku":[""],"_manage_stock":["no"],"total_sales":["40"],"_tax_status":["taxable"],"_tax_class":[""],"_backorders":["no"],"_sold_individually":["no"],"_virtual":["no"],"_downloadable":["no"],"_download_limit":["-1"],"_download_expiry":["-1"],"_stock":[null],"_stock_status":["instock"],"_wc_average_rating":["4.75"],"_wc_review_count":["8"],"_product_attributes":["a:1:{s:6:\"volume\";a:6:{s:4:\"name\";s:6:\"Volume\";s:5:\"value\";s:20:\"5 liters | 25 liters\";s:8:\"position\";i:1;s:10:\"is_visible\";i:0;s:12:\"is_variation\";i:1;s:11:\"is_taxonomy\";i:0;}}"],"_product_version":["10.5.1"],"_thumbnail_id":["25736"],"_product_image_gallery":["25737"],"wpse_downloadable_file_names":[""],"wpse_downloadable_file_urls":[""],"_edit_last":["1"],"_default_attributes":["a:1:{s:6:\"volume\";s:8:\"5 liters\";}"],"_edit_lock":["1771158767:1"],"merchant-center-availability":["yes"],"merchant-center-category":["2277"],"_price":["29.90","129.90"],"_wp_page_template":["default"],"site-sidebar-layout":["default"],"ast-site-content-layout":["default"],"site-content-style":["default"],"site-sidebar-style":["default"],"theme-transparent-header-meta":["default"],"_wc_rating_count":["a:2:{i:4;i:2;i:5;i:6;}"],"astra-migrate-meta-layouts":["set"],"_uag_css_file_name":["uag-css-23165.css"],"_elementor_page_assets":["a:0:{}"],"_uag_page_assets":["a:9:{s:3:\"css\";s:7133:\".uag-blocks-common-selector{z-index:var(--z-index-desktop) !important}@media(max-width: 976px){.uag-blocks-common-selector{z-index:var(--z-index-tablet) !important}}@media(max-width: 767px){.uag-blocks-common-selector{z-index:var(--z-index-mobile) !important}}.wp-block-uagb-image{display:flex}.wp-block-uagb-image__figure{position:relative;display:flex;flex-direction:column;max-width:100%;height:auto;margin:0}.wp-block-uagb-image__figure img{height:auto;display:flex;max-width:100%;transition:box-shadow .2s ease}.wp-block-uagb-image__figure>a{display:inline-block}.wp-block-uagb-image__figure figcaption{text-align:center;margin-top:.5em;margin-bottom:1em}.wp-block-uagb-image .components-placeholder.block-editor-media-placeholder .components-placeholder__instructions{align-self:center}.wp-block-uagb-image--align-left{text-align:left}.wp-block-uagb-image--align-right{text-align:right}.wp-block-uagb-image--align-center{text-align:center}.wp-block-uagb-image--align-full .wp-block-uagb-image__figure{margin-left:calc(50% - 50vw);margin-right:calc(50% - 50vw);max-width:100vw;width:100vw;height:auto}.wp-block-uagb-image--align-full .wp-block-uagb-image__figure img{height:auto;width:100% !important}.wp-block-uagb-image--align-wide .wp-block-uagb-image__figure img{height:auto;width:100%}.wp-block-uagb-image--layout-overlay__color-wrapper{position:absolute;left:0;top:0;right:0;bottom:0;opacity:.2;background:rgba(0,0,0,.5);transition:opacity .35s ease-in-out}.wp-block-uagb-image--layout-overlay-link{position:absolute;left:0;right:0;bottom:0;top:0}.wp-block-uagb-image--layout-overlay .wp-block-uagb-image__figure:hover .wp-block-uagb-image--layout-overlay__color-wrapper{opacity:1}.wp-block-uagb-image--layout-overlay__inner{position:absolute;left:15px;right:15px;bottom:15px;top:15px;display:flex;align-items:center;justify-content:center;flex-direction:column;border-color:#fff;transition:.35s ease-in-out}.wp-block-uagb-image--layout-overlay__inner.top-left,.wp-block-uagb-image--layout-overlay__inner.top-center,.wp-block-uagb-image--layout-overlay__inner.top-right{justify-content:flex-start}.wp-block-uagb-image--layout-overlay__inner.bottom-left,.wp-block-uagb-image--layout-overlay__inner.bottom-center,.wp-block-uagb-image--layout-overlay__inner.bottom-right{justify-content:flex-end}.wp-block-uagb-image--layout-overlay__inner.top-left,.wp-block-uagb-image--layout-overlay__inner.center-left,.wp-block-uagb-image--layout-overlay__inner.bottom-left{align-items:flex-start}.wp-block-uagb-image--layout-overlay__inner.top-right,.wp-block-uagb-image--layout-overlay__inner.center-right,.wp-block-uagb-image--layout-overlay__inner.bottom-right{align-items:flex-end}.wp-block-uagb-image--layout-overlay__inner .uagb-image-heading{color:#fff;transition:transform .35s,opacity .35s ease-in-out;transform:translate3d(0, 24px, 0);margin:0;line-height:1em}.wp-block-uagb-image--layout-overlay__inner .uagb-image-separator{width:30%;border-top-width:2px;border-top-color:#fff;border-top-style:solid;margin-bottom:10px;opacity:0;transition:transform .4s,opacity .4s ease-in-out;transform:translate3d(0, 30px, 0)}.wp-block-uagb-image--layout-overlay__inner .uagb-image-caption{opacity:0;overflow:visible;color:#fff;transition:transform .45s,opacity .45s ease-in-out;transform:translate3d(0, 35px, 0)}.wp-block-uagb-image--layout-overlay__inner:hover .uagb-image-heading,.wp-block-uagb-image--layout-overlay__inner:hover .uagb-image-separator,.wp-block-uagb-image--layout-overlay__inner:hover .uagb-image-caption{opacity:1;transform:translate3d(0, 0, 0)}.wp-block-uagb-image--effect-zoomin .wp-block-uagb-image__figure img,.wp-block-uagb-image--effect-zoomin .wp-block-uagb-image__figure .wp-block-uagb-image--layout-overlay__color-wrapper{transform:scale(1);transition:transform .35s ease-in-out}.wp-block-uagb-image--effect-zoomin .wp-block-uagb-image__figure:hover img,.wp-block-uagb-image--effect-zoomin .wp-block-uagb-image__figure:hover .wp-block-uagb-image--layout-overlay__color-wrapper{transform:scale(1.05)}.wp-block-uagb-image--effect-slide .wp-block-uagb-image__figure img,.wp-block-uagb-image--effect-slide .wp-block-uagb-image__figure .wp-block-uagb-image--layout-overlay__color-wrapper{width:calc(100% + 40px) !important;max-width:none !important;transform:translate3d(-40px, 0, 0);transition:transform .35s ease-in-out}.wp-block-uagb-image--effect-slide .wp-block-uagb-image__figure:hover img,.wp-block-uagb-image--effect-slide .wp-block-uagb-image__figure:hover .wp-block-uagb-image--layout-overlay__color-wrapper{transform:translate3d(0, 0, 0)}.wp-block-uagb-image--effect-grayscale img{filter:grayscale(0%);transition:.35s ease-in-out}.wp-block-uagb-image--effect-grayscale:hover img{filter:grayscale(100%)}.wp-block-uagb-image--effect-blur img{filter:blur(0);transition:.35s ease-in-out}.wp-block-uagb-image--effect-blur:hover img{filter:blur(3px)}.uagb-block-e6f939b3.wp-block-uagb-image--layout-default figure img{box-shadow: 0px 0px 0 #00000070;}.uagb-block-e6f939b3.wp-block-uagb-image .wp-block-uagb-image__figure figcaption{font-style: normal;align-self: center;}.uagb-block-e6f939b3.wp-block-uagb-image--layout-overlay figure img{box-shadow: 0px 0px 0 #00000070;}.uagb-block-e6f939b3.wp-block-uagb-image--layout-overlay .wp-block-uagb-image--layout-overlay__color-wrapper{opacity: 0.2;}.uagb-block-e6f939b3.wp-block-uagb-image--layout-overlay .wp-block-uagb-image--layout-overlay__inner{left: 15px;right: 15px;top: 15px;bottom: 15px;}.uagb-block-e6f939b3.wp-block-uagb-image--layout-overlay .wp-block-uagb-image--layout-overlay__inner .uagb-image-heading{font-style: normal;color: #fff;opacity: 1;}.uagb-block-e6f939b3.wp-block-uagb-image--layout-overlay .wp-block-uagb-image--layout-overlay__inner .uagb-image-heading a{color: #fff;}.uagb-block-e6f939b3.wp-block-uagb-image--layout-overlay .wp-block-uagb-image--layout-overlay__inner .uagb-image-caption{opacity: 0;}.uagb-block-e6f939b3.wp-block-uagb-image--layout-overlay .wp-block-uagb-image__figure:hover .wp-block-uagb-image--layout-overlay__color-wrapper{opacity: 1;}.uagb-block-e6f939b3.wp-block-uagb-image .wp-block-uagb-image--layout-overlay__inner .uagb-image-separator{width: 30%;border-top-width: 2px;border-top-color: #fff;opacity: 0;}.uagb-block-e6f939b3.wp-block-uagb-image .wp-block-uagb-image__figure img{width: px;height: auto;}.uagb-block-e6f939b3.wp-block-uagb-image .wp-block-uagb-image__figure:hover .wp-block-uagb-image--layout-overlay__inner .uagb-image-caption{opacity: 1;}.uagb-block-e6f939b3.wp-block-uagb-image .wp-block-uagb-image__figure:hover .wp-block-uagb-image--layout-overlay__inner .uagb-image-separator{opacity: 1;}.uagb-block-e6f939b3.wp-block-uagb-image--layout-default figure:hover img{box-shadow: 0px 0px 0 #00000070;}.uagb-block-e6f939b3.wp-block-uagb-image--layout-overlay figure:hover img{box-shadow: 0px 0px 0 #00000070;}@media only screen and (max-width: 976px) {.uagb-block-e6f939b3.wp-block-uagb-image .wp-block-uagb-image__figure img{width: px;height: auto;}}@media only screen and (max-width: 767px) {.uagb-block-e6f939b3.wp-block-uagb-image .wp-block-uagb-image__figure img{width: px;height: auto;}}\";s:2:\"js\";s:0:\"\";s:18:\"current_block_list\";a:13:{i:0;s:11:\"core\/search\";i:1;s:10:\"core\/group\";i:2;s:12:\"core\/heading\";i:3;s:17:\"core\/latest-posts\";i:4;s:20:\"core\/latest-comments\";i:5;s:13:\"core\/archives\";i:6;s:15:\"core\/categories\";i:7;s:14:\"core\/paragraph\";i:8;s:10:\"uagb\/image\";i:9;s:11:\"core\/spacer\";i:10;s:30:\"woocommerce\/product-categories\";i:11;s:10:\"core\/image\";i:12;s:14:\"core\/shortcode\";}s:8:\"uag_flag\";b:1;s:11:\"uag_version\";s:10:\"1777699499\";s:6:\"gfonts\";a:0:{}s:10:\"gfonts_url\";s:0:\"\";s:12:\"gfonts_files\";a:0:{}s:14:\"uag_faq_layout\";b:0;}"]},"uagb_featured_image_src":{"full":["https:\/\/www.ferberpainting.com\/wp-content\/uploads\/2025\/05\/ConcreteandCementPlasticizer5L.png",2560,2560,false],"thumbnail":["https:\/\/www.ferberpainting.com\/wp-content\/uploads\/2025\/05\/ConcreteandCementPlasticizer5L-150x150.png",150,150,true],"medium":["https:\/\/www.ferberpainting.com\/wp-content\/uploads\/2025\/05\/ConcreteandCementPlasticizer5L-300x300.png",300,300,true],"medium_large":["https:\/\/www.ferberpainting.com\/wp-content\/uploads\/2025\/05\/ConcreteandCementPlasticizer5L-768x768.png",768,768,true],"large":["https:\/\/www.ferberpainting.com\/wp-content\/uploads\/2025\/05\/ConcreteandCementPlasticizer5L-1024x1024.png",1024,1024,true],"1536x1536":["https:\/\/www.ferberpainting.com\/wp-content\/uploads\/2025\/05\/ConcreteandCementPlasticizer5L-1536x1536.png",1536,1536,true],"2048x2048":["https:\/\/www.ferberpainting.com\/wp-content\/uploads\/2025\/05\/ConcreteandCementPlasticizer5L-2048x2048.png",2048,2048,true],"trp-custom-language-flag":["https:\/\/www.ferberpainting.com\/wp-content\/uploads\/2025\/05\/ConcreteandCementPlasticizer5L-12x12.png",12,12,true],"woocommerce_thumbnail":["https:\/\/www.ferberpainting.com\/wp-content\/uploads\/2025\/05\/ConcreteandCementPlasticizer5L-300x300.png",300,300,true],"woocommerce_single":["https:\/\/www.ferberpainting.com\/wp-content\/uploads\/2025\/05\/ConcreteandCementPlasticizer5L-600x600.png",600,600,true],"woocommerce_gallery_thumbnail":["https:\/\/www.ferberpainting.com\/wp-content\/uploads\/2025\/05\/ConcreteandCementPlasticizer5L-100x100.png",100,100,true]},"uagb_author_info":{"display_name":"admin","author_link":"https:\/\/www.ferberpainting.com\/lv\/author\/"},"uagb_comment_info":8,"uagb_excerpt":"Improved Workability and Application.\u00a0This plasticizer and fluidifier is designed to optimize the consistency of concrete and cement, making the mixture more fluid and easier to work with, without adding extra water. It improves concrete placement, particularly for complex formwork, slabs, and foundations, ensuring better filling and a more homogeneous finish. Money-back guarantee.\u00a0Because we have absolute&hellip;","_links":{"self":[{"href":"https:\/\/www.ferberpainting.com\/lv\/wp-json\/wp\/v2\/product\/23165","targetHints":{"allow":["GET"]}}],"collection":[{"href":"https:\/\/www.ferberpainting.com\/lv\/wp-json\/wp\/v2\/product"}],"about":[{"href":"https:\/\/www.ferberpainting.com\/lv\/wp-json\/wp\/v2\/types\/product"}],"replies":[{"embeddable":true,"href":"https:\/\/www.ferberpainting.com\/lv\/wp-json\/wp\/v2\/comments?post=23165"}],"version-history":[{"count":4,"href":"https:\/\/www.ferberpainting.com\/lv\/wp-json\/wp\/v2\/product\/23165\/revisions"}],"predecessor-version":[{"id":166079,"href":"https:\/\/www.ferberpainting.com\/lv\/wp-json\/wp\/v2\/product\/23165\/revisions\/166079"}],"wp:featuredmedia":[{"embeddable":true,"href":"https:\/\/www.ferberpainting.com\/lv\/wp-json\/wp\/v2\/media\/25736"}],"wp:attachment":[{"href":"https:\/\/www.ferberpainting.com\/lv\/wp-json\/wp\/v2\/media?parent=23165"}],"wp:term":[{"taxonomy":"product_brand","embeddable":true,"href":"https:\/\/www.ferberpainting.com\/lv\/wp-json\/wp\/v2\/product_brand?post=23165"},{"taxonomy":"product_cat","embeddable":true,"href":"https:\/\/www.ferberpainting.com\/lv\/wp-json\/wp\/v2\/product_cat?post=23165"},{"taxonomy":"product_tag","embeddable":true,"href":"https:\/\/www.ferberpainting.com\/lv\/wp-json\/wp\/v2\/product_tag?post=23165"}],"curies":[{"name":"wp","href":"https:\/\/api.w.org\/{rel}","templated":true}]}}