{"id":23156,"date":"2025-05-26T10:23:03","date_gmt":"2025-05-26T08:23:03","guid":{"rendered":"https:\/\/www.ferberpainting.com\/products\/concrete-and-cement-accelerator\/"},"modified":"2026-02-15T13:33:15","modified_gmt":"2026-02-15T12:33:15","slug":"concrete-and-cement-accelerator","status":"publish","type":"product","link":"https:\/\/www.ferberpainting.com\/lv\/products\/concrete-and-cement-accelerator\/","title":{"rendered":"Sasting\u0161anas pa\u0101trin\u0101t\u0101js betonam un cementam"},"content":{"rendered":"<p><img decoding=\"async\" style=\"margin-right: 12px;\" src=\"https:\/\/www.ferberpainting.com\/wp-content\/uploads\/2026\/02\/Check.svg\" alt=\"\" width=\"18\" height=\"15\" \/><strong>Samazin\u0101ts iestat\u012b\u0161anas laiks.<\/strong>\u00a0\u0160is saciet\u0113\u0161anas pa\u0101trin\u0101t\u0101js ir \u012bpa\u0161i izstr\u0101d\u0101ts, lai iev\u0113rojami sa\u012bsin\u0101tu betona, cementa un javas saciet\u0113\u0161anas laiku, \u013caujot \u0101tr\u0101k veikt darbus un optimiz\u0113t darba procesu b\u016bvlaukumos. Tas ir ide\u0101li piem\u0113rots projektiem, kuros ir b\u016btiski ietaup\u012bt laiku, jo \u012bpa\u0161i aukst\u0101 laik\u0101, kad dabisk\u0101 ciet\u0113\u0161ana pal\u0113nin\u0101s.<\/p>\n<p><img decoding=\"async\" style=\"margin-right: 12px;\" src=\"https:\/\/www.ferberpainting.com\/wp-content\/uploads\/2026\/02\/Check.svg\" alt=\"\" width=\"18\" height=\"15\" \/><strong>Naudas atmaksas garantija.<\/strong>\u00a0M\u0113s esam p\u0101rliecin\u0101ti par m\u016bsu iestat\u012b\u0161anas pa\u0101trin\u0101t\u0101ja efektivit\u0101ti un pied\u0101v\u0101jam naudas atmaksas garantiju. Ja produkts neatbild\u012bs j\u016bsu gaid\u012btajam, j\u016bs varat piepras\u012bt atmaks\u0101t naudu bez nosac\u012bjumiem, t\u0101d\u0113j\u0101di nodro\u0161inot piln\u012bgi dro\u0161u un bezriska pirkumu.<\/p>\n<p><img decoding=\"async\" style=\"margin-right: 12px;\" src=\"https:\/\/www.ferberpainting.com\/wp-content\/uploads\/2026\/02\/Check.svg\" alt=\"\" width=\"18\" height=\"15\" \/><strong>Univers\u0101ls da\u017e\u0101diem materi\u0101liem.<\/strong>\u00a0\u0160is pa\u0101trin\u0101t\u0101js ir sader\u012bgs ar da\u017e\u0101diem materi\u0101liem, tostarp betonu, cementu un javu. Tas ir piem\u0113rots standarta m\u016br\u0113\u0161anas darbiem, k\u0101 ar\u012b specifisk\u0101kiem pielietojumiem, piem\u0113ram, priek\u0161darbiem, \u0101triem remontdarbiem, segumiem un pl\u0101tn\u0113m, kam nepiecie\u0161ama \u0101tra saciet\u0113\u0161ana.<\/p>\n<p><img decoding=\"async\" style=\"margin-right: 12px;\" src=\"https:\/\/www.ferberpainting.com\/wp-content\/uploads\/2026\/02\/Check.svg\" alt=\"\" width=\"18\" height=\"15\" \/><strong>Optim\u0101la izmaksu zi\u0146\u0101 efekt\u012bva veiktsp\u0113ja.<\/strong>\u00a0Pateicoties augstajai koncentr\u0101cijai, ir nepiecie\u0161ams tikai neliels pa\u0101trin\u0101t\u0101ja daudzums, lai pan\u0101ktu iev\u0113rojamu efektu. Vid\u0113ji pietiek ar 0,5 l\u012bdz 2 litriem produkta, lai pa\u0101trin\u0101tu 100 kg cementa saciet\u0113\u0161anu, nodro\u0161inot lielisku cenas un kvalit\u0101tes attiec\u012bbu. T\u0101 regul\u0113jam\u0101 deva \u013cauj optimiz\u0113t lieto\u0161anu atkar\u012bb\u0101 no klimatiskajiem apst\u0101k\u013ciem un b\u016bvlaukuma pras\u012bb\u0101m.<\/p>\n<p><img decoding=\"async\" style=\"margin-right: 12px;\" src=\"https:\/\/www.ferberpainting.com\/wp-content\/uploads\/2026\/02\/Check.svg\" alt=\"\" width=\"18\" height=\"15\" \/><strong>Dro\u0161\u012bba un netoksicit\u0101te.<\/strong>\u00a0Izstr\u0101d\u0101ts dro\u0161ai lieto\u0161anai, \u0161is pa\u0101trin\u0101t\u0101js nesatur toksiskas vielas un nerada risku darba \u0146\u0113m\u0113ju vesel\u012bbai vai videi. Tas neizdala kait\u012bgus tvaikus, un to var dro\u0161i lietot gan telp\u0101s, gan \u0101rpus t\u0101m.<\/p>\n<p><img decoding=\"async\" style=\"margin-right: 12px;\" src=\"https:\/\/www.ferberpainting.com\/wp-content\/uploads\/2026\/02\/Check.svg\" alt=\"\" width=\"18\" height=\"15\" \/><strong>Lieto\u0161anas \u0113rtums.<\/strong>\u00a0\u0160o produktu ir \u013coti viegli lietot, un tam nav nepiecie\u0161ams \u012bpa\u0161s apr\u012bkojums. To var pievienot tie\u0161i mais\u012b\u0161anas \u016bdenim vai sajaukt ar betonu vai javu sagatavo\u0161anas laik\u0101. Prec\u012bzs doz\u0113jums nodro\u0161ina \u0101tru un efekt\u012bvu lieto\u0161anu pat nepieredz\u0113ju\u0161iem lietot\u0101jiem.<\/p>\n<p><img decoding=\"async\" style=\"margin-right: 12px;\" src=\"https:\/\/www.ferberpainting.com\/wp-content\/uploads\/2026\/02\/Check.svg\" alt=\"\" width=\"18\" height=\"15\" \/><strong>Uzlabota iztur\u012bba.<\/strong>\u00a0Pa\u0101trinot saciet\u0113\u0161anas laiku, \u0161is produkts veicina vienm\u0113r\u012bg\u0101ku saciet\u0113\u0161anu un uzlabo betona meh\u0101nisko iztur\u012bbu. Tas samazina plaisu ra\u0161an\u0101s risku, kas saist\u012bts ar sasal\u0161anas un atku\u0161\u0146a cikliem, un optimiz\u0113 gal\u012bgo strukt\u016bru, nodro\u0161inot liel\u0101ku pabeigto darbu ilgm\u016b\u017e\u012bbu.<\/p>\n<p><img decoding=\"async\" style=\"margin-right: 12px;\" src=\"https:\/\/www.ferberpainting.com\/wp-content\/uploads\/2026\/02\/Check.svg\" alt=\"\" width=\"18\" height=\"15\" \/><strong>\u0100rk\u0101rt\u012bgs laika ietaup\u012bjums.<\/strong>\u00a0\u0160is pa\u0101trin\u0101t\u0101js ir \u012bpa\u0161i piem\u0113rots situ\u0101cij\u0101s, kad nepiecie\u0161ama \u0101tra betona vai cementa \u017e\u016b\u0161ana, iev\u0113rojami samazinot gaid\u012b\u0161anas laiku starp b\u016bvniec\u012bbas posmiem. Tas \u013cauj \u0101tr\u0101k no\u0146emt veid\u0146us, \u0101tr\u0101k iekraut pl\u0101tnes un garant\u0113 liel\u0101ku efektivit\u0101ti, \u012bpa\u0161i steidzamu darbu gad\u012bjum\u0101.<\/p>\n<h2><strong>Lieto\u0161anas protokols<\/strong><\/h2>\n<ul>\n<li><strong>Ieteicam\u0101 deva :<\/strong> Atkar\u012bb\u0101 no v\u0113lam\u0101 pa\u0101trin\u0101juma l\u012bme\u0146a un \u0101r\u0113jiem apst\u0101k\u013ciem uz 100 kg cementa izmantojiet no 0,5 l l\u012bdz 2 l pa\u0101trin\u0101t\u0101ja. Liel\u0101ku devu ieteicams lietot aukst\u0101 laik\u0101 vai tad, ja ir nepiecie\u0161ama \u0101tra saciet\u0113\u0161ana.<\/li>\n<li><strong>Sajauk\u0161anas integr\u0101cija :<\/strong> Pievienojiet pa\u0101trin\u0101t\u0101ju tie\u0161i mais\u012b\u0161anas \u016bdenim pirms ielejot to beton\u0101 vai javai. To var ar\u012b pak\u0101peniski pievienot mais\u012b\u0161anas laik\u0101, lai nodro\u0161in\u0101tu lab\u0101ku produkta homogeniz\u0101ciju.<\/li>\n<li><strong>Efekt\u012bva sajauk\u0161ana :<\/strong> Visus komponentus sajauc vismaz 3 l\u012bdz 5 min\u016btes, lai nodro\u0161in\u0101tu vienm\u0113r\u012bgu sadal\u012bjumu un nov\u0113rstu produkta p\u0101rm\u0113r\u012bgu koncentr\u0101ciju uz vietas.<\/li>\n<li><strong>Curing kontrole :<\/strong> P\u0113c beton\u0113\u0161anas p\u0101rbaudiet betona saciet\u0113\u0161anu, \u0146emot v\u0113r\u0101 apk\u0101rt\u0113j\u0101s vides apst\u0101k\u013cus (temperat\u016bra, mitrums), jo pa\u0101trino\u0161\u0101 iedarb\u012bba var main\u012bties atkar\u012bb\u0101 no apst\u0101k\u013ciem.<\/li>\n<li><strong>Uzkl\u0101\u0161ana un apdare :<\/strong> Kad mais\u012bjums ir gatavs, nekav\u0113joties s\u0101ciet to uzkl\u0101t. Pa\u0101trin\u0101t\u0101 saciet\u0113\u0161ana prasa \u0101tru izpildi, lai nov\u0113rstu priek\u0161laic\u012bgu saciet\u0113\u0161anu mais\u012bt\u0101j\u0101 vai betona partij\u0101.<\/li>\n<li><strong>Instrumentu t\u012br\u012b\u0161ana :<\/strong> P\u0113c lieto\u0161anas r\u016bp\u012bgi izskalojiet instrumentus un traukus, lai nov\u0113rstu saciet\u0113ju\u0161a betona atlikumu veido\u0161anos un saglab\u0101tu to ilgm\u016b\u017e\u012bbu.<\/li>\n<\/ul>","protected":false},"excerpt":{"rendered":"<p>Reduced Setting Time.\u00a0This setting accelerator is specially designed to significantly shorten the curing time of concrete, cement, and mortar, enabling faster application and optimizing workflow on construction sites. It is ideal for projects where time savings are crucial, especially in cold weather when natural setting slows down. Money-back Guarantee.\u00a0We are confident in the effectiveness of [&hellip;]<\/p>\n","protected":false},"featured_media":25731,"comment_status":"open","ping_status":"closed","template":"","meta":{"_uag_custom_page_level_css":"","site-sidebar-layout":"default","site-content-layout":"","ast-site-content-layout":"default","site-content-style":"default","site-sidebar-style":"default","ast-global-header-display":"","ast-banner-title-visibility":"","ast-main-header-display":"","ast-hfb-above-header-display":"","ast-hfb-below-header-display":"","ast-hfb-mobile-header-display":"","site-post-title":"","ast-breadcrumbs-content":"","ast-featured-img":"","footer-sml-layout":"","ast-disable-related-posts":"","theme-transparent-header-meta":"default","adv-header-id-meta":"","stick-header-meta":"","header-above-stick-meta":"","header-main-stick-meta":"","header-below-stick-meta":"","astra-migrate-meta-layouts":"set","ast-page-background-enabled":"default","ast-page-background-meta":{"desktop":{"background-color":"var(--ast-global-color-4)","background-image":"","background-repeat":"repeat","background-position":"center center","background-size":"auto","background-attachment":"scroll","background-type":"","background-media":"","overlay-type":"","overlay-color":"","overlay-opacity":"","overlay-gradient":""},"tablet":{"background-color":"","background-image":"","background-repeat":"repeat","background-position":"center center","background-size":"auto","background-attachment":"scroll","background-type":"","background-media":"","overlay-type":"","overlay-color":"","overlay-opacity":"","overlay-gradient":""},"mobile":{"background-color":"","background-image":"","background-repeat":"repeat","background-position":"center center","background-size":"auto","background-attachment":"scroll","background-type":"","background-media":"","overlay-type":"","overlay-color":"","overlay-opacity":"","overlay-gradient":""}},"ast-content-background-meta":{"desktop":{"background-color":"var(--ast-global-color-5)","background-image":"","background-repeat":"repeat","background-position":"center center","background-size":"auto","background-attachment":"scroll","background-type":"","background-media":"","overlay-type":"","overlay-color":"","overlay-opacity":"","overlay-gradient":""},"tablet":{"background-color":"var(--ast-global-color-5)","background-image":"","background-repeat":"repeat","background-position":"center center","background-size":"auto","background-attachment":"scroll","background-type":"","background-media":"","overlay-type":"","overlay-color":"","overlay-opacity":"","overlay-gradient":""},"mobile":{"background-color":"var(--ast-global-color-5)","background-image":"","background-repeat":"repeat","background-position":"center center","background-size":"auto","background-attachment":"scroll","background-type":"","background-media":"","overlay-type":"","overlay-color":"","overlay-opacity":"","overlay-gradient":""}}},"product_brand":[],"product_cat":[176],"product_tag":[],"class_list":{"0":"post-23156","1":"product","2":"type-product","3":"status-publish","4":"has-post-thumbnail","6":"product_cat-concrete-treatment","7":"desktop-align-left","8":"tablet-align-left","9":"mobile-align-left","11":"first","12":"instock","13":"sale","14":"shipping-taxable","15":"purchasable","16":"product-type-variable","17":"has-default-attributes"},"spectra_custom_meta":{"_visibility":["visible"],"_shopify_product_id":["9058933833973"],"_s2w_shopify_domain":["ferberpainting.myshopify.com"],"_shopify_variant_id":["46479732900085"],"_sku":[""],"_manage_stock":["no"],"total_sales":["33"],"_tax_status":["taxable"],"_tax_class":[""],"_backorders":["no"],"_sold_individually":["no"],"_virtual":["no"],"_downloadable":["no"],"_download_limit":["-1"],"_download_expiry":["-1"],"_stock":[null],"_stock_status":["instock"],"_wc_average_rating":["4.86"],"_wc_review_count":["7"],"_product_attributes":["a:1:{s:6:\"volume\";a:6:{s:4:\"name\";s:6:\"Volume\";s:5:\"value\";s:20:\"5 liters | 25 liters\";s:8:\"position\";i:1;s:10:\"is_visible\";i:0;s:12:\"is_variation\";i:1;s:11:\"is_taxonomy\";i:0;}}"],"_product_version":["10.5.1"],"_thumbnail_id":["25731"],"_product_image_gallery":["25732"],"wpse_downloadable_file_names":[""],"wpse_downloadable_file_urls":[""],"_edit_last":["1"],"_default_attributes":["a:1:{s:6:\"volume\";s:8:\"5 liters\";}"],"_edit_lock":["1771158656:1"],"_price":["29.90","129.90"],"merchant-center-availability":["yes"],"merchant-center-category":["2277"],"_wp_page_template":["default"],"site-sidebar-layout":["default"],"ast-site-content-layout":["default"],"site-content-style":["default"],"site-sidebar-style":["default"],"theme-transparent-header-meta":["default"],"_wc_rating_count":["a:2:{i:4;i:1;i:5;i:6;}"],"astra-migrate-meta-layouts":["set"],"_uag_css_file_name":["uag-css-23156.css"],"_elementor_page_assets":["a:0:{}"]},"uagb_featured_image_src":{"full":["https:\/\/www.ferberpainting.com\/wp-content\/uploads\/2025\/05\/ConcreteandCementAccelerator5L.png",2560,2560,false],"thumbnail":["https:\/\/www.ferberpainting.com\/wp-content\/uploads\/2025\/05\/ConcreteandCementAccelerator5L-150x150.png",150,150,true],"medium":["https:\/\/www.ferberpainting.com\/wp-content\/uploads\/2025\/05\/ConcreteandCementAccelerator5L-300x300.png",300,300,true],"medium_large":["https:\/\/www.ferberpainting.com\/wp-content\/uploads\/2025\/05\/ConcreteandCementAccelerator5L-768x768.png",768,768,true],"large":["https:\/\/www.ferberpainting.com\/wp-content\/uploads\/2025\/05\/ConcreteandCementAccelerator5L-1024x1024.png",1024,1024,true],"1536x1536":["https:\/\/www.ferberpainting.com\/wp-content\/uploads\/2025\/05\/ConcreteandCementAccelerator5L-1536x1536.png",1536,1536,true],"2048x2048":["https:\/\/www.ferberpainting.com\/wp-content\/uploads\/2025\/05\/ConcreteandCementAccelerator5L-2048x2048.png",2048,2048,true],"trp-custom-language-flag":["https:\/\/www.ferberpainting.com\/wp-content\/uploads\/2025\/05\/ConcreteandCementAccelerator5L-12x12.png",12,12,true],"woocommerce_thumbnail":["https:\/\/www.ferberpainting.com\/wp-content\/uploads\/2025\/05\/ConcreteandCementAccelerator5L-300x300.png",300,300,true],"woocommerce_single":["https:\/\/www.ferberpainting.com\/wp-content\/uploads\/2025\/05\/ConcreteandCementAccelerator5L-600x600.png",600,600,true],"woocommerce_gallery_thumbnail":["https:\/\/www.ferberpainting.com\/wp-content\/uploads\/2025\/05\/ConcreteandCementAccelerator5L-100x100.png",100,100,true]},"uagb_author_info":{"display_name":"admin","author_link":"https:\/\/www.ferberpainting.com\/lv\/author\/"},"uagb_comment_info":7,"uagb_excerpt":"Reduced Setting Time.\u00a0This setting accelerator is specially designed to significantly shorten the curing time of concrete, cement, and mortar, enabling faster application and optimizing workflow on construction sites. It is ideal for projects where time savings are crucial, especially in cold weather when natural setting slows down. Money-back Guarantee.\u00a0We are confident in the effectiveness of&hellip;","_links":{"self":[{"href":"https:\/\/www.ferberpainting.com\/lv\/wp-json\/wp\/v2\/product\/23156","targetHints":{"allow":["GET"]}}],"collection":[{"href":"https:\/\/www.ferberpainting.com\/lv\/wp-json\/wp\/v2\/product"}],"about":[{"href":"https:\/\/www.ferberpainting.com\/lv\/wp-json\/wp\/v2\/types\/product"}],"replies":[{"embeddable":true,"href":"https:\/\/www.ferberpainting.com\/lv\/wp-json\/wp\/v2\/comments?post=23156"}],"version-history":[{"count":5,"href":"https:\/\/www.ferberpainting.com\/lv\/wp-json\/wp\/v2\/product\/23156\/revisions"}],"predecessor-version":[{"id":166075,"href":"https:\/\/www.ferberpainting.com\/lv\/wp-json\/wp\/v2\/product\/23156\/revisions\/166075"}],"wp:featuredmedia":[{"embeddable":true,"href":"https:\/\/www.ferberpainting.com\/lv\/wp-json\/wp\/v2\/media\/25731"}],"wp:attachment":[{"href":"https:\/\/www.ferberpainting.com\/lv\/wp-json\/wp\/v2\/media?parent=23156"}],"wp:term":[{"taxonomy":"product_brand","embeddable":true,"href":"https:\/\/www.ferberpainting.com\/lv\/wp-json\/wp\/v2\/product_brand?post=23156"},{"taxonomy":"product_cat","embeddable":true,"href":"https:\/\/www.ferberpainting.com\/lv\/wp-json\/wp\/v2\/product_cat?post=23156"},{"taxonomy":"product_tag","embeddable":true,"href":"https:\/\/www.ferberpainting.com\/lv\/wp-json\/wp\/v2\/product_tag?post=23156"}],"curies":[{"name":"wp","href":"https:\/\/api.w.org\/{rel}","templated":true}]}}