{"id":23148,"date":"2025-07-01T17:48:14","date_gmt":"2025-07-01T15:48:14","guid":{"rendered":"https:\/\/www.ferberpainting.com\/?post_type=product&#038;p=23148"},"modified":"2026-02-20T08:44:43","modified_gmt":"2026-02-20T07:44:43","slug":"coffee-machine-descaler-and-cleaner","status":"publish","type":"product","link":"https:\/\/www.ferberpainting.com\/lv\/products\/coffee-machine-descaler-and-cleaner\/","title":{"rendered":"Kafijas autom\u0101ta ka\u013c\u0137akmens no\u0146\u0113m\u0113js un t\u012br\u012b\u0161anas l\u012bdzeklis"},"content":{"rendered":"<p><img decoding=\"async\" style=\"margin-right: 12px;\" src=\"https:\/\/www.ferberpainting.com\/wp-content\/uploads\/2026\/02\/Check.svg\" alt=\"\" width=\"18\" height=\"15\" \/><strong>Optim\u0101la efektivit\u0101te.<\/strong>\u00a0\u0160is kafijas autom\u0101ta atka\u013c\u0137ot\u0101js un t\u012br\u012b\u0161anas l\u012bdzeklis efekt\u012bvi likvid\u0113 ka\u013c\u0137akmeni, miner\u0101lu nogulsnes un kafijas nogulsnes, kas veidojas autom\u0101ta iek\u0161pus\u0113. Tas nodro\u0161ina optim\u0101lu veiktsp\u0113ju, vienlaikus saglab\u0101jot ekstrakcijas kvalit\u0101ti, nov\u0113r\u0161ot iek\u0161\u0113j\u0101s \u0137\u0113des aizs\u0113r\u0113jumu rad\u012btos blo\u0137\u0113jumus un boj\u0101jumus. Pateicoties sp\u0113c\u012bgajai t\u012br\u012b\u0161anas iedarb\u012bbai, tas pagarina kafijas autom\u0101ta kalpo\u0161anas laiku un garant\u0113 perfektu gar\u0161u katr\u0101 tas\u012bt\u0113.<\/p>\n<p><strong><img decoding=\"async\" style=\"margin-right: 12px;\" src=\"https:\/\/www.ferberpainting.com\/wp-content\/uploads\/2026\/02\/Check.svg\" alt=\"\" width=\"18\" height=\"15\" \/>Naudas atmaksas garantija.<\/strong>\u00a0M\u0113s esam piln\u012bb\u0101 p\u0101rliecin\u0101ti par m\u016bsu produkta efektivit\u0101ti. Ja p\u0113c lieto\u0161anas neesat piln\u012bb\u0101 apmierin\u0101ts, jums ir ties\u012bbas sa\u0146emt pilnu kompens\u0101ciju. Izm\u0113\u0123iniet \u0161o attauko\u0161anas l\u012bdzekli piln\u012bgi mier\u012bgi un bez riska.<\/p>\n<p><img decoding=\"async\" style=\"margin-right: 12px;\" src=\"https:\/\/www.ferberpainting.com\/wp-content\/uploads\/2026\/02\/Check.svg\" alt=\"\" width=\"18\" height=\"15\" \/><strong>Izcila daudzpus\u012bba.<\/strong>\u00a0\u0160is produkts nav paredz\u0113ts tikai m\u0101jsaimniec\u012bbas kafijas autom\u0101tiem! Tas darbojas ar\u012b ar espresso kafijas autom\u0101tiem, perkolatoriem, kapsulu sist\u0113m\u0101m, autom\u0101tiskajiem autom\u0101tiem ar dzirnavi\u0146\u0101m un t\u0113jkann\u0101m. Tas ir sader\u012bgs ar da\u017e\u0101diem materi\u0101liem, piem\u0113ram, ner\u016bs\u0113jo\u0161o t\u0113raudu, alum\u012bniju, plastmasu un stiklu, nodro\u0161inot nevainojamu t\u012br\u012bbu bez korozijas vai iek\u0161\u0113jo komponentu boj\u0101jumu riska.<\/p>\n<p><img decoding=\"async\" style=\"margin-right: 12px;\" src=\"https:\/\/www.ferberpainting.com\/wp-content\/uploads\/2026\/02\/Check.svg\" alt=\"\" width=\"18\" height=\"15\" \/><strong>Rentabilit\u0101te.<\/strong>\u00a0Pateicoties 5 litru tilpumam un lieto\u0161anai gatavai formulai, \u0161is atka\u013c\u0137ot\u0101js nodro\u0161ina lielisku ra\u017e\u012bgumu. Viens litrs \u013cauj veikt vair\u0101kus t\u012br\u012b\u0161anas ciklus, nodro\u0161inot ilgtermi\u0146a lieto\u0161anu un vienlaikus samazinot uztur\u0113\u0161anas izmaksas. Vid\u0113ji 250 ml ir pietiekami pilnam ka\u013c\u0137akmens no\u0146em\u0161anas procesam, kas noz\u012bm\u0113, ka viena tvertne nodro\u0161ina l\u012bdz pat 20 t\u012br\u012b\u0161anas cikliem, t\u0101d\u0113j\u0101di optimiz\u0113jot j\u016bsu bud\u017eetu.<\/p>\n<p><img decoding=\"async\" style=\"margin-right: 12px;\" src=\"https:\/\/www.ferberpainting.com\/wp-content\/uploads\/2026\/02\/Check.svg\" alt=\"\" width=\"18\" height=\"15\" \/><strong>Dro\u0161a lieto\u0161ana.<\/strong>\u00a0\u0160is t\u012br\u012b\u0161anas l\u012bdzeklis ir izstr\u0101d\u0101ts t\u0101, lai tas b\u016btu dro\u0161s j\u016bsu vesel\u012bbai. Tas nesatur toksiskas vielas vai m\u0101ksl\u012bgas smar\u017evielas, kas var\u0113tu main\u012bt j\u016bsu kafijas gar\u0161u. P\u0113c skalo\u0161anas tas neatst\u0101j \u0137\u012bmisku vielu atliekas, nodro\u0161inot dro\u0161u un t\u012bru pat\u0113ri\u0146u p\u0113c lieto\u0161anas.<\/p>\n<p><img decoding=\"async\" style=\"margin-right: 12px;\" src=\"https:\/\/www.ferberpainting.com\/wp-content\/uploads\/2026\/02\/Check.svg\" alt=\"\" width=\"18\" height=\"15\" \/><strong>Lieto\u0161anas \u0113rtums.<\/strong>\u00a0\u0160is produkts ir gatavs lieto\u0161anai, un to nav nepiecie\u0161ams at\u0161\u0137aid\u012bt vai sagatavot. Vienk\u0101r\u0161i ielejiet vajadz\u012bgo daudzumu tie\u0161i ma\u0161\u012bnas \u016bdens tvertn\u0113 un s\u0101ciet t\u012br\u012b\u0161anas ciklu. T\u0101 intuit\u012bv\u0101 lieto\u0161ana \u013cauj veikt efekt\u012bvu t\u012br\u012b\u0161anu tikai da\u017eos so\u013cos bez sare\u017e\u0123\u012bt\u0101m proced\u016br\u0101m.<\/p>\n<p><img decoding=\"async\" style=\"margin-right: 12px;\" src=\"https:\/\/www.ferberpainting.com\/wp-content\/uploads\/2026\/02\/Check.svg\" alt=\"\" width=\"18\" height=\"15\" \/><strong>Ilgnotur\u012bga aizsardz\u012bba.<\/strong>\u00a0Regul\u0101ra kafijas autom\u0101ta t\u012br\u012b\u0161ana no ka\u013c\u0137akmens iev\u0113rojami paildzina t\u0101 kalpo\u0161anas laiku. No\u0146emot ka\u013c\u0137akmeni un nos\u0113dumus, tas nov\u0113r\u0161 komponentu priek\u0161laic\u012bgu nolieto\u0161anos un samazina ener\u0123ijas pat\u0113ri\u0146u, nodro\u0161inot optim\u0101lu \u016bdens pl\u016bsmu. Labi uztur\u0113ts kafijas autom\u0101ts darbojas ilg\u0101k un efekt\u012bv\u0101k.<\/p>\n<p><img decoding=\"async\" style=\"margin-right: 12px;\" src=\"https:\/\/www.ferberpainting.com\/wp-content\/uploads\/2026\/02\/Check.svg\" alt=\"\" width=\"18\" height=\"15\" \/><strong>\u0100tra darb\u012bba.<\/strong>\u00a0Tikl\u012bdz tas non\u0101k sist\u0113m\u0101, \u0161is t\u012br\u012b\u0161anas l\u012bdzeklis nekav\u0113joties s\u0101k no\u0101rd\u012bt ka\u013c\u0137akmeni un nogulsnes. Tikai da\u017eu min\u016b\u0161u laik\u0101 tas efekt\u012bvi iz\u0161\u0137\u012bdina nogulsnes, neprasot ilgsto\u0161u m\u0113rc\u0113\u0161anu. Ide\u0101li piem\u0113rots \u0101trai un efekt\u012bvai t\u012br\u012b\u0161anai, tas atjauno j\u016bsu iek\u0101rtas maksim\u0101lo st\u0101vokli rekord\u012bs\u0101 laik\u0101.<\/p>\n<h2><strong>Lieto\u0161anas instrukcijas<\/strong><\/h2>\n<ul>\n<li><strong>Sagatavo\u0161ana <\/strong>: Pirms produkta lieto\u0161anas p\u0101rliecinieties, ka kafijas autom\u0101ta \u016bdens tvertne ir tuk\u0161a.<\/li>\n<li><strong>Doz\u0113\u0161ana <\/strong>: Ielejiet 250 ml atka\u013c\u0137o\u0161anas l\u012bdzek\u013ca tie\u0161i tvertn\u0113, p\u0113c tam piepildiet to ar \u016bdeni l\u012bdz maksim\u0101lajai ma\u0161\u012bnas ietilp\u012bbai.<\/li>\n<li><strong>Darb\u012bbas uzs\u0101k\u0161ana <\/strong>: Palaidiet t\u012br\u012b\u0161anas ciklu vai pagatavo\u0161anas ciklu bez kafijas, lai \u0161\u0137\u012bdums var\u0113tu cirkul\u0113t sist\u0113m\u0101 un iz\u0161\u0137\u012bdin\u0101t ka\u013c\u0137akmens nogulsnes.<\/li>\n<li><strong>Pauzes un darb\u012bbas laiks <\/strong>: P\u0113c pirm\u0101s pl\u016bsmas p\u0101rtrauciet ciklu un \u013caujiet produktam nost\u0101v\u0113ties 10 min\u016btes, lai pastiprin\u0101tu t\u0101 iedarb\u012bbu uz cietiem nos\u0113dumiem.<\/li>\n<li><strong>Skalo\u0161ana <\/strong>: Iztuk\u0161ojiet tvertni un r\u016bp\u012bgi izskalojiet ar t\u012bru \u016bdeni. Piepildiet tvertni ar t\u012bru \u016bdeni un veiciet vienu vai divus pilnus skalo\u0161anas ciklus, lai likvid\u0113tu visas produkta p\u0113das.<\/li>\n<li><strong>Lieto\u0161anas bie\u017eums <\/strong>: Izmantojiet \u0161o atka\u013c\u0137ot\u0101ju un t\u012br\u012b\u0161anas l\u012bdzekli reizi m\u0113nes\u012b, ja ma\u0161\u012bna tiek izmantota katru dienu, vai tikl\u012bdz samazin\u0101s \u016bdens pl\u016bsma vai par\u0101d\u0101s redzams ka\u013c\u0137akmens.<\/li>\n<li><strong>Uzglab\u0101\u0161ana <\/strong>: Lai saglab\u0101tu visas produkta \u012bpa\u0161\u012bbas, uzglab\u0101jiet trauku cie\u0161i nosl\u0113gtu v\u0113s\u0101, saus\u0101 viet\u0101, pasarg\u0101tu no gaismas un p\u0101rm\u0113r\u012bgas temperat\u016bras.<\/li>\n<\/ul>\n<p>Izmantojot m\u016bsu kafijas autom\u0101tu atka\u013c\u0137ot\u0101ju un t\u012br\u012b\u0161anas l\u012bdzekli, nodro\u0161iniet optim\u0101lu kafijas autom\u0101ta apkopi un katru reizi pagatavojiet gardu kafiju, neietekm\u0113jot t\u0101s gar\u0161u vai veiktsp\u0113ju.<\/p>","protected":false},"excerpt":{"rendered":"<p>Optimal effectiveness.\u00a0This coffee machine descaler and cleaner effectively removes limescale, mineral deposits, and coffee residues that build up inside your machine. It ensures optimal performance while preserving the quality of extraction, avoiding blockages and breakdowns caused by internal circuit build-up. Thanks to its powerful cleaning action, it extends the lifespan of your coffee machine and [&hellip;]<\/p>\n","protected":false},"featured_media":36520,"comment_status":"open","ping_status":"closed","template":"","meta":{"_uag_custom_page_level_css":"","site-sidebar-layout":"default","site-content-layout":"","ast-site-content-layout":"default","site-content-style":"default","site-sidebar-style":"default","ast-global-header-display":"","ast-banner-title-visibility":"","ast-main-header-display":"","ast-hfb-above-header-display":"","ast-hfb-below-header-display":"","ast-hfb-mobile-header-display":"","site-post-title":"","ast-breadcrumbs-content":"","ast-featured-img":"","footer-sml-layout":"","ast-disable-related-posts":"","theme-transparent-header-meta":"default","adv-header-id-meta":"","stick-header-meta":"","header-above-stick-meta":"","header-main-stick-meta":"","header-below-stick-meta":"","astra-migrate-meta-layouts":"set","ast-page-background-enabled":"default","ast-page-background-meta":{"desktop":{"background-color":"var(--ast-global-color-4)","background-image":"","background-repeat":"repeat","background-position":"center center","background-size":"auto","background-attachment":"scroll","background-type":"","background-media":"","overlay-type":"","overlay-color":"","overlay-opacity":"","overlay-gradient":""},"tablet":{"background-color":"","background-image":"","background-repeat":"repeat","background-position":"center center","background-size":"auto","background-attachment":"scroll","background-type":"","background-media":"","overlay-type":"","overlay-color":"","overlay-opacity":"","overlay-gradient":""},"mobile":{"background-color":"","background-image":"","background-repeat":"repeat","background-position":"center center","background-size":"auto","background-attachment":"scroll","background-type":"","background-media":"","overlay-type":"","overlay-color":"","overlay-opacity":"","overlay-gradient":""}},"ast-content-background-meta":{"desktop":{"background-color":"var(--ast-global-color-5)","background-image":"","background-repeat":"repeat","background-position":"center center","background-size":"auto","background-attachment":"scroll","background-type":"","background-media":"","overlay-type":"","overlay-color":"","overlay-opacity":"","overlay-gradient":""},"tablet":{"background-color":"var(--ast-global-color-5)","background-image":"","background-repeat":"repeat","background-position":"center center","background-size":"auto","background-attachment":"scroll","background-type":"","background-media":"","overlay-type":"","overlay-color":"","overlay-opacity":"","overlay-gradient":""},"mobile":{"background-color":"var(--ast-global-color-5)","background-image":"","background-repeat":"repeat","background-position":"center center","background-size":"auto","background-attachment":"scroll","background-type":"","background-media":"","overlay-type":"","overlay-color":"","overlay-opacity":"","overlay-gradient":""}}},"product_brand":[],"product_cat":[175],"product_tag":[],"class_list":{"0":"post-23148","1":"product","2":"type-product","3":"status-publish","4":"has-post-thumbnail","6":"product_cat-cleaning-products","7":"desktop-align-left","8":"tablet-align-left","9":"mobile-align-left","11":"first","12":"instock","13":"sale","14":"shipping-taxable","15":"purchasable","16":"product-type-variable","17":"has-default-attributes"},"spectra_custom_meta":{"_visibility":["visible"],"_shopify_product_id":["9101732872437"],"_s2w_shopify_domain":["ferberpainting.myshopify.com"],"_shopify_variant_id":["46613258043637"],"_sku":[""],"_manage_stock":["no"],"total_sales":["29"],"_tax_status":["taxable"],"_tax_class":[""],"_backorders":["no"],"_sold_individually":["no"],"_virtual":["no"],"_downloadable":["no"],"_download_limit":["-1"],"_download_expiry":["-1"],"_stock":[null],"_stock_status":["instock"],"_wc_average_rating":["5.00"],"_wc_review_count":["37"],"_product_attributes":["a:1:{s:6:\"volume\";a:6:{s:4:\"name\";s:6:\"Volume\";s:5:\"value\";s:20:\"5 liters | 25 liters\";s:8:\"position\";i:1;s:10:\"is_visible\";i:0;s:12:\"is_variation\";i:1;s:11:\"is_taxonomy\";i:0;}}"],"_product_version":["10.5.2"],"wpse_downloadable_file_names":[""],"wpse_downloadable_file_urls":[""],"_edit_last":["1"],"_default_attributes":["a:1:{s:6:\"volume\";s:8:\"5 liters\";}"],"_edit_lock":["1771573346:1"],"_price":["29.90","129.90"],"merchant-center-availability":["yes"],"merchant-center-category":["500065"],"_thumbnail_id":["36520"],"_wp_page_template":["default"],"_wp_old_date":["2025-05-26"],"_product_image_gallery":["36522"],"site-sidebar-layout":["default"],"ast-site-content-layout":["default"],"site-content-style":["default"],"site-sidebar-style":["default"],"theme-transparent-header-meta":["default"],"_wc_rating_count":["a:1:{i:5;i:37;}"],"astra-migrate-meta-layouts":["set"],"_uag_css_file_name":["uag-css-23148.css"],"_elementor_page_assets":["a:0:{}"],"_uag_page_assets":["a:9:{s:3:\"css\";s:6893:\".wp-block-uagb-image{display:flex}.wp-block-uagb-image__figure{position:relative;display:flex;flex-direction:column;max-width:100%;height:auto;margin:0}.wp-block-uagb-image__figure img{height:auto;display:flex;max-width:100%;transition:box-shadow 0.2s ease}.wp-block-uagb-image__figure>a{display:inline-block}.wp-block-uagb-image__figure figcaption{text-align:center;margin-top:0.5em;margin-bottom:1em}.wp-block-uagb-image .components-placeholder.block-editor-media-placeholder .components-placeholder__instructions{align-self:center}.wp-block-uagb-image--align-left{text-align:left}.wp-block-uagb-image--align-right{text-align:right}.wp-block-uagb-image--align-center{text-align:center}.wp-block-uagb-image--align-full .wp-block-uagb-image__figure{margin-left:calc(50% - 50vw);margin-right:calc(50% - 50vw);max-width:100vw;width:100vw;height:auto}.wp-block-uagb-image--align-full .wp-block-uagb-image__figure img{height:auto;width:100% !important}.wp-block-uagb-image--align-wide .wp-block-uagb-image__figure img{height:auto;width:100%}.wp-block-uagb-image--layout-overlay__color-wrapper{position:absolute;left:0;top:0;right:0;bottom:0;opacity:0.2;background:rgba(0,0,0,0.5);transition:opacity 0.35s ease-in-out}.wp-block-uagb-image--layout-overlay-link{position:absolute;left:0;right:0;bottom:0;top:0}.wp-block-uagb-image--layout-overlay .wp-block-uagb-image__figure:hover .wp-block-uagb-image--layout-overlay__color-wrapper{opacity:1}.wp-block-uagb-image--layout-overlay__inner{position:absolute;left:15px;right:15px;bottom:15px;top:15px;display:flex;align-items:center;justify-content:center;flex-direction:column;border-color:#fff;transition:0.35s ease-in-out}.wp-block-uagb-image--layout-overlay__inner.top-left,.wp-block-uagb-image--layout-overlay__inner.top-center,.wp-block-uagb-image--layout-overlay__inner.top-right{justify-content:flex-start}.wp-block-uagb-image--layout-overlay__inner.bottom-left,.wp-block-uagb-image--layout-overlay__inner.bottom-center,.wp-block-uagb-image--layout-overlay__inner.bottom-right{justify-content:flex-end}.wp-block-uagb-image--layout-overlay__inner.top-left,.wp-block-uagb-image--layout-overlay__inner.center-left,.wp-block-uagb-image--layout-overlay__inner.bottom-left{align-items:flex-start}.wp-block-uagb-image--layout-overlay__inner.top-right,.wp-block-uagb-image--layout-overlay__inner.center-right,.wp-block-uagb-image--layout-overlay__inner.bottom-right{align-items:flex-end}.wp-block-uagb-image--layout-overlay__inner .uagb-image-heading{color:#fff;transition:transform 0.35s, opacity 0.35s ease-in-out;transform:translate3d(0, 24px, 0);margin:0;line-height:1em}.wp-block-uagb-image--layout-overlay__inner .uagb-image-separator{width:30%;border-top-width:2px;border-top-color:#fff;border-top-style:solid;margin-bottom:10px;opacity:0;transition:transform 0.4s, opacity 0.4s ease-in-out;transform:translate3d(0, 30px, 0)}.wp-block-uagb-image--layout-overlay__inner .uagb-image-caption{opacity:0;overflow:visible;color:#fff;transition:transform 0.45s, opacity 0.45s ease-in-out;transform:translate3d(0, 35px, 0)}.wp-block-uagb-image--layout-overlay__inner:hover .uagb-image-heading,.wp-block-uagb-image--layout-overlay__inner:hover .uagb-image-separator,.wp-block-uagb-image--layout-overlay__inner:hover .uagb-image-caption{opacity:1;transform:translate3d(0, 0, 0)}.wp-block-uagb-image--effect-zoomin .wp-block-uagb-image__figure img,.wp-block-uagb-image--effect-zoomin .wp-block-uagb-image__figure .wp-block-uagb-image--layout-overlay__color-wrapper{transform:scale(1);transition:transform 0.35s ease-in-out}.wp-block-uagb-image--effect-zoomin .wp-block-uagb-image__figure:hover img,.wp-block-uagb-image--effect-zoomin .wp-block-uagb-image__figure:hover .wp-block-uagb-image--layout-overlay__color-wrapper{transform:scale(1.05)}.wp-block-uagb-image--effect-slide .wp-block-uagb-image__figure img,.wp-block-uagb-image--effect-slide .wp-block-uagb-image__figure .wp-block-uagb-image--layout-overlay__color-wrapper{width:calc(100% + 40px) !important;max-width:none !important;transform:translate3d(-40px, 0, 0);transition:transform 0.35s ease-in-out}.wp-block-uagb-image--effect-slide .wp-block-uagb-image__figure:hover img,.wp-block-uagb-image--effect-slide .wp-block-uagb-image__figure:hover .wp-block-uagb-image--layout-overlay__color-wrapper{transform:translate3d(0, 0, 0)}.wp-block-uagb-image--effect-grayscale img{filter:grayscale(0%);transition:0.35s ease-in-out}.wp-block-uagb-image--effect-grayscale:hover img{filter:grayscale(100%)}.wp-block-uagb-image--effect-blur img{filter:blur(0);transition:0.35s ease-in-out}.wp-block-uagb-image--effect-blur:hover img{filter:blur(3px)}\n.uagb-block-e6f939b3.wp-block-uagb-image--layout-default figure img{box-shadow: 0px 0px 0 #00000070;}.uagb-block-e6f939b3.wp-block-uagb-image .wp-block-uagb-image__figure figcaption{font-style: normal;align-self: center;}.uagb-block-e6f939b3.wp-block-uagb-image--layout-overlay figure img{box-shadow: 0px 0px 0 #00000070;}.uagb-block-e6f939b3.wp-block-uagb-image--layout-overlay .wp-block-uagb-image--layout-overlay__color-wrapper{opacity: 0.2;}.uagb-block-e6f939b3.wp-block-uagb-image--layout-overlay .wp-block-uagb-image--layout-overlay__inner{left: 15px;right: 15px;top: 15px;bottom: 15px;}.uagb-block-e6f939b3.wp-block-uagb-image--layout-overlay .wp-block-uagb-image--layout-overlay__inner .uagb-image-heading{font-style: normal;color: #fff;opacity: 1;}.uagb-block-e6f939b3.wp-block-uagb-image--layout-overlay .wp-block-uagb-image--layout-overlay__inner .uagb-image-heading a{color: #fff;}.uagb-block-e6f939b3.wp-block-uagb-image--layout-overlay .wp-block-uagb-image--layout-overlay__inner .uagb-image-caption{opacity: 0;}.uagb-block-e6f939b3.wp-block-uagb-image--layout-overlay .wp-block-uagb-image__figure:hover .wp-block-uagb-image--layout-overlay__color-wrapper{opacity: 1;}.uagb-block-e6f939b3.wp-block-uagb-image .wp-block-uagb-image--layout-overlay__inner .uagb-image-separator{width: 30%;border-top-width: 2px;border-top-color: #fff;opacity: 0;}.uagb-block-e6f939b3.wp-block-uagb-image .wp-block-uagb-image__figure img{width: px;height: auto;}.uagb-block-e6f939b3.wp-block-uagb-image .wp-block-uagb-image__figure:hover .wp-block-uagb-image--layout-overlay__inner .uagb-image-caption{opacity: 1;}.uagb-block-e6f939b3.wp-block-uagb-image .wp-block-uagb-image__figure:hover .wp-block-uagb-image--layout-overlay__inner .uagb-image-separator{opacity: 1;}.uagb-block-e6f939b3.wp-block-uagb-image--layout-default figure:hover img{box-shadow: 0px 0px 0 #00000070;}.uagb-block-e6f939b3.wp-block-uagb-image--layout-overlay figure:hover img{box-shadow: 0px 0px 0 #00000070;}@media only screen and (max-width: 976px) {.uagb-block-e6f939b3.wp-block-uagb-image .wp-block-uagb-image__figure img{width: px;height: auto;}}@media only screen and (max-width: 767px) {.uagb-block-e6f939b3.wp-block-uagb-image .wp-block-uagb-image__figure img{width: px;height: auto;}}\";s:2:\"js\";s:0:\"\";s:18:\"current_block_list\";a:13:{i:0;s:11:\"core\/search\";i:1;s:10:\"core\/group\";i:2;s:12:\"core\/heading\";i:3;s:17:\"core\/latest-posts\";i:4;s:20:\"core\/latest-comments\";i:5;s:13:\"core\/archives\";i:6;s:15:\"core\/categories\";i:7;s:14:\"core\/paragraph\";i:8;s:10:\"uagb\/image\";i:9;s:11:\"core\/spacer\";i:10;s:30:\"woocommerce\/product-categories\";i:11;s:10:\"core\/image\";i:12;s:14:\"core\/shortcode\";}s:8:\"uag_flag\";b:1;s:11:\"uag_version\";s:10:\"1776512900\";s:6:\"gfonts\";a:0:{}s:10:\"gfonts_url\";s:0:\"\";s:12:\"gfonts_files\";a:0:{}s:14:\"uag_faq_layout\";b:0;}"]},"uagb_featured_image_src":{"full":["https:\/\/www.ferberpainting.com\/wp-content\/uploads\/2025\/05\/Coffee-Machine-Descaler-and-Cleaner-5L-Mockup.png",2560,2560,false],"thumbnail":["https:\/\/www.ferberpainting.com\/wp-content\/uploads\/2025\/05\/Coffee-Machine-Descaler-and-Cleaner-5L-Mockup-150x150.png",150,150,true],"medium":["https:\/\/www.ferberpainting.com\/wp-content\/uploads\/2025\/05\/Coffee-Machine-Descaler-and-Cleaner-5L-Mockup-300x300.png",300,300,true],"medium_large":["https:\/\/www.ferberpainting.com\/wp-content\/uploads\/2025\/05\/Coffee-Machine-Descaler-and-Cleaner-5L-Mockup-768x768.png",768,768,true],"large":["https:\/\/www.ferberpainting.com\/wp-content\/uploads\/2025\/05\/Coffee-Machine-Descaler-and-Cleaner-5L-Mockup-1024x1024.png",1024,1024,true],"1536x1536":["https:\/\/www.ferberpainting.com\/wp-content\/uploads\/2025\/05\/Coffee-Machine-Descaler-and-Cleaner-5L-Mockup-1536x1536.png",1536,1536,true],"2048x2048":["https:\/\/www.ferberpainting.com\/wp-content\/uploads\/2025\/05\/Coffee-Machine-Descaler-and-Cleaner-5L-Mockup-2048x2048.png",2048,2048,true],"trp-custom-language-flag":["https:\/\/www.ferberpainting.com\/wp-content\/uploads\/2025\/05\/Coffee-Machine-Descaler-and-Cleaner-5L-Mockup-12x12.png",12,12,true],"woocommerce_thumbnail":["https:\/\/www.ferberpainting.com\/wp-content\/uploads\/2025\/05\/Coffee-Machine-Descaler-and-Cleaner-5L-Mockup-300x300.png",300,300,true],"woocommerce_single":["https:\/\/www.ferberpainting.com\/wp-content\/uploads\/2025\/05\/Coffee-Machine-Descaler-and-Cleaner-5L-Mockup-600x600.png",600,600,true],"woocommerce_gallery_thumbnail":["https:\/\/www.ferberpainting.com\/wp-content\/uploads\/2025\/05\/Coffee-Machine-Descaler-and-Cleaner-5L-Mockup-100x100.png",100,100,true]},"uagb_author_info":{"display_name":"admin","author_link":"https:\/\/www.ferberpainting.com\/lv\/author\/"},"uagb_comment_info":37,"uagb_excerpt":"Optimal effectiveness.\u00a0This coffee machine descaler and cleaner effectively removes limescale, mineral deposits, and coffee residues that build up inside your machine. It ensures optimal performance while preserving the quality of extraction, avoiding blockages and breakdowns caused by internal circuit build-up. Thanks to its powerful cleaning action, it extends the lifespan of your coffee machine and&hellip;","_links":{"self":[{"href":"https:\/\/www.ferberpainting.com\/lv\/wp-json\/wp\/v2\/product\/23148","targetHints":{"allow":["GET"]}}],"collection":[{"href":"https:\/\/www.ferberpainting.com\/lv\/wp-json\/wp\/v2\/product"}],"about":[{"href":"https:\/\/www.ferberpainting.com\/lv\/wp-json\/wp\/v2\/types\/product"}],"replies":[{"embeddable":true,"href":"https:\/\/www.ferberpainting.com\/lv\/wp-json\/wp\/v2\/comments?post=23148"}],"version-history":[{"count":7,"href":"https:\/\/www.ferberpainting.com\/lv\/wp-json\/wp\/v2\/product\/23148\/revisions"}],"predecessor-version":[{"id":170583,"href":"https:\/\/www.ferberpainting.com\/lv\/wp-json\/wp\/v2\/product\/23148\/revisions\/170583"}],"wp:featuredmedia":[{"embeddable":true,"href":"https:\/\/www.ferberpainting.com\/lv\/wp-json\/wp\/v2\/media\/36520"}],"wp:attachment":[{"href":"https:\/\/www.ferberpainting.com\/lv\/wp-json\/wp\/v2\/media?parent=23148"}],"wp:term":[{"taxonomy":"product_brand","embeddable":true,"href":"https:\/\/www.ferberpainting.com\/lv\/wp-json\/wp\/v2\/product_brand?post=23148"},{"taxonomy":"product_cat","embeddable":true,"href":"https:\/\/www.ferberpainting.com\/lv\/wp-json\/wp\/v2\/product_cat?post=23148"},{"taxonomy":"product_tag","embeddable":true,"href":"https:\/\/www.ferberpainting.com\/lv\/wp-json\/wp\/v2\/product_tag?post=23148"}],"curies":[{"name":"wp","href":"https:\/\/api.w.org\/{rel}","templated":true}]}}