{"id":23135,"date":"2025-05-26T10:22:56","date_gmt":"2025-05-26T08:22:56","guid":{"rendered":"https:\/\/www.ferberpainting.com\/products\/cherry-tree-fertilizer\/"},"modified":"2026-02-15T13:26:38","modified_gmt":"2026-02-15T12:26:38","slug":"cherry-tree-fertilizer","status":"publish","type":"product","link":"https:\/\/www.ferberpainting.com\/lv\/products\/cherry-tree-fertilizer\/","title":{"rendered":"\u0136ir\u0161u m\u0113slojums 25 kg"},"content":{"rendered":"<p><img decoding=\"async\" style=\"margin-right: 12px;\" src=\"https:\/\/www.ferberpainting.com\/wp-content\/uploads\/2026\/02\/Check.svg\" alt=\"\" width=\"18\" height=\"15\" \/><strong>Pilnv\u0113rt\u012bgs m\u0113slojums vesel\u012bgam \u0137ir\u0161u kokam un bag\u0101t\u012bgai ra\u017eai.<\/strong>\u00a0\u0136ir\u0161u m\u0113slojums ir \u012bpa\u0161i izstr\u0101d\u0101ts, lai apmierin\u0101tu \u0137ir\u0161u koku un citu kaule\u0146koku vajadz\u012bbas p\u0113c bar\u012bbas viel\u0101m. Pateicoties sabalans\u0113tam sl\u0101pek\u013ca (N), fosfora (P) un k\u0101lija (K) saturam 10-10-10, tas veicina sp\u0113c\u012bgu aug\u0161anu, bag\u0101t\u012bgu zied\u0113\u0161anu un bag\u0101t\u012bgu aug\u013cu veido\u0161anos. \u0160is m\u0113slojums uzlabo sak\u0146u att\u012bst\u012bbu, stumbra iztur\u012bbu un iztur\u012bbu pret slim\u012bb\u0101m, nodro\u0161inot vesel\u012bgu \u0137ir\u0161u koku ar augstas kvalit\u0101tes aug\u013ciem.<\/p>\n<p><img decoding=\"async\" style=\"margin-right: 12px;\" src=\"https:\/\/www.ferberpainting.com\/wp-content\/uploads\/2026\/02\/Check.svg\" alt=\"\" width=\"18\" height=\"15\" \/><strong>Naudas atmaksas garantija.<\/strong>\u00a0M\u0113s esam p\u0101rliecin\u0101ti par m\u016bsu \u0137ir\u0161u m\u0113slojuma efektivit\u0101ti. Tom\u0113r, ja p\u0113c regul\u0101ras lieto\u0161anas saska\u0146\u0101 ar nor\u0101d\u012bjumiem j\u016bs nepaman\u012bsiet iev\u0113rojamus uzlabojumus sav\u0101 kok\u0101, m\u0113s ap\u0146emamies piln\u012bb\u0101 atmaks\u0101t naudu par pirkumu bez jaut\u0101jumu uzdo\u0161anas.<\/p>\n<p><img decoding=\"async\" style=\"margin-right: 12px;\" src=\"https:\/\/www.ferberpainting.com\/wp-content\/uploads\/2026\/02\/Check.svg\" alt=\"\" width=\"18\" height=\"15\" \/><strong>M\u0113slojums, kas piem\u0113rots visiem augsnes tipiem un aug\u0161anas apst\u0101k\u013ciem.<\/strong>\u00a0Neatkar\u012bgi no t\u0101, vai j\u016bsu \u0137irsis aug m\u0101lain\u0101, ka\u013c\u0137ain\u0101, smil\u0161ain\u0101 vai smil\u0161m\u0101la augsn\u0113, \u0161is m\u0113slojums lieliski piel\u0101gojas t\u0101 videi. Tas ir efekt\u012bvs ar\u012b tad, ja augsne tiek st\u0101d\u012bta atkl\u0101t\u0101 lauk\u0101 vai lielos aug\u013cu d\u0101rzos, nodro\u0161inot optim\u0101lu bar\u012bbas vielu uzs\u016bk\u0161anos visu veidu substr\u0101tos.<\/p>\n<p><img decoding=\"async\" style=\"margin-right: 12px;\" src=\"https:\/\/www.ferberpainting.com\/wp-content\/uploads\/2026\/02\/Check.svg\" alt=\"\" width=\"18\" height=\"15\" \/><strong>Rentabla ra\u017ea un prec\u012bza doz\u0113\u0161ana.<\/strong>\u00a0Pateicoties \u013coti koncentr\u0113tai formulai, 25 kg mais\u0101 var m\u0113slot lielu skaitu koku, ieteicam\u0101 deva ir 200 g vienam kokam. Vienk\u0101r\u0161i izkl\u0101jiet cieto m\u0113slojumu ap stumbra pamatni, padarot to par ekonomisku un ilgtsp\u0113j\u012bgu risin\u0101jumu augstas ra\u017e\u012bbas un izcilas kvalit\u0101tes produkcijai.<\/p>\n<p><img decoding=\"async\" style=\"margin-right: 12px;\" src=\"https:\/\/www.ferberpainting.com\/wp-content\/uploads\/2026\/02\/Check.svg\" alt=\"\" width=\"18\" height=\"15\" \/><strong>Videi draudz\u012bgs un dro\u0161s m\u0113slojums.<\/strong>\u00a0M\u016bsu \u0137ir\u0161u m\u0113slojums nesatur toksiskas vielas vai smagos met\u0101lus, t\u0101p\u0113c ir dro\u0161s savva\u013cas dz\u012bvniekiem, augiem un grunts\u016bde\u0146iem. Tas pak\u0101peniski un nep\u0101rtraukti atbr\u012bvo bar\u012bbas vielas, nodro\u0161inot optim\u0101lu koku asimil\u0101ciju, nep\u0101rslogojot augsni.<\/p>\n<p><img decoding=\"async\" style=\"margin-right: 12px;\" src=\"https:\/\/www.ferberpainting.com\/wp-content\/uploads\/2026\/02\/Check.svg\" alt=\"\" width=\"18\" height=\"15\" \/><strong>Viegli uzkl\u0101jams un garant\u0113 efektivit\u0101ti.<\/strong>\u00a0At\u0161\u0137ir\u012bb\u0101 no \u0161\u0137idrajiem m\u0113slo\u0161anas l\u012bdzek\u013ciem, kurus nepiecie\u0161ams iepriek\u0161 at\u0161\u0137aid\u012bt, \u0161is m\u0113slojums tiek izklied\u0113ts tie\u0161i pie \u0137ir\u0161u koka pamatnes, iev\u0113rojami vienk\u0101r\u0161ojot t\u0101 lieto\u0161anu. Nav nepiecie\u0161ams m\u0113r\u012bt mais\u012bjumu: vienk\u0101r\u0161i uzkl\u0101jiet ieteikto daudzumu un viegli aplaistiet, lai tas nekav\u0113joties s\u0101ktu iedarboties uz koku.<\/p>\n<p><img decoding=\"async\" style=\"margin-right: 12px;\" src=\"https:\/\/www.ferberpainting.com\/wp-content\/uploads\/2026\/02\/Check.svg\" alt=\"\" width=\"18\" height=\"15\" \/><strong>Ilgsto\u0161a iedarb\u012bba iztur\u012bgiem un ra\u017e\u012bgiem \u0137ir\u0161u kokiem.<\/strong>\u00a0Pateicoties l\u0113nai un pak\u0101peniskai izdal\u012b\u0161anai, \u0161is m\u0113slojums nodro\u0161ina stabilu bar\u012bbas vielu pieg\u0101di vair\u0101ku m\u0113ne\u0161u garum\u0101. Tas stimul\u0113 sak\u0146u un zaru aug\u0161anu, vienlaikus stiprinot iztur\u012bbu pret slim\u012bb\u0101m, kait\u0113k\u013ciem un klimatisko stresu, nodro\u0161inot bag\u0101t\u012bgu ra\u017eu gadu no gada.<\/p>\n<p><img decoding=\"async\" style=\"margin-right: 12px;\" src=\"https:\/\/www.ferberpainting.com\/wp-content\/uploads\/2026\/02\/Check.svg\" alt=\"\" width=\"18\" height=\"15\" \/><strong>Redzama ietekme uz aug\u0161anu un aug\u013cu veido\u0161anos.<\/strong>\u00a0Jau pirmaj\u0101s ned\u0113\u013c\u0101s p\u0113c lieto\u0161anas kokam par\u0101d\u0101s sp\u0113c\u012bgas aug\u0161anas paz\u012bmes, strauji att\u012bst\u0101s sul\u012bga lapotne un pumpuri. Pateicoties sl\u0101peklim, jaunie dzinumi ir sp\u0113c\u012bgi un za\u013ci, fosfors veicina sp\u0113c\u012bgu sak\u0146u att\u012bst\u012bbu, bet k\u0101lijs uzlabo aug\u013cu kvalit\u0101ti un gar\u0161u.<\/p>\n<p><img decoding=\"async\" style=\"margin-right: 12px;\" src=\"https:\/\/www.ferberpainting.com\/wp-content\/uploads\/2026\/02\/Check.svg\" alt=\"\" width=\"18\" height=\"15\" \/><strong>Piem\u0113rots vis\u0101m \u0137ir\u0161u un citu aug\u013cu koku \u0161\u0137irn\u0113m.<\/strong>\u00a0\u0160is m\u0113slojums ir ide\u0101li piem\u0113rots saldajiem \u0137ir\u0161iem, sk\u0101bajiem \u0137ir\u0161iem, agr\u012bni nogatavojo\u0161iem \u0137ir\u0161iem, v\u0113lajiem \u0137ir\u0161iem un visu veidu \u0137ir\u0161u kokiem, kas tiek audz\u0113ti aug\u013cu d\u0101rzos vai piem\u0101jas d\u0101rzos. Tas ir lieliski piem\u0113rots ar\u012b citiem aug\u013cu kokiem, piem\u0113ram, pl\u016bm\u0113m, persikiem un aprikoz\u0113m.<\/p>\n<h2><strong>Lieto\u0161anas protokols<\/strong><\/h2>\n<p><strong>Pieteik\u0161an\u0101s periods <\/strong>: M\u0113slojumu lietojiet no ziemas beig\u0101m l\u012bdz vasaras s\u0101kumam, kas ir galvenais periods, lai stimul\u0113tu aug\u0161anu un sagatavotos aug\u013co\u0161anai. Otra m\u0113slo\u0161ana p\u0113c ra\u017eas nov\u0101k\u0161anas pal\u012bdz stiprin\u0101t koku pirms ziemas.<\/p>\n<p><strong>Piem\u0113ro\u0161anas metode <\/strong>:<\/p>\n<ul>\n<li>Izkaisiet 200 g m\u0113slojuma uz katru koku apl\u012b ap stumbru, apm\u0113ram 30-50 cm att\u0101lum\u0101 no koka pamatnes, lai izvair\u012btos no sak\u0146u apdeg\u0161anas.<\/li>\n<li>Viegli iestr\u0101d\u0101jiet m\u0113slojumu augsn\u0113 ar gr\u0101bekli, lai veicin\u0101tu uzs\u016bk\u0161anos.<\/li>\n<li>Bag\u0101t\u012bgi laistiet, lai bar\u012bbas vielas iek\u013c\u016btu augsn\u0113.<\/li>\n<\/ul>\n<p><strong>Lieto\u0161anas bie\u017eums <\/strong>:<\/p>\n<ul>\n<li><strong>Augo\u0161am \u0137ir\u0161u kokam <\/strong>: M\u0113slojumu lietojiet vienu reizi pavasara s\u0101kum\u0101 un otru reizi sezonas vid\u016b, lai veicin\u0101tu zied\u0113\u0161anu un aug\u013cu veido\u0161anos.<\/li>\n<li><strong>Par nobriedu\u0161u \u0137ir\u0161u koku<\/strong>: Lai nodro\u0161in\u0101tu regul\u0101ru un bag\u0101t\u012bgu produkciju, pietiek ar vienu reizi gad\u0101 mart\u0101-apr\u012bl\u012b.<\/li>\n<\/ul>\n<p><strong>Lieto\u0161anas piesardz\u012bbas pas\u0101kumi <\/strong>:<\/p>\n<ul>\n<li>Lai izvair\u012btos no sak\u0146u apdeguma, m\u0113slojumu nelietojiet p\u0101r\u0101k tuvu stumbram.<\/li>\n<li>Nep\u0101rdoz\u0113jiet, lai izvair\u012btos no sl\u0101pek\u013ca p\u0101rpalikuma, kas veicina p\u0101rm\u0113r\u012bgu lapu aug\u0161anu, kait\u0113jot aug\u013ciem.<\/li>\n<li>Lai nodro\u0161in\u0101tu optim\u0101lu uzs\u016bk\u0161anos, izvairieties no lieto\u0161anas \u0101rk\u0101rt\u0113ja sausuma periodos vai piln\u0101 saul\u0113.<\/li>\n<\/ul>\n<p>Ar m\u016bsu \u0137ir\u0161u m\u0113slojumu nodro\u0161iniet kokam visas nepiecie\u0161am\u0101s bar\u012bbas vielas, lai tas strauji augtu un ieg\u016btu bag\u0101t\u012bgu un gar\u0161\u012bgu \u0137ir\u0161u ra\u017eu.<\/p>","protected":false},"excerpt":{"rendered":"<p>A complete fertilizer for a healthy cherry tree and an abundant harvest.\u00a0The cherry tree fertilizer is specially formulated to meet the nutritional needs of cherry trees and other stone fruit trees. Thanks to its balanced composition in nitrogen (N), phosphorus (P), and potassium (K) at a ratio of 10-10-10, it promotes vigorous growth, generous flowering, [&hellip;]<\/p>\n","protected":false},"featured_media":25722,"comment_status":"open","ping_status":"closed","template":"","meta":{"_uag_custom_page_level_css":"","site-sidebar-layout":"default","site-content-layout":"","ast-site-content-layout":"default","site-content-style":"default","site-sidebar-style":"default","ast-global-header-display":"","ast-banner-title-visibility":"","ast-main-header-display":"","ast-hfb-above-header-display":"","ast-hfb-below-header-display":"","ast-hfb-mobile-header-display":"","site-post-title":"","ast-breadcrumbs-content":"","ast-featured-img":"","footer-sml-layout":"","ast-disable-related-posts":"","theme-transparent-header-meta":"default","adv-header-id-meta":"","stick-header-meta":"","header-above-stick-meta":"","header-main-stick-meta":"","header-below-stick-meta":"","astra-migrate-meta-layouts":"set","ast-page-background-enabled":"default","ast-page-background-meta":{"desktop":{"background-color":"var(--ast-global-color-4)","background-image":"","background-repeat":"repeat","background-position":"center center","background-size":"auto","background-attachment":"scroll","background-type":"","background-media":"","overlay-type":"","overlay-color":"","overlay-opacity":"","overlay-gradient":""},"tablet":{"background-color":"","background-image":"","background-repeat":"repeat","background-position":"center center","background-size":"auto","background-attachment":"scroll","background-type":"","background-media":"","overlay-type":"","overlay-color":"","overlay-opacity":"","overlay-gradient":""},"mobile":{"background-color":"","background-image":"","background-repeat":"repeat","background-position":"center center","background-size":"auto","background-attachment":"scroll","background-type":"","background-media":"","overlay-type":"","overlay-color":"","overlay-opacity":"","overlay-gradient":""}},"ast-content-background-meta":{"desktop":{"background-color":"var(--ast-global-color-5)","background-image":"","background-repeat":"repeat","background-position":"center center","background-size":"auto","background-attachment":"scroll","background-type":"","background-media":"","overlay-type":"","overlay-color":"","overlay-opacity":"","overlay-gradient":""},"tablet":{"background-color":"var(--ast-global-color-5)","background-image":"","background-repeat":"repeat","background-position":"center center","background-size":"auto","background-attachment":"scroll","background-type":"","background-media":"","overlay-type":"","overlay-color":"","overlay-opacity":"","overlay-gradient":""},"mobile":{"background-color":"var(--ast-global-color-5)","background-image":"","background-repeat":"repeat","background-position":"center center","background-size":"auto","background-attachment":"scroll","background-type":"","background-media":"","overlay-type":"","overlay-color":"","overlay-opacity":"","overlay-gradient":""}}},"product_brand":[],"product_cat":[178],"product_tag":[],"class_list":{"0":"post-23135","1":"product","2":"type-product","3":"status-publish","4":"has-post-thumbnail","6":"product_cat-fertilizers","7":"desktop-align-left","8":"tablet-align-left","9":"mobile-align-left","11":"first","12":"instock","13":"shipping-taxable","14":"purchasable","15":"product-type-simple"},"spectra_custom_meta":{"_visibility":["visible"],"_shopify_product_id":["9073337794805"],"_s2w_shopify_domain":["ferberpainting.myshopify.com"],"_shopify_variant_id":["46524706881781"],"_sku":["FPCHERRYTREEFERTILIZER25KG"],"_regular_price":["39.90"],"_price":["39.90"],"_sale_price":[""],"_weight":["18.7"],"_thumbnail_id":["25722"],"_global_unique_id":["5056773818088"],"total_sales":["11"],"_tax_status":["taxable"],"_tax_class":[""],"_manage_stock":["no"],"_backorders":["no"],"_sold_individually":["no"],"_virtual":["no"],"_downloadable":["no"],"_download_limit":["-1"],"_download_expiry":["-1"],"_stock":[null],"_stock_status":["instock"],"_wc_average_rating":["5.00"],"_wc_review_count":["37"],"_product_version":["10.5.1"],"_wc_rating_count":["a:1:{i:5;i:37;}"],"_edit_lock":["1771158260:1"],"merchant-center-availability":["yes"],"merchant-center-category":["113"],"_edit_last":["1"],"_wp_page_template":["default"],"site-sidebar-layout":["default"],"ast-site-content-layout":["default"],"site-content-style":["default"],"site-sidebar-style":["default"],"theme-transparent-header-meta":["default"],"astra-migrate-meta-layouts":["set"],"_uag_css_file_name":["uag-css-23135.css"],"_elementor_page_assets":["a:0:{}"],"_uag_page_assets":["a:9:{s:3:\"css\";s:6873:\".wp-block-uagb-image{display:flex}.wp-block-uagb-image__figure{position:relative;display:flex;flex-direction:column;max-width:100%;height:auto;margin:0}.wp-block-uagb-image__figure img{height:auto;display:flex;max-width:100%;transition:box-shadow .2s ease}.wp-block-uagb-image__figure>a{display:inline-block}.wp-block-uagb-image__figure figcaption{text-align:center;margin-top:.5em;margin-bottom:1em}.wp-block-uagb-image .components-placeholder.block-editor-media-placeholder .components-placeholder__instructions{align-self:center}.wp-block-uagb-image--align-left{text-align:left}.wp-block-uagb-image--align-right{text-align:right}.wp-block-uagb-image--align-center{text-align:center}.wp-block-uagb-image--align-full .wp-block-uagb-image__figure{margin-left:calc(50% - 50vw);margin-right:calc(50% - 50vw);max-width:100vw;width:100vw;height:auto}.wp-block-uagb-image--align-full .wp-block-uagb-image__figure img{height:auto;width:100% !important}.wp-block-uagb-image--align-wide .wp-block-uagb-image__figure img{height:auto;width:100%}.wp-block-uagb-image--layout-overlay__color-wrapper{position:absolute;left:0;top:0;right:0;bottom:0;opacity:.2;background:rgba(0,0,0,.5);transition:opacity .35s ease-in-out}.wp-block-uagb-image--layout-overlay-link{position:absolute;left:0;right:0;bottom:0;top:0}.wp-block-uagb-image--layout-overlay .wp-block-uagb-image__figure:hover .wp-block-uagb-image--layout-overlay__color-wrapper{opacity:1}.wp-block-uagb-image--layout-overlay__inner{position:absolute;left:15px;right:15px;bottom:15px;top:15px;display:flex;align-items:center;justify-content:center;flex-direction:column;border-color:#fff;transition:.35s ease-in-out}.wp-block-uagb-image--layout-overlay__inner.top-left,.wp-block-uagb-image--layout-overlay__inner.top-center,.wp-block-uagb-image--layout-overlay__inner.top-right{justify-content:flex-start}.wp-block-uagb-image--layout-overlay__inner.bottom-left,.wp-block-uagb-image--layout-overlay__inner.bottom-center,.wp-block-uagb-image--layout-overlay__inner.bottom-right{justify-content:flex-end}.wp-block-uagb-image--layout-overlay__inner.top-left,.wp-block-uagb-image--layout-overlay__inner.center-left,.wp-block-uagb-image--layout-overlay__inner.bottom-left{align-items:flex-start}.wp-block-uagb-image--layout-overlay__inner.top-right,.wp-block-uagb-image--layout-overlay__inner.center-right,.wp-block-uagb-image--layout-overlay__inner.bottom-right{align-items:flex-end}.wp-block-uagb-image--layout-overlay__inner .uagb-image-heading{color:#fff;transition:transform .35s,opacity .35s ease-in-out;transform:translate3d(0, 24px, 0);margin:0;line-height:1em}.wp-block-uagb-image--layout-overlay__inner .uagb-image-separator{width:30%;border-top-width:2px;border-top-color:#fff;border-top-style:solid;margin-bottom:10px;opacity:0;transition:transform .4s,opacity .4s ease-in-out;transform:translate3d(0, 30px, 0)}.wp-block-uagb-image--layout-overlay__inner .uagb-image-caption{opacity:0;overflow:visible;color:#fff;transition:transform .45s,opacity .45s ease-in-out;transform:translate3d(0, 35px, 0)}.wp-block-uagb-image--layout-overlay__inner:hover .uagb-image-heading,.wp-block-uagb-image--layout-overlay__inner:hover .uagb-image-separator,.wp-block-uagb-image--layout-overlay__inner:hover .uagb-image-caption{opacity:1;transform:translate3d(0, 0, 0)}.wp-block-uagb-image--effect-zoomin .wp-block-uagb-image__figure img,.wp-block-uagb-image--effect-zoomin .wp-block-uagb-image__figure .wp-block-uagb-image--layout-overlay__color-wrapper{transform:scale(1);transition:transform .35s ease-in-out}.wp-block-uagb-image--effect-zoomin .wp-block-uagb-image__figure:hover img,.wp-block-uagb-image--effect-zoomin .wp-block-uagb-image__figure:hover .wp-block-uagb-image--layout-overlay__color-wrapper{transform:scale(1.05)}.wp-block-uagb-image--effect-slide .wp-block-uagb-image__figure img,.wp-block-uagb-image--effect-slide .wp-block-uagb-image__figure .wp-block-uagb-image--layout-overlay__color-wrapper{width:calc(100% + 40px) !important;max-width:none !important;transform:translate3d(-40px, 0, 0);transition:transform .35s ease-in-out}.wp-block-uagb-image--effect-slide .wp-block-uagb-image__figure:hover img,.wp-block-uagb-image--effect-slide .wp-block-uagb-image__figure:hover .wp-block-uagb-image--layout-overlay__color-wrapper{transform:translate3d(0, 0, 0)}.wp-block-uagb-image--effect-grayscale img{filter:grayscale(0%);transition:.35s ease-in-out}.wp-block-uagb-image--effect-grayscale:hover img{filter:grayscale(100%)}.wp-block-uagb-image--effect-blur img{filter:blur(0);transition:.35s ease-in-out}.wp-block-uagb-image--effect-blur:hover img{filter:blur(3px)}.uagb-block-e6f939b3.wp-block-uagb-image--layout-default figure img{box-shadow: 0px 0px 0 #00000070;}.uagb-block-e6f939b3.wp-block-uagb-image .wp-block-uagb-image__figure figcaption{font-style: normal;align-self: center;}.uagb-block-e6f939b3.wp-block-uagb-image--layout-overlay figure img{box-shadow: 0px 0px 0 #00000070;}.uagb-block-e6f939b3.wp-block-uagb-image--layout-overlay .wp-block-uagb-image--layout-overlay__color-wrapper{opacity: 0.2;}.uagb-block-e6f939b3.wp-block-uagb-image--layout-overlay .wp-block-uagb-image--layout-overlay__inner{left: 15px;right: 15px;top: 15px;bottom: 15px;}.uagb-block-e6f939b3.wp-block-uagb-image--layout-overlay .wp-block-uagb-image--layout-overlay__inner .uagb-image-heading{font-style: normal;color: #fff;opacity: 1;}.uagb-block-e6f939b3.wp-block-uagb-image--layout-overlay .wp-block-uagb-image--layout-overlay__inner .uagb-image-heading a{color: #fff;}.uagb-block-e6f939b3.wp-block-uagb-image--layout-overlay .wp-block-uagb-image--layout-overlay__inner .uagb-image-caption{opacity: 0;}.uagb-block-e6f939b3.wp-block-uagb-image--layout-overlay .wp-block-uagb-image__figure:hover .wp-block-uagb-image--layout-overlay__color-wrapper{opacity: 1;}.uagb-block-e6f939b3.wp-block-uagb-image .wp-block-uagb-image--layout-overlay__inner .uagb-image-separator{width: 30%;border-top-width: 2px;border-top-color: #fff;opacity: 0;}.uagb-block-e6f939b3.wp-block-uagb-image .wp-block-uagb-image__figure img{width: px;height: auto;}.uagb-block-e6f939b3.wp-block-uagb-image .wp-block-uagb-image__figure:hover .wp-block-uagb-image--layout-overlay__inner .uagb-image-caption{opacity: 1;}.uagb-block-e6f939b3.wp-block-uagb-image .wp-block-uagb-image__figure:hover .wp-block-uagb-image--layout-overlay__inner .uagb-image-separator{opacity: 1;}.uagb-block-e6f939b3.wp-block-uagb-image--layout-default figure:hover img{box-shadow: 0px 0px 0 #00000070;}.uagb-block-e6f939b3.wp-block-uagb-image--layout-overlay figure:hover img{box-shadow: 0px 0px 0 #00000070;}@media only screen and (max-width: 976px) {.uagb-block-e6f939b3.wp-block-uagb-image .wp-block-uagb-image__figure img{width: px;height: auto;}}@media only screen and (max-width: 767px) {.uagb-block-e6f939b3.wp-block-uagb-image .wp-block-uagb-image__figure img{width: px;height: auto;}}\";s:2:\"js\";s:0:\"\";s:18:\"current_block_list\";a:13:{i:0;s:11:\"core\/search\";i:1;s:10:\"core\/group\";i:2;s:12:\"core\/heading\";i:3;s:17:\"core\/latest-posts\";i:4;s:20:\"core\/latest-comments\";i:5;s:13:\"core\/archives\";i:6;s:15:\"core\/categories\";i:7;s:14:\"core\/paragraph\";i:8;s:10:\"uagb\/image\";i:9;s:11:\"core\/spacer\";i:10;s:30:\"woocommerce\/product-categories\";i:11;s:10:\"core\/image\";i:12;s:14:\"core\/shortcode\";}s:8:\"uag_flag\";b:1;s:11:\"uag_version\";s:10:\"1777174446\";s:6:\"gfonts\";a:0:{}s:10:\"gfonts_url\";s:0:\"\";s:12:\"gfonts_files\";a:0:{}s:14:\"uag_faq_layout\";b:0;}"]},"uagb_featured_image_src":{"full":["https:\/\/www.ferberpainting.com\/wp-content\/uploads\/2025\/05\/CherryTreeFertilizerensac.png",2560,2560,false],"thumbnail":["https:\/\/www.ferberpainting.com\/wp-content\/uploads\/2025\/05\/CherryTreeFertilizerensac-150x150.png",150,150,true],"medium":["https:\/\/www.ferberpainting.com\/wp-content\/uploads\/2025\/05\/CherryTreeFertilizerensac-300x300.png",300,300,true],"medium_large":["https:\/\/www.ferberpainting.com\/wp-content\/uploads\/2025\/05\/CherryTreeFertilizerensac-768x768.png",768,768,true],"large":["https:\/\/www.ferberpainting.com\/wp-content\/uploads\/2025\/05\/CherryTreeFertilizerensac-1024x1024.png",1024,1024,true],"1536x1536":["https:\/\/www.ferberpainting.com\/wp-content\/uploads\/2025\/05\/CherryTreeFertilizerensac-1536x1536.png",1536,1536,true],"2048x2048":["https:\/\/www.ferberpainting.com\/wp-content\/uploads\/2025\/05\/CherryTreeFertilizerensac-2048x2048.png",2048,2048,true],"trp-custom-language-flag":["https:\/\/www.ferberpainting.com\/wp-content\/uploads\/2025\/05\/CherryTreeFertilizerensac-12x12.png",12,12,true],"woocommerce_thumbnail":["https:\/\/www.ferberpainting.com\/wp-content\/uploads\/2025\/05\/CherryTreeFertilizerensac-300x300.png",300,300,true],"woocommerce_single":["https:\/\/www.ferberpainting.com\/wp-content\/uploads\/2025\/05\/CherryTreeFertilizerensac-600x600.png",600,600,true],"woocommerce_gallery_thumbnail":["https:\/\/www.ferberpainting.com\/wp-content\/uploads\/2025\/05\/CherryTreeFertilizerensac-100x100.png",100,100,true]},"uagb_author_info":{"display_name":"admin","author_link":"https:\/\/www.ferberpainting.com\/lv\/author\/"},"uagb_comment_info":37,"uagb_excerpt":"A complete fertilizer for a healthy cherry tree and an abundant harvest.\u00a0The cherry tree fertilizer is specially formulated to meet the nutritional needs of cherry trees and other stone fruit trees. Thanks to its balanced composition in nitrogen (N), phosphorus (P), and potassium (K) at a ratio of 10-10-10, it promotes vigorous growth, generous flowering,&hellip;","_links":{"self":[{"href":"https:\/\/www.ferberpainting.com\/lv\/wp-json\/wp\/v2\/product\/23135","targetHints":{"allow":["GET"]}}],"collection":[{"href":"https:\/\/www.ferberpainting.com\/lv\/wp-json\/wp\/v2\/product"}],"about":[{"href":"https:\/\/www.ferberpainting.com\/lv\/wp-json\/wp\/v2\/types\/product"}],"replies":[{"embeddable":true,"href":"https:\/\/www.ferberpainting.com\/lv\/wp-json\/wp\/v2\/comments?post=23135"}],"version-history":[{"count":6,"href":"https:\/\/www.ferberpainting.com\/lv\/wp-json\/wp\/v2\/product\/23135\/revisions"}],"predecessor-version":[{"id":166065,"href":"https:\/\/www.ferberpainting.com\/lv\/wp-json\/wp\/v2\/product\/23135\/revisions\/166065"}],"wp:featuredmedia":[{"embeddable":true,"href":"https:\/\/www.ferberpainting.com\/lv\/wp-json\/wp\/v2\/media\/25722"}],"wp:attachment":[{"href":"https:\/\/www.ferberpainting.com\/lv\/wp-json\/wp\/v2\/media?parent=23135"}],"wp:term":[{"taxonomy":"product_brand","embeddable":true,"href":"https:\/\/www.ferberpainting.com\/lv\/wp-json\/wp\/v2\/product_brand?post=23135"},{"taxonomy":"product_cat","embeddable":true,"href":"https:\/\/www.ferberpainting.com\/lv\/wp-json\/wp\/v2\/product_cat?post=23135"},{"taxonomy":"product_tag","embeddable":true,"href":"https:\/\/www.ferberpainting.com\/lv\/wp-json\/wp\/v2\/product_tag?post=23135"}],"curies":[{"name":"wp","href":"https:\/\/api.w.org\/{rel}","templated":true}]}}