{"id":23099,"date":"2025-05-26T10:22:42","date_gmt":"2025-05-26T08:22:42","guid":{"rendered":"https:\/\/www.ferberpainting.com\/products\/bloom-and-flowering-fertilizer\/"},"modified":"2026-02-15T13:10:15","modified_gmt":"2026-02-15T12:10:15","slug":"bloom-and-flowering-fertilizer","status":"publish","type":"product","link":"https:\/\/www.ferberpainting.com\/lv\/products\/bloom-and-flowering-fertilizer\/","title":{"rendered":"Zied\u0113\u0161anas un zied\u0113\u0161anas m\u0113slojums"},"content":{"rendered":"<p><img decoding=\"async\" style=\"margin-right: 12px;\" src=\"https:\/\/www.ferberpainting.com\/wp-content\/uploads\/2026\/02\/Check.svg\" alt=\"\" width=\"18\" height=\"15\" \/><strong>M\u0113slojums, kas paredz\u0113ts bag\u0101t\u012bgai un intens\u012bvai zied\u0113\u0161anai.<\/strong>\u00a0M\u016bsu zied\u0113\u0161anas m\u0113slojums ir \u012bpa\u0161i izstr\u0101d\u0101ts, lai stimul\u0113tu ziedu veido\u0161anos, stiprin\u0101tu stubl\u0101jus un uzlabotu ziedu kvalit\u0101ti. Pateicoties sabalans\u0113tajam sl\u0101pek\u013ca, fosfora un k\u0101lija sast\u0101vam (NPK 15-15-15), tas nodro\u0161ina augus ar vis\u0101m nepiecie\u0161amaj\u0101m bar\u012bbas viel\u0101m, lai veicin\u0101tu bag\u0101t\u012bgu zied\u0113\u0161anu ar spilgt\u0101m un notur\u012bg\u0101m kr\u0101s\u0101m.<\/p>\n<p><img decoding=\"async\" style=\"margin-right: 12px;\" src=\"https:\/\/www.ferberpainting.com\/wp-content\/uploads\/2026\/02\/Check.svg\" alt=\"\" width=\"18\" height=\"15\" \/><strong>Naudas atmaksas garantija.<\/strong>\u00a0M\u0113s esam piln\u012bgi p\u0101rliecin\u0101ti par m\u016bsu zied\u0113\u0161anas m\u0113slojuma efektivit\u0101ti. Ja, neraugoties uz lieto\u0161anu saska\u0146\u0101 ar ieteikumiem, j\u016bs neapmierina ieg\u016btie rezult\u0101ti, j\u016bs varat sa\u0146emt pilnu kompens\u0101ciju.<\/p>\n<p><img decoding=\"async\" style=\"margin-right: 12px;\" src=\"https:\/\/www.ferberpainting.com\/wp-content\/uploads\/2026\/02\/Check.svg\" alt=\"\" width=\"18\" height=\"15\" \/><strong>Sader\u012bgs ar visu veidu audz\u0113\u0161anas barotn\u0113m.<\/strong>\u00a0\u0160is m\u0113slojums ir univers\u0101ls un piem\u0113rots da\u017e\u0101diem substr\u0101tiem. Tas vienl\u012bdz labi darbojas augsn\u0113, podos, konteineros, hidroponik\u0101 vai atkl\u0101t\u0101 zem\u0113, un to var izmantot visu veidu augsn\u0113s - m\u0101lain\u0101s, smil\u0161ain\u0101s, ka\u013c\u0137ain\u0101s vai smil\u0161m\u0101lain\u0101s. Tas ir ide\u0101li piem\u0113rots dekorat\u012bvaj\u0101m pu\u0137\u0113m, kr\u016bmiem, ziemcie\u0161u un istabas augiem.<\/p>\n<p><img decoding=\"async\" style=\"margin-right: 12px;\" src=\"https:\/\/www.ferberpainting.com\/wp-content\/uploads\/2026\/02\/Check.svg\" alt=\"\" width=\"18\" height=\"15\" \/><strong>Optim\u0101la rentabilit\u0101te.<\/strong>\u00a0T\u0101 koncentr\u0113t\u0101 formula \u013cauj pagatavot l\u012bdz pat 1000 litriem bar\u012bbas \u0161\u0137\u012bduma no vienas 5 litru kannas. Lai nodro\u0161in\u0101tu efekt\u012bvu m\u0113slo\u0161anu, pietiek tikai ar 5 ml at\u0161\u0137aid\u012bta m\u0113slojuma 1 litr\u0101 \u016bdens. Ar \u0161\u0101du izn\u0101kumu m\u0113slojums garant\u0113 ilgsto\u0161u lieto\u0161anu un lielisku cenas un v\u0113rt\u012bbas attiec\u012bbu.<\/p>\n<p><img decoding=\"async\" style=\"margin-right: 12px;\" src=\"https:\/\/www.ferberpainting.com\/wp-content\/uploads\/2026\/02\/Check.svg\" alt=\"\" width=\"18\" height=\"15\" \/><strong>Videi draudz\u012bgs m\u0113slojums.<\/strong>\u00a0\u0160is m\u0113slojums ir izstr\u0101d\u0101ts t\u0101, lai tas b\u016btu dro\u0161s biolo\u0123iskajai daudzveid\u012bbai. Tas nesatur agres\u012bvas \u0137\u012bmiskas piedevas un nepies\u0101r\u0146o augsni vai grunts\u016bde\u0146us. T\u0101 sast\u0101vs pal\u012bdz saglab\u0101t augsnes dabisko l\u012bdzsvaru, vienlaikus veicinot labv\u0113l\u012bgo mikroorganismu darb\u012bbu.<\/p>\n<p><img decoding=\"async\" style=\"margin-right: 12px;\" src=\"https:\/\/www.ferberpainting.com\/wp-content\/uploads\/2026\/02\/Check.svg\" alt=\"\" width=\"18\" height=\"15\" \/><strong>Viegli uzkl\u0101jams un dro\u0161s pret sak\u0146u apdegumu.<\/strong>\u00a0At\u0161\u0137ir\u012bb\u0101 no cietajiem m\u0113slo\u0161anas l\u012bdzek\u013ciem, kas var rad\u012bt p\u0101rm\u0113r\u012bgu miner\u0101ls\u0101\u013cu koncentr\u0101ciju, m\u016bsu \u0161\u0137idrie m\u0113slo\u0161anas l\u012bdzek\u013ci lieliski iz\u0161\u0137\u012bst \u016bden\u012b, nodro\u0161inot vienm\u0113r\u012bgu izkliedi un nov\u0113r\u0161ot sak\u0146u apdeg\u0161anu. To ir viegli doz\u0113t, sagatavot un lietot.<\/p>\n<p><img decoding=\"async\" style=\"margin-right: 12px;\" src=\"https:\/\/www.ferberpainting.com\/wp-content\/uploads\/2026\/02\/Check.svg\" alt=\"\" width=\"18\" height=\"15\" \/><strong>Ilgnotur\u012bgs m\u0113slojums ilgsto\u0161ai zied\u0113\u0161anai.<\/strong>\u00a0Pateicoties sabalans\u0113tajam bar\u012bbas vielu saturam, \u0161is m\u0113slojums veicina pak\u0101penisku svar\u012bg\u0101ko elementu izdal\u012b\u0161anos, pal\u012bdzot augiem zied\u0113t ilg\u0101k un lab\u0101k. Tas darbojas, stiprinot augu jau no pirmaj\u0101m dien\u0101m, un turpina to barot visa zied\u0113\u0161anas cikla laik\u0101.<\/p>\n<p><img decoding=\"async\" style=\"margin-right: 12px;\" src=\"https:\/\/www.ferberpainting.com\/wp-content\/uploads\/2026\/02\/Check.svg\" alt=\"\" width=\"18\" height=\"15\" \/><strong>\u0100tri redzami rezult\u0101ti.<\/strong>\u00a0Jau p\u0113c da\u017e\u0101m dien\u0101m j\u016bs paman\u012bsiet intens\u012bv\u0101ku kr\u0101su, liel\u0101ku pumpuru skaitu un liel\u0101ku ziedu vitalit\u0101ti. Sl\u0101peklis veicina l\u012bdzsvarotu lapu aug\u0161anu, fosfors stimul\u0113 ziedu pumpuru veido\u0161anos, bet k\u0101lijs uzlabo iztur\u012bbu pret slim\u012bb\u0101m un skarbiem klimatiskajiem apst\u0101k\u013ciem.<\/p>\n<p><img decoding=\"async\" style=\"margin-right: 12px;\" src=\"https:\/\/www.ferberpainting.com\/wp-content\/uploads\/2026\/02\/Check.svg\" alt=\"\" width=\"18\" height=\"15\" \/><strong>M\u0113slojums, kas piem\u0113rots visiem ziedo\u0161iem augiem.<\/strong>\u00a0Neatkar\u012bgi no t\u0101, vai tas paredz\u0113ts roz\u0113m, orhidej\u0101m, pelargonij\u0101m, hibiskusiem, lavand\u0101m vai ziedo\u0161iem kr\u016bmiem, \u0161is m\u0113slojums nodro\u0161ina bar\u012bbas vielas, kas nepiecie\u0161amas visos zied\u0113\u0161anas posmos. Tas ir ar\u012b lieliski piem\u0113rots tropu augiem un eksotisk\u0101m pu\u0137\u0113m, neatkar\u012bgi no t\u0101, vai t\u0101s audz\u0113 gan telp\u0101s, gan \u0101r\u0101.<\/p>\n<h2><strong>Lieto\u0161anas protokols<\/strong><\/h2>\n<ul>\n<li><strong>Pieteik\u0161an\u0101s periods <\/strong>: M\u0113slojumu lietojiet vis\u0101 zied\u0113\u0161anas laik\u0101, v\u0113lams pavasara un vasaras m\u0113ne\u0161os. Telpaugiem var apsv\u0113rt regul\u0101ru m\u0113slo\u0161anu visa gada garum\u0101.<\/li>\n<li><strong>\u0160\u0137\u012bduma sagatavo\u0161ana <\/strong>: At\u0161\u0137aidiet 5 ml m\u0113slo\u0161anas l\u012bdzek\u013ca 1 litr\u0101 \u016bdens, lai ieg\u016btu homog\u0113nu \u0161\u0137\u012bdumu, gatavu lieto\u0161anai.<\/li>\n<li><strong>Piem\u0113ro\u0161anas metode <\/strong>:\n<ul>\n<li><strong>Laist\u012b\u0161ana pie augu pamatnes <\/strong>: Uzlejiet bar\u012bbas \u0161\u0137\u012bdumu tie\u0161i uz substr\u0101ta pie sakn\u0113m.<\/li>\n<li><strong>Lapu smidzin\u0101\u0161ana <\/strong>: Viegli izsmidziniet uz lap\u0101m un ziediem, lai \u0101tri uzs\u016bktu bar\u012bbas vielas.<\/li>\n<\/ul>\n<\/li>\n<li><strong>Lieto\u0161anas bie\u017eums <\/strong>:\n<ul>\n<li><strong>Akt\u012bvi ziedo\u0161i augi <\/strong>: Lietojiet ik p\u0113c div\u0101m ned\u0113\u013c\u0101m, lai stimul\u0113tu bag\u0101t\u012bgu zied\u0113\u0161anu.<\/li>\n<li><strong>Apkopes iek\u0101rtas <\/strong>: Viena apstr\u0101de ik p\u0113c 3 l\u012bdz 4 ned\u0113\u013c\u0101m pal\u012bdz uztur\u0113t vienm\u0113r\u012bgu zied\u0113\u0161anu.<\/li>\n<\/ul>\n<\/li>\n<li><strong>Lieto\u0161anas piesardz\u012bbas pas\u0101kumi <\/strong>:\n<ul>\n<li>Izvairieties no p\u0101rm\u0113r\u012bgas m\u0113slo\u0161anas, jo p\u0101rm\u0113r\u012bga m\u0113slo\u0161ana var izrais\u012bt p\u0101rm\u0113r\u012bgu lapotnes veido\u0161anos uz ziedu r\u0113\u0137ina.<\/li>\n<li>Nelietot karstuma maksimuma laik\u0101 vai tie\u0161os saules staros, lai izvair\u012btos no straujas bar\u012bbas vielu iztvaiko\u0161anas.<\/li>\n<\/ul>\n<\/li>\n<\/ul>\n<p>Ar \u0161o augstas efektivit\u0101tes un sabalans\u0113to zied\u0113\u0161anas m\u0113slojumu j\u016bsu augi g\u016bs labumu no pilnv\u0113rt\u012bgas un piel\u0101gotas bar\u012bbas, nodro\u0161inot sul\u012bgu un ilgsto\u0161u zied\u0113\u0161anu.<\/p>","protected":false},"excerpt":{"rendered":"<p>A fertilizer designed for abundant and vibrant flowering.\u00a0Our flowering fertilizer is specially formulated to stimulate flower production, strengthen stems, and improve the quality of blooms. Thanks to its balanced composition in nitrogen, phosphorus, and potassium (NPK 15-15-15), it provides plants with all the essential nutrients to promote generous flowering, with vibrant and long-lasting colors. Money-back [&hellip;]<\/p>\n","protected":false},"featured_media":25650,"comment_status":"open","ping_status":"closed","template":"","meta":{"_uag_custom_page_level_css":"","site-sidebar-layout":"default","site-content-layout":"","ast-site-content-layout":"default","site-content-style":"default","site-sidebar-style":"default","ast-global-header-display":"","ast-banner-title-visibility":"","ast-main-header-display":"","ast-hfb-above-header-display":"","ast-hfb-below-header-display":"","ast-hfb-mobile-header-display":"","site-post-title":"","ast-breadcrumbs-content":"","ast-featured-img":"","footer-sml-layout":"","ast-disable-related-posts":"","theme-transparent-header-meta":"default","adv-header-id-meta":"","stick-header-meta":"","header-above-stick-meta":"","header-main-stick-meta":"","header-below-stick-meta":"","astra-migrate-meta-layouts":"set","ast-page-background-enabled":"default","ast-page-background-meta":{"desktop":{"background-color":"var(--ast-global-color-4)","background-image":"","background-repeat":"repeat","background-position":"center center","background-size":"auto","background-attachment":"scroll","background-type":"","background-media":"","overlay-type":"","overlay-color":"","overlay-opacity":"","overlay-gradient":""},"tablet":{"background-color":"","background-image":"","background-repeat":"repeat","background-position":"center center","background-size":"auto","background-attachment":"scroll","background-type":"","background-media":"","overlay-type":"","overlay-color":"","overlay-opacity":"","overlay-gradient":""},"mobile":{"background-color":"","background-image":"","background-repeat":"repeat","background-position":"center center","background-size":"auto","background-attachment":"scroll","background-type":"","background-media":"","overlay-type":"","overlay-color":"","overlay-opacity":"","overlay-gradient":""}},"ast-content-background-meta":{"desktop":{"background-color":"var(--ast-global-color-5)","background-image":"","background-repeat":"repeat","background-position":"center center","background-size":"auto","background-attachment":"scroll","background-type":"","background-media":"","overlay-type":"","overlay-color":"","overlay-opacity":"","overlay-gradient":""},"tablet":{"background-color":"var(--ast-global-color-5)","background-image":"","background-repeat":"repeat","background-position":"center center","background-size":"auto","background-attachment":"scroll","background-type":"","background-media":"","overlay-type":"","overlay-color":"","overlay-opacity":"","overlay-gradient":""},"mobile":{"background-color":"var(--ast-global-color-5)","background-image":"","background-repeat":"repeat","background-position":"center center","background-size":"auto","background-attachment":"scroll","background-type":"","background-media":"","overlay-type":"","overlay-color":"","overlay-opacity":"","overlay-gradient":""}}},"product_brand":[],"product_cat":[178],"product_tag":[],"class_list":{"0":"post-23099","1":"product","2":"type-product","3":"status-publish","4":"has-post-thumbnail","6":"product_cat-fertilizers","7":"desktop-align-left","8":"tablet-align-left","9":"mobile-align-left","11":"first","12":"instock","13":"sale","14":"shipping-taxable","15":"purchasable","16":"product-type-variable"},"spectra_custom_meta":{"_visibility":["visible"],"_shopify_product_id":["9073329045749"],"_s2w_shopify_domain":["ferberpainting.myshopify.com"],"_shopify_variant_id":["46524657664245"],"_sku":[""],"_manage_stock":["no"],"total_sales":["6"],"_tax_status":["taxable"],"_tax_class":[""],"_backorders":["no"],"_sold_individually":["no"],"_virtual":["no"],"_downloadable":["no"],"_download_limit":["-1"],"_download_expiry":["-1"],"_stock":[null],"_stock_status":["instock"],"_wc_average_rating":["4.86"],"_wc_review_count":["7"],"_product_attributes":["a:1:{s:6:\"volume\";a:6:{s:4:\"name\";s:6:\"Volume\";s:5:\"value\";s:20:\"5 liters | 25 liters\";s:8:\"position\";i:1;s:10:\"is_visible\";i:0;s:12:\"is_variation\";i:1;s:11:\"is_taxonomy\";i:0;}}"],"_product_version":["10.5.1"],"_thumbnail_id":["25650"],"_product_image_gallery":["25684"],"wpse_downloadable_file_names":[""],"wpse_downloadable_file_urls":[""],"_edit_last":["1"],"_edit_lock":["1771157278:1"],"_price":["29.90","129.90"],"merchant-center-availability":["yes"],"merchant-center-category":["113"],"_wp_page_template":["default"],"site-sidebar-layout":["default"],"ast-site-content-layout":["default"],"site-content-style":["default"],"site-sidebar-style":["default"],"theme-transparent-header-meta":["default"],"_wc_rating_count":["a:2:{i:4;i:1;i:5;i:6;}"],"astra-migrate-meta-layouts":["set"],"_uag_css_file_name":["uag-css-23099.css"],"_elementor_page_assets":["a:0:{}"],"_uag_page_assets":["a:9:{s:3:\"css\";s:6873:\".wp-block-uagb-image{display:flex}.wp-block-uagb-image__figure{position:relative;display:flex;flex-direction:column;max-width:100%;height:auto;margin:0}.wp-block-uagb-image__figure img{height:auto;display:flex;max-width:100%;transition:box-shadow .2s ease}.wp-block-uagb-image__figure>a{display:inline-block}.wp-block-uagb-image__figure figcaption{text-align:center;margin-top:.5em;margin-bottom:1em}.wp-block-uagb-image .components-placeholder.block-editor-media-placeholder .components-placeholder__instructions{align-self:center}.wp-block-uagb-image--align-left{text-align:left}.wp-block-uagb-image--align-right{text-align:right}.wp-block-uagb-image--align-center{text-align:center}.wp-block-uagb-image--align-full .wp-block-uagb-image__figure{margin-left:calc(50% - 50vw);margin-right:calc(50% - 50vw);max-width:100vw;width:100vw;height:auto}.wp-block-uagb-image--align-full .wp-block-uagb-image__figure img{height:auto;width:100% !important}.wp-block-uagb-image--align-wide .wp-block-uagb-image__figure img{height:auto;width:100%}.wp-block-uagb-image--layout-overlay__color-wrapper{position:absolute;left:0;top:0;right:0;bottom:0;opacity:.2;background:rgba(0,0,0,.5);transition:opacity .35s ease-in-out}.wp-block-uagb-image--layout-overlay-link{position:absolute;left:0;right:0;bottom:0;top:0}.wp-block-uagb-image--layout-overlay .wp-block-uagb-image__figure:hover .wp-block-uagb-image--layout-overlay__color-wrapper{opacity:1}.wp-block-uagb-image--layout-overlay__inner{position:absolute;left:15px;right:15px;bottom:15px;top:15px;display:flex;align-items:center;justify-content:center;flex-direction:column;border-color:#fff;transition:.35s ease-in-out}.wp-block-uagb-image--layout-overlay__inner.top-left,.wp-block-uagb-image--layout-overlay__inner.top-center,.wp-block-uagb-image--layout-overlay__inner.top-right{justify-content:flex-start}.wp-block-uagb-image--layout-overlay__inner.bottom-left,.wp-block-uagb-image--layout-overlay__inner.bottom-center,.wp-block-uagb-image--layout-overlay__inner.bottom-right{justify-content:flex-end}.wp-block-uagb-image--layout-overlay__inner.top-left,.wp-block-uagb-image--layout-overlay__inner.center-left,.wp-block-uagb-image--layout-overlay__inner.bottom-left{align-items:flex-start}.wp-block-uagb-image--layout-overlay__inner.top-right,.wp-block-uagb-image--layout-overlay__inner.center-right,.wp-block-uagb-image--layout-overlay__inner.bottom-right{align-items:flex-end}.wp-block-uagb-image--layout-overlay__inner .uagb-image-heading{color:#fff;transition:transform .35s,opacity .35s ease-in-out;transform:translate3d(0, 24px, 0);margin:0;line-height:1em}.wp-block-uagb-image--layout-overlay__inner .uagb-image-separator{width:30%;border-top-width:2px;border-top-color:#fff;border-top-style:solid;margin-bottom:10px;opacity:0;transition:transform .4s,opacity .4s ease-in-out;transform:translate3d(0, 30px, 0)}.wp-block-uagb-image--layout-overlay__inner .uagb-image-caption{opacity:0;overflow:visible;color:#fff;transition:transform .45s,opacity .45s ease-in-out;transform:translate3d(0, 35px, 0)}.wp-block-uagb-image--layout-overlay__inner:hover .uagb-image-heading,.wp-block-uagb-image--layout-overlay__inner:hover .uagb-image-separator,.wp-block-uagb-image--layout-overlay__inner:hover .uagb-image-caption{opacity:1;transform:translate3d(0, 0, 0)}.wp-block-uagb-image--effect-zoomin .wp-block-uagb-image__figure img,.wp-block-uagb-image--effect-zoomin .wp-block-uagb-image__figure .wp-block-uagb-image--layout-overlay__color-wrapper{transform:scale(1);transition:transform .35s ease-in-out}.wp-block-uagb-image--effect-zoomin .wp-block-uagb-image__figure:hover img,.wp-block-uagb-image--effect-zoomin .wp-block-uagb-image__figure:hover .wp-block-uagb-image--layout-overlay__color-wrapper{transform:scale(1.05)}.wp-block-uagb-image--effect-slide .wp-block-uagb-image__figure img,.wp-block-uagb-image--effect-slide .wp-block-uagb-image__figure .wp-block-uagb-image--layout-overlay__color-wrapper{width:calc(100% + 40px) !important;max-width:none !important;transform:translate3d(-40px, 0, 0);transition:transform .35s ease-in-out}.wp-block-uagb-image--effect-slide .wp-block-uagb-image__figure:hover img,.wp-block-uagb-image--effect-slide .wp-block-uagb-image__figure:hover .wp-block-uagb-image--layout-overlay__color-wrapper{transform:translate3d(0, 0, 0)}.wp-block-uagb-image--effect-grayscale img{filter:grayscale(0%);transition:.35s ease-in-out}.wp-block-uagb-image--effect-grayscale:hover img{filter:grayscale(100%)}.wp-block-uagb-image--effect-blur img{filter:blur(0);transition:.35s ease-in-out}.wp-block-uagb-image--effect-blur:hover img{filter:blur(3px)}.uagb-block-e6f939b3.wp-block-uagb-image--layout-default figure img{box-shadow: 0px 0px 0 #00000070;}.uagb-block-e6f939b3.wp-block-uagb-image .wp-block-uagb-image__figure figcaption{font-style: normal;align-self: center;}.uagb-block-e6f939b3.wp-block-uagb-image--layout-overlay figure img{box-shadow: 0px 0px 0 #00000070;}.uagb-block-e6f939b3.wp-block-uagb-image--layout-overlay .wp-block-uagb-image--layout-overlay__color-wrapper{opacity: 0.2;}.uagb-block-e6f939b3.wp-block-uagb-image--layout-overlay .wp-block-uagb-image--layout-overlay__inner{left: 15px;right: 15px;top: 15px;bottom: 15px;}.uagb-block-e6f939b3.wp-block-uagb-image--layout-overlay .wp-block-uagb-image--layout-overlay__inner .uagb-image-heading{font-style: normal;color: #fff;opacity: 1;}.uagb-block-e6f939b3.wp-block-uagb-image--layout-overlay .wp-block-uagb-image--layout-overlay__inner .uagb-image-heading a{color: #fff;}.uagb-block-e6f939b3.wp-block-uagb-image--layout-overlay .wp-block-uagb-image--layout-overlay__inner .uagb-image-caption{opacity: 0;}.uagb-block-e6f939b3.wp-block-uagb-image--layout-overlay .wp-block-uagb-image__figure:hover .wp-block-uagb-image--layout-overlay__color-wrapper{opacity: 1;}.uagb-block-e6f939b3.wp-block-uagb-image .wp-block-uagb-image--layout-overlay__inner .uagb-image-separator{width: 30%;border-top-width: 2px;border-top-color: #fff;opacity: 0;}.uagb-block-e6f939b3.wp-block-uagb-image .wp-block-uagb-image__figure img{width: px;height: auto;}.uagb-block-e6f939b3.wp-block-uagb-image .wp-block-uagb-image__figure:hover .wp-block-uagb-image--layout-overlay__inner .uagb-image-caption{opacity: 1;}.uagb-block-e6f939b3.wp-block-uagb-image .wp-block-uagb-image__figure:hover .wp-block-uagb-image--layout-overlay__inner .uagb-image-separator{opacity: 1;}.uagb-block-e6f939b3.wp-block-uagb-image--layout-default figure:hover img{box-shadow: 0px 0px 0 #00000070;}.uagb-block-e6f939b3.wp-block-uagb-image--layout-overlay figure:hover img{box-shadow: 0px 0px 0 #00000070;}@media only screen and (max-width: 976px) {.uagb-block-e6f939b3.wp-block-uagb-image .wp-block-uagb-image__figure img{width: px;height: auto;}}@media only screen and (max-width: 767px) {.uagb-block-e6f939b3.wp-block-uagb-image .wp-block-uagb-image__figure img{width: px;height: auto;}}\";s:2:\"js\";s:0:\"\";s:18:\"current_block_list\";a:13:{i:0;s:11:\"core\/search\";i:1;s:10:\"core\/group\";i:2;s:12:\"core\/heading\";i:3;s:17:\"core\/latest-posts\";i:4;s:20:\"core\/latest-comments\";i:5;s:13:\"core\/archives\";i:6;s:15:\"core\/categories\";i:7;s:14:\"core\/paragraph\";i:8;s:10:\"uagb\/image\";i:9;s:11:\"core\/spacer\";i:10;s:30:\"woocommerce\/product-categories\";i:11;s:10:\"core\/image\";i:12;s:14:\"core\/shortcode\";}s:8:\"uag_flag\";b:1;s:11:\"uag_version\";s:10:\"1777096544\";s:6:\"gfonts\";a:0:{}s:10:\"gfonts_url\";s:0:\"\";s:12:\"gfonts_files\";a:0:{}s:14:\"uag_faq_layout\";b:0;}"]},"uagb_featured_image_src":{"full":["https:\/\/www.ferberpainting.com\/wp-content\/uploads\/2025\/05\/BloomandFloweringFertilizer5L.png",2560,2560,false],"thumbnail":["https:\/\/www.ferberpainting.com\/wp-content\/uploads\/2025\/05\/BloomandFloweringFertilizer5L-150x150.png",150,150,true],"medium":["https:\/\/www.ferberpainting.com\/wp-content\/uploads\/2025\/05\/BloomandFloweringFertilizer5L-300x300.png",300,300,true],"medium_large":["https:\/\/www.ferberpainting.com\/wp-content\/uploads\/2025\/05\/BloomandFloweringFertilizer5L-768x768.png",768,768,true],"large":["https:\/\/www.ferberpainting.com\/wp-content\/uploads\/2025\/05\/BloomandFloweringFertilizer5L-1024x1024.png",1024,1024,true],"1536x1536":["https:\/\/www.ferberpainting.com\/wp-content\/uploads\/2025\/05\/BloomandFloweringFertilizer5L-1536x1536.png",1536,1536,true],"2048x2048":["https:\/\/www.ferberpainting.com\/wp-content\/uploads\/2025\/05\/BloomandFloweringFertilizer5L-2048x2048.png",2048,2048,true],"trp-custom-language-flag":["https:\/\/www.ferberpainting.com\/wp-content\/uploads\/2025\/05\/BloomandFloweringFertilizer5L-12x12.png",12,12,true],"woocommerce_thumbnail":["https:\/\/www.ferberpainting.com\/wp-content\/uploads\/2025\/05\/BloomandFloweringFertilizer5L-300x300.png",300,300,true],"woocommerce_single":["https:\/\/www.ferberpainting.com\/wp-content\/uploads\/2025\/05\/BloomandFloweringFertilizer5L-600x600.png",600,600,true],"woocommerce_gallery_thumbnail":["https:\/\/www.ferberpainting.com\/wp-content\/uploads\/2025\/05\/BloomandFloweringFertilizer5L-100x100.png",100,100,true]},"uagb_author_info":{"display_name":"admin","author_link":"https:\/\/www.ferberpainting.com\/lv\/author\/"},"uagb_comment_info":7,"uagb_excerpt":"A fertilizer designed for abundant and vibrant flowering.\u00a0Our flowering fertilizer is specially formulated to stimulate flower production, strengthen stems, and improve the quality of blooms. Thanks to its balanced composition in nitrogen, phosphorus, and potassium (NPK 15-15-15), it provides plants with all the essential nutrients to promote generous flowering, with vibrant and long-lasting colors. Money-back&hellip;","_links":{"self":[{"href":"https:\/\/www.ferberpainting.com\/lv\/wp-json\/wp\/v2\/product\/23099","targetHints":{"allow":["GET"]}}],"collection":[{"href":"https:\/\/www.ferberpainting.com\/lv\/wp-json\/wp\/v2\/product"}],"about":[{"href":"https:\/\/www.ferberpainting.com\/lv\/wp-json\/wp\/v2\/types\/product"}],"replies":[{"embeddable":true,"href":"https:\/\/www.ferberpainting.com\/lv\/wp-json\/wp\/v2\/comments?post=23099"}],"version-history":[{"count":5,"href":"https:\/\/www.ferberpainting.com\/lv\/wp-json\/wp\/v2\/product\/23099\/revisions"}],"predecessor-version":[{"id":166041,"href":"https:\/\/www.ferberpainting.com\/lv\/wp-json\/wp\/v2\/product\/23099\/revisions\/166041"}],"wp:featuredmedia":[{"embeddable":true,"href":"https:\/\/www.ferberpainting.com\/lv\/wp-json\/wp\/v2\/media\/25650"}],"wp:attachment":[{"href":"https:\/\/www.ferberpainting.com\/lv\/wp-json\/wp\/v2\/media?parent=23099"}],"wp:term":[{"taxonomy":"product_brand","embeddable":true,"href":"https:\/\/www.ferberpainting.com\/lv\/wp-json\/wp\/v2\/product_brand?post=23099"},{"taxonomy":"product_cat","embeddable":true,"href":"https:\/\/www.ferberpainting.com\/lv\/wp-json\/wp\/v2\/product_cat?post=23099"},{"taxonomy":"product_tag","embeddable":true,"href":"https:\/\/www.ferberpainting.com\/lv\/wp-json\/wp\/v2\/product_tag?post=23099"}],"curies":[{"name":"wp","href":"https:\/\/api.w.org\/{rel}","templated":true}]}}