{"id":23095,"date":"2025-05-26T10:22:41","date_gmt":"2025-05-26T08:22:41","guid":{"rendered":"https:\/\/www.ferberpainting.com\/products\/bituminous-foundation-sealant\/"},"modified":"2026-02-24T17:58:40","modified_gmt":"2026-02-24T16:58:40","slug":"bituminous-foundation-sealant","status":"publish","type":"product","link":"https:\/\/www.ferberpainting.com\/lv\/products\/bituminous-foundation-sealant\/","title":{"rendered":"Bitumena pamatu herm\u0113ti\u0137is"},"content":{"rendered":"<p><img decoding=\"async\" style=\"margin-right: 12px;\" src=\"https:\/\/www.ferberpainting.com\/wp-content\/uploads\/2026\/02\/Check.svg\" alt=\"\" width=\"18\" height=\"15\" \/><strong>Optim\u0101la aizsardz\u012bba pret mitruma un \u016bdens iek\u013c\u016b\u0161anu.<\/strong>\u00a0\u0160is bitumena p\u0101rkl\u0101jums ir \u012bpa\u0161i izstr\u0101d\u0101ts, lai nodro\u0161in\u0101tu iztur\u012bgu pamatu un pazemes konstrukciju hidroizol\u0101ciju. Tas rada \u016bdensnecaurlaid\u012bgu barjeru, kas ne\u013cauj \u016bdenim iek\u013c\u016bt sien\u0101s, t\u0101d\u0113j\u0101di samazinot mitruma, pel\u0113juma un infiltr\u0101cijas rad\u012bto boj\u0101jumu risku. T\u0101 ar\u012b aizsarg\u0101 pret noteces \u016bdeni un kapil\u0101ro \u016bdens paaugstin\u0101\u0161anos, nodro\u0161inot konstrukciju ilgm\u016b\u017e\u012bbu.<\/p>\n<p><img decoding=\"async\" style=\"margin-right: 12px;\" src=\"https:\/\/www.ferberpainting.com\/wp-content\/uploads\/2026\/02\/Check.svg\" alt=\"\" width=\"18\" height=\"15\" \/><strong>Naudas atmaksas garantija.<\/strong>\u00a0M\u0113s esam piln\u012bb\u0101 p\u0101rliecin\u0101ti par m\u016bsu bitumena hidroizol\u0101cijas p\u0101rkl\u0101juma efektivit\u0101ti. T\u0101p\u0113c m\u0113s pied\u0101v\u0101jam naudas atmaksas garantiju. Ja p\u0113c uzkl\u0101\u0161anas saska\u0146\u0101 ar ieteikumiem produkts neatbilst j\u016bsu gaid\u012btajam, jums ir iesp\u0113ja piepras\u012bt naudas atmaksu bez nosac\u012bjumiem, nodro\u0161inot dro\u0161u un bezriska pirkumu.<\/p>\n<p><img decoding=\"async\" style=\"margin-right: 12px;\" src=\"https:\/\/www.ferberpainting.com\/wp-content\/uploads\/2026\/02\/Check.svg\" alt=\"\" width=\"18\" height=\"15\" \/><strong>Sader\u012bgs ar da\u017e\u0101d\u0101m virsm\u0101m.<\/strong>\u00a0\u0160is bitumena p\u0101rkl\u0101jums ir sader\u012bgs ar betonu, cementu, javu un \u0137ie\u0123e\u013ciem, pied\u0101v\u0101jot daudzpus\u012bgu risin\u0101jumu pamatu, pagrabu, ierakto sienu un konstrukciju, kas saskaras ar zemi, hidroizol\u0101cijai. To var izmantot ar\u012b uz vertik\u0101l\u0101m vai horizont\u0101l\u0101m virsm\u0101m, uz jaun\u0101m vai atjaunot\u0101m virsm\u0101m, un nav nepiecie\u0161ama \u012bpa\u0161a gruntskr\u0101sa, lai nodro\u0161in\u0101tu labu sa\u0137eri.<\/p>\n<p><img decoding=\"async\" style=\"margin-right: 12px;\" src=\"https:\/\/www.ferberpainting.com\/wp-content\/uploads\/2026\/02\/Check.svg\" alt=\"\" width=\"18\" height=\"15\" \/><strong>Ekonomiska efektivit\u0101te un maksim\u0101la veiktsp\u0113ja.<\/strong>\u00a0Pateicoties t\u0101 koncentr\u0113tajam sast\u0101vam, 10 kg bitumena p\u0101rkl\u0101juma var nosegt aptuveni 1 m\u00b2, atkar\u012bb\u0101 no pamatnes uzs\u016bk\u0161an\u0101s un uzkl\u0101t\u0101 biezuma. T\u0101 lielisk\u0101 seguma sp\u0113ja nodro\u0161ina efekt\u012bvu aizsardz\u012bbu ar samazin\u0101tu pat\u0113ri\u0146u, t\u0101d\u0113j\u0101di samazinot kop\u0113j\u0101s darbu izmaksas un vienlaikus garant\u0113jot augstas kvalit\u0101tes hidroizol\u0101ciju.<\/p>\n<p><img decoding=\"async\" style=\"margin-right: 12px;\" src=\"https:\/\/www.ferberpainting.com\/wp-content\/uploads\/2026\/02\/Check.svg\" alt=\"\" width=\"18\" height=\"15\" \/><strong>Dro\u0161s un lietot\u0101jam nekait\u012bgs produkts.<\/strong>\u00a0\u0160\u012b p\u0101rkl\u0101juma sast\u0101v\u0101 nav agres\u012bvu \u0161\u0137\u012bdin\u0101t\u0101ju, t\u0101p\u0113c tas neizdala kait\u012bgus izgarojumus, un to var dro\u0161i lietot pat sl\u0113gt\u0101s telp\u0101s. Tam nav nepiecie\u0161ami \u012bpa\u0161i aizsardz\u012bbas l\u012bdzek\u013ci, lai gan ieteicams valk\u0101t cimdus, lai izvair\u012btos no tie\u0161as saskares ar \u0101du. Tas atbilst sp\u0113k\u0101 eso\u0161ajiem vides aizsardz\u012bbas standartiem, nodro\u0161inot dro\u0161u lieto\u0161anu gan lietot\u0101jam, gan videi.<\/p>\n<p><img decoding=\"async\" style=\"margin-right: 12px;\" src=\"https:\/\/www.ferberpainting.com\/wp-content\/uploads\/2026\/02\/Check.svg\" alt=\"\" width=\"18\" height=\"15\" \/><strong>Viegla lieto\u0161ana un \u0101tra ievie\u0161ana.<\/strong>\u00a0\u0160is bitumena p\u0101rkl\u0101jums ir gatavs lieto\u0161anai, un to var viegli uzkl\u0101t ar otu, rull\u012bti vai l\u0101psti\u0146u bez iepriek\u0161\u0113jas sajauk\u0161anas. T\u0101 \u0161\u0137idr\u0101 strukt\u016bra nodro\u0161ina viendab\u012bgu izkliedi uz virsmas, izvairoties no v\u0101jaj\u0101m viet\u0101m. T\u0101 uzkl\u0101\u0161ana ir vienk\u0101r\u0161a pat nepieredz\u0113ju\u0161iem lietot\u0101jiem, nodro\u0161inot vienm\u0113r\u012bgu p\u0101rkl\u0101jumu jau ar pirmo k\u0101rtu.<\/p>\n<p><img decoding=\"async\" style=\"margin-right: 12px;\" src=\"https:\/\/www.ferberpainting.com\/wp-content\/uploads\/2026\/02\/Check.svg\" alt=\"\" width=\"18\" height=\"15\" \/><strong>Izcila iztur\u012bba ilgtermi\u0146a aizsardz\u012bbai.<\/strong>\u00a0P\u0113c uzkl\u0101\u0161anas un iz\u017e\u016b\u0161anas \u0161is bitumena p\u0101rkl\u0101jums ir \u013coti iztur\u012bgs pret laikapst\u0101k\u013ciem, sasal\u0161anas\/atkus\u0161anas cikliem un augsn\u0113 eso\u0161o \u0137\u012bmisko agresiju. Tas saglab\u0101 savas hidroizol\u0101cijas \u012bpa\u0161\u012bbas vair\u0101kus gadus, neprasot \u012bpa\u0161u apkopi, nodro\u0161inot efekt\u012bvu un ilgsto\u0161u pamatu un pazemes konstrukciju aizsardz\u012bbu.<\/p>\n<p><img decoding=\"async\" style=\"margin-right: 12px;\" src=\"https:\/\/www.ferberpainting.com\/wp-content\/uploads\/2026\/02\/Check.svg\" alt=\"\" width=\"18\" height=\"15\" \/><strong>\u0100tra \u017e\u0101v\u0113\u0161ana pa\u0101trin\u0101tai ievie\u0161anai.<\/strong>\u00a0T\u0101 sast\u0101vs \u013cauj no\u017e\u016bt virsmai 3 l\u012bdz 6 stund\u0101s un piln\u012bgi no\u017e\u016bt 24 l\u012bdz 48 stund\u0101s atkar\u012bb\u0101 no apst\u0101k\u013ciem.<\/p>\n<h2><strong>Lieto\u0161anas protokols<\/strong><\/h2>\n<ul>\n<li><strong>Virsmas sagatavo\u0161ana <\/strong>: R\u016bp\u012bgi not\u012briet apstr\u0101d\u0101jamo virsmu, not\u012brot putek\u013cus, net\u012brumus, tauku traipus un jebk\u0101dus drupin\u0101tus atlikumus. \u013boti absorb\u0113jo\u0161\u0101m vai porain\u0101m virsm\u0101m pirms lieto\u0161anas ieteicams virsmu viegli samitrin\u0101t.<\/li>\n<li><strong>Ieteicam\u0101s devas <\/strong>: Uzkl\u0101jiet 10 kg bitumena p\u0101rkl\u0101juma uz 1 m\u00b2 atkar\u012bb\u0101 no virsmas raupjuma un absorbcijas. Lai uzlabotu hidroizol\u0101ciju, pl\u0101nojiet divus l\u012bdz tr\u012bs sec\u012bgus p\u0101rkl\u0101jumus.<\/li>\n<li><strong>P\u0101rkl\u0101juma uzkl\u0101\u0161ana <\/strong>: Izkl\u0101jiet l\u012bdzekli ar rull\u012bti, platu otu vai l\u0101psti\u0146u, nodro\u0161inot, ka visa virsma ir vienm\u0113r\u012bgi p\u0101rkl\u0101ta. Uzkl\u0101jiet krusteniski, lai maksim\u0101li palielin\u0101tu sa\u0137eri un izvair\u012btos no neaizsarg\u0101t\u0101m viet\u0101m.<\/li>\n<li><strong>\u017d\u0101v\u0113\u0161anas laiks starp p\u0101rkl\u0101jumiem <\/strong>: Pirms otr\u0101s k\u0101rtas uzkl\u0101\u0161anas \u013caujiet tai no\u017e\u016bt vismaz 3 l\u012bdz 6 stundas. \u017d\u016b\u0161anas laiks var at\u0161\u0137irties atkar\u012bb\u0101 no temperat\u016bras un apk\u0101rt\u0113j\u0101s vides mitruma.<\/li>\n<li><strong>Apdare un papildu aizsardz\u012bba <\/strong>: P\u0113c 24 l\u012bdz 48 stund\u0101m p\u0113c piln\u012bgas no\u017e\u016b\u0161anas apstr\u0101d\u0101to virsmu var nokl\u0101t ar papildu p\u0101rkl\u0101jumu, piem\u0113ram, aizsargp\u0101rkl\u0101jumu, dren\u0101\u017eu vai siltumizol\u0101ciju.<\/li>\n<li><strong>Instrumentu t\u012br\u012b\u0161ana <\/strong>: P\u0113c lieto\u0161anas, pirms p\u0101rkl\u0101jums saciet\u0113, nekav\u0113joties not\u012briet instrumentus ar piem\u0113rotu \u0161\u0137\u012bdin\u0101t\u0101ju vai siltu ziepj\u016bdeni.<\/li>\n<\/ul>","protected":false},"excerpt":{"rendered":"<p>Optimal protection against humidity and water infiltration.\u00a0This bituminous coating is specially designed to ensure durable waterproofing of foundations and underground structures. It creates a waterproof barrier that prevents water from penetrating walls, thus reducing the risks of humidity, mold, and damage caused by infiltration. It also protects against runoff water and capillary rise, ensuring the [&hellip;]<\/p>\n","protected":false},"featured_media":164720,"comment_status":"open","ping_status":"closed","template":"","meta":{"_uag_custom_page_level_css":"","site-sidebar-layout":"default","site-content-layout":"","ast-site-content-layout":"default","site-content-style":"default","site-sidebar-style":"default","ast-global-header-display":"","ast-banner-title-visibility":"","ast-main-header-display":"","ast-hfb-above-header-display":"","ast-hfb-below-header-display":"","ast-hfb-mobile-header-display":"","site-post-title":"","ast-breadcrumbs-content":"","ast-featured-img":"","footer-sml-layout":"","ast-disable-related-posts":"","theme-transparent-header-meta":"default","adv-header-id-meta":"","stick-header-meta":"","header-above-stick-meta":"","header-main-stick-meta":"","header-below-stick-meta":"","astra-migrate-meta-layouts":"set","ast-page-background-enabled":"default","ast-page-background-meta":{"desktop":{"background-color":"var(--ast-global-color-4)","background-image":"","background-repeat":"repeat","background-position":"center center","background-size":"auto","background-attachment":"scroll","background-type":"","background-media":"","overlay-type":"","overlay-color":"","overlay-opacity":"","overlay-gradient":""},"tablet":{"background-color":"","background-image":"","background-repeat":"repeat","background-position":"center center","background-size":"auto","background-attachment":"scroll","background-type":"","background-media":"","overlay-type":"","overlay-color":"","overlay-opacity":"","overlay-gradient":""},"mobile":{"background-color":"","background-image":"","background-repeat":"repeat","background-position":"center center","background-size":"auto","background-attachment":"scroll","background-type":"","background-media":"","overlay-type":"","overlay-color":"","overlay-opacity":"","overlay-gradient":""}},"ast-content-background-meta":{"desktop":{"background-color":"var(--ast-global-color-5)","background-image":"","background-repeat":"repeat","background-position":"center center","background-size":"auto","background-attachment":"scroll","background-type":"","background-media":"","overlay-type":"","overlay-color":"","overlay-opacity":"","overlay-gradient":""},"tablet":{"background-color":"var(--ast-global-color-5)","background-image":"","background-repeat":"repeat","background-position":"center center","background-size":"auto","background-attachment":"scroll","background-type":"","background-media":"","overlay-type":"","overlay-color":"","overlay-opacity":"","overlay-gradient":""},"mobile":{"background-color":"var(--ast-global-color-5)","background-image":"","background-repeat":"repeat","background-position":"center center","background-size":"auto","background-attachment":"scroll","background-type":"","background-media":"","overlay-type":"","overlay-color":"","overlay-opacity":"","overlay-gradient":""}}},"product_brand":[],"product_cat":[192],"product_tag":[],"class_list":{"0":"post-23095","1":"product","2":"type-product","3":"status-publish","4":"has-post-thumbnail","6":"product_cat-waterproof-sealant","7":"desktop-align-left","8":"tablet-align-left","9":"mobile-align-left","11":"first","12":"instock","13":"sale","14":"shipping-taxable","15":"purchasable","16":"product-type-variable","17":"has-default-attributes"},"spectra_custom_meta":{"_visibility":["visible"],"_shopify_product_id":["9061074927861"],"_s2w_shopify_domain":["ferberpainting.myshopify.com"],"_shopify_variant_id":["46484461158645"],"_sku":["FPBITUMINOUSFOUNDATIONSEALANT"],"_manage_stock":["no"],"total_sales":["8"],"_tax_status":["taxable"],"_tax_class":[""],"_backorders":["no"],"_sold_individually":["no"],"_virtual":["no"],"_downloadable":["no"],"_download_limit":["-1"],"_download_expiry":["-1"],"_stock":[null],"_stock_status":["instock"],"_wc_average_rating":["4.57"],"_wc_review_count":["7"],"_product_attributes":["a:1:{s:6:\"volume\";a:6:{s:4:\"name\";s:6:\"Volume\";s:5:\"value\";s:13:\"10 kg | 40 kg\";s:8:\"position\";i:1;s:10:\"is_visible\";i:0;s:12:\"is_variation\";i:1;s:11:\"is_taxonomy\";i:0;}}"],"_product_version":["10.5.2"],"_thumbnail_id":["164720"],"_product_image_gallery":["164721"],"wpse_downloadable_file_names":[""],"wpse_downloadable_file_urls":[""],"_edit_last":["1"],"_edit_lock":["1771952180:1"],"_default_attributes":["a:1:{s:6:\"volume\";s:5:\"10 kg\";}"],"merchant-center-availability":["yes"],"merchant-center-category":["2282"],"_wp_page_template":["default"],"site-sidebar-layout":["default"],"ast-site-content-layout":["default"],"site-content-style":["default"],"site-sidebar-style":["default"],"theme-transparent-header-meta":["default"],"_wc_rating_count":["a:2:{i:4;i:3;i:5;i:4;}"],"_price":["29.90","99.90"],"astra-migrate-meta-layouts":["set"],"_uag_css_file_name":["uag-css-23095.css"],"_elementor_page_assets":["a:0:{}"],"_uag_page_assets":["a:9:{s:3:\"css\";s:7133:\".uag-blocks-common-selector{z-index:var(--z-index-desktop) !important}@media(max-width: 976px){.uag-blocks-common-selector{z-index:var(--z-index-tablet) !important}}@media(max-width: 767px){.uag-blocks-common-selector{z-index:var(--z-index-mobile) !important}}.wp-block-uagb-image{display:flex}.wp-block-uagb-image__figure{position:relative;display:flex;flex-direction:column;max-width:100%;height:auto;margin:0}.wp-block-uagb-image__figure img{height:auto;display:flex;max-width:100%;transition:box-shadow .2s ease}.wp-block-uagb-image__figure>a{display:inline-block}.wp-block-uagb-image__figure figcaption{text-align:center;margin-top:.5em;margin-bottom:1em}.wp-block-uagb-image .components-placeholder.block-editor-media-placeholder .components-placeholder__instructions{align-self:center}.wp-block-uagb-image--align-left{text-align:left}.wp-block-uagb-image--align-right{text-align:right}.wp-block-uagb-image--align-center{text-align:center}.wp-block-uagb-image--align-full .wp-block-uagb-image__figure{margin-left:calc(50% - 50vw);margin-right:calc(50% - 50vw);max-width:100vw;width:100vw;height:auto}.wp-block-uagb-image--align-full .wp-block-uagb-image__figure img{height:auto;width:100% !important}.wp-block-uagb-image--align-wide .wp-block-uagb-image__figure img{height:auto;width:100%}.wp-block-uagb-image--layout-overlay__color-wrapper{position:absolute;left:0;top:0;right:0;bottom:0;opacity:.2;background:rgba(0,0,0,.5);transition:opacity .35s ease-in-out}.wp-block-uagb-image--layout-overlay-link{position:absolute;left:0;right:0;bottom:0;top:0}.wp-block-uagb-image--layout-overlay .wp-block-uagb-image__figure:hover .wp-block-uagb-image--layout-overlay__color-wrapper{opacity:1}.wp-block-uagb-image--layout-overlay__inner{position:absolute;left:15px;right:15px;bottom:15px;top:15px;display:flex;align-items:center;justify-content:center;flex-direction:column;border-color:#fff;transition:.35s ease-in-out}.wp-block-uagb-image--layout-overlay__inner.top-left,.wp-block-uagb-image--layout-overlay__inner.top-center,.wp-block-uagb-image--layout-overlay__inner.top-right{justify-content:flex-start}.wp-block-uagb-image--layout-overlay__inner.bottom-left,.wp-block-uagb-image--layout-overlay__inner.bottom-center,.wp-block-uagb-image--layout-overlay__inner.bottom-right{justify-content:flex-end}.wp-block-uagb-image--layout-overlay__inner.top-left,.wp-block-uagb-image--layout-overlay__inner.center-left,.wp-block-uagb-image--layout-overlay__inner.bottom-left{align-items:flex-start}.wp-block-uagb-image--layout-overlay__inner.top-right,.wp-block-uagb-image--layout-overlay__inner.center-right,.wp-block-uagb-image--layout-overlay__inner.bottom-right{align-items:flex-end}.wp-block-uagb-image--layout-overlay__inner .uagb-image-heading{color:#fff;transition:transform .35s,opacity .35s ease-in-out;transform:translate3d(0, 24px, 0);margin:0;line-height:1em}.wp-block-uagb-image--layout-overlay__inner .uagb-image-separator{width:30%;border-top-width:2px;border-top-color:#fff;border-top-style:solid;margin-bottom:10px;opacity:0;transition:transform .4s,opacity .4s ease-in-out;transform:translate3d(0, 30px, 0)}.wp-block-uagb-image--layout-overlay__inner .uagb-image-caption{opacity:0;overflow:visible;color:#fff;transition:transform .45s,opacity .45s ease-in-out;transform:translate3d(0, 35px, 0)}.wp-block-uagb-image--layout-overlay__inner:hover .uagb-image-heading,.wp-block-uagb-image--layout-overlay__inner:hover .uagb-image-separator,.wp-block-uagb-image--layout-overlay__inner:hover .uagb-image-caption{opacity:1;transform:translate3d(0, 0, 0)}.wp-block-uagb-image--effect-zoomin .wp-block-uagb-image__figure img,.wp-block-uagb-image--effect-zoomin .wp-block-uagb-image__figure .wp-block-uagb-image--layout-overlay__color-wrapper{transform:scale(1);transition:transform .35s ease-in-out}.wp-block-uagb-image--effect-zoomin .wp-block-uagb-image__figure:hover img,.wp-block-uagb-image--effect-zoomin .wp-block-uagb-image__figure:hover .wp-block-uagb-image--layout-overlay__color-wrapper{transform:scale(1.05)}.wp-block-uagb-image--effect-slide .wp-block-uagb-image__figure img,.wp-block-uagb-image--effect-slide .wp-block-uagb-image__figure .wp-block-uagb-image--layout-overlay__color-wrapper{width:calc(100% + 40px) !important;max-width:none !important;transform:translate3d(-40px, 0, 0);transition:transform .35s ease-in-out}.wp-block-uagb-image--effect-slide .wp-block-uagb-image__figure:hover img,.wp-block-uagb-image--effect-slide .wp-block-uagb-image__figure:hover .wp-block-uagb-image--layout-overlay__color-wrapper{transform:translate3d(0, 0, 0)}.wp-block-uagb-image--effect-grayscale img{filter:grayscale(0%);transition:.35s ease-in-out}.wp-block-uagb-image--effect-grayscale:hover img{filter:grayscale(100%)}.wp-block-uagb-image--effect-blur img{filter:blur(0);transition:.35s ease-in-out}.wp-block-uagb-image--effect-blur:hover img{filter:blur(3px)}.uagb-block-e6f939b3.wp-block-uagb-image--layout-default figure img{box-shadow: 0px 0px 0 #00000070;}.uagb-block-e6f939b3.wp-block-uagb-image .wp-block-uagb-image__figure figcaption{font-style: normal;align-self: center;}.uagb-block-e6f939b3.wp-block-uagb-image--layout-overlay figure img{box-shadow: 0px 0px 0 #00000070;}.uagb-block-e6f939b3.wp-block-uagb-image--layout-overlay .wp-block-uagb-image--layout-overlay__color-wrapper{opacity: 0.2;}.uagb-block-e6f939b3.wp-block-uagb-image--layout-overlay .wp-block-uagb-image--layout-overlay__inner{left: 15px;right: 15px;top: 15px;bottom: 15px;}.uagb-block-e6f939b3.wp-block-uagb-image--layout-overlay .wp-block-uagb-image--layout-overlay__inner .uagb-image-heading{font-style: normal;color: #fff;opacity: 1;}.uagb-block-e6f939b3.wp-block-uagb-image--layout-overlay .wp-block-uagb-image--layout-overlay__inner .uagb-image-heading a{color: #fff;}.uagb-block-e6f939b3.wp-block-uagb-image--layout-overlay .wp-block-uagb-image--layout-overlay__inner .uagb-image-caption{opacity: 0;}.uagb-block-e6f939b3.wp-block-uagb-image--layout-overlay .wp-block-uagb-image__figure:hover .wp-block-uagb-image--layout-overlay__color-wrapper{opacity: 1;}.uagb-block-e6f939b3.wp-block-uagb-image .wp-block-uagb-image--layout-overlay__inner .uagb-image-separator{width: 30%;border-top-width: 2px;border-top-color: #fff;opacity: 0;}.uagb-block-e6f939b3.wp-block-uagb-image .wp-block-uagb-image__figure img{width: px;height: auto;}.uagb-block-e6f939b3.wp-block-uagb-image .wp-block-uagb-image__figure:hover .wp-block-uagb-image--layout-overlay__inner .uagb-image-caption{opacity: 1;}.uagb-block-e6f939b3.wp-block-uagb-image .wp-block-uagb-image__figure:hover .wp-block-uagb-image--layout-overlay__inner .uagb-image-separator{opacity: 1;}.uagb-block-e6f939b3.wp-block-uagb-image--layout-default figure:hover img{box-shadow: 0px 0px 0 #00000070;}.uagb-block-e6f939b3.wp-block-uagb-image--layout-overlay figure:hover img{box-shadow: 0px 0px 0 #00000070;}@media only screen and (max-width: 976px) {.uagb-block-e6f939b3.wp-block-uagb-image .wp-block-uagb-image__figure img{width: px;height: auto;}}@media only screen and (max-width: 767px) {.uagb-block-e6f939b3.wp-block-uagb-image .wp-block-uagb-image__figure img{width: px;height: auto;}}\";s:2:\"js\";s:0:\"\";s:18:\"current_block_list\";a:13:{i:0;s:11:\"core\/search\";i:1;s:10:\"core\/group\";i:2;s:12:\"core\/heading\";i:3;s:17:\"core\/latest-posts\";i:4;s:20:\"core\/latest-comments\";i:5;s:13:\"core\/archives\";i:6;s:15:\"core\/categories\";i:7;s:14:\"core\/paragraph\";i:8;s:10:\"uagb\/image\";i:9;s:11:\"core\/spacer\";i:10;s:30:\"woocommerce\/product-categories\";i:11;s:10:\"core\/image\";i:12;s:14:\"core\/shortcode\";}s:8:\"uag_flag\";b:1;s:11:\"uag_version\";s:10:\"1776802640\";s:6:\"gfonts\";a:0:{}s:10:\"gfonts_url\";s:0:\"\";s:12:\"gfonts_files\";a:0:{}s:14:\"uag_faq_layout\";b:0;}"]},"uagb_featured_image_src":{"full":["https:\/\/www.ferberpainting.com\/wp-content\/uploads\/2025\/05\/Bituminous-Foundation-Sealant-10-KG-mockups.png",2560,2560,false],"thumbnail":["https:\/\/www.ferberpainting.com\/wp-content\/uploads\/2025\/05\/Bituminous-Foundation-Sealant-10-KG-mockups-150x150.png",150,150,true],"medium":["https:\/\/www.ferberpainting.com\/wp-content\/uploads\/2025\/05\/Bituminous-Foundation-Sealant-10-KG-mockups-300x300.png",300,300,true],"medium_large":["https:\/\/www.ferberpainting.com\/wp-content\/uploads\/2025\/05\/Bituminous-Foundation-Sealant-10-KG-mockups-768x768.png",768,768,true],"large":["https:\/\/www.ferberpainting.com\/wp-content\/uploads\/2025\/05\/Bituminous-Foundation-Sealant-10-KG-mockups-1024x1024.png",1024,1024,true],"1536x1536":["https:\/\/www.ferberpainting.com\/wp-content\/uploads\/2025\/05\/Bituminous-Foundation-Sealant-10-KG-mockups-1536x1536.png",1536,1536,true],"2048x2048":["https:\/\/www.ferberpainting.com\/wp-content\/uploads\/2025\/05\/Bituminous-Foundation-Sealant-10-KG-mockups-2048x2048.png",2048,2048,true],"trp-custom-language-flag":["https:\/\/www.ferberpainting.com\/wp-content\/uploads\/2025\/05\/Bituminous-Foundation-Sealant-10-KG-mockups-12x12.png",12,12,true],"woocommerce_thumbnail":["https:\/\/www.ferberpainting.com\/wp-content\/uploads\/2025\/05\/Bituminous-Foundation-Sealant-10-KG-mockups-300x300.png",300,300,true],"woocommerce_single":["https:\/\/www.ferberpainting.com\/wp-content\/uploads\/2025\/05\/Bituminous-Foundation-Sealant-10-KG-mockups-600x600.png",600,600,true],"woocommerce_gallery_thumbnail":["https:\/\/www.ferberpainting.com\/wp-content\/uploads\/2025\/05\/Bituminous-Foundation-Sealant-10-KG-mockups-100x100.png",100,100,true]},"uagb_author_info":{"display_name":"admin","author_link":"https:\/\/www.ferberpainting.com\/lv\/author\/"},"uagb_comment_info":7,"uagb_excerpt":"Optimal protection against humidity and water infiltration.\u00a0This bituminous coating is specially designed to ensure durable waterproofing of foundations and underground structures. It creates a waterproof barrier that prevents water from penetrating walls, thus reducing the risks of humidity, mold, and damage caused by infiltration. It also protects against runoff water and capillary rise, ensuring the&hellip;","_links":{"self":[{"href":"https:\/\/www.ferberpainting.com\/lv\/wp-json\/wp\/v2\/product\/23095","targetHints":{"allow":["GET"]}}],"collection":[{"href":"https:\/\/www.ferberpainting.com\/lv\/wp-json\/wp\/v2\/product"}],"about":[{"href":"https:\/\/www.ferberpainting.com\/lv\/wp-json\/wp\/v2\/types\/product"}],"replies":[{"embeddable":true,"href":"https:\/\/www.ferberpainting.com\/lv\/wp-json\/wp\/v2\/comments?post=23095"}],"version-history":[{"count":6,"href":"https:\/\/www.ferberpainting.com\/lv\/wp-json\/wp\/v2\/product\/23095\/revisions"}],"predecessor-version":[{"id":166040,"href":"https:\/\/www.ferberpainting.com\/lv\/wp-json\/wp\/v2\/product\/23095\/revisions\/166040"}],"wp:featuredmedia":[{"embeddable":true,"href":"https:\/\/www.ferberpainting.com\/lv\/wp-json\/wp\/v2\/media\/164720"}],"wp:attachment":[{"href":"https:\/\/www.ferberpainting.com\/lv\/wp-json\/wp\/v2\/media?parent=23095"}],"wp:term":[{"taxonomy":"product_brand","embeddable":true,"href":"https:\/\/www.ferberpainting.com\/lv\/wp-json\/wp\/v2\/product_brand?post=23095"},{"taxonomy":"product_cat","embeddable":true,"href":"https:\/\/www.ferberpainting.com\/lv\/wp-json\/wp\/v2\/product_cat?post=23095"},{"taxonomy":"product_tag","embeddable":true,"href":"https:\/\/www.ferberpainting.com\/lv\/wp-json\/wp\/v2\/product_tag?post=23095"}],"curies":[{"name":"wp","href":"https:\/\/api.w.org\/{rel}","templated":true}]}}