{"id":23070,"date":"2025-05-26T10:22:29","date_gmt":"2025-05-26T08:22:29","guid":{"rendered":"https:\/\/www.ferberpainting.com\/products\/asphalt-cold-patch\/"},"modified":"2026-02-24T17:53:18","modified_gmt":"2026-02-24T16:53:18","slug":"asphalt-cold-patch","status":"publish","type":"product","link":"https:\/\/www.ferberpainting.com\/lv\/products\/asphalt-cold-patch\/","title":{"rendered":"Aukstais asfalts"},"content":{"rendered":"<p><img decoding=\"async\" style=\"margin-right: 12px;\" src=\"https:\/\/www.ferberpainting.com\/wp-content\/uploads\/2026\/02\/Check.svg\" alt=\"\" width=\"18\" height=\"15\" \/><strong>\u0100trs un efekt\u012bvs bru\u0123\u0113to virsmu remonts.<\/strong>\u00a0\u0160is aukst\u0101 mais\u012bjuma asfalts ir \u012bpa\u0161i izstr\u0101d\u0101ts, lai veiktu vienk\u0101r\u0161us un iztur\u012bgus ce\u013cu, ietvju, st\u0101vlaukumu un citu asfalta vai betona segumu remontdarbus. Tas nodro\u0161ina efekt\u012bvu risin\u0101jumu bedr\u012b\u0161u, plaisu, deform\u0101ciju un caurumu aizpild\u012b\u0161anai, neprasot sare\u017e\u0123\u012btu apr\u012bkojumu vai profesion\u0101lu iejauk\u0161anos, nodro\u0161inot \u0101tru un uzticamu atjauno\u0161anu.<\/p>\n<p><img decoding=\"async\" style=\"margin-right: 12px;\" src=\"https:\/\/www.ferberpainting.com\/wp-content\/uploads\/2026\/02\/Check.svg\" alt=\"\" width=\"18\" height=\"15\" \/><strong>Naudas atmaksas garantija.<\/strong>\u00a0M\u0113s esam piln\u012bgi p\u0101rliecin\u0101ti par m\u016bsu aukst\u0101 asfalta mais\u012bjuma efektivit\u0101ti. T\u0101p\u0113c m\u0113s pied\u0101v\u0101jam naudas atmaksas garantiju. Ja p\u0113c uzkl\u0101\u0161anas saska\u0146\u0101 ar ieteikumiem produkts neatbilst j\u016bsu gaid\u012btajam, jums ir iesp\u0113ja piepras\u012bt naudas atmaksu bez nosac\u012bjumiem, t\u0101d\u0113j\u0101di nodro\u0161inot dro\u0161u un bezriska pirkumu.<\/p>\n<p><img decoding=\"async\" style=\"margin-right: 12px;\" src=\"https:\/\/www.ferberpainting.com\/wp-content\/uploads\/2026\/02\/Check.svg\" alt=\"\" width=\"18\" height=\"15\" \/><strong>Sader\u012bgs ar da\u017e\u0101diem virsmu tipiem.<\/strong>\u00a0\u0160is asfalts ir piem\u0113rots betona, asfalta, cementa un citu ce\u013cu segumu seg\u0161anai, t\u0101p\u0113c tas ir univers\u0101ls produkts ce\u013cu, piebraucamo ce\u013cu, pagalmu un st\u0101vlaukumu uztur\u0113\u0161anai un atjauno\u0161anai. To var izmantot gan pils\u0113t\u0101s, gan priv\u0101t\u0101s teritorij\u0101s, nodro\u0161inot remontdarbu risin\u0101jumu, kas piel\u0101gots da\u017e\u0101d\u0101m grunts konfigur\u0101cij\u0101m.<\/p>\n<p><img decoding=\"async\" style=\"margin-right: 12px;\" src=\"https:\/\/www.ferberpainting.com\/wp-content\/uploads\/2026\/02\/Check.svg\" alt=\"\" width=\"18\" height=\"15\" \/><strong>Rentabls un optimiz\u0113ts p\u0101rkl\u0101jums.<\/strong>\u00a0Pateicoties t\u0101 augstas veiktsp\u0113jas sast\u0101vam, ar 10 kg asfalta var nokl\u0101t aptuveni 1 m\u00b2 ar biezumu 1 cm. To var uzkl\u0101t vair\u0101kos sl\u0101\u0146os, lai sasniegtu vajadz\u012bgo biezumu, nepasliktinot sa\u0137eres kvalit\u0101ti, kas \u013cauj optimiz\u0113t materi\u0101la izmanto\u0161anu un nodro\u0161ina izcilu cenas un kvalit\u0101tes attiec\u012bbu.<\/p>\n<p><img decoding=\"async\" style=\"margin-right: 12px;\" src=\"https:\/\/www.ferberpainting.com\/wp-content\/uploads\/2026\/02\/Check.svg\" alt=\"\" width=\"18\" height=\"15\" \/><strong>Dro\u0161s un videi draudz\u012bgs produkts.<\/strong>\u00a0\u0160\u012b aukst\u0101 asfalta mais\u012bjuma sast\u0101v\u0101 nav agres\u012bvu \u0161\u0137\u012bdin\u0101t\u0101ju vai toksisku izme\u0161u, kas nodro\u0161ina dro\u0161u lieto\u0161anu. Tas nav b\u012bstams lietot\u0101jiem un lieto\u0161anas laik\u0101 neizdala kait\u012bgus izgarojumus, t\u0101p\u0113c to var izmantot gan \u0101r\u0101, gan telp\u0101s, iev\u0113rojot noteiktus ventil\u0101cijas nosac\u012bjumus.<\/p>\n<p><img decoding=\"async\" style=\"margin-right: 12px;\" src=\"https:\/\/www.ferberpainting.com\/wp-content\/uploads\/2026\/02\/Check.svg\" alt=\"\" width=\"18\" height=\"15\" \/><strong>Viegla lieto\u0161ana bezr\u016bp\u012bgam remontam.<\/strong>\u00a0\u0160im asfaltam, kas ir gatavs lieto\u0161anai, nav nepiecie\u0161ama iepriek\u0161\u0113ja uzsild\u012b\u0161ana vai \u012bpa\u0161as iek\u0101rtas, at\u0161\u0137ir\u012bb\u0101 no karst\u0101 asfalta mais\u012bjuma, kam nepiecie\u0161ama sare\u017e\u0123\u012bta uzkl\u0101\u0161ana. To var uzkl\u0101t tie\u0161i uz apstr\u0101d\u0101jam\u0101 laukuma, bliet\u0113t manu\u0101li vai meh\u0101niski, un tas \u012bs\u0101 laik\u0101 nodro\u0161ina transportl\u012bdzek\u013cu un g\u0101j\u0113ju kust\u012bbu.<\/p>\n<p><img decoding=\"async\" style=\"margin-right: 12px;\" src=\"https:\/\/www.ferberpainting.com\/wp-content\/uploads\/2026\/02\/Check.svg\" alt=\"\" width=\"18\" height=\"15\" \/><strong>Iztur\u012bba un iztur\u012bba pret laikapst\u0101k\u013ciem un slodz\u0113m.<\/strong>\u00a0P\u0113c iestr\u0101des un sabl\u012bv\u0113\u0161anas \u0161is asfalts ir \u013coti iztur\u012bgs pret klimata sv\u0101rst\u012bb\u0101m, sasal\u0161anas un atku\u0161\u0146a cikliem un bie\u017eu transportl\u012bdzek\u013cu satiksmi. Tas nodro\u0161ina ilgsto\u0161us remontdarbus un nov\u0113r\u0161 \u0101tru virsmas degrad\u0101ciju, nodro\u0161inot uzticamu un ilgtsp\u0113j\u012bgu risin\u0101jumu ce\u013cu un braucam\u0101s da\u013cas uztur\u0113\u0161anai.<\/p>\n<p><img decoding=\"async\" style=\"margin-right: 12px;\" src=\"https:\/\/www.ferberpainting.com\/wp-content\/uploads\/2026\/02\/Check.svg\" alt=\"\" width=\"18\" height=\"15\" \/><strong>\u0100tra pakalpojumu atjauno\u0161ana, lai maksim\u0101li ietaup\u012btu laiku.<\/strong>\u00a0Pateicoties optimiz\u0113tai saciet\u0113\u0161anas sp\u0113jai, \u0161is asfalts ir lietojams uzreiz p\u0113c uzkl\u0101\u0161anas un sasniedz maksim\u0101lo stipr\u012bbu da\u017eu stundu laik\u0101. Tas \u013cauj \u0101tri remont\u0113t ce\u013cus un satiksmes zonas bez ilgsto\u0161as nekustin\u0101\u0161anas, nodro\u0161inot t\u016bl\u012bt\u0113ju satiksmes ats\u0101k\u0161anu, neapdraudot seguma ciet\u012bbu.<\/p>\n<h2><strong>Lieto\u0161anas protokols<\/strong><\/h2>\n<ul>\n<li><strong>Virsmas sagatavo\u0161ana <\/strong>: R\u016bp\u012bgi not\u012briet apstr\u0101d\u0101jamo vietu, likvid\u0113jot putek\u013cus, granti un gru\u017eus, kas var\u0113tu ietekm\u0113t sa\u0137eri. P\u0101rliecinieties, ka virsma ir stabila, un, ja nepiecie\u0161ams, nedaudz samitriniet virsmu, lai uzlabotu sa\u0137eri.<\/li>\n<li><strong>Ieteicam\u0101s devas <\/strong>: Uzkl\u0101jiet aptuveni 10 kg asfalta mais\u012bjuma, lai p\u0101rkl\u0101tu 1 m\u00b2 ar biezumu 1 cm. Dzi\u013c\u0101ku remontdarbu gad\u012bjum\u0101 veiciet sec\u012bgus 3 l\u012bdz 5 cm biezus sl\u0101\u0146us, katru sl\u0101ni pirms n\u0101kam\u0101 sl\u0101\u0146a pievieno\u0161anas labi sabl\u012bv\u0113jot.<\/li>\n<li><strong>Asfalta mais\u012bjuma lieto\u0161ana <\/strong>: Auksto asfalta mais\u012bjumu ielejiet tie\u0161i dobum\u0101 vai uz apstr\u0101d\u0101jam\u0101s virsmas, to vienm\u0113r\u012bgi izklied\u0113jot ar l\u0101pstu vai l\u0101psti\u0146u. P\u0101rliecinieties, ka materi\u0101ls ir labi izklied\u0113ts pa visu remonta laukumu.<\/li>\n<li><strong>Bl\u012bv\u0113\u0161ana un izl\u012bdzin\u0101\u0161ana <\/strong>: Stingri sabl\u012bv\u0113jiet asfalta mais\u012bjumu, izmantojot bliet\u0113t\u0101ju, vibroplati vai veltni, lai nodro\u0161in\u0101tu optim\u0101lu bl\u012bvumu un nov\u0113rstu turpm\u0101ku deform\u0101ciju. P\u0101rbaudiet, vai virsma ir l\u012bdzena, un, ja nepiecie\u0161ams, to noregul\u0113jiet.<\/li>\n<li><strong>Konserv\u0113\u0161anas laiks <\/strong>: P\u0113c uzkl\u0101\u0161anas \u013caujiet l\u012bdzeklim da\u017eas stundas atp\u016bsties. Asfalta mais\u012bjums uzreiz k\u013c\u016bst izmantojams satiksmei, bet optim\u0101lo stipr\u012bbu sasniedz p\u0113c 24 l\u012bdz 48 stund\u0101m atkar\u012bb\u0101 no laika apst\u0101k\u013ciem un veikt\u0101s sabl\u012bv\u0113\u0161anas.<\/li>\n<li><strong>Uztur\u0113\u0161ana un ilgm\u016b\u017e\u012bba <\/strong>: \u0160im asfalta mais\u012bjumam p\u0113c saciet\u0113\u0161anas nav nepiecie\u0161ama \u012bpa\u0161a apkope. Ja p\u0113c vair\u0101kiem gadiem rodas dabisks nolietojums, to var vienk\u0101r\u0161i nomain\u012bt. <strong>atk\u0101rtota piem\u0113ro\u0161ana<\/strong> produkta uzkl\u0101\u0161ana uz skart\u0101s vietas atjaunos t\u0101s efektivit\u0101ti un iztur\u012bbu.<\/li>\n<li><strong>Instrumentu t\u012br\u012b\u0161ana <\/strong>: P\u0113c lieto\u0161anas nekav\u0113joties not\u012briet instrumentus ar \u016bden\u012b samitrin\u0101tu dr\u0101nu vai piem\u0113rotu attauko\u0161anas l\u012bdzekli, lai nov\u0113rstu bitumena atlikumu uzkr\u0101\u0161anos.<\/li>\n<\/ul>\n<p>Ar \u0161o aukst\u0101 asfalta mais\u012bjumu veiciet \u0101tru, iztur\u012bgu un rentablu remontu vis\u0101m asfalta virsm\u0101m, nodro\u0161inot t\u016bl\u012bt\u0113ju atjauno\u0161anu un optim\u0101lu iztur\u012bbu pret satiksmes apst\u0101k\u013ciem un laikapst\u0101k\u013ciem.<\/p>","protected":false},"excerpt":{"rendered":"<p>Fast and Efficient Repair of Paved Surfaces.\u00a0This cold-mix asphalt is specially designed to allow simple and durable repairs of roads, sidewalks, parking lots, and other surfaces made of asphalt or concrete. It provides an effective solution for filling potholes, cracks, deformations, and holes without requiring complex equipment or professional intervention, ensuring a quick and reliable [&hellip;]<\/p>\n","protected":false},"featured_media":164716,"comment_status":"open","ping_status":"closed","template":"","meta":{"_uag_custom_page_level_css":"","site-sidebar-layout":"default","site-content-layout":"","ast-site-content-layout":"default","site-content-style":"default","site-sidebar-style":"default","ast-global-header-display":"","ast-banner-title-visibility":"","ast-main-header-display":"","ast-hfb-above-header-display":"","ast-hfb-below-header-display":"","ast-hfb-mobile-header-display":"","site-post-title":"","ast-breadcrumbs-content":"","ast-featured-img":"","footer-sml-layout":"","ast-disable-related-posts":"","theme-transparent-header-meta":"default","adv-header-id-meta":"","stick-header-meta":"","header-above-stick-meta":"","header-main-stick-meta":"","header-below-stick-meta":"","astra-migrate-meta-layouts":"set","ast-page-background-enabled":"default","ast-page-background-meta":{"desktop":{"background-color":"var(--ast-global-color-4)","background-image":"","background-repeat":"repeat","background-position":"center center","background-size":"auto","background-attachment":"scroll","background-type":"","background-media":"","overlay-type":"","overlay-color":"","overlay-opacity":"","overlay-gradient":""},"tablet":{"background-color":"","background-image":"","background-repeat":"repeat","background-position":"center center","background-size":"auto","background-attachment":"scroll","background-type":"","background-media":"","overlay-type":"","overlay-color":"","overlay-opacity":"","overlay-gradient":""},"mobile":{"background-color":"","background-image":"","background-repeat":"repeat","background-position":"center center","background-size":"auto","background-attachment":"scroll","background-type":"","background-media":"","overlay-type":"","overlay-color":"","overlay-opacity":"","overlay-gradient":""}},"ast-content-background-meta":{"desktop":{"background-color":"var(--ast-global-color-5)","background-image":"","background-repeat":"repeat","background-position":"center center","background-size":"auto","background-attachment":"scroll","background-type":"","background-media":"","overlay-type":"","overlay-color":"","overlay-opacity":"","overlay-gradient":""},"tablet":{"background-color":"var(--ast-global-color-5)","background-image":"","background-repeat":"repeat","background-position":"center center","background-size":"auto","background-attachment":"scroll","background-type":"","background-media":"","overlay-type":"","overlay-color":"","overlay-opacity":"","overlay-gradient":""},"mobile":{"background-color":"var(--ast-global-color-5)","background-image":"","background-repeat":"repeat","background-position":"center center","background-size":"auto","background-attachment":"scroll","background-type":"","background-media":"","overlay-type":"","overlay-color":"","overlay-opacity":"","overlay-gradient":""}}},"product_brand":[],"product_cat":[176],"product_tag":[],"class_list":{"0":"post-23070","1":"product","2":"type-product","3":"status-publish","4":"has-post-thumbnail","6":"product_cat-concrete-treatment","7":"desktop-align-left","8":"tablet-align-left","9":"mobile-align-left","11":"first","12":"instock","13":"sale","14":"shipping-taxable","15":"purchasable","16":"product-type-variable","17":"has-default-attributes"},"spectra_custom_meta":{"_visibility":["visible"],"_shopify_product_id":["9061096882421"],"_s2w_shopify_domain":["ferberpainting.myshopify.com"],"_shopify_variant_id":["46484510834933"],"_sku":["FPASPHALTCOLDPATCH"],"_manage_stock":["no"],"total_sales":["31"],"_tax_status":["taxable"],"_tax_class":[""],"_backorders":["no"],"_sold_individually":["no"],"_virtual":["no"],"_downloadable":["no"],"_download_limit":["-1"],"_download_expiry":["-1"],"_stock":[null],"_stock_status":["instock"],"_wc_average_rating":["4.57"],"_wc_review_count":["7"],"_product_attributes":["a:1:{s:6:\"volume\";a:6:{s:4:\"name\";s:6:\"Volume\";s:5:\"value\";s:13:\"10 kg | 40 kg\";s:8:\"position\";i:1;s:10:\"is_visible\";i:0;s:12:\"is_variation\";i:1;s:11:\"is_taxonomy\";i:0;}}"],"_product_version":["10.5.2"],"_product_image_gallery":["164717"],"wpse_downloadable_file_names":[""],"wpse_downloadable_file_urls":[""],"_edit_last":["1"],"_default_attributes":["a:1:{s:6:\"volume\";s:5:\"10 kg\";}"],"_edit_lock":["1771951910:1"],"merchant-center-availability":["yes"],"merchant-center-category":["2282"],"_wp_page_template":["default"],"site-sidebar-layout":["default"],"ast-site-content-layout":["default"],"site-content-style":["default"],"site-sidebar-style":["default"],"theme-transparent-header-meta":["default"],"_wc_rating_count":["a:2:{i:4;i:3;i:5;i:4;}"],"_price":["29.90","99.90"],"_thumbnail_id":["164716"],"astra-migrate-meta-layouts":["set"],"_uag_css_file_name":["uag-css-23070.css"],"_elementor_page_assets":["a:0:{}"],"_uag_page_assets":["a:9:{s:3:\"css\";s:7133:\".uag-blocks-common-selector{z-index:var(--z-index-desktop) !important}@media(max-width: 976px){.uag-blocks-common-selector{z-index:var(--z-index-tablet) !important}}@media(max-width: 767px){.uag-blocks-common-selector{z-index:var(--z-index-mobile) !important}}.wp-block-uagb-image{display:flex}.wp-block-uagb-image__figure{position:relative;display:flex;flex-direction:column;max-width:100%;height:auto;margin:0}.wp-block-uagb-image__figure img{height:auto;display:flex;max-width:100%;transition:box-shadow .2s ease}.wp-block-uagb-image__figure>a{display:inline-block}.wp-block-uagb-image__figure figcaption{text-align:center;margin-top:.5em;margin-bottom:1em}.wp-block-uagb-image .components-placeholder.block-editor-media-placeholder .components-placeholder__instructions{align-self:center}.wp-block-uagb-image--align-left{text-align:left}.wp-block-uagb-image--align-right{text-align:right}.wp-block-uagb-image--align-center{text-align:center}.wp-block-uagb-image--align-full .wp-block-uagb-image__figure{margin-left:calc(50% - 50vw);margin-right:calc(50% - 50vw);max-width:100vw;width:100vw;height:auto}.wp-block-uagb-image--align-full .wp-block-uagb-image__figure img{height:auto;width:100% !important}.wp-block-uagb-image--align-wide .wp-block-uagb-image__figure img{height:auto;width:100%}.wp-block-uagb-image--layout-overlay__color-wrapper{position:absolute;left:0;top:0;right:0;bottom:0;opacity:.2;background:rgba(0,0,0,.5);transition:opacity .35s ease-in-out}.wp-block-uagb-image--layout-overlay-link{position:absolute;left:0;right:0;bottom:0;top:0}.wp-block-uagb-image--layout-overlay .wp-block-uagb-image__figure:hover .wp-block-uagb-image--layout-overlay__color-wrapper{opacity:1}.wp-block-uagb-image--layout-overlay__inner{position:absolute;left:15px;right:15px;bottom:15px;top:15px;display:flex;align-items:center;justify-content:center;flex-direction:column;border-color:#fff;transition:.35s ease-in-out}.wp-block-uagb-image--layout-overlay__inner.top-left,.wp-block-uagb-image--layout-overlay__inner.top-center,.wp-block-uagb-image--layout-overlay__inner.top-right{justify-content:flex-start}.wp-block-uagb-image--layout-overlay__inner.bottom-left,.wp-block-uagb-image--layout-overlay__inner.bottom-center,.wp-block-uagb-image--layout-overlay__inner.bottom-right{justify-content:flex-end}.wp-block-uagb-image--layout-overlay__inner.top-left,.wp-block-uagb-image--layout-overlay__inner.center-left,.wp-block-uagb-image--layout-overlay__inner.bottom-left{align-items:flex-start}.wp-block-uagb-image--layout-overlay__inner.top-right,.wp-block-uagb-image--layout-overlay__inner.center-right,.wp-block-uagb-image--layout-overlay__inner.bottom-right{align-items:flex-end}.wp-block-uagb-image--layout-overlay__inner .uagb-image-heading{color:#fff;transition:transform .35s,opacity .35s ease-in-out;transform:translate3d(0, 24px, 0);margin:0;line-height:1em}.wp-block-uagb-image--layout-overlay__inner .uagb-image-separator{width:30%;border-top-width:2px;border-top-color:#fff;border-top-style:solid;margin-bottom:10px;opacity:0;transition:transform .4s,opacity .4s ease-in-out;transform:translate3d(0, 30px, 0)}.wp-block-uagb-image--layout-overlay__inner .uagb-image-caption{opacity:0;overflow:visible;color:#fff;transition:transform .45s,opacity .45s ease-in-out;transform:translate3d(0, 35px, 0)}.wp-block-uagb-image--layout-overlay__inner:hover .uagb-image-heading,.wp-block-uagb-image--layout-overlay__inner:hover .uagb-image-separator,.wp-block-uagb-image--layout-overlay__inner:hover .uagb-image-caption{opacity:1;transform:translate3d(0, 0, 0)}.wp-block-uagb-image--effect-zoomin .wp-block-uagb-image__figure img,.wp-block-uagb-image--effect-zoomin .wp-block-uagb-image__figure .wp-block-uagb-image--layout-overlay__color-wrapper{transform:scale(1);transition:transform .35s ease-in-out}.wp-block-uagb-image--effect-zoomin .wp-block-uagb-image__figure:hover img,.wp-block-uagb-image--effect-zoomin .wp-block-uagb-image__figure:hover .wp-block-uagb-image--layout-overlay__color-wrapper{transform:scale(1.05)}.wp-block-uagb-image--effect-slide .wp-block-uagb-image__figure img,.wp-block-uagb-image--effect-slide .wp-block-uagb-image__figure .wp-block-uagb-image--layout-overlay__color-wrapper{width:calc(100% + 40px) !important;max-width:none !important;transform:translate3d(-40px, 0, 0);transition:transform .35s ease-in-out}.wp-block-uagb-image--effect-slide .wp-block-uagb-image__figure:hover img,.wp-block-uagb-image--effect-slide .wp-block-uagb-image__figure:hover .wp-block-uagb-image--layout-overlay__color-wrapper{transform:translate3d(0, 0, 0)}.wp-block-uagb-image--effect-grayscale img{filter:grayscale(0%);transition:.35s ease-in-out}.wp-block-uagb-image--effect-grayscale:hover img{filter:grayscale(100%)}.wp-block-uagb-image--effect-blur img{filter:blur(0);transition:.35s ease-in-out}.wp-block-uagb-image--effect-blur:hover img{filter:blur(3px)}.uagb-block-e6f939b3.wp-block-uagb-image--layout-default figure img{box-shadow: 0px 0px 0 #00000070;}.uagb-block-e6f939b3.wp-block-uagb-image .wp-block-uagb-image__figure figcaption{font-style: normal;align-self: center;}.uagb-block-e6f939b3.wp-block-uagb-image--layout-overlay figure img{box-shadow: 0px 0px 0 #00000070;}.uagb-block-e6f939b3.wp-block-uagb-image--layout-overlay .wp-block-uagb-image--layout-overlay__color-wrapper{opacity: 0.2;}.uagb-block-e6f939b3.wp-block-uagb-image--layout-overlay .wp-block-uagb-image--layout-overlay__inner{left: 15px;right: 15px;top: 15px;bottom: 15px;}.uagb-block-e6f939b3.wp-block-uagb-image--layout-overlay .wp-block-uagb-image--layout-overlay__inner .uagb-image-heading{font-style: normal;color: #fff;opacity: 1;}.uagb-block-e6f939b3.wp-block-uagb-image--layout-overlay .wp-block-uagb-image--layout-overlay__inner .uagb-image-heading a{color: #fff;}.uagb-block-e6f939b3.wp-block-uagb-image--layout-overlay .wp-block-uagb-image--layout-overlay__inner .uagb-image-caption{opacity: 0;}.uagb-block-e6f939b3.wp-block-uagb-image--layout-overlay .wp-block-uagb-image__figure:hover .wp-block-uagb-image--layout-overlay__color-wrapper{opacity: 1;}.uagb-block-e6f939b3.wp-block-uagb-image .wp-block-uagb-image--layout-overlay__inner .uagb-image-separator{width: 30%;border-top-width: 2px;border-top-color: #fff;opacity: 0;}.uagb-block-e6f939b3.wp-block-uagb-image .wp-block-uagb-image__figure img{width: px;height: auto;}.uagb-block-e6f939b3.wp-block-uagb-image .wp-block-uagb-image__figure:hover .wp-block-uagb-image--layout-overlay__inner .uagb-image-caption{opacity: 1;}.uagb-block-e6f939b3.wp-block-uagb-image .wp-block-uagb-image__figure:hover .wp-block-uagb-image--layout-overlay__inner .uagb-image-separator{opacity: 1;}.uagb-block-e6f939b3.wp-block-uagb-image--layout-default figure:hover img{box-shadow: 0px 0px 0 #00000070;}.uagb-block-e6f939b3.wp-block-uagb-image--layout-overlay figure:hover img{box-shadow: 0px 0px 0 #00000070;}@media only screen and (max-width: 976px) {.uagb-block-e6f939b3.wp-block-uagb-image .wp-block-uagb-image__figure img{width: px;height: auto;}}@media only screen and (max-width: 767px) {.uagb-block-e6f939b3.wp-block-uagb-image .wp-block-uagb-image__figure img{width: px;height: auto;}}\";s:2:\"js\";s:0:\"\";s:18:\"current_block_list\";a:13:{i:0;s:11:\"core\/search\";i:1;s:10:\"core\/group\";i:2;s:12:\"core\/heading\";i:3;s:17:\"core\/latest-posts\";i:4;s:20:\"core\/latest-comments\";i:5;s:13:\"core\/archives\";i:6;s:15:\"core\/categories\";i:7;s:14:\"core\/paragraph\";i:8;s:10:\"uagb\/image\";i:9;s:11:\"core\/spacer\";i:10;s:30:\"woocommerce\/product-categories\";i:11;s:10:\"core\/image\";i:12;s:14:\"core\/shortcode\";}s:8:\"uag_flag\";b:1;s:11:\"uag_version\";s:10:\"1777098085\";s:6:\"gfonts\";a:0:{}s:10:\"gfonts_url\";s:0:\"\";s:12:\"gfonts_files\";a:0:{}s:14:\"uag_faq_layout\";b:0;}"]},"uagb_featured_image_src":{"full":["https:\/\/www.ferberpainting.com\/wp-content\/uploads\/2025\/05\/Asphalt-Cold-Patch-10-KG-Mockups.png",2560,2560,false],"thumbnail":["https:\/\/www.ferberpainting.com\/wp-content\/uploads\/2025\/05\/Asphalt-Cold-Patch-10-KG-Mockups-150x150.png",150,150,true],"medium":["https:\/\/www.ferberpainting.com\/wp-content\/uploads\/2025\/05\/Asphalt-Cold-Patch-10-KG-Mockups-300x300.png",300,300,true],"medium_large":["https:\/\/www.ferberpainting.com\/wp-content\/uploads\/2025\/05\/Asphalt-Cold-Patch-10-KG-Mockups-768x768.png",768,768,true],"large":["https:\/\/www.ferberpainting.com\/wp-content\/uploads\/2025\/05\/Asphalt-Cold-Patch-10-KG-Mockups-1024x1024.png",1024,1024,true],"1536x1536":["https:\/\/www.ferberpainting.com\/wp-content\/uploads\/2025\/05\/Asphalt-Cold-Patch-10-KG-Mockups-1536x1536.png",1536,1536,true],"2048x2048":["https:\/\/www.ferberpainting.com\/wp-content\/uploads\/2025\/05\/Asphalt-Cold-Patch-10-KG-Mockups-2048x2048.png",2048,2048,true],"trp-custom-language-flag":["https:\/\/www.ferberpainting.com\/wp-content\/uploads\/2025\/05\/Asphalt-Cold-Patch-10-KG-Mockups-12x12.png",12,12,true],"woocommerce_thumbnail":["https:\/\/www.ferberpainting.com\/wp-content\/uploads\/2025\/05\/Asphalt-Cold-Patch-10-KG-Mockups-300x300.png",300,300,true],"woocommerce_single":["https:\/\/www.ferberpainting.com\/wp-content\/uploads\/2025\/05\/Asphalt-Cold-Patch-10-KG-Mockups-600x600.png",600,600,true],"woocommerce_gallery_thumbnail":["https:\/\/www.ferberpainting.com\/wp-content\/uploads\/2025\/05\/Asphalt-Cold-Patch-10-KG-Mockups-100x100.png",100,100,true]},"uagb_author_info":{"display_name":"admin","author_link":"https:\/\/www.ferberpainting.com\/lv\/author\/"},"uagb_comment_info":7,"uagb_excerpt":"Fast and Efficient Repair of Paved Surfaces.\u00a0This cold-mix asphalt is specially designed to allow simple and durable repairs of roads, sidewalks, parking lots, and other surfaces made of asphalt or concrete. It provides an effective solution for filling potholes, cracks, deformations, and holes without requiring complex equipment or professional intervention, ensuring a quick and reliable&hellip;","_links":{"self":[{"href":"https:\/\/www.ferberpainting.com\/lv\/wp-json\/wp\/v2\/product\/23070","targetHints":{"allow":["GET"]}}],"collection":[{"href":"https:\/\/www.ferberpainting.com\/lv\/wp-json\/wp\/v2\/product"}],"about":[{"href":"https:\/\/www.ferberpainting.com\/lv\/wp-json\/wp\/v2\/types\/product"}],"replies":[{"embeddable":true,"href":"https:\/\/www.ferberpainting.com\/lv\/wp-json\/wp\/v2\/comments?post=23070"}],"version-history":[{"count":6,"href":"https:\/\/www.ferberpainting.com\/lv\/wp-json\/wp\/v2\/product\/23070\/revisions"}],"predecessor-version":[{"id":166027,"href":"https:\/\/www.ferberpainting.com\/lv\/wp-json\/wp\/v2\/product\/23070\/revisions\/166027"}],"wp:featuredmedia":[{"embeddable":true,"href":"https:\/\/www.ferberpainting.com\/lv\/wp-json\/wp\/v2\/media\/164716"}],"wp:attachment":[{"href":"https:\/\/www.ferberpainting.com\/lv\/wp-json\/wp\/v2\/media?parent=23070"}],"wp:term":[{"taxonomy":"product_brand","embeddable":true,"href":"https:\/\/www.ferberpainting.com\/lv\/wp-json\/wp\/v2\/product_brand?post=23070"},{"taxonomy":"product_cat","embeddable":true,"href":"https:\/\/www.ferberpainting.com\/lv\/wp-json\/wp\/v2\/product_cat?post=23070"},{"taxonomy":"product_tag","embeddable":true,"href":"https:\/\/www.ferberpainting.com\/lv\/wp-json\/wp\/v2\/product_tag?post=23070"}],"curies":[{"name":"wp","href":"https:\/\/api.w.org\/{rel}","templated":true}]}}