{"id":23069,"date":"2025-05-26T10:22:29","date_gmt":"2025-05-26T08:22:29","guid":{"rendered":"https:\/\/www.ferberpainting.com\/products\/apple-and-pear-tree-fertilizer\/"},"modified":"2026-02-15T13:01:27","modified_gmt":"2026-02-15T12:01:27","slug":"apple-and-pear-tree-fertilizer","status":"publish","type":"product","link":"https:\/\/www.ferberpainting.com\/lv\/products\/apple-and-pear-tree-fertilizer\/","title":{"rendered":"\u0100be\u013cu un bumbieru m\u0113slojums 25 kg"},"content":{"rendered":"<p><img decoding=\"async\" style=\"margin-right: 12px;\" src=\"https:\/\/www.ferberpainting.com\/wp-content\/uploads\/2026\/02\/Check.svg\" alt=\"\" width=\"18\" height=\"15\" \/><strong>M\u0113slojums, kas \u012bpa\u0161i paredz\u0113ts \u0101be\u013cu un bumbieru aug\u0161anas un aug\u013cu veido\u0161an\u0101s veicin\u0101\u0161anai.<\/strong>\u00a0\u0160is sl\u0101pek\u013ca (N), fosfora (P) un k\u0101lija (K) sabalans\u0113tais m\u0113slojums ar NPK 10-10-10 sast\u0101vu nodro\u0161ina optim\u0101lu sak\u0146u, lapu un aug\u013cu att\u012bst\u012bbu. Tas veicina sp\u0113c\u012bgu aug\u0161anu, bag\u0101t\u012bgu zied\u0113\u0161anu un bag\u0101t\u012bgu aug\u013cu veido\u0161anos, garant\u0113jot gar\u0161\u012bgus un labi veidotus \u0101bolus un bumbierus.<\/p>\n<p><img decoding=\"async\" style=\"margin-right: 12px;\" src=\"https:\/\/www.ferberpainting.com\/wp-content\/uploads\/2026\/02\/Check.svg\" alt=\"\" width=\"18\" height=\"15\" \/><strong>Naudas atmaksas garantija.<\/strong>\u00a0T\u0101 k\u0101 m\u0113s esam p\u0101rliecin\u0101ti par m\u016bsu m\u0113slo\u0161anas l\u012bdzek\u013cu efektivit\u0101ti, m\u0113s pied\u0101v\u0101jam naudas atmaksas garantiju. Ja p\u0113c m\u0113slojuma lieto\u0161anas j\u016bs nepaman\u012bsiet iev\u0113rojamus uzlabojumus savos aug\u013cu kokos, m\u0113s ap\u0146emamies jums piln\u012bb\u0101 atmaks\u0101t naudu.<\/p>\n<p><img decoding=\"async\" style=\"margin-right: 12px;\" src=\"https:\/\/www.ferberpainting.com\/wp-content\/uploads\/2026\/02\/Check.svg\" alt=\"\" width=\"18\" height=\"15\" \/><strong>Piem\u0113rots visu veidu augsn\u0113m un aug\u013cu kokiem.<\/strong>\u00a0\u0160is m\u0113slojums ir ide\u0101li piem\u0113rots visu \u0161\u0137ir\u0146u \u0101bel\u0113m un bumbieru kokiem, neatkar\u012bgi no t\u0101, vai tie ir jauni vai pieaugu\u0161i, zem\u0113 vai podos. Tas iedarbojas ar\u012b uz citiem aug\u013cu kokiem, piem\u0113ram, \u0137ir\u0161iem, pl\u016bm\u0113m vai cidonij\u0101m, nodro\u0161inot tos ar nepiecie\u0161amaj\u0101m bar\u012bbas viel\u0101m vesel\u012bgai aug\u0161anai.<\/p>\n<p><img decoding=\"async\" style=\"margin-right: 12px;\" src=\"https:\/\/www.ferberpainting.com\/wp-content\/uploads\/2026\/02\/Check.svg\" alt=\"\" width=\"18\" height=\"15\" \/><strong>Lielisks ekonomiskais ienes\u012bgums.<\/strong>\u00a0Optim\u0101l\u0101 ra\u017ea ir 200 grami no koka, un 25 kg mais\u0101 var pabarot l\u012bdz 125 kokiem. T\u0101 ciet\u0101 forma \u013cauj izvair\u012bties no atkritumiem, nodro\u0161inot pak\u0101penisku un ilgsto\u0161u bar\u012bbas vielu izdal\u012b\u0161anos vis\u0101 aug\u0161anas cikl\u0101.<\/p>\n<p><img decoding=\"async\" style=\"margin-right: 12px;\" src=\"https:\/\/www.ferberpainting.com\/wp-content\/uploads\/2026\/02\/Check.svg\" alt=\"\" width=\"18\" height=\"15\" \/><strong>Produkts, kas ir dro\u0161s augiem un videi.<\/strong>\u00a0At\u0161\u0137ir\u012bb\u0101 no skarbajiem \u0137\u012bmiskajiem m\u0113slo\u0161anas l\u012bdzek\u013ciem \u0161is m\u0113slojums ir veidots t\u0101, lai saudz\u0113tu augsni un ekosist\u0113mas. T\u0101 l\u0113n\u0101 izdal\u012b\u0161an\u0101s pal\u012bdz izvair\u012bties no p\u0101rdoz\u0113\u0161anas un samazina grunts\u016bde\u0146u pies\u0101r\u0146ojuma risku.<\/p>\n<p><img decoding=\"async\" style=\"margin-right: 12px;\" src=\"https:\/\/www.ferberpainting.com\/wp-content\/uploads\/2026\/02\/Check.svg\" alt=\"\" width=\"18\" height=\"15\" \/><strong>Viegla lieto\u0161ana bez at\u0161\u0137aid\u012b\u0161anas.<\/strong>\u00a0\u0160im m\u0113slo\u0161anas l\u012bdzeklim nav nepiecie\u0161ama sare\u017e\u0123\u012bta sagatavo\u0161ana. Vienk\u0101r\u0161i izkl\u0101jiet to ap koka pamatni un viegli iestr\u0101d\u0101jiet augsn\u0113. Nav nepiecie\u0161ams at\u0161\u0137aid\u012bt vai sajaukt, nodro\u0161inot \u0101tru un efekt\u012bvu lieto\u0161anu.<\/p>\n<p><img decoding=\"async\" style=\"margin-right: 12px;\" src=\"https:\/\/www.ferberpainting.com\/wp-content\/uploads\/2026\/02\/Check.svg\" alt=\"\" width=\"18\" height=\"15\" \/><strong>Ilgsto\u0161a iedarb\u012bba, kas nodro\u0161ina bag\u0101t\u012bgu ra\u017eu katru gadu.<\/strong>\u00a0Pateicoties pak\u0101peniskai izdal\u012b\u0161anai, \u0161is m\u0113slojums nodro\u0161ina past\u0101v\u012bgu sak\u0146u baro\u0161anu, stiprinot iztur\u012bbu pret slim\u012bb\u0101m un klimata stresu. Regul\u0101ra lieto\u0161ana uzlabo aug\u013cu kvalit\u0101ti un optimiz\u0113 ra\u017eu vair\u0101ku sezonu garum\u0101.<\/p>\n<p><img decoding=\"async\" style=\"margin-right: 12px;\" src=\"https:\/\/www.ferberpainting.com\/wp-content\/uploads\/2026\/02\/Check.svg\" alt=\"\" width=\"18\" height=\"15\" \/><strong>Redzami rezult\u0101ti jau p\u0113c pirmajiem lieto\u0161anas reiz\u0113m.<\/strong>\u00a0Jau p\u0113c pirm\u0101s lieto\u0161anas reizes j\u016bs paman\u012bsiet, ka uzlabojas koku dz\u012bvotsp\u0113ja, za\u013c\u0101kas un bl\u012bv\u0101kas lapas, k\u0101 ar\u012b intens\u012bv\u0101ku zied\u0113\u0161anu, kas veicina lab\u0101ku apputeksn\u0113\u0161anu un aug\u013cu veido\u0161anos.<\/p>\n<h2><strong>Lieto\u0161anas protokols<\/strong><\/h2>\n<p><strong>Ieteicam\u0101s devas <\/strong>:<\/p>\n<ul>\n<li><strong>Jauni koki (jaun\u0101ki par 3 gadiem) <\/strong>: Katram kokam uzkl\u0101jiet 100 g m\u0113slojuma, izkl\u0101jiet ap stumbru.<\/li>\n<li><strong>Pieaugu\u0161i koki <\/strong>: Optim\u0101lai aug\u0161anai un bag\u0101t\u012bgam aug\u013co\u0161anai izmantojiet 200 g uz koku.<\/li>\n<\/ul>\n<p><strong>Piem\u0113ro\u0161anas bie\u017eums <\/strong>:<\/p>\n<ul>\n<li><strong>Agrs pavasaris (marts-apr\u012blis) <\/strong>: Lai stimul\u0113tu lapu un ziedu aug\u0161anu.<\/li>\n<li><strong>P\u0113c zied\u0113\u0161anas (maijs-j\u016bnijs) <\/strong>: Atbalst\u012bt aug\u013cu att\u012bst\u012bbu.<\/li>\n<li><strong>Rudens s\u0101kums (septembris-oktobris) <\/strong>: Lai sagatavotu koku ziemai un palielin\u0101tu bar\u012bbas vielu rezerves.<\/li>\n<\/ul>\n<p><strong>Piem\u0113ro\u0161anas metode <\/strong>:<\/p>\n<ul>\n<li>Izkl\u0101jiet m\u0113slojumu ap koku aploku ap koka pamatni, apm\u0113ram 30-50 cm no stumbra, kur aug barojo\u0161\u0101s saknes.<\/li>\n<li>Viegli iestr\u0101d\u0101jiet, izmantojot gr\u0101bekli vai kapli, lai uzlabotu uzs\u016bk\u0161anos.<\/li>\n<li>P\u0113c laist\u012b\u0161anas bag\u0101t\u012bgi aplaistiet, lai bar\u012bbas vielas pak\u0101peniski iz\u0161\u0137\u012bdin\u0101tu augsn\u0113.<\/li>\n<\/ul>\n<p><strong>Lieto\u0161anas piesardz\u012bbas pas\u0101kumi <\/strong>:<\/p>\n<ul>\n<li>Nep\u0101rdoz\u0113jiet, lai izvair\u012btos no sl\u0101pek\u013ca p\u0101rpalikuma, kas var veicin\u0101t lapu aug\u0161anu uz aug\u013cu veido\u0161an\u0101s r\u0113\u0137ina.<\/li>\n<li>Nelietojiet p\u0101r\u0101k tuvu stumbram, lai nep\u0101rslogotu galven\u0101s saknes.<\/li>\n<li>Izvairieties no lieto\u0161anas karstuma vi\u013c\u0146u laik\u0101, lai nov\u0113rstu koku stresu.<\/li>\n<\/ul>\n<p><strong>Uzglab\u0101\u0161ana un konserv\u0113\u0161ana <\/strong>:<\/p>\n<ul>\n<li>Uzglab\u0101jiet m\u0113slojumu saus\u0101, no mitruma aizsarg\u0101t\u0101 viet\u0101.<\/li>\n<li>P\u0113c katras lieto\u0161anas reizes cie\u0161i aiztaisiet maisi\u0146u, lai saglab\u0101tu t\u0101 m\u0113slo\u0161anas \u012bpa\u0161\u012bbas.<\/li>\n<\/ul>\n<p>Ar \u0161o m\u0113slojumu \u0101bel\u0113m un bumbier\u0113m nodro\u0161iniet optim\u0101lu aug\u0161anu, bag\u0101t\u012bgu zied\u0113\u0161anu un bag\u0101t\u012bgu ra\u017eu. Ide\u0101li piem\u0113rots aug\u013cu d\u0101rziem un piem\u0101jas d\u0101rziem, tas gadu no gada garant\u0113 augstas kvalit\u0101tes, saldus un sul\u012bgus aug\u013cus.<\/p>","protected":false},"excerpt":{"rendered":"<p>A fertilizer specially designed to promote the growth and fruiting of apple and pear trees.\u00a0This fertilizer, balanced in nitrogen (N), phosphorus (P), and potassium (K), with an NPK 10-10-10 formulation, ensures the optimal development of roots, leaves, and fruits. It promotes vigorous growth, abundant flowering, and generous fruiting, guaranteeing tasty and well-formed apples and pears. [&hellip;]<\/p>\n","protected":false},"featured_media":24947,"comment_status":"open","ping_status":"closed","template":"","meta":{"_uag_custom_page_level_css":"","site-sidebar-layout":"default","site-content-layout":"","ast-site-content-layout":"default","site-content-style":"default","site-sidebar-style":"default","ast-global-header-display":"","ast-banner-title-visibility":"","ast-main-header-display":"","ast-hfb-above-header-display":"","ast-hfb-below-header-display":"","ast-hfb-mobile-header-display":"","site-post-title":"","ast-breadcrumbs-content":"","ast-featured-img":"","footer-sml-layout":"","ast-disable-related-posts":"","theme-transparent-header-meta":"default","adv-header-id-meta":"","stick-header-meta":"","header-above-stick-meta":"","header-main-stick-meta":"","header-below-stick-meta":"","astra-migrate-meta-layouts":"set","ast-page-background-enabled":"default","ast-page-background-meta":{"desktop":{"background-color":"var(--ast-global-color-4)","background-image":"","background-repeat":"repeat","background-position":"center center","background-size":"auto","background-attachment":"scroll","background-type":"","background-media":"","overlay-type":"","overlay-color":"","overlay-opacity":"","overlay-gradient":""},"tablet":{"background-color":"","background-image":"","background-repeat":"repeat","background-position":"center center","background-size":"auto","background-attachment":"scroll","background-type":"","background-media":"","overlay-type":"","overlay-color":"","overlay-opacity":"","overlay-gradient":""},"mobile":{"background-color":"","background-image":"","background-repeat":"repeat","background-position":"center center","background-size":"auto","background-attachment":"scroll","background-type":"","background-media":"","overlay-type":"","overlay-color":"","overlay-opacity":"","overlay-gradient":""}},"ast-content-background-meta":{"desktop":{"background-color":"var(--ast-global-color-5)","background-image":"","background-repeat":"repeat","background-position":"center center","background-size":"auto","background-attachment":"scroll","background-type":"","background-media":"","overlay-type":"","overlay-color":"","overlay-opacity":"","overlay-gradient":""},"tablet":{"background-color":"var(--ast-global-color-5)","background-image":"","background-repeat":"repeat","background-position":"center center","background-size":"auto","background-attachment":"scroll","background-type":"","background-media":"","overlay-type":"","overlay-color":"","overlay-opacity":"","overlay-gradient":""},"mobile":{"background-color":"var(--ast-global-color-5)","background-image":"","background-repeat":"repeat","background-position":"center center","background-size":"auto","background-attachment":"scroll","background-type":"","background-media":"","overlay-type":"","overlay-color":"","overlay-opacity":"","overlay-gradient":""}}},"product_brand":[],"product_cat":[178],"product_tag":[],"class_list":{"0":"post-23069","1":"product","2":"type-product","3":"status-publish","4":"has-post-thumbnail","6":"product_cat-fertilizers","7":"desktop-align-left","8":"tablet-align-left","9":"mobile-align-left","11":"first","12":"instock","13":"taxable","14":"shipping-taxable","15":"purchasable","16":"product-type-simple"},"spectra_custom_meta":{"_visibility":["visible"],"_shopify_product_id":["9071371780341"],"_s2w_shopify_domain":["ferberpainting.myshopify.com"],"_shopify_variant_id":["46516174651637"],"_sku":["FPAPPLEANDPEARTREEFERTILIZER25KG"],"_regular_price":["39.90"],"_price":["39.90"],"_sale_price":[""],"_weight":["18.7"],"_thumbnail_id":["24947"],"_global_unique_id":["5056773817715"],"total_sales":["16"],"_tax_status":["taxable"],"_tax_class":[""],"_manage_stock":["no"],"_backorders":["no"],"_sold_individually":["no"],"_virtual":["no"],"_downloadable":["no"],"_download_limit":["-1"],"_download_expiry":["-1"],"_stock":[null],"_stock_status":["instock"],"_wc_average_rating":["5.00"],"_wc_review_count":["14"],"_product_version":["10.5.1"],"_wc_rating_count":["a:1:{i:5;i:14;}"],"_edit_lock":["1771156822:1"],"merchant-center-availability":["yes"],"merchant-center-category":["113"],"_edit_last":["1"],"_wp_page_template":["default"],"site-sidebar-layout":["default"],"ast-site-content-layout":["default"],"site-content-style":["default"],"site-sidebar-style":["default"],"theme-transparent-header-meta":["default"],"astra-migrate-meta-layouts":["set"],"_uag_css_file_name":["uag-css-23069.css"],"_uag_page_assets":["a:9:{s:3:\"css\";s:7133:\".uag-blocks-common-selector{z-index:var(--z-index-desktop) !important}@media(max-width: 976px){.uag-blocks-common-selector{z-index:var(--z-index-tablet) !important}}@media(max-width: 767px){.uag-blocks-common-selector{z-index:var(--z-index-mobile) !important}}.wp-block-uagb-image{display:flex}.wp-block-uagb-image__figure{position:relative;display:flex;flex-direction:column;max-width:100%;height:auto;margin:0}.wp-block-uagb-image__figure img{height:auto;display:flex;max-width:100%;transition:box-shadow .2s ease}.wp-block-uagb-image__figure>a{display:inline-block}.wp-block-uagb-image__figure figcaption{text-align:center;margin-top:.5em;margin-bottom:1em}.wp-block-uagb-image .components-placeholder.block-editor-media-placeholder .components-placeholder__instructions{align-self:center}.wp-block-uagb-image--align-left{text-align:left}.wp-block-uagb-image--align-right{text-align:right}.wp-block-uagb-image--align-center{text-align:center}.wp-block-uagb-image--align-full .wp-block-uagb-image__figure{margin-left:calc(50% - 50vw);margin-right:calc(50% - 50vw);max-width:100vw;width:100vw;height:auto}.wp-block-uagb-image--align-full .wp-block-uagb-image__figure img{height:auto;width:100% !important}.wp-block-uagb-image--align-wide .wp-block-uagb-image__figure img{height:auto;width:100%}.wp-block-uagb-image--layout-overlay__color-wrapper{position:absolute;left:0;top:0;right:0;bottom:0;opacity:.2;background:rgba(0,0,0,.5);transition:opacity .35s ease-in-out}.wp-block-uagb-image--layout-overlay-link{position:absolute;left:0;right:0;bottom:0;top:0}.wp-block-uagb-image--layout-overlay .wp-block-uagb-image__figure:hover .wp-block-uagb-image--layout-overlay__color-wrapper{opacity:1}.wp-block-uagb-image--layout-overlay__inner{position:absolute;left:15px;right:15px;bottom:15px;top:15px;display:flex;align-items:center;justify-content:center;flex-direction:column;border-color:#fff;transition:.35s ease-in-out}.wp-block-uagb-image--layout-overlay__inner.top-left,.wp-block-uagb-image--layout-overlay__inner.top-center,.wp-block-uagb-image--layout-overlay__inner.top-right{justify-content:flex-start}.wp-block-uagb-image--layout-overlay__inner.bottom-left,.wp-block-uagb-image--layout-overlay__inner.bottom-center,.wp-block-uagb-image--layout-overlay__inner.bottom-right{justify-content:flex-end}.wp-block-uagb-image--layout-overlay__inner.top-left,.wp-block-uagb-image--layout-overlay__inner.center-left,.wp-block-uagb-image--layout-overlay__inner.bottom-left{align-items:flex-start}.wp-block-uagb-image--layout-overlay__inner.top-right,.wp-block-uagb-image--layout-overlay__inner.center-right,.wp-block-uagb-image--layout-overlay__inner.bottom-right{align-items:flex-end}.wp-block-uagb-image--layout-overlay__inner .uagb-image-heading{color:#fff;transition:transform .35s,opacity .35s ease-in-out;transform:translate3d(0, 24px, 0);margin:0;line-height:1em}.wp-block-uagb-image--layout-overlay__inner .uagb-image-separator{width:30%;border-top-width:2px;border-top-color:#fff;border-top-style:solid;margin-bottom:10px;opacity:0;transition:transform .4s,opacity .4s ease-in-out;transform:translate3d(0, 30px, 0)}.wp-block-uagb-image--layout-overlay__inner .uagb-image-caption{opacity:0;overflow:visible;color:#fff;transition:transform .45s,opacity .45s ease-in-out;transform:translate3d(0, 35px, 0)}.wp-block-uagb-image--layout-overlay__inner:hover .uagb-image-heading,.wp-block-uagb-image--layout-overlay__inner:hover .uagb-image-separator,.wp-block-uagb-image--layout-overlay__inner:hover .uagb-image-caption{opacity:1;transform:translate3d(0, 0, 0)}.wp-block-uagb-image--effect-zoomin .wp-block-uagb-image__figure img,.wp-block-uagb-image--effect-zoomin .wp-block-uagb-image__figure .wp-block-uagb-image--layout-overlay__color-wrapper{transform:scale(1);transition:transform .35s ease-in-out}.wp-block-uagb-image--effect-zoomin .wp-block-uagb-image__figure:hover img,.wp-block-uagb-image--effect-zoomin .wp-block-uagb-image__figure:hover .wp-block-uagb-image--layout-overlay__color-wrapper{transform:scale(1.05)}.wp-block-uagb-image--effect-slide .wp-block-uagb-image__figure img,.wp-block-uagb-image--effect-slide .wp-block-uagb-image__figure .wp-block-uagb-image--layout-overlay__color-wrapper{width:calc(100% + 40px) !important;max-width:none !important;transform:translate3d(-40px, 0, 0);transition:transform .35s ease-in-out}.wp-block-uagb-image--effect-slide .wp-block-uagb-image__figure:hover img,.wp-block-uagb-image--effect-slide .wp-block-uagb-image__figure:hover .wp-block-uagb-image--layout-overlay__color-wrapper{transform:translate3d(0, 0, 0)}.wp-block-uagb-image--effect-grayscale img{filter:grayscale(0%);transition:.35s ease-in-out}.wp-block-uagb-image--effect-grayscale:hover img{filter:grayscale(100%)}.wp-block-uagb-image--effect-blur img{filter:blur(0);transition:.35s ease-in-out}.wp-block-uagb-image--effect-blur:hover img{filter:blur(3px)}.uagb-block-e6f939b3.wp-block-uagb-image--layout-default figure img{box-shadow: 0px 0px 0 #00000070;}.uagb-block-e6f939b3.wp-block-uagb-image .wp-block-uagb-image__figure figcaption{font-style: normal;align-self: center;}.uagb-block-e6f939b3.wp-block-uagb-image--layout-overlay figure img{box-shadow: 0px 0px 0 #00000070;}.uagb-block-e6f939b3.wp-block-uagb-image--layout-overlay .wp-block-uagb-image--layout-overlay__color-wrapper{opacity: 0.2;}.uagb-block-e6f939b3.wp-block-uagb-image--layout-overlay .wp-block-uagb-image--layout-overlay__inner{left: 15px;right: 15px;top: 15px;bottom: 15px;}.uagb-block-e6f939b3.wp-block-uagb-image--layout-overlay .wp-block-uagb-image--layout-overlay__inner .uagb-image-heading{font-style: normal;color: #fff;opacity: 1;}.uagb-block-e6f939b3.wp-block-uagb-image--layout-overlay .wp-block-uagb-image--layout-overlay__inner .uagb-image-heading a{color: #fff;}.uagb-block-e6f939b3.wp-block-uagb-image--layout-overlay .wp-block-uagb-image--layout-overlay__inner .uagb-image-caption{opacity: 0;}.uagb-block-e6f939b3.wp-block-uagb-image--layout-overlay .wp-block-uagb-image__figure:hover .wp-block-uagb-image--layout-overlay__color-wrapper{opacity: 1;}.uagb-block-e6f939b3.wp-block-uagb-image .wp-block-uagb-image--layout-overlay__inner .uagb-image-separator{width: 30%;border-top-width: 2px;border-top-color: #fff;opacity: 0;}.uagb-block-e6f939b3.wp-block-uagb-image .wp-block-uagb-image__figure img{width: px;height: auto;}.uagb-block-e6f939b3.wp-block-uagb-image .wp-block-uagb-image__figure:hover .wp-block-uagb-image--layout-overlay__inner .uagb-image-caption{opacity: 1;}.uagb-block-e6f939b3.wp-block-uagb-image .wp-block-uagb-image__figure:hover .wp-block-uagb-image--layout-overlay__inner .uagb-image-separator{opacity: 1;}.uagb-block-e6f939b3.wp-block-uagb-image--layout-default figure:hover img{box-shadow: 0px 0px 0 #00000070;}.uagb-block-e6f939b3.wp-block-uagb-image--layout-overlay figure:hover img{box-shadow: 0px 0px 0 #00000070;}@media only screen and (max-width: 976px) {.uagb-block-e6f939b3.wp-block-uagb-image .wp-block-uagb-image__figure img{width: px;height: auto;}}@media only screen and (max-width: 767px) {.uagb-block-e6f939b3.wp-block-uagb-image .wp-block-uagb-image__figure img{width: px;height: auto;}}\";s:2:\"js\";s:0:\"\";s:18:\"current_block_list\";a:13:{i:0;s:11:\"core\/search\";i:1;s:10:\"core\/group\";i:2;s:12:\"core\/heading\";i:3;s:17:\"core\/latest-posts\";i:4;s:20:\"core\/latest-comments\";i:5;s:13:\"core\/archives\";i:6;s:15:\"core\/categories\";i:7;s:14:\"core\/paragraph\";i:8;s:10:\"uagb\/image\";i:9;s:11:\"core\/spacer\";i:10;s:30:\"woocommerce\/product-categories\";i:11;s:10:\"core\/image\";i:12;s:14:\"core\/shortcode\";}s:8:\"uag_flag\";b:1;s:11:\"uag_version\";s:10:\"1777205492\";s:6:\"gfonts\";a:0:{}s:10:\"gfonts_url\";s:0:\"\";s:12:\"gfonts_files\";a:0:{}s:14:\"uag_faq_layout\";b:0;}"],"_elementor_page_assets":["a:0:{}"]},"uagb_featured_image_src":{"full":["https:\/\/www.ferberpainting.com\/wp-content\/uploads\/2025\/05\/AppleandPearTreeFertilizer.png",2560,2560,false],"thumbnail":["https:\/\/www.ferberpainting.com\/wp-content\/uploads\/2025\/05\/AppleandPearTreeFertilizer-150x150.png",150,150,true],"medium":["https:\/\/www.ferberpainting.com\/wp-content\/uploads\/2025\/05\/AppleandPearTreeFertilizer-300x300.png",300,300,true],"medium_large":["https:\/\/www.ferberpainting.com\/wp-content\/uploads\/2025\/05\/AppleandPearTreeFertilizer-768x768.png",768,768,true],"large":["https:\/\/www.ferberpainting.com\/wp-content\/uploads\/2025\/05\/AppleandPearTreeFertilizer-1024x1024.png",1024,1024,true],"1536x1536":["https:\/\/www.ferberpainting.com\/wp-content\/uploads\/2025\/05\/AppleandPearTreeFertilizer-1536x1536.png",1536,1536,true],"2048x2048":["https:\/\/www.ferberpainting.com\/wp-content\/uploads\/2025\/05\/AppleandPearTreeFertilizer-2048x2048.png",2048,2048,true],"trp-custom-language-flag":["https:\/\/www.ferberpainting.com\/wp-content\/uploads\/2025\/05\/AppleandPearTreeFertilizer-12x12.png",12,12,true],"woocommerce_thumbnail":["https:\/\/www.ferberpainting.com\/wp-content\/uploads\/2025\/05\/AppleandPearTreeFertilizer-300x300.png",300,300,true],"woocommerce_single":["https:\/\/www.ferberpainting.com\/wp-content\/uploads\/2025\/05\/AppleandPearTreeFertilizer-600x600.png",600,600,true],"woocommerce_gallery_thumbnail":["https:\/\/www.ferberpainting.com\/wp-content\/uploads\/2025\/05\/AppleandPearTreeFertilizer-100x100.png",100,100,true]},"uagb_author_info":{"display_name":"admin","author_link":"https:\/\/www.ferberpainting.com\/lv\/author\/"},"uagb_comment_info":14,"uagb_excerpt":"A fertilizer specially designed to promote the growth and fruiting of apple and pear trees.\u00a0This fertilizer, balanced in nitrogen (N), phosphorus (P), and potassium (K), with an NPK 10-10-10 formulation, ensures the optimal development of roots, leaves, and fruits. It promotes vigorous growth, abundant flowering, and generous fruiting, guaranteeing tasty and well-formed apples and pears.&hellip;","_links":{"self":[{"href":"https:\/\/www.ferberpainting.com\/lv\/wp-json\/wp\/v2\/product\/23069","targetHints":{"allow":["GET"]}}],"collection":[{"href":"https:\/\/www.ferberpainting.com\/lv\/wp-json\/wp\/v2\/product"}],"about":[{"href":"https:\/\/www.ferberpainting.com\/lv\/wp-json\/wp\/v2\/types\/product"}],"replies":[{"embeddable":true,"href":"https:\/\/www.ferberpainting.com\/lv\/wp-json\/wp\/v2\/comments?post=23069"}],"version-history":[{"count":7,"href":"https:\/\/www.ferberpainting.com\/lv\/wp-json\/wp\/v2\/product\/23069\/revisions"}],"predecessor-version":[{"id":166025,"href":"https:\/\/www.ferberpainting.com\/lv\/wp-json\/wp\/v2\/product\/23069\/revisions\/166025"}],"wp:featuredmedia":[{"embeddable":true,"href":"https:\/\/www.ferberpainting.com\/lv\/wp-json\/wp\/v2\/media\/24947"}],"wp:attachment":[{"href":"https:\/\/www.ferberpainting.com\/lv\/wp-json\/wp\/v2\/media?parent=23069"}],"wp:term":[{"taxonomy":"product_brand","embeddable":true,"href":"https:\/\/www.ferberpainting.com\/lv\/wp-json\/wp\/v2\/product_brand?post=23069"},{"taxonomy":"product_cat","embeddable":true,"href":"https:\/\/www.ferberpainting.com\/lv\/wp-json\/wp\/v2\/product_cat?post=23069"},{"taxonomy":"product_tag","embeddable":true,"href":"https:\/\/www.ferberpainting.com\/lv\/wp-json\/wp\/v2\/product_tag?post=23069"}],"curies":[{"name":"wp","href":"https:\/\/api.w.org\/{rel}","templated":true}]}}