{"id":23052,"date":"2025-05-26T10:22:23","date_gmt":"2025-05-26T08:22:23","guid":{"rendered":"https:\/\/www.ferberpainting.com\/products\/amaryllis-fertilizer\/"},"modified":"2026-02-24T18:44:07","modified_gmt":"2026-02-24T17:44:07","slug":"amaryllis-fertilizer","status":"publish","type":"product","link":"https:\/\/www.ferberpainting.com\/lv\/products\/amaryllis-fertilizer\/","title":{"rendered":"Amari\u013ca m\u0113slojums"},"content":{"rendered":"<p><img decoding=\"async\" style=\"margin-right: 12px;\" src=\"https:\/\/www.ferberpainting.com\/wp-content\/uploads\/2026\/02\/Check.svg\" alt=\"\" width=\"18\" height=\"15\" \/><strong>L\u012bdzsvarots m\u0113slojums iespaid\u012bgai zied\u0113\u0161anai.<\/strong>\u00a0\u0160is amarillu m\u0113slojums ir \u012bpa\u0161i izstr\u0101d\u0101ts, lai stimul\u0113tu \u0161\u012b majest\u0101tisk\u0101 auga aug\u0161anu un zied\u0113\u0161anu. Pateicoties NPK 15-15-15 sast\u0101vam, tas nodro\u0161ina perfektu l\u012bdzsvaru starp sl\u0101pekli (N), kas veicina bl\u012bvu un sp\u0113c\u012bgu lapotni, fosforu (P), kas stimul\u0113 sak\u0146u un s\u012bpolu att\u012bst\u012bbu, un k\u0101liju (K), kas stiprina zied\u0113\u0161anu un iztur\u012bbu pret slim\u012bb\u0101m. T\u0101d\u0113j\u0101di tas nodro\u0161ina spilgtus, liela izm\u0113ra un intens\u012bvu kr\u0101su ziedus.<\/p>\n<p><img decoding=\"async\" style=\"margin-right: 12px;\" src=\"https:\/\/www.ferberpainting.com\/wp-content\/uploads\/2026\/02\/Check.svg\" alt=\"\" width=\"18\" height=\"15\" \/><strong>Naudas atmaksas garantija.<\/strong>\u00a0M\u0113s esam piln\u012bgi p\u0101rliecin\u0101ti par m\u016bsu amarili\u0146u m\u0113slojuma efektivit\u0101ti. T\u0101p\u0113c m\u0113s pied\u0101v\u0101jam naudas atmaksas garantiju. Ja p\u0113c m\u0113slojuma lieto\u0161anas saska\u0146\u0101 ar ieteikumiem j\u016bs nepaman\u012bsiet iev\u0113rojamu uzlabojumu savu augu aug\u0161an\u0101 un zied\u0113\u0161an\u0101, m\u0113s ap\u0146emamies bez nosac\u012bjumiem atmaks\u0101t jums naudu, t\u0101d\u0113j\u0101di nodro\u0161inot piln\u012bgi bezr\u016bp\u012bgu pirkumu.<\/p>\n<p><img decoding=\"async\" style=\"margin-right: 12px;\" src=\"https:\/\/www.ferberpainting.com\/wp-content\/uploads\/2026\/02\/Check.svg\" alt=\"\" width=\"18\" height=\"15\" \/><strong>Piem\u0113rots vis\u0101m amariliju \u0161\u0137irn\u0113m un istabas un \u0101ra s\u012bpolpu\u0137\u0113m.<\/strong>\u00a0\u0160is m\u0113slojums ir piem\u0113rots sarkanajiem, s\u0101rtajiem, baltajiem un divkr\u0101sainajiem amarili\u0146iem, k\u0101 ar\u012b cit\u0101m t\u0101s pa\u0161as dzimtas s\u012bpolpu\u0137\u0113m, piem\u0113ram, hippeastrumiem. Tas ir ide\u0101li piem\u0113rots amaril\u012bniem, ko audz\u0113 podos iek\u0161telp\u0101s, k\u0101 ar\u012b atkl\u0101t\u0101 augsn\u0113 d\u0101rzos, nodro\u0161inot optim\u0101lu baro\u0161anu katrai audz\u0113\u0161anas metodei.<\/p>\n<p><img decoding=\"async\" style=\"margin-right: 12px;\" src=\"https:\/\/www.ferberpainting.com\/wp-content\/uploads\/2026\/02\/Check.svg\" alt=\"\" width=\"18\" height=\"15\" \/><strong>Optimiz\u0113ta ekonomisk\u0101 efektivit\u0101te, pateicoties t\u0101s koncentr\u0101cijai.<\/strong>\u00a0Pateicoties t\u0101 koncentr\u0113tajam \u0161\u0137idruma sast\u0101vam, 5 litru trauk\u0101 var pagatavot l\u012bdz pat 1000 litriem m\u0113slo\u0161anas \u0161\u0137\u012bduma, nodro\u0161inot ilgsto\u0161u un rentablu m\u0113slo\u0161anu. Ar 5 ml devu uz litru \u016bdens \u0161is produkts nodro\u0161ina \u0101tru bar\u012bbas vielu uzs\u016bk\u0161anos un optimiz\u0113tu lieto\u0161anu, vienlaikus ierobe\u017eojot atkritumu daudzumu.<\/p>\n<p><img decoding=\"async\" style=\"margin-right: 12px;\" src=\"https:\/\/www.ferberpainting.com\/wp-content\/uploads\/2026\/02\/Check.svg\" alt=\"\" width=\"18\" height=\"15\" \/><strong>Dro\u0161s un netoksisks m\u0113slojums lieto\u0161anai iek\u0161telp\u0101s un \u0101rpus telp\u0101m.<\/strong>\u00a0\u0160is m\u0113slojums ir izstr\u0101d\u0101ts bez kait\u012bg\u0101m \u0137\u012bmisk\u0101m viel\u0101m un neizdala toksiskus izgarojumus, t\u0101p\u0113c tas ir ide\u0101li piem\u0113rots lieto\u0161anai iek\u0161telp\u0101s. Tas nemaina gaisa kvalit\u0101ti un ir dro\u0161s m\u0101jdz\u012bvniekiem, ja tiek lietots saska\u0146\u0101 ar ieteikumiem. T\u0101 saudz\u012bg\u0101 iedarb\u012bba iev\u0113ro augsnes biolo\u0123isko l\u012bdzsvaru un veicina vesel\u012bgu vidi j\u016bsu augiem.<\/p>\n<p><img decoding=\"async\" style=\"margin-right: 12px;\" src=\"https:\/\/www.ferberpainting.com\/wp-content\/uploads\/2026\/02\/Check.svg\" alt=\"\" width=\"18\" height=\"15\" \/><strong>Vienk\u0101r\u0161a lieto\u0161ana vienk\u0101r\u0161otai apkopei.<\/strong>\u00a0\u0160is \u0161\u0137idrais m\u0113slojums tiek at\u0161\u0137aid\u012bts tie\u0161i laist\u012b\u0161anas \u016bden\u012b, nodro\u0161inot viendab\u012bgu un efekt\u012bvu m\u0113slo\u0161anu ar minim\u0101lu piep\u016bli. To var lietot ar\u012b tie\u0161i pie auga pamatnes vai izsmidzinot uz lapas, nodro\u0161inot \u0101tru bar\u012bbas vielu uzs\u016bk\u0161anos lap\u0101s un sakn\u0113s.<\/p>\n<p><img decoding=\"async\" style=\"margin-right: 12px;\" src=\"https:\/\/www.ferberpainting.com\/wp-content\/uploads\/2026\/02\/Check.svg\" alt=\"\" width=\"18\" height=\"15\" \/><strong>Ilgsto\u0161a iedarb\u012bba optim\u0101lai aug\u0161anai un zied\u0113\u0161anai.<\/strong>\u00a0Pateicoties pak\u0101peniskai bar\u012bbas vielu izdal\u012b\u0161anai, \u0161is m\u0113slojums laika gait\u0101 baro amarili\u0146u s\u012bpolus, neradot p\u0101rm\u0113r\u012bgu lapu aug\u0161anu. Tas veicina bag\u0101t\u012bg\u0101ku un ilglaic\u012bg\u0101ku zied\u0113\u0161anu ar liel\u0101kiem un iztur\u012bg\u0101kiem ziediem.<\/p>\n<p><img decoding=\"async\" style=\"margin-right: 12px;\" src=\"https:\/\/www.ferberpainting.com\/wp-content\/uploads\/2026\/02\/Check.svg\" alt=\"\" width=\"18\" height=\"15\" \/><strong>Redzami rezult\u0101ti jau p\u0113c pirmaj\u0101m lieto\u0161anas ned\u0113\u013c\u0101m.<\/strong>\u00a0Jau no pirmaj\u0101m lieto\u0161anas ned\u0113\u013c\u0101m \u0161is m\u0113slojums stimul\u0113 lapu aug\u0161anu, uzlabo ziedu kr\u0101su un nodro\u0161ina lab\u0101ku ziedu stubl\u0101ju atbalstu. Tas ar\u012b pal\u012bdz augam sagatavoties n\u0101kamajam zied\u0113\u0161anas ciklam n\u0101kamaj\u0101 gad\u0101, stiprinot s\u012bpolu p\u0113c zied\u0113\u0161anas, nodro\u0161inot nep\u0101rtrauktus un iespaid\u012bgus zied\u0113\u0161anas ciklus.<\/p>\n<h2><strong>Lieto\u0161anas protokols<\/strong><\/h2>\n<ul>\n<li><strong>M\u0113slojuma at\u0161\u0137aid\u012b\u0161ana <\/strong>: Uz 1 litru \u016bdens samaisiet 5 ml m\u0113slojuma. Pirms katras lieto\u0161anas reizes \u0161\u0137\u012bdumu labi sakratiet, lai nodro\u0161in\u0101tu vienm\u0113r\u012bgu bar\u012bbas vielu sadal\u012bjumu.<\/li>\n<li><strong>Piem\u0113ro\u0161anas metode <\/strong>:\n<ul>\n<li><strong>Ar laist\u012b\u0161anu <\/strong>: At\u0161\u0137aid\u012bto \u0161\u0137\u012bdumu ielejiet tie\u0161i pie auga pamatnes, nodro\u0161inot, ka substr\u0101ts ir vienm\u0113r\u012bgi samitrin\u0101ts, bez liek\u0101 \u016bdens, lai nov\u0113rstu mitruma uzkr\u0101\u0161anos ap s\u012bpolu.<\/li>\n<li><strong>Ar lapotnes smidzin\u0101\u0161anu <\/strong>: Viegli izsmidziniet \u0161\u0137\u012bdumu uz lap\u0101m, v\u0113lams agri no r\u012bta vai dienas beig\u0101s, lai nov\u0113rstu strauju iztvaiko\u0161anu.<\/li>\n<\/ul>\n<\/li>\n<li><strong>Lieto\u0161anas bie\u017eums <\/strong>: M\u0113slojumu lieto ik p\u0113c 15 dien\u0101m aug\u0161anas un zied\u0113\u0161anas laik\u0101 (pavasar\u012b-vasar\u0101) un reizi m\u0113nes\u012b p\u0113c zied\u0113\u0161anas, lai stiprin\u0101tu s\u012bpolu pirms miera perioda (ruden\u012b-ziem\u0101).<\/li>\n<li><strong>Papildu laist\u012b\u0161ana <\/strong>: P\u0113c katras m\u0113slo\u0161anas pirms atk\u0101rtotas laist\u012b\u0161anas pagaidiet 48 stundas, lai optimiz\u0113tu bar\u012bbas vielu uzs\u016bk\u0161anos aug\u0101.<\/li>\n<li><strong>Lieto\u0161anas piesardz\u012bbas pas\u0101kumi <\/strong>: Nep\u0101rm\u0113slojiet m\u0113slojumu, lai izvair\u012btos no p\u0101rm\u0113r\u012bgas miner\u0101ls\u0101\u013cu uzkr\u0101\u0161an\u0101s augsn\u0113, kas var\u0113tu ietekm\u0113t sak\u0146u att\u012bst\u012bbu. Vienm\u0113r lietojiet uz nedaudz mitra substr\u0101ta, lai nodro\u0161in\u0101tu lab\u0101ku asimil\u0101ciju.<\/li>\n<li><strong>Uzglab\u0101\u0161ana un konserv\u0113\u0161ana <\/strong>: Uzglab\u0101t m\u0113slojumu saus\u0101, m\u0113ren\u0101 viet\u0101, prom no gaismas un mitruma. P\u0113c katras lieto\u0161anas reizes cie\u0161i aizveriet trauku, lai saglab\u0101tu produkta efektivit\u0101ti un nov\u0113rstu iztvaiko\u0161anu.<\/li>\n<\/ul>\n<p>Ar \u0161o amariliju m\u0113slojumu nodro\u0161iniet augus ar pilnv\u0113rt\u012bgu un sabalans\u0113tu uzturu, veicinot sp\u0113c\u012bgu aug\u0161anu, intens\u012bvu zied\u0113\u0161anu un paaugstin\u0101tu iztur\u012bbu pret slim\u012bb\u0101m un klimatiskaj\u0101m sv\u0101rst\u012bb\u0101m. Tas ir ide\u0101ls risin\u0101jums, lai gadu no gada ieg\u016btu iespaid\u012bgus amarili\u0146us ar mirdzo\u0161iem un ilgm\u016b\u017e\u012bgiem ziediem.<\/p>\n<p>&nbsp;<\/p>\n<p>&nbsp;<\/p>","protected":false},"excerpt":{"rendered":"<p>A balanced fertilizer for spectacular blooming.\u00a0This amaryllis fertilizer is specially designed to stimulate the growth and blooming of this majestic plant. Thanks to its NPK 15-15-15 formulation, it provides a perfect balance between nitrogen (N), which promotes dense and robust foliage, phosphorus (P), which stimulates root and bulb development, and potassium (K), which strengthens blooming [&hellip;]<\/p>\n","protected":false},"featured_media":23695,"comment_status":"open","ping_status":"closed","template":"","meta":{"_uag_custom_page_level_css":"","site-sidebar-layout":"default","site-content-layout":"","ast-site-content-layout":"default","site-content-style":"default","site-sidebar-style":"default","ast-global-header-display":"","ast-banner-title-visibility":"","ast-main-header-display":"","ast-hfb-above-header-display":"","ast-hfb-below-header-display":"","ast-hfb-mobile-header-display":"","site-post-title":"","ast-breadcrumbs-content":"","ast-featured-img":"","footer-sml-layout":"","ast-disable-related-posts":"","theme-transparent-header-meta":"default","adv-header-id-meta":"","stick-header-meta":"","header-above-stick-meta":"","header-main-stick-meta":"","header-below-stick-meta":"","astra-migrate-meta-layouts":"set","ast-page-background-enabled":"default","ast-page-background-meta":{"desktop":{"background-color":"var(--ast-global-color-4)","background-image":"","background-repeat":"repeat","background-position":"center center","background-size":"auto","background-attachment":"scroll","background-type":"","background-media":"","overlay-type":"","overlay-color":"","overlay-opacity":"","overlay-gradient":""},"tablet":{"background-color":"","background-image":"","background-repeat":"repeat","background-position":"center center","background-size":"auto","background-attachment":"scroll","background-type":"","background-media":"","overlay-type":"","overlay-color":"","overlay-opacity":"","overlay-gradient":""},"mobile":{"background-color":"","background-image":"","background-repeat":"repeat","background-position":"center center","background-size":"auto","background-attachment":"scroll","background-type":"","background-media":"","overlay-type":"","overlay-color":"","overlay-opacity":"","overlay-gradient":""}},"ast-content-background-meta":{"desktop":{"background-color":"var(--ast-global-color-5)","background-image":"","background-repeat":"repeat","background-position":"center center","background-size":"auto","background-attachment":"scroll","background-type":"","background-media":"","overlay-type":"","overlay-color":"","overlay-opacity":"","overlay-gradient":""},"tablet":{"background-color":"var(--ast-global-color-5)","background-image":"","background-repeat":"repeat","background-position":"center center","background-size":"auto","background-attachment":"scroll","background-type":"","background-media":"","overlay-type":"","overlay-color":"","overlay-opacity":"","overlay-gradient":""},"mobile":{"background-color":"var(--ast-global-color-5)","background-image":"","background-repeat":"repeat","background-position":"center center","background-size":"auto","background-attachment":"scroll","background-type":"","background-media":"","overlay-type":"","overlay-color":"","overlay-opacity":"","overlay-gradient":""}}},"product_brand":[],"product_cat":[178],"product_tag":[],"class_list":{"0":"post-23052","1":"product","2":"type-product","3":"status-publish","4":"has-post-thumbnail","6":"product_cat-fertilizers","7":"desktop-align-left","8":"tablet-align-left","9":"mobile-align-left","11":"first","12":"instock","13":"sale","14":"shipping-taxable","15":"purchasable","16":"product-type-variable","17":"has-default-attributes"},"spectra_custom_meta":{"_visibility":["visible"],"_shopify_product_id":["9062550601973"],"_s2w_shopify_domain":["ferberpainting.myshopify.com"],"_shopify_variant_id":["46489551732981"],"_sku":["FPAMARYLLISFERTILIZER"],"_manage_stock":["no"],"total_sales":["6"],"_tax_status":["taxable"],"_tax_class":[""],"_backorders":["no"],"_sold_individually":["no"],"_virtual":["no"],"_downloadable":["no"],"_download_limit":["-1"],"_download_expiry":["-1"],"_stock":[null],"_stock_status":["instock"],"_wc_average_rating":["4.93"],"_wc_review_count":["15"],"_product_attributes":["a:1:{s:6:\"volume\";a:6:{s:4:\"name\";s:6:\"Volume\";s:5:\"value\";s:20:\"5 liters | 25 liters\";s:8:\"position\";i:0;s:10:\"is_visible\";i:0;s:12:\"is_variation\";i:1;s:11:\"is_taxonomy\";i:0;}}"],"_product_version":["10.5.2"],"_thumbnail_id":["23695"],"_product_image_gallery":["23767"],"wpse_downloadable_file_names":[""],"wpse_downloadable_file_urls":[""],"_edit_last":["1"],"_default_attributes":["a:1:{s:6:\"volume\";s:8:\"5 liters\";}"],"_wc_rating_count":["a:2:{i:4;i:1;i:5;i:14;}"],"_edit_lock":["1771954907:1"],"_price":["29.90","129.90"],"merchant-center-availability":["yes"],"merchant-center-category":["113"],"_wp_page_template":["default"],"site-sidebar-layout":["default"],"ast-site-content-layout":["default"],"site-content-style":["default"],"site-sidebar-style":["default"],"theme-transparent-header-meta":["default"],"astra-migrate-meta-layouts":["set"],"_uag_css_file_name":["uag-css-23052.css"],"_elementor_page_assets":["a:0:{}"],"_uag_page_assets":["a:9:{s:3:\"css\";s:6873:\".wp-block-uagb-image{display:flex}.wp-block-uagb-image__figure{position:relative;display:flex;flex-direction:column;max-width:100%;height:auto;margin:0}.wp-block-uagb-image__figure img{height:auto;display:flex;max-width:100%;transition:box-shadow .2s ease}.wp-block-uagb-image__figure>a{display:inline-block}.wp-block-uagb-image__figure figcaption{text-align:center;margin-top:.5em;margin-bottom:1em}.wp-block-uagb-image .components-placeholder.block-editor-media-placeholder .components-placeholder__instructions{align-self:center}.wp-block-uagb-image--align-left{text-align:left}.wp-block-uagb-image--align-right{text-align:right}.wp-block-uagb-image--align-center{text-align:center}.wp-block-uagb-image--align-full .wp-block-uagb-image__figure{margin-left:calc(50% - 50vw);margin-right:calc(50% - 50vw);max-width:100vw;width:100vw;height:auto}.wp-block-uagb-image--align-full .wp-block-uagb-image__figure img{height:auto;width:100% !important}.wp-block-uagb-image--align-wide .wp-block-uagb-image__figure img{height:auto;width:100%}.wp-block-uagb-image--layout-overlay__color-wrapper{position:absolute;left:0;top:0;right:0;bottom:0;opacity:.2;background:rgba(0,0,0,.5);transition:opacity .35s ease-in-out}.wp-block-uagb-image--layout-overlay-link{position:absolute;left:0;right:0;bottom:0;top:0}.wp-block-uagb-image--layout-overlay .wp-block-uagb-image__figure:hover .wp-block-uagb-image--layout-overlay__color-wrapper{opacity:1}.wp-block-uagb-image--layout-overlay__inner{position:absolute;left:15px;right:15px;bottom:15px;top:15px;display:flex;align-items:center;justify-content:center;flex-direction:column;border-color:#fff;transition:.35s ease-in-out}.wp-block-uagb-image--layout-overlay__inner.top-left,.wp-block-uagb-image--layout-overlay__inner.top-center,.wp-block-uagb-image--layout-overlay__inner.top-right{justify-content:flex-start}.wp-block-uagb-image--layout-overlay__inner.bottom-left,.wp-block-uagb-image--layout-overlay__inner.bottom-center,.wp-block-uagb-image--layout-overlay__inner.bottom-right{justify-content:flex-end}.wp-block-uagb-image--layout-overlay__inner.top-left,.wp-block-uagb-image--layout-overlay__inner.center-left,.wp-block-uagb-image--layout-overlay__inner.bottom-left{align-items:flex-start}.wp-block-uagb-image--layout-overlay__inner.top-right,.wp-block-uagb-image--layout-overlay__inner.center-right,.wp-block-uagb-image--layout-overlay__inner.bottom-right{align-items:flex-end}.wp-block-uagb-image--layout-overlay__inner .uagb-image-heading{color:#fff;transition:transform .35s,opacity .35s ease-in-out;transform:translate3d(0, 24px, 0);margin:0;line-height:1em}.wp-block-uagb-image--layout-overlay__inner .uagb-image-separator{width:30%;border-top-width:2px;border-top-color:#fff;border-top-style:solid;margin-bottom:10px;opacity:0;transition:transform .4s,opacity .4s ease-in-out;transform:translate3d(0, 30px, 0)}.wp-block-uagb-image--layout-overlay__inner .uagb-image-caption{opacity:0;overflow:visible;color:#fff;transition:transform .45s,opacity .45s ease-in-out;transform:translate3d(0, 35px, 0)}.wp-block-uagb-image--layout-overlay__inner:hover .uagb-image-heading,.wp-block-uagb-image--layout-overlay__inner:hover .uagb-image-separator,.wp-block-uagb-image--layout-overlay__inner:hover .uagb-image-caption{opacity:1;transform:translate3d(0, 0, 0)}.wp-block-uagb-image--effect-zoomin .wp-block-uagb-image__figure img,.wp-block-uagb-image--effect-zoomin .wp-block-uagb-image__figure .wp-block-uagb-image--layout-overlay__color-wrapper{transform:scale(1);transition:transform .35s ease-in-out}.wp-block-uagb-image--effect-zoomin .wp-block-uagb-image__figure:hover img,.wp-block-uagb-image--effect-zoomin .wp-block-uagb-image__figure:hover .wp-block-uagb-image--layout-overlay__color-wrapper{transform:scale(1.05)}.wp-block-uagb-image--effect-slide .wp-block-uagb-image__figure img,.wp-block-uagb-image--effect-slide .wp-block-uagb-image__figure .wp-block-uagb-image--layout-overlay__color-wrapper{width:calc(100% + 40px) !important;max-width:none !important;transform:translate3d(-40px, 0, 0);transition:transform .35s ease-in-out}.wp-block-uagb-image--effect-slide .wp-block-uagb-image__figure:hover img,.wp-block-uagb-image--effect-slide .wp-block-uagb-image__figure:hover .wp-block-uagb-image--layout-overlay__color-wrapper{transform:translate3d(0, 0, 0)}.wp-block-uagb-image--effect-grayscale img{filter:grayscale(0%);transition:.35s ease-in-out}.wp-block-uagb-image--effect-grayscale:hover img{filter:grayscale(100%)}.wp-block-uagb-image--effect-blur img{filter:blur(0);transition:.35s ease-in-out}.wp-block-uagb-image--effect-blur:hover img{filter:blur(3px)}.uagb-block-e6f939b3.wp-block-uagb-image--layout-default figure img{box-shadow: 0px 0px 0 #00000070;}.uagb-block-e6f939b3.wp-block-uagb-image .wp-block-uagb-image__figure figcaption{font-style: normal;align-self: center;}.uagb-block-e6f939b3.wp-block-uagb-image--layout-overlay figure img{box-shadow: 0px 0px 0 #00000070;}.uagb-block-e6f939b3.wp-block-uagb-image--layout-overlay .wp-block-uagb-image--layout-overlay__color-wrapper{opacity: 0.2;}.uagb-block-e6f939b3.wp-block-uagb-image--layout-overlay .wp-block-uagb-image--layout-overlay__inner{left: 15px;right: 15px;top: 15px;bottom: 15px;}.uagb-block-e6f939b3.wp-block-uagb-image--layout-overlay .wp-block-uagb-image--layout-overlay__inner .uagb-image-heading{font-style: normal;color: #fff;opacity: 1;}.uagb-block-e6f939b3.wp-block-uagb-image--layout-overlay .wp-block-uagb-image--layout-overlay__inner .uagb-image-heading a{color: #fff;}.uagb-block-e6f939b3.wp-block-uagb-image--layout-overlay .wp-block-uagb-image--layout-overlay__inner .uagb-image-caption{opacity: 0;}.uagb-block-e6f939b3.wp-block-uagb-image--layout-overlay .wp-block-uagb-image__figure:hover .wp-block-uagb-image--layout-overlay__color-wrapper{opacity: 1;}.uagb-block-e6f939b3.wp-block-uagb-image .wp-block-uagb-image--layout-overlay__inner .uagb-image-separator{width: 30%;border-top-width: 2px;border-top-color: #fff;opacity: 0;}.uagb-block-e6f939b3.wp-block-uagb-image .wp-block-uagb-image__figure img{width: px;height: auto;}.uagb-block-e6f939b3.wp-block-uagb-image .wp-block-uagb-image__figure:hover .wp-block-uagb-image--layout-overlay__inner .uagb-image-caption{opacity: 1;}.uagb-block-e6f939b3.wp-block-uagb-image .wp-block-uagb-image__figure:hover .wp-block-uagb-image--layout-overlay__inner .uagb-image-separator{opacity: 1;}.uagb-block-e6f939b3.wp-block-uagb-image--layout-default figure:hover img{box-shadow: 0px 0px 0 #00000070;}.uagb-block-e6f939b3.wp-block-uagb-image--layout-overlay figure:hover img{box-shadow: 0px 0px 0 #00000070;}@media only screen and (max-width: 976px) {.uagb-block-e6f939b3.wp-block-uagb-image .wp-block-uagb-image__figure img{width: px;height: auto;}}@media only screen and (max-width: 767px) {.uagb-block-e6f939b3.wp-block-uagb-image .wp-block-uagb-image__figure img{width: px;height: auto;}}\";s:2:\"js\";s:0:\"\";s:18:\"current_block_list\";a:13:{i:0;s:11:\"core\/search\";i:1;s:10:\"core\/group\";i:2;s:12:\"core\/heading\";i:3;s:17:\"core\/latest-posts\";i:4;s:20:\"core\/latest-comments\";i:5;s:13:\"core\/archives\";i:6;s:15:\"core\/categories\";i:7;s:14:\"core\/paragraph\";i:8;s:10:\"uagb\/image\";i:9;s:11:\"core\/spacer\";i:10;s:30:\"woocommerce\/product-categories\";i:11;s:10:\"core\/image\";i:12;s:14:\"core\/shortcode\";}s:8:\"uag_flag\";b:1;s:11:\"uag_version\";s:10:\"1777180575\";s:6:\"gfonts\";a:0:{}s:10:\"gfonts_url\";s:0:\"\";s:12:\"gfonts_files\";a:0:{}s:14:\"uag_faq_layout\";b:0;}"]},"uagb_featured_image_src":{"full":["https:\/\/www.ferberpainting.com\/wp-content\/uploads\/2025\/05\/AmaryllisFertilizer5L.png",2560,2560,false],"thumbnail":["https:\/\/www.ferberpainting.com\/wp-content\/uploads\/2025\/05\/AmaryllisFertilizer5L-150x150.png",150,150,true],"medium":["https:\/\/www.ferberpainting.com\/wp-content\/uploads\/2025\/05\/AmaryllisFertilizer5L-300x300.png",300,300,true],"medium_large":["https:\/\/www.ferberpainting.com\/wp-content\/uploads\/2025\/05\/AmaryllisFertilizer5L-768x768.png",768,768,true],"large":["https:\/\/www.ferberpainting.com\/wp-content\/uploads\/2025\/05\/AmaryllisFertilizer5L-1024x1024.png",1024,1024,true],"1536x1536":["https:\/\/www.ferberpainting.com\/wp-content\/uploads\/2025\/05\/AmaryllisFertilizer5L-1536x1536.png",1536,1536,true],"2048x2048":["https:\/\/www.ferberpainting.com\/wp-content\/uploads\/2025\/05\/AmaryllisFertilizer5L-2048x2048.png",2048,2048,true],"trp-custom-language-flag":["https:\/\/www.ferberpainting.com\/wp-content\/uploads\/2025\/05\/AmaryllisFertilizer5L-12x12.png",12,12,true],"woocommerce_thumbnail":["https:\/\/www.ferberpainting.com\/wp-content\/uploads\/2025\/05\/AmaryllisFertilizer5L-300x300.png",300,300,true],"woocommerce_single":["https:\/\/www.ferberpainting.com\/wp-content\/uploads\/2025\/05\/AmaryllisFertilizer5L-600x600.png",600,600,true],"woocommerce_gallery_thumbnail":["https:\/\/www.ferberpainting.com\/wp-content\/uploads\/2025\/05\/AmaryllisFertilizer5L-100x100.png",100,100,true]},"uagb_author_info":{"display_name":"admin","author_link":"https:\/\/www.ferberpainting.com\/lv\/author\/"},"uagb_comment_info":15,"uagb_excerpt":"A balanced fertilizer for spectacular blooming.\u00a0This amaryllis fertilizer is specially designed to stimulate the growth and blooming of this majestic plant. Thanks to its NPK 15-15-15 formulation, it provides a perfect balance between nitrogen (N), which promotes dense and robust foliage, phosphorus (P), which stimulates root and bulb development, and potassium (K), which strengthens blooming&hellip;","_links":{"self":[{"href":"https:\/\/www.ferberpainting.com\/lv\/wp-json\/wp\/v2\/product\/23052","targetHints":{"allow":["GET"]}}],"collection":[{"href":"https:\/\/www.ferberpainting.com\/lv\/wp-json\/wp\/v2\/product"}],"about":[{"href":"https:\/\/www.ferberpainting.com\/lv\/wp-json\/wp\/v2\/types\/product"}],"replies":[{"embeddable":true,"href":"https:\/\/www.ferberpainting.com\/lv\/wp-json\/wp\/v2\/comments?post=23052"}],"version-history":[{"count":9,"href":"https:\/\/www.ferberpainting.com\/lv\/wp-json\/wp\/v2\/product\/23052\/revisions"}],"predecessor-version":[{"id":166016,"href":"https:\/\/www.ferberpainting.com\/lv\/wp-json\/wp\/v2\/product\/23052\/revisions\/166016"}],"wp:featuredmedia":[{"embeddable":true,"href":"https:\/\/www.ferberpainting.com\/lv\/wp-json\/wp\/v2\/media\/23695"}],"wp:attachment":[{"href":"https:\/\/www.ferberpainting.com\/lv\/wp-json\/wp\/v2\/media?parent=23052"}],"wp:term":[{"taxonomy":"product_brand","embeddable":true,"href":"https:\/\/www.ferberpainting.com\/lv\/wp-json\/wp\/v2\/product_brand?post=23052"},{"taxonomy":"product_cat","embeddable":true,"href":"https:\/\/www.ferberpainting.com\/lv\/wp-json\/wp\/v2\/product_cat?post=23052"},{"taxonomy":"product_tag","embeddable":true,"href":"https:\/\/www.ferberpainting.com\/lv\/wp-json\/wp\/v2\/product_tag?post=23052"}],"curies":[{"name":"wp","href":"https:\/\/api.w.org\/{rel}","templated":true}]}}