{"id":36666,"date":"2025-07-01T21:01:20","date_gmt":"2025-07-01T19:01:20","guid":{"rendered":"https:\/\/www.ferberpainting.com\/?post_type=product&#038;p=36666"},"modified":"2026-02-15T13:50:12","modified_gmt":"2026-02-15T12:50:12","slug":"dishwasher-cleaner","status":"publish","type":"product","link":"https:\/\/www.ferberpainting.com\/lt\/products\/dishwasher-cleaner\/","title":{"rendered":"Indaplov\u0117s valiklis"},"content":{"rendered":"<p><strong><img decoding=\"async\" style=\"margin-right: 12px;\" src=\"https:\/\/www.ferberpainting.com\/wp-content\/uploads\/2026\/02\/Check.svg\" alt=\"\" width=\"18\" height=\"15\" \/>Optimalus efektyvumas.<\/strong>\u00a0\u0160is indaplov\u0117s valiklis skirtas veiksmingai pa\u0161alinti riebal\u0173 liku\u010dius, kalki\u0173 nuos\u0117das, blog\u0105 kvap\u0105 ir maisto liku\u010dius, kurie laikui b\u0117gant susikaupia indaplov\u0117je. D\u0117l galingos formul\u0117s jis giliai \u012fsiskverbia \u012f indaplov\u0119 ir dezinfekuoja kiekvien\u0105 jos kampel\u012f, \u012fskaitant filtrus, pur\u0161kimo rankenas, vidines sieneles ir drena\u017eo vamzd\u017eius. Jis u\u017etikrina nepriekai\u0161ting\u0105 \u0161var\u0105 ir optimali\u0105 higien\u0105, tod\u0117l j\u016bs\u0173 prietaisas veikia efektyviai, o jo tarnavimo laikas pailg\u0117ja.<\/p>\n<p><strong><img decoding=\"async\" style=\"margin-right: 12px;\" src=\"https:\/\/www.ferberpainting.com\/wp-content\/uploads\/2026\/02\/Check.svg\" alt=\"\" width=\"18\" height=\"15\" \/>Garantuojamas pasitenkinimas arba pinig\u0173 gr\u0105\u017einimas.<\/strong>\u00a0Mes visi\u0161kai pasitikime savo valymo priemon\u0117s veiksmingumu. Jei po naudojimo nesate visi\u0161kai patenkinti rezultatais, galite atgauti visus sumok\u0117tus pinigus. Ramiai i\u0161bandykite m\u016bs\u0173 gamin\u012f ir m\u0117gaukit\u0117s nepriekai\u0161tingai \u0161varia indaplove be rizikos.<\/p>\n<p><strong><img decoding=\"async\" style=\"margin-right: 12px;\" src=\"https:\/\/www.ferberpainting.com\/wp-content\/uploads\/2026\/02\/Check.svg\" alt=\"\" width=\"18\" height=\"15\" \/>I\u0161skirtinis universalumas.<\/strong> \u0160is valiklis skirtas ne tik buitin\u0117ms indaplov\u0117ms. Jis taip pat idealiai tinka profesionalioms ir pramonin\u0117ms indaplov\u0117ms, taip pat vie\u0161ojo maitinimo \u012frangai. Jis veikia vis\u0173 r\u016b\u0161i\u0173 med\u017eiagas, esan\u010dias \u0161iuose prietaisuose, \u012fskaitant ner\u016bdijant\u012f plien\u0105, sustiprint\u0105 plastik\u0105 ir aliumin\u012f. Jis tinka tiek \u012fmontuojamiems, tiek laisvai pastatomiems modeliams, u\u017etikrinant suderinamum\u0105 su visomis plovimo sistemomis.<\/p>\n<p><strong><img decoding=\"async\" style=\"margin-right: 12px;\" src=\"https:\/\/www.ferberpainting.com\/wp-content\/uploads\/2026\/02\/Check.svg\" alt=\"\" width=\"18\" height=\"15\" \/>Ekonomi\u0161kas derlius.<\/strong>\u00a0D\u0117l 5 litr\u0173 talpos kanistro formato ir itin veiksmingos formul\u0117s \u0161is valiklis puikiai padengia aplink\u0105. Nedidelio kiekio pakanka visai indaplovei i\u0161valyti ir visiems ne\u0161varumams pa\u0161alinti. Vidutini\u0161kai vienu litru produkto galima i\u0161valyti iki 10 kart\u0173, tod\u0117l tai ekonomi\u0161kas ir efektyvus sprendimas reguliariam ar intensyviam naudojimui.<\/p>\n<p><strong><img decoding=\"async\" style=\"margin-right: 12px;\" src=\"https:\/\/www.ferberpainting.com\/wp-content\/uploads\/2026\/02\/Check.svg\" alt=\"\" width=\"18\" height=\"15\" \/>Saugu naudoti.<\/strong>\u00a0Skirtingai nuo a\u0161tri\u0173 produkt\u0173, kuri\u0173 sud\u0117tyje yra druskos r\u016bg\u0161ties ar korozini\u0173 med\u017eiag\u0173, \u0161io valiklio sud\u0117tyje n\u0117ra toksi\u0161k\u0173 komponent\u0173 ar med\u017eiag\u0173, kenksming\u0173 med\u017eiagoms ir sveikatai. Jis nepalieka kenksming\u0173 liku\u010di\u0173 ir neskleid\u017eia dirginan\u010di\u0173 gar\u0173, tod\u0117l j\u012f galima saugiai naudoti tiek buitin\u0117je, tiek profesin\u0117je aplinkoje. Jis saugus indaplov\u0117s sandarikliams ir plastikin\u0117ms sudedamosioms dalims, tod\u0117l i\u0161saugo j\u016bs\u0173 prietaiso vientisum\u0105.<\/p>\n<p><strong><img decoding=\"async\" style=\"margin-right: 12px;\" src=\"https:\/\/www.ferberpainting.com\/wp-content\/uploads\/2026\/02\/Check.svg\" alt=\"\" width=\"18\" height=\"15\" \/>Lengva naudoti.<\/strong>\u00a0\u0160is produktas yra paruo\u0161tas naudoti, jo nereikia skiesti ar sud\u0117tingai apdoroti. Jis naudojamas tiesiogiai tu\u0161\u010dioje indaplov\u0117je per plovimo cikl\u0105. Greitas jo veikimas ir intuityvus naudojimas leid\u017eia atlikti veiksming\u0105 prie\u017ei\u016br\u0105 be joki\u0173 pastang\u0173, tod\u0117l ma\u0161in\u0173 prie\u017ei\u016bra tampa paprasta ir prieinama visiems.<\/p>\n<p><strong><img decoding=\"async\" style=\"margin-right: 12px;\" src=\"https:\/\/www.ferberpainting.com\/wp-content\/uploads\/2026\/02\/Check.svg\" alt=\"\" width=\"18\" height=\"15\" \/>Didesnis patvarumas.<\/strong>\u00a0Veiksmingai \u0161alindamas kalkes ir riebalus, \u0161is valiklis prailgina indaplov\u0117s tarnavimo laik\u0105 ir optimizuoja jos veikim\u0105. Jis apsaugo nuo vamzd\u017ei\u0173 u\u017esikim\u0161imo, ma\u017eina sandarikli\u0173 nusid\u0117v\u0117jim\u0105 ir gerina vandens cirkuliacij\u0105, u\u017etikrindamas ilgalaik\u012f optimal\u0173 veikim\u0105. Reguliari \u0161io produkto prie\u017ei\u016bra padeda i\u0161vengti gedim\u0173 ir palaiko indaplov\u0117s na\u0161um\u0105.<\/p>\n<p><strong><img decoding=\"async\" style=\"margin-right: 12px;\" src=\"https:\/\/www.ferberpainting.com\/wp-content\/uploads\/2026\/02\/Check.svg\" alt=\"\" width=\"18\" height=\"15\" \/>Greitas veiksmas.<\/strong>\u00a0D\u0117l itin aktyvios formul\u0117s \u0161is valiklis i\u0161 karto veikia ne\u0161varumus ir kalki\u0173 nuos\u0117das. Vos per kelias minutes jis veiksmingai i\u0161tirpina susikaupusius riebalus ir ne\u0161varumus, tod\u0117l juos lengva nuplauti jau po pirmojo ciklo. Jis u\u017etikrina greit\u0105 ir veiksming\u0105 valym\u0105, idealiai tinka greitai indaplov\u0117s prie\u017ei\u016brai nei\u0161ardant.<\/p>\n<h2><strong>Naudojimo protokolas<\/strong><\/h2>\n<ul>\n<li><strong>Paruo\u0161imas<\/strong>: Prie\u0161 naudodami indaplov\u0119 \u012fsitikinkite, kad indaplov\u0117 yra tu\u0161\u010dia ir joje n\u0117ra maisto liku\u010di\u0173.<\/li>\n<li><strong>Produkto taikymas<\/strong>: \u012epilkite ma\u017edaug 250 ml valiklio tiesiai \u012f ploviklio skyri\u0173 arba \u012f indaplov\u0117s dugn\u0105.<\/li>\n<li><strong>Programos prad\u017eia<\/strong>: Pasirinkite skalbimo cikl\u0105 auk\u0161toje temperat\u016broje (ne ma\u017eiau kaip 60 \u00b0C), kad padidintum\u0117te produkto veiksmingum\u0105 ir suaktyvintum\u0117te gilumin\u012f valym\u0105.<\/li>\n<li><strong>Filtr\u0173 ir sandarikli\u0173 valymas<\/strong>: Kol vyksta ciklas, pamirkykite \u0161vari\u0105 \u0161luost\u0119 nedideliame produkto kiekyje ir nuvalykite sandariklius, filtrus ir sunkiai pasiekiamas vietas, kad pa\u0161alintum\u0117te likusius ne\u0161varumus.<\/li>\n<li><strong>Automatinis skalavimas<\/strong>: Produktas visi\u0161kai nuplaunamas skalbimo ciklo metu, tod\u0117l nereikia papildomai skalbti rankiniu b\u016bdu.<\/li>\n<li><strong>D\u017eiovinimas ir apdaila<\/strong>: Po ciklo palikite indaplov\u0117s dureles praviras, kad jos visi\u0161kai i\u0161d\u017ei\u016bt\u0173 ir viduje nesikaupt\u0173 dr\u0117gm\u0117.<\/li>\n<li><strong>Naudojimo da\u017enumas<\/strong>: Naudokite kart\u0105 per m\u0117nes\u012f reguliariai prie\u017ei\u016brai, kad nesikaupt\u0173 kalki\u0173 nuos\u0117dos ir riebalai. Stipriai u\u017eter\u0161tas arba da\u017enai naudojamas indaploves rekomenduojama valyti kas dvi savaites.<\/li>\n<li><strong>Saugykla<\/strong>: Po kiekvieno naudojimo sandariai u\u017edarykite talpykl\u0119 ir laikykite v\u0117sioje, sausoje vietoje, apsaugotoje nuo \u0161viesos ir ekstremalios temperat\u016bros, kad produktas ilgai i\u0161likt\u0173 veiksmingas.<\/li>\n<\/ul>\n<p>Naudodami m\u016bs\u0173 indaplovi\u0173 valikl\u012f u\u017etikrinsite gil\u0173 valym\u0105 ir puiki\u0105 higien\u0105, o kartu optimizuosite prietaiso veikim\u0105. Idealus sprendimas nepriekai\u0161tingai ir be pastang\u0173 atliekamai prie\u017ei\u016brai.<\/p>","protected":false},"excerpt":{"rendered":"<p>Optimal Efficiency.\u00a0This dishwasher cleaner is designed to effectively eliminate grease residues, limescale deposits, bad odors, and food remnants that accumulate in the machine over time. Thanks to its powerful formula, it penetrates deeply to clean and disinfect every corner of the dishwasher, including filters, spray arms, interior walls, and drainage pipes. It guarantees impeccable cleanliness [&hellip;]<\/p>\n","protected":false},"featured_media":36668,"comment_status":"open","ping_status":"closed","template":"","meta":{"_uag_custom_page_level_css":"","site-sidebar-layout":"default","site-content-layout":"","ast-site-content-layout":"default","site-content-style":"default","site-sidebar-style":"default","ast-global-header-display":"","ast-banner-title-visibility":"","ast-main-header-display":"","ast-hfb-above-header-display":"","ast-hfb-below-header-display":"","ast-hfb-mobile-header-display":"","site-post-title":"","ast-breadcrumbs-content":"","ast-featured-img":"","footer-sml-layout":"","ast-disable-related-posts":"","theme-transparent-header-meta":"default","adv-header-id-meta":"","stick-header-meta":"","header-above-stick-meta":"","header-main-stick-meta":"","header-below-stick-meta":"","astra-migrate-meta-layouts":"set","ast-page-background-enabled":"default","ast-page-background-meta":{"desktop":{"background-color":"var(--ast-global-color-4)","background-image":"","background-repeat":"repeat","background-position":"center center","background-size":"auto","background-attachment":"scroll","background-type":"","background-media":"","overlay-type":"","overlay-color":"","overlay-opacity":"","overlay-gradient":""},"tablet":{"background-color":"","background-image":"","background-repeat":"repeat","background-position":"center center","background-size":"auto","background-attachment":"scroll","background-type":"","background-media":"","overlay-type":"","overlay-color":"","overlay-opacity":"","overlay-gradient":""},"mobile":{"background-color":"","background-image":"","background-repeat":"repeat","background-position":"center center","background-size":"auto","background-attachment":"scroll","background-type":"","background-media":"","overlay-type":"","overlay-color":"","overlay-opacity":"","overlay-gradient":""}},"ast-content-background-meta":{"desktop":{"background-color":"var(--ast-global-color-5)","background-image":"","background-repeat":"repeat","background-position":"center center","background-size":"auto","background-attachment":"scroll","background-type":"","background-media":"","overlay-type":"","overlay-color":"","overlay-opacity":"","overlay-gradient":""},"tablet":{"background-color":"var(--ast-global-color-5)","background-image":"","background-repeat":"repeat","background-position":"center center","background-size":"auto","background-attachment":"scroll","background-type":"","background-media":"","overlay-type":"","overlay-color":"","overlay-opacity":"","overlay-gradient":""},"mobile":{"background-color":"var(--ast-global-color-5)","background-image":"","background-repeat":"repeat","background-position":"center center","background-size":"auto","background-attachment":"scroll","background-type":"","background-media":"","overlay-type":"","overlay-color":"","overlay-opacity":"","overlay-gradient":""}}},"product_brand":[],"product_cat":[175],"product_tag":[],"class_list":{"0":"post-36666","1":"product","2":"type-product","3":"status-publish","4":"has-post-thumbnail","6":"product_cat-cleaning-products","7":"desktop-align-left","8":"tablet-align-left","9":"mobile-align-left","11":"first","12":"instock","13":"sale","14":"shipping-taxable","15":"purchasable","16":"product-type-variable","17":"has-default-attributes"},"spectra_custom_meta":{"_edit_lock":["1776777485:1"],"_edit_last":["1"],"total_sales":["40"],"_tax_status":["taxable"],"_tax_class":[""],"_manage_stock":["no"],"_backorders":["no"],"_sold_individually":["no"],"_virtual":["no"],"_downloadable":["no"],"_download_limit":["-1"],"_download_expiry":["-1"],"_stock":[null],"_stock_status":["instock"],"_wc_average_rating":["5.00"],"_wc_review_count":["38"],"_product_attributes":["a:1:{s:6:\"volume\";a:6:{s:4:\"name\";s:6:\"Volume\";s:5:\"value\";s:20:\"5 liters | 25 liters\";s:8:\"position\";i:0;s:10:\"is_visible\";i:1;s:12:\"is_variation\";i:1;s:11:\"is_taxonomy\";i:0;}}"],"_product_version":["10.5.1"],"_default_attributes":["a:1:{s:6:\"volume\";s:8:\"5 liters\";}"],"_price":["29.90","129.90"],"merchant-center-availability":["yes"],"merchant-center-category":["7510"],"_thumbnail_id":["36668"],"_wp_page_template":["default"],"_product_image_gallery":["36669"],"site-sidebar-layout":["default"],"ast-site-content-layout":["default"],"site-content-style":["default"],"site-sidebar-style":["default"],"theme-transparent-header-meta":["default"],"_wc_rating_count":["a:1:{i:5;i:38;}"],"astra-migrate-meta-layouts":["set"],"_elementor_page_assets":["a:0:{}"],"_uag_css_file_name":["uag-css-36666.css"],"_uag_page_assets":["a:9:{s:3:\"css\";s:7133:\".uag-blocks-common-selector{z-index:var(--z-index-desktop) !important}@media(max-width: 976px){.uag-blocks-common-selector{z-index:var(--z-index-tablet) !important}}@media(max-width: 767px){.uag-blocks-common-selector{z-index:var(--z-index-mobile) !important}}.wp-block-uagb-image{display:flex}.wp-block-uagb-image__figure{position:relative;display:flex;flex-direction:column;max-width:100%;height:auto;margin:0}.wp-block-uagb-image__figure img{height:auto;display:flex;max-width:100%;transition:box-shadow .2s ease}.wp-block-uagb-image__figure>a{display:inline-block}.wp-block-uagb-image__figure figcaption{text-align:center;margin-top:.5em;margin-bottom:1em}.wp-block-uagb-image .components-placeholder.block-editor-media-placeholder .components-placeholder__instructions{align-self:center}.wp-block-uagb-image--align-left{text-align:left}.wp-block-uagb-image--align-right{text-align:right}.wp-block-uagb-image--align-center{text-align:center}.wp-block-uagb-image--align-full .wp-block-uagb-image__figure{margin-left:calc(50% - 50vw);margin-right:calc(50% - 50vw);max-width:100vw;width:100vw;height:auto}.wp-block-uagb-image--align-full .wp-block-uagb-image__figure img{height:auto;width:100% !important}.wp-block-uagb-image--align-wide .wp-block-uagb-image__figure img{height:auto;width:100%}.wp-block-uagb-image--layout-overlay__color-wrapper{position:absolute;left:0;top:0;right:0;bottom:0;opacity:.2;background:rgba(0,0,0,.5);transition:opacity .35s ease-in-out}.wp-block-uagb-image--layout-overlay-link{position:absolute;left:0;right:0;bottom:0;top:0}.wp-block-uagb-image--layout-overlay .wp-block-uagb-image__figure:hover .wp-block-uagb-image--layout-overlay__color-wrapper{opacity:1}.wp-block-uagb-image--layout-overlay__inner{position:absolute;left:15px;right:15px;bottom:15px;top:15px;display:flex;align-items:center;justify-content:center;flex-direction:column;border-color:#fff;transition:.35s ease-in-out}.wp-block-uagb-image--layout-overlay__inner.top-left,.wp-block-uagb-image--layout-overlay__inner.top-center,.wp-block-uagb-image--layout-overlay__inner.top-right{justify-content:flex-start}.wp-block-uagb-image--layout-overlay__inner.bottom-left,.wp-block-uagb-image--layout-overlay__inner.bottom-center,.wp-block-uagb-image--layout-overlay__inner.bottom-right{justify-content:flex-end}.wp-block-uagb-image--layout-overlay__inner.top-left,.wp-block-uagb-image--layout-overlay__inner.center-left,.wp-block-uagb-image--layout-overlay__inner.bottom-left{align-items:flex-start}.wp-block-uagb-image--layout-overlay__inner.top-right,.wp-block-uagb-image--layout-overlay__inner.center-right,.wp-block-uagb-image--layout-overlay__inner.bottom-right{align-items:flex-end}.wp-block-uagb-image--layout-overlay__inner .uagb-image-heading{color:#fff;transition:transform .35s,opacity .35s ease-in-out;transform:translate3d(0, 24px, 0);margin:0;line-height:1em}.wp-block-uagb-image--layout-overlay__inner .uagb-image-separator{width:30%;border-top-width:2px;border-top-color:#fff;border-top-style:solid;margin-bottom:10px;opacity:0;transition:transform .4s,opacity .4s ease-in-out;transform:translate3d(0, 30px, 0)}.wp-block-uagb-image--layout-overlay__inner .uagb-image-caption{opacity:0;overflow:visible;color:#fff;transition:transform .45s,opacity .45s ease-in-out;transform:translate3d(0, 35px, 0)}.wp-block-uagb-image--layout-overlay__inner:hover .uagb-image-heading,.wp-block-uagb-image--layout-overlay__inner:hover .uagb-image-separator,.wp-block-uagb-image--layout-overlay__inner:hover .uagb-image-caption{opacity:1;transform:translate3d(0, 0, 0)}.wp-block-uagb-image--effect-zoomin .wp-block-uagb-image__figure img,.wp-block-uagb-image--effect-zoomin .wp-block-uagb-image__figure .wp-block-uagb-image--layout-overlay__color-wrapper{transform:scale(1);transition:transform .35s ease-in-out}.wp-block-uagb-image--effect-zoomin .wp-block-uagb-image__figure:hover img,.wp-block-uagb-image--effect-zoomin .wp-block-uagb-image__figure:hover .wp-block-uagb-image--layout-overlay__color-wrapper{transform:scale(1.05)}.wp-block-uagb-image--effect-slide .wp-block-uagb-image__figure img,.wp-block-uagb-image--effect-slide .wp-block-uagb-image__figure .wp-block-uagb-image--layout-overlay__color-wrapper{width:calc(100% + 40px) !important;max-width:none !important;transform:translate3d(-40px, 0, 0);transition:transform .35s ease-in-out}.wp-block-uagb-image--effect-slide .wp-block-uagb-image__figure:hover img,.wp-block-uagb-image--effect-slide .wp-block-uagb-image__figure:hover .wp-block-uagb-image--layout-overlay__color-wrapper{transform:translate3d(0, 0, 0)}.wp-block-uagb-image--effect-grayscale img{filter:grayscale(0%);transition:.35s ease-in-out}.wp-block-uagb-image--effect-grayscale:hover img{filter:grayscale(100%)}.wp-block-uagb-image--effect-blur img{filter:blur(0);transition:.35s ease-in-out}.wp-block-uagb-image--effect-blur:hover img{filter:blur(3px)}.uagb-block-e6f939b3.wp-block-uagb-image--layout-default figure img{box-shadow: 0px 0px 0 #00000070;}.uagb-block-e6f939b3.wp-block-uagb-image .wp-block-uagb-image__figure figcaption{font-style: normal;align-self: center;}.uagb-block-e6f939b3.wp-block-uagb-image--layout-overlay figure img{box-shadow: 0px 0px 0 #00000070;}.uagb-block-e6f939b3.wp-block-uagb-image--layout-overlay .wp-block-uagb-image--layout-overlay__color-wrapper{opacity: 0.2;}.uagb-block-e6f939b3.wp-block-uagb-image--layout-overlay .wp-block-uagb-image--layout-overlay__inner{left: 15px;right: 15px;top: 15px;bottom: 15px;}.uagb-block-e6f939b3.wp-block-uagb-image--layout-overlay .wp-block-uagb-image--layout-overlay__inner .uagb-image-heading{font-style: normal;color: #fff;opacity: 1;}.uagb-block-e6f939b3.wp-block-uagb-image--layout-overlay .wp-block-uagb-image--layout-overlay__inner .uagb-image-heading a{color: #fff;}.uagb-block-e6f939b3.wp-block-uagb-image--layout-overlay .wp-block-uagb-image--layout-overlay__inner .uagb-image-caption{opacity: 0;}.uagb-block-e6f939b3.wp-block-uagb-image--layout-overlay .wp-block-uagb-image__figure:hover .wp-block-uagb-image--layout-overlay__color-wrapper{opacity: 1;}.uagb-block-e6f939b3.wp-block-uagb-image .wp-block-uagb-image--layout-overlay__inner .uagb-image-separator{width: 30%;border-top-width: 2px;border-top-color: #fff;opacity: 0;}.uagb-block-e6f939b3.wp-block-uagb-image .wp-block-uagb-image__figure img{width: px;height: auto;}.uagb-block-e6f939b3.wp-block-uagb-image .wp-block-uagb-image__figure:hover .wp-block-uagb-image--layout-overlay__inner .uagb-image-caption{opacity: 1;}.uagb-block-e6f939b3.wp-block-uagb-image .wp-block-uagb-image__figure:hover .wp-block-uagb-image--layout-overlay__inner .uagb-image-separator{opacity: 1;}.uagb-block-e6f939b3.wp-block-uagb-image--layout-default figure:hover img{box-shadow: 0px 0px 0 #00000070;}.uagb-block-e6f939b3.wp-block-uagb-image--layout-overlay figure:hover img{box-shadow: 0px 0px 0 #00000070;}@media only screen and (max-width: 976px) {.uagb-block-e6f939b3.wp-block-uagb-image .wp-block-uagb-image__figure img{width: px;height: auto;}}@media only screen and (max-width: 767px) {.uagb-block-e6f939b3.wp-block-uagb-image .wp-block-uagb-image__figure img{width: px;height: auto;}}\";s:2:\"js\";s:0:\"\";s:18:\"current_block_list\";a:13:{i:0;s:11:\"core\/search\";i:1;s:10:\"core\/group\";i:2;s:12:\"core\/heading\";i:3;s:17:\"core\/latest-posts\";i:4;s:20:\"core\/latest-comments\";i:5;s:13:\"core\/archives\";i:6;s:15:\"core\/categories\";i:7;s:14:\"core\/paragraph\";i:8;s:10:\"uagb\/image\";i:9;s:11:\"core\/spacer\";i:10;s:30:\"woocommerce\/product-categories\";i:11;s:10:\"core\/image\";i:12;s:14:\"core\/shortcode\";}s:8:\"uag_flag\";b:1;s:11:\"uag_version\";s:10:\"1776781410\";s:6:\"gfonts\";a:0:{}s:10:\"gfonts_url\";s:0:\"\";s:12:\"gfonts_files\";a:0:{}s:14:\"uag_faq_layout\";b:0;}"]},"uagb_featured_image_src":{"full":["https:\/\/www.ferberpainting.com\/wp-content\/uploads\/2025\/07\/Dishwasher-Cleaner-5L-.png",2560,2560,false],"thumbnail":["https:\/\/www.ferberpainting.com\/wp-content\/uploads\/2025\/07\/Dishwasher-Cleaner-5L--150x150.png",150,150,true],"medium":["https:\/\/www.ferberpainting.com\/wp-content\/uploads\/2025\/07\/Dishwasher-Cleaner-5L--300x300.png",300,300,true],"medium_large":["https:\/\/www.ferberpainting.com\/wp-content\/uploads\/2025\/07\/Dishwasher-Cleaner-5L--768x768.png",768,768,true],"large":["https:\/\/www.ferberpainting.com\/wp-content\/uploads\/2025\/07\/Dishwasher-Cleaner-5L--1024x1024.png",1024,1024,true],"1536x1536":["https:\/\/www.ferberpainting.com\/wp-content\/uploads\/2025\/07\/Dishwasher-Cleaner-5L--1536x1536.png",1536,1536,true],"2048x2048":["https:\/\/www.ferberpainting.com\/wp-content\/uploads\/2025\/07\/Dishwasher-Cleaner-5L--2048x2048.png",2048,2048,true],"trp-custom-language-flag":["https:\/\/www.ferberpainting.com\/wp-content\/uploads\/2025\/07\/Dishwasher-Cleaner-5L--12x12.png",12,12,true],"woocommerce_thumbnail":["https:\/\/www.ferberpainting.com\/wp-content\/uploads\/2025\/07\/Dishwasher-Cleaner-5L--300x300.png",300,300,true],"woocommerce_single":["https:\/\/www.ferberpainting.com\/wp-content\/uploads\/2025\/07\/Dishwasher-Cleaner-5L--600x600.png",600,600,true],"woocommerce_gallery_thumbnail":["https:\/\/www.ferberpainting.com\/wp-content\/uploads\/2025\/07\/Dishwasher-Cleaner-5L--100x100.png",100,100,true]},"uagb_author_info":{"display_name":"admin","author_link":"https:\/\/www.ferberpainting.com\/lt\/author\/"},"uagb_comment_info":38,"uagb_excerpt":"Optimal Efficiency.\u00a0This dishwasher cleaner is designed to effectively eliminate grease residues, limescale deposits, bad odors, and food remnants that accumulate in the machine over time. Thanks to its powerful formula, it penetrates deeply to clean and disinfect every corner of the dishwasher, including filters, spray arms, interior walls, and drainage pipes. It guarantees impeccable cleanliness&hellip;","_links":{"self":[{"href":"https:\/\/www.ferberpainting.com\/lt\/wp-json\/wp\/v2\/product\/36666","targetHints":{"allow":["GET"]}}],"collection":[{"href":"https:\/\/www.ferberpainting.com\/lt\/wp-json\/wp\/v2\/product"}],"about":[{"href":"https:\/\/www.ferberpainting.com\/lt\/wp-json\/wp\/v2\/types\/product"}],"replies":[{"embeddable":true,"href":"https:\/\/www.ferberpainting.com\/lt\/wp-json\/wp\/v2\/comments?post=36666"}],"version-history":[{"count":7,"href":"https:\/\/www.ferberpainting.com\/lt\/wp-json\/wp\/v2\/product\/36666\/revisions"}],"predecessor-version":[{"id":231149,"href":"https:\/\/www.ferberpainting.com\/lt\/wp-json\/wp\/v2\/product\/36666\/revisions\/231149"}],"wp:featuredmedia":[{"embeddable":true,"href":"https:\/\/www.ferberpainting.com\/lt\/wp-json\/wp\/v2\/media\/36668"}],"wp:attachment":[{"href":"https:\/\/www.ferberpainting.com\/lt\/wp-json\/wp\/v2\/media?parent=36666"}],"wp:term":[{"taxonomy":"product_brand","embeddable":true,"href":"https:\/\/www.ferberpainting.com\/lt\/wp-json\/wp\/v2\/product_brand?post=36666"},{"taxonomy":"product_cat","embeddable":true,"href":"https:\/\/www.ferberpainting.com\/lt\/wp-json\/wp\/v2\/product_cat?post=36666"},{"taxonomy":"product_tag","embeddable":true,"href":"https:\/\/www.ferberpainting.com\/lt\/wp-json\/wp\/v2\/product_tag?post=36666"}],"curies":[{"name":"wp","href":"https:\/\/api.w.org\/{rel}","templated":true}]}}