{"id":25699,"date":"2025-06-30T17:05:59","date_gmt":"2025-06-30T15:05:59","guid":{"rendered":"https:\/\/www.ferberpainting.com\/?post_type=product&#038;p=25689"},"modified":"2026-02-18T10:15:00","modified_gmt":"2026-02-18T09:15:00","slug":"zinc-cleaner","status":"publish","type":"product","link":"https:\/\/www.ferberpainting.com\/lt\/products\/zinc-cleaner\/","title":{"rendered":"Cinko valiklis"},"content":{"rendered":"<p><strong><img decoding=\"async\" style=\"margin-right: 12px;\" src=\"https:\/\/www.ferberpainting.com\/wp-content\/uploads\/2026\/02\/Check.svg\" alt=\"\" width=\"18\" height=\"15\" \/>Optimalus efektyvumas.<\/strong>\u00a0\u0160is cinko valiklis specialiai sukurtas veiksmingai \u0161alinti oksidacijos \u017eymes, kalki\u0173 nuos\u0117das, atmosferos ne\u0161varumus ir \u012fsisen\u0117jusias d\u0117mes, kurios gadina cinko pavir\u0161i\u0173. D\u0117l galingos formul\u0117s jis giliai \u012fsiskverbia \u012f vid\u0173 ir atkuria pirmin\u012f cinko blizges\u012f, kartu i\u0161saugodamas jo vientisum\u0105. Jis u\u017etikrina \u0161veln\u0173 valym\u0105, nekeisdamas nat\u016bralios metalo patinos, u\u017etikrindamas vientis\u0105 ir esteti\u0161k\u0105 apdail\u0105.<\/p>\n<p><strong><img decoding=\"async\" style=\"margin-right: 12px;\" src=\"https:\/\/www.ferberpainting.com\/wp-content\/uploads\/2026\/02\/Check.svg\" alt=\"\" width=\"18\" height=\"15\" \/>Pinig\u0173 gr\u0105\u017einimo garantija.<\/strong>\u00a0Mes visi\u0161kai pasitikime savo cinko valiklio veiksmingumu. Jei po naudojimo nesate visi\u0161kai patenkinti rezultatais, galite atgauti vis\u0105 sumok\u0117t\u0105 sum\u0105. Visi\u0161kai ramiai i\u0161bandykite m\u016bs\u0173 gamin\u012f ir m\u0117gaukit\u0117s optimaliu valymu be pastang\u0173, be nuolatini\u0173 liku\u010di\u0173.<\/p>\n<p><strong><img decoding=\"async\" style=\"margin-right: 12px;\" src=\"https:\/\/www.ferberpainting.com\/wp-content\/uploads\/2026\/02\/Check.svg\" alt=\"\" width=\"18\" height=\"15\" \/>I\u0161skirtinis universalumas.<\/strong> \u0160is valiklis tinka ne tik cinko pavir\u0161iams, bet ir kitiems metalams, pavyzd\u017eiui, cinkuotam plienui, aliuminiui, variui ir tam tikriems lydiniams. Jis puikiai tinka latakams, stogams, dailylent\u0117ms, lietvamzd\u017eiams, architekt\u016briniams ornamentams, cinko stalvir\u0161iams ir dekoratyviniams elementams tiek patalpose, tiek lauke. Jis tinka statybos specialistams ir nam\u0173 savininkams, pri\u017ei\u016brintiems cinko ir metalo \u012frenginius.<\/p>\n<p><strong><img decoding=\"async\" style=\"margin-right: 12px;\" src=\"https:\/\/www.ferberpainting.com\/wp-content\/uploads\/2026\/02\/Check.svg\" alt=\"\" width=\"18\" height=\"15\" \/>Ekonomi\u0161kas veikimas.<\/strong> D\u0117l 5 litr\u0173 talpos kanistro ir didel\u0117s koncentracijos \u0161is valytuvas pasi\u017eymi puikia verte. Nedidelio kiekio u\u017etenka dideliam pavir\u0161iui i\u0161valyti be atliek\u0173. Vidutini\u0161kai vienu litru produkto galima i\u0161valyti iki 20 m\u00b2 cinko pavir\u0161iaus, tod\u0117l tai ekonomi\u0161kas ir efektyvus sprendimas, skirtas reguliariam ar intensyviam naudojimui.<\/p>\n<p><strong><img decoding=\"async\" style=\"margin-right: 12px;\" src=\"https:\/\/www.ferberpainting.com\/wp-content\/uploads\/2026\/02\/Check.svg\" alt=\"\" width=\"18\" height=\"15\" \/>Saugu naudoti.<\/strong>\u00a0Skirtingai nuo produkt\u0173, kuri\u0173 sud\u0117tyje yra agresyvi\u0173 r\u016bg\u0161\u010di\u0173, galin\u010di\u0173 pakeisti cink\u0105 ir pagreitinti jo sen\u0117jim\u0105, \u0161is valiklis sukurtas be kenksming\u0173 med\u017eiag\u0173 pavir\u0161iams ir sveikatai. Jis nesukelia korozijos, nepa\u017eeid\u017eia med\u017eiag\u0173 ir i\u0161saugo apdail\u0105. Jis neskleid\u017eia dirginan\u010di\u0173 gar\u0173 ir gali b\u016bti saugiai naudojamas net blogai v\u0117dinamose u\u017edarose patalpose.<\/p>\n<p><strong><img decoding=\"async\" style=\"margin-right: 12px;\" src=\"https:\/\/www.ferberpainting.com\/wp-content\/uploads\/2026\/02\/Check.svg\" alt=\"\" width=\"18\" height=\"15\" \/>Lengva naudoti.<\/strong>\u00a0\u0160is produktas yra paruo\u0161tas naudoti, jo nereikia skiesti ar sud\u0117tingai ruo\u0161ti. Jis tepamas tiesiai ant pavir\u0161iaus \u0161luoste, kempine, teptuku arba purk\u0161tuvu. Greitai veikianti priemon\u0117 pa\u0161alina ne\u0161varumus per kelias minutes, nereikia per daug plauti ar \u0161veisti. D\u0117l intuityvaus naudojimo juo gali naudotis net ir tie, kurie neturi cinko ar metal\u0173 prie\u017ei\u016bros patirties.<\/p>\n<p><strong><img decoding=\"async\" style=\"margin-right: 12px;\" src=\"https:\/\/www.ferberpainting.com\/wp-content\/uploads\/2026\/02\/Check.svg\" alt=\"\" width=\"18\" height=\"15\" \/>I\u0161pl\u0117stinis patvarumas.<\/strong>\u00a0Reguliariai \u0161alindamas ne\u0161varumus ir pavir\u0161iaus oksidacij\u0105, \u0161is valiklis padeda prailginti cinko komponent\u0173 tarnavimo laik\u0105 ir ilgainiui i\u0161saugoti j\u0173 estetin\u0119 i\u0161vaizd\u0105. Jis neleid\u017eia kauptis liku\u010diams, kurie gali susilpninti metalinius pavir\u0161ius ir pagreitinti gedim\u0105. Reguliarus naudojimas padeda i\u0161vengti brangiai kainuojan\u010dio remonto ir i\u0161laikyti apsaugot\u0105 ir patvar\u0173 cink\u0105.<\/p>\n<p><strong><img decoding=\"async\" style=\"margin-right: 12px;\" src=\"https:\/\/www.ferberpainting.com\/wp-content\/uploads\/2026\/02\/Check.svg\" alt=\"\" width=\"18\" height=\"15\" \/>Greitas veiksmas.<\/strong>\u00a0D\u0117l itin aktyvios formul\u0117s \u0161is valiklis i\u0161 karto veikia oksidacijos \u017eymes ir \u012fsisen\u0117jusias d\u0117mes. Vos per kelias minutes jis i\u0161tirpina ne\u0161varumus ir palengvina j\u0173 pa\u0161alinim\u0105 be dideli\u0173 pastang\u0173. Jis leid\u017eia greitai ir veiksmingai pri\u017ei\u016br\u0117ti cinko ir metalo pavir\u0161ius.<\/p>\n<h2><strong>Naudojimo protokolas<\/strong><\/h2>\n<ul>\n<li><strong>Paruo\u0161imas <\/strong>: Pasir\u016bpinkite, kad cinko pavir\u0161ius b\u016bt\u0173 sausas ir ant jo neb\u016bt\u0173 dulki\u0173 ar \u0161iuk\u0161li\u0173. Jei plotas yra stipriai suteptas, rekomenduojama pirmiausia nupurk\u0161ti dulkes mink\u0161tu \u0161epet\u0117liu.<\/li>\n<li><strong>Rankinis taikymas <\/strong>: Nedidel\u012f kiek\u012f valiklio supilkite ant \u0161varios \u0161luost\u0117s ar kempin\u0117s, tada tolygiai sukamaisiais judesiais u\u017etepkite ant pavir\u0161iaus, kad priemon\u0117 \u012fsigert\u0173 ir i\u0161tirpint\u0173 ne\u0161varumus.<\/li>\n<li><strong>Didelio pavir\u0161iaus naudojimas <\/strong>: Nor\u0117dami valyti cinko stogus, dailylentes ar latakus, naudokite purk\u0161tuv\u0105, kad priemon\u0117 tolygiai pasiskirstyt\u0173. Palikite kelioms minut\u0117ms, kad valiklis i\u0161tirpint\u0173 ne\u0161varumus, tada nu\u0161luostykite sausu skudur\u0117liu arba nuplaukite \u0161variu vandeniu.<\/li>\n<li><strong>U\u017esispyrusi\u0173 d\u0117mi\u0173 apdorojimas <\/strong>: Stipriai oksiduotas vietas arba \u012fsisen\u0117jusius liku\u010dius u\u017etepkite lengvu spaudimu ir palikite 5-10 minu\u010di\u0173. Naudokite mink\u0161t\u0105 \u0161epet\u0117l\u012f, kad pad\u0117tum\u0117te pakelti liku\u010dius nesubrai\u017eydami pavir\u0161iaus. Jei reikia, pakartokite naudojim\u0105, kad valymas b\u016bt\u0173 optimalus.<\/li>\n<li><strong>Skalavimas ir valymas <\/strong>: Nuvalykite sausa arba \u0161iek tiek dr\u0117gna \u0161luoste, kad pa\u0161alintum\u0117te produkto liku\u010dius ir u\u017etikrintum\u0117te nepriekai\u0161ting\u0105 apdail\u0105 be dry\u017ei\u0173. Lauko s\u0105lygomis gali prireikti nuplauti \u0161variu vandeniu.<\/li>\n<li><strong>Poliravimas ir blizgesys <\/strong>: Jei norite dar labiau blizg\u0117ti, pabaigai nuvalykite \u0161varia sausa \u0161luoste, kad i\u0161lygintum\u0117te ir atgaivintum\u0117te cinko blizges\u012f. Reguliarus poliravimas padeda i\u0161vengti naujos oksidacijos ir palengvina b\u016bsim\u0105 prie\u017ei\u016br\u0105.<\/li>\n<li><strong>Naudojimo da\u017enumas <\/strong>: Naudokite kart\u0105 per tris m\u0117nesius reguliariai prie\u017ei\u016brai ir kad nesikaupt\u0173 liku\u010di\u0173. Cinko pavir\u0161ius, veikiamus at\u0161iauri\u0173 oro s\u0105lyg\u0173 ar tar\u0161os, gali b\u016bti rekomenduojama valyti da\u017eniau, kad b\u016bt\u0173 u\u017etikrinta optimali apsauga.<\/li>\n<li><strong>Saugykla <\/strong>: Po kiekvieno naudojimo sandariai u\u017edarykite talpykl\u0119 ir laikykite v\u0117sioje, sausoje vietoje, apsaugotoje nuo \u0161viesos ir ekstremalios temperat\u016bros, kad produktas ilgai i\u0161likt\u0173 veiksmingas.<\/li>\n<\/ul>\n<p>Naudodami m\u016bs\u0173 cinko valikl\u012f u\u017etikrinsite veiksming\u0105 ir lengv\u0105 prie\u017ei\u016br\u0105, i\u0161saugodami metalini\u0173 pavir\u0161i\u0173 blizges\u012f ir ilgaam\u017ei\u0161kum\u0105. Tai idealus sprendimas, kad cinkas b\u016bt\u0173 \u0161varus, apsaugotas ir blizg\u0117t\u0173 bet kokiomis s\u0105lygomis.<\/p>","protected":false},"excerpt":{"rendered":"<p>Optimal Efficiency.\u00a0This zinc cleaner is specially designed to effectively remove oxidation marks, limescale deposits, atmospheric dirt, and stubborn stains that tarnish zinc surfaces. Thanks to its powerful formula, it penetrates deeply to restore zinc\u2019s original shine while preserving its integrity. It ensures gentle cleaning without altering the natural patina of the metal, providing a uniform [&hellip;]<\/p>\n","protected":false},"featured_media":35746,"comment_status":"open","ping_status":"closed","template":"","meta":{"_uag_custom_page_level_css":"","site-sidebar-layout":"default","site-content-layout":"","ast-site-content-layout":"default","site-content-style":"default","site-sidebar-style":"default","ast-global-header-display":"","ast-banner-title-visibility":"","ast-main-header-display":"","ast-hfb-above-header-display":"","ast-hfb-below-header-display":"","ast-hfb-mobile-header-display":"","site-post-title":"","ast-breadcrumbs-content":"","ast-featured-img":"","footer-sml-layout":"","ast-disable-related-posts":"","theme-transparent-header-meta":"default","adv-header-id-meta":"","stick-header-meta":"","header-above-stick-meta":"","header-main-stick-meta":"","header-below-stick-meta":"","astra-migrate-meta-layouts":"set","ast-page-background-enabled":"default","ast-page-background-meta":{"desktop":{"background-color":"var(--ast-global-color-4)","background-image":"","background-repeat":"repeat","background-position":"center center","background-size":"auto","background-attachment":"scroll","background-type":"","background-media":"","overlay-type":"","overlay-color":"","overlay-opacity":"","overlay-gradient":""},"tablet":{"background-color":"","background-image":"","background-repeat":"repeat","background-position":"center center","background-size":"auto","background-attachment":"scroll","background-type":"","background-media":"","overlay-type":"","overlay-color":"","overlay-opacity":"","overlay-gradient":""},"mobile":{"background-color":"","background-image":"","background-repeat":"repeat","background-position":"center center","background-size":"auto","background-attachment":"scroll","background-type":"","background-media":"","overlay-type":"","overlay-color":"","overlay-opacity":"","overlay-gradient":""}},"ast-content-background-meta":{"desktop":{"background-color":"var(--ast-global-color-5)","background-image":"","background-repeat":"repeat","background-position":"center center","background-size":"auto","background-attachment":"scroll","background-type":"","background-media":"","overlay-type":"","overlay-color":"","overlay-opacity":"","overlay-gradient":""},"tablet":{"background-color":"var(--ast-global-color-5)","background-image":"","background-repeat":"repeat","background-position":"center center","background-size":"auto","background-attachment":"scroll","background-type":"","background-media":"","overlay-type":"","overlay-color":"","overlay-opacity":"","overlay-gradient":""},"mobile":{"background-color":"var(--ast-global-color-5)","background-image":"","background-repeat":"repeat","background-position":"center center","background-size":"auto","background-attachment":"scroll","background-type":"","background-media":"","overlay-type":"","overlay-color":"","overlay-opacity":"","overlay-gradient":""}}},"product_brand":[],"product_cat":[175],"product_tag":[],"class_list":{"0":"post-25699","1":"product","2":"type-product","3":"status-publish","4":"has-post-thumbnail","6":"product_cat-cleaning-products","7":"desktop-align-left","8":"tablet-align-left","9":"mobile-align-left","11":"first","12":"instock","13":"sale","14":"taxable","15":"shipping-taxable","16":"purchasable","17":"product-type-variable","18":"has-default-attributes"},"spectra_custom_meta":{"_visibility":["visible"],"_shopify_product_id":["9106297290997"],"_s2w_shopify_domain":["ferberpainting.myshopify.com"],"_shopify_variant_id":["46625917534453"],"_sku":[""],"_manage_stock":["no"],"total_sales":["173"],"_tax_status":["taxable"],"_tax_class":[""],"_backorders":["no"],"_sold_individually":["no"],"_virtual":["no"],"_downloadable":["no"],"_download_limit":["-1"],"_download_expiry":["-1"],"_stock":[null],"_stock_status":["instock"],"_wc_average_rating":["5.00"],"_wc_review_count":["10"],"_product_attributes":["a:1:{s:6:\"volume\";a:6:{s:4:\"name\";s:6:\"Volume\";s:5:\"value\";s:20:\"5 liters | 25 liters\";s:8:\"position\";i:1;s:10:\"is_visible\";i:0;s:12:\"is_variation\";i:1;s:11:\"is_taxonomy\";i:0;}}"],"_product_version":["10.5.2"],"wpse_downloadable_file_names":[""],"wpse_downloadable_file_urls":[""],"_edit_last":["1"],"_default_attributes":["a:1:{s:6:\"volume\";s:8:\"5 liters\";}"],"_edit_lock":["1771405965:1"],"_price":["29.90","129.90"],"merchant-center-availability":["yes"],"merchant-center-category":["4973"],"_thumbnail_id":["35746"],"_wp_page_template":["default"],"_wp_old_date":["2025-05-26"],"site-sidebar-layout":["default"],"ast-site-content-layout":["default"],"site-content-style":["default"],"site-sidebar-style":["default"],"theme-transparent-header-meta":["default"],"_product_image_gallery":["35747"],"_wc_rating_count":["a:1:{i:5;i:10;}"],"astra-migrate-meta-layouts":["set"],"_uag_css_file_name":["uag-css-25699.css"],"_elementor_page_assets":["a:0:{}"],"_uag_page_assets":["a:9:{s:3:\"css\";s:7133:\".uag-blocks-common-selector{z-index:var(--z-index-desktop) !important}@media(max-width: 976px){.uag-blocks-common-selector{z-index:var(--z-index-tablet) !important}}@media(max-width: 767px){.uag-blocks-common-selector{z-index:var(--z-index-mobile) !important}}.wp-block-uagb-image{display:flex}.wp-block-uagb-image__figure{position:relative;display:flex;flex-direction:column;max-width:100%;height:auto;margin:0}.wp-block-uagb-image__figure img{height:auto;display:flex;max-width:100%;transition:box-shadow .2s ease}.wp-block-uagb-image__figure>a{display:inline-block}.wp-block-uagb-image__figure figcaption{text-align:center;margin-top:.5em;margin-bottom:1em}.wp-block-uagb-image .components-placeholder.block-editor-media-placeholder .components-placeholder__instructions{align-self:center}.wp-block-uagb-image--align-left{text-align:left}.wp-block-uagb-image--align-right{text-align:right}.wp-block-uagb-image--align-center{text-align:center}.wp-block-uagb-image--align-full .wp-block-uagb-image__figure{margin-left:calc(50% - 50vw);margin-right:calc(50% - 50vw);max-width:100vw;width:100vw;height:auto}.wp-block-uagb-image--align-full .wp-block-uagb-image__figure img{height:auto;width:100% !important}.wp-block-uagb-image--align-wide .wp-block-uagb-image__figure img{height:auto;width:100%}.wp-block-uagb-image--layout-overlay__color-wrapper{position:absolute;left:0;top:0;right:0;bottom:0;opacity:.2;background:rgba(0,0,0,.5);transition:opacity .35s ease-in-out}.wp-block-uagb-image--layout-overlay-link{position:absolute;left:0;right:0;bottom:0;top:0}.wp-block-uagb-image--layout-overlay .wp-block-uagb-image__figure:hover .wp-block-uagb-image--layout-overlay__color-wrapper{opacity:1}.wp-block-uagb-image--layout-overlay__inner{position:absolute;left:15px;right:15px;bottom:15px;top:15px;display:flex;align-items:center;justify-content:center;flex-direction:column;border-color:#fff;transition:.35s ease-in-out}.wp-block-uagb-image--layout-overlay__inner.top-left,.wp-block-uagb-image--layout-overlay__inner.top-center,.wp-block-uagb-image--layout-overlay__inner.top-right{justify-content:flex-start}.wp-block-uagb-image--layout-overlay__inner.bottom-left,.wp-block-uagb-image--layout-overlay__inner.bottom-center,.wp-block-uagb-image--layout-overlay__inner.bottom-right{justify-content:flex-end}.wp-block-uagb-image--layout-overlay__inner.top-left,.wp-block-uagb-image--layout-overlay__inner.center-left,.wp-block-uagb-image--layout-overlay__inner.bottom-left{align-items:flex-start}.wp-block-uagb-image--layout-overlay__inner.top-right,.wp-block-uagb-image--layout-overlay__inner.center-right,.wp-block-uagb-image--layout-overlay__inner.bottom-right{align-items:flex-end}.wp-block-uagb-image--layout-overlay__inner .uagb-image-heading{color:#fff;transition:transform .35s,opacity .35s ease-in-out;transform:translate3d(0, 24px, 0);margin:0;line-height:1em}.wp-block-uagb-image--layout-overlay__inner .uagb-image-separator{width:30%;border-top-width:2px;border-top-color:#fff;border-top-style:solid;margin-bottom:10px;opacity:0;transition:transform .4s,opacity .4s ease-in-out;transform:translate3d(0, 30px, 0)}.wp-block-uagb-image--layout-overlay__inner .uagb-image-caption{opacity:0;overflow:visible;color:#fff;transition:transform .45s,opacity .45s ease-in-out;transform:translate3d(0, 35px, 0)}.wp-block-uagb-image--layout-overlay__inner:hover .uagb-image-heading,.wp-block-uagb-image--layout-overlay__inner:hover .uagb-image-separator,.wp-block-uagb-image--layout-overlay__inner:hover .uagb-image-caption{opacity:1;transform:translate3d(0, 0, 0)}.wp-block-uagb-image--effect-zoomin .wp-block-uagb-image__figure img,.wp-block-uagb-image--effect-zoomin .wp-block-uagb-image__figure .wp-block-uagb-image--layout-overlay__color-wrapper{transform:scale(1);transition:transform .35s ease-in-out}.wp-block-uagb-image--effect-zoomin .wp-block-uagb-image__figure:hover img,.wp-block-uagb-image--effect-zoomin .wp-block-uagb-image__figure:hover .wp-block-uagb-image--layout-overlay__color-wrapper{transform:scale(1.05)}.wp-block-uagb-image--effect-slide .wp-block-uagb-image__figure img,.wp-block-uagb-image--effect-slide .wp-block-uagb-image__figure .wp-block-uagb-image--layout-overlay__color-wrapper{width:calc(100% + 40px) !important;max-width:none !important;transform:translate3d(-40px, 0, 0);transition:transform .35s ease-in-out}.wp-block-uagb-image--effect-slide .wp-block-uagb-image__figure:hover img,.wp-block-uagb-image--effect-slide .wp-block-uagb-image__figure:hover .wp-block-uagb-image--layout-overlay__color-wrapper{transform:translate3d(0, 0, 0)}.wp-block-uagb-image--effect-grayscale img{filter:grayscale(0%);transition:.35s ease-in-out}.wp-block-uagb-image--effect-grayscale:hover img{filter:grayscale(100%)}.wp-block-uagb-image--effect-blur img{filter:blur(0);transition:.35s ease-in-out}.wp-block-uagb-image--effect-blur:hover img{filter:blur(3px)}.uagb-block-e6f939b3.wp-block-uagb-image--layout-default figure img{box-shadow: 0px 0px 0 #00000070;}.uagb-block-e6f939b3.wp-block-uagb-image .wp-block-uagb-image__figure figcaption{font-style: normal;align-self: center;}.uagb-block-e6f939b3.wp-block-uagb-image--layout-overlay figure img{box-shadow: 0px 0px 0 #00000070;}.uagb-block-e6f939b3.wp-block-uagb-image--layout-overlay .wp-block-uagb-image--layout-overlay__color-wrapper{opacity: 0.2;}.uagb-block-e6f939b3.wp-block-uagb-image--layout-overlay .wp-block-uagb-image--layout-overlay__inner{left: 15px;right: 15px;top: 15px;bottom: 15px;}.uagb-block-e6f939b3.wp-block-uagb-image--layout-overlay .wp-block-uagb-image--layout-overlay__inner .uagb-image-heading{font-style: normal;color: #fff;opacity: 1;}.uagb-block-e6f939b3.wp-block-uagb-image--layout-overlay .wp-block-uagb-image--layout-overlay__inner .uagb-image-heading a{color: #fff;}.uagb-block-e6f939b3.wp-block-uagb-image--layout-overlay .wp-block-uagb-image--layout-overlay__inner .uagb-image-caption{opacity: 0;}.uagb-block-e6f939b3.wp-block-uagb-image--layout-overlay .wp-block-uagb-image__figure:hover .wp-block-uagb-image--layout-overlay__color-wrapper{opacity: 1;}.uagb-block-e6f939b3.wp-block-uagb-image .wp-block-uagb-image--layout-overlay__inner .uagb-image-separator{width: 30%;border-top-width: 2px;border-top-color: #fff;opacity: 0;}.uagb-block-e6f939b3.wp-block-uagb-image .wp-block-uagb-image__figure img{width: px;height: auto;}.uagb-block-e6f939b3.wp-block-uagb-image .wp-block-uagb-image__figure:hover .wp-block-uagb-image--layout-overlay__inner .uagb-image-caption{opacity: 1;}.uagb-block-e6f939b3.wp-block-uagb-image .wp-block-uagb-image__figure:hover .wp-block-uagb-image--layout-overlay__inner .uagb-image-separator{opacity: 1;}.uagb-block-e6f939b3.wp-block-uagb-image--layout-default figure:hover img{box-shadow: 0px 0px 0 #00000070;}.uagb-block-e6f939b3.wp-block-uagb-image--layout-overlay figure:hover img{box-shadow: 0px 0px 0 #00000070;}@media only screen and (max-width: 976px) {.uagb-block-e6f939b3.wp-block-uagb-image .wp-block-uagb-image__figure img{width: px;height: auto;}}@media only screen and (max-width: 767px) {.uagb-block-e6f939b3.wp-block-uagb-image .wp-block-uagb-image__figure img{width: px;height: auto;}}\";s:2:\"js\";s:0:\"\";s:18:\"current_block_list\";a:13:{i:0;s:11:\"core\/search\";i:1;s:10:\"core\/group\";i:2;s:12:\"core\/heading\";i:3;s:17:\"core\/latest-posts\";i:4;s:20:\"core\/latest-comments\";i:5;s:13:\"core\/archives\";i:6;s:15:\"core\/categories\";i:7;s:14:\"core\/paragraph\";i:8;s:10:\"uagb\/image\";i:9;s:11:\"core\/spacer\";i:10;s:30:\"woocommerce\/product-categories\";i:11;s:10:\"core\/image\";i:12;s:14:\"core\/shortcode\";}s:8:\"uag_flag\";b:1;s:11:\"uag_version\";s:10:\"1777197192\";s:6:\"gfonts\";a:0:{}s:10:\"gfonts_url\";s:0:\"\";s:12:\"gfonts_files\";a:0:{}s:14:\"uag_faq_layout\";b:0;}"]},"uagb_featured_image_src":{"full":["https:\/\/www.ferberpainting.com\/wp-content\/uploads\/2025\/05\/Zinc-Cleaner-5L-.png",2560,2560,false],"thumbnail":["https:\/\/www.ferberpainting.com\/wp-content\/uploads\/2025\/05\/Zinc-Cleaner-5L--150x150.png",150,150,true],"medium":["https:\/\/www.ferberpainting.com\/wp-content\/uploads\/2025\/05\/Zinc-Cleaner-5L--300x300.png",300,300,true],"medium_large":["https:\/\/www.ferberpainting.com\/wp-content\/uploads\/2025\/05\/Zinc-Cleaner-5L--768x768.png",768,768,true],"large":["https:\/\/www.ferberpainting.com\/wp-content\/uploads\/2025\/05\/Zinc-Cleaner-5L--1024x1024.png",1024,1024,true],"1536x1536":["https:\/\/www.ferberpainting.com\/wp-content\/uploads\/2025\/05\/Zinc-Cleaner-5L--1536x1536.png",1536,1536,true],"2048x2048":["https:\/\/www.ferberpainting.com\/wp-content\/uploads\/2025\/05\/Zinc-Cleaner-5L--2048x2048.png",2048,2048,true],"trp-custom-language-flag":["https:\/\/www.ferberpainting.com\/wp-content\/uploads\/2025\/05\/Zinc-Cleaner-5L--12x12.png",12,12,true],"woocommerce_thumbnail":["https:\/\/www.ferberpainting.com\/wp-content\/uploads\/2025\/05\/Zinc-Cleaner-5L--300x300.png",300,300,true],"woocommerce_single":["https:\/\/www.ferberpainting.com\/wp-content\/uploads\/2025\/05\/Zinc-Cleaner-5L--600x600.png",600,600,true],"woocommerce_gallery_thumbnail":["https:\/\/www.ferberpainting.com\/wp-content\/uploads\/2025\/05\/Zinc-Cleaner-5L--100x100.png",100,100,true]},"uagb_author_info":{"display_name":"admin","author_link":"https:\/\/www.ferberpainting.com\/lt\/author\/"},"uagb_comment_info":10,"uagb_excerpt":"Optimal Efficiency.\u00a0This zinc cleaner is specially designed to effectively remove oxidation marks, limescale deposits, atmospheric dirt, and stubborn stains that tarnish zinc surfaces. Thanks to its powerful formula, it penetrates deeply to restore zinc\u2019s original shine while preserving its integrity. It ensures gentle cleaning without altering the natural patina of the metal, providing a uniform&hellip;","_links":{"self":[{"href":"https:\/\/www.ferberpainting.com\/lt\/wp-json\/wp\/v2\/product\/25699","targetHints":{"allow":["GET"]}}],"collection":[{"href":"https:\/\/www.ferberpainting.com\/lt\/wp-json\/wp\/v2\/product"}],"about":[{"href":"https:\/\/www.ferberpainting.com\/lt\/wp-json\/wp\/v2\/types\/product"}],"replies":[{"embeddable":true,"href":"https:\/\/www.ferberpainting.com\/lt\/wp-json\/wp\/v2\/comments?post=25699"}],"version-history":[{"count":4,"href":"https:\/\/www.ferberpainting.com\/lt\/wp-json\/wp\/v2\/product\/25699\/revisions"}],"predecessor-version":[{"id":169195,"href":"https:\/\/www.ferberpainting.com\/lt\/wp-json\/wp\/v2\/product\/25699\/revisions\/169195"}],"wp:featuredmedia":[{"embeddable":true,"href":"https:\/\/www.ferberpainting.com\/lt\/wp-json\/wp\/v2\/media\/35746"}],"wp:attachment":[{"href":"https:\/\/www.ferberpainting.com\/lt\/wp-json\/wp\/v2\/media?parent=25699"}],"wp:term":[{"taxonomy":"product_brand","embeddable":true,"href":"https:\/\/www.ferberpainting.com\/lt\/wp-json\/wp\/v2\/product_brand?post=25699"},{"taxonomy":"product_cat","embeddable":true,"href":"https:\/\/www.ferberpainting.com\/lt\/wp-json\/wp\/v2\/product_cat?post=25699"},{"taxonomy":"product_tag","embeddable":true,"href":"https:\/\/www.ferberpainting.com\/lt\/wp-json\/wp\/v2\/product_tag?post=25699"}],"curies":[{"name":"wp","href":"https:\/\/api.w.org\/{rel}","templated":true}]}}