{"id":25689,"date":"2025-06-30T17:22:19","date_gmt":"2025-06-30T15:22:19","guid":{"rendered":"https:\/\/www.ferberpainting.com\/?post_type=product&#038;p=25689"},"modified":"2026-02-18T10:07:46","modified_gmt":"2026-02-18T09:07:46","slug":"wood-water-repellent","status":"publish","type":"product","link":"https:\/\/www.ferberpainting.com\/lt\/products\/wood-water-repellent\/","title":{"rendered":"Hidrofobin\u0117 medienos danga"},"content":{"rendered":"<p><strong><img decoding=\"async\" style=\"margin-right: 12px;\" src=\"https:\/\/www.ferberpainting.com\/wp-content\/uploads\/2026\/02\/Check.svg\" alt=\"\" width=\"18\" height=\"15\" \/>Optimali apsauga nuo dr\u0117gm\u0117s.<\/strong>\u00a0\u0160is medienos impregnantas yra specialiai sukurtas taip, kad apsaugot\u0173 medinius pavir\u0161ius nuo dr\u0117gm\u0117s, pel\u0117si\u0173 ir ankstyvo irimo. Nesvarbu, ar tai lauko baldai, terasos, langin\u0117s, ar bet koks medinis elementas, veikiamas gamtos stichij\u0173, \u0161is produktas u\u017etikrina ilgalaik\u0119 hidroizoliacij\u0105. Jis veikia kaip dr\u0117gm\u0117s skydas, neleid\u017eiantis vandeniui prasiskverbti \u012f medien\u0105, taip suma\u017eindamas i\u0161brinkimo, pel\u0117sio ir puvimo rizik\u0105.<\/p>\n<p><strong><img decoding=\"async\" style=\"margin-right: 12px;\" src=\"https:\/\/www.ferberpainting.com\/wp-content\/uploads\/2026\/02\/Check.svg\" alt=\"\" width=\"18\" height=\"15\" \/>Pinig\u0173 gr\u0105\u017einimo garantija.<\/strong> Esame \u012fsitikin\u0119 savo medienos impregnanto veiksmingumu. Jei nesate visi\u0161kai patenkinti rezultatais, suteikiame pasitenkinimo arba pinig\u0173 gr\u0105\u017einimo garantij\u0105. Jei gaminys neatitinka j\u016bs\u0173 l\u016bkes\u010di\u0173, galite j\u012f gr\u0105\u017einti ir atgauti visus pinigus be joki\u0173 klausim\u0173. \u0160i politika u\u017etikrina visi\u0161k\u0105 ramyb\u0119 perkant.<\/p>\n<p><strong><img decoding=\"async\" style=\"margin-right: 12px;\" src=\"https:\/\/www.ferberpainting.com\/wp-content\/uploads\/2026\/02\/Check.svg\" alt=\"\" width=\"18\" height=\"15\" \/>Universalus pritaikymas.<\/strong>\u00a0\u0160\u012f universal\u0173 produkt\u0105 galima naudoti \u012fvairi\u0173 r\u016b\u0161i\u0173 medienai, apdorotai arba neapdorotai, spygliuo\u010diai arba kietmed\u017eiui. Jis ypa\u010d veiksmingas i\u0161oriniams pavir\u0161iams, pavyzd\u017eiui, terasoms, dailylent\u0117ms, tvoroms ar net sodo baldams. Jis taip pat apsaugo subtili\u0105 medien\u0105, pavyzd\u017eiui, vidaus baldus ir dailylentes, u\u017etikrindamas ilgalaik\u0119 apsaug\u0105 ir i\u0161saugodamas nat\u016brali\u0105 medienos i\u0161vaizd\u0105.<\/p>\n<p><strong><img decoding=\"async\" style=\"margin-right: 12px;\" src=\"https:\/\/www.ferberpainting.com\/wp-content\/uploads\/2026\/02\/Check.svg\" alt=\"\" width=\"18\" height=\"15\" \/>Ekonomi\u0161kas.<\/strong>\u00a0\u0160is produktas pasi\u017eymi \u012fsp\u016bdingu padengimu - nuo 8 iki 12 m\u00b2 viename litre, priklausomai nuo medienos por\u0117tumo. Jis ypa\u010d ekonomi\u0161kas dideliems pavir\u0161iams, tod\u0117l galite apdoroti medines konstrukcijas nenaudodami da\u017enai pakartotinai. 5 litr\u0173 talpykla leid\u017eia efektyviai ir pigiai apsaugoti didelius plotus.<\/p>\n<p><strong><img decoding=\"async\" style=\"margin-right: 12px;\" src=\"https:\/\/www.ferberpainting.com\/wp-content\/uploads\/2026\/02\/Check.svg\" alt=\"\" width=\"18\" height=\"15\" \/>Saugus ir draugi\u0161kas aplinkai.<\/strong>\u00a0Skirtingai nuo daugelio medienos apdorojimo produkt\u0173, \u0161i medienos impregnavimo priemon\u0117 yra netoksi\u0161ka ir saugi naudotojams, jei laikomasi instrukcij\u0173. Jo sud\u0117tyje n\u0117ra ter\u0161ian\u010di\u0173 med\u017eiag\u0173 ir \u012f aplink\u0105 nei\u0161skiria kenksming\u0173 med\u017eiag\u0173. Tod\u0117l tai saugus ir ekologi\u0161kas apdorojimo b\u016bdas, idealiai tinkantis besir\u016bpinantiems sveikata ir poveikiu aplinkai.<\/p>\n<p><strong><img decoding=\"async\" style=\"margin-right: 12px;\" src=\"https:\/\/www.ferberpainting.com\/wp-content\/uploads\/2026\/02\/Check.svg\" alt=\"\" width=\"18\" height=\"15\" \/>Lengva naudoti.<\/strong>\u00a0\u0160\u012f impregnant\u0105 labai lengva naudoti. Ji paruo\u0161ta naudoti, jos nereikia skiesti. Tiesiog u\u017etepkite tolyg\u0173 sluoksn\u012f teptuku, voleliu arba purk\u0161tuvu, priklausomai nuo j\u016bs\u0173 pageidavim\u0173 ir pavir\u0161iaus dyd\u017eio. Tepimas yra greitas ir nereikalauja sud\u0117tingo pasiruo\u0161imo, tod\u0117l padeda taupyti laik\u0105 ir kartu pasiekti profesionali\u0105 apdail\u0105.<\/p>\n<p><strong><img decoding=\"async\" style=\"margin-right: 12px;\" src=\"https:\/\/www.ferberpainting.com\/wp-content\/uploads\/2026\/02\/Check.svg\" alt=\"\" width=\"18\" height=\"15\" \/>Ilgalaik\u0117 apsauga ir patvarumas.<\/strong>\u00a0\u0160is produktas u\u017etikrina ilgalaik\u0119 apsaug\u0105. Vienkartinis tepimas padeda i\u0161laikyti nat\u016brali\u0105 medienos i\u0161vaizd\u0105 ir kartu suteikia didesn\u012f atsparum\u0105 i\u0161or\u0117s poveikiui. Jis apsaugo j\u016bs\u0173 medines konstrukcijas nuo atmosferos poveikio ir klimato svyravim\u0173, suma\u017eindamas da\u017enos prie\u017ei\u016bros poreik\u012f. Taip pat padeda i\u0161vengti spalvos pakitim\u0173 nuo saul\u0117s ir laiko, i\u0161saugant estetin\u012f medienos patrauklum\u0105.<\/p>\n<p><strong><img decoding=\"async\" style=\"margin-right: 12px;\" src=\"https:\/\/www.ferberpainting.com\/wp-content\/uploads\/2026\/02\/Check.svg\" alt=\"\" width=\"18\" height=\"15\" \/>Greitas veiksmas.<\/strong>\u00a0Medienos impregnantas greitai \u012fsiskverbia \u012f med\u017eiag\u0105 ir per rekordi\u0161kai trump\u0105 laik\u0105 sukuria nematom\u0105 vandeniui atspar\u0173 barjer\u0105. Vos per kelias valandas mediena apsaugoma, o greitas d\u017ei\u016bvimo laikas leid\u017eia greitai naudoti apdorot\u0105 pavir\u0161i\u0173. \u0160is produktas puikiai tinka, kai reikia greit\u0173 rezultat\u0173, ypa\u010d skubiai prie\u017ei\u016brai ar dideliems lauko pavir\u0161iams.<\/p>\n<h2><strong>Naudojimo protokolas<\/strong><\/h2>\n<ul>\n<li><strong>Pavir\u0161iaus paruo\u0161imas <\/strong>: Prie\u0161 tepdami impregnant\u0105 \u012fsitikinkite, kad mediena yra \u0161vari, sausa, ant jos n\u0117ra purvo, dulki\u0173 ar kit\u0173 ter\u0161al\u0173. Jei reikia, nuvalykite pavir\u0161i\u0173 mink\u0161tu \u0161epet\u0117liu ir muiluotu vandeniu, tada prie\u0161 prad\u0117dami tepti leiskite jam i\u0161d\u017ei\u016bti bent 24 valandas.<\/li>\n<li><strong>Produkto taikymas <\/strong>: \u0160is produktas yra paruo\u0161tas naudoti ir jo nereikia skiesti. Prie\u0161 naudojim\u0105 gerai suplakite. Tepkite teptuku, voleliu arba purk\u0161tuvu. Didesniems plotams rekomenduojama naudoti purk\u0161tuv\u0105, kad grei\u010diau ir tolygiau padengtum\u0117te. \u012esitikinkite, kad pavir\u0161ius padengtas vienodu sluoksniu.<\/li>\n<li><strong>Naudotina suma <\/strong>: Vidutini\u0161kai vienas litras padengia 8-12 m\u00b2 plot\u0105, priklausomai nuo medienos por\u0117tumo ir r\u016b\u0161ies. Labai por\u0117tai medienai arba stipresnei apsaugai u\u017etikrinti gali prireikti antrojo sluoksnio.<\/li>\n<li><strong>D\u017ei\u016bvimo laikas <\/strong>: Prie\u0161 veikdami medien\u0105 lengva dr\u0117gme, leiskite produktui i\u0161d\u017ei\u016bti apie 1-2 valandas. Ta\u010diau geriausia leisti i\u0161d\u017ei\u016bti 24 valandas prie\u0161 pakartotinai naudojant pavir\u0161i\u0173 arba veikiant j\u012f dr\u0117gnu ar at\u0161iauriu oru. Kad u\u017etikrintum\u0117te optimal\u0173 veikim\u0105, apdorot\u0173 pavir\u0161i\u0173 48 valandas nelaikykite stipriame lietuje.<\/li>\n<li><strong>Pakartotin\u0117 parai\u0161ka <\/strong>: Atsi\u017evelgiant \u012f oro s\u0105lygas, gali prireikti pakartotinai tepti kas 1-3 metus. Da\u017enai veikiamus pavir\u0161ius (denius, sodo baldus) rekomenduojama da\u017eniau pakartotinai tepti, kad b\u016bt\u0173 i\u0161laikyta maksimali apsauga.<\/li>\n<li><strong>Technin\u0117 prie\u017ei\u016bra <\/strong>: Nor\u0117dami i\u0161saugoti veiksmingum\u0105, nenaudokite abrazyvini\u0173 ar chemini\u0173 valikli\u0173 apdorotiems pavir\u0161iams valyti. Paprastai u\u017etenka papras\u010diausio valymo vandeniu ir mink\u0161ta \u0161luoste, kad medin\u0117s konstrukcijos b\u016bt\u0173 geriausios b\u016bkl\u0117s.<\/li>\n<\/ul>\n<p>Apibendrinant galima teigti, kad medienos impregnantas yra privalomas produktas visiems, norintiems apsaugoti medini\u0173 pavir\u0161i\u0173 i\u0161vaizd\u0105 ir ilgaam\u017ei\u0161kum\u0105. D\u0117l paprasto naudojimo, ilgalaik\u0117s apsaugos ir ekologi\u0161kos formul\u0117s jis yra patikimas ir veiksmingas sprendimas, apsaugantis nuo dr\u0117gm\u0117s ir vandens daromos \u017ealos. D\u0117l greito veikimo ir puikios i\u0161eigos jis idealiai tinka tiek profesionaliems, tiek \"pasidaryk pats\" medienos apsaugos projektams.<\/p>","protected":false},"excerpt":{"rendered":"<p>Optimal Protection Against Moisture.\u00a0This wood waterproofer is specially formulated to create a barrier against humidity, mold, and premature degradation of wooden surfaces. Whether it&#8217;s for outdoor furniture, decks, shutters, or any wooden element exposed to the elements, this product ensures long-lasting waterproofing. It acts as a moisture shield, preventing water from penetrating the wood, thereby [&hellip;]<\/p>\n","protected":false},"featured_media":35756,"comment_status":"open","ping_status":"closed","template":"","meta":{"_uag_custom_page_level_css":"","site-sidebar-layout":"default","site-content-layout":"","ast-site-content-layout":"default","site-content-style":"default","site-sidebar-style":"default","ast-global-header-display":"","ast-banner-title-visibility":"","ast-main-header-display":"","ast-hfb-above-header-display":"","ast-hfb-below-header-display":"","ast-hfb-mobile-header-display":"","site-post-title":"","ast-breadcrumbs-content":"","ast-featured-img":"","footer-sml-layout":"","ast-disable-related-posts":"","theme-transparent-header-meta":"default","adv-header-id-meta":"","stick-header-meta":"","header-above-stick-meta":"","header-main-stick-meta":"","header-below-stick-meta":"","astra-migrate-meta-layouts":"set","ast-page-background-enabled":"default","ast-page-background-meta":{"desktop":{"background-color":"var(--ast-global-color-4)","background-image":"","background-repeat":"repeat","background-position":"center center","background-size":"auto","background-attachment":"scroll","background-type":"","background-media":"","overlay-type":"","overlay-color":"","overlay-opacity":"","overlay-gradient":""},"tablet":{"background-color":"","background-image":"","background-repeat":"repeat","background-position":"center center","background-size":"auto","background-attachment":"scroll","background-type":"","background-media":"","overlay-type":"","overlay-color":"","overlay-opacity":"","overlay-gradient":""},"mobile":{"background-color":"","background-image":"","background-repeat":"repeat","background-position":"center center","background-size":"auto","background-attachment":"scroll","background-type":"","background-media":"","overlay-type":"","overlay-color":"","overlay-opacity":"","overlay-gradient":""}},"ast-content-background-meta":{"desktop":{"background-color":"var(--ast-global-color-5)","background-image":"","background-repeat":"repeat","background-position":"center center","background-size":"auto","background-attachment":"scroll","background-type":"","background-media":"","overlay-type":"","overlay-color":"","overlay-opacity":"","overlay-gradient":""},"tablet":{"background-color":"var(--ast-global-color-5)","background-image":"","background-repeat":"repeat","background-position":"center center","background-size":"auto","background-attachment":"scroll","background-type":"","background-media":"","overlay-type":"","overlay-color":"","overlay-opacity":"","overlay-gradient":""},"mobile":{"background-color":"var(--ast-global-color-5)","background-image":"","background-repeat":"repeat","background-position":"center center","background-size":"auto","background-attachment":"scroll","background-type":"","background-media":"","overlay-type":"","overlay-color":"","overlay-opacity":"","overlay-gradient":""}}},"product_brand":[],"product_cat":[191],"product_tag":[],"class_list":{"0":"post-25689","1":"product","2":"type-product","3":"status-publish","4":"has-post-thumbnail","6":"product_cat-water-repellent","7":"desktop-align-left","8":"tablet-align-left","9":"mobile-align-left","11":"first","12":"instock","13":"sale","14":"shipping-taxable","15":"purchasable","16":"product-type-variable","17":"has-default-attributes"},"spectra_custom_meta":{"_visibility":["visible"],"_shopify_product_id":["9106613698805"],"_s2w_shopify_domain":["ferberpainting.myshopify.com"],"_shopify_variant_id":["46626330673397"],"_sku":[""],"_manage_stock":["no"],"total_sales":["139"],"_tax_status":["taxable"],"_tax_class":[""],"_backorders":["no"],"_sold_individually":["no"],"_virtual":["no"],"_downloadable":["no"],"_download_limit":["-1"],"_download_expiry":["-1"],"_stock":[null],"_stock_status":["instock"],"_wc_average_rating":["5.00"],"_wc_review_count":["11"],"_product_attributes":["a:1:{s:6:\"volume\";a:6:{s:4:\"name\";s:6:\"Volume\";s:5:\"value\";s:20:\"5 liters | 25 liters\";s:8:\"position\";i:1;s:10:\"is_visible\";i:0;s:12:\"is_variation\";i:1;s:11:\"is_taxonomy\";i:0;}}"],"_product_version":["10.5.2"],"wpse_downloadable_file_names":[""],"wpse_downloadable_file_urls":[""],"_edit_last":["1"],"_default_attributes":["a:1:{s:6:\"volume\";s:8:\"5 liters\";}"],"_edit_lock":["1771405530:1"],"_price":["29.90","129.90"],"merchant-center-availability":["yes"],"merchant-center-category":["503744"],"_thumbnail_id":["35756"],"_wp_page_template":["default"],"_product_image_gallery":["35757"],"site-sidebar-layout":["default"],"ast-site-content-layout":["default"],"site-content-style":["default"],"site-sidebar-style":["default"],"theme-transparent-header-meta":["default"],"_wc_rating_count":["a:1:{i:5;i:11;}"],"astra-migrate-meta-layouts":["set"],"_uag_css_file_name":["uag-css-25689.css"],"_elementor_page_assets":["a:0:{}"],"_uag_page_assets":["a:9:{s:3:\"css\";s:7133:\".uag-blocks-common-selector{z-index:var(--z-index-desktop) !important}@media(max-width: 976px){.uag-blocks-common-selector{z-index:var(--z-index-tablet) !important}}@media(max-width: 767px){.uag-blocks-common-selector{z-index:var(--z-index-mobile) !important}}.wp-block-uagb-image{display:flex}.wp-block-uagb-image__figure{position:relative;display:flex;flex-direction:column;max-width:100%;height:auto;margin:0}.wp-block-uagb-image__figure img{height:auto;display:flex;max-width:100%;transition:box-shadow .2s ease}.wp-block-uagb-image__figure>a{display:inline-block}.wp-block-uagb-image__figure figcaption{text-align:center;margin-top:.5em;margin-bottom:1em}.wp-block-uagb-image .components-placeholder.block-editor-media-placeholder .components-placeholder__instructions{align-self:center}.wp-block-uagb-image--align-left{text-align:left}.wp-block-uagb-image--align-right{text-align:right}.wp-block-uagb-image--align-center{text-align:center}.wp-block-uagb-image--align-full .wp-block-uagb-image__figure{margin-left:calc(50% - 50vw);margin-right:calc(50% - 50vw);max-width:100vw;width:100vw;height:auto}.wp-block-uagb-image--align-full .wp-block-uagb-image__figure img{height:auto;width:100% !important}.wp-block-uagb-image--align-wide .wp-block-uagb-image__figure img{height:auto;width:100%}.wp-block-uagb-image--layout-overlay__color-wrapper{position:absolute;left:0;top:0;right:0;bottom:0;opacity:.2;background:rgba(0,0,0,.5);transition:opacity .35s ease-in-out}.wp-block-uagb-image--layout-overlay-link{position:absolute;left:0;right:0;bottom:0;top:0}.wp-block-uagb-image--layout-overlay .wp-block-uagb-image__figure:hover .wp-block-uagb-image--layout-overlay__color-wrapper{opacity:1}.wp-block-uagb-image--layout-overlay__inner{position:absolute;left:15px;right:15px;bottom:15px;top:15px;display:flex;align-items:center;justify-content:center;flex-direction:column;border-color:#fff;transition:.35s ease-in-out}.wp-block-uagb-image--layout-overlay__inner.top-left,.wp-block-uagb-image--layout-overlay__inner.top-center,.wp-block-uagb-image--layout-overlay__inner.top-right{justify-content:flex-start}.wp-block-uagb-image--layout-overlay__inner.bottom-left,.wp-block-uagb-image--layout-overlay__inner.bottom-center,.wp-block-uagb-image--layout-overlay__inner.bottom-right{justify-content:flex-end}.wp-block-uagb-image--layout-overlay__inner.top-left,.wp-block-uagb-image--layout-overlay__inner.center-left,.wp-block-uagb-image--layout-overlay__inner.bottom-left{align-items:flex-start}.wp-block-uagb-image--layout-overlay__inner.top-right,.wp-block-uagb-image--layout-overlay__inner.center-right,.wp-block-uagb-image--layout-overlay__inner.bottom-right{align-items:flex-end}.wp-block-uagb-image--layout-overlay__inner .uagb-image-heading{color:#fff;transition:transform .35s,opacity .35s ease-in-out;transform:translate3d(0, 24px, 0);margin:0;line-height:1em}.wp-block-uagb-image--layout-overlay__inner .uagb-image-separator{width:30%;border-top-width:2px;border-top-color:#fff;border-top-style:solid;margin-bottom:10px;opacity:0;transition:transform .4s,opacity .4s ease-in-out;transform:translate3d(0, 30px, 0)}.wp-block-uagb-image--layout-overlay__inner .uagb-image-caption{opacity:0;overflow:visible;color:#fff;transition:transform .45s,opacity .45s ease-in-out;transform:translate3d(0, 35px, 0)}.wp-block-uagb-image--layout-overlay__inner:hover .uagb-image-heading,.wp-block-uagb-image--layout-overlay__inner:hover .uagb-image-separator,.wp-block-uagb-image--layout-overlay__inner:hover .uagb-image-caption{opacity:1;transform:translate3d(0, 0, 0)}.wp-block-uagb-image--effect-zoomin .wp-block-uagb-image__figure img,.wp-block-uagb-image--effect-zoomin .wp-block-uagb-image__figure .wp-block-uagb-image--layout-overlay__color-wrapper{transform:scale(1);transition:transform .35s ease-in-out}.wp-block-uagb-image--effect-zoomin .wp-block-uagb-image__figure:hover img,.wp-block-uagb-image--effect-zoomin .wp-block-uagb-image__figure:hover .wp-block-uagb-image--layout-overlay__color-wrapper{transform:scale(1.05)}.wp-block-uagb-image--effect-slide .wp-block-uagb-image__figure img,.wp-block-uagb-image--effect-slide .wp-block-uagb-image__figure .wp-block-uagb-image--layout-overlay__color-wrapper{width:calc(100% + 40px) !important;max-width:none !important;transform:translate3d(-40px, 0, 0);transition:transform .35s ease-in-out}.wp-block-uagb-image--effect-slide .wp-block-uagb-image__figure:hover img,.wp-block-uagb-image--effect-slide .wp-block-uagb-image__figure:hover .wp-block-uagb-image--layout-overlay__color-wrapper{transform:translate3d(0, 0, 0)}.wp-block-uagb-image--effect-grayscale img{filter:grayscale(0%);transition:.35s ease-in-out}.wp-block-uagb-image--effect-grayscale:hover img{filter:grayscale(100%)}.wp-block-uagb-image--effect-blur img{filter:blur(0);transition:.35s ease-in-out}.wp-block-uagb-image--effect-blur:hover img{filter:blur(3px)}.uagb-block-e6f939b3.wp-block-uagb-image--layout-default figure img{box-shadow: 0px 0px 0 #00000070;}.uagb-block-e6f939b3.wp-block-uagb-image .wp-block-uagb-image__figure figcaption{font-style: normal;align-self: center;}.uagb-block-e6f939b3.wp-block-uagb-image--layout-overlay figure img{box-shadow: 0px 0px 0 #00000070;}.uagb-block-e6f939b3.wp-block-uagb-image--layout-overlay .wp-block-uagb-image--layout-overlay__color-wrapper{opacity: 0.2;}.uagb-block-e6f939b3.wp-block-uagb-image--layout-overlay .wp-block-uagb-image--layout-overlay__inner{left: 15px;right: 15px;top: 15px;bottom: 15px;}.uagb-block-e6f939b3.wp-block-uagb-image--layout-overlay .wp-block-uagb-image--layout-overlay__inner .uagb-image-heading{font-style: normal;color: #fff;opacity: 1;}.uagb-block-e6f939b3.wp-block-uagb-image--layout-overlay .wp-block-uagb-image--layout-overlay__inner .uagb-image-heading a{color: #fff;}.uagb-block-e6f939b3.wp-block-uagb-image--layout-overlay .wp-block-uagb-image--layout-overlay__inner .uagb-image-caption{opacity: 0;}.uagb-block-e6f939b3.wp-block-uagb-image--layout-overlay .wp-block-uagb-image__figure:hover .wp-block-uagb-image--layout-overlay__color-wrapper{opacity: 1;}.uagb-block-e6f939b3.wp-block-uagb-image .wp-block-uagb-image--layout-overlay__inner .uagb-image-separator{width: 30%;border-top-width: 2px;border-top-color: #fff;opacity: 0;}.uagb-block-e6f939b3.wp-block-uagb-image .wp-block-uagb-image__figure img{width: px;height: auto;}.uagb-block-e6f939b3.wp-block-uagb-image .wp-block-uagb-image__figure:hover .wp-block-uagb-image--layout-overlay__inner .uagb-image-caption{opacity: 1;}.uagb-block-e6f939b3.wp-block-uagb-image .wp-block-uagb-image__figure:hover .wp-block-uagb-image--layout-overlay__inner .uagb-image-separator{opacity: 1;}.uagb-block-e6f939b3.wp-block-uagb-image--layout-default figure:hover img{box-shadow: 0px 0px 0 #00000070;}.uagb-block-e6f939b3.wp-block-uagb-image--layout-overlay figure:hover img{box-shadow: 0px 0px 0 #00000070;}@media only screen and (max-width: 976px) {.uagb-block-e6f939b3.wp-block-uagb-image .wp-block-uagb-image__figure img{width: px;height: auto;}}@media only screen and (max-width: 767px) {.uagb-block-e6f939b3.wp-block-uagb-image .wp-block-uagb-image__figure img{width: px;height: auto;}}\";s:2:\"js\";s:0:\"\";s:18:\"current_block_list\";a:13:{i:0;s:11:\"core\/search\";i:1;s:10:\"core\/group\";i:2;s:12:\"core\/heading\";i:3;s:17:\"core\/latest-posts\";i:4;s:20:\"core\/latest-comments\";i:5;s:13:\"core\/archives\";i:6;s:15:\"core\/categories\";i:7;s:14:\"core\/paragraph\";i:8;s:10:\"uagb\/image\";i:9;s:11:\"core\/spacer\";i:10;s:30:\"woocommerce\/product-categories\";i:11;s:10:\"core\/image\";i:12;s:14:\"core\/shortcode\";}s:8:\"uag_flag\";b:1;s:11:\"uag_version\";s:10:\"1777094816\";s:6:\"gfonts\";a:0:{}s:10:\"gfonts_url\";s:0:\"\";s:12:\"gfonts_files\";a:0:{}s:14:\"uag_faq_layout\";b:0;}"]},"uagb_featured_image_src":{"full":["https:\/\/www.ferberpainting.com\/wp-content\/uploads\/2025\/06\/Wood-Water-Repellent-5L-.png",2560,2560,false],"thumbnail":["https:\/\/www.ferberpainting.com\/wp-content\/uploads\/2025\/06\/Wood-Water-Repellent-5L--150x150.png",150,150,true],"medium":["https:\/\/www.ferberpainting.com\/wp-content\/uploads\/2025\/06\/Wood-Water-Repellent-5L--300x300.png",300,300,true],"medium_large":["https:\/\/www.ferberpainting.com\/wp-content\/uploads\/2025\/06\/Wood-Water-Repellent-5L--768x768.png",768,768,true],"large":["https:\/\/www.ferberpainting.com\/wp-content\/uploads\/2025\/06\/Wood-Water-Repellent-5L--1024x1024.png",1024,1024,true],"1536x1536":["https:\/\/www.ferberpainting.com\/wp-content\/uploads\/2025\/06\/Wood-Water-Repellent-5L--1536x1536.png",1536,1536,true],"2048x2048":["https:\/\/www.ferberpainting.com\/wp-content\/uploads\/2025\/06\/Wood-Water-Repellent-5L--2048x2048.png",2048,2048,true],"trp-custom-language-flag":["https:\/\/www.ferberpainting.com\/wp-content\/uploads\/2025\/06\/Wood-Water-Repellent-5L--12x12.png",12,12,true],"woocommerce_thumbnail":["https:\/\/www.ferberpainting.com\/wp-content\/uploads\/2025\/06\/Wood-Water-Repellent-5L--300x300.png",300,300,true],"woocommerce_single":["https:\/\/www.ferberpainting.com\/wp-content\/uploads\/2025\/06\/Wood-Water-Repellent-5L--600x600.png",600,600,true],"woocommerce_gallery_thumbnail":["https:\/\/www.ferberpainting.com\/wp-content\/uploads\/2025\/06\/Wood-Water-Repellent-5L--100x100.png",100,100,true]},"uagb_author_info":{"display_name":"admin","author_link":"https:\/\/www.ferberpainting.com\/lt\/author\/"},"uagb_comment_info":11,"uagb_excerpt":"Optimal Protection Against Moisture.\u00a0This wood waterproofer is specially formulated to create a barrier against humidity, mold, and premature degradation of wooden surfaces. Whether it&#8217;s for outdoor furniture, decks, shutters, or any wooden element exposed to the elements, this product ensures long-lasting waterproofing. It acts as a moisture shield, preventing water from penetrating the wood, thereby&hellip;","_links":{"self":[{"href":"https:\/\/www.ferberpainting.com\/lt\/wp-json\/wp\/v2\/product\/25689","targetHints":{"allow":["GET"]}}],"collection":[{"href":"https:\/\/www.ferberpainting.com\/lt\/wp-json\/wp\/v2\/product"}],"about":[{"href":"https:\/\/www.ferberpainting.com\/lt\/wp-json\/wp\/v2\/types\/product"}],"replies":[{"embeddable":true,"href":"https:\/\/www.ferberpainting.com\/lt\/wp-json\/wp\/v2\/comments?post=25689"}],"version-history":[{"count":4,"href":"https:\/\/www.ferberpainting.com\/lt\/wp-json\/wp\/v2\/product\/25689\/revisions"}],"predecessor-version":[{"id":169182,"href":"https:\/\/www.ferberpainting.com\/lt\/wp-json\/wp\/v2\/product\/25689\/revisions\/169182"}],"wp:featuredmedia":[{"embeddable":true,"href":"https:\/\/www.ferberpainting.com\/lt\/wp-json\/wp\/v2\/media\/35756"}],"wp:attachment":[{"href":"https:\/\/www.ferberpainting.com\/lt\/wp-json\/wp\/v2\/media?parent=25689"}],"wp:term":[{"taxonomy":"product_brand","embeddable":true,"href":"https:\/\/www.ferberpainting.com\/lt\/wp-json\/wp\/v2\/product_brand?post=25689"},{"taxonomy":"product_cat","embeddable":true,"href":"https:\/\/www.ferberpainting.com\/lt\/wp-json\/wp\/v2\/product_cat?post=25689"},{"taxonomy":"product_tag","embeddable":true,"href":"https:\/\/www.ferberpainting.com\/lt\/wp-json\/wp\/v2\/product_tag?post=25689"}],"curies":[{"name":"wp","href":"https:\/\/api.w.org\/{rel}","templated":true}]}}