{"id":25669,"date":"2025-05-26T10:33:25","date_gmt":"2025-05-26T08:33:25","guid":{"rendered":"https:\/\/www.ferberpainting.com\/products\/wood-oil-remover\/"},"modified":"2026-02-18T09:57:04","modified_gmt":"2026-02-18T08:57:04","slug":"wood-oil-remover","status":"publish","type":"product","link":"https:\/\/www.ferberpainting.com\/lt\/products\/wood-oil-remover\/","title":{"rendered":"Nuriebalintojas medienai"},"content":{"rendered":"<p><strong><img decoding=\"async\" style=\"margin-right: 12px;\" src=\"https:\/\/www.ferberpainting.com\/wp-content\/uploads\/2026\/02\/Check.svg\" alt=\"\" width=\"18\" height=\"15\" \/>Efektyviai pa\u0161alina alyvos d\u0117mes ir liku\u010dius nuo medini\u0173 pavir\u0161i\u0173.<\/strong> M\u016bs\u0173 med\u017eio alyvos valiklis yra specialiai sukurtas taip, kad prasiskverbt\u0173 giliai \u012f med\u017eio pluo\u0161t\u0105 ir pa\u0161alint\u0173 \u012fsisen\u0117jusias alyvos d\u0117mes, riebal\u0173 \u017eymes ir u\u017eter\u0161tum\u0105, atsiradus\u012f d\u0117l bald\u0173 alyvos, maisto ruo\u0161imo pursl\u0173, automobili\u0173 skys\u010di\u0173 ar prie\u017ei\u016bros priemoni\u0173. Skirtingai nuo pavir\u0161ini\u0173 valikli\u0173, kurie valo tik pavir\u0161i\u0173, \u0161i pa\u017eangi formul\u0117 veikia por\u0117toje medienos strukt\u016broje, kad pa\u0161alint\u0173 ir i\u0161tirpint\u0173 alyvos nuos\u0117das, atkurdama nat\u016brali\u0105 med\u017eiagos i\u0161vaizd\u0105 ir nepa\u017eeisdama jos vientisumo.<\/p>\n<p><strong><img decoding=\"async\" style=\"margin-right: 12px;\" src=\"https:\/\/www.ferberpainting.com\/wp-content\/uploads\/2026\/02\/Check.svg\" alt=\"\" width=\"18\" height=\"15\" \/>Si\u016blome pinig\u0173 gr\u0105\u017einimo garantij\u0105, kad b\u016btum\u0117te visi\u0161kai ram\u016bs.<\/strong> Mes visi\u0161kai garantuojame savo medienos alyvos valiklio veikim\u0105. Jei nesate visi\u0161kai patenkinti rezultatais, gr\u0105\u017einsime pinigus u\u017e pirkin\u012f. \u0160i pinig\u0173 gr\u0105\u017einimo garantija leid\u017eia jums dr\u0105siai naudoti gamin\u012f \u017einant, kad j\u016bs\u0173 investicija yra saugi, o j\u016bs\u0173 pasitenkinimas yra m\u016bs\u0173 prioritetas.<\/p>\n<p><strong><img decoding=\"async\" style=\"margin-right: 12px;\" src=\"https:\/\/www.ferberpainting.com\/wp-content\/uploads\/2026\/02\/Check.svg\" alt=\"\" width=\"18\" height=\"15\" \/>Veiksmingiausias rinkoje esantis medienos alyvos d\u0117mi\u0173 \u0161alinimo tirpalas.<\/strong> M\u016bs\u0173 formul\u0117, kurios sud\u0117tyje yra didelio skvarbumo veikli\u0173j\u0173 med\u017eiag\u0173, sukurta taip, kad suardyt\u0173 net giliai \u012f medien\u0105 \u012fsig\u0117rusias \u012fsisen\u0117jusias aliejines d\u0117mes. Ji veiksmingai veikia ir \u0161vie\u017eias, ir senesnes d\u0117mes, gerokai pranokdama standartines buitines nuriebalinimo priemones. Galingas veikimas u\u017etikrina matomus ir ilgalaikius rezultatus, tod\u0117l tai yra veiksmingiausias aliejumi u\u017eter\u0161t\u0173 medini\u0173 pavir\u0161i\u0173 sprendimas.<\/p>\n<p><strong><img decoding=\"async\" style=\"margin-right: 12px;\" src=\"https:\/\/www.ferberpainting.com\/wp-content\/uploads\/2026\/02\/Check.svg\" alt=\"\" width=\"18\" height=\"15\" \/>Pigiausias profesionalams skirtas riebal\u0173 valiklis.<\/strong> Efektyvus valymas neb\u016btinai turi b\u016bti brangus. Si\u016blome konkurencingiausias kainas, i\u0161laikydami profesionali\u0105 kokyb\u0119. Optimizuodami gamybos ir platinimo procesus, teikiame auk\u0161\u010diausios kokyb\u0117s medienos alyvos valikl\u012f u\u017e ma\u017eiausi\u0105 kain\u0105, palyginti su pana\u0161iais produktais, tod\u0117l u\u017etikriname puiki\u0105 vert\u0119 tiek nam\u0173 savininkams, tiek profesionalams.<\/p>\n<p><strong><img decoding=\"async\" style=\"margin-right: 12px;\" src=\"https:\/\/www.ferberpainting.com\/wp-content\/uploads\/2026\/02\/Check.svg\" alt=\"\" width=\"18\" height=\"15\" \/>Garantuotas pristatymas 24 valandas per par\u0105, kad b\u016bt\u0173 galima nedelsiant imtis veiksm\u0173.<\/strong> Alyvos d\u0117mes reikia kuo grei\u010diau i\u0161valyti, kad jos ne\u012fsiskverbt\u0173 giliau. Tod\u0117l si\u016blome patikim\u0105 pristatym\u0105 24 valandas per par\u0105, u\u017etikrinant\u012f, kad j\u016bs\u0173 med\u017eio alyvos valiklis b\u016bt\u0173 pristatytas greitai ir paruo\u0161tas naudoti nedelsiant. Greitas pristatymas pad\u0117s jums atkurti medinius pavir\u0161ius be reikalo neatid\u0117liojant.<\/p>\n<p><strong><img decoding=\"async\" style=\"margin-right: 12px;\" src=\"https:\/\/www.ferberpainting.com\/wp-content\/uploads\/2026\/02\/Check.svg\" alt=\"\" width=\"18\" height=\"15\" \/>Efektyvus padengimas iki 10 m\u00b2 viename litre, kad b\u016bt\u0173 galima tiksliai planuoti.<\/strong> Priklausomai nuo u\u017eter\u0161tumo lygio ir medienos por\u0117tumo, vienas litras produkto apdoroja iki 10 kvadratini\u0173 metr\u0173. Toks ai\u0161kus padengimo lygis leid\u017eia tiksliai \u012fvertinti med\u017eiagos kiek\u012f ir kontroliuoti i\u0161laidas, kartu u\u017etikrinant pakankam\u0105 padengim\u0105, kad d\u0117m\u0117s b\u016bt\u0173 optimaliai pa\u0161alintos.<\/p>\n<p><strong><img decoding=\"async\" style=\"margin-right: 12px;\" src=\"https:\/\/www.ferberpainting.com\/wp-content\/uploads\/2026\/02\/Check.svg\" alt=\"\" width=\"18\" height=\"15\" \/>Atkuria nat\u016brali\u0105 med\u017eio i\u0161vaizd\u0105 be \u0161iurk\u0161taus \u0161lifavimo.<\/strong> Vietoj agresyvaus \u0161lifavimo ar grandymo alyvos valiklis cheminiu b\u016bdu i\u0161traukia riebalus ir alyv\u0105 i\u0161 pluo\u0161to. Tai suma\u017eina didelio mechaninio poveikio poreik\u012f ir padeda i\u0161saugoti pirmin\u0119 medienos tekst\u016br\u0105 ir strukt\u016br\u0105.<\/p>\n<p><strong><img decoding=\"async\" style=\"margin-right: 12px;\" src=\"https:\/\/www.ferberpainting.com\/wp-content\/uploads\/2026\/02\/Check.svg\" alt=\"\" width=\"18\" height=\"15\" \/>Paruo\u0161ia pavir\u0161ius atnaujinimui ar apdorojimui.<\/strong> Pa\u0161alinus alyv\u0105, medienos pavir\u0161ius tampa \u0161varus ir tinkamas tolesniam apdorojimui, pavyzd\u017eiui, da\u017eymui, lakavimui, sandarinimui ar da\u017eymui. Tinkamas paruo\u0161imas u\u017etikrina geresn\u012f sukibim\u0105 ir ilgiau i\u0161liekan\u010dius apdailos rezultatus.<\/p>\n<p><strong><img decoding=\"async\" style=\"margin-right: 12px;\" src=\"https:\/\/www.ferberpainting.com\/wp-content\/uploads\/2026\/02\/Check.svg\" alt=\"\" width=\"18\" height=\"15\" \/>Tinka \u012fvairi\u0173 r\u016b\u0161i\u0173 medienai ir \u012fvairioms reikm\u0117ms.<\/strong> Produkt\u0105 galima naudoti kietmed\u017eio, spygliuo\u010di\u0173 medienai, paklotams, grindims, baldams, durims ir medin\u0117ms plok\u0161t\u0117ms. Naudojant pagal instrukcijas, jis prisitaiko prie vidaus ir i\u0161or\u0117s medini\u0173 pavir\u0161i\u0173.<\/p>\n<p><strong><img decoding=\"async\" style=\"margin-right: 12px;\" src=\"https:\/\/www.ferberpainting.com\/wp-content\/uploads\/2026\/02\/Check.svg\" alt=\"\" width=\"18\" height=\"15\" \/>Lengva naudoti profesionalams ir \"pasidaryk pats\" naudotojams.<\/strong> Medienos alyvos valikl\u012f galima naudoti \u0161epet\u0117liu arba \u0161luoste, kad b\u016bt\u0173 patogu naudoti. Jo lengvai valoma konsistencija leid\u017eia tikslingai apdoroti d\u0117m\u0117tas vietas, u\u017etikrinant tolyg\u0173 \u012fsiskverbim\u0105 ir veiksming\u0105 valym\u0105.<\/p>\n<h2><strong>Instrukcijos<\/strong><\/h2>\n<ul>\n<li>Prie\u0161 tepdami \u012fsitikinkite, kad medienos pavir\u0161ius yra sausas, ant jo n\u0117ra dulki\u0173 ir \u0161iuk\u0161li\u0173.<\/li>\n<li>Prie\u0161 naudodami produkt\u0105 kruop\u0161\u010diai suplakite arba i\u0161mai\u0161ykite.<\/li>\n<li>\u0160epet\u0117liu arba \u0161luoste gausiai u\u017etepkite med\u017eio alyvos valiklio ant d\u0117mi\u0173 vietos.<\/li>\n<li>Rekomenduojama doz\u0117 yra ma\u017edaug 100 ml vienam kvadratiniam metrui, nes vienas litras apdoroja iki 10 m\u00b2. \u0160iek tiek padidinkite stipriai prisotintiems plotams.<\/li>\n<li>Leiskite produktui \u012fsiskverbti \u012f medienos pluo\u0161tus nuo 15 iki 30 minu\u010di\u0173, priklausomai nuo d\u0117m\u0117s gylio.<\/li>\n<li>Jei d\u0117m\u0117s \u012fsisen\u0117jusios, \u0161velniai nu\u0161veiskite pavir\u0161i\u0173 mink\u0161tu arba vidutinio kietumo \u0161epe\u010diu pagal medienos tekst\u016bros krypt\u012f.<\/li>\n<li>Produkto pertekli\u0173 ir i\u0161tirpusius liku\u010dius nuvalykite \u0161varia sugerian\u010dia \u0161luoste.<\/li>\n<li>Jei reikia, lengvai nuplaukite \u0161variu vandeniu ir leiskite pavir\u0161iui visi\u0161kai i\u0161d\u017ei\u016bti.<\/li>\n<li>Jei d\u0117m\u0117s yra gilios arba senos, kartokite proces\u0105, kol pasieksite norim\u0105 rezultat\u0105.<\/li>\n<li>Visi\u0161kai i\u0161d\u017ei\u016bvus, jei reikia, lengvai nu\u0161lifuokite, kad pavir\u0161ius b\u016bt\u0173 lygus, ir tik tada naudokite bet kok\u012f apdailos produkt\u0105.<\/li>\n<li>Po naudojimo \u012frankius valykite i\u0161 karto pagal gaminio rekomendacijas.<\/li>\n<li>Sandariai u\u017edaryt\u0105 talpykl\u0105 laikykite v\u0117sioje, sausoje vietoje, apsaugotoje nuo \u0161al\u010dio ir tiesiogini\u0173 saul\u0117s spinduli\u0173.<\/li>\n<li>Laikykite vaikams nepasiekiamoje vietoje ir laikykit\u0117s standartini\u0173 saugos priemoni\u0173, kai su juo dirbate ir j\u012f naudojate.<\/li>\n<\/ul>","protected":false},"excerpt":{"rendered":"<p>Effectively remove oil stains and residues from wood surfaces. Our wood oil remover is specially formulated to penetrate deep into wooden fibers and extract embedded oil stains, grease marks, and contamination caused by furniture oils, cooking splashes, automotive fluids, or maintenance products. Unlike superficial cleaners that only treat the surface, this advanced formula works within [&hellip;]<\/p>\n","protected":false},"featured_media":27468,"comment_status":"open","ping_status":"closed","template":"","meta":{"_uag_custom_page_level_css":"","site-sidebar-layout":"default","site-content-layout":"","ast-site-content-layout":"default","site-content-style":"default","site-sidebar-style":"default","ast-global-header-display":"","ast-banner-title-visibility":"","ast-main-header-display":"","ast-hfb-above-header-display":"","ast-hfb-below-header-display":"","ast-hfb-mobile-header-display":"","site-post-title":"","ast-breadcrumbs-content":"","ast-featured-img":"","footer-sml-layout":"","ast-disable-related-posts":"","theme-transparent-header-meta":"default","adv-header-id-meta":"","stick-header-meta":"","header-above-stick-meta":"","header-main-stick-meta":"","header-below-stick-meta":"","astra-migrate-meta-layouts":"set","ast-page-background-enabled":"default","ast-page-background-meta":{"desktop":{"background-color":"var(--ast-global-color-4)","background-image":"","background-repeat":"repeat","background-position":"center center","background-size":"auto","background-attachment":"scroll","background-type":"","background-media":"","overlay-type":"","overlay-color":"","overlay-opacity":"","overlay-gradient":""},"tablet":{"background-color":"","background-image":"","background-repeat":"repeat","background-position":"center center","background-size":"auto","background-attachment":"scroll","background-type":"","background-media":"","overlay-type":"","overlay-color":"","overlay-opacity":"","overlay-gradient":""},"mobile":{"background-color":"","background-image":"","background-repeat":"repeat","background-position":"center center","background-size":"auto","background-attachment":"scroll","background-type":"","background-media":"","overlay-type":"","overlay-color":"","overlay-opacity":"","overlay-gradient":""}},"ast-content-background-meta":{"desktop":{"background-color":"var(--ast-global-color-5)","background-image":"","background-repeat":"repeat","background-position":"center center","background-size":"auto","background-attachment":"scroll","background-type":"","background-media":"","overlay-type":"","overlay-color":"","overlay-opacity":"","overlay-gradient":""},"tablet":{"background-color":"var(--ast-global-color-5)","background-image":"","background-repeat":"repeat","background-position":"center center","background-size":"auto","background-attachment":"scroll","background-type":"","background-media":"","overlay-type":"","overlay-color":"","overlay-opacity":"","overlay-gradient":""},"mobile":{"background-color":"var(--ast-global-color-5)","background-image":"","background-repeat":"repeat","background-position":"center center","background-size":"auto","background-attachment":"scroll","background-type":"","background-media":"","overlay-type":"","overlay-color":"","overlay-opacity":"","overlay-gradient":""}}},"product_brand":[],"product_cat":[175,193],"product_tag":[],"class_list":{"0":"post-25669","1":"product","2":"type-product","3":"status-publish","4":"has-post-thumbnail","6":"product_cat-cleaning-products","7":"product_cat-wood-treatment","8":"desktop-align-left","9":"tablet-align-left","10":"mobile-align-left","12":"first","13":"instock","14":"sale","15":"shipping-taxable","16":"purchasable","17":"product-type-variable","18":"has-default-attributes"},"spectra_custom_meta":{"_visibility":["visible"],"_shopify_product_id":["8050147983605"],"_s2w_shopify_domain":["ferberpainting.myshopify.com"],"_shopify_variant_id":["43843146580213"],"_sku":[""],"_manage_stock":["no"],"total_sales":["10"],"_tax_status":["taxable"],"_tax_class":[""],"_backorders":["no"],"_sold_individually":["no"],"_virtual":["no"],"_downloadable":["no"],"_download_limit":["-1"],"_download_expiry":["-1"],"_stock":[null],"_stock_status":["instock"],"_wc_average_rating":["4.98"],"_wc_review_count":["66"],"_product_attributes":["a:1:{s:6:\"volume\";a:6:{s:4:\"name\";s:6:\"Volume\";s:5:\"value\";s:20:\"5 liters | 25 liters\";s:8:\"position\";i:1;s:10:\"is_visible\";i:0;s:12:\"is_variation\";i:1;s:11:\"is_taxonomy\";i:0;}}"],"_product_version":["10.5.2"],"_thumbnail_id":["27468"],"_price":["29.90","129.90"],"_product_image_gallery":["27469"],"_edit_lock":["1771404887:1"],"merchant-center-availability":["yes"],"merchant-center-category":["2277"],"merchant-center-id":["DSHB5L"],"wpse_downloadable_file_names":[""],"wpse_downloadable_file_urls":[""],"_edit_last":["1"],"_default_attributes":["a:1:{s:6:\"volume\";s:8:\"5 liters\";}"],"_wc_rating_count":["a:2:{i:4;i:1;i:5;i:65;}"],"_wp_page_template":["default"],"site-sidebar-layout":["default"],"ast-site-content-layout":["default"],"site-content-style":["default"],"site-sidebar-style":["default"],"theme-transparent-header-meta":["default"],"astra-migrate-meta-layouts":["set"],"_uag_css_file_name":["uag-css-25669.css"],"_elementor_page_assets":["a:0:{}"]},"uagb_featured_image_src":{"full":["https:\/\/www.ferberpainting.com\/wp-content\/uploads\/2025\/05\/Deshuileurbois5L.jpg",2560,2560,false],"thumbnail":["https:\/\/www.ferberpainting.com\/wp-content\/uploads\/2025\/05\/Deshuileurbois5L-150x150.jpg",150,150,true],"medium":["https:\/\/www.ferberpainting.com\/wp-content\/uploads\/2025\/05\/Deshuileurbois5L-300x300.jpg",300,300,true],"medium_large":["https:\/\/www.ferberpainting.com\/wp-content\/uploads\/2025\/05\/Deshuileurbois5L-768x768.jpg",768,768,true],"large":["https:\/\/www.ferberpainting.com\/wp-content\/uploads\/2025\/05\/Deshuileurbois5L-1024x1024.jpg",1024,1024,true],"1536x1536":["https:\/\/www.ferberpainting.com\/wp-content\/uploads\/2025\/05\/Deshuileurbois5L-1536x1536.jpg",1536,1536,true],"2048x2048":["https:\/\/www.ferberpainting.com\/wp-content\/uploads\/2025\/05\/Deshuileurbois5L-2048x2048.jpg",2048,2048,true],"trp-custom-language-flag":["https:\/\/www.ferberpainting.com\/wp-content\/uploads\/2025\/05\/Deshuileurbois5L-12x12.jpg",12,12,true],"woocommerce_thumbnail":["https:\/\/www.ferberpainting.com\/wp-content\/uploads\/2025\/05\/Deshuileurbois5L-300x300.jpg",300,300,true],"woocommerce_single":["https:\/\/www.ferberpainting.com\/wp-content\/uploads\/2025\/05\/Deshuileurbois5L-600x600.jpg",600,600,true],"woocommerce_gallery_thumbnail":["https:\/\/www.ferberpainting.com\/wp-content\/uploads\/2025\/05\/Deshuileurbois5L-100x100.jpg",100,100,true]},"uagb_author_info":{"display_name":"admin","author_link":"https:\/\/www.ferberpainting.com\/lt\/author\/"},"uagb_comment_info":66,"uagb_excerpt":"Effectively remove oil stains and residues from wood surfaces. Our wood oil remover is specially formulated to penetrate deep into wooden fibers and extract embedded oil stains, grease marks, and contamination caused by furniture oils, cooking splashes, automotive fluids, or maintenance products. Unlike superficial cleaners that only treat the surface, this advanced formula works within&hellip;","_links":{"self":[{"href":"https:\/\/www.ferberpainting.com\/lt\/wp-json\/wp\/v2\/product\/25669","targetHints":{"allow":["GET"]}}],"collection":[{"href":"https:\/\/www.ferberpainting.com\/lt\/wp-json\/wp\/v2\/product"}],"about":[{"href":"https:\/\/www.ferberpainting.com\/lt\/wp-json\/wp\/v2\/types\/product"}],"replies":[{"embeddable":true,"href":"https:\/\/www.ferberpainting.com\/lt\/wp-json\/wp\/v2\/comments?post=25669"}],"version-history":[{"count":3,"href":"https:\/\/www.ferberpainting.com\/lt\/wp-json\/wp\/v2\/product\/25669\/revisions"}],"predecessor-version":[{"id":169160,"href":"https:\/\/www.ferberpainting.com\/lt\/wp-json\/wp\/v2\/product\/25669\/revisions\/169160"}],"wp:featuredmedia":[{"embeddable":true,"href":"https:\/\/www.ferberpainting.com\/lt\/wp-json\/wp\/v2\/media\/27468"}],"wp:attachment":[{"href":"https:\/\/www.ferberpainting.com\/lt\/wp-json\/wp\/v2\/media?parent=25669"}],"wp:term":[{"taxonomy":"product_brand","embeddable":true,"href":"https:\/\/www.ferberpainting.com\/lt\/wp-json\/wp\/v2\/product_brand?post=25669"},{"taxonomy":"product_cat","embeddable":true,"href":"https:\/\/www.ferberpainting.com\/lt\/wp-json\/wp\/v2\/product_cat?post=25669"},{"taxonomy":"product_tag","embeddable":true,"href":"https:\/\/www.ferberpainting.com\/lt\/wp-json\/wp\/v2\/product_tag?post=25669"}],"curies":[{"name":"wp","href":"https:\/\/api.w.org\/{rel}","templated":true}]}}