{"id":25627,"date":"2025-06-30T18:39:01","date_gmt":"2025-06-30T16:39:01","guid":{"rendered":"https:\/\/www.ferberpainting.com\/?post_type=product&#038;p=25627"},"modified":"2026-02-16T14:21:02","modified_gmt":"2026-02-16T13:21:02","slug":"tile-cleaner","status":"publish","type":"product","link":"https:\/\/www.ferberpainting.com\/lt\/products\/tile-cleaner\/","title":{"rendered":"Vinilini\u0173 plok\u0161teli\u0173 valiklis"},"content":{"rendered":"<p><strong><img decoding=\"async\" style=\"margin-right: 12px;\" src=\"https:\/\/www.ferberpainting.com\/wp-content\/uploads\/2026\/02\/Check.svg\" alt=\"\" width=\"18\" height=\"15\" \/>Optimalus veiksmingumas.<\/strong>\u00a0\u0160is vinilini\u0173 plok\u0161teli\u0173 valiklis specialiai sukurtas taip, kad veiksmingai pa\u0161alint\u0173 dulkes, riebal\u0173 liku\u010dius, pir\u0161t\u0173 antspaudus ir mikroskopines daleles, bloginan\u010dias garso kokyb\u0119. D\u0117l pa\u017eangios formul\u0117s jis giliai \u012fsiskverbia \u012f vinilo griovelius ir i\u0161tirpina ne\u0161varumus nepa\u017eeisdamas pavir\u0161iaus. Jis \u017eymiai suma\u017eina tra\u0161k\u0117jim\u0105, garso triuk\u0161m\u0105 ir statin\u0119 elektr\u0105, u\u017etikrindamas \u0161varesn\u012f ir i\u0161tikimesn\u012f klausym\u0105si.<\/p>\n<p><strong><img decoding=\"async\" style=\"margin-right: 12px;\" src=\"https:\/\/www.ferberpainting.com\/wp-content\/uploads\/2026\/02\/Check.svg\" alt=\"\" width=\"18\" height=\"15\" \/>Pinig\u0173 gr\u0105\u017einimo garantija.<\/strong>\u00a0Mes visi\u0161kai pasitikime savo valymo priemon\u0117s veiksmingumu. Jei rezultatai j\u016bs\u0173 visi\u0161kai netenkina, galite atgauti visus sumok\u0117tus pinigus. I\u0161bandykite m\u016bs\u0173 gamin\u012f be rizikos ir atkurkite pirmin\u012f vinilo blizges\u012f, naudodami gilumin\u012f valym\u0105.<\/p>\n<p><strong><img decoding=\"async\" style=\"margin-right: 12px;\" src=\"https:\/\/www.ferberpainting.com\/wp-content\/uploads\/2026\/02\/Check.svg\" alt=\"\" width=\"18\" height=\"15\" \/>I\u0161skirtinis universalumas.<\/strong>\u00a0\u0160is valiklis skirtas ne tik vinilin\u0117ms plok\u0161tel\u0117ms! Jis taip pat puikiai tinka valyti CD, DVD, \"Blu-ray\" diskus ir kitus subtilius pavir\u0161ius, kuriems reikia kruop\u0161\u010dios prie\u017ei\u016bros, pvz., stiklinius ekranus, fotoaparat\u0173 l\u0119\u0161ius ir optinius komponentus. Jis veikia 33, 45 ir 78 aps\/min. \u012fra\u0161us, tod\u0117l puikiai tinka tiek \u0161iuolaikin\u0117ms, tiek senovin\u0117ms kolekcijoms.<\/p>\n<p><strong><img decoding=\"async\" style=\"margin-right: 12px;\" src=\"https:\/\/www.ferberpainting.com\/wp-content\/uploads\/2026\/02\/Check.svg\" alt=\"\" width=\"18\" height=\"15\" \/>Ekonominis efektyvumas.<\/strong>\u00a0D\u0117l 5 litr\u0173 talpos indo ir itin veiksmingos formul\u0117s \u0161is valiklis pasi\u017eymi puikiu na\u0161umu. Nedidelio kiekio pakanka de\u0161imtims plok\u0161teli\u0173 i\u0161valyti nepakenkiant garso kokybei. Vidutini\u0161kai vienas litras i\u0161valo iki 500 vinilini\u0173 plok\u0161teli\u0173, tod\u0117l tai ekonomi\u0161kas sprendimas audiofilams ir kolekcininkams.<\/p>\n<p><strong><img decoding=\"async\" style=\"margin-right: 12px;\" src=\"https:\/\/www.ferberpainting.com\/wp-content\/uploads\/2026\/02\/Check.svg\" alt=\"\" width=\"18\" height=\"15\" \/>Saugu naudoti.<\/strong>\u00a0Skirtingai nuo \u0161iurk\u0161\u010di\u0173 valikli\u0173, kuri\u0173 sud\u0117tyje yra alkoholio ar tirpikli\u0173, galin\u010di\u0173 pa\u017eeisti griovelius, \u0161is produktas yra \u0161velnus ir saugus. Jis nepalieka chemini\u0173 med\u017eiag\u0173 liku\u010di\u0173, nesukelia disko mati\u0161kumo ir nekenkia jautrioms med\u017eiagoms, pavyzd\u017eiui, plastikin\u0117ms \u012fmaut\u0117ms ar centrin\u0117ms etiket\u0117ms. Jo sud\u0117tyje n\u0117ra korozini\u0173 med\u017eiag\u0173 ir jis visi\u0161kai nepa\u017eeid\u017eia vinilo strukt\u016bros.<\/p>\n<p><strong><img decoding=\"async\" style=\"margin-right: 12px;\" src=\"https:\/\/www.ferberpainting.com\/wp-content\/uploads\/2026\/02\/Check.svg\" alt=\"\" width=\"18\" height=\"15\" \/>Lengva naudoti.<\/strong>\u00a0\u0160is produktas yra paruo\u0161tas naudoti, jo nereikia skiesti ar atlikti sud\u0117ting\u0173 veiksm\u0173. J\u012f galima tepti tiesiai ant disko naudojant mink\u0161t\u0105 mikropluo\u0161to \u0161luost\u0119, antistatin\u012f \u0161epet\u0117l\u012f arba special\u0173 aplikatori\u0173. Jis u\u017etikrina greit\u0105 ir veiksming\u0105 valym\u0105 vos keliais paprastais judesiais, nereikia specialios \u012frangos.<\/p>\n<p><strong><img decoding=\"async\" style=\"margin-right: 12px;\" src=\"https:\/\/www.ferberpainting.com\/wp-content\/uploads\/2026\/02\/Check.svg\" alt=\"\" width=\"18\" height=\"15\" \/>Ilgalaikis patvarumas.<\/strong>\u00a0Pa\u0161alindamas priemai\u0161as, sukelian\u010dias sprags\u0117jim\u0105 ir garso i\u0161kraipymus, \u0161is valiklis prailgina vinilini\u0173 plok\u0161teli\u0173 ir ra\u0161iklio antgali\u0173 tarnavimo laik\u0105. Jis apsaugo nuo ankstyvo nusid\u0117v\u0117jimo ir i\u0161saugo j\u016bs\u0173 vertingas kolekcijas optimalios b\u016bkl\u0117s. Reguliariai naudojant i\u0161laikoma nepriekai\u0161tinga garso kokyb\u0117 ir i\u0161vengiama grioveli\u0173 susidarymo.<\/p>\n<p><strong><img decoding=\"async\" style=\"margin-right: 12px;\" src=\"https:\/\/www.ferberpainting.com\/wp-content\/uploads\/2026\/02\/Check.svg\" alt=\"\" width=\"18\" height=\"15\" \/>Greitas veiksmas.<\/strong>\u00a0D\u0117l itin reaktyvios formul\u0117s \u0161is valiklis akimirksniu veikia ne\u0161varumus ir pavir\u0161iaus nuos\u0117das. Vos per kelias sekundes jis i\u0161tirpina ne\u0161varumus ir juos pa\u0161alina be joki\u0173 pastang\u0173, be ilg\u0173 valymo proced\u016br\u0173. Jis greitai i\u0161d\u017ei\u016bsta nepalikdamas dry\u017ei\u0173 ar liku\u010di\u0173, tod\u0117l po valymo galima i\u0161 karto v\u0117l naudoti vinil\u0105.<\/p>\n<h2><strong>Naudojimo instrukcijos<\/strong><\/h2>\n<ul>\n<li><strong>Paruo\u0161imas <\/strong>: Prie\u0161 naudodami valikl\u012f, laikykite vinil\u0105 u\u017e kra\u0161t\u0173, kad ant jo nelikt\u0173 pir\u0161t\u0173 atspaud\u0173 ar riebal\u0173.<\/li>\n<li><strong>Rankinis taikymas <\/strong>: \u012epilkite nedidel\u012f kiek\u012f valiklio ant \u0161varios mikropluo\u0161to \u0161luost\u0117s arba antistatinio \u0161epet\u0117lio. \u0160velniai tepkite sukamaisiais judesiais pagal griovelius.<\/li>\n<li><strong>Naudojimas su valymo ma\u0161ina <\/strong>: \u012epilkite valiklio \u012f ma\u0161inos d\u0117kl\u0105, panardinkite disk\u0105 ir paleiskite valymo cikl\u0105.<\/li>\n<li><strong>Liku\u010di\u0173 \u0161alinimas <\/strong>: Nuvalykite \u0161varia, sausa \u0161luoste, kad pa\u0161alintum\u0117te produkto pertekli\u0173 ir u\u017etikrintum\u0117te visi\u0161kai \u0161var\u0173 atk\u016brimo pavir\u0161i\u0173.<\/li>\n<li><strong>D\u017eiovinimas ir apdaila <\/strong>: Leiskite d\u017ei\u016bti nat\u016braliai kelias sekundes arba pagreitinkite proces\u0105 \u0161velniu oro p\u016bstuvu.<\/li>\n<li><strong>Naudojimo da\u017enumas <\/strong>: Prie\u0161 kiekvien\u0105 pirm\u0105j\u012f atk\u016brim\u0105 i\u0161valykite ir reguliariai atlikite technin\u0119 prie\u017ei\u016br\u0105, kad grioveliuose nesikaupt\u0173 dulki\u0173 ir ne\u0161varum\u0173.<\/li>\n<li><strong>Saugykla <\/strong>: Panaudoj\u0119 sandariai u\u017edarykite talpykl\u0105 ir laikykite v\u0117sioje, sausoje, apsaugotoje nuo \u0161viesos ir ekstremalios temperat\u016bros vietoje, kad i\u0161saugotum\u0117te ilgalaik\u012f veiksmingum\u0105.<\/li>\n<\/ul>\n<p>Naudodami m\u016bs\u0173 vinilini\u0173 plok\u0161teli\u0173 valytuv\u0105 m\u0117gaukit\u0117s tyru garsu ir be vargo i\u0161saugokite verting\u0105 kolekcij\u0105. Tai b\u016btinas produktas audiofilams, kolekcininkams ir vinilini\u0173 plok\u0161teli\u0173 m\u0117g\u0117jams, kuriems r\u016bpi garso kokyb\u0117 ir \u012fra\u0161\u0173 ilgaam\u017ei\u0161kumas.<\/p>","protected":false},"excerpt":{"rendered":"<p>Optimal Effectiveness.\u00a0This vinyl record cleaner is specially formulated to efficiently remove dust, grease residues, fingerprints, and microscopic particles that impair sound quality. Thanks to its advanced formula, it penetrates deeply into the grooves of the vinyl to dissolve impurities without damaging the surface. It significantly reduces crackling, audio noise, and static electricity, ensuring a cleaner [&hellip;]<\/p>\n","protected":false},"featured_media":35812,"comment_status":"open","ping_status":"closed","template":"","meta":{"_uag_custom_page_level_css":"","site-sidebar-layout":"default","site-content-layout":"","ast-site-content-layout":"default","site-content-style":"default","site-sidebar-style":"default","ast-global-header-display":"","ast-banner-title-visibility":"","ast-main-header-display":"","ast-hfb-above-header-display":"","ast-hfb-below-header-display":"","ast-hfb-mobile-header-display":"","site-post-title":"","ast-breadcrumbs-content":"","ast-featured-img":"","footer-sml-layout":"","ast-disable-related-posts":"","theme-transparent-header-meta":"default","adv-header-id-meta":"","stick-header-meta":"","header-above-stick-meta":"","header-main-stick-meta":"","header-below-stick-meta":"","astra-migrate-meta-layouts":"set","ast-page-background-enabled":"default","ast-page-background-meta":{"desktop":{"background-color":"var(--ast-global-color-4)","background-image":"","background-repeat":"repeat","background-position":"center center","background-size":"auto","background-attachment":"scroll","background-type":"","background-media":"","overlay-type":"","overlay-color":"","overlay-opacity":"","overlay-gradient":""},"tablet":{"background-color":"","background-image":"","background-repeat":"repeat","background-position":"center center","background-size":"auto","background-attachment":"scroll","background-type":"","background-media":"","overlay-type":"","overlay-color":"","overlay-opacity":"","overlay-gradient":""},"mobile":{"background-color":"","background-image":"","background-repeat":"repeat","background-position":"center center","background-size":"auto","background-attachment":"scroll","background-type":"","background-media":"","overlay-type":"","overlay-color":"","overlay-opacity":"","overlay-gradient":""}},"ast-content-background-meta":{"desktop":{"background-color":"var(--ast-global-color-5)","background-image":"","background-repeat":"repeat","background-position":"center center","background-size":"auto","background-attachment":"scroll","background-type":"","background-media":"","overlay-type":"","overlay-color":"","overlay-opacity":"","overlay-gradient":""},"tablet":{"background-color":"var(--ast-global-color-5)","background-image":"","background-repeat":"repeat","background-position":"center center","background-size":"auto","background-attachment":"scroll","background-type":"","background-media":"","overlay-type":"","overlay-color":"","overlay-opacity":"","overlay-gradient":""},"mobile":{"background-color":"var(--ast-global-color-5)","background-image":"","background-repeat":"repeat","background-position":"center center","background-size":"auto","background-attachment":"scroll","background-type":"","background-media":"","overlay-type":"","overlay-color":"","overlay-opacity":"","overlay-gradient":""}}},"product_brand":[],"product_cat":[175],"product_tag":[],"class_list":{"0":"post-25627","1":"product","2":"type-product","3":"status-publish","4":"has-post-thumbnail","6":"product_cat-cleaning-products","7":"desktop-align-left","8":"tablet-align-left","9":"mobile-align-left","11":"first","12":"instock","13":"sale","14":"taxable","15":"shipping-taxable","16":"purchasable","17":"product-type-variable","18":"has-default-attributes"},"spectra_custom_meta":{"_visibility":["visible"],"_shopify_product_id":["9102335934709"],"_s2w_shopify_domain":["ferberpainting.myshopify.com"],"_shopify_variant_id":["46616003608821"],"_sku":[""],"_manage_stock":["no"],"total_sales":["169"],"_tax_status":["taxable"],"_tax_class":[""],"_backorders":["no"],"_sold_individually":["no"],"_virtual":["no"],"_downloadable":["no"],"_download_limit":["-1"],"_download_expiry":["-1"],"_stock":[null],"_stock_status":["instock"],"_wc_average_rating":["5.00"],"_wc_review_count":["10"],"_product_attributes":["a:1:{s:6:\"volume\";a:6:{s:4:\"name\";s:6:\"Volume\";s:5:\"value\";s:20:\"5 liters | 25 liters\";s:8:\"position\";i:1;s:10:\"is_visible\";i:0;s:12:\"is_variation\";i:1;s:11:\"is_taxonomy\";i:0;}}"],"_product_version":["10.5.1"],"wpse_downloadable_file_names":[""],"wpse_downloadable_file_urls":[""],"_edit_last":["1"],"_default_attributes":["a:1:{s:6:\"volume\";s:8:\"5 liters\";}"],"_edit_lock":["1771333188:1"],"merchant-center-availability":["yes"],"merchant-center-category":["4973"],"_thumbnail_id":["35812"],"_wp_page_template":["default"],"_wp_old_date":["2025-05-26"],"_product_image_gallery":["35813"],"site-sidebar-layout":["default"],"ast-site-content-layout":["default"],"site-content-style":["default"],"site-sidebar-style":["default"],"theme-transparent-header-meta":["default"],"_wc_rating_count":["a:1:{i:5;i:10;}"],"_price":["29.90","129.90"],"astra-migrate-meta-layouts":["set"],"_uag_css_file_name":["uag-css-25627.css"],"_elementor_page_assets":["a:0:{}"],"_uag_page_assets":["a:9:{s:3:\"css\";s:7133:\".uag-blocks-common-selector{z-index:var(--z-index-desktop) !important}@media(max-width: 976px){.uag-blocks-common-selector{z-index:var(--z-index-tablet) !important}}@media(max-width: 767px){.uag-blocks-common-selector{z-index:var(--z-index-mobile) !important}}.wp-block-uagb-image{display:flex}.wp-block-uagb-image__figure{position:relative;display:flex;flex-direction:column;max-width:100%;height:auto;margin:0}.wp-block-uagb-image__figure img{height:auto;display:flex;max-width:100%;transition:box-shadow .2s ease}.wp-block-uagb-image__figure>a{display:inline-block}.wp-block-uagb-image__figure figcaption{text-align:center;margin-top:.5em;margin-bottom:1em}.wp-block-uagb-image .components-placeholder.block-editor-media-placeholder .components-placeholder__instructions{align-self:center}.wp-block-uagb-image--align-left{text-align:left}.wp-block-uagb-image--align-right{text-align:right}.wp-block-uagb-image--align-center{text-align:center}.wp-block-uagb-image--align-full .wp-block-uagb-image__figure{margin-left:calc(50% - 50vw);margin-right:calc(50% - 50vw);max-width:100vw;width:100vw;height:auto}.wp-block-uagb-image--align-full .wp-block-uagb-image__figure img{height:auto;width:100% !important}.wp-block-uagb-image--align-wide .wp-block-uagb-image__figure img{height:auto;width:100%}.wp-block-uagb-image--layout-overlay__color-wrapper{position:absolute;left:0;top:0;right:0;bottom:0;opacity:.2;background:rgba(0,0,0,.5);transition:opacity .35s ease-in-out}.wp-block-uagb-image--layout-overlay-link{position:absolute;left:0;right:0;bottom:0;top:0}.wp-block-uagb-image--layout-overlay .wp-block-uagb-image__figure:hover .wp-block-uagb-image--layout-overlay__color-wrapper{opacity:1}.wp-block-uagb-image--layout-overlay__inner{position:absolute;left:15px;right:15px;bottom:15px;top:15px;display:flex;align-items:center;justify-content:center;flex-direction:column;border-color:#fff;transition:.35s ease-in-out}.wp-block-uagb-image--layout-overlay__inner.top-left,.wp-block-uagb-image--layout-overlay__inner.top-center,.wp-block-uagb-image--layout-overlay__inner.top-right{justify-content:flex-start}.wp-block-uagb-image--layout-overlay__inner.bottom-left,.wp-block-uagb-image--layout-overlay__inner.bottom-center,.wp-block-uagb-image--layout-overlay__inner.bottom-right{justify-content:flex-end}.wp-block-uagb-image--layout-overlay__inner.top-left,.wp-block-uagb-image--layout-overlay__inner.center-left,.wp-block-uagb-image--layout-overlay__inner.bottom-left{align-items:flex-start}.wp-block-uagb-image--layout-overlay__inner.top-right,.wp-block-uagb-image--layout-overlay__inner.center-right,.wp-block-uagb-image--layout-overlay__inner.bottom-right{align-items:flex-end}.wp-block-uagb-image--layout-overlay__inner .uagb-image-heading{color:#fff;transition:transform .35s,opacity .35s ease-in-out;transform:translate3d(0, 24px, 0);margin:0;line-height:1em}.wp-block-uagb-image--layout-overlay__inner .uagb-image-separator{width:30%;border-top-width:2px;border-top-color:#fff;border-top-style:solid;margin-bottom:10px;opacity:0;transition:transform .4s,opacity .4s ease-in-out;transform:translate3d(0, 30px, 0)}.wp-block-uagb-image--layout-overlay__inner .uagb-image-caption{opacity:0;overflow:visible;color:#fff;transition:transform .45s,opacity .45s ease-in-out;transform:translate3d(0, 35px, 0)}.wp-block-uagb-image--layout-overlay__inner:hover .uagb-image-heading,.wp-block-uagb-image--layout-overlay__inner:hover .uagb-image-separator,.wp-block-uagb-image--layout-overlay__inner:hover .uagb-image-caption{opacity:1;transform:translate3d(0, 0, 0)}.wp-block-uagb-image--effect-zoomin .wp-block-uagb-image__figure img,.wp-block-uagb-image--effect-zoomin .wp-block-uagb-image__figure .wp-block-uagb-image--layout-overlay__color-wrapper{transform:scale(1);transition:transform .35s ease-in-out}.wp-block-uagb-image--effect-zoomin .wp-block-uagb-image__figure:hover img,.wp-block-uagb-image--effect-zoomin .wp-block-uagb-image__figure:hover .wp-block-uagb-image--layout-overlay__color-wrapper{transform:scale(1.05)}.wp-block-uagb-image--effect-slide .wp-block-uagb-image__figure img,.wp-block-uagb-image--effect-slide .wp-block-uagb-image__figure .wp-block-uagb-image--layout-overlay__color-wrapper{width:calc(100% + 40px) !important;max-width:none !important;transform:translate3d(-40px, 0, 0);transition:transform .35s ease-in-out}.wp-block-uagb-image--effect-slide .wp-block-uagb-image__figure:hover img,.wp-block-uagb-image--effect-slide .wp-block-uagb-image__figure:hover .wp-block-uagb-image--layout-overlay__color-wrapper{transform:translate3d(0, 0, 0)}.wp-block-uagb-image--effect-grayscale img{filter:grayscale(0%);transition:.35s ease-in-out}.wp-block-uagb-image--effect-grayscale:hover img{filter:grayscale(100%)}.wp-block-uagb-image--effect-blur img{filter:blur(0);transition:.35s ease-in-out}.wp-block-uagb-image--effect-blur:hover img{filter:blur(3px)}.uagb-block-e6f939b3.wp-block-uagb-image--layout-default figure img{box-shadow: 0px 0px 0 #00000070;}.uagb-block-e6f939b3.wp-block-uagb-image .wp-block-uagb-image__figure figcaption{font-style: normal;align-self: center;}.uagb-block-e6f939b3.wp-block-uagb-image--layout-overlay figure img{box-shadow: 0px 0px 0 #00000070;}.uagb-block-e6f939b3.wp-block-uagb-image--layout-overlay .wp-block-uagb-image--layout-overlay__color-wrapper{opacity: 0.2;}.uagb-block-e6f939b3.wp-block-uagb-image--layout-overlay .wp-block-uagb-image--layout-overlay__inner{left: 15px;right: 15px;top: 15px;bottom: 15px;}.uagb-block-e6f939b3.wp-block-uagb-image--layout-overlay .wp-block-uagb-image--layout-overlay__inner .uagb-image-heading{font-style: normal;color: #fff;opacity: 1;}.uagb-block-e6f939b3.wp-block-uagb-image--layout-overlay .wp-block-uagb-image--layout-overlay__inner .uagb-image-heading a{color: #fff;}.uagb-block-e6f939b3.wp-block-uagb-image--layout-overlay .wp-block-uagb-image--layout-overlay__inner .uagb-image-caption{opacity: 0;}.uagb-block-e6f939b3.wp-block-uagb-image--layout-overlay .wp-block-uagb-image__figure:hover .wp-block-uagb-image--layout-overlay__color-wrapper{opacity: 1;}.uagb-block-e6f939b3.wp-block-uagb-image .wp-block-uagb-image--layout-overlay__inner .uagb-image-separator{width: 30%;border-top-width: 2px;border-top-color: #fff;opacity: 0;}.uagb-block-e6f939b3.wp-block-uagb-image .wp-block-uagb-image__figure img{width: px;height: auto;}.uagb-block-e6f939b3.wp-block-uagb-image .wp-block-uagb-image__figure:hover .wp-block-uagb-image--layout-overlay__inner .uagb-image-caption{opacity: 1;}.uagb-block-e6f939b3.wp-block-uagb-image .wp-block-uagb-image__figure:hover .wp-block-uagb-image--layout-overlay__inner .uagb-image-separator{opacity: 1;}.uagb-block-e6f939b3.wp-block-uagb-image--layout-default figure:hover img{box-shadow: 0px 0px 0 #00000070;}.uagb-block-e6f939b3.wp-block-uagb-image--layout-overlay figure:hover img{box-shadow: 0px 0px 0 #00000070;}@media only screen and (max-width: 976px) {.uagb-block-e6f939b3.wp-block-uagb-image .wp-block-uagb-image__figure img{width: px;height: auto;}}@media only screen and (max-width: 767px) {.uagb-block-e6f939b3.wp-block-uagb-image .wp-block-uagb-image__figure img{width: px;height: auto;}}\";s:2:\"js\";s:0:\"\";s:18:\"current_block_list\";a:13:{i:0;s:11:\"core\/search\";i:1;s:10:\"core\/group\";i:2;s:12:\"core\/heading\";i:3;s:17:\"core\/latest-posts\";i:4;s:20:\"core\/latest-comments\";i:5;s:13:\"core\/archives\";i:6;s:15:\"core\/categories\";i:7;s:14:\"core\/paragraph\";i:8;s:10:\"uagb\/image\";i:9;s:11:\"core\/spacer\";i:10;s:30:\"woocommerce\/product-categories\";i:11;s:10:\"core\/image\";i:12;s:14:\"core\/shortcode\";}s:8:\"uag_flag\";b:1;s:11:\"uag_version\";s:10:\"1777196039\";s:6:\"gfonts\";a:0:{}s:10:\"gfonts_url\";s:0:\"\";s:12:\"gfonts_files\";a:0:{}s:14:\"uag_faq_layout\";b:0;}"]},"uagb_featured_image_src":{"full":["https:\/\/www.ferberpainting.com\/wp-content\/uploads\/2025\/05\/Vinyl-Record-Cleaner-5L-Mockup-.png",2560,2560,false],"thumbnail":["https:\/\/www.ferberpainting.com\/wp-content\/uploads\/2025\/05\/Vinyl-Record-Cleaner-5L-Mockup--150x150.png",150,150,true],"medium":["https:\/\/www.ferberpainting.com\/wp-content\/uploads\/2025\/05\/Vinyl-Record-Cleaner-5L-Mockup--300x300.png",300,300,true],"medium_large":["https:\/\/www.ferberpainting.com\/wp-content\/uploads\/2025\/05\/Vinyl-Record-Cleaner-5L-Mockup--768x768.png",768,768,true],"large":["https:\/\/www.ferberpainting.com\/wp-content\/uploads\/2025\/05\/Vinyl-Record-Cleaner-5L-Mockup--1024x1024.png",1024,1024,true],"1536x1536":["https:\/\/www.ferberpainting.com\/wp-content\/uploads\/2025\/05\/Vinyl-Record-Cleaner-5L-Mockup--1536x1536.png",1536,1536,true],"2048x2048":["https:\/\/www.ferberpainting.com\/wp-content\/uploads\/2025\/05\/Vinyl-Record-Cleaner-5L-Mockup--2048x2048.png",2048,2048,true],"trp-custom-language-flag":["https:\/\/www.ferberpainting.com\/wp-content\/uploads\/2025\/05\/Vinyl-Record-Cleaner-5L-Mockup--12x12.png",12,12,true],"woocommerce_thumbnail":["https:\/\/www.ferberpainting.com\/wp-content\/uploads\/2025\/05\/Vinyl-Record-Cleaner-5L-Mockup--300x300.png",300,300,true],"woocommerce_single":["https:\/\/www.ferberpainting.com\/wp-content\/uploads\/2025\/05\/Vinyl-Record-Cleaner-5L-Mockup--600x600.png",600,600,true],"woocommerce_gallery_thumbnail":["https:\/\/www.ferberpainting.com\/wp-content\/uploads\/2025\/05\/Vinyl-Record-Cleaner-5L-Mockup--100x100.png",100,100,true]},"uagb_author_info":{"display_name":"admin","author_link":"https:\/\/www.ferberpainting.com\/lt\/author\/"},"uagb_comment_info":10,"uagb_excerpt":"Optimal Effectiveness.\u00a0This vinyl record cleaner is specially formulated to efficiently remove dust, grease residues, fingerprints, and microscopic particles that impair sound quality. Thanks to its advanced formula, it penetrates deeply into the grooves of the vinyl to dissolve impurities without damaging the surface. It significantly reduces crackling, audio noise, and static electricity, ensuring a cleaner&hellip;","_links":{"self":[{"href":"https:\/\/www.ferberpainting.com\/lt\/wp-json\/wp\/v2\/product\/25627","targetHints":{"allow":["GET"]}}],"collection":[{"href":"https:\/\/www.ferberpainting.com\/lt\/wp-json\/wp\/v2\/product"}],"about":[{"href":"https:\/\/www.ferberpainting.com\/lt\/wp-json\/wp\/v2\/types\/product"}],"replies":[{"embeddable":true,"href":"https:\/\/www.ferberpainting.com\/lt\/wp-json\/wp\/v2\/comments?post=25627"}],"version-history":[{"count":4,"href":"https:\/\/www.ferberpainting.com\/lt\/wp-json\/wp\/v2\/product\/25627\/revisions"}],"predecessor-version":[{"id":167529,"href":"https:\/\/www.ferberpainting.com\/lt\/wp-json\/wp\/v2\/product\/25627\/revisions\/167529"}],"wp:featuredmedia":[{"embeddable":true,"href":"https:\/\/www.ferberpainting.com\/lt\/wp-json\/wp\/v2\/media\/35812"}],"wp:attachment":[{"href":"https:\/\/www.ferberpainting.com\/lt\/wp-json\/wp\/v2\/media?parent=25627"}],"wp:term":[{"taxonomy":"product_brand","embeddable":true,"href":"https:\/\/www.ferberpainting.com\/lt\/wp-json\/wp\/v2\/product_brand?post=25627"},{"taxonomy":"product_cat","embeddable":true,"href":"https:\/\/www.ferberpainting.com\/lt\/wp-json\/wp\/v2\/product_cat?post=25627"},{"taxonomy":"product_tag","embeddable":true,"href":"https:\/\/www.ferberpainting.com\/lt\/wp-json\/wp\/v2\/product_tag?post=25627"}],"curies":[{"name":"wp","href":"https:\/\/api.w.org\/{rel}","templated":true}]}}