{"id":25618,"date":"2025-05-26T10:32:49","date_gmt":"2025-05-26T08:32:49","guid":{"rendered":"https:\/\/www.ferberpainting.com\/products\/vanilla-fertilizer\/"},"modified":"2026-02-16T14:11:38","modified_gmt":"2026-02-16T13:11:38","slug":"vanilla-fertilizer","status":"publish","type":"product","link":"https:\/\/www.ferberpainting.com\/lt\/products\/vanilla-fertilizer\/","title":{"rendered":"Vanil\u0117s tr\u0105\u0161os"},"content":{"rendered":"<p><strong><img decoding=\"async\" style=\"margin-right: 12px;\" src=\"https:\/\/www.ferberpainting.com\/wp-content\/uploads\/2026\/02\/Check.svg\" alt=\"\" width=\"18\" height=\"15\" \/>Tr\u0105\u0161os, specialiai sukurtos tvirtoms ir produktyvioms vanil\u0117ms auginti.<\/strong>\u00a0Norint u\u017etikrinti intensyv\u0173 augim\u0105 ir optimal\u0173 \u017eyd\u0117jim\u0105, vanil\u0117s auginimui reikia skirti ypating\u0105 d\u0117mes\u012f ir tinkamai subalansuot\u0105 maistini\u0173 med\u017eiag\u0173 kiek\u012f. \u0160iose tr\u0105\u0161ose NPK santykis yra 15-15-15, tod\u0117l jos u\u017etikrina visavert\u0119 mityb\u0105, pritaikyt\u0105 konkretiems vanil\u0117s augal\u0173 poreikiams. Ji skatina stipr\u0173 \u0161akn\u0173 vystym\u0105si, energing\u0105 stieb\u0173 augim\u0105 ir gaus\u0173 \u017eyd\u0117jim\u0105, tod\u0117l galima i\u0161auginti auk\u0161tos kokyb\u0117s vanil\u0117s ank\u0161tis.<\/p>\n<p><strong><img decoding=\"async\" style=\"margin-right: 12px;\" src=\"https:\/\/www.ferberpainting.com\/wp-content\/uploads\/2026\/02\/Check.svg\" alt=\"\" width=\"18\" height=\"15\" \/>Pinig\u0173 gr\u0105\u017einimo garantija.<\/strong>\u00a0M\u016bs\u0173 tr\u0105\u0161os sukurtos taip, kad per trump\u0105 laik\u0105 duot\u0173 matom\u0173 rezultat\u0173, u\u017etikrint\u0173 geresn\u012f augim\u0105 ir didesn\u012f atsparum\u0105 aplinkos poveikiui. Jei tinkamai panaudoj\u0119 tr\u0105\u0161as, kaip rekomenduojama, nepasteb\u0117site \u017eymaus vanil\u0117s augal\u0173 pager\u0117jimo, mes \u012fsipareigojame gr\u0105\u017einti visus pinigus.<\/p>\n<p><strong><img decoding=\"async\" style=\"margin-right: 12px;\" src=\"https:\/\/www.ferberpainting.com\/wp-content\/uploads\/2026\/02\/Check.svg\" alt=\"\" width=\"18\" height=\"15\" \/>Tinka vis\u0173 tip\u0173 substratams ir auginimo sistemoms.<\/strong>\u00a0Nesvarbu, ar vanil\u0117s auginamos atvirame grunte, vazonuose, \u0161iltnamiuose, ar hidroponin\u0117se sistemose, \u0161ios tr\u0105\u0161os u\u017etikrina optimal\u0173 maistini\u0173 med\u017eiag\u0173 \u012fsisavinim\u0105. Jos suderinamos su organiniais substratais, tokiais kaip kokos\u0173 pluo\u0161tas, \u017eiev\u0117, sfagn\u0173 samanos ar komposto mi\u0161iniai, tod\u0117l u\u017etikrina optimal\u0173 augal\u0173 vystym\u0105si bet kokioje aplinkoje.<\/p>\n<p><strong><img decoding=\"async\" style=\"margin-right: 12px;\" src=\"https:\/\/www.ferberpainting.com\/wp-content\/uploads\/2026\/02\/Check.svg\" alt=\"\" width=\"18\" height=\"15\" \/>Optimizuotas ir ekonomi\u0161kas veikimas.<\/strong>\u00a0D\u0117l koncentruotos formul\u0117s \u0161ios tr\u0105\u0161os tr\u0119\u0161ia ilgai ir nedidel\u0117mis doz\u0117mis. I\u0161 5 litr\u0173 talpyklos galima pagaminti iki 1000 litr\u0173 tr\u0119\u0161iamojo tirpalo, tod\u0117l tr\u0105\u0161os naudojamos ekonomi\u0161kai ir ilgai. Reguliariai tr\u0119\u0161iant, kiekvienas vanil\u0117s augalas gauna nuolatin\u012f ir subalansuot\u0105 maistini\u0173 med\u017eiag\u0173 kiek\u012f, tod\u0117l suma\u017e\u0117ja papildom\u0173 tr\u0105\u0161\u0173 poreikis.<\/p>\n<p><strong><img decoding=\"async\" style=\"margin-right: 12px;\" src=\"https:\/\/www.ferberpainting.com\/wp-content\/uploads\/2026\/02\/Check.svg\" alt=\"\" width=\"18\" height=\"15\" \/>Saugus ir aplinkai nekenksmingas produktas.<\/strong>\u00a0\u0160ios tr\u0105\u0161os sukurtos be toksini\u0173 med\u017eiag\u0173 ir kenksming\u0173 pried\u0173, tod\u0117l saugios dirvo\u017eemiui, biologinei \u012fvairovei ir surinkt\u0173 vanil\u0117s ank\u0161\u010di\u0173 kokybei. Ji nepalieka chemini\u0173 med\u017eiag\u0173 liku\u010di\u0173 ir tausoja trapi\u0105 vanil\u0117s pas\u0117li\u0173 ekosistem\u0105, u\u017etikrindama tvari\u0105 ir aplinkai nekenksming\u0105 gamyb\u0105.<\/p>\n<p><strong><img decoding=\"async\" style=\"margin-right: 12px;\" src=\"https:\/\/www.ferberpainting.com\/wp-content\/uploads\/2026\/02\/Check.svg\" alt=\"\" width=\"18\" height=\"15\" \/>Lengva ir greita naudoti.<\/strong>\u00a0Kitaip nei kietosios tr\u0105\u0161os, kurias reikia \u012fterpti \u012f dirvo\u017eem\u012f, \u0161ios skystos tr\u0105\u0161os papras\u010diausiai praskied\u017eiamos vandenyje, tod\u0117l \u0161aknys ir lapai jas tuoj pat \u012fsisavina. Jos idealiai tinka laistyti ar purk\u0161ti lapus, tod\u0117l galima veiksmingai tr\u0119\u0161ti be joki\u0173 pastang\u0173.<\/p>\n<p><strong><img decoding=\"async\" style=\"margin-right: 12px;\" src=\"https:\/\/www.ferberpainting.com\/wp-content\/uploads\/2026\/02\/Check.svg\" alt=\"\" width=\"18\" height=\"15\" \/>Laipsni\u0161kas ir ilgalaikis tr\u0119\u0161imas.<\/strong>\u00a0D\u0117l laipsni\u0161ko maisting\u0173j\u0173 med\u017eiag\u0173 i\u0161siskyrimo \u0161ios tr\u0105\u0161os maitina vanil\u0117s augalus kelias savaites, tod\u0117l suma\u017e\u0117ja pertr\u0119\u0161imo rizika. Ji gerina augal\u0173 audini\u0173 strukt\u016br\u0105, stiprina nat\u016brali\u0105 augal\u0173 apsaug\u0105 ir padeda i\u0161auginti gerai susiformavusias, turtingo skonio ir aromato ank\u0161tis.<\/p>\n<p><strong><img decoding=\"async\" style=\"margin-right: 12px;\" src=\"https:\/\/www.ferberpainting.com\/wp-content\/uploads\/2026\/02\/Check.svg\" alt=\"\" width=\"18\" height=\"15\" \/>Matomi rezultatai per pirm\u0105sias savaites.<\/strong>\u00a0Reguliarus naudojimas skatina lap\u0173 vystym\u0105si, geresn\u012f \u017eyd\u0117jim\u0105 ir spartesn\u012f stieb\u0173 augim\u0105. D\u0117l optimalaus maistini\u0173 med\u017eiag\u0173 \u012fsisavinimo vanil\u0117s augalai i\u0161augina ilgus, gyvybingus vynmed\u017eius su daugiau \u017eied\u0173, u\u017etikrinan\u010dius veiksming\u0105 apdulkinim\u0105 ir auk\u0161tos kokyb\u0117s ank\u0161\u010di\u0173 formavim\u0105si.<\/p>\n<h2><strong>Naudojimo protokolas<\/strong><\/h2>\n<ul>\n<li><strong>Parai\u0161k\u0173 teikimo laikotarpis <\/strong>: Tr\u0105\u0161as tr\u0119\u0161kite i\u0161tisus metus, ypa\u010d daug d\u0117mesio skirkite pavasario prad\u017eioje ir \u017eyd\u0117jimo metu, kad paskatintum\u0117te nauj\u0173 vynmed\u017ei\u0173 augim\u0105 ir optimizuotum\u0117te ank\u0161\u010di\u0173 formavim\u0105si.<\/li>\n<li><strong>Tirpalo paruo\u0161imas <\/strong>: 5 ml tr\u0105\u0161\u0173 praskieskite 1 litru vandens, kad gautum\u0117te subalansuot\u0105 tirpal\u0105, paruo\u0161t\u0105 naudoti.<\/li>\n<li><strong>Dirvo\u017eemio naudojimas <\/strong>: Paruo\u0161tu tirpalu laistykite augal\u0173 pagrind\u0105, stengdamiesi nepermirkyti substrato, kad i\u0161vengtum\u0117te \u0161akn\u0173 u\u017edusimo.<\/li>\n<li><strong>Pur\u0161kimas ant lap\u0173 <\/strong>: Lengvai purk\u0161kite ant lap\u0173 ir stieb\u0173, kad maistingosios med\u017eiagos b\u016bt\u0173 greitai \u012fsisavinamos ir augalai apskritai geriau augt\u0173.<\/li>\n<li><strong>Taikymo da\u017enumas <\/strong>: Aktyvaus augimo laikotarpiu purk\u0161kite kas 15 dien\u0173, o vegetacijos ramyb\u0117s laikotarpiu - kart\u0105 per m\u0117nes\u012f, kiek\u012f reguliuodami pagal augalo b\u016bkl\u0119.<\/li>\n<li><strong>Naudojimo atsargumo priemon\u0117s <\/strong>: Neperdozuokite, nes azoto perteklius gali sul\u0117tinti \u017eyd\u0117jim\u0105 ir paskatinti pernelyg didel\u012f lap\u0173 augim\u0105, o tai gali pakenkti ank\u0161\u010di\u0173 gamybai.<\/li>\n<\/ul>\n<p>\u0160ios tr\u0105\u0161os yra idealus vanil\u0117s augintoj\u0173 s\u0105jungininkas, nes u\u017etikrina tvirtus augalus, gaus\u0173 \u017eyd\u0117jim\u0105 ir auk\u0161tos kokyb\u0117s ank\u0161\u010di\u0173 gamyb\u0105. D\u0117l greito efektyvumo, paprasto naudojimo ir ekologi\u0161kos sud\u0117ties \u0161ios tr\u0105\u0161os yra b\u016btinas pasirinkimas siekiant u\u017etikrinti i\u0161skirtin\u012f derli\u0173.<\/p>","protected":false},"excerpt":{"rendered":"<p>A fertilizer specially designed for robust and productive vanilla.\u00a0Vanilla cultivation requires particular attention and a well-balanced nutrient intake to ensure vigorous growth and optimal flowering. This fertilizer is formulated with an NPK ratio of 15-15-15, providing complete nutrition adapted to the specific needs of vanilla plants. It promotes strong root development, vigorous stem growth, and [&hellip;]<\/p>\n","protected":false},"featured_media":27437,"comment_status":"open","ping_status":"closed","template":"","meta":{"_uag_custom_page_level_css":"","site-sidebar-layout":"default","site-content-layout":"","ast-site-content-layout":"default","site-content-style":"default","site-sidebar-style":"default","ast-global-header-display":"","ast-banner-title-visibility":"","ast-main-header-display":"","ast-hfb-above-header-display":"","ast-hfb-below-header-display":"","ast-hfb-mobile-header-display":"","site-post-title":"","ast-breadcrumbs-content":"","ast-featured-img":"","footer-sml-layout":"","ast-disable-related-posts":"","theme-transparent-header-meta":"default","adv-header-id-meta":"","stick-header-meta":"","header-above-stick-meta":"","header-main-stick-meta":"","header-below-stick-meta":"","astra-migrate-meta-layouts":"set","ast-page-background-enabled":"default","ast-page-background-meta":{"desktop":{"background-color":"var(--ast-global-color-4)","background-image":"","background-repeat":"repeat","background-position":"center center","background-size":"auto","background-attachment":"scroll","background-type":"","background-media":"","overlay-type":"","overlay-color":"","overlay-opacity":"","overlay-gradient":""},"tablet":{"background-color":"","background-image":"","background-repeat":"repeat","background-position":"center center","background-size":"auto","background-attachment":"scroll","background-type":"","background-media":"","overlay-type":"","overlay-color":"","overlay-opacity":"","overlay-gradient":""},"mobile":{"background-color":"","background-image":"","background-repeat":"repeat","background-position":"center center","background-size":"auto","background-attachment":"scroll","background-type":"","background-media":"","overlay-type":"","overlay-color":"","overlay-opacity":"","overlay-gradient":""}},"ast-content-background-meta":{"desktop":{"background-color":"var(--ast-global-color-5)","background-image":"","background-repeat":"repeat","background-position":"center center","background-size":"auto","background-attachment":"scroll","background-type":"","background-media":"","overlay-type":"","overlay-color":"","overlay-opacity":"","overlay-gradient":""},"tablet":{"background-color":"var(--ast-global-color-5)","background-image":"","background-repeat":"repeat","background-position":"center center","background-size":"auto","background-attachment":"scroll","background-type":"","background-media":"","overlay-type":"","overlay-color":"","overlay-opacity":"","overlay-gradient":""},"mobile":{"background-color":"var(--ast-global-color-5)","background-image":"","background-repeat":"repeat","background-position":"center center","background-size":"auto","background-attachment":"scroll","background-type":"","background-media":"","overlay-type":"","overlay-color":"","overlay-opacity":"","overlay-gradient":""}}},"product_brand":[],"product_cat":[178],"product_tag":[],"class_list":{"0":"post-25618","1":"product","2":"type-product","3":"status-publish","4":"has-post-thumbnail","6":"product_cat-fertilizers","7":"desktop-align-left","8":"tablet-align-left","9":"mobile-align-left","11":"first","12":"instock","13":"sale","14":"shipping-taxable","15":"purchasable","16":"product-type-variable","17":"has-default-attributes"},"spectra_custom_meta":{"_visibility":["visible"],"_shopify_product_id":["9073286643957"],"_s2w_shopify_domain":["ferberpainting.myshopify.com"],"_shopify_variant_id":["46524554051829"],"_sku":[""],"_manage_stock":["no"],"total_sales":["6"],"_tax_status":["taxable"],"_tax_class":[""],"_backorders":["no"],"_sold_individually":["no"],"_virtual":["no"],"_downloadable":["no"],"_download_limit":["-1"],"_download_expiry":["-1"],"_stock":[null],"_stock_status":["instock"],"_wc_average_rating":["4.71"],"_wc_review_count":["7"],"_product_attributes":["a:1:{s:6:\"volume\";a:6:{s:4:\"name\";s:6:\"Volume\";s:5:\"value\";s:20:\"5 liters | 25 liters\";s:8:\"position\";i:1;s:10:\"is_visible\";i:0;s:12:\"is_variation\";i:1;s:11:\"is_taxonomy\";i:0;}}"],"_product_version":["10.5.1"],"_thumbnail_id":["27437"],"_product_image_gallery":["27438"],"wpse_downloadable_file_names":[""],"wpse_downloadable_file_urls":[""],"_edit_last":["1"],"_default_attributes":["a:1:{s:6:\"volume\";s:8:\"5 liters\";}"],"_edit_lock":["1771247363:1"],"_price":["29.90","129.90"],"merchant-center-availability":["yes"],"merchant-center-category":["113"],"_wp_page_template":["default"],"site-sidebar-layout":["default"],"ast-site-content-layout":["default"],"site-content-style":["default"],"site-sidebar-style":["default"],"theme-transparent-header-meta":["default"],"_wc_rating_count":["a:2:{i:4;i:2;i:5;i:5;}"],"astra-migrate-meta-layouts":["set"],"_uag_css_file_name":["uag-css-25618.css"],"_elementor_page_assets":["a:0:{}"]},"uagb_featured_image_src":{"full":["https:\/\/www.ferberpainting.com\/wp-content\/uploads\/2025\/05\/VanillaFertilizer5L.png",2560,2560,false],"thumbnail":["https:\/\/www.ferberpainting.com\/wp-content\/uploads\/2025\/05\/VanillaFertilizer5L-150x150.png",150,150,true],"medium":["https:\/\/www.ferberpainting.com\/wp-content\/uploads\/2025\/05\/VanillaFertilizer5L-300x300.png",300,300,true],"medium_large":["https:\/\/www.ferberpainting.com\/wp-content\/uploads\/2025\/05\/VanillaFertilizer5L-768x768.png",768,768,true],"large":["https:\/\/www.ferberpainting.com\/wp-content\/uploads\/2025\/05\/VanillaFertilizer5L-1024x1024.png",1024,1024,true],"1536x1536":["https:\/\/www.ferberpainting.com\/wp-content\/uploads\/2025\/05\/VanillaFertilizer5L-1536x1536.png",1536,1536,true],"2048x2048":["https:\/\/www.ferberpainting.com\/wp-content\/uploads\/2025\/05\/VanillaFertilizer5L-2048x2048.png",2048,2048,true],"trp-custom-language-flag":["https:\/\/www.ferberpainting.com\/wp-content\/uploads\/2025\/05\/VanillaFertilizer5L-12x12.png",12,12,true],"woocommerce_thumbnail":["https:\/\/www.ferberpainting.com\/wp-content\/uploads\/2025\/05\/VanillaFertilizer5L-300x300.png",300,300,true],"woocommerce_single":["https:\/\/www.ferberpainting.com\/wp-content\/uploads\/2025\/05\/VanillaFertilizer5L-600x600.png",600,600,true],"woocommerce_gallery_thumbnail":["https:\/\/www.ferberpainting.com\/wp-content\/uploads\/2025\/05\/VanillaFertilizer5L-100x100.png",100,100,true]},"uagb_author_info":{"display_name":"admin","author_link":"https:\/\/www.ferberpainting.com\/lt\/author\/"},"uagb_comment_info":7,"uagb_excerpt":"A fertilizer specially designed for robust and productive vanilla.\u00a0Vanilla cultivation requires particular attention and a well-balanced nutrient intake to ensure vigorous growth and optimal flowering. This fertilizer is formulated with an NPK ratio of 15-15-15, providing complete nutrition adapted to the specific needs of vanilla plants. It promotes strong root development, vigorous stem growth, and&hellip;","_links":{"self":[{"href":"https:\/\/www.ferberpainting.com\/lt\/wp-json\/wp\/v2\/product\/25618","targetHints":{"allow":["GET"]}}],"collection":[{"href":"https:\/\/www.ferberpainting.com\/lt\/wp-json\/wp\/v2\/product"}],"about":[{"href":"https:\/\/www.ferberpainting.com\/lt\/wp-json\/wp\/v2\/types\/product"}],"replies":[{"embeddable":true,"href":"https:\/\/www.ferberpainting.com\/lt\/wp-json\/wp\/v2\/comments?post=25618"}],"version-history":[{"count":4,"href":"https:\/\/www.ferberpainting.com\/lt\/wp-json\/wp\/v2\/product\/25618\/revisions"}],"predecessor-version":[{"id":167520,"href":"https:\/\/www.ferberpainting.com\/lt\/wp-json\/wp\/v2\/product\/25618\/revisions\/167520"}],"wp:featuredmedia":[{"embeddable":true,"href":"https:\/\/www.ferberpainting.com\/lt\/wp-json\/wp\/v2\/media\/27437"}],"wp:attachment":[{"href":"https:\/\/www.ferberpainting.com\/lt\/wp-json\/wp\/v2\/media?parent=25618"}],"wp:term":[{"taxonomy":"product_brand","embeddable":true,"href":"https:\/\/www.ferberpainting.com\/lt\/wp-json\/wp\/v2\/product_brand?post=25618"},{"taxonomy":"product_cat","embeddable":true,"href":"https:\/\/www.ferberpainting.com\/lt\/wp-json\/wp\/v2\/product_cat?post=25618"},{"taxonomy":"product_tag","embeddable":true,"href":"https:\/\/www.ferberpainting.com\/lt\/wp-json\/wp\/v2\/product_tag?post=25618"}],"curies":[{"name":"wp","href":"https:\/\/api.w.org\/{rel}","templated":true}]}}