{"id":25612,"date":"2025-06-30T19:16:41","date_gmt":"2025-06-30T17:16:41","guid":{"rendered":"https:\/\/www.ferberpainting.com\/?post_type=product&#038;p=25612"},"modified":"2026-02-16T14:02:42","modified_gmt":"2026-02-16T13:02:42","slug":"ultrasonic-cleaner-solution","status":"publish","type":"product","link":"https:\/\/www.ferberpainting.com\/lt\/products\/ultrasonic-cleaner-solution\/","title":{"rendered":"Ultragarsin\u0117s vonel\u0117s valiklis"},"content":{"rendered":"<p><strong><img decoding=\"async\" style=\"margin-right: 12px;\" src=\"https:\/\/www.ferberpainting.com\/wp-content\/uploads\/2026\/02\/Check.svg\" alt=\"\" width=\"18\" height=\"15\" \/>Optimalus veiksmingumas.<\/strong>\u00a0\u0160is ultragarsinis voni\u0173 valiklis yra specialiai sukurtas veiksmingai \u0161alinti priemai\u0161as, riebal\u0173 liku\u010dius, oksidacij\u0105 ir \u012fterptus ter\u0161alus i\u0161 \u012fvairi\u0173 objekt\u0173. Jis sustiprina ultragarsinio valymo poveik\u012f, tod\u0117l galima giliai i\u0161valyti net sunkiai pasiekiamas vietas. Galinga formul\u0117 greitai i\u0161tirpina nepageidaujamas daleles, nepa\u017eeisdama apdorojam\u0173 pavir\u0161i\u0173, tod\u0117l u\u017etikrinamas puikus ir tolygus valymo rezultatas.<\/p>\n<p><strong><img decoding=\"async\" style=\"margin-right: 12px;\" src=\"https:\/\/www.ferberpainting.com\/wp-content\/uploads\/2026\/02\/Check.svg\" alt=\"\" width=\"18\" height=\"15\" \/>Pinig\u0173 gr\u0105\u017einimo garantija.<\/strong>\u00a0Esame visi\u0161kai \u012fsitikin\u0119 savo valymo \u012frenginio veikimu. Jei j\u012f panaudoj\u0119 nesate visi\u0161kai patenkinti rezultatais, galite atgauti vis\u0105 sumok\u0117t\u0105 sum\u0105. I\u0161bandykite j\u012f visi\u0161kai ramiai ir m\u0117gaukit\u0117s nepriekai\u0161tinga savo daikt\u0173 \u0161vara be joki\u0173 pastang\u0173.<\/p>\n<p><strong><img decoding=\"async\" style=\"margin-right: 12px;\" src=\"https:\/\/www.ferberpainting.com\/wp-content\/uploads\/2026\/02\/Check.svg\" alt=\"\" width=\"18\" height=\"15\" \/>I\u0161skirtinis universalumas.<\/strong>\u00a0\u0160is valiklis skirtas ne tik vienos r\u016b\u0161ies med\u017eiagoms! Jis idealiai tinka \u012fvairiems metaliniams, stikliniams, plastikiniams, keraminiams ir subtiliems lydiniams valyti. Jis ypa\u010d veiksmingas juvelyriniams dirbiniams, laikrod\u017eiams, akiniams, mechanin\u0117ms dalims, tiksliosioms priemon\u0117ms, spausdinimo galvut\u0117ms, dant\u0173 protezams, elektronikai ir laboratoriniams \u012frankiams valyti. D\u0117l suderinamumo su daugeliu med\u017eiag\u0173 jis yra universalus valiklis, tinkamas naudoti visose ultragarso voniose.<\/p>\n<p><strong><img decoding=\"async\" style=\"margin-right: 12px;\" src=\"https:\/\/www.ferberpainting.com\/wp-content\/uploads\/2026\/02\/Check.svg\" alt=\"\" width=\"18\" height=\"15\" \/>Ekonomi\u0161kas.<\/strong>\u00a0D\u0117l 5 litr\u0173 talpyklos ir koncentruotos formul\u0117s \u0161is valiklis pasi\u017eymi i\u0161skirtine verte. U\u017etenka nedidelio kiekio, kad b\u016bt\u0173 u\u017epildytas ultragarso rezervuaras ir u\u017etikrintas veiksmingas valymas. Vidutini\u0161kai vienu litru produkto galima atlikti iki 100 valymo cikl\u0173, tod\u0117l jis yra patvarus ir ekonomi\u0161kas sprendimas, skirtas nuolatiniam naudojimui tiek namuose, tiek profesionaliai.<\/p>\n<p><strong><img decoding=\"async\" style=\"margin-right: 12px;\" src=\"https:\/\/www.ferberpainting.com\/wp-content\/uploads\/2026\/02\/Check.svg\" alt=\"\" width=\"18\" height=\"15\" \/>Saugu naudoti.<\/strong>\u00a0Skirtingai nuo a\u0161tri\u0173 tirpikli\u0173 ar korozini\u0173 med\u017eiag\u0173, galin\u010di\u0173 pa\u017eeisti tam tikras med\u017eiagas, \u0161is produktas sukurtas taip, kad b\u016bt\u0173 \u0161velnus ir saugus, ta\u010diau tausot\u0173 jautrius pavir\u0161ius. Jis neskleid\u017eia toksi\u0161k\u0173 gar\u0173, nedirgina odos ir nepalieka kenksming\u0173 liku\u010di\u0173 po nuplovimo. Priemon\u0117 tinka da\u017enam naudojimui, u\u017etikrina saug\u0173 subtili\u0173 daikt\u0173 valym\u0105 nepa\u017eeid\u017eiant j\u0173 vientisumo.<\/p>\n<p><strong><img decoding=\"async\" style=\"margin-right: 12px;\" src=\"https:\/\/www.ferberpainting.com\/wp-content\/uploads\/2026\/02\/Check.svg\" alt=\"\" width=\"18\" height=\"15\" \/>Lengva naudoti.<\/strong>\u00a0\u0160is produktas yra paruo\u0161tas naudoti, jo nereikia skiesti ar sud\u0117tingai ruo\u0161ti. Tiesiog supilkite j\u012f \u012f ultragarso voni\u0105 ir \u012fjunkite cikl\u0105. Greitas jo veikimas ir tiesioginis veiksmingumas leid\u017eia lengvai ir efektyviai valyti net pradedantiesiems.<\/p>\n<p><strong><img decoding=\"async\" style=\"margin-right: 12px;\" src=\"https:\/\/www.ferberpainting.com\/wp-content\/uploads\/2026\/02\/Check.svg\" alt=\"\" width=\"18\" height=\"15\" \/>Ilgalaik\u0117 prie\u017ei\u016bra.<\/strong>\u00a0Pa\u0161alindamas ne\u0161varumus ir i\u0161saugodamas valom\u0173 daikt\u0173 vientisum\u0105, \u0161is valiklis padeda prailginti j\u0173 tarnavimo laik\u0105 ir padidinti na\u0161um\u0105. Jis neleid\u017eia kauptis ne\u0161varumams, kurie gali tur\u0117ti \u012ftakos tiksli\u0173j\u0173 prietais\u0173 ar mechanini\u0173 dali\u0173 veikimui. Reguliarus naudojimas garantuoja \u0161varius ir veikian\u010dius daiktus ilg\u0105 laik\u0105.<\/p>\n<p><strong><img decoding=\"async\" style=\"margin-right: 12px;\" src=\"https:\/\/www.ferberpainting.com\/wp-content\/uploads\/2026\/02\/Check.svg\" alt=\"\" width=\"18\" height=\"15\" \/>Greitas veiksmas.<\/strong>\u00a0D\u0117l itin aktyvios formul\u0117s \u0161is valiklis i\u0161 karto veikia \u012fsisen\u0117jusius ne\u0161varumus ir liku\u010dius. Vos per kelias minutes jis i\u0161tirpina ne\u0161varumus, tod\u0117l juos lengva pa\u0161alinti ultragarsu. Jis sutrumpina valymo laik\u0105 ir u\u017etikrina matomus rezultatus nuo pat pirmojo panaudojimo.<\/p>\n<h2><strong>Naudojimo instrukcijos<\/strong><\/h2>\n<ul>\n<li><strong>Paruo\u0161imas <\/strong>: Prie\u0161 \u012fpilant valiklio, \u012fsitikinkite, kad ultragarso vonia yra \u0161vari ir paruo\u0161ta. Kad produktas b\u016bt\u0173 kuo veiksmingesnis, pa\u0161alinkite nuo daikt\u0173 bet kokias stambias daleles ar matomus ne\u0161varumus.<\/li>\n<li><strong>Bako pildymas <\/strong>: Valikl\u012f pilkite tiesiai \u012f ultragarso voni\u0105, kol pasieksite reikiam\u0105 lyg\u012f, kad objektai b\u016bt\u0173 visi\u0161kai panardinti. Skiedimo nereikia, produktas paruo\u0161tas naudoti.<\/li>\n<li><strong>Objekto panardinimas <\/strong>: Atsargiai sud\u0117kite daiktus \u012f voni\u0105, \u012fsitikinkite, kad jie nesikartoja, kad valymas b\u016bt\u0173 tolygus ir optimalus.<\/li>\n<li><strong>Ciklo prad\u017eia <\/strong>: Nustatykite vonel\u0117s temperat\u016br\u0105 (jei taikoma) nuo 40 iki 50 \u00b0C, kad padidintum\u0117te veiksmingum\u0105, ir \u012fjunkite cikl\u0105, pasirinkdami 5-10 minu\u010di\u0173 trukm\u0119, priklausomai nuo to, kiek ne\u0161var\u016bs daiktai.<\/li>\n<li><strong>Steb\u0117sena <\/strong>: Ciklo metu steb\u0117kite valymo proces\u0105. Jei reikia, reguliuokite trukm\u0119, jei norite naudoti \u0161velnesnius ar stipriai u\u017eter\u0161tus daiktus.<\/li>\n<li><strong>Skalavimas <\/strong>: Baig\u0119 cikl\u0105 i\u0161imkite daiktus ir kruop\u0161\u010diai i\u0161skalaukite \u0161variu vandeniu, kad pa\u0161alintum\u0117te produkto liku\u010dius ir u\u017etikrintum\u0117te nepriekai\u0161ting\u0105 pavir\u0161i\u0173.<\/li>\n<li><strong>D\u017eiovinimas ir apdaila <\/strong>: Atsargiai nusausinkite daiktus mink\u0161ta, \u0161varia \u0161luoste arba naudokite oro p\u016bstuv\u0105, kad pa\u0161alintum\u0117te visus vandens p\u0117dsakus ir nelikt\u0173 dry\u017ei\u0173.<\/li>\n<li><strong>Vonios prie\u017ei\u016bra <\/strong>: Po keli\u0173 naudojimo kart\u0173 i\u0161tu\u0161tinkite ir i\u0161valykite ultragarso voni\u0105, kad u\u017etikrintum\u0117te optimalius b\u016bsim\u0173 valym\u0173 rezultatus.<\/li>\n<li><strong>Naudojimo da\u017enumas <\/strong>: Naudokite taip da\u017enai, kaip reikia, priklausomai nuo to, kaip u\u017eter\u0161ti j\u016bs\u0173 daiktai. Prevencinei prie\u017ei\u016brai suplanuokite reguliar\u0173 dulki\u0173, riebal\u0173 ar oksidacijos veikiam\u0173 daikt\u0173 valym\u0105.<\/li>\n<li><strong>Saugykla <\/strong>: Panaudojus laikykite indel\u012f sandariai u\u017edaryt\u0105 ir saugokite v\u0117sioje, sausoje, apsaugotoje nuo \u0161viesos ir ekstremalios temperat\u016bros vietoje, kad produktas ilgai i\u0161likt\u0173 veiksmingas.<\/li>\n<\/ul>\n<p>Naudodami m\u016bs\u0173 ultragarsin\u012f vonios valytuv\u0105 u\u017etikrinsite gil\u0173, greit\u0105 ir veiksming\u0105 valym\u0105, kartu i\u0161saugodami subtili\u0173 daikt\u0173 blizges\u012f ir funkcionalum\u0105. Idealus sprendimas saugiai ir veiksmingai prie\u017ei\u016brai bet kuriuo metu.<\/p>","protected":false},"excerpt":{"rendered":"<p>Optimal Effectiveness.\u00a0This ultrasonic bath cleaner is specially formulated to effectively eliminate impurities, grease residues, oxidation, and embedded contaminants from various objects. It enhances the ultrasonic cleaning action, allowing for deep cleaning, even in hard-to-reach areas. Its powerful formula quickly dissolves unwanted particles without damaging treated surfaces, ensuring a perfect and even cleaning result. Money-back guarantee.\u00a0We [&hellip;]<\/p>\n","protected":false},"featured_media":35840,"comment_status":"open","ping_status":"closed","template":"","meta":{"_uag_custom_page_level_css":"","site-sidebar-layout":"default","site-content-layout":"","ast-site-content-layout":"default","site-content-style":"default","site-sidebar-style":"default","ast-global-header-display":"","ast-banner-title-visibility":"","ast-main-header-display":"","ast-hfb-above-header-display":"","ast-hfb-below-header-display":"","ast-hfb-mobile-header-display":"","site-post-title":"","ast-breadcrumbs-content":"","ast-featured-img":"","footer-sml-layout":"","ast-disable-related-posts":"","theme-transparent-header-meta":"default","adv-header-id-meta":"","stick-header-meta":"","header-above-stick-meta":"","header-main-stick-meta":"","header-below-stick-meta":"","astra-migrate-meta-layouts":"set","ast-page-background-enabled":"default","ast-page-background-meta":{"desktop":{"background-color":"var(--ast-global-color-4)","background-image":"","background-repeat":"repeat","background-position":"center center","background-size":"auto","background-attachment":"scroll","background-type":"","background-media":"","overlay-type":"","overlay-color":"","overlay-opacity":"","overlay-gradient":""},"tablet":{"background-color":"","background-image":"","background-repeat":"repeat","background-position":"center center","background-size":"auto","background-attachment":"scroll","background-type":"","background-media":"","overlay-type":"","overlay-color":"","overlay-opacity":"","overlay-gradient":""},"mobile":{"background-color":"","background-image":"","background-repeat":"repeat","background-position":"center center","background-size":"auto","background-attachment":"scroll","background-type":"","background-media":"","overlay-type":"","overlay-color":"","overlay-opacity":"","overlay-gradient":""}},"ast-content-background-meta":{"desktop":{"background-color":"var(--ast-global-color-5)","background-image":"","background-repeat":"repeat","background-position":"center center","background-size":"auto","background-attachment":"scroll","background-type":"","background-media":"","overlay-type":"","overlay-color":"","overlay-opacity":"","overlay-gradient":""},"tablet":{"background-color":"var(--ast-global-color-5)","background-image":"","background-repeat":"repeat","background-position":"center center","background-size":"auto","background-attachment":"scroll","background-type":"","background-media":"","overlay-type":"","overlay-color":"","overlay-opacity":"","overlay-gradient":""},"mobile":{"background-color":"var(--ast-global-color-5)","background-image":"","background-repeat":"repeat","background-position":"center center","background-size":"auto","background-attachment":"scroll","background-type":"","background-media":"","overlay-type":"","overlay-color":"","overlay-opacity":"","overlay-gradient":""}}},"product_brand":[],"product_cat":[175],"product_tag":[],"class_list":{"0":"post-25612","1":"product","2":"type-product","3":"status-publish","4":"has-post-thumbnail","6":"product_cat-cleaning-products","7":"desktop-align-left","8":"tablet-align-left","9":"mobile-align-left","11":"first","12":"instock","13":"sale","14":"taxable","15":"shipping-taxable","16":"purchasable","17":"product-type-variable","18":"has-default-attributes"},"spectra_custom_meta":{"_visibility":["visible"],"_shopify_product_id":["9102523007221"],"_s2w_shopify_domain":["ferberpainting.myshopify.com"],"_shopify_variant_id":["46616450171125"],"_sku":[""],"_manage_stock":["no"],"total_sales":["66"],"_tax_status":["taxable"],"_tax_class":[""],"_backorders":["no"],"_sold_individually":["no"],"_virtual":["no"],"_downloadable":["no"],"_download_limit":["-1"],"_download_expiry":["-1"],"_stock":[null],"_stock_status":["instock"],"_wc_average_rating":["5.00"],"_wc_review_count":["17"],"_product_attributes":["a:1:{s:6:\"volume\";a:6:{s:4:\"name\";s:6:\"Volume\";s:5:\"value\";s:20:\"5 liters | 25 liters\";s:8:\"position\";i:1;s:10:\"is_visible\";i:0;s:12:\"is_variation\";i:1;s:11:\"is_taxonomy\";i:0;}}"],"_product_version":["10.5.1"],"wpse_downloadable_file_names":[""],"wpse_downloadable_file_urls":[""],"_edit_last":["1"],"_default_attributes":["a:1:{s:6:\"volume\";s:8:\"5 liters\";}"],"_edit_lock":["1771246829:1"],"_price":["29.90","129.90"],"merchant-center-availability":["yes"],"merchant-center-category":["4973"],"_thumbnail_id":["35840"],"_wp_page_template":["default"],"_product_image_gallery":["35841"],"site-sidebar-layout":["default"],"ast-site-content-layout":["default"],"site-content-style":["default"],"site-sidebar-style":["default"],"theme-transparent-header-meta":["default"],"_wc_rating_count":["a:1:{i:5;i:17;}"],"astra-migrate-meta-layouts":["set"],"_uag_css_file_name":["uag-css-25612.css"],"_elementor_page_assets":["a:0:{}"],"_uag_page_assets":["a:9:{s:3:\"css\";s:6873:\".wp-block-uagb-image{display:flex}.wp-block-uagb-image__figure{position:relative;display:flex;flex-direction:column;max-width:100%;height:auto;margin:0}.wp-block-uagb-image__figure img{height:auto;display:flex;max-width:100%;transition:box-shadow .2s ease}.wp-block-uagb-image__figure>a{display:inline-block}.wp-block-uagb-image__figure figcaption{text-align:center;margin-top:.5em;margin-bottom:1em}.wp-block-uagb-image .components-placeholder.block-editor-media-placeholder .components-placeholder__instructions{align-self:center}.wp-block-uagb-image--align-left{text-align:left}.wp-block-uagb-image--align-right{text-align:right}.wp-block-uagb-image--align-center{text-align:center}.wp-block-uagb-image--align-full .wp-block-uagb-image__figure{margin-left:calc(50% - 50vw);margin-right:calc(50% - 50vw);max-width:100vw;width:100vw;height:auto}.wp-block-uagb-image--align-full .wp-block-uagb-image__figure img{height:auto;width:100% !important}.wp-block-uagb-image--align-wide .wp-block-uagb-image__figure img{height:auto;width:100%}.wp-block-uagb-image--layout-overlay__color-wrapper{position:absolute;left:0;top:0;right:0;bottom:0;opacity:.2;background:rgba(0,0,0,.5);transition:opacity .35s ease-in-out}.wp-block-uagb-image--layout-overlay-link{position:absolute;left:0;right:0;bottom:0;top:0}.wp-block-uagb-image--layout-overlay .wp-block-uagb-image__figure:hover .wp-block-uagb-image--layout-overlay__color-wrapper{opacity:1}.wp-block-uagb-image--layout-overlay__inner{position:absolute;left:15px;right:15px;bottom:15px;top:15px;display:flex;align-items:center;justify-content:center;flex-direction:column;border-color:#fff;transition:.35s ease-in-out}.wp-block-uagb-image--layout-overlay__inner.top-left,.wp-block-uagb-image--layout-overlay__inner.top-center,.wp-block-uagb-image--layout-overlay__inner.top-right{justify-content:flex-start}.wp-block-uagb-image--layout-overlay__inner.bottom-left,.wp-block-uagb-image--layout-overlay__inner.bottom-center,.wp-block-uagb-image--layout-overlay__inner.bottom-right{justify-content:flex-end}.wp-block-uagb-image--layout-overlay__inner.top-left,.wp-block-uagb-image--layout-overlay__inner.center-left,.wp-block-uagb-image--layout-overlay__inner.bottom-left{align-items:flex-start}.wp-block-uagb-image--layout-overlay__inner.top-right,.wp-block-uagb-image--layout-overlay__inner.center-right,.wp-block-uagb-image--layout-overlay__inner.bottom-right{align-items:flex-end}.wp-block-uagb-image--layout-overlay__inner .uagb-image-heading{color:#fff;transition:transform .35s,opacity .35s ease-in-out;transform:translate3d(0, 24px, 0);margin:0;line-height:1em}.wp-block-uagb-image--layout-overlay__inner .uagb-image-separator{width:30%;border-top-width:2px;border-top-color:#fff;border-top-style:solid;margin-bottom:10px;opacity:0;transition:transform .4s,opacity .4s ease-in-out;transform:translate3d(0, 30px, 0)}.wp-block-uagb-image--layout-overlay__inner .uagb-image-caption{opacity:0;overflow:visible;color:#fff;transition:transform .45s,opacity .45s ease-in-out;transform:translate3d(0, 35px, 0)}.wp-block-uagb-image--layout-overlay__inner:hover .uagb-image-heading,.wp-block-uagb-image--layout-overlay__inner:hover .uagb-image-separator,.wp-block-uagb-image--layout-overlay__inner:hover .uagb-image-caption{opacity:1;transform:translate3d(0, 0, 0)}.wp-block-uagb-image--effect-zoomin .wp-block-uagb-image__figure img,.wp-block-uagb-image--effect-zoomin .wp-block-uagb-image__figure .wp-block-uagb-image--layout-overlay__color-wrapper{transform:scale(1);transition:transform .35s ease-in-out}.wp-block-uagb-image--effect-zoomin .wp-block-uagb-image__figure:hover img,.wp-block-uagb-image--effect-zoomin .wp-block-uagb-image__figure:hover .wp-block-uagb-image--layout-overlay__color-wrapper{transform:scale(1.05)}.wp-block-uagb-image--effect-slide .wp-block-uagb-image__figure img,.wp-block-uagb-image--effect-slide .wp-block-uagb-image__figure .wp-block-uagb-image--layout-overlay__color-wrapper{width:calc(100% + 40px) !important;max-width:none !important;transform:translate3d(-40px, 0, 0);transition:transform .35s ease-in-out}.wp-block-uagb-image--effect-slide .wp-block-uagb-image__figure:hover img,.wp-block-uagb-image--effect-slide .wp-block-uagb-image__figure:hover .wp-block-uagb-image--layout-overlay__color-wrapper{transform:translate3d(0, 0, 0)}.wp-block-uagb-image--effect-grayscale img{filter:grayscale(0%);transition:.35s ease-in-out}.wp-block-uagb-image--effect-grayscale:hover img{filter:grayscale(100%)}.wp-block-uagb-image--effect-blur img{filter:blur(0);transition:.35s ease-in-out}.wp-block-uagb-image--effect-blur:hover img{filter:blur(3px)}.uagb-block-e6f939b3.wp-block-uagb-image--layout-default figure img{box-shadow: 0px 0px 0 #00000070;}.uagb-block-e6f939b3.wp-block-uagb-image .wp-block-uagb-image__figure figcaption{font-style: normal;align-self: center;}.uagb-block-e6f939b3.wp-block-uagb-image--layout-overlay figure img{box-shadow: 0px 0px 0 #00000070;}.uagb-block-e6f939b3.wp-block-uagb-image--layout-overlay .wp-block-uagb-image--layout-overlay__color-wrapper{opacity: 0.2;}.uagb-block-e6f939b3.wp-block-uagb-image--layout-overlay .wp-block-uagb-image--layout-overlay__inner{left: 15px;right: 15px;top: 15px;bottom: 15px;}.uagb-block-e6f939b3.wp-block-uagb-image--layout-overlay .wp-block-uagb-image--layout-overlay__inner .uagb-image-heading{font-style: normal;color: #fff;opacity: 1;}.uagb-block-e6f939b3.wp-block-uagb-image--layout-overlay .wp-block-uagb-image--layout-overlay__inner .uagb-image-heading a{color: #fff;}.uagb-block-e6f939b3.wp-block-uagb-image--layout-overlay .wp-block-uagb-image--layout-overlay__inner .uagb-image-caption{opacity: 0;}.uagb-block-e6f939b3.wp-block-uagb-image--layout-overlay .wp-block-uagb-image__figure:hover .wp-block-uagb-image--layout-overlay__color-wrapper{opacity: 1;}.uagb-block-e6f939b3.wp-block-uagb-image .wp-block-uagb-image--layout-overlay__inner .uagb-image-separator{width: 30%;border-top-width: 2px;border-top-color: #fff;opacity: 0;}.uagb-block-e6f939b3.wp-block-uagb-image .wp-block-uagb-image__figure img{width: px;height: auto;}.uagb-block-e6f939b3.wp-block-uagb-image .wp-block-uagb-image__figure:hover .wp-block-uagb-image--layout-overlay__inner .uagb-image-caption{opacity: 1;}.uagb-block-e6f939b3.wp-block-uagb-image .wp-block-uagb-image__figure:hover .wp-block-uagb-image--layout-overlay__inner .uagb-image-separator{opacity: 1;}.uagb-block-e6f939b3.wp-block-uagb-image--layout-default figure:hover img{box-shadow: 0px 0px 0 #00000070;}.uagb-block-e6f939b3.wp-block-uagb-image--layout-overlay figure:hover img{box-shadow: 0px 0px 0 #00000070;}@media only screen and (max-width: 976px) {.uagb-block-e6f939b3.wp-block-uagb-image .wp-block-uagb-image__figure img{width: px;height: auto;}}@media only screen and (max-width: 767px) {.uagb-block-e6f939b3.wp-block-uagb-image .wp-block-uagb-image__figure img{width: px;height: auto;}}\";s:2:\"js\";s:0:\"\";s:18:\"current_block_list\";a:13:{i:0;s:11:\"core\/search\";i:1;s:10:\"core\/group\";i:2;s:12:\"core\/heading\";i:3;s:17:\"core\/latest-posts\";i:4;s:20:\"core\/latest-comments\";i:5;s:13:\"core\/archives\";i:6;s:15:\"core\/categories\";i:7;s:14:\"core\/paragraph\";i:8;s:10:\"uagb\/image\";i:9;s:11:\"core\/spacer\";i:10;s:30:\"woocommerce\/product-categories\";i:11;s:10:\"core\/image\";i:12;s:14:\"core\/shortcode\";}s:8:\"uag_flag\";b:1;s:11:\"uag_version\";s:10:\"1777234031\";s:6:\"gfonts\";a:0:{}s:10:\"gfonts_url\";s:0:\"\";s:12:\"gfonts_files\";a:0:{}s:14:\"uag_faq_layout\";b:0;}"]},"uagb_featured_image_src":{"full":["https:\/\/www.ferberpainting.com\/wp-content\/uploads\/2025\/06\/Ultrasonic-Cleaner-Solution-5L.png",2560,2560,false],"thumbnail":["https:\/\/www.ferberpainting.com\/wp-content\/uploads\/2025\/06\/Ultrasonic-Cleaner-Solution-5L-150x150.png",150,150,true],"medium":["https:\/\/www.ferberpainting.com\/wp-content\/uploads\/2025\/06\/Ultrasonic-Cleaner-Solution-5L-300x300.png",300,300,true],"medium_large":["https:\/\/www.ferberpainting.com\/wp-content\/uploads\/2025\/06\/Ultrasonic-Cleaner-Solution-5L-768x768.png",768,768,true],"large":["https:\/\/www.ferberpainting.com\/wp-content\/uploads\/2025\/06\/Ultrasonic-Cleaner-Solution-5L-1024x1024.png",1024,1024,true],"1536x1536":["https:\/\/www.ferberpainting.com\/wp-content\/uploads\/2025\/06\/Ultrasonic-Cleaner-Solution-5L-1536x1536.png",1536,1536,true],"2048x2048":["https:\/\/www.ferberpainting.com\/wp-content\/uploads\/2025\/06\/Ultrasonic-Cleaner-Solution-5L-2048x2048.png",2048,2048,true],"trp-custom-language-flag":["https:\/\/www.ferberpainting.com\/wp-content\/uploads\/2025\/06\/Ultrasonic-Cleaner-Solution-5L-12x12.png",12,12,true],"woocommerce_thumbnail":["https:\/\/www.ferberpainting.com\/wp-content\/uploads\/2025\/06\/Ultrasonic-Cleaner-Solution-5L-300x300.png",300,300,true],"woocommerce_single":["https:\/\/www.ferberpainting.com\/wp-content\/uploads\/2025\/06\/Ultrasonic-Cleaner-Solution-5L-600x600.png",600,600,true],"woocommerce_gallery_thumbnail":["https:\/\/www.ferberpainting.com\/wp-content\/uploads\/2025\/06\/Ultrasonic-Cleaner-Solution-5L-100x100.png",100,100,true]},"uagb_author_info":{"display_name":"admin","author_link":"https:\/\/www.ferberpainting.com\/lt\/author\/"},"uagb_comment_info":17,"uagb_excerpt":"Optimal Effectiveness.\u00a0This ultrasonic bath cleaner is specially formulated to effectively eliminate impurities, grease residues, oxidation, and embedded contaminants from various objects. It enhances the ultrasonic cleaning action, allowing for deep cleaning, even in hard-to-reach areas. Its powerful formula quickly dissolves unwanted particles without damaging treated surfaces, ensuring a perfect and even cleaning result. Money-back guarantee.\u00a0We&hellip;","_links":{"self":[{"href":"https:\/\/www.ferberpainting.com\/lt\/wp-json\/wp\/v2\/product\/25612","targetHints":{"allow":["GET"]}}],"collection":[{"href":"https:\/\/www.ferberpainting.com\/lt\/wp-json\/wp\/v2\/product"}],"about":[{"href":"https:\/\/www.ferberpainting.com\/lt\/wp-json\/wp\/v2\/types\/product"}],"replies":[{"embeddable":true,"href":"https:\/\/www.ferberpainting.com\/lt\/wp-json\/wp\/v2\/comments?post=25612"}],"version-history":[{"count":4,"href":"https:\/\/www.ferberpainting.com\/lt\/wp-json\/wp\/v2\/product\/25612\/revisions"}],"predecessor-version":[{"id":167505,"href":"https:\/\/www.ferberpainting.com\/lt\/wp-json\/wp\/v2\/product\/25612\/revisions\/167505"}],"wp:featuredmedia":[{"embeddable":true,"href":"https:\/\/www.ferberpainting.com\/lt\/wp-json\/wp\/v2\/media\/35840"}],"wp:attachment":[{"href":"https:\/\/www.ferberpainting.com\/lt\/wp-json\/wp\/v2\/media?parent=25612"}],"wp:term":[{"taxonomy":"product_brand","embeddable":true,"href":"https:\/\/www.ferberpainting.com\/lt\/wp-json\/wp\/v2\/product_brand?post=25612"},{"taxonomy":"product_cat","embeddable":true,"href":"https:\/\/www.ferberpainting.com\/lt\/wp-json\/wp\/v2\/product_cat?post=25612"},{"taxonomy":"product_tag","embeddable":true,"href":"https:\/\/www.ferberpainting.com\/lt\/wp-json\/wp\/v2\/product_tag?post=25612"}],"curies":[{"name":"wp","href":"https:\/\/api.w.org\/{rel}","templated":true}]}}