{"id":25608,"date":"2025-06-30T19:05:09","date_gmt":"2025-06-30T17:05:09","guid":{"rendered":"https:\/\/www.ferberpainting.com\/?post_type=product&#038;p=25605"},"modified":"2026-02-16T13:59:27","modified_gmt":"2026-02-16T12:59:27","slug":"tv-computer-and-phone-screen-cleaner","status":"publish","type":"product","link":"https:\/\/www.ferberpainting.com\/lt\/products\/tv-computer-and-phone-screen-cleaner\/","title":{"rendered":"Televizori\u0173, kompiuteri\u0173 ir telefon\u0173 ekran\u0173 valiklis"},"content":{"rendered":"<p><strong><img decoding=\"async\" style=\"margin-right: 12px;\" src=\"https:\/\/www.ferberpainting.com\/wp-content\/uploads\/2026\/02\/Check.svg\" alt=\"\" width=\"18\" height=\"15\" \/>Optimalus veiksmingumas.<\/strong>\u00a0\u0160is televizori\u0173, telefon\u0173 ir kompiuteri\u0173 ekran\u0173 valiklis specialiai sukurtas taip, kad veiksmingai pa\u0161alint\u0173 pir\u0161t\u0173 atspaudus, dulkes, riebalus ir ant ekran\u0173 susikaupusius ne\u0161varumus. D\u0117l pa\u017eangios formul\u0117s jis akimirksniu i\u0161tirpina ne\u0161varumus nepalikdamas dry\u017ei\u0173 ar liku\u010di\u0173, u\u017etikrindamas ai\u0161kum\u0105 ir optimal\u0173 ry\u0161kum\u0105. Jis atkuria pirmin\u012f ekran\u0173 blizges\u012f ir pagerina reg\u0117jimo komfort\u0105, nes pa\u0161alina ne\u0161varum\u0173 sukeltus trukd\u017eius.<\/p>\n<p><strong><img decoding=\"async\" style=\"margin-right: 12px;\" src=\"https:\/\/www.ferberpainting.com\/wp-content\/uploads\/2026\/02\/Check.svg\" alt=\"\" width=\"18\" height=\"15\" \/>Pinig\u0173 gr\u0105\u017einimo garantija.<\/strong>\u00a0Visi\u0161kai pasitikime savo ekrano valiklio veiksmingumu. Jei po naudojimo nesate visi\u0161kai patenkinti, galite atgauti vis\u0105 sumok\u0117t\u0105 sum\u0105. I\u0161bandykite m\u016bs\u0173 gamin\u012f nerizikuodami ir m\u0117gaukit\u0117s visada \u0161variu ekranu be dry\u017ei\u0173, lengvai ir patikimai.<\/p>\n<p><strong><img decoding=\"async\" style=\"margin-right: 12px;\" src=\"https:\/\/www.ferberpainting.com\/wp-content\/uploads\/2026\/02\/Check.svg\" alt=\"\" width=\"18\" height=\"15\" \/>I\u0161skirtinis universalumas.<\/strong>\u00a0\u0160is valiklis naudojamas ne tik televizori\u0173, telefon\u0173 ar kompiuteri\u0173 ekranuose! Jis taip pat puikiai tinka plan\u0161etiniams kompiuteriams, i\u0161maniesiems laikrod\u017eiams, fotoaparat\u0173 l\u0119\u0161iams, akiniams, automobili\u0173 prietais\u0173 skydeliams, prietais\u0173 jutikliniams ekranams ir optiniams stiklams. Jis veikia stikl\u0105, plastik\u0105, akril\u0105 ir polikarbonat\u0105, u\u017etikrindamas \u0161veln\u0173 ir veiksming\u0105 valym\u0105, nepa\u017eeid\u017eiant antirefleksin\u0117s ar nuo pir\u0161t\u0173 atspaud\u0173 apsaugan\u010dios dangos.<\/p>\n<p><strong><img decoding=\"async\" style=\"margin-right: 12px;\" src=\"https:\/\/www.ferberpainting.com\/wp-content\/uploads\/2026\/02\/Check.svg\" alt=\"\" width=\"18\" height=\"15\" \/>Ekonomi\u0161kas.<\/strong>\u00a0\u0160is valiklis, kurio 5 litr\u0173 talpa ir itin veiksminga formul\u0117, yra labai vertingas. Nedidelio kiekio u\u017etenka de\u0161imtims ekran\u0173 i\u0161valyti be atliek\u0173. Vidutini\u0161kai vienu litru galima i\u0161valyti iki 500 ekran\u0173, tod\u0117l \u0161is valiklis yra tvarus ir ekonomi\u0161kas sprendimas ekran\u0173 prie\u017ei\u016brai namuose ar darbo vietoje.<\/p>\n<p><strong><img decoding=\"async\" style=\"margin-right: 12px;\" src=\"https:\/\/www.ferberpainting.com\/wp-content\/uploads\/2026\/02\/Check.svg\" alt=\"\" width=\"18\" height=\"15\" \/>Saugu naudoti.<\/strong>\u00a0Skirtingai nei alkoholio ar tirpikli\u0173 pagrindu pagaminti valikliai, \u0161is gaminys pagamintas i\u0161 nekorozini\u0173, netoksi\u0161k\u0173 ingredient\u0173, kurie nepa\u017eeid\u017eia dang\u0173. Jis neskleid\u017eia toksi\u0161k\u0173 gar\u0173, nedirgina odos ir yra saugus jautriems pavir\u0161iams. Subalansuotas pH u\u017etikrina \u0161veln\u0173 valym\u0105, tausojant\u012f ekrano med\u017eiagas - net ir pa\u010dias jautriausias.<\/p>\n<p><strong><img decoding=\"async\" style=\"margin-right: 12px;\" src=\"https:\/\/www.ferberpainting.com\/wp-content\/uploads\/2026\/02\/Check.svg\" alt=\"\" width=\"18\" height=\"15\" \/>Lengva naudoti.<\/strong> \u0160is valiklis yra paruo\u0161tas naudoti, jo nereikia skiesti ar sud\u0117tingai konfig\u016bruoti. Tiesiog u\u017etepkite j\u012f ant mikropluo\u0161to \u0161luost\u0117s ir nuvalykite ekran\u0105. Nereikia skalauti, jis greitai i\u0161d\u017ei\u016bsta be dry\u017ei\u0173, tod\u0117l ekranas i\u0161 karto b\u016bna \u0161varus ir paruo\u0161tas naudoti.<\/p>\n<p><strong><img decoding=\"async\" style=\"margin-right: 12px;\" src=\"https:\/\/www.ferberpainting.com\/wp-content\/uploads\/2026\/02\/Check.svg\" alt=\"\" width=\"18\" height=\"15\" \/>Didesnis patvarumas.<\/strong>\u00a0Reguliariai \u0161alindamas ne\u0161varumus ir riebalus, \u0161is valiklis prailgina ekran\u0173 tarnavimo laik\u0105. Jis apsaugo nuo \u012fbr\u0117\u017eim\u0173 ir pa\u017eeidim\u0173, atsirandan\u010di\u0173 d\u0117l lipni\u0173 sankaup\u0173. Reguliari prie\u017ei\u016bra u\u017etikrina, kad j\u016bs\u0173 ekranai b\u016bt\u0173 \u0161var\u016bs, funkcional\u016bs ir ilgus metus atrodyt\u0173 kaip nauji.<\/p>\n<p><strong><img decoding=\"async\" style=\"margin-right: 12px;\" src=\"https:\/\/www.ferberpainting.com\/wp-content\/uploads\/2026\/02\/Check.svg\" alt=\"\" width=\"18\" height=\"15\" \/>Greitas veiksmas.<\/strong>\u00a0D\u0117l itin reaktyvios formul\u0117s \u0161is valiklis akimirksniu pa\u0161alina d\u0117mes ir ne\u0161varumus. Vos per kelias sekundes jis i\u0161tirpina ne\u0161varumus ir leid\u017eia juos lengvai nuvalyti be \u0161veitimo. D\u0117l greito d\u017ei\u016bvimo poveikio jis idealiai tinka greitai ir veiksmingai vis\u0173 ekran\u0173 prie\u017ei\u016brai.<\/p>\n<h2><strong>Naudojimo instrukcijos<\/strong><\/h2>\n<ul>\n<li><strong>Paruo\u0161imas <\/strong>: \u012esitikinkite, kad ekranas yra i\u0161jungtas ir jame n\u0117ra dulki\u0173 ar daleli\u0173, kurios gali j\u012f subrai\u017eyti valant.<\/li>\n<li><strong>Rankinis taikymas <\/strong>: \u012epilkite nedidel\u012f kiek\u012f valiklio ant \u0161varios mikropluo\u0161to \u0161luost\u0117s. Niekada nepurk\u0161kite tiesiai ant ekrano, kad skystis nepatekt\u0173 \u012f elektroninius komponentus.<\/li>\n<li><strong>Valymas <\/strong>: \u0160velniai nuvalykite ekran\u0105 dr\u0117gna \u0161luoste sukamaisiais judesiais, kad pa\u0161alintum\u0117te pir\u0161t\u0173 atspaudus ir ne\u0161varumus, pernelyg nespausdami.<\/li>\n<li><strong>Apdaila <\/strong>: Dar kart\u0105 nu\u0161luostykite sausa mikropluo\u0161to \u0161luoste, kad rezultatas b\u016bt\u0173 be dry\u017ei\u0173 ir d\u0117mi\u0173.<\/li>\n<li><strong>Naudokite fotoaparato l\u0119\u0161iams ir optiniam stiklui <\/strong>: U\u017etepkite produkto ant mikropluo\u0161to \u0161luost\u0117s ir \u0161velniai valykite pavir\u0161i\u0173, naudodami lengv\u0105 spaudim\u0105, kad nepa\u017eeistum\u0117te dangos.<\/li>\n<li><strong>Naudojimo da\u017enumas <\/strong>: Valykite ekranus, kai tik atsiranda matom\u0173 d\u0117mi\u0173 ar dulki\u0173. Prevenci\u0161kai valykite kart\u0105 ar du kartus per savait\u0119, kad i\u0161laikytum\u0117te optimal\u0173 skaidrum\u0105 ir i\u0161vengtum\u0117te kaupimosi.<\/li>\n<li><strong>Saugykla <\/strong>: Po kiekvieno naudojimo sandariai u\u017edarykite talpykl\u0105 ir laikykite v\u0117sioje, sausoje, apsaugotoje nuo \u0161viesos ir ekstremalios temperat\u016bros vietoje, kad produktas ilgai i\u0161likt\u0173 veiksmingas.<\/li>\n<\/ul>\n<p>Naudodami m\u016bs\u0173 televizoriaus, telefono ir kompiuterio ekrano valikl\u012f kasdien m\u0117gaukit\u0117s kri\u0161tolo skaidrumo ekranu ir kartu apsaugokite savo elektronikos prietaisus. Tai veiksmingas, greitas ir saugus sprendimas, u\u017etikrinantis puik\u0173 vaizd\u0105 namuose ar darbe.<\/p>","protected":false},"excerpt":{"rendered":"<p>Optimal Effectiveness.\u00a0This screen cleaner for TVs, phones and computers is specially designed to effectively remove fingerprints, dust, grease, and impurities that build up on screens. Thanks to its advanced formula, it instantly dissolves dirt without leaving streaks or residue, ensuring clarity and optimal brightness. It restores your screens\u2019 original shine and enhances visual comfort by [&hellip;]<\/p>\n","protected":false},"featured_media":35835,"comment_status":"open","ping_status":"closed","template":"","meta":{"_uag_custom_page_level_css":"","site-sidebar-layout":"default","site-content-layout":"","ast-site-content-layout":"default","site-content-style":"default","site-sidebar-style":"default","ast-global-header-display":"","ast-banner-title-visibility":"","ast-main-header-display":"","ast-hfb-above-header-display":"","ast-hfb-below-header-display":"","ast-hfb-mobile-header-display":"","site-post-title":"","ast-breadcrumbs-content":"","ast-featured-img":"","footer-sml-layout":"","ast-disable-related-posts":"","theme-transparent-header-meta":"default","adv-header-id-meta":"","stick-header-meta":"","header-above-stick-meta":"","header-main-stick-meta":"","header-below-stick-meta":"","astra-migrate-meta-layouts":"set","ast-page-background-enabled":"default","ast-page-background-meta":{"desktop":{"background-color":"var(--ast-global-color-4)","background-image":"","background-repeat":"repeat","background-position":"center center","background-size":"auto","background-attachment":"scroll","background-type":"","background-media":"","overlay-type":"","overlay-color":"","overlay-opacity":"","overlay-gradient":""},"tablet":{"background-color":"","background-image":"","background-repeat":"repeat","background-position":"center center","background-size":"auto","background-attachment":"scroll","background-type":"","background-media":"","overlay-type":"","overlay-color":"","overlay-opacity":"","overlay-gradient":""},"mobile":{"background-color":"","background-image":"","background-repeat":"repeat","background-position":"center center","background-size":"auto","background-attachment":"scroll","background-type":"","background-media":"","overlay-type":"","overlay-color":"","overlay-opacity":"","overlay-gradient":""}},"ast-content-background-meta":{"desktop":{"background-color":"var(--ast-global-color-5)","background-image":"","background-repeat":"repeat","background-position":"center center","background-size":"auto","background-attachment":"scroll","background-type":"","background-media":"","overlay-type":"","overlay-color":"","overlay-opacity":"","overlay-gradient":""},"tablet":{"background-color":"var(--ast-global-color-5)","background-image":"","background-repeat":"repeat","background-position":"center center","background-size":"auto","background-attachment":"scroll","background-type":"","background-media":"","overlay-type":"","overlay-color":"","overlay-opacity":"","overlay-gradient":""},"mobile":{"background-color":"var(--ast-global-color-5)","background-image":"","background-repeat":"repeat","background-position":"center center","background-size":"auto","background-attachment":"scroll","background-type":"","background-media":"","overlay-type":"","overlay-color":"","overlay-opacity":"","overlay-gradient":""}}},"product_brand":[],"product_cat":[175],"product_tag":[],"class_list":{"0":"post-25608","1":"product","2":"type-product","3":"status-publish","4":"has-post-thumbnail","6":"product_cat-cleaning-products","7":"desktop-align-left","8":"tablet-align-left","9":"mobile-align-left","11":"first","12":"instock","13":"sale","14":"shipping-taxable","15":"purchasable","16":"product-type-variable","17":"has-default-attributes"},"spectra_custom_meta":{"_visibility":["visible"],"_shopify_product_id":["9102390755573"],"_s2w_shopify_domain":["ferberpainting.myshopify.com"],"_shopify_variant_id":["46616188879093"],"_sku":[""],"_manage_stock":["no"],"total_sales":["2"],"_tax_status":["taxable"],"_tax_class":[""],"_backorders":["no"],"_sold_individually":["no"],"_virtual":["no"],"_downloadable":["no"],"_download_limit":["-1"],"_download_expiry":["-1"],"_stock":[null],"_stock_status":["instock"],"_wc_average_rating":["5.00"],"_wc_review_count":["10"],"_product_attributes":["a:1:{s:6:\"volume\";a:6:{s:4:\"name\";s:6:\"Volume\";s:5:\"value\";s:20:\"5 liters | 25 liters\";s:8:\"position\";i:1;s:10:\"is_visible\";i:0;s:12:\"is_variation\";i:1;s:11:\"is_taxonomy\";i:0;}}"],"_product_version":["10.5.1"],"wpse_downloadable_file_names":[""],"wpse_downloadable_file_urls":[""],"_edit_last":["1"],"_edit_lock":["1771246641:1"],"_default_attributes":["a:1:{s:6:\"volume\";s:8:\"5 liters\";}"],"merchant-center-availability":["yes"],"merchant-center-category":["4973"],"_thumbnail_id":["35835"],"_wp_page_template":["default"],"_wp_old_date":["2025-05-26"],"_product_image_gallery":["35836"],"site-sidebar-layout":["default"],"ast-site-content-layout":["default"],"site-content-style":["default"],"site-sidebar-style":["default"],"theme-transparent-header-meta":["default"],"_price":["29.90","129.90"],"_wc_rating_count":["a:1:{i:5;i:10;}"],"astra-migrate-meta-layouts":["set"],"_uag_css_file_name":["uag-css-25608.css"],"_elementor_page_assets":["a:0:{}"],"_uag_page_assets":["a:9:{s:3:\"css\";s:7133:\".uag-blocks-common-selector{z-index:var(--z-index-desktop) !important}@media(max-width: 976px){.uag-blocks-common-selector{z-index:var(--z-index-tablet) !important}}@media(max-width: 767px){.uag-blocks-common-selector{z-index:var(--z-index-mobile) !important}}.wp-block-uagb-image{display:flex}.wp-block-uagb-image__figure{position:relative;display:flex;flex-direction:column;max-width:100%;height:auto;margin:0}.wp-block-uagb-image__figure img{height:auto;display:flex;max-width:100%;transition:box-shadow .2s ease}.wp-block-uagb-image__figure>a{display:inline-block}.wp-block-uagb-image__figure figcaption{text-align:center;margin-top:.5em;margin-bottom:1em}.wp-block-uagb-image .components-placeholder.block-editor-media-placeholder .components-placeholder__instructions{align-self:center}.wp-block-uagb-image--align-left{text-align:left}.wp-block-uagb-image--align-right{text-align:right}.wp-block-uagb-image--align-center{text-align:center}.wp-block-uagb-image--align-full .wp-block-uagb-image__figure{margin-left:calc(50% - 50vw);margin-right:calc(50% - 50vw);max-width:100vw;width:100vw;height:auto}.wp-block-uagb-image--align-full .wp-block-uagb-image__figure img{height:auto;width:100% !important}.wp-block-uagb-image--align-wide .wp-block-uagb-image__figure img{height:auto;width:100%}.wp-block-uagb-image--layout-overlay__color-wrapper{position:absolute;left:0;top:0;right:0;bottom:0;opacity:.2;background:rgba(0,0,0,.5);transition:opacity .35s ease-in-out}.wp-block-uagb-image--layout-overlay-link{position:absolute;left:0;right:0;bottom:0;top:0}.wp-block-uagb-image--layout-overlay .wp-block-uagb-image__figure:hover .wp-block-uagb-image--layout-overlay__color-wrapper{opacity:1}.wp-block-uagb-image--layout-overlay__inner{position:absolute;left:15px;right:15px;bottom:15px;top:15px;display:flex;align-items:center;justify-content:center;flex-direction:column;border-color:#fff;transition:.35s ease-in-out}.wp-block-uagb-image--layout-overlay__inner.top-left,.wp-block-uagb-image--layout-overlay__inner.top-center,.wp-block-uagb-image--layout-overlay__inner.top-right{justify-content:flex-start}.wp-block-uagb-image--layout-overlay__inner.bottom-left,.wp-block-uagb-image--layout-overlay__inner.bottom-center,.wp-block-uagb-image--layout-overlay__inner.bottom-right{justify-content:flex-end}.wp-block-uagb-image--layout-overlay__inner.top-left,.wp-block-uagb-image--layout-overlay__inner.center-left,.wp-block-uagb-image--layout-overlay__inner.bottom-left{align-items:flex-start}.wp-block-uagb-image--layout-overlay__inner.top-right,.wp-block-uagb-image--layout-overlay__inner.center-right,.wp-block-uagb-image--layout-overlay__inner.bottom-right{align-items:flex-end}.wp-block-uagb-image--layout-overlay__inner .uagb-image-heading{color:#fff;transition:transform .35s,opacity .35s ease-in-out;transform:translate3d(0, 24px, 0);margin:0;line-height:1em}.wp-block-uagb-image--layout-overlay__inner .uagb-image-separator{width:30%;border-top-width:2px;border-top-color:#fff;border-top-style:solid;margin-bottom:10px;opacity:0;transition:transform .4s,opacity .4s ease-in-out;transform:translate3d(0, 30px, 0)}.wp-block-uagb-image--layout-overlay__inner .uagb-image-caption{opacity:0;overflow:visible;color:#fff;transition:transform .45s,opacity .45s ease-in-out;transform:translate3d(0, 35px, 0)}.wp-block-uagb-image--layout-overlay__inner:hover .uagb-image-heading,.wp-block-uagb-image--layout-overlay__inner:hover .uagb-image-separator,.wp-block-uagb-image--layout-overlay__inner:hover .uagb-image-caption{opacity:1;transform:translate3d(0, 0, 0)}.wp-block-uagb-image--effect-zoomin .wp-block-uagb-image__figure img,.wp-block-uagb-image--effect-zoomin .wp-block-uagb-image__figure .wp-block-uagb-image--layout-overlay__color-wrapper{transform:scale(1);transition:transform .35s ease-in-out}.wp-block-uagb-image--effect-zoomin .wp-block-uagb-image__figure:hover img,.wp-block-uagb-image--effect-zoomin .wp-block-uagb-image__figure:hover .wp-block-uagb-image--layout-overlay__color-wrapper{transform:scale(1.05)}.wp-block-uagb-image--effect-slide .wp-block-uagb-image__figure img,.wp-block-uagb-image--effect-slide .wp-block-uagb-image__figure .wp-block-uagb-image--layout-overlay__color-wrapper{width:calc(100% + 40px) !important;max-width:none !important;transform:translate3d(-40px, 0, 0);transition:transform .35s ease-in-out}.wp-block-uagb-image--effect-slide .wp-block-uagb-image__figure:hover img,.wp-block-uagb-image--effect-slide .wp-block-uagb-image__figure:hover .wp-block-uagb-image--layout-overlay__color-wrapper{transform:translate3d(0, 0, 0)}.wp-block-uagb-image--effect-grayscale img{filter:grayscale(0%);transition:.35s ease-in-out}.wp-block-uagb-image--effect-grayscale:hover img{filter:grayscale(100%)}.wp-block-uagb-image--effect-blur img{filter:blur(0);transition:.35s ease-in-out}.wp-block-uagb-image--effect-blur:hover img{filter:blur(3px)}.uagb-block-e6f939b3.wp-block-uagb-image--layout-default figure img{box-shadow: 0px 0px 0 #00000070;}.uagb-block-e6f939b3.wp-block-uagb-image .wp-block-uagb-image__figure figcaption{font-style: normal;align-self: center;}.uagb-block-e6f939b3.wp-block-uagb-image--layout-overlay figure img{box-shadow: 0px 0px 0 #00000070;}.uagb-block-e6f939b3.wp-block-uagb-image--layout-overlay .wp-block-uagb-image--layout-overlay__color-wrapper{opacity: 0.2;}.uagb-block-e6f939b3.wp-block-uagb-image--layout-overlay .wp-block-uagb-image--layout-overlay__inner{left: 15px;right: 15px;top: 15px;bottom: 15px;}.uagb-block-e6f939b3.wp-block-uagb-image--layout-overlay .wp-block-uagb-image--layout-overlay__inner .uagb-image-heading{font-style: normal;color: #fff;opacity: 1;}.uagb-block-e6f939b3.wp-block-uagb-image--layout-overlay .wp-block-uagb-image--layout-overlay__inner .uagb-image-heading a{color: #fff;}.uagb-block-e6f939b3.wp-block-uagb-image--layout-overlay .wp-block-uagb-image--layout-overlay__inner .uagb-image-caption{opacity: 0;}.uagb-block-e6f939b3.wp-block-uagb-image--layout-overlay .wp-block-uagb-image__figure:hover .wp-block-uagb-image--layout-overlay__color-wrapper{opacity: 1;}.uagb-block-e6f939b3.wp-block-uagb-image .wp-block-uagb-image--layout-overlay__inner .uagb-image-separator{width: 30%;border-top-width: 2px;border-top-color: #fff;opacity: 0;}.uagb-block-e6f939b3.wp-block-uagb-image .wp-block-uagb-image__figure img{width: px;height: auto;}.uagb-block-e6f939b3.wp-block-uagb-image .wp-block-uagb-image__figure:hover .wp-block-uagb-image--layout-overlay__inner .uagb-image-caption{opacity: 1;}.uagb-block-e6f939b3.wp-block-uagb-image .wp-block-uagb-image__figure:hover .wp-block-uagb-image--layout-overlay__inner .uagb-image-separator{opacity: 1;}.uagb-block-e6f939b3.wp-block-uagb-image--layout-default figure:hover img{box-shadow: 0px 0px 0 #00000070;}.uagb-block-e6f939b3.wp-block-uagb-image--layout-overlay figure:hover img{box-shadow: 0px 0px 0 #00000070;}@media only screen and (max-width: 976px) {.uagb-block-e6f939b3.wp-block-uagb-image .wp-block-uagb-image__figure img{width: px;height: auto;}}@media only screen and (max-width: 767px) {.uagb-block-e6f939b3.wp-block-uagb-image .wp-block-uagb-image__figure img{width: px;height: auto;}}\";s:2:\"js\";s:0:\"\";s:18:\"current_block_list\";a:13:{i:0;s:11:\"core\/search\";i:1;s:10:\"core\/group\";i:2;s:12:\"core\/heading\";i:3;s:17:\"core\/latest-posts\";i:4;s:20:\"core\/latest-comments\";i:5;s:13:\"core\/archives\";i:6;s:15:\"core\/categories\";i:7;s:14:\"core\/paragraph\";i:8;s:10:\"uagb\/image\";i:9;s:11:\"core\/spacer\";i:10;s:30:\"woocommerce\/product-categories\";i:11;s:10:\"core\/image\";i:12;s:14:\"core\/shortcode\";}s:8:\"uag_flag\";b:1;s:11:\"uag_version\";s:10:\"1777115842\";s:6:\"gfonts\";a:0:{}s:10:\"gfonts_url\";s:0:\"\";s:12:\"gfonts_files\";a:0:{}s:14:\"uag_faq_layout\";b:0;}"]},"uagb_featured_image_src":{"full":["https:\/\/www.ferberpainting.com\/wp-content\/uploads\/2025\/05\/TV-Computer-and-Phone-Screen-Cleaner-5L.png",2560,2560,false],"thumbnail":["https:\/\/www.ferberpainting.com\/wp-content\/uploads\/2025\/05\/TV-Computer-and-Phone-Screen-Cleaner-5L-150x150.png",150,150,true],"medium":["https:\/\/www.ferberpainting.com\/wp-content\/uploads\/2025\/05\/TV-Computer-and-Phone-Screen-Cleaner-5L-300x300.png",300,300,true],"medium_large":["https:\/\/www.ferberpainting.com\/wp-content\/uploads\/2025\/05\/TV-Computer-and-Phone-Screen-Cleaner-5L-768x768.png",768,768,true],"large":["https:\/\/www.ferberpainting.com\/wp-content\/uploads\/2025\/05\/TV-Computer-and-Phone-Screen-Cleaner-5L-1024x1024.png",1024,1024,true],"1536x1536":["https:\/\/www.ferberpainting.com\/wp-content\/uploads\/2025\/05\/TV-Computer-and-Phone-Screen-Cleaner-5L-1536x1536.png",1536,1536,true],"2048x2048":["https:\/\/www.ferberpainting.com\/wp-content\/uploads\/2025\/05\/TV-Computer-and-Phone-Screen-Cleaner-5L-2048x2048.png",2048,2048,true],"trp-custom-language-flag":["https:\/\/www.ferberpainting.com\/wp-content\/uploads\/2025\/05\/TV-Computer-and-Phone-Screen-Cleaner-5L-12x12.png",12,12,true],"woocommerce_thumbnail":["https:\/\/www.ferberpainting.com\/wp-content\/uploads\/2025\/05\/TV-Computer-and-Phone-Screen-Cleaner-5L-300x300.png",300,300,true],"woocommerce_single":["https:\/\/www.ferberpainting.com\/wp-content\/uploads\/2025\/05\/TV-Computer-and-Phone-Screen-Cleaner-5L-600x600.png",600,600,true],"woocommerce_gallery_thumbnail":["https:\/\/www.ferberpainting.com\/wp-content\/uploads\/2025\/05\/TV-Computer-and-Phone-Screen-Cleaner-5L-100x100.png",100,100,true]},"uagb_author_info":{"display_name":"admin","author_link":"https:\/\/www.ferberpainting.com\/lt\/author\/"},"uagb_comment_info":10,"uagb_excerpt":"Optimal Effectiveness.\u00a0This screen cleaner for TVs, phones and computers is specially designed to effectively remove fingerprints, dust, grease, and impurities that build up on screens. Thanks to its advanced formula, it instantly dissolves dirt without leaving streaks or residue, ensuring clarity and optimal brightness. It restores your screens\u2019 original shine and enhances visual comfort by&hellip;","_links":{"self":[{"href":"https:\/\/www.ferberpainting.com\/lt\/wp-json\/wp\/v2\/product\/25608","targetHints":{"allow":["GET"]}}],"collection":[{"href":"https:\/\/www.ferberpainting.com\/lt\/wp-json\/wp\/v2\/product"}],"about":[{"href":"https:\/\/www.ferberpainting.com\/lt\/wp-json\/wp\/v2\/types\/product"}],"replies":[{"embeddable":true,"href":"https:\/\/www.ferberpainting.com\/lt\/wp-json\/wp\/v2\/comments?post=25608"}],"version-history":[{"count":4,"href":"https:\/\/www.ferberpainting.com\/lt\/wp-json\/wp\/v2\/product\/25608\/revisions"}],"predecessor-version":[{"id":167503,"href":"https:\/\/www.ferberpainting.com\/lt\/wp-json\/wp\/v2\/product\/25608\/revisions\/167503"}],"wp:featuredmedia":[{"embeddable":true,"href":"https:\/\/www.ferberpainting.com\/lt\/wp-json\/wp\/v2\/media\/35835"}],"wp:attachment":[{"href":"https:\/\/www.ferberpainting.com\/lt\/wp-json\/wp\/v2\/media?parent=25608"}],"wp:term":[{"taxonomy":"product_brand","embeddable":true,"href":"https:\/\/www.ferberpainting.com\/lt\/wp-json\/wp\/v2\/product_brand?post=25608"},{"taxonomy":"product_cat","embeddable":true,"href":"https:\/\/www.ferberpainting.com\/lt\/wp-json\/wp\/v2\/product_cat?post=25608"},{"taxonomy":"product_tag","embeddable":true,"href":"https:\/\/www.ferberpainting.com\/lt\/wp-json\/wp\/v2\/product_tag?post=25608"}],"curies":[{"name":"wp","href":"https:\/\/api.w.org\/{rel}","templated":true}]}}