{"id":25605,"date":"2025-06-30T18:58:26","date_gmt":"2025-06-30T16:58:26","guid":{"rendered":"https:\/\/www.ferberpainting.com\/?post_type=product&#038;p=25605"},"modified":"2026-02-16T13:54:24","modified_gmt":"2026-02-16T12:54:24","slug":"tumble-dryer-cleaner","status":"publish","type":"product","link":"https:\/\/www.ferberpainting.com\/lt\/products\/tumble-dryer-cleaner\/","title":{"rendered":"D\u017eiovintuv\u0173 valytuvas"},"content":{"rendered":"<p><strong><img decoding=\"async\" style=\"margin-right: 12px;\" src=\"https:\/\/www.ferberpainting.com\/wp-content\/uploads\/2026\/02\/Check.svg\" alt=\"\" width=\"18\" height=\"15\" \/>Optimalus efektyvumas.<\/strong> \u0160is b\u016bgnin\u0117s d\u017eiovykl\u0117s valiklis yra specialiai sukurtas veiksmingai pa\u0161alinti skalbimo priemoni\u0173 liku\u010dius, kalki\u0173 nuos\u0117das, tekstil\u0117s dulkes, taip pat riebalus ir ne\u0161varumus, kurie ilgainiui susikaupia prietaise. D\u0117l savo galingos formul\u0117s jis nuodugniai i\u0161valo b\u016bgn\u0105, filtrus, ventiliacijos kanalus ir d\u017eiovykl\u0117s vidinius komponentus. Jos veikimas padeda u\u017etikrinti optimal\u0173 prietaiso veikim\u0105, i\u0161vengti perkaitimo, prailginti variklio tarnavimo laik\u0105 ir u\u017etikrinti efektyvesn\u012f d\u017eiovinim\u0105.<\/p>\n<p><strong><img decoding=\"async\" style=\"margin-right: 12px;\" src=\"https:\/\/www.ferberpainting.com\/wp-content\/uploads\/2026\/02\/Check.svg\" alt=\"\" width=\"18\" height=\"15\" \/>Pinig\u0173 gr\u0105\u017einimo garantija.<\/strong>\u00a0Mes visi\u0161kai pasitikime savo valymo priemon\u0117s veiksmingumu. Jei po naudojimo nesate visi\u0161kai patenkinti rezultatais, galite atgauti vis\u0105 sumok\u0117t\u0105 sum\u0105. I\u0161bandykite m\u016bs\u0173 gamin\u012f visi\u0161kai ramiai ir m\u0117gaukit\u0117s puikiai pri\u017ei\u016brima d\u017eiovykle be joki\u0173 pastang\u0173 ir rizikos.<\/p>\n<p><strong><img decoding=\"async\" style=\"margin-right: 12px;\" src=\"https:\/\/www.ferberpainting.com\/wp-content\/uploads\/2026\/02\/Check.svg\" alt=\"\" width=\"18\" height=\"15\" \/>I\u0161skirtinis universalumas.<\/strong> \u0160iuo valikliu galima valyti ne tik d\u017eiovyklas, bet ir skalbykli\u0173-d\u017eiovykli\u0173 ventiliacijos kanalus, ventiliacijos groteles, dr\u0117gm\u0117s jutiklius ir p\u016bkeli\u0173 filtrus. Jis veikia \u012fvairias med\u017eiagas, pavyzd\u017eiui, ner\u016bdijant\u012f plien\u0105, aliumin\u012f, plastik\u0105, gum\u0105, stikl\u0105 ir net kai kuriuos lakuotus pavir\u0161ius. D\u0117l savo universalumo jis leid\u017eia atlikti visapusi\u0161k\u0105 prietaiso ir susijusi\u0173 komponent\u0173 prie\u017ei\u016br\u0105, u\u017etikrinant optimal\u0173 veikim\u0105 ir nepriekai\u0161ting\u0105 higien\u0105.<\/p>\n<p><strong><img decoding=\"async\" style=\"margin-right: 12px;\" src=\"https:\/\/www.ferberpainting.com\/wp-content\/uploads\/2026\/02\/Check.svg\" alt=\"\" width=\"18\" height=\"15\" \/>Ekonomi\u0161kas veikimas. <\/strong>D\u0117l 5 litr\u0173 talpos kanistro formato ir didel\u0117s koncentracijos \u0161is valytuvas pasi\u017eymi puikia verte. Nedidelio kiekio pakanka keliems d\u017eiovinimo ciklams ir \u012fvairioms prietaiso sudedamosioms dalims i\u0161valyti. Vidutini\u0161kai vienu litru produkto galima i\u0161valyti iki 30 prie\u017ei\u016bros cikl\u0173, tod\u0117l tai ekonomi\u0161kas ir efektyvus sprendimas, skirtas reguliariam ar intensyviam naudojimui.<\/p>\n<p><strong><img decoding=\"async\" style=\"margin-right: 12px;\" src=\"https:\/\/www.ferberpainting.com\/wp-content\/uploads\/2026\/02\/Check.svg\" alt=\"\" width=\"18\" height=\"15\" \/>Saugu naudoti.<\/strong>\u00a0Skirtingai nuo produkt\u0173, kuri\u0173 sud\u0117tyje yra korozini\u0173 med\u017eiag\u0173 ar agresyvi\u0173 med\u017eiag\u0173, galin\u010di\u0173 pa\u017eeisti elektroninius komponentus ar susilpninti d\u017eiovintuvo sandariklius, \u0161io valiklio sud\u0117tyje n\u0117ra pavojing\u0173 tirpikli\u0173 ar toksi\u0161k\u0173 produkt\u0173. Jis neskleid\u017eia dirginan\u010di\u0173 gar\u0173 ir tausoja jautrias med\u017eiagas. \u0160velnus, bet veiksmingas veikimas u\u017etikrina saug\u0173 valym\u0105 net ir esant vaikams ar naminiams gyv\u016bnams.<\/p>\n<p><strong><img decoding=\"async\" style=\"margin-right: 12px;\" src=\"https:\/\/www.ferberpainting.com\/wp-content\/uploads\/2026\/02\/Check.svg\" alt=\"\" width=\"18\" height=\"15\" \/>Lengva naudoti.<\/strong>\u00a0\u0160is produktas yra paruo\u0161tas naudoti, jo nereikia skiesti ar sud\u0117tingai ruo\u0161ti. Jis tepamas tiesiai ant vidini\u0173 ir i\u0161orini\u0173 d\u017eiovintuvo pavir\u0161i\u0173 naudojant \u0161luost\u0119 arba purk\u0161tuv\u0105. Greitai veikianti priemon\u0117 pa\u0161alina ne\u0161varumus per kelias sekundes, jos nereikia per daug skalbti ar stengtis. D\u0117l intuityvaus naudojimo juo gali naudotis visi, net ir neturintys patirties prietais\u0173 prie\u017ei\u016bros srityje.<\/p>\n<p><strong><img decoding=\"async\" style=\"margin-right: 12px;\" src=\"https:\/\/www.ferberpainting.com\/wp-content\/uploads\/2026\/02\/Check.svg\" alt=\"\" width=\"18\" height=\"15\" \/>I\u0161pl\u0117stinis patvarumas.<\/strong>\u00a0Veiksmingai \u0161alindamas kalkes, dulkes ir tekstil\u0117s liku\u010dius, \u0161is valiklis padeda prailginti d\u017eiovykl\u0117s tarnavimo laik\u0105 ir optimizuoti jos efektyvum\u0105. Jis neleid\u017eia u\u017esikim\u0161ti ventiliacijos kanalams, ma\u017eina sandarikli\u0173 nusid\u0117v\u0117jim\u0105 ir gerina oro sraut\u0105, u\u017etikrindamas geresn\u012f dr\u0117gm\u0117s pa\u0161alinim\u0105 ir ma\u017eesnes energijos s\u0105naudas. Reguliari \u0161io gaminio prie\u017ei\u016bra padeda i\u0161vengti brangiai kainuojan\u010di\u0173 gedim\u0173 ir u\u017etikrina optimal\u0173 ilgalaik\u012f veikim\u0105.<\/p>\n<p><strong><img decoding=\"async\" style=\"margin-right: 12px;\" src=\"https:\/\/www.ferberpainting.com\/wp-content\/uploads\/2026\/02\/Check.svg\" alt=\"\" width=\"18\" height=\"15\" \/>Greitas veiksmas.<\/strong>\u00a0D\u0117l itin aktyvios formul\u0117s \u0161is valiklis i\u0161 karto veikia ne\u0161varumus ir \u012fsisen\u0117jusias nuos\u0117das. Vos per kelias minutes jis i\u0161tirpina liku\u010dius ir palengvina j\u0173 pa\u0161alinim\u0105, nereikalaudamas sud\u0117tingo prietaiso i\u0161ardymo. Jis leid\u017eia greitai ir efektyviai i\u0161valyti - idealiai tinka be r\u016bpes\u010di\u0173 pri\u017ei\u016br\u0117ti d\u017eiovykl\u0119, u\u017etikrinant efektyvesn\u012f ir tolygesn\u012f drabu\u017ei\u0173 d\u017eiovinim\u0105.<\/p>\n<h2><strong>Naudojimo protokolas<\/strong><\/h2>\n<ul>\n<li><strong>Paruo\u0161imas <\/strong>: Prie\u0161 naudodami produkt\u0105 \u012fsitikinkite, kad d\u017eiovykl\u0117 yra i\u0161jungta ir tu\u0161\u010dia. \u012esitikinkite, kad p\u016bkeli\u0173 filtras yra prieinamas giluminiam valymui.<\/li>\n<li><strong style=\"font-size: 16px;\">Naudojimas ant b\u016bgno ir filtr\u0173 <\/strong><span style=\"font-size: 16px;\">: Nedidel\u012f kiek\u012f valiklio supilkite ant \u0161varios \u0161luost\u0117s arba neabrazyvin\u0117s kempin\u0117s ir tolygiai u\u017etepkite ant vidinio b\u016bgno pavir\u0161iaus. Taip pat i\u0161valykite p\u016bkeli\u0173 filtrus, u\u017etepdami priemon\u0117s ir \u0161velniai nu\u0161veiskite, kad pa\u0161alintum\u0117te susikaupusius liku\u010dius.<\/span><\/li>\n<li><strong style=\"font-size: 16px;\">Ventiliacijos kanal\u0173 valymas <\/strong><span style=\"font-size: 16px;\">: Naudokite pur\u0161kiam\u0105j\u012f buteliuk\u0105 arba \u0161luost\u0119, suvilgyt\u0105 gaminiu, ir tepkite juo v\u0117dinimo groteles bei oro i\u0161metimo kanalus. Prie\u0161 nuvalydami sausu skudur\u0117liu, palikite kelioms minut\u0117ms, kad produktas i\u0161tirpint\u0173 ne\u0161varumus.<\/span><\/li>\n<li><strong style=\"font-size: 16px;\">Dr\u0117gm\u0117s jutikli\u0173 valymas <\/strong><span style=\"font-size: 16px;\">: Nedidel\u012f kiek\u012f priemon\u0117s u\u017etepkite ant mikropluo\u0161to \u0161luost\u0117s ir \u0161velniai nuvalykite b\u016bgno viduje esan\u010dius dr\u0117gm\u0117s jutiklius. Tai padeda optimizuoti dr\u0117gm\u0117s aptikim\u0105 ir pagerinti d\u017eiovinimo efektyvum\u0105.<\/span><\/li>\n<li><strong style=\"font-size: 16px;\">Skalavimas ir apdaila <\/strong><span style=\"font-size: 16px;\">: Nuvalykite dr\u0117gnu skudur\u0117liu, kad pa\u0161alintum\u0117te produkto pertekli\u0173, tada nusausinkite \u0161variu, sausu skudur\u0117liu.<\/span><\/li>\n<li><strong style=\"font-size: 16px;\">Valymo ciklo paleidimas <\/strong><span style=\"font-size: 16px;\">: Nor\u0117dami atlikti gilumin\u012f valym\u0105, 10 minu\u010di\u0173 paleiskite tu\u0161\u010di\u0105 d\u017eiovinimo cikl\u0105, kad pa\u0161alintum\u0117te visas likusias daleles ir u\u017etikrintum\u0117te optimal\u0173 d\u017eiovykl\u0117s veikim\u0105.<\/span><\/li>\n<li><strong style=\"font-size: 16px;\">Naudojimo da\u017enumas <\/strong><span style=\"font-size: 16px;\">: Naudokite kart\u0105 per m\u0117nes\u012f reguliariai prie\u017ei\u016brai ir kad nesikaupt\u0173 liku\u010di\u0173. Intensyviai naudojamas d\u017eiovyklas rekomenduojama valyti kas dvi savaites.<\/span><\/li>\n<li><strong style=\"font-size: 16px;\">Saugykla <\/strong><span style=\"font-size: 16px;\">: Po kiekvieno naudojimo sandariai u\u017edarykite talpykl\u0119 ir laikykite v\u0117sioje, sausoje vietoje, apsaugotoje nuo \u0161viesos ir ekstremalios temperat\u016bros, kad produktas ilgai i\u0161likt\u0173 veiksmingas.<\/span><\/li>\n<\/ul>\n<p>Naudodami m\u016bs\u0173 b\u016bgnin\u0117s d\u017eiovykl\u0117s valikl\u012f u\u017etikrinsite optimali\u0105 prietaiso prie\u017ei\u016br\u0105, prailginsite jo tarnavimo laik\u0105 ir padidinsite drabu\u017ei\u0173 d\u017eiovinimo efektyvum\u0105. Tai idealus sprendimas nuolat \u0161vie\u017eiems skalbiniams, ma\u017eesniam energijos naudojimui ir puikiai pri\u017ei\u016brimai d\u017eiovyklei.<\/p>","protected":false},"excerpt":{"rendered":"<p>Optimal Efficiency. This tumble dryer cleaner is specially designed to effectively eliminate detergent residues, limescale deposits, textile dust, as well as grease and dirt buildup that accumulates over time in the appliance. Thanks to its powerful formula, it deeply cleans the drum, filters, ventilation ducts, and internal components of the dryer. Its action helps ensure [&hellip;]<\/p>\n","protected":false},"featured_media":35828,"comment_status":"open","ping_status":"closed","template":"","meta":{"_uag_custom_page_level_css":"","site-sidebar-layout":"default","site-content-layout":"","ast-site-content-layout":"default","site-content-style":"default","site-sidebar-style":"default","ast-global-header-display":"","ast-banner-title-visibility":"","ast-main-header-display":"","ast-hfb-above-header-display":"","ast-hfb-below-header-display":"","ast-hfb-mobile-header-display":"","site-post-title":"","ast-breadcrumbs-content":"","ast-featured-img":"","footer-sml-layout":"","ast-disable-related-posts":"","theme-transparent-header-meta":"default","adv-header-id-meta":"","stick-header-meta":"","header-above-stick-meta":"","header-main-stick-meta":"","header-below-stick-meta":"","astra-migrate-meta-layouts":"set","ast-page-background-enabled":"default","ast-page-background-meta":{"desktop":{"background-color":"var(--ast-global-color-4)","background-image":"","background-repeat":"repeat","background-position":"center center","background-size":"auto","background-attachment":"scroll","background-type":"","background-media":"","overlay-type":"","overlay-color":"","overlay-opacity":"","overlay-gradient":""},"tablet":{"background-color":"","background-image":"","background-repeat":"repeat","background-position":"center center","background-size":"auto","background-attachment":"scroll","background-type":"","background-media":"","overlay-type":"","overlay-color":"","overlay-opacity":"","overlay-gradient":""},"mobile":{"background-color":"","background-image":"","background-repeat":"repeat","background-position":"center center","background-size":"auto","background-attachment":"scroll","background-type":"","background-media":"","overlay-type":"","overlay-color":"","overlay-opacity":"","overlay-gradient":""}},"ast-content-background-meta":{"desktop":{"background-color":"var(--ast-global-color-5)","background-image":"","background-repeat":"repeat","background-position":"center center","background-size":"auto","background-attachment":"scroll","background-type":"","background-media":"","overlay-type":"","overlay-color":"","overlay-opacity":"","overlay-gradient":""},"tablet":{"background-color":"var(--ast-global-color-5)","background-image":"","background-repeat":"repeat","background-position":"center center","background-size":"auto","background-attachment":"scroll","background-type":"","background-media":"","overlay-type":"","overlay-color":"","overlay-opacity":"","overlay-gradient":""},"mobile":{"background-color":"var(--ast-global-color-5)","background-image":"","background-repeat":"repeat","background-position":"center center","background-size":"auto","background-attachment":"scroll","background-type":"","background-media":"","overlay-type":"","overlay-color":"","overlay-opacity":"","overlay-gradient":""}}},"product_brand":[],"product_cat":[175],"product_tag":[],"class_list":{"0":"post-25605","1":"product","2":"type-product","3":"status-publish","4":"has-post-thumbnail","6":"product_cat-cleaning-products","7":"desktop-align-left","8":"tablet-align-left","9":"mobile-align-left","11":"first","12":"instock","13":"sale","14":"taxable","15":"shipping-taxable","16":"purchasable","17":"product-type-variable","18":"has-default-attributes"},"spectra_custom_meta":{"_visibility":["visible"],"_shopify_product_id":["9106239291637"],"_s2w_shopify_domain":["ferberpainting.myshopify.com"],"_shopify_variant_id":["46625778696437"],"_sku":[""],"_manage_stock":["no"],"total_sales":["39"],"_tax_status":["taxable"],"_tax_class":[""],"_backorders":["no"],"_sold_individually":["no"],"_virtual":["no"],"_downloadable":["no"],"_download_limit":["-1"],"_download_expiry":["-1"],"_stock":[null],"_stock_status":["instock"],"_wc_average_rating":["5.00"],"_wc_review_count":["10"],"_product_attributes":["a:1:{s:6:\"volume\";a:6:{s:4:\"name\";s:6:\"Volume\";s:5:\"value\";s:20:\"5 liters | 25 liters\";s:8:\"position\";i:1;s:10:\"is_visible\";i:0;s:12:\"is_variation\";i:1;s:11:\"is_taxonomy\";i:0;}}"],"_product_version":["10.5.1"],"wpse_downloadable_file_names":[""],"wpse_downloadable_file_urls":[""],"_edit_last":["1"],"_default_attributes":["a:1:{s:6:\"volume\";s:8:\"5 liters\";}"],"_edit_lock":["1771246347:1"],"_price":["29.90","129.90"],"merchant-center-availability":["yes"],"merchant-center-category":["7462"],"_thumbnail_id":["35828"],"_wp_page_template":["default"],"_wp_old_date":["2025-05-26"],"_product_image_gallery":["35829"],"site-sidebar-layout":["default"],"ast-site-content-layout":["default"],"site-content-style":["default"],"site-sidebar-style":["default"],"theme-transparent-header-meta":["default"],"_wc_rating_count":["a:1:{i:5;i:10;}"],"astra-migrate-meta-layouts":["set"],"_uag_css_file_name":["uag-css-25605.css"],"_elementor_page_assets":["a:0:{}"],"_uag_page_assets":["a:9:{s:3:\"css\";s:7133:\".uag-blocks-common-selector{z-index:var(--z-index-desktop) !important}@media(max-width: 976px){.uag-blocks-common-selector{z-index:var(--z-index-tablet) !important}}@media(max-width: 767px){.uag-blocks-common-selector{z-index:var(--z-index-mobile) !important}}.wp-block-uagb-image{display:flex}.wp-block-uagb-image__figure{position:relative;display:flex;flex-direction:column;max-width:100%;height:auto;margin:0}.wp-block-uagb-image__figure img{height:auto;display:flex;max-width:100%;transition:box-shadow .2s ease}.wp-block-uagb-image__figure>a{display:inline-block}.wp-block-uagb-image__figure figcaption{text-align:center;margin-top:.5em;margin-bottom:1em}.wp-block-uagb-image .components-placeholder.block-editor-media-placeholder .components-placeholder__instructions{align-self:center}.wp-block-uagb-image--align-left{text-align:left}.wp-block-uagb-image--align-right{text-align:right}.wp-block-uagb-image--align-center{text-align:center}.wp-block-uagb-image--align-full .wp-block-uagb-image__figure{margin-left:calc(50% - 50vw);margin-right:calc(50% - 50vw);max-width:100vw;width:100vw;height:auto}.wp-block-uagb-image--align-full .wp-block-uagb-image__figure img{height:auto;width:100% !important}.wp-block-uagb-image--align-wide .wp-block-uagb-image__figure img{height:auto;width:100%}.wp-block-uagb-image--layout-overlay__color-wrapper{position:absolute;left:0;top:0;right:0;bottom:0;opacity:.2;background:rgba(0,0,0,.5);transition:opacity .35s ease-in-out}.wp-block-uagb-image--layout-overlay-link{position:absolute;left:0;right:0;bottom:0;top:0}.wp-block-uagb-image--layout-overlay .wp-block-uagb-image__figure:hover .wp-block-uagb-image--layout-overlay__color-wrapper{opacity:1}.wp-block-uagb-image--layout-overlay__inner{position:absolute;left:15px;right:15px;bottom:15px;top:15px;display:flex;align-items:center;justify-content:center;flex-direction:column;border-color:#fff;transition:.35s ease-in-out}.wp-block-uagb-image--layout-overlay__inner.top-left,.wp-block-uagb-image--layout-overlay__inner.top-center,.wp-block-uagb-image--layout-overlay__inner.top-right{justify-content:flex-start}.wp-block-uagb-image--layout-overlay__inner.bottom-left,.wp-block-uagb-image--layout-overlay__inner.bottom-center,.wp-block-uagb-image--layout-overlay__inner.bottom-right{justify-content:flex-end}.wp-block-uagb-image--layout-overlay__inner.top-left,.wp-block-uagb-image--layout-overlay__inner.center-left,.wp-block-uagb-image--layout-overlay__inner.bottom-left{align-items:flex-start}.wp-block-uagb-image--layout-overlay__inner.top-right,.wp-block-uagb-image--layout-overlay__inner.center-right,.wp-block-uagb-image--layout-overlay__inner.bottom-right{align-items:flex-end}.wp-block-uagb-image--layout-overlay__inner .uagb-image-heading{color:#fff;transition:transform .35s,opacity .35s ease-in-out;transform:translate3d(0, 24px, 0);margin:0;line-height:1em}.wp-block-uagb-image--layout-overlay__inner .uagb-image-separator{width:30%;border-top-width:2px;border-top-color:#fff;border-top-style:solid;margin-bottom:10px;opacity:0;transition:transform .4s,opacity .4s ease-in-out;transform:translate3d(0, 30px, 0)}.wp-block-uagb-image--layout-overlay__inner .uagb-image-caption{opacity:0;overflow:visible;color:#fff;transition:transform .45s,opacity .45s ease-in-out;transform:translate3d(0, 35px, 0)}.wp-block-uagb-image--layout-overlay__inner:hover .uagb-image-heading,.wp-block-uagb-image--layout-overlay__inner:hover .uagb-image-separator,.wp-block-uagb-image--layout-overlay__inner:hover .uagb-image-caption{opacity:1;transform:translate3d(0, 0, 0)}.wp-block-uagb-image--effect-zoomin .wp-block-uagb-image__figure img,.wp-block-uagb-image--effect-zoomin .wp-block-uagb-image__figure .wp-block-uagb-image--layout-overlay__color-wrapper{transform:scale(1);transition:transform .35s ease-in-out}.wp-block-uagb-image--effect-zoomin .wp-block-uagb-image__figure:hover img,.wp-block-uagb-image--effect-zoomin .wp-block-uagb-image__figure:hover .wp-block-uagb-image--layout-overlay__color-wrapper{transform:scale(1.05)}.wp-block-uagb-image--effect-slide .wp-block-uagb-image__figure img,.wp-block-uagb-image--effect-slide .wp-block-uagb-image__figure .wp-block-uagb-image--layout-overlay__color-wrapper{width:calc(100% + 40px) !important;max-width:none !important;transform:translate3d(-40px, 0, 0);transition:transform .35s ease-in-out}.wp-block-uagb-image--effect-slide .wp-block-uagb-image__figure:hover img,.wp-block-uagb-image--effect-slide .wp-block-uagb-image__figure:hover .wp-block-uagb-image--layout-overlay__color-wrapper{transform:translate3d(0, 0, 0)}.wp-block-uagb-image--effect-grayscale img{filter:grayscale(0%);transition:.35s ease-in-out}.wp-block-uagb-image--effect-grayscale:hover img{filter:grayscale(100%)}.wp-block-uagb-image--effect-blur img{filter:blur(0);transition:.35s ease-in-out}.wp-block-uagb-image--effect-blur:hover img{filter:blur(3px)}.uagb-block-e6f939b3.wp-block-uagb-image--layout-default figure img{box-shadow: 0px 0px 0 #00000070;}.uagb-block-e6f939b3.wp-block-uagb-image .wp-block-uagb-image__figure figcaption{font-style: normal;align-self: center;}.uagb-block-e6f939b3.wp-block-uagb-image--layout-overlay figure img{box-shadow: 0px 0px 0 #00000070;}.uagb-block-e6f939b3.wp-block-uagb-image--layout-overlay .wp-block-uagb-image--layout-overlay__color-wrapper{opacity: 0.2;}.uagb-block-e6f939b3.wp-block-uagb-image--layout-overlay .wp-block-uagb-image--layout-overlay__inner{left: 15px;right: 15px;top: 15px;bottom: 15px;}.uagb-block-e6f939b3.wp-block-uagb-image--layout-overlay .wp-block-uagb-image--layout-overlay__inner .uagb-image-heading{font-style: normal;color: #fff;opacity: 1;}.uagb-block-e6f939b3.wp-block-uagb-image--layout-overlay .wp-block-uagb-image--layout-overlay__inner .uagb-image-heading a{color: #fff;}.uagb-block-e6f939b3.wp-block-uagb-image--layout-overlay .wp-block-uagb-image--layout-overlay__inner .uagb-image-caption{opacity: 0;}.uagb-block-e6f939b3.wp-block-uagb-image--layout-overlay .wp-block-uagb-image__figure:hover .wp-block-uagb-image--layout-overlay__color-wrapper{opacity: 1;}.uagb-block-e6f939b3.wp-block-uagb-image .wp-block-uagb-image--layout-overlay__inner .uagb-image-separator{width: 30%;border-top-width: 2px;border-top-color: #fff;opacity: 0;}.uagb-block-e6f939b3.wp-block-uagb-image .wp-block-uagb-image__figure img{width: px;height: auto;}.uagb-block-e6f939b3.wp-block-uagb-image .wp-block-uagb-image__figure:hover .wp-block-uagb-image--layout-overlay__inner .uagb-image-caption{opacity: 1;}.uagb-block-e6f939b3.wp-block-uagb-image .wp-block-uagb-image__figure:hover .wp-block-uagb-image--layout-overlay__inner .uagb-image-separator{opacity: 1;}.uagb-block-e6f939b3.wp-block-uagb-image--layout-default figure:hover img{box-shadow: 0px 0px 0 #00000070;}.uagb-block-e6f939b3.wp-block-uagb-image--layout-overlay figure:hover img{box-shadow: 0px 0px 0 #00000070;}@media only screen and (max-width: 976px) {.uagb-block-e6f939b3.wp-block-uagb-image .wp-block-uagb-image__figure img{width: px;height: auto;}}@media only screen and (max-width: 767px) {.uagb-block-e6f939b3.wp-block-uagb-image .wp-block-uagb-image__figure img{width: px;height: auto;}}\";s:2:\"js\";s:0:\"\";s:18:\"current_block_list\";a:13:{i:0;s:11:\"core\/search\";i:1;s:10:\"core\/group\";i:2;s:12:\"core\/heading\";i:3;s:17:\"core\/latest-posts\";i:4;s:20:\"core\/latest-comments\";i:5;s:13:\"core\/archives\";i:6;s:15:\"core\/categories\";i:7;s:14:\"core\/paragraph\";i:8;s:10:\"uagb\/image\";i:9;s:11:\"core\/spacer\";i:10;s:30:\"woocommerce\/product-categories\";i:11;s:10:\"core\/image\";i:12;s:14:\"core\/shortcode\";}s:8:\"uag_flag\";b:1;s:11:\"uag_version\";s:10:\"1777235102\";s:6:\"gfonts\";a:0:{}s:10:\"gfonts_url\";s:0:\"\";s:12:\"gfonts_files\";a:0:{}s:14:\"uag_faq_layout\";b:0;}"]},"uagb_featured_image_src":{"full":["https:\/\/www.ferberpainting.com\/wp-content\/uploads\/2025\/05\/Tumble-Dryer-Cleaner-5L.png",2560,2560,false],"thumbnail":["https:\/\/www.ferberpainting.com\/wp-content\/uploads\/2025\/05\/Tumble-Dryer-Cleaner-5L-150x150.png",150,150,true],"medium":["https:\/\/www.ferberpainting.com\/wp-content\/uploads\/2025\/05\/Tumble-Dryer-Cleaner-5L-300x300.png",300,300,true],"medium_large":["https:\/\/www.ferberpainting.com\/wp-content\/uploads\/2025\/05\/Tumble-Dryer-Cleaner-5L-768x768.png",768,768,true],"large":["https:\/\/www.ferberpainting.com\/wp-content\/uploads\/2025\/05\/Tumble-Dryer-Cleaner-5L-1024x1024.png",1024,1024,true],"1536x1536":["https:\/\/www.ferberpainting.com\/wp-content\/uploads\/2025\/05\/Tumble-Dryer-Cleaner-5L-1536x1536.png",1536,1536,true],"2048x2048":["https:\/\/www.ferberpainting.com\/wp-content\/uploads\/2025\/05\/Tumble-Dryer-Cleaner-5L-2048x2048.png",2048,2048,true],"trp-custom-language-flag":["https:\/\/www.ferberpainting.com\/wp-content\/uploads\/2025\/05\/Tumble-Dryer-Cleaner-5L-12x12.png",12,12,true],"woocommerce_thumbnail":["https:\/\/www.ferberpainting.com\/wp-content\/uploads\/2025\/05\/Tumble-Dryer-Cleaner-5L-300x300.png",300,300,true],"woocommerce_single":["https:\/\/www.ferberpainting.com\/wp-content\/uploads\/2025\/05\/Tumble-Dryer-Cleaner-5L-600x600.png",600,600,true],"woocommerce_gallery_thumbnail":["https:\/\/www.ferberpainting.com\/wp-content\/uploads\/2025\/05\/Tumble-Dryer-Cleaner-5L-100x100.png",100,100,true]},"uagb_author_info":{"display_name":"admin","author_link":"https:\/\/www.ferberpainting.com\/lt\/author\/"},"uagb_comment_info":10,"uagb_excerpt":"Optimal Efficiency. This tumble dryer cleaner is specially designed to effectively eliminate detergent residues, limescale deposits, textile dust, as well as grease and dirt buildup that accumulates over time in the appliance. Thanks to its powerful formula, it deeply cleans the drum, filters, ventilation ducts, and internal components of the dryer. Its action helps ensure&hellip;","_links":{"self":[{"href":"https:\/\/www.ferberpainting.com\/lt\/wp-json\/wp\/v2\/product\/25605","targetHints":{"allow":["GET"]}}],"collection":[{"href":"https:\/\/www.ferberpainting.com\/lt\/wp-json\/wp\/v2\/product"}],"about":[{"href":"https:\/\/www.ferberpainting.com\/lt\/wp-json\/wp\/v2\/types\/product"}],"replies":[{"embeddable":true,"href":"https:\/\/www.ferberpainting.com\/lt\/wp-json\/wp\/v2\/comments?post=25605"}],"version-history":[{"count":4,"href":"https:\/\/www.ferberpainting.com\/lt\/wp-json\/wp\/v2\/product\/25605\/revisions"}],"predecessor-version":[{"id":167499,"href":"https:\/\/www.ferberpainting.com\/lt\/wp-json\/wp\/v2\/product\/25605\/revisions\/167499"}],"wp:featuredmedia":[{"embeddable":true,"href":"https:\/\/www.ferberpainting.com\/lt\/wp-json\/wp\/v2\/media\/35828"}],"wp:attachment":[{"href":"https:\/\/www.ferberpainting.com\/lt\/wp-json\/wp\/v2\/media?parent=25605"}],"wp:term":[{"taxonomy":"product_brand","embeddable":true,"href":"https:\/\/www.ferberpainting.com\/lt\/wp-json\/wp\/v2\/product_brand?post=25605"},{"taxonomy":"product_cat","embeddable":true,"href":"https:\/\/www.ferberpainting.com\/lt\/wp-json\/wp\/v2\/product_cat?post=25605"},{"taxonomy":"product_tag","embeddable":true,"href":"https:\/\/www.ferberpainting.com\/lt\/wp-json\/wp\/v2\/product_tag?post=25605"}],"curies":[{"name":"wp","href":"https:\/\/api.w.org\/{rel}","templated":true}]}}