{"id":25604,"date":"2025-05-26T10:32:43","date_gmt":"2025-05-26T08:32:43","guid":{"rendered":"https:\/\/www.ferberpainting.com\/products\/truffle-tree-fertilizer\/"},"modified":"2026-02-16T13:50:18","modified_gmt":"2026-02-16T12:50:18","slug":"truffle-tree-fertilizer","status":"publish","type":"product","link":"https:\/\/www.ferberpainting.com\/lt\/products\/truffle-tree-fertilizer\/","title":{"rendered":"Trum\u0173 med\u017ei\u0173 tr\u0105\u0161os 25 kg"},"content":{"rendered":"<p><strong><img decoding=\"async\" style=\"margin-right: 12px;\" src=\"https:\/\/www.ferberpainting.com\/wp-content\/uploads\/2026\/02\/Check.svg\" alt=\"\" width=\"18\" height=\"15\" \/>Tr\u0105\u0161os, specialiai sukurtos triufeli\u0173 mikorizavimui skatinti.<\/strong>\u00a0\u0160ios granuliuotos tr\u0105\u0161os buvo specialiai sukurtos triufeli\u0173 medeliams, kad patenkint\u0173 j\u0173 poreikius ir apr\u016bpint\u0173 juos pagrindin\u0117mis maistin\u0117mis med\u017eiagomis, reikalingomis j\u0173 vystymuisi. Ji skatina subalansuot\u0105 ir progresyvi\u0105 mityb\u0105, skatinan\u010di\u0105 \u0161akn\u0173 augim\u0105 ir triufeli\u0173 micelio \u012fsitvirtinim\u0105. D\u0117l subalansuotos azoto, fosforo ir kalio sud\u0117ties (NPK 10-10-10) \u0161ios tr\u0105\u0161os palaiko med\u017eio ir triufeli\u0173 simbioz\u0119, stiprina triufeli\u0173 med\u017eio gyvybingum\u0105 ir atsparum\u0105 aplinkos poveikiui.<\/p>\n<p><strong><img decoding=\"async\" style=\"margin-right: 12px;\" src=\"https:\/\/www.ferberpainting.com\/wp-content\/uploads\/2026\/02\/Check.svg\" alt=\"\" width=\"18\" height=\"15\" \/>Pinig\u0173 gr\u0105\u017einimo garantija.<\/strong>\u00a0Esame \u012fsitikin\u0119 m\u016bs\u0173 tr\u0105\u0161\u0173 triufeliams veiksmingumu, tod\u0117l si\u016blome gr\u0105\u017einti visus pinigus, jei rezultatai j\u016bs\u0173 visi\u0161kai netenkina. Jei po naudojimo nepasteb\u0117site jokio med\u017ei\u0173 augimo ar mikoriz\u0117s formavimosi pager\u0117jimo, \u012fsipareigojame gr\u0105\u017einti pinigus be joki\u0173 s\u0105lyg\u0173.<\/p>\n<p><strong><img decoding=\"async\" style=\"margin-right: 12px;\" src=\"https:\/\/www.ferberpainting.com\/wp-content\/uploads\/2026\/02\/Check.svg\" alt=\"\" width=\"18\" height=\"15\" \/>Tai universalios tr\u0105\u0161os, tinkan\u010dios skirtingoms dirvoms ir triufeli\u0173 r\u016b\u0161ims.<\/strong>\u00a0\u0160ios tr\u0105\u0161os tinka visoms triufeli\u0173 \u0105\u017euol\u0173 r\u016b\u0161ims, \u012fskaitant plaukuot\u0105j\u012f, \u017eali\u0105j\u012f ir balt\u0105j\u012f \u0105\u017euol\u0105, taip pat lazdynams, skirtiems triufeliams auginti. Ji taip pat pritaikyta kalkingoms, molingoms-kalkin\u0117ms ir priemolio dirvoms, tod\u0117l skatina geresn\u012f maisto med\u017eiag\u0173 \u012fsisavinim\u0105 ir optimali\u0105 mikorizacij\u0105.<\/p>\n<p><strong><img decoding=\"async\" style=\"margin-right: 12px;\" src=\"https:\/\/www.ferberpainting.com\/wp-content\/uploads\/2026\/02\/Check.svg\" alt=\"\" width=\"18\" height=\"15\" \/>I\u0161skirtinis ekonominis derlius, u\u017etikrinantis ilgalaik\u012f tr\u0119\u0161im\u0105.<\/strong>\u00a0D\u0117l didel\u0117s maistini\u0173 med\u017eiag\u0173 koncentracijos \u0161ios tr\u0105\u0161os u\u017etikrina veiksming\u0105 tr\u0119\u0161im\u0105 naudojant nedidel\u012f produkto kiek\u012f vienam med\u017eiui. Naudodami 25 kg mai\u0161\u0105 galite apdoroti didel\u012f plot\u0105. D\u0117l 200 g derlingumo vienam med\u017eiui \u0161i tr\u0105\u0161a yra ekonomi\u0161kas ir efektyvus pasirinkimas visiems triufeli\u0173 augintojams.<\/p>\n<p><strong><img decoding=\"async\" style=\"margin-right: 12px;\" src=\"https:\/\/www.ferberpainting.com\/wp-content\/uploads\/2026\/02\/Check.svg\" alt=\"\" width=\"18\" height=\"15\" \/>Aplinkai nekenksmingos tr\u0105\u0161os, saugios faunai ir florai.<\/strong>\u00a0\u0160ios tr\u0105\u0161os, kuri\u0173 sud\u0117tyje n\u0117ra toksi\u0161k\u0173 produkt\u0173, nekei\u010dia dirvo\u017eemio biologin\u0117s \u012fvairov\u0117s, nei\u0161skiria kenksming\u0173 chemini\u0173 med\u017eiag\u0173 liku\u010di\u0173 ir padeda i\u0161saugoti triufeli\u0173 auginimui naudingus mikroorganizmus. Ji nekenksminga dirvo\u017eemyje esantiems gyv\u016bnams, vabzd\u017eiams ir organizmams, tod\u0117l u\u017etikrina harmoning\u0105 triufeli\u0173 med\u017eio ir mikoriz\u0117s tinklo vystym\u0105si.<\/p>\n<p><strong><img decoding=\"async\" style=\"margin-right: 12px;\" src=\"https:\/\/www.ferberpainting.com\/wp-content\/uploads\/2026\/02\/Check.svg\" alt=\"\" width=\"18\" height=\"15\" \/>Paprastas ir greitas naudojimas be perdozavimo pavojaus.<\/strong>\u00a0\u0160ios tr\u0105\u0161os naudojamos kieto pavidalo, tod\u0117l jas lengva \u012fterpti, prie\u0161 tai j\u0173 nereikia skiesti. Tiesiog paskleiskite rekomenduojam\u0105 kiek\u012f aplink med\u012f ir lengvai \u012fterpkite \u012f dirvo\u017eem\u012f, kad maistin\u0117s med\u017eiagos pasi\u0161alint\u0173 palaipsniui.<\/p>\n<p><strong><img decoding=\"async\" style=\"margin-right: 12px;\" src=\"https:\/\/www.ferberpainting.com\/wp-content\/uploads\/2026\/02\/Check.svg\" alt=\"\" width=\"18\" height=\"15\" \/>Ilgalaikis poveikis ilgalaikiam triufeli\u0173 medeli\u0173 augimui.<\/strong>\u00a0D\u0117l l\u0117tai i\u0161siskirian\u010dios sud\u0117ties \u0161ios tr\u0105\u0161os u\u017etikrina tolyg\u0173 maisting\u0173j\u0173 med\u017eiag\u0173 i\u0161siskyrim\u0105 vis\u0105 sezon\u0105. Ji skatina \u0161akn\u0173 vystym\u0105si, mikoriz\u0117s veikl\u0105 ir gerina bendr\u0105 triufeli\u0173 med\u017eio sveikat\u0105, taip padidindama gausios ir tvarios triufeli\u0173 produkcijos tikimyb\u0119.<\/p>\n<p><strong><img decoding=\"async\" style=\"margin-right: 12px;\" src=\"https:\/\/www.ferberpainting.com\/wp-content\/uploads\/2026\/02\/Check.svg\" alt=\"\" width=\"18\" height=\"15\" \/>Matomi pirmojo sezono rezultatai.<\/strong>\u00a0Jau pirmosiomis savait\u0117mis po panaudojimo pasteb\u0117site dinami\u0161kesn\u012f med\u017eio augim\u0105, geresn\u012f \u0161akn\u0173 tank\u012f ir apskritai pager\u0117jusi\u0105 triufeli\u0173 med\u017eio sveikatos b\u016bkl\u0119. \u0160ios tr\u0105\u0161os skatina \u0161akn\u0173 formavim\u0105si ir antrini\u0173 \u0161akn\u0173 augim\u0105, o tai skatina mikorizavim\u0105 ir triufeli\u0173 auginim\u0105.<\/p>\n<h2><strong>Naudojimo protokolas<\/strong><\/h2>\n<p><strong>Rekomenduojama doz\u0117 <\/strong>:<\/p>\n<ul>\n<li>200 g tr\u0105\u0161\u0173 vienam med\u017eiui, tr\u0119\u0161iama vien\u0105 ar du kartus per metus, geriausia pavasar\u012f ir ruden\u012f.<\/li>\n<li>Jauniems sodinukams pakanka ma\u017eesn\u0117s 100 g doz\u0117s vienam medeliui, kad jie greitai prigyt\u0173 ir tolygiai augt\u0173.<\/li>\n<\/ul>\n<p><strong>Taikymo b\u016bdas <\/strong>:<\/p>\n<ul>\n<li>I\u0161barstykite tr\u0105\u0161as ratu aplink med\u017eio pagrind\u0105, stengdamiesi j\u0173 ned\u0117ti tiesiai ant kamieno.<\/li>\n<li>Tr\u0105\u0161as lengvai \u012fterpkite \u012f dirv\u0105 gr\u0117bliu ar gr\u0117bliuku, kad geriau \u012fsisavintum\u0117te maisting\u0105sias med\u017eiagas.<\/li>\n<li>Po pur\u0161kimo palaistykite, kad paskatintum\u0117te mineralini\u0173 element\u0173 i\u0161siskyrim\u0105 ir suaktyvintum\u0117te dirvo\u017eemio mikrob\u0173 veikl\u0105.<\/li>\n<\/ul>\n<p><strong>Naudojimo da\u017enumas <\/strong>:<\/p>\n<ul>\n<li><strong>Pavasar\u012f (kovo-baland\u017eio m\u0117n.) <\/strong>: Skatinti \u0161akn\u0173 vystym\u0105si ir triufeli\u0173 grybienos augim\u0105.<\/li>\n<li><strong>Ruden\u012f (rugs\u0117jo-spalio m\u0117n.) <\/strong>: Paruo\u0161ti triufeli\u0173 medelius \u0161altajam sezonui ir palaikyti j\u0173 mityb\u0105 kitais metais.<\/li>\n<\/ul>\n<p><strong>Naudojimo atsargumo priemon\u0117s <\/strong>:<\/p>\n<ul>\n<li>Venkite perdozuoti, nes per didelis tr\u0119\u0161imas gali i\u0161balansuoti dirv\u0105 ir sul\u0117tinti triufeli\u0173 formavim\u0105si.<\/li>\n<li>Nenaudokite vasar\u0105 per didelius kar\u0161\u010dius, nes maistingosios med\u017eiagos \u012fsisavinamos pras\u010diau ir padid\u0117ja garavimas.<\/li>\n<li>Laikykite sausoje, v\u0117dinamoje, apsaugotoje nuo dr\u0117gm\u0117s vietoje, kad i\u0161saugotum\u0117te produkto kokyb\u0119 ir veiksmingum\u0105.<\/li>\n<\/ul>\n<p>\u0160ios tr\u0105\u0161os triufeliams yra idealus sprendimas visiems triufeli\u0173 auginimo entuziastams, norintiems padidinti med\u017ei\u0173 augim\u0105 ir optimizuoti triufeli\u0173 gamyb\u0105.<br \/>\nLengva naudoti, ekonomi\u0161ka ir nekenksminga aplinkai, ji u\u017etikrina visapusi\u0161k\u0105 ir tvar\u0173 tr\u0119\u0161im\u0105, kad dirvo\u017eemis b\u016bt\u0173 turtingas ir na\u0161us.<\/p>","protected":false},"excerpt":{"rendered":"<p>A fertilizer specially designed to promote truffle mycorrhization.\u00a0This granular fertilizer has been specially formulated to meet the needs of truffle trees, by providing the essential nutrients needed for their development. It promotes a balanced and progressive nutrition, which stimulates root growth and the implantation of the truffle mycelium. Thanks to its balanced formulation in nitrogen, [&hellip;]<\/p>\n","protected":false},"featured_media":27436,"comment_status":"open","ping_status":"closed","template":"","meta":{"_uag_custom_page_level_css":"","site-sidebar-layout":"default","site-content-layout":"","ast-site-content-layout":"default","site-content-style":"default","site-sidebar-style":"default","ast-global-header-display":"","ast-banner-title-visibility":"","ast-main-header-display":"","ast-hfb-above-header-display":"","ast-hfb-below-header-display":"","ast-hfb-mobile-header-display":"","site-post-title":"","ast-breadcrumbs-content":"","ast-featured-img":"","footer-sml-layout":"","ast-disable-related-posts":"","theme-transparent-header-meta":"default","adv-header-id-meta":"","stick-header-meta":"","header-above-stick-meta":"","header-main-stick-meta":"","header-below-stick-meta":"","astra-migrate-meta-layouts":"set","ast-page-background-enabled":"default","ast-page-background-meta":{"desktop":{"background-color":"var(--ast-global-color-4)","background-image":"","background-repeat":"repeat","background-position":"center center","background-size":"auto","background-attachment":"scroll","background-type":"","background-media":"","overlay-type":"","overlay-color":"","overlay-opacity":"","overlay-gradient":""},"tablet":{"background-color":"","background-image":"","background-repeat":"repeat","background-position":"center center","background-size":"auto","background-attachment":"scroll","background-type":"","background-media":"","overlay-type":"","overlay-color":"","overlay-opacity":"","overlay-gradient":""},"mobile":{"background-color":"","background-image":"","background-repeat":"repeat","background-position":"center center","background-size":"auto","background-attachment":"scroll","background-type":"","background-media":"","overlay-type":"","overlay-color":"","overlay-opacity":"","overlay-gradient":""}},"ast-content-background-meta":{"desktop":{"background-color":"var(--ast-global-color-5)","background-image":"","background-repeat":"repeat","background-position":"center center","background-size":"auto","background-attachment":"scroll","background-type":"","background-media":"","overlay-type":"","overlay-color":"","overlay-opacity":"","overlay-gradient":""},"tablet":{"background-color":"var(--ast-global-color-5)","background-image":"","background-repeat":"repeat","background-position":"center center","background-size":"auto","background-attachment":"scroll","background-type":"","background-media":"","overlay-type":"","overlay-color":"","overlay-opacity":"","overlay-gradient":""},"mobile":{"background-color":"var(--ast-global-color-5)","background-image":"","background-repeat":"repeat","background-position":"center center","background-size":"auto","background-attachment":"scroll","background-type":"","background-media":"","overlay-type":"","overlay-color":"","overlay-opacity":"","overlay-gradient":""}}},"product_brand":[],"product_cat":[178],"product_tag":[],"class_list":{"0":"post-25604","1":"product","2":"type-product","3":"status-publish","4":"has-post-thumbnail","6":"product_cat-fertilizers","7":"desktop-align-left","8":"tablet-align-left","9":"mobile-align-left","11":"first","12":"instock","13":"taxable","14":"shipping-taxable","15":"purchasable","16":"product-type-simple"},"spectra_custom_meta":{"_visibility":["visible"],"_shopify_product_id":["9073230774517"],"_s2w_shopify_domain":["ferberpainting.myshopify.com"],"_shopify_variant_id":["46524447981813"],"_sku":["FPTRUFFLETREEFERTILIZER25KG"],"_regular_price":["39.90"],"_price":["39.90"],"_sale_price":[""],"_weight":["18.7"],"_thumbnail_id":["27436"],"_global_unique_id":["5056773817920"],"total_sales":["14"],"_tax_status":["taxable"],"_tax_class":[""],"_manage_stock":["no"],"_backorders":["no"],"_sold_individually":["no"],"_virtual":["no"],"_downloadable":["no"],"_download_limit":["-1"],"_download_expiry":["-1"],"_stock":[null],"_stock_status":["instock"],"_wc_average_rating":["5.00"],"_wc_review_count":["33"],"_product_version":["10.5.1"],"_wc_rating_count":["a:1:{i:5;i:33;}"],"_edit_lock":["1771246083:1"],"merchant-center-availability":["yes"],"merchant-center-category":["113"],"_edit_last":["1"],"_wp_page_template":["default"],"site-sidebar-layout":["default"],"ast-site-content-layout":["default"],"site-content-style":["default"],"site-sidebar-style":["default"],"theme-transparent-header-meta":["default"],"astra-migrate-meta-layouts":["set"],"_uag_css_file_name":["uag-css-25604.css"],"_elementor_page_assets":["a:0:{}"],"_uag_page_assets":["a:9:{s:3:\"css\";s:7133:\".uag-blocks-common-selector{z-index:var(--z-index-desktop) !important}@media(max-width: 976px){.uag-blocks-common-selector{z-index:var(--z-index-tablet) !important}}@media(max-width: 767px){.uag-blocks-common-selector{z-index:var(--z-index-mobile) !important}}.wp-block-uagb-image{display:flex}.wp-block-uagb-image__figure{position:relative;display:flex;flex-direction:column;max-width:100%;height:auto;margin:0}.wp-block-uagb-image__figure img{height:auto;display:flex;max-width:100%;transition:box-shadow .2s ease}.wp-block-uagb-image__figure>a{display:inline-block}.wp-block-uagb-image__figure figcaption{text-align:center;margin-top:.5em;margin-bottom:1em}.wp-block-uagb-image .components-placeholder.block-editor-media-placeholder .components-placeholder__instructions{align-self:center}.wp-block-uagb-image--align-left{text-align:left}.wp-block-uagb-image--align-right{text-align:right}.wp-block-uagb-image--align-center{text-align:center}.wp-block-uagb-image--align-full .wp-block-uagb-image__figure{margin-left:calc(50% - 50vw);margin-right:calc(50% - 50vw);max-width:100vw;width:100vw;height:auto}.wp-block-uagb-image--align-full .wp-block-uagb-image__figure img{height:auto;width:100% !important}.wp-block-uagb-image--align-wide .wp-block-uagb-image__figure img{height:auto;width:100%}.wp-block-uagb-image--layout-overlay__color-wrapper{position:absolute;left:0;top:0;right:0;bottom:0;opacity:.2;background:rgba(0,0,0,.5);transition:opacity .35s ease-in-out}.wp-block-uagb-image--layout-overlay-link{position:absolute;left:0;right:0;bottom:0;top:0}.wp-block-uagb-image--layout-overlay .wp-block-uagb-image__figure:hover .wp-block-uagb-image--layout-overlay__color-wrapper{opacity:1}.wp-block-uagb-image--layout-overlay__inner{position:absolute;left:15px;right:15px;bottom:15px;top:15px;display:flex;align-items:center;justify-content:center;flex-direction:column;border-color:#fff;transition:.35s ease-in-out}.wp-block-uagb-image--layout-overlay__inner.top-left,.wp-block-uagb-image--layout-overlay__inner.top-center,.wp-block-uagb-image--layout-overlay__inner.top-right{justify-content:flex-start}.wp-block-uagb-image--layout-overlay__inner.bottom-left,.wp-block-uagb-image--layout-overlay__inner.bottom-center,.wp-block-uagb-image--layout-overlay__inner.bottom-right{justify-content:flex-end}.wp-block-uagb-image--layout-overlay__inner.top-left,.wp-block-uagb-image--layout-overlay__inner.center-left,.wp-block-uagb-image--layout-overlay__inner.bottom-left{align-items:flex-start}.wp-block-uagb-image--layout-overlay__inner.top-right,.wp-block-uagb-image--layout-overlay__inner.center-right,.wp-block-uagb-image--layout-overlay__inner.bottom-right{align-items:flex-end}.wp-block-uagb-image--layout-overlay__inner .uagb-image-heading{color:#fff;transition:transform .35s,opacity .35s ease-in-out;transform:translate3d(0, 24px, 0);margin:0;line-height:1em}.wp-block-uagb-image--layout-overlay__inner .uagb-image-separator{width:30%;border-top-width:2px;border-top-color:#fff;border-top-style:solid;margin-bottom:10px;opacity:0;transition:transform .4s,opacity .4s ease-in-out;transform:translate3d(0, 30px, 0)}.wp-block-uagb-image--layout-overlay__inner .uagb-image-caption{opacity:0;overflow:visible;color:#fff;transition:transform .45s,opacity .45s ease-in-out;transform:translate3d(0, 35px, 0)}.wp-block-uagb-image--layout-overlay__inner:hover .uagb-image-heading,.wp-block-uagb-image--layout-overlay__inner:hover .uagb-image-separator,.wp-block-uagb-image--layout-overlay__inner:hover .uagb-image-caption{opacity:1;transform:translate3d(0, 0, 0)}.wp-block-uagb-image--effect-zoomin .wp-block-uagb-image__figure img,.wp-block-uagb-image--effect-zoomin .wp-block-uagb-image__figure .wp-block-uagb-image--layout-overlay__color-wrapper{transform:scale(1);transition:transform .35s ease-in-out}.wp-block-uagb-image--effect-zoomin .wp-block-uagb-image__figure:hover img,.wp-block-uagb-image--effect-zoomin .wp-block-uagb-image__figure:hover .wp-block-uagb-image--layout-overlay__color-wrapper{transform:scale(1.05)}.wp-block-uagb-image--effect-slide .wp-block-uagb-image__figure img,.wp-block-uagb-image--effect-slide .wp-block-uagb-image__figure .wp-block-uagb-image--layout-overlay__color-wrapper{width:calc(100% + 40px) !important;max-width:none !important;transform:translate3d(-40px, 0, 0);transition:transform .35s ease-in-out}.wp-block-uagb-image--effect-slide .wp-block-uagb-image__figure:hover img,.wp-block-uagb-image--effect-slide .wp-block-uagb-image__figure:hover .wp-block-uagb-image--layout-overlay__color-wrapper{transform:translate3d(0, 0, 0)}.wp-block-uagb-image--effect-grayscale img{filter:grayscale(0%);transition:.35s ease-in-out}.wp-block-uagb-image--effect-grayscale:hover img{filter:grayscale(100%)}.wp-block-uagb-image--effect-blur img{filter:blur(0);transition:.35s ease-in-out}.wp-block-uagb-image--effect-blur:hover img{filter:blur(3px)}.uagb-block-e6f939b3.wp-block-uagb-image--layout-default figure img{box-shadow: 0px 0px 0 #00000070;}.uagb-block-e6f939b3.wp-block-uagb-image .wp-block-uagb-image__figure figcaption{font-style: normal;align-self: center;}.uagb-block-e6f939b3.wp-block-uagb-image--layout-overlay figure img{box-shadow: 0px 0px 0 #00000070;}.uagb-block-e6f939b3.wp-block-uagb-image--layout-overlay .wp-block-uagb-image--layout-overlay__color-wrapper{opacity: 0.2;}.uagb-block-e6f939b3.wp-block-uagb-image--layout-overlay .wp-block-uagb-image--layout-overlay__inner{left: 15px;right: 15px;top: 15px;bottom: 15px;}.uagb-block-e6f939b3.wp-block-uagb-image--layout-overlay .wp-block-uagb-image--layout-overlay__inner .uagb-image-heading{font-style: normal;color: #fff;opacity: 1;}.uagb-block-e6f939b3.wp-block-uagb-image--layout-overlay .wp-block-uagb-image--layout-overlay__inner .uagb-image-heading a{color: #fff;}.uagb-block-e6f939b3.wp-block-uagb-image--layout-overlay .wp-block-uagb-image--layout-overlay__inner .uagb-image-caption{opacity: 0;}.uagb-block-e6f939b3.wp-block-uagb-image--layout-overlay .wp-block-uagb-image__figure:hover .wp-block-uagb-image--layout-overlay__color-wrapper{opacity: 1;}.uagb-block-e6f939b3.wp-block-uagb-image .wp-block-uagb-image--layout-overlay__inner .uagb-image-separator{width: 30%;border-top-width: 2px;border-top-color: #fff;opacity: 0;}.uagb-block-e6f939b3.wp-block-uagb-image .wp-block-uagb-image__figure img{width: px;height: auto;}.uagb-block-e6f939b3.wp-block-uagb-image .wp-block-uagb-image__figure:hover .wp-block-uagb-image--layout-overlay__inner .uagb-image-caption{opacity: 1;}.uagb-block-e6f939b3.wp-block-uagb-image .wp-block-uagb-image__figure:hover .wp-block-uagb-image--layout-overlay__inner .uagb-image-separator{opacity: 1;}.uagb-block-e6f939b3.wp-block-uagb-image--layout-default figure:hover img{box-shadow: 0px 0px 0 #00000070;}.uagb-block-e6f939b3.wp-block-uagb-image--layout-overlay figure:hover img{box-shadow: 0px 0px 0 #00000070;}@media only screen and (max-width: 976px) {.uagb-block-e6f939b3.wp-block-uagb-image .wp-block-uagb-image__figure img{width: px;height: auto;}}@media only screen and (max-width: 767px) {.uagb-block-e6f939b3.wp-block-uagb-image .wp-block-uagb-image__figure img{width: px;height: auto;}}\";s:2:\"js\";s:0:\"\";s:18:\"current_block_list\";a:13:{i:0;s:11:\"core\/search\";i:1;s:10:\"core\/group\";i:2;s:12:\"core\/heading\";i:3;s:17:\"core\/latest-posts\";i:4;s:20:\"core\/latest-comments\";i:5;s:13:\"core\/archives\";i:6;s:15:\"core\/categories\";i:7;s:14:\"core\/paragraph\";i:8;s:10:\"uagb\/image\";i:9;s:11:\"core\/spacer\";i:10;s:30:\"woocommerce\/product-categories\";i:11;s:10:\"core\/image\";i:12;s:14:\"core\/shortcode\";}s:8:\"uag_flag\";b:1;s:11:\"uag_version\";s:10:\"1777315334\";s:6:\"gfonts\";a:0:{}s:10:\"gfonts_url\";s:0:\"\";s:12:\"gfonts_files\";a:0:{}s:14:\"uag_faq_layout\";b:0;}"]},"uagb_featured_image_src":{"full":["https:\/\/www.ferberpainting.com\/wp-content\/uploads\/2025\/05\/TruffleTreeFertilizer.png",2560,2560,false],"thumbnail":["https:\/\/www.ferberpainting.com\/wp-content\/uploads\/2025\/05\/TruffleTreeFertilizer-150x150.png",150,150,true],"medium":["https:\/\/www.ferberpainting.com\/wp-content\/uploads\/2025\/05\/TruffleTreeFertilizer-300x300.png",300,300,true],"medium_large":["https:\/\/www.ferberpainting.com\/wp-content\/uploads\/2025\/05\/TruffleTreeFertilizer-768x768.png",768,768,true],"large":["https:\/\/www.ferberpainting.com\/wp-content\/uploads\/2025\/05\/TruffleTreeFertilizer-1024x1024.png",1024,1024,true],"1536x1536":["https:\/\/www.ferberpainting.com\/wp-content\/uploads\/2025\/05\/TruffleTreeFertilizer-1536x1536.png",1536,1536,true],"2048x2048":["https:\/\/www.ferberpainting.com\/wp-content\/uploads\/2025\/05\/TruffleTreeFertilizer-2048x2048.png",2048,2048,true],"trp-custom-language-flag":["https:\/\/www.ferberpainting.com\/wp-content\/uploads\/2025\/05\/TruffleTreeFertilizer-12x12.png",12,12,true],"woocommerce_thumbnail":["https:\/\/www.ferberpainting.com\/wp-content\/uploads\/2025\/05\/TruffleTreeFertilizer-300x300.png",300,300,true],"woocommerce_single":["https:\/\/www.ferberpainting.com\/wp-content\/uploads\/2025\/05\/TruffleTreeFertilizer-600x600.png",600,600,true],"woocommerce_gallery_thumbnail":["https:\/\/www.ferberpainting.com\/wp-content\/uploads\/2025\/05\/TruffleTreeFertilizer-100x100.png",100,100,true]},"uagb_author_info":{"display_name":"admin","author_link":"https:\/\/www.ferberpainting.com\/lt\/author\/"},"uagb_comment_info":33,"uagb_excerpt":"A fertilizer specially designed to promote truffle mycorrhization.\u00a0This granular fertilizer has been specially formulated to meet the needs of truffle trees, by providing the essential nutrients needed for their development. It promotes a balanced and progressive nutrition, which stimulates root growth and the implantation of the truffle mycelium. Thanks to its balanced formulation in nitrogen,&hellip;","_links":{"self":[{"href":"https:\/\/www.ferberpainting.com\/lt\/wp-json\/wp\/v2\/product\/25604","targetHints":{"allow":["GET"]}}],"collection":[{"href":"https:\/\/www.ferberpainting.com\/lt\/wp-json\/wp\/v2\/product"}],"about":[{"href":"https:\/\/www.ferberpainting.com\/lt\/wp-json\/wp\/v2\/types\/product"}],"replies":[{"embeddable":true,"href":"https:\/\/www.ferberpainting.com\/lt\/wp-json\/wp\/v2\/comments?post=25604"}],"version-history":[{"count":5,"href":"https:\/\/www.ferberpainting.com\/lt\/wp-json\/wp\/v2\/product\/25604\/revisions"}],"predecessor-version":[{"id":167495,"href":"https:\/\/www.ferberpainting.com\/lt\/wp-json\/wp\/v2\/product\/25604\/revisions\/167495"}],"wp:featuredmedia":[{"embeddable":true,"href":"https:\/\/www.ferberpainting.com\/lt\/wp-json\/wp\/v2\/media\/27436"}],"wp:attachment":[{"href":"https:\/\/www.ferberpainting.com\/lt\/wp-json\/wp\/v2\/media?parent=25604"}],"wp:term":[{"taxonomy":"product_brand","embeddable":true,"href":"https:\/\/www.ferberpainting.com\/lt\/wp-json\/wp\/v2\/product_brand?post=25604"},{"taxonomy":"product_cat","embeddable":true,"href":"https:\/\/www.ferberpainting.com\/lt\/wp-json\/wp\/v2\/product_cat?post=25604"},{"taxonomy":"product_tag","embeddable":true,"href":"https:\/\/www.ferberpainting.com\/lt\/wp-json\/wp\/v2\/product_tag?post=25604"}],"curies":[{"name":"wp","href":"https:\/\/api.w.org\/{rel}","templated":true}]}}