{"id":25592,"date":"2025-05-26T10:32:32","date_gmt":"2025-05-26T08:32:32","guid":{"rendered":"https:\/\/www.ferberpainting.com\/products\/tomato-fertilizer\/"},"modified":"2026-02-16T13:19:18","modified_gmt":"2026-02-16T12:19:18","slug":"tomato-fertilizer","status":"publish","type":"product","link":"https:\/\/www.ferberpainting.com\/lt\/products\/tomato-fertilizer\/","title":{"rendered":"Pomidor\u0173 tr\u0105\u0161os 25 kg"},"content":{"rendered":"<p><strong><img decoding=\"async\" style=\"margin-right: 12px;\" src=\"https:\/\/www.ferberpainting.com\/wp-content\/uploads\/2026\/02\/Check.svg\" alt=\"\" width=\"18\" height=\"15\" \/>Specialiai pomidorams skirtos tr\u0105\u0161os.<\/strong>\u00a0\u0160ios granuliuotos tr\u0105\u0161os sukurtos taip, kad optimizuot\u0173 pomidor\u0173 augal\u0173 augim\u0105, apr\u016bpindamos juos b\u016btinomis maistin\u0117mis med\u017eiagomis kiekviename vystymosi etape. D\u0117l subalansuotos azoto, fosforo ir kalio sud\u0117ties (NPK 10-10-10) ji skatina tank\u0173 lapijos augim\u0105, gaus\u0173 \u017eyd\u0117jim\u0105 ir gaus\u0173 vaisi\u0173 der\u0117jim\u0105, taip u\u017etikrindama skani\u0173 ir kokybi\u0161k\u0173 pomidor\u0173 derli\u0173.<\/p>\n<p><strong><img decoding=\"async\" style=\"margin-right: 12px;\" src=\"https:\/\/www.ferberpainting.com\/wp-content\/uploads\/2026\/02\/Check.svg\" alt=\"\" width=\"18\" height=\"15\" \/>Pinig\u0173 gr\u0105\u017einimo garantija.<\/strong>\u00a0M\u016bs\u0173 tr\u0105\u0161os buvo kruop\u0161\u010diai i\u0161bandytos, kad jau pirmosiomis tr\u0119\u0161imo savait\u0117mis b\u016bt\u0173 pasiekti akivaizd\u016bs rezultatai. Jei nepasteb\u0117site jokio augal\u0173 augimo ar vaisi\u0173 derliaus pager\u0117jimo, mes si\u016blome gr\u0105\u017einti vis\u0105 sumok\u0117t\u0105 sum\u0105 u\u017e \u012fsigytas tr\u0105\u0161as.<\/p>\n<p><strong><img decoding=\"async\" style=\"margin-right: 12px;\" src=\"https:\/\/www.ferberpainting.com\/wp-content\/uploads\/2026\/02\/Check.svg\" alt=\"\" width=\"18\" height=\"15\" \/>Tinka vis\u0173 r\u016b\u0161i\u0173 pomidorams ir kitoms vaisin\u0117ms dar\u017eov\u0117ms.<\/strong>\u00a0\u0160ios universalios tr\u0105\u0161os skirtos visoms pomidor\u0173 veisl\u0117ms - vy\u0161niniams, befstikiniams, roma, pailgos formos ar kokteiliniams. Taip pat tinka bakla\u017eanams, paprikoms, cukinijoms ir moli\u016bgams, u\u017etikrinant optimali\u0105 vis\u0173 vaisini\u0173 dar\u017eovi\u0173, auginam\u0173 soduose, \u0161iltnamiuose ar vazonuose, mityb\u0105.<\/p>\n<p><strong><img decoding=\"async\" style=\"margin-right: 12px;\" src=\"https:\/\/www.ferberpainting.com\/wp-content\/uploads\/2026\/02\/Check.svg\" alt=\"\" width=\"18\" height=\"15\" \/>Optimalus ekonominis derlius.<\/strong>\u00a0\u0160ios tr\u0105\u0161os yra labai koncentruotos, tod\u0117l leid\u017eia gauti did\u017eiausi\u0105 derli\u0173. Naudodami 25 kg mai\u0161\u0105 galite tr\u0119\u0161ti didel\u012f dirbamos \u017eem\u0117s plot\u0105. Vienam pomidor\u0173 augalui rekomenduojama i\u0161berti 200 g, taip u\u017etikrinant ilgalaik\u012f naudojim\u0105 ir nedideles i\u0161laidas vienam auginamo ploto kvadratiniam metrui.<\/p>\n<p><strong><img decoding=\"async\" style=\"margin-right: 12px;\" src=\"https:\/\/www.ferberpainting.com\/wp-content\/uploads\/2026\/02\/Check.svg\" alt=\"\" width=\"18\" height=\"15\" \/>Aplinkai ir sveikatai nekenksmingos tr\u0105\u0161os.<\/strong>\u00a0\u0160ios tr\u0105\u0161os pagamintos be agresyvi\u0173 chemini\u0173 produkt\u0173, tod\u0117l tausoja dirvo\u017eemio strukt\u016br\u0105 ir biologin\u0119 \u012fvairov\u0119. Ji nekei\u010dia vaisi\u0173 kokyb\u0117s, nei\u0161skiria joki\u0173 kenksming\u0173 liku\u010di\u0173 ir gali b\u016bti saugiai naudojama net nam\u0173 dar\u017euose, kuriuose auginamos vartojimui skirtos dar\u017eov\u0117s.<\/p>\n<p><strong><img decoding=\"async\" style=\"margin-right: 12px;\" src=\"https:\/\/www.ferberpainting.com\/wp-content\/uploads\/2026\/02\/Check.svg\" alt=\"\" width=\"18\" height=\"15\" \/>Lengva naudoti, kad pasiektum\u0117te optimali\u0173 rezultat\u0173.<\/strong>\u00a0Kitaip nei skystos tr\u0105\u0161os, kurias reikia tiksliai praskiesti ir reguliariai laistyti, \u0161ios kietosios tr\u0105\u0161os patenka tiesiai \u012f dirvo\u017eem\u012f, tod\u0117l j\u0173 naudojimas yra paprastesnis. Jos i\u0161siskiria palaipsniui, tod\u0117l augalai reikiamu metu gauna reikiam\u0173 maistini\u0173 med\u017eiag\u0173 ir nerizikuoja j\u0173 perdozuoti.<\/p>\n<p><strong><img decoding=\"async\" style=\"margin-right: 12px;\" src=\"https:\/\/www.ferberpainting.com\/wp-content\/uploads\/2026\/02\/Check.svg\" alt=\"\" width=\"18\" height=\"15\" \/>Ilgalaikis poveikis - stipresni ir produktyvesni augalai.<\/strong>\u00a0D\u0117l subalansuotos formul\u0117s \u0161ios tr\u0105\u0161os u\u017etikrina laipsni\u0161k\u0105 maitinim\u0105, tolyg\u0173 augim\u0105, nuolatin\u012f \u017eyd\u0117jim\u0105 ir reguliar\u0173 vaisi\u0173 der\u0117jim\u0105. Ji padeda augalams i\u0161vystyti stiprias \u0161aknis, atsispirti ligoms ir u\u017eauginti m\u0117singus bei skanius vaisius.<\/p>\n<p><strong><img decoding=\"async\" style=\"margin-right: 12px;\" src=\"https:\/\/www.ferberpainting.com\/wp-content\/uploads\/2026\/02\/Check.svg\" alt=\"\" width=\"18\" height=\"15\" \/>Matomi rezultatai jau po keli\u0173 savai\u010di\u0173.<\/strong>\u00a0Jau pirmosiomis naudojimo savait\u0117mis pasteb\u0117site tankesn\u0119 lapij\u0105, stipresnius stiebus ir gausesn\u012f \u017eyd\u0117jim\u0105. Intensyvi mityba skatina \u017eiedini\u0173 pumpur\u0173 formavim\u0105si ir vaisi\u0173 u\u017esimezgim\u0105, tod\u0117l augalai u\u017eaugina gaus\u0173 ir aromating\u0105 derli\u0173.<\/p>\n<h2><strong>Naudojimo protokolas<\/strong><\/h2>\n<p><strong>Rekomenduojama doz\u0117 <\/strong>:<\/p>\n<ul>\n<li>200 g tr\u0105\u0161\u0173 vienam pomidor\u0173 augalui, tr\u0119\u0161iama kart\u0105 per m\u0117nes\u012f augimo ir der\u0117jimo laikotarpiu.<\/li>\n<li>Augalams vazonuose naudokite nedidel\u0119 sauj\u0105 tr\u0105\u0161\u0173 (apie 50 g) 10 litr\u0173 dirvo\u017eemio vazonui.<\/li>\n<\/ul>\n<p><strong>Taikymo metodas <\/strong>:<\/p>\n<ul>\n<li>Paskirstykite tr\u0105\u0161as aplink kiekvieno pomidoro augalo pagrind\u0105, stengdamiesi j\u0173 nepurk\u0161ti tiesiai ant stiebo.<\/li>\n<li>Lengvai \u012fterpkite tr\u0105\u0161as \u012f dirv\u0105 gr\u0117bliu ar gr\u0117bliuku, kad jos lengviau pasklist\u0173.<\/li>\n<li>Po pur\u0161kimo kruop\u0161\u010diai palaistykite, kad suaktyvintum\u0117te maisting\u0173j\u0173 med\u017eiag\u0173 i\u0161siskyrim\u0105.<\/li>\n<\/ul>\n<p><strong>Naudojimo da\u017enumas <\/strong>:<\/p>\n<ul>\n<li><strong>Prie\u0161 sodinim\u0105 <\/strong>: Prie\u0161 sodindami augalus, tr\u0105\u0161as sumai\u0161ykite su dirvo\u017eemiu, kad j\u012f praturtintum\u0117te.<\/li>\n<li><strong>Augimo metu <\/strong>: Naudokite kas 4 savaites, kad u\u017etikrintum\u0117te pastovi\u0105 mityb\u0105.<\/li>\n<li><strong>Vaisi\u0173 u\u017emezgimo metu <\/strong>: Naudokite kas m\u0117nes\u012f, kad paskatintum\u0117te vaisi\u0173 augim\u0105 ir pomidor\u0173 nokim\u0105.<\/li>\n<\/ul>\n<p><strong>Naudojimo atsargumo priemon\u0117s <\/strong>:<\/p>\n<ul>\n<li>Neperdozuokite, nes azoto perteklius gali paskatinti lap\u0173 augim\u0105 vaisi\u0173 der\u0117jimo s\u0105skaita.<\/li>\n<li>Venkite tr\u0119\u0161ti per didelius kar\u0161\u010dius, kad suma\u017eintum\u0117te vandens garavim\u0105 ir padidintum\u0117te efektyvum\u0105.<\/li>\n<li>Laikykite v\u0117sioje, sausoje, apsaugotoje nuo dr\u0117gm\u0117s vietoje, kad i\u0161saugotum\u0117te produkto savybes.<\/li>\n<\/ul>\n<p>Naudodami \u0161ias pomidor\u0173 tr\u0105\u0161as optimizuosite augal\u0173 vystym\u0105si, u\u017etikrinsite gaus\u0173 derli\u0173, skanius vaisius ir didesn\u012f atsparum\u0105 ligoms.<br \/>\nLengva naudoti, ekonomi\u0161ka ir nekenksminga aplinkai - tai puikus s\u0105jungininkas, pad\u0117siantis sodui klest\u0117ti vis\u0105 sezon\u0105.<\/p>","protected":false},"excerpt":{"rendered":"<p>A fertilizer specially designed for tomatoes.\u00a0This granular fertilizer is formulated to optimize the growth of tomato plants, by providing the essential nutrients at each stage of development. Thanks to a balanced composition of nitrogen, phosphorus, and potassium (NPK 10-10-10), it promotes dense foliage, abundant flowering and generous fruiting, thus ensuring a harvest of tasty, high-quality [&hellip;]<\/p>\n","protected":false},"featured_media":27430,"comment_status":"open","ping_status":"closed","template":"","meta":{"_uag_custom_page_level_css":"","site-sidebar-layout":"default","site-content-layout":"","ast-site-content-layout":"default","site-content-style":"default","site-sidebar-style":"default","ast-global-header-display":"","ast-banner-title-visibility":"","ast-main-header-display":"","ast-hfb-above-header-display":"","ast-hfb-below-header-display":"","ast-hfb-mobile-header-display":"","site-post-title":"","ast-breadcrumbs-content":"","ast-featured-img":"","footer-sml-layout":"","ast-disable-related-posts":"","theme-transparent-header-meta":"default","adv-header-id-meta":"","stick-header-meta":"","header-above-stick-meta":"","header-main-stick-meta":"","header-below-stick-meta":"","astra-migrate-meta-layouts":"set","ast-page-background-enabled":"default","ast-page-background-meta":{"desktop":{"background-color":"var(--ast-global-color-4)","background-image":"","background-repeat":"repeat","background-position":"center center","background-size":"auto","background-attachment":"scroll","background-type":"","background-media":"","overlay-type":"","overlay-color":"","overlay-opacity":"","overlay-gradient":""},"tablet":{"background-color":"","background-image":"","background-repeat":"repeat","background-position":"center center","background-size":"auto","background-attachment":"scroll","background-type":"","background-media":"","overlay-type":"","overlay-color":"","overlay-opacity":"","overlay-gradient":""},"mobile":{"background-color":"","background-image":"","background-repeat":"repeat","background-position":"center center","background-size":"auto","background-attachment":"scroll","background-type":"","background-media":"","overlay-type":"","overlay-color":"","overlay-opacity":"","overlay-gradient":""}},"ast-content-background-meta":{"desktop":{"background-color":"var(--ast-global-color-5)","background-image":"","background-repeat":"repeat","background-position":"center center","background-size":"auto","background-attachment":"scroll","background-type":"","background-media":"","overlay-type":"","overlay-color":"","overlay-opacity":"","overlay-gradient":""},"tablet":{"background-color":"var(--ast-global-color-5)","background-image":"","background-repeat":"repeat","background-position":"center center","background-size":"auto","background-attachment":"scroll","background-type":"","background-media":"","overlay-type":"","overlay-color":"","overlay-opacity":"","overlay-gradient":""},"mobile":{"background-color":"var(--ast-global-color-5)","background-image":"","background-repeat":"repeat","background-position":"center center","background-size":"auto","background-attachment":"scroll","background-type":"","background-media":"","overlay-type":"","overlay-color":"","overlay-opacity":"","overlay-gradient":""}}},"product_brand":[],"product_cat":[178],"product_tag":[],"class_list":{"0":"post-25592","1":"product","2":"type-product","3":"status-publish","4":"has-post-thumbnail","6":"product_cat-fertilizers","7":"desktop-align-left","8":"tablet-align-left","9":"mobile-align-left","11":"first","12":"instock","13":"taxable","14":"shipping-taxable","15":"purchasable","16":"product-type-simple"},"spectra_custom_meta":{"_visibility":["visible"],"_shopify_product_id":["9072697475317"],"_s2w_shopify_domain":["ferberpainting.myshopify.com"],"_shopify_variant_id":["46522258292981"],"_sku":["FPTOMATOFERTILIZER25KG"],"_regular_price":["39.90"],"_price":["39.90"],"_sale_price":[""],"_weight":["18.7"],"_thumbnail_id":["27430"],"_global_unique_id":["5056773817913"],"total_sales":["3"],"_tax_status":["taxable"],"_tax_class":[""],"_manage_stock":["no"],"_backorders":["no"],"_sold_individually":["no"],"_virtual":["no"],"_downloadable":["no"],"_download_limit":["-1"],"_download_expiry":["-1"],"_stock":[null],"_stock_status":["instock"],"_wc_average_rating":["5.00"],"_wc_review_count":["31"],"_product_version":["10.5.1"],"_wc_rating_count":["a:1:{i:5;i:31;}"],"_edit_lock":["1771244221:1"],"merchant-center-availability":["yes"],"merchant-center-category":["113"],"_edit_last":["1"],"_wp_page_template":["default"],"site-sidebar-layout":["default"],"ast-site-content-layout":["default"],"site-content-style":["default"],"site-sidebar-style":["default"],"theme-transparent-header-meta":["default"],"astra-migrate-meta-layouts":["set"],"_uag_css_file_name":["uag-css-25592.css"],"_elementor_page_assets":["a:0:{}"],"_uag_page_assets":["a:9:{s:3:\"css\";s:7133:\".uag-blocks-common-selector{z-index:var(--z-index-desktop) !important}@media(max-width: 976px){.uag-blocks-common-selector{z-index:var(--z-index-tablet) !important}}@media(max-width: 767px){.uag-blocks-common-selector{z-index:var(--z-index-mobile) !important}}.wp-block-uagb-image{display:flex}.wp-block-uagb-image__figure{position:relative;display:flex;flex-direction:column;max-width:100%;height:auto;margin:0}.wp-block-uagb-image__figure img{height:auto;display:flex;max-width:100%;transition:box-shadow .2s ease}.wp-block-uagb-image__figure>a{display:inline-block}.wp-block-uagb-image__figure figcaption{text-align:center;margin-top:.5em;margin-bottom:1em}.wp-block-uagb-image .components-placeholder.block-editor-media-placeholder .components-placeholder__instructions{align-self:center}.wp-block-uagb-image--align-left{text-align:left}.wp-block-uagb-image--align-right{text-align:right}.wp-block-uagb-image--align-center{text-align:center}.wp-block-uagb-image--align-full .wp-block-uagb-image__figure{margin-left:calc(50% - 50vw);margin-right:calc(50% - 50vw);max-width:100vw;width:100vw;height:auto}.wp-block-uagb-image--align-full .wp-block-uagb-image__figure img{height:auto;width:100% !important}.wp-block-uagb-image--align-wide .wp-block-uagb-image__figure img{height:auto;width:100%}.wp-block-uagb-image--layout-overlay__color-wrapper{position:absolute;left:0;top:0;right:0;bottom:0;opacity:.2;background:rgba(0,0,0,.5);transition:opacity .35s ease-in-out}.wp-block-uagb-image--layout-overlay-link{position:absolute;left:0;right:0;bottom:0;top:0}.wp-block-uagb-image--layout-overlay .wp-block-uagb-image__figure:hover .wp-block-uagb-image--layout-overlay__color-wrapper{opacity:1}.wp-block-uagb-image--layout-overlay__inner{position:absolute;left:15px;right:15px;bottom:15px;top:15px;display:flex;align-items:center;justify-content:center;flex-direction:column;border-color:#fff;transition:.35s ease-in-out}.wp-block-uagb-image--layout-overlay__inner.top-left,.wp-block-uagb-image--layout-overlay__inner.top-center,.wp-block-uagb-image--layout-overlay__inner.top-right{justify-content:flex-start}.wp-block-uagb-image--layout-overlay__inner.bottom-left,.wp-block-uagb-image--layout-overlay__inner.bottom-center,.wp-block-uagb-image--layout-overlay__inner.bottom-right{justify-content:flex-end}.wp-block-uagb-image--layout-overlay__inner.top-left,.wp-block-uagb-image--layout-overlay__inner.center-left,.wp-block-uagb-image--layout-overlay__inner.bottom-left{align-items:flex-start}.wp-block-uagb-image--layout-overlay__inner.top-right,.wp-block-uagb-image--layout-overlay__inner.center-right,.wp-block-uagb-image--layout-overlay__inner.bottom-right{align-items:flex-end}.wp-block-uagb-image--layout-overlay__inner .uagb-image-heading{color:#fff;transition:transform .35s,opacity .35s ease-in-out;transform:translate3d(0, 24px, 0);margin:0;line-height:1em}.wp-block-uagb-image--layout-overlay__inner .uagb-image-separator{width:30%;border-top-width:2px;border-top-color:#fff;border-top-style:solid;margin-bottom:10px;opacity:0;transition:transform .4s,opacity .4s ease-in-out;transform:translate3d(0, 30px, 0)}.wp-block-uagb-image--layout-overlay__inner .uagb-image-caption{opacity:0;overflow:visible;color:#fff;transition:transform .45s,opacity .45s ease-in-out;transform:translate3d(0, 35px, 0)}.wp-block-uagb-image--layout-overlay__inner:hover .uagb-image-heading,.wp-block-uagb-image--layout-overlay__inner:hover .uagb-image-separator,.wp-block-uagb-image--layout-overlay__inner:hover .uagb-image-caption{opacity:1;transform:translate3d(0, 0, 0)}.wp-block-uagb-image--effect-zoomin .wp-block-uagb-image__figure img,.wp-block-uagb-image--effect-zoomin .wp-block-uagb-image__figure .wp-block-uagb-image--layout-overlay__color-wrapper{transform:scale(1);transition:transform .35s ease-in-out}.wp-block-uagb-image--effect-zoomin .wp-block-uagb-image__figure:hover img,.wp-block-uagb-image--effect-zoomin .wp-block-uagb-image__figure:hover .wp-block-uagb-image--layout-overlay__color-wrapper{transform:scale(1.05)}.wp-block-uagb-image--effect-slide .wp-block-uagb-image__figure img,.wp-block-uagb-image--effect-slide .wp-block-uagb-image__figure .wp-block-uagb-image--layout-overlay__color-wrapper{width:calc(100% + 40px) !important;max-width:none !important;transform:translate3d(-40px, 0, 0);transition:transform .35s ease-in-out}.wp-block-uagb-image--effect-slide .wp-block-uagb-image__figure:hover img,.wp-block-uagb-image--effect-slide .wp-block-uagb-image__figure:hover .wp-block-uagb-image--layout-overlay__color-wrapper{transform:translate3d(0, 0, 0)}.wp-block-uagb-image--effect-grayscale img{filter:grayscale(0%);transition:.35s ease-in-out}.wp-block-uagb-image--effect-grayscale:hover img{filter:grayscale(100%)}.wp-block-uagb-image--effect-blur img{filter:blur(0);transition:.35s ease-in-out}.wp-block-uagb-image--effect-blur:hover img{filter:blur(3px)}.uagb-block-e6f939b3.wp-block-uagb-image--layout-default figure img{box-shadow: 0px 0px 0 #00000070;}.uagb-block-e6f939b3.wp-block-uagb-image .wp-block-uagb-image__figure figcaption{font-style: normal;align-self: center;}.uagb-block-e6f939b3.wp-block-uagb-image--layout-overlay figure img{box-shadow: 0px 0px 0 #00000070;}.uagb-block-e6f939b3.wp-block-uagb-image--layout-overlay .wp-block-uagb-image--layout-overlay__color-wrapper{opacity: 0.2;}.uagb-block-e6f939b3.wp-block-uagb-image--layout-overlay .wp-block-uagb-image--layout-overlay__inner{left: 15px;right: 15px;top: 15px;bottom: 15px;}.uagb-block-e6f939b3.wp-block-uagb-image--layout-overlay .wp-block-uagb-image--layout-overlay__inner .uagb-image-heading{font-style: normal;color: #fff;opacity: 1;}.uagb-block-e6f939b3.wp-block-uagb-image--layout-overlay .wp-block-uagb-image--layout-overlay__inner .uagb-image-heading a{color: #fff;}.uagb-block-e6f939b3.wp-block-uagb-image--layout-overlay .wp-block-uagb-image--layout-overlay__inner .uagb-image-caption{opacity: 0;}.uagb-block-e6f939b3.wp-block-uagb-image--layout-overlay .wp-block-uagb-image__figure:hover .wp-block-uagb-image--layout-overlay__color-wrapper{opacity: 1;}.uagb-block-e6f939b3.wp-block-uagb-image .wp-block-uagb-image--layout-overlay__inner .uagb-image-separator{width: 30%;border-top-width: 2px;border-top-color: #fff;opacity: 0;}.uagb-block-e6f939b3.wp-block-uagb-image .wp-block-uagb-image__figure img{width: px;height: auto;}.uagb-block-e6f939b3.wp-block-uagb-image .wp-block-uagb-image__figure:hover .wp-block-uagb-image--layout-overlay__inner .uagb-image-caption{opacity: 1;}.uagb-block-e6f939b3.wp-block-uagb-image .wp-block-uagb-image__figure:hover .wp-block-uagb-image--layout-overlay__inner .uagb-image-separator{opacity: 1;}.uagb-block-e6f939b3.wp-block-uagb-image--layout-default figure:hover img{box-shadow: 0px 0px 0 #00000070;}.uagb-block-e6f939b3.wp-block-uagb-image--layout-overlay figure:hover img{box-shadow: 0px 0px 0 #00000070;}@media only screen and (max-width: 976px) {.uagb-block-e6f939b3.wp-block-uagb-image .wp-block-uagb-image__figure img{width: px;height: auto;}}@media only screen and (max-width: 767px) {.uagb-block-e6f939b3.wp-block-uagb-image .wp-block-uagb-image__figure img{width: px;height: auto;}}\";s:2:\"js\";s:0:\"\";s:18:\"current_block_list\";a:13:{i:0;s:11:\"core\/search\";i:1;s:10:\"core\/group\";i:2;s:12:\"core\/heading\";i:3;s:17:\"core\/latest-posts\";i:4;s:20:\"core\/latest-comments\";i:5;s:13:\"core\/archives\";i:6;s:15:\"core\/categories\";i:7;s:14:\"core\/paragraph\";i:8;s:10:\"uagb\/image\";i:9;s:11:\"core\/spacer\";i:10;s:30:\"woocommerce\/product-categories\";i:11;s:10:\"core\/image\";i:12;s:14:\"core\/shortcode\";}s:8:\"uag_flag\";b:1;s:11:\"uag_version\";s:10:\"1777336359\";s:6:\"gfonts\";a:0:{}s:10:\"gfonts_url\";s:0:\"\";s:12:\"gfonts_files\";a:0:{}s:14:\"uag_faq_layout\";b:0;}"]},"uagb_featured_image_src":{"full":["https:\/\/www.ferberpainting.com\/wp-content\/uploads\/2025\/05\/TomatoFertilizerensac.png",2560,2560,false],"thumbnail":["https:\/\/www.ferberpainting.com\/wp-content\/uploads\/2025\/05\/TomatoFertilizerensac-150x150.png",150,150,true],"medium":["https:\/\/www.ferberpainting.com\/wp-content\/uploads\/2025\/05\/TomatoFertilizerensac-300x300.png",300,300,true],"medium_large":["https:\/\/www.ferberpainting.com\/wp-content\/uploads\/2025\/05\/TomatoFertilizerensac-768x768.png",768,768,true],"large":["https:\/\/www.ferberpainting.com\/wp-content\/uploads\/2025\/05\/TomatoFertilizerensac-1024x1024.png",1024,1024,true],"1536x1536":["https:\/\/www.ferberpainting.com\/wp-content\/uploads\/2025\/05\/TomatoFertilizerensac-1536x1536.png",1536,1536,true],"2048x2048":["https:\/\/www.ferberpainting.com\/wp-content\/uploads\/2025\/05\/TomatoFertilizerensac-2048x2048.png",2048,2048,true],"trp-custom-language-flag":["https:\/\/www.ferberpainting.com\/wp-content\/uploads\/2025\/05\/TomatoFertilizerensac-12x12.png",12,12,true],"woocommerce_thumbnail":["https:\/\/www.ferberpainting.com\/wp-content\/uploads\/2025\/05\/TomatoFertilizerensac-300x300.png",300,300,true],"woocommerce_single":["https:\/\/www.ferberpainting.com\/wp-content\/uploads\/2025\/05\/TomatoFertilizerensac-600x600.png",600,600,true],"woocommerce_gallery_thumbnail":["https:\/\/www.ferberpainting.com\/wp-content\/uploads\/2025\/05\/TomatoFertilizerensac-100x100.png",100,100,true]},"uagb_author_info":{"display_name":"admin","author_link":"https:\/\/www.ferberpainting.com\/lt\/author\/"},"uagb_comment_info":31,"uagb_excerpt":"A fertilizer specially designed for tomatoes.\u00a0This granular fertilizer is formulated to optimize the growth of tomato plants, by providing the essential nutrients at each stage of development. Thanks to a balanced composition of nitrogen, phosphorus, and potassium (NPK 10-10-10), it promotes dense foliage, abundant flowering and generous fruiting, thus ensuring a harvest of tasty, high-quality&hellip;","_links":{"self":[{"href":"https:\/\/www.ferberpainting.com\/lt\/wp-json\/wp\/v2\/product\/25592","targetHints":{"allow":["GET"]}}],"collection":[{"href":"https:\/\/www.ferberpainting.com\/lt\/wp-json\/wp\/v2\/product"}],"about":[{"href":"https:\/\/www.ferberpainting.com\/lt\/wp-json\/wp\/v2\/types\/product"}],"replies":[{"embeddable":true,"href":"https:\/\/www.ferberpainting.com\/lt\/wp-json\/wp\/v2\/comments?post=25592"}],"version-history":[{"count":5,"href":"https:\/\/www.ferberpainting.com\/lt\/wp-json\/wp\/v2\/product\/25592\/revisions"}],"predecessor-version":[{"id":167453,"href":"https:\/\/www.ferberpainting.com\/lt\/wp-json\/wp\/v2\/product\/25592\/revisions\/167453"}],"wp:featuredmedia":[{"embeddable":true,"href":"https:\/\/www.ferberpainting.com\/lt\/wp-json\/wp\/v2\/media\/27430"}],"wp:attachment":[{"href":"https:\/\/www.ferberpainting.com\/lt\/wp-json\/wp\/v2\/media?parent=25592"}],"wp:term":[{"taxonomy":"product_brand","embeddable":true,"href":"https:\/\/www.ferberpainting.com\/lt\/wp-json\/wp\/v2\/product_brand?post=25592"},{"taxonomy":"product_cat","embeddable":true,"href":"https:\/\/www.ferberpainting.com\/lt\/wp-json\/wp\/v2\/product_cat?post=25592"},{"taxonomy":"product_tag","embeddable":true,"href":"https:\/\/www.ferberpainting.com\/lt\/wp-json\/wp\/v2\/product_tag?post=25592"}],"curies":[{"name":"wp","href":"https:\/\/api.w.org\/{rel}","templated":true}]}}