{"id":25588,"date":"2025-05-26T10:32:31","date_gmt":"2025-05-26T08:32:31","guid":{"rendered":"https:\/\/www.ferberpainting.com\/products\/toilet-unblocker\/"},"modified":"2026-02-16T13:00:44","modified_gmt":"2026-02-16T12:00:44","slug":"toilet-unblocker","status":"publish","type":"product","link":"https:\/\/www.ferberpainting.com\/lt\/products\/toilet-unblocker\/","title":{"rendered":"Tualeto atkim\u0161\u0117jas"},"content":{"rendered":"<p><strong><img decoding=\"async\" style=\"margin-right: 12px;\" src=\"https:\/\/www.ferberpainting.com\/wp-content\/uploads\/2026\/02\/Check.svg\" alt=\"\" width=\"18\" height=\"15\" \/>Greitas ir veiksmingas u\u017esikim\u0161imo pa\u0161alinimas.<\/strong>\u00a0\u0160is klozeto atblokavimas yra specialiai sukurtas i\u0161tirpinti u\u017esikim\u0161imus, kurie trukdo normaliam vandens nutek\u0117jimui. Jis giliai \u012fsiskverbia \u012f organines med\u017eiagas, tualetinio popieriaus liku\u010dius, riebalus ir kitus elementus, kurie gali u\u017ekim\u0161ti tualeto vamzd\u017eius. D\u0117l savo galingos formul\u0117s jis atkuria skland\u0173 vandens tek\u0117jim\u0105 nereikalaudamas agresyvaus mechaninio \u012fsiki\u0161imo.<\/p>\n<p><strong><img decoding=\"async\" style=\"margin-right: 12px;\" src=\"https:\/\/www.ferberpainting.com\/wp-content\/uploads\/2026\/02\/Check.svg\" alt=\"\" width=\"18\" height=\"15\" \/>Pinig\u0173 gr\u0105\u017einimo garantija. <\/strong>Mes visi\u0161kai pasitikime savo tualeto atblokavimo priemon\u0117s veiksmingumu. Tod\u0117l si\u016blome pinig\u0173 gr\u0105\u017einimo garantij\u0105. Jei tinkamai naudojant gamin\u012f pagal instrukcijas problema nei\u0161sisprend\u017eia, turite galimyb\u0119 bes\u0105lygi\u0161kai pra\u0161yti gr\u0105\u017einti pinigus, taip u\u017etikrindami saug\u0173 ir neriziking\u0105 pirkin\u012f.<\/p>\n<p><strong><img decoding=\"async\" style=\"margin-right: 12px;\" src=\"https:\/\/www.ferberpainting.com\/wp-content\/uploads\/2026\/02\/Check.svg\" alt=\"\" width=\"18\" height=\"15\" \/>Suderinamas su \u012fvairi\u0173 tip\u0173 vamzd\u017eiais ir sanitarin\u0117mis sistemomis.<\/strong>\u00a0\u0160is atblokuotuvas tinka standartiniams tualetams, sieniniams tualetams, tualetams su maceratoriais ir septikams. Jis veikia nepa\u017eeisdamas vamzd\u017ei\u0173 ir gali b\u016bti naudojamas PVC, ketaus, vario, ner\u016bdijan\u010diojo plieno ir keramikos vamzd\u017eiams, u\u017etikrinant optimal\u0173 suderinamum\u0105 su visomis \u0161iuolaikin\u0117mis ir tradicin\u0117mis sanitarin\u0117mis sistemomis.<\/p>\n<p><strong><img decoding=\"async\" style=\"margin-right: 12px;\" src=\"https:\/\/www.ferberpainting.com\/wp-content\/uploads\/2026\/02\/Check.svg\" alt=\"\" width=\"18\" height=\"15\" \/>Ekonomi\u0161kas veikimas ir optimalus dozavimas.<\/strong>\u00a0D\u0117l koncentruotos formul\u0117s 1 litras atblokavimo priemon\u0117s gali sutvarkyti iki 4 u\u017esikim\u0161im\u0173, tod\u0117l tai veiksmingas ir ekonomi\u0161kas sprendimas, kad j\u016bs\u0173 tualetai veikt\u0173. D\u0117l tikslingo veikimo galite naudoti tik reikiam\u0105 kiek\u012f vienai intervencijai, taip suma\u017eindami atliek\u0173 kiek\u012f ir optimizuodami produkto veikim\u0105.<\/p>\n<p><strong><img decoding=\"async\" style=\"margin-right: 12px;\" src=\"https:\/\/www.ferberpainting.com\/wp-content\/uploads\/2026\/02\/Check.svg\" alt=\"\" width=\"18\" height=\"15\" \/>Saugus produktas, apsaugantis \u012frenginius.<\/strong>\u00a0Skirtingai nuo labai korozini\u0173 atblokavimo priemoni\u0173, kurios gali pa\u017eeisti vamzd\u017eius, \u0161is produktas veikia nesusilpnindamas med\u017eiag\u0173 ir nepa\u017eeisdamas sandarinimo si\u016bli\u0173. Kontroliuojamas jo naudojimas pa\u0161alina u\u017esikim\u0161imus, nepadarydamas ilgalaik\u0117s \u017ealos ir u\u017etikrindamas santechnikos \u012frengini\u0173 i\u0161saugojim\u0105.<\/p>\n<p><strong><img decoding=\"async\" style=\"margin-right: 12px;\" src=\"https:\/\/www.ferberpainting.com\/wp-content\/uploads\/2026\/02\/Check.svg\" alt=\"\" width=\"18\" height=\"15\" \/>Lengvas naudojimas ir efektyvumas be pastang\u0173.<\/strong>\u00a0\u0160is atblokavimo \u012frenginys yra paruo\u0161tas naudoti ir nereikalauja sud\u0117ting\u0173 veiksm\u0173. Tiesiog supilkite j\u012f tiesiai \u012f klozet\u0105 ir leiskite jam veikti kelias minutes prie\u0161 i\u0161plaunant. Itin greitas jo veikimas veiksmingai pa\u0161alina u\u017esikim\u0161imus per 15-30 minu\u010di\u0173, tod\u0117l nereikia naudoti sud\u0117tingesni\u0173 mechanini\u0173 metod\u0173, toki\u0173 kaip plun\u017eeriai ar kanalizacijos gyvat\u0117s.<\/p>\n<p><strong><img decoding=\"async\" style=\"margin-right: 12px;\" src=\"https:\/\/www.ferberpainting.com\/wp-content\/uploads\/2026\/02\/Check.svg\" alt=\"\" width=\"18\" height=\"15\" \/>Ilgaam\u017ei\u0161kumas ir u\u017esikim\u0161imo ateityje prevencija.<\/strong>\u00a0\u0160i priemon\u0117 ne tik pa\u0161alina esamus u\u017esikim\u0161imus, bet ir u\u017ekerta keli\u0105 nauj\u0173 u\u017esikim\u0161im\u0173 susidarymui, nes palaipsniui tirpdo vamzd\u017eiuose susikaupusius liku\u010dius ir nuos\u0117das. Reguliarus naudojimas padeda apriboti u\u017esikim\u0161imo rizik\u0105 ir u\u017etikrina optimal\u0173 tualeto veikim\u0105 ilg\u0105 laik\u0105.<\/p>\n<p><strong><img decoding=\"async\" style=\"margin-right: 12px;\" src=\"https:\/\/www.ferberpainting.com\/wp-content\/uploads\/2026\/02\/Check.svg\" alt=\"\" width=\"18\" height=\"15\" \/>Skubus veiksmas, kad greitai jaustum\u0117t\u0117s patogiai.<\/strong>\u00a0Vos tik j\u012f panaudojus, \u0161i atblokuojanti priemon\u0117 pradeda tirpdyti u\u017esikim\u0161usias med\u017eiagas ir atkuria vandens tek\u0117jim\u0105. Po paprasto nuplovimo tualetai v\u0117l pradeda normaliai funkcionuoti, tod\u0117l jais galima naudotis nepertraukiamai ir be r\u016bpes\u010di\u0173.<\/p>\n<h2><strong>Naudojimo protokolas<\/strong><\/h2>\n<ul>\n<li><strong>Tualeto paruo\u0161imas <\/strong>: Prie\u0161 naudodami gamin\u012f \u012fsitikinkite, kad tualeto dubenyje n\u0117ra per daug vandens, kad atblokavimo priemon\u0117 geriau i\u0161sisklaidyt\u0173. Jei reikia, vandens pertekli\u0173 pa\u0161alinkite indu, kad jis neperpildyt\u0173.<\/li>\n<li><strong>Rekomenduojama doz\u0117 <\/strong>: 250 ml produkto \u012fpilkite tiesiai \u012f klozet\u0105, kad i\u0161valytum\u0117te u\u017esikim\u0161us\u012f klozet\u0105. 1 litru galima i\u0161valyti iki 4 u\u017esikim\u0161im\u0173. Esant dideliam u\u017esikim\u0161imui, po pirmojo bandymo gali prireikti naudoti antr\u0105 kart\u0105.<\/li>\n<li><strong>\"Unblocker\" taikymas <\/strong>: L\u0117tai supilkite produkt\u0105 \u012f duben\u012f ir leiskite jam veikti nuo 15 iki 30 minu\u010di\u0173, priklausomai nuo u\u017esikim\u0161imo stiprumo. Esant dideliam u\u017esikim\u0161imui, palikite priemon\u0119 veikti iki 1 valandos, kad ji b\u016bt\u0173 kuo veiksmingesn\u0117.<\/li>\n<li><strong>Skalavimas ir srauto valdymas <\/strong>: Pra\u0117jus laukimo laikui, nuleiskite vanden\u012f tualete ir kruop\u0161\u010diai i\u0161plaukite klozet\u0105. Patikrinkite, ar srautas v\u0117l tapo normalus. Jei problema i\u0161lieka, pakartokite operacij\u0105 su papildoma doze.<\/li>\n<li><strong>Prevencin\u0117 prie\u017ei\u016bra <\/strong>: Siekiant i\u0161vengti u\u017esikim\u0161imo ateityje, rekomenduojama kart\u0105 per m\u0117nes\u012f naudoti nedidel\u012f kiek\u012f produkto, kad i\u0161tirpt\u0173 susikaupusios nuos\u0117dos ir b\u016bt\u0173 u\u017etikrintas optimalus nuotek\u0173 srautas.<\/li>\n<li><strong>Naudojimo atsargumo priemon\u0117s <\/strong>: Nemai\u0161ykite su kitomis chemin\u0117mis med\u017eiagomis, ypa\u010d su atblokuojan\u010diomis med\u017eiagomis, kuri\u0173 sud\u0117tyje yra kaustin\u0117s sodos arba sieros r\u016bg\u0161ties. Vengti bet kokio s\u0105ly\u010dio su oda ir akimis. Atsitiktinai patekus \u012f akis, nedelsiant nuplaukite \u0161variu vandeniu ir, jei reikia, kreipkit\u0117s \u012f gydytoj\u0105.<\/li>\n<li><strong>Saugojimas ir konservavimas <\/strong>: Laikykite gamin\u012f sausoje ir \u0161iltoje vietoje, apsaugotoje nuo \u0161viesos ir vaikams nepasiekiamoje vietoje. Panaudoj\u0119 visada sandariai u\u017edarykite buteliuk\u0105, kad produktas nei\u0161garuot\u0173 ir nesuirt\u0173.<\/li>\n<\/ul>\n<p>Naudodami \u0161\u012f klozet\u0173 atblokavimo \u012ftais\u0105 veiksmingai ir greitai pa\u0161alinsite u\u017esikim\u0161imus, tausodami vamzd\u017eius ir u\u017etikrindami optimali\u0105 santechnikos \u012frengini\u0173 prie\u017ei\u016br\u0105.<\/p>","protected":false},"excerpt":{"rendered":"<p>Fast and effective blockage removal.\u00a0This toilet unblocker is specially designed to dissolve stubborn clogs that prevent normal water drainage. It penetrates deep into organic matter, toilet paper residues, grease, and other elements that can obstruct the WC pipes. Thanks to its powerful formula, it restores a smooth flow without requiring aggressive mechanical intervention. Money-back guarantee. [&hellip;]<\/p>\n","protected":false},"featured_media":27428,"comment_status":"open","ping_status":"closed","template":"","meta":{"_uag_custom_page_level_css":"","site-sidebar-layout":"default","site-content-layout":"","ast-site-content-layout":"default","site-content-style":"default","site-sidebar-style":"default","ast-global-header-display":"","ast-banner-title-visibility":"","ast-main-header-display":"","ast-hfb-above-header-display":"","ast-hfb-below-header-display":"","ast-hfb-mobile-header-display":"","site-post-title":"","ast-breadcrumbs-content":"","ast-featured-img":"","footer-sml-layout":"","ast-disable-related-posts":"","theme-transparent-header-meta":"default","adv-header-id-meta":"","stick-header-meta":"","header-above-stick-meta":"","header-main-stick-meta":"","header-below-stick-meta":"","astra-migrate-meta-layouts":"set","ast-page-background-enabled":"default","ast-page-background-meta":{"desktop":{"background-color":"var(--ast-global-color-4)","background-image":"","background-repeat":"repeat","background-position":"center center","background-size":"auto","background-attachment":"scroll","background-type":"","background-media":"","overlay-type":"","overlay-color":"","overlay-opacity":"","overlay-gradient":""},"tablet":{"background-color":"","background-image":"","background-repeat":"repeat","background-position":"center center","background-size":"auto","background-attachment":"scroll","background-type":"","background-media":"","overlay-type":"","overlay-color":"","overlay-opacity":"","overlay-gradient":""},"mobile":{"background-color":"","background-image":"","background-repeat":"repeat","background-position":"center center","background-size":"auto","background-attachment":"scroll","background-type":"","background-media":"","overlay-type":"","overlay-color":"","overlay-opacity":"","overlay-gradient":""}},"ast-content-background-meta":{"desktop":{"background-color":"var(--ast-global-color-5)","background-image":"","background-repeat":"repeat","background-position":"center center","background-size":"auto","background-attachment":"scroll","background-type":"","background-media":"","overlay-type":"","overlay-color":"","overlay-opacity":"","overlay-gradient":""},"tablet":{"background-color":"var(--ast-global-color-5)","background-image":"","background-repeat":"repeat","background-position":"center center","background-size":"auto","background-attachment":"scroll","background-type":"","background-media":"","overlay-type":"","overlay-color":"","overlay-opacity":"","overlay-gradient":""},"mobile":{"background-color":"var(--ast-global-color-5)","background-image":"","background-repeat":"repeat","background-position":"center center","background-size":"auto","background-attachment":"scroll","background-type":"","background-media":"","overlay-type":"","overlay-color":"","overlay-opacity":"","overlay-gradient":""}}},"product_brand":[],"product_cat":[175],"product_tag":[],"class_list":{"0":"post-25588","1":"product","2":"type-product","3":"status-publish","4":"has-post-thumbnail","6":"product_cat-cleaning-products","7":"desktop-align-left","8":"tablet-align-left","9":"mobile-align-left","11":"first","12":"instock","13":"sale","14":"taxable","15":"shipping-taxable","16":"purchasable","17":"product-type-variable","18":"has-default-attributes"},"spectra_custom_meta":{"_visibility":["visible"],"_shopify_product_id":["9062206963957"],"_s2w_shopify_domain":["ferberpainting.myshopify.com"],"_shopify_variant_id":["46488026775797"],"_sku":[""],"_manage_stock":["no"],"total_sales":["147"],"_tax_status":["taxable"],"_tax_class":[""],"_backorders":["no"],"_sold_individually":["no"],"_virtual":["no"],"_downloadable":["no"],"_download_limit":["-1"],"_download_expiry":["-1"],"_stock":[null],"_stock_status":["instock"],"_wc_average_rating":["4.83"],"_wc_review_count":["6"],"_product_attributes":["a:1:{s:6:\"volume\";a:6:{s:4:\"name\";s:6:\"Volume\";s:5:\"value\";s:20:\"5 liters | 25 liters\";s:8:\"position\";i:1;s:10:\"is_visible\";i:0;s:12:\"is_variation\";i:1;s:11:\"is_taxonomy\";i:0;}}"],"_product_version":["10.5.1"],"_thumbnail_id":["27428"],"_product_image_gallery":["27429"],"wpse_downloadable_file_names":[""],"wpse_downloadable_file_urls":[""],"_edit_last":["1"],"_default_attributes":["a:1:{s:6:\"volume\";s:8:\"5 liters\";}"],"_edit_lock":["1771244180:1"],"merchant-center-availability":["yes"],"merchant-center-category":["1749"],"_price":["29.90","129.90"],"_wp_page_template":["default"],"site-sidebar-layout":["default"],"ast-site-content-layout":["default"],"site-content-style":["default"],"site-sidebar-style":["default"],"theme-transparent-header-meta":["default"],"_wc_rating_count":["a:2:{i:4;i:1;i:5;i:5;}"],"astra-migrate-meta-layouts":["set"],"_uag_css_file_name":["uag-css-25588.css"],"_elementor_page_assets":["a:0:{}"],"_uag_page_assets":["a:9:{s:3:\"css\";s:7133:\".uag-blocks-common-selector{z-index:var(--z-index-desktop) !important}@media(max-width: 976px){.uag-blocks-common-selector{z-index:var(--z-index-tablet) !important}}@media(max-width: 767px){.uag-blocks-common-selector{z-index:var(--z-index-mobile) !important}}.wp-block-uagb-image{display:flex}.wp-block-uagb-image__figure{position:relative;display:flex;flex-direction:column;max-width:100%;height:auto;margin:0}.wp-block-uagb-image__figure img{height:auto;display:flex;max-width:100%;transition:box-shadow .2s ease}.wp-block-uagb-image__figure>a{display:inline-block}.wp-block-uagb-image__figure figcaption{text-align:center;margin-top:.5em;margin-bottom:1em}.wp-block-uagb-image .components-placeholder.block-editor-media-placeholder .components-placeholder__instructions{align-self:center}.wp-block-uagb-image--align-left{text-align:left}.wp-block-uagb-image--align-right{text-align:right}.wp-block-uagb-image--align-center{text-align:center}.wp-block-uagb-image--align-full .wp-block-uagb-image__figure{margin-left:calc(50% - 50vw);margin-right:calc(50% - 50vw);max-width:100vw;width:100vw;height:auto}.wp-block-uagb-image--align-full .wp-block-uagb-image__figure img{height:auto;width:100% !important}.wp-block-uagb-image--align-wide .wp-block-uagb-image__figure img{height:auto;width:100%}.wp-block-uagb-image--layout-overlay__color-wrapper{position:absolute;left:0;top:0;right:0;bottom:0;opacity:.2;background:rgba(0,0,0,.5);transition:opacity .35s ease-in-out}.wp-block-uagb-image--layout-overlay-link{position:absolute;left:0;right:0;bottom:0;top:0}.wp-block-uagb-image--layout-overlay .wp-block-uagb-image__figure:hover .wp-block-uagb-image--layout-overlay__color-wrapper{opacity:1}.wp-block-uagb-image--layout-overlay__inner{position:absolute;left:15px;right:15px;bottom:15px;top:15px;display:flex;align-items:center;justify-content:center;flex-direction:column;border-color:#fff;transition:.35s ease-in-out}.wp-block-uagb-image--layout-overlay__inner.top-left,.wp-block-uagb-image--layout-overlay__inner.top-center,.wp-block-uagb-image--layout-overlay__inner.top-right{justify-content:flex-start}.wp-block-uagb-image--layout-overlay__inner.bottom-left,.wp-block-uagb-image--layout-overlay__inner.bottom-center,.wp-block-uagb-image--layout-overlay__inner.bottom-right{justify-content:flex-end}.wp-block-uagb-image--layout-overlay__inner.top-left,.wp-block-uagb-image--layout-overlay__inner.center-left,.wp-block-uagb-image--layout-overlay__inner.bottom-left{align-items:flex-start}.wp-block-uagb-image--layout-overlay__inner.top-right,.wp-block-uagb-image--layout-overlay__inner.center-right,.wp-block-uagb-image--layout-overlay__inner.bottom-right{align-items:flex-end}.wp-block-uagb-image--layout-overlay__inner .uagb-image-heading{color:#fff;transition:transform .35s,opacity .35s ease-in-out;transform:translate3d(0, 24px, 0);margin:0;line-height:1em}.wp-block-uagb-image--layout-overlay__inner .uagb-image-separator{width:30%;border-top-width:2px;border-top-color:#fff;border-top-style:solid;margin-bottom:10px;opacity:0;transition:transform .4s,opacity .4s ease-in-out;transform:translate3d(0, 30px, 0)}.wp-block-uagb-image--layout-overlay__inner .uagb-image-caption{opacity:0;overflow:visible;color:#fff;transition:transform .45s,opacity .45s ease-in-out;transform:translate3d(0, 35px, 0)}.wp-block-uagb-image--layout-overlay__inner:hover .uagb-image-heading,.wp-block-uagb-image--layout-overlay__inner:hover .uagb-image-separator,.wp-block-uagb-image--layout-overlay__inner:hover .uagb-image-caption{opacity:1;transform:translate3d(0, 0, 0)}.wp-block-uagb-image--effect-zoomin .wp-block-uagb-image__figure img,.wp-block-uagb-image--effect-zoomin .wp-block-uagb-image__figure .wp-block-uagb-image--layout-overlay__color-wrapper{transform:scale(1);transition:transform .35s ease-in-out}.wp-block-uagb-image--effect-zoomin .wp-block-uagb-image__figure:hover img,.wp-block-uagb-image--effect-zoomin .wp-block-uagb-image__figure:hover .wp-block-uagb-image--layout-overlay__color-wrapper{transform:scale(1.05)}.wp-block-uagb-image--effect-slide .wp-block-uagb-image__figure img,.wp-block-uagb-image--effect-slide .wp-block-uagb-image__figure .wp-block-uagb-image--layout-overlay__color-wrapper{width:calc(100% + 40px) !important;max-width:none !important;transform:translate3d(-40px, 0, 0);transition:transform .35s ease-in-out}.wp-block-uagb-image--effect-slide .wp-block-uagb-image__figure:hover img,.wp-block-uagb-image--effect-slide .wp-block-uagb-image__figure:hover .wp-block-uagb-image--layout-overlay__color-wrapper{transform:translate3d(0, 0, 0)}.wp-block-uagb-image--effect-grayscale img{filter:grayscale(0%);transition:.35s ease-in-out}.wp-block-uagb-image--effect-grayscale:hover img{filter:grayscale(100%)}.wp-block-uagb-image--effect-blur img{filter:blur(0);transition:.35s ease-in-out}.wp-block-uagb-image--effect-blur:hover img{filter:blur(3px)}.uagb-block-e6f939b3.wp-block-uagb-image--layout-default figure img{box-shadow: 0px 0px 0 #00000070;}.uagb-block-e6f939b3.wp-block-uagb-image .wp-block-uagb-image__figure figcaption{font-style: normal;align-self: center;}.uagb-block-e6f939b3.wp-block-uagb-image--layout-overlay figure img{box-shadow: 0px 0px 0 #00000070;}.uagb-block-e6f939b3.wp-block-uagb-image--layout-overlay .wp-block-uagb-image--layout-overlay__color-wrapper{opacity: 0.2;}.uagb-block-e6f939b3.wp-block-uagb-image--layout-overlay .wp-block-uagb-image--layout-overlay__inner{left: 15px;right: 15px;top: 15px;bottom: 15px;}.uagb-block-e6f939b3.wp-block-uagb-image--layout-overlay .wp-block-uagb-image--layout-overlay__inner .uagb-image-heading{font-style: normal;color: #fff;opacity: 1;}.uagb-block-e6f939b3.wp-block-uagb-image--layout-overlay .wp-block-uagb-image--layout-overlay__inner .uagb-image-heading a{color: #fff;}.uagb-block-e6f939b3.wp-block-uagb-image--layout-overlay .wp-block-uagb-image--layout-overlay__inner .uagb-image-caption{opacity: 0;}.uagb-block-e6f939b3.wp-block-uagb-image--layout-overlay .wp-block-uagb-image__figure:hover .wp-block-uagb-image--layout-overlay__color-wrapper{opacity: 1;}.uagb-block-e6f939b3.wp-block-uagb-image .wp-block-uagb-image--layout-overlay__inner .uagb-image-separator{width: 30%;border-top-width: 2px;border-top-color: #fff;opacity: 0;}.uagb-block-e6f939b3.wp-block-uagb-image .wp-block-uagb-image__figure img{width: px;height: auto;}.uagb-block-e6f939b3.wp-block-uagb-image .wp-block-uagb-image__figure:hover .wp-block-uagb-image--layout-overlay__inner .uagb-image-caption{opacity: 1;}.uagb-block-e6f939b3.wp-block-uagb-image .wp-block-uagb-image__figure:hover .wp-block-uagb-image--layout-overlay__inner .uagb-image-separator{opacity: 1;}.uagb-block-e6f939b3.wp-block-uagb-image--layout-default figure:hover img{box-shadow: 0px 0px 0 #00000070;}.uagb-block-e6f939b3.wp-block-uagb-image--layout-overlay figure:hover img{box-shadow: 0px 0px 0 #00000070;}@media only screen and (max-width: 976px) {.uagb-block-e6f939b3.wp-block-uagb-image .wp-block-uagb-image__figure img{width: px;height: auto;}}@media only screen and (max-width: 767px) {.uagb-block-e6f939b3.wp-block-uagb-image .wp-block-uagb-image__figure img{width: px;height: auto;}}\";s:2:\"js\";s:0:\"\";s:18:\"current_block_list\";a:13:{i:0;s:11:\"core\/search\";i:1;s:10:\"core\/group\";i:2;s:12:\"core\/heading\";i:3;s:17:\"core\/latest-posts\";i:4;s:20:\"core\/latest-comments\";i:5;s:13:\"core\/archives\";i:6;s:15:\"core\/categories\";i:7;s:14:\"core\/paragraph\";i:8;s:10:\"uagb\/image\";i:9;s:11:\"core\/spacer\";i:10;s:30:\"woocommerce\/product-categories\";i:11;s:10:\"core\/image\";i:12;s:14:\"core\/shortcode\";}s:8:\"uag_flag\";b:1;s:11:\"uag_version\";s:10:\"1777637323\";s:6:\"gfonts\";a:0:{}s:10:\"gfonts_url\";s:0:\"\";s:12:\"gfonts_files\";a:0:{}s:14:\"uag_faq_layout\";b:0;}"]},"uagb_featured_image_src":{"full":["https:\/\/www.ferberpainting.com\/wp-content\/uploads\/2025\/05\/ToiletUnblocker5L.png",2560,2560,false],"thumbnail":["https:\/\/www.ferberpainting.com\/wp-content\/uploads\/2025\/05\/ToiletUnblocker5L-150x150.png",150,150,true],"medium":["https:\/\/www.ferberpainting.com\/wp-content\/uploads\/2025\/05\/ToiletUnblocker5L-300x300.png",300,300,true],"medium_large":["https:\/\/www.ferberpainting.com\/wp-content\/uploads\/2025\/05\/ToiletUnblocker5L-768x768.png",768,768,true],"large":["https:\/\/www.ferberpainting.com\/wp-content\/uploads\/2025\/05\/ToiletUnblocker5L-1024x1024.png",1024,1024,true],"1536x1536":["https:\/\/www.ferberpainting.com\/wp-content\/uploads\/2025\/05\/ToiletUnblocker5L-1536x1536.png",1536,1536,true],"2048x2048":["https:\/\/www.ferberpainting.com\/wp-content\/uploads\/2025\/05\/ToiletUnblocker5L-2048x2048.png",2048,2048,true],"trp-custom-language-flag":["https:\/\/www.ferberpainting.com\/wp-content\/uploads\/2025\/05\/ToiletUnblocker5L-12x12.png",12,12,true],"woocommerce_thumbnail":["https:\/\/www.ferberpainting.com\/wp-content\/uploads\/2025\/05\/ToiletUnblocker5L-300x300.png",300,300,true],"woocommerce_single":["https:\/\/www.ferberpainting.com\/wp-content\/uploads\/2025\/05\/ToiletUnblocker5L-600x600.png",600,600,true],"woocommerce_gallery_thumbnail":["https:\/\/www.ferberpainting.com\/wp-content\/uploads\/2025\/05\/ToiletUnblocker5L-100x100.png",100,100,true]},"uagb_author_info":{"display_name":"admin","author_link":"https:\/\/www.ferberpainting.com\/lt\/author\/"},"uagb_comment_info":6,"uagb_excerpt":"Fast and effective blockage removal.\u00a0This toilet unblocker is specially designed to dissolve stubborn clogs that prevent normal water drainage. It penetrates deep into organic matter, toilet paper residues, grease, and other elements that can obstruct the WC pipes. Thanks to its powerful formula, it restores a smooth flow without requiring aggressive mechanical intervention. Money-back guarantee.&hellip;","_links":{"self":[{"href":"https:\/\/www.ferberpainting.com\/lt\/wp-json\/wp\/v2\/product\/25588","targetHints":{"allow":["GET"]}}],"collection":[{"href":"https:\/\/www.ferberpainting.com\/lt\/wp-json\/wp\/v2\/product"}],"about":[{"href":"https:\/\/www.ferberpainting.com\/lt\/wp-json\/wp\/v2\/types\/product"}],"replies":[{"embeddable":true,"href":"https:\/\/www.ferberpainting.com\/lt\/wp-json\/wp\/v2\/comments?post=25588"}],"version-history":[{"count":3,"href":"https:\/\/www.ferberpainting.com\/lt\/wp-json\/wp\/v2\/product\/25588\/revisions"}],"predecessor-version":[{"id":167440,"href":"https:\/\/www.ferberpainting.com\/lt\/wp-json\/wp\/v2\/product\/25588\/revisions\/167440"}],"wp:featuredmedia":[{"embeddable":true,"href":"https:\/\/www.ferberpainting.com\/lt\/wp-json\/wp\/v2\/media\/27428"}],"wp:attachment":[{"href":"https:\/\/www.ferberpainting.com\/lt\/wp-json\/wp\/v2\/media?parent=25588"}],"wp:term":[{"taxonomy":"product_brand","embeddable":true,"href":"https:\/\/www.ferberpainting.com\/lt\/wp-json\/wp\/v2\/product_brand?post=25588"},{"taxonomy":"product_cat","embeddable":true,"href":"https:\/\/www.ferberpainting.com\/lt\/wp-json\/wp\/v2\/product_cat?post=25588"},{"taxonomy":"product_tag","embeddable":true,"href":"https:\/\/www.ferberpainting.com\/lt\/wp-json\/wp\/v2\/product_tag?post=25588"}],"curies":[{"name":"wp","href":"https:\/\/api.w.org\/{rel}","templated":true}]}}