{"id":25342,"date":"2025-05-26T10:31:01","date_gmt":"2025-05-26T08:31:01","guid":{"rendered":"https:\/\/www.ferberpainting.com\/products\/sunflower-fertilizer\/"},"modified":"2026-02-16T12:17:27","modified_gmt":"2026-02-16T11:17:27","slug":"sunflower-fertilizer","status":"publish","type":"product","link":"https:\/\/www.ferberpainting.com\/lt\/products\/sunflower-fertilizer\/","title":{"rendered":"Saul\u0117gr\u0105\u017e\u0173 tr\u0105\u0161os"},"content":{"rendered":"<p><strong><img decoding=\"async\" style=\"margin-right: 12px;\" src=\"https:\/\/www.ferberpainting.com\/wp-content\/uploads\/2026\/02\/Check.svg\" alt=\"\" width=\"18\" height=\"15\" \/>Tr\u0105\u0161os, specialiai sukurtos saul\u0117gr\u0105\u017e\u0173 augimui ir \u017eyd\u0117jimui padidinti.<\/strong>\u00a0\u0160ios tr\u0105\u0161os specialiai sukurtos saul\u0117gr\u0105\u017e\u0173 mitybos poreikiams tenkinti, u\u017etikrinant puik\u0173 maistini\u0173 med\u017eiag\u0173 balans\u0105, kuris u\u017etikrina intensyv\u0173 augim\u0105, gaus\u0173 \u017eyd\u0117jim\u0105 ir didesn\u012f atsparum\u0105 sud\u0117tingoms klimato s\u0105lygoms. D\u0117l azoto, fosforo ir kalio turtingos sud\u0117ties (NPK 15-15-15) ji padeda geriau \u012fsi\u0161aknyti, sustiprinti stieb\u0105 ir optimizuoti saul\u0117gr\u0105\u017e\u0173 s\u0117kl\u0173 gamyb\u0105.<\/p>\n<p><strong><img decoding=\"async\" style=\"margin-right: 12px;\" src=\"https:\/\/www.ferberpainting.com\/wp-content\/uploads\/2026\/02\/Check.svg\" alt=\"\" width=\"18\" height=\"15\" \/>Pinig\u0173 gr\u0105\u017einimo garantija.<\/strong>\u00a0Mes visi\u0161kai pasitikime m\u016bs\u0173 saul\u0117gr\u0105\u017e\u0173 tr\u0105\u0161\u0173 veiksmingumu, tod\u0117l si\u016blome gr\u0105\u017einti visus pinigus, jei rezultatai j\u016bs\u0173 netenkina. Jei po tr\u0119\u0161imo nepasteb\u0117site jokio saul\u0117gr\u0105\u017e\u0173 augimo ar \u017eyd\u0117jimo pager\u0117jimo, galite pra\u0161yti gr\u0105\u017einti pinigus be joki\u0173 s\u0105lyg\u0173.<\/p>\n<p><strong><img decoding=\"async\" style=\"margin-right: 12px;\" src=\"https:\/\/www.ferberpainting.com\/wp-content\/uploads\/2026\/02\/Check.svg\" alt=\"\" width=\"18\" height=\"15\" \/>Tai universali tr\u0105\u0161a, tinkanti \u012fvairi\u0173 tip\u0173 dirvo\u017eemiams ir sodinukams.<\/strong>\u00a0\u0160ios tr\u0105\u0161os tinka vis\u0173 tip\u0173 dirvo\u017eemiams, \u012fskaitant moling\u0105, sm\u0117ling\u0105 ir priemolio dirvo\u017eem\u012f, ir vienodai tinka tiek lauko augalams, tiek vazonuose ar pakeliamose lysv\u0117se auginamiems augalams. \u0160i tr\u0105\u0161a idealiai tinka nam\u0173 sodininkams, \u016bkininkams m\u0117g\u0117jams ir profesionalams, siekiantiems pagerinti saul\u0117gr\u0105\u017e\u0173 pas\u0117li\u0173 b\u016bkl\u0119 ir derli\u0173.<\/p>\n<p><strong><img decoding=\"async\" style=\"margin-right: 12px;\" src=\"https:\/\/www.ferberpainting.com\/wp-content\/uploads\/2026\/02\/Check.svg\" alt=\"\" width=\"18\" height=\"15\" \/>Optimalus ekonominis efektyvumas d\u0117l koncentruotos sud\u0117ties.<\/strong>\u00a0D\u0117l ma\u017eos tr\u0105\u0161\u0173 doz\u0117s \u0161ios tr\u0105\u0161os tr\u0119\u0161ia efektyviai ir ekonomi\u0161kai. Jos koncentracija leid\u017eia lengvai praskiesti 5 ml litrui vandens, o tai u\u017etikrina plat\u0173 tr\u0105\u0161\u0173 apr\u0117pt\u012f, ne\u0161vaistant produkto veltui. Vienu 5 litr\u0173 talpos bakeliu galima patr\u0119\u0161ti didelius plotus, tod\u0117l investicija labai pelninga.<\/p>\n<p><strong><img decoding=\"async\" style=\"margin-right: 12px;\" src=\"https:\/\/www.ferberpainting.com\/wp-content\/uploads\/2026\/02\/Check.svg\" alt=\"\" width=\"18\" height=\"15\" \/>Saugus ir aplinkai nekenksmingas produktas.<\/strong>\u00a0M\u016bs\u0173 tr\u0105\u0161\u0173 sud\u0117tyje n\u0117ra pavojing\u0173 med\u017eiag\u0173 ar kenksming\u0173 chemini\u0173 pried\u0173, tod\u0117l jos yra saugios dirvo\u017eemiui, augalams ir aplinkiniams laukiniams gyv\u016bnams. Ji neter\u0161ia po\u017eeminio vandens ir padeda i\u0161saugoti dirvo\u017eemyje esan\u010di\u0173 mikroorganizm\u0173 biologin\u0119 \u012fvairov\u0119, taip u\u017etikrindama ekologin\u0119 pusiausvyr\u0105.<\/p>\n<p><strong><img decoding=\"async\" style=\"margin-right: 12px;\" src=\"https:\/\/www.ferberpainting.com\/wp-content\/uploads\/2026\/02\/Check.svg\" alt=\"\" width=\"18\" height=\"15\" \/>Lengvas naudojimas ir greitas pritaikymas.<\/strong>\u00a0\u0160ios tr\u0105\u0161os lengvai praskied\u017eiamos vandenyje ir yra tiesiogiai laistomos, tod\u0117l i\u0161vengiama perdozavimo ar augal\u0173 nudegimo pavojaus. D\u0117l greito pasisavinimo maistin\u0117s med\u017eiagos i\u0161 karto pasiekiamos augalui, tod\u0117l j\u0173 poveikis matomas jau po keli\u0173 savai\u010di\u0173.<\/p>\n<p><strong><img decoding=\"async\" style=\"margin-right: 12px;\" src=\"https:\/\/www.ferberpainting.com\/wp-content\/uploads\/2026\/02\/Check.svg\" alt=\"\" width=\"18\" height=\"15\" \/>Ilgalaikis poveikis optimaliam saul\u0117gr\u0105\u017e\u0173 vystymuisi.<\/strong>\u00a0\u0160ios tr\u0105\u0161os, kuri\u0173 sud\u0117tis u\u017etikrina laipsni\u0161k\u0105 maisting\u0173j\u0173 med\u017eiag\u0173 i\u0161siskyrim\u0105, u\u017etikrina nuolatin\u012f tr\u0119\u0161im\u0105 kelias savaites, palaiko stiebo augim\u0105, atsparum\u0105 ligoms ir auk\u0161t\u0105 s\u0117kl\u0173 kokyb\u0119.<\/p>\n<p><strong><img decoding=\"async\" style=\"margin-right: 12px;\" src=\"https:\/\/www.ferberpainting.com\/wp-content\/uploads\/2026\/02\/Check.svg\" alt=\"\" width=\"18\" height=\"15\" \/>Greitai matomi rezultatai po pirmojo naudojimo.<\/strong>\u00a0Per pirm\u0105sias kelias savaites pasteb\u0117site, kad stiebai ir lapai vystosi spar\u010diau, lapija tankesn\u0117, o \u017eyd\u0117jimas gausesnis. \u0160ios tr\u0105\u0161os skatina saul\u0117gr\u0105\u017e\u0173 med\u017eiag\u0173 apykait\u0105, tod\u0117l skatina spart\u0173 augim\u0105 ir geresn\u012f s\u0117kl\u0173 derli\u0173.<\/p>\n<h2><strong>Naudojimo protokolas<\/strong><\/h2>\n<p><strong>Rekomenduojama doz\u0117 <\/strong>:<\/p>\n<ul>\n<li>5 ml tr\u0105\u0161\u0173 1 litrui vandens<\/li>\n<li>Laistymas arba pur\u0161kimas ant lap\u0173, kad maistin\u0117s med\u017eiagos b\u016bt\u0173 grei\u010diau \u012fsisavinamos<\/li>\n<li>Augimo ir \u017eyd\u0117jimo laikotarpiu naudokite kas 15 dien\u0173<\/li>\n<\/ul>\n<p><strong>Taikymo b\u016bdas <\/strong>:<\/p>\n<ul>\n<li>Praskieskite tr\u0105\u0161as vandeniu pagal nurodyt\u0105 doz\u0119<\/li>\n<li>Laistykite tiesiai prie saul\u0117gr\u0105\u017e\u0173 pagrindo, stengdamiesi neperpildyti dirvos.<\/li>\n<li>Purk\u0161kite ant lap\u0173, kad greitai \u012fsisavint\u0173, ypa\u010d vandens tr\u016bkumo laikotarpiu.<\/li>\n<\/ul>\n<p><strong>Naudojimo da\u017enumas <\/strong>:<\/p>\n<ul>\n<li><strong>Augimo prad\u017eioje (kovo-baland\u017eio m\u0117n.) <\/strong>: Skatinti ger\u0105 \u0161akn\u0173 vystym\u0105si ir spart\u0173 jaun\u0173 augal\u0173 augim\u0105<\/li>\n<li><strong>\u017dyd\u0117jimo metu (gegu\u017e\u0117s-rugpj\u016b\u010dio m\u0117n.)<\/strong>: Skatinti \u017eied\u0173 formavim\u0105si ir didinti s\u0117kl\u0173 gamyb\u0105<\/li>\n<li><strong>Ruden\u012f (rugs\u0117jo-spalio m\u0117n.) <\/strong>: augalo maistini\u0173 med\u017eiag\u0173 atsargoms sustiprinti prie\u0161 auginimo ciklo pabaig\u0105<\/li>\n<\/ul>\n<p><strong>Naudojimo atsargumo priemon\u0117s <\/strong>:<\/p>\n<ul>\n<li>Neperdozuokite, nes azoto perteklius gali sul\u0117tinti \u017eyd\u0117jim\u0105 ir pad\u0117ti lapams.<\/li>\n<li>Pageidautina tepti ryte arba v\u0117lai vakare, kad nei\u0161garuot\u0173 per daug vandens.<\/li>\n<li>Laikykite v\u0117sioje, sausoje, apsaugotoje nuo dr\u0117gm\u0117s vietoje, kad i\u0161saugotum\u0117te visas produkto savybes.<\/li>\n<\/ul>\n<p>\u0160ios saul\u0117gr\u0105\u017e\u0173 tr\u0105\u0161os yra idealus sprendimas visiems, norintiems u\u017esiauginti gyvybingus, gerai \u012fsi\u0161aknijusius ir \u012fsp\u016bdingus \u017eiedus skleid\u017eian\u010dius augalus.<br \/>\nLengva naudoti, ekonomi\u0161ka ir nekenksminga aplinkai, ji u\u017etikrina greit\u0105 augim\u0105 ir gaus\u0173 \u017eyd\u0117jim\u0105, kad saul\u0117gr\u0105\u017eos b\u016bt\u0173 gyvybingos ir sveikos.<\/p>","protected":false},"excerpt":{"rendered":"<p>A fertilizer specially formulated to maximize sunflower growth and flowering.\u00a0This fertilizer has been specifically designed to meet the nutritional needs of sunflowers, by providing a perfect nutrient balance that ensures vigorous growth, abundant flowering and better resistance to difficult climatic conditions. Thanks to its nitrogen, phosphorus and potassium-rich formulation (NPK 15-15-15), it helps improve rooting, [&hellip;]<\/p>\n","protected":false},"featured_media":27197,"comment_status":"open","ping_status":"closed","template":"","meta":{"_uag_custom_page_level_css":"","site-sidebar-layout":"default","site-content-layout":"","ast-site-content-layout":"default","site-content-style":"default","site-sidebar-style":"default","ast-global-header-display":"","ast-banner-title-visibility":"","ast-main-header-display":"","ast-hfb-above-header-display":"","ast-hfb-below-header-display":"","ast-hfb-mobile-header-display":"","site-post-title":"","ast-breadcrumbs-content":"","ast-featured-img":"","footer-sml-layout":"","ast-disable-related-posts":"","theme-transparent-header-meta":"default","adv-header-id-meta":"","stick-header-meta":"","header-above-stick-meta":"","header-main-stick-meta":"","header-below-stick-meta":"","astra-migrate-meta-layouts":"set","ast-page-background-enabled":"default","ast-page-background-meta":{"desktop":{"background-color":"var(--ast-global-color-4)","background-image":"","background-repeat":"repeat","background-position":"center center","background-size":"auto","background-attachment":"scroll","background-type":"","background-media":"","overlay-type":"","overlay-color":"","overlay-opacity":"","overlay-gradient":""},"tablet":{"background-color":"","background-image":"","background-repeat":"repeat","background-position":"center center","background-size":"auto","background-attachment":"scroll","background-type":"","background-media":"","overlay-type":"","overlay-color":"","overlay-opacity":"","overlay-gradient":""},"mobile":{"background-color":"","background-image":"","background-repeat":"repeat","background-position":"center center","background-size":"auto","background-attachment":"scroll","background-type":"","background-media":"","overlay-type":"","overlay-color":"","overlay-opacity":"","overlay-gradient":""}},"ast-content-background-meta":{"desktop":{"background-color":"var(--ast-global-color-5)","background-image":"","background-repeat":"repeat","background-position":"center center","background-size":"auto","background-attachment":"scroll","background-type":"","background-media":"","overlay-type":"","overlay-color":"","overlay-opacity":"","overlay-gradient":""},"tablet":{"background-color":"var(--ast-global-color-5)","background-image":"","background-repeat":"repeat","background-position":"center center","background-size":"auto","background-attachment":"scroll","background-type":"","background-media":"","overlay-type":"","overlay-color":"","overlay-opacity":"","overlay-gradient":""},"mobile":{"background-color":"var(--ast-global-color-5)","background-image":"","background-repeat":"repeat","background-position":"center center","background-size":"auto","background-attachment":"scroll","background-type":"","background-media":"","overlay-type":"","overlay-color":"","overlay-opacity":"","overlay-gradient":""}}},"product_brand":[],"product_cat":[178],"product_tag":[],"class_list":{"0":"post-25342","1":"product","2":"type-product","3":"status-publish","4":"has-post-thumbnail","6":"product_cat-fertilizers","7":"desktop-align-left","8":"tablet-align-left","9":"mobile-align-left","11":"first","12":"instock","13":"sale","14":"taxable","15":"shipping-taxable","16":"purchasable","17":"product-type-variable","18":"has-default-attributes"},"spectra_custom_meta":{"_visibility":["visible"],"_shopify_product_id":["9073233297653"],"_s2w_shopify_domain":["ferberpainting.myshopify.com"],"_shopify_variant_id":["46524451193077"],"_sku":[""],"_manage_stock":["no"],"total_sales":["2"],"_tax_status":["taxable"],"_tax_class":[""],"_backorders":["no"],"_sold_individually":["no"],"_virtual":["no"],"_downloadable":["no"],"_download_limit":["-1"],"_download_expiry":["-1"],"_stock":[null],"_stock_status":["instock"],"_wc_average_rating":["4.75"],"_wc_review_count":["8"],"_product_attributes":["a:1:{s:6:\"volume\";a:6:{s:4:\"name\";s:6:\"Volume\";s:5:\"value\";s:20:\"5 liters | 25 liters\";s:8:\"position\";i:1;s:10:\"is_visible\";i:0;s:12:\"is_variation\";i:1;s:11:\"is_taxonomy\";i:0;}}"],"_product_version":["10.5.1"],"_thumbnail_id":["27197"],"_product_image_gallery":["27198"],"wpse_downloadable_file_names":[""],"wpse_downloadable_file_urls":[""],"_edit_last":["1"],"_default_attributes":["a:1:{s:6:\"volume\";s:8:\"5 liters\";}"],"_edit_lock":["1771240863:1"],"_price":["29.90","129.90"],"merchant-center-availability":["yes"],"merchant-center-category":["113"],"_wp_page_template":["default"],"site-sidebar-layout":["default"],"ast-site-content-layout":["default"],"site-content-style":["default"],"site-sidebar-style":["default"],"theme-transparent-header-meta":["default"],"_wc_rating_count":["a:2:{i:4;i:2;i:5;i:6;}"],"astra-migrate-meta-layouts":["set"],"_uag_css_file_name":["uag-css-25342.css"],"_elementor_page_assets":["a:0:{}"],"_uag_page_assets":["a:9:{s:3:\"css\";s:7133:\".uag-blocks-common-selector{z-index:var(--z-index-desktop) !important}@media(max-width: 976px){.uag-blocks-common-selector{z-index:var(--z-index-tablet) !important}}@media(max-width: 767px){.uag-blocks-common-selector{z-index:var(--z-index-mobile) !important}}.wp-block-uagb-image{display:flex}.wp-block-uagb-image__figure{position:relative;display:flex;flex-direction:column;max-width:100%;height:auto;margin:0}.wp-block-uagb-image__figure img{height:auto;display:flex;max-width:100%;transition:box-shadow .2s ease}.wp-block-uagb-image__figure>a{display:inline-block}.wp-block-uagb-image__figure figcaption{text-align:center;margin-top:.5em;margin-bottom:1em}.wp-block-uagb-image .components-placeholder.block-editor-media-placeholder .components-placeholder__instructions{align-self:center}.wp-block-uagb-image--align-left{text-align:left}.wp-block-uagb-image--align-right{text-align:right}.wp-block-uagb-image--align-center{text-align:center}.wp-block-uagb-image--align-full .wp-block-uagb-image__figure{margin-left:calc(50% - 50vw);margin-right:calc(50% - 50vw);max-width:100vw;width:100vw;height:auto}.wp-block-uagb-image--align-full .wp-block-uagb-image__figure img{height:auto;width:100% !important}.wp-block-uagb-image--align-wide .wp-block-uagb-image__figure img{height:auto;width:100%}.wp-block-uagb-image--layout-overlay__color-wrapper{position:absolute;left:0;top:0;right:0;bottom:0;opacity:.2;background:rgba(0,0,0,.5);transition:opacity .35s ease-in-out}.wp-block-uagb-image--layout-overlay-link{position:absolute;left:0;right:0;bottom:0;top:0}.wp-block-uagb-image--layout-overlay .wp-block-uagb-image__figure:hover .wp-block-uagb-image--layout-overlay__color-wrapper{opacity:1}.wp-block-uagb-image--layout-overlay__inner{position:absolute;left:15px;right:15px;bottom:15px;top:15px;display:flex;align-items:center;justify-content:center;flex-direction:column;border-color:#fff;transition:.35s ease-in-out}.wp-block-uagb-image--layout-overlay__inner.top-left,.wp-block-uagb-image--layout-overlay__inner.top-center,.wp-block-uagb-image--layout-overlay__inner.top-right{justify-content:flex-start}.wp-block-uagb-image--layout-overlay__inner.bottom-left,.wp-block-uagb-image--layout-overlay__inner.bottom-center,.wp-block-uagb-image--layout-overlay__inner.bottom-right{justify-content:flex-end}.wp-block-uagb-image--layout-overlay__inner.top-left,.wp-block-uagb-image--layout-overlay__inner.center-left,.wp-block-uagb-image--layout-overlay__inner.bottom-left{align-items:flex-start}.wp-block-uagb-image--layout-overlay__inner.top-right,.wp-block-uagb-image--layout-overlay__inner.center-right,.wp-block-uagb-image--layout-overlay__inner.bottom-right{align-items:flex-end}.wp-block-uagb-image--layout-overlay__inner .uagb-image-heading{color:#fff;transition:transform .35s,opacity .35s ease-in-out;transform:translate3d(0, 24px, 0);margin:0;line-height:1em}.wp-block-uagb-image--layout-overlay__inner .uagb-image-separator{width:30%;border-top-width:2px;border-top-color:#fff;border-top-style:solid;margin-bottom:10px;opacity:0;transition:transform .4s,opacity .4s ease-in-out;transform:translate3d(0, 30px, 0)}.wp-block-uagb-image--layout-overlay__inner .uagb-image-caption{opacity:0;overflow:visible;color:#fff;transition:transform .45s,opacity .45s ease-in-out;transform:translate3d(0, 35px, 0)}.wp-block-uagb-image--layout-overlay__inner:hover .uagb-image-heading,.wp-block-uagb-image--layout-overlay__inner:hover .uagb-image-separator,.wp-block-uagb-image--layout-overlay__inner:hover .uagb-image-caption{opacity:1;transform:translate3d(0, 0, 0)}.wp-block-uagb-image--effect-zoomin .wp-block-uagb-image__figure img,.wp-block-uagb-image--effect-zoomin .wp-block-uagb-image__figure .wp-block-uagb-image--layout-overlay__color-wrapper{transform:scale(1);transition:transform .35s ease-in-out}.wp-block-uagb-image--effect-zoomin .wp-block-uagb-image__figure:hover img,.wp-block-uagb-image--effect-zoomin .wp-block-uagb-image__figure:hover .wp-block-uagb-image--layout-overlay__color-wrapper{transform:scale(1.05)}.wp-block-uagb-image--effect-slide .wp-block-uagb-image__figure img,.wp-block-uagb-image--effect-slide .wp-block-uagb-image__figure .wp-block-uagb-image--layout-overlay__color-wrapper{width:calc(100% + 40px) !important;max-width:none !important;transform:translate3d(-40px, 0, 0);transition:transform .35s ease-in-out}.wp-block-uagb-image--effect-slide .wp-block-uagb-image__figure:hover img,.wp-block-uagb-image--effect-slide .wp-block-uagb-image__figure:hover .wp-block-uagb-image--layout-overlay__color-wrapper{transform:translate3d(0, 0, 0)}.wp-block-uagb-image--effect-grayscale img{filter:grayscale(0%);transition:.35s ease-in-out}.wp-block-uagb-image--effect-grayscale:hover img{filter:grayscale(100%)}.wp-block-uagb-image--effect-blur img{filter:blur(0);transition:.35s ease-in-out}.wp-block-uagb-image--effect-blur:hover img{filter:blur(3px)}.uagb-block-e6f939b3.wp-block-uagb-image--layout-default figure img{box-shadow: 0px 0px 0 #00000070;}.uagb-block-e6f939b3.wp-block-uagb-image .wp-block-uagb-image__figure figcaption{font-style: normal;align-self: center;}.uagb-block-e6f939b3.wp-block-uagb-image--layout-overlay figure img{box-shadow: 0px 0px 0 #00000070;}.uagb-block-e6f939b3.wp-block-uagb-image--layout-overlay .wp-block-uagb-image--layout-overlay__color-wrapper{opacity: 0.2;}.uagb-block-e6f939b3.wp-block-uagb-image--layout-overlay .wp-block-uagb-image--layout-overlay__inner{left: 15px;right: 15px;top: 15px;bottom: 15px;}.uagb-block-e6f939b3.wp-block-uagb-image--layout-overlay .wp-block-uagb-image--layout-overlay__inner .uagb-image-heading{font-style: normal;color: #fff;opacity: 1;}.uagb-block-e6f939b3.wp-block-uagb-image--layout-overlay .wp-block-uagb-image--layout-overlay__inner .uagb-image-heading a{color: #fff;}.uagb-block-e6f939b3.wp-block-uagb-image--layout-overlay .wp-block-uagb-image--layout-overlay__inner .uagb-image-caption{opacity: 0;}.uagb-block-e6f939b3.wp-block-uagb-image--layout-overlay .wp-block-uagb-image__figure:hover .wp-block-uagb-image--layout-overlay__color-wrapper{opacity: 1;}.uagb-block-e6f939b3.wp-block-uagb-image .wp-block-uagb-image--layout-overlay__inner .uagb-image-separator{width: 30%;border-top-width: 2px;border-top-color: #fff;opacity: 0;}.uagb-block-e6f939b3.wp-block-uagb-image .wp-block-uagb-image__figure img{width: px;height: auto;}.uagb-block-e6f939b3.wp-block-uagb-image .wp-block-uagb-image__figure:hover .wp-block-uagb-image--layout-overlay__inner .uagb-image-caption{opacity: 1;}.uagb-block-e6f939b3.wp-block-uagb-image .wp-block-uagb-image__figure:hover .wp-block-uagb-image--layout-overlay__inner .uagb-image-separator{opacity: 1;}.uagb-block-e6f939b3.wp-block-uagb-image--layout-default figure:hover img{box-shadow: 0px 0px 0 #00000070;}.uagb-block-e6f939b3.wp-block-uagb-image--layout-overlay figure:hover img{box-shadow: 0px 0px 0 #00000070;}@media only screen and (max-width: 976px) {.uagb-block-e6f939b3.wp-block-uagb-image .wp-block-uagb-image__figure img{width: px;height: auto;}}@media only screen and (max-width: 767px) {.uagb-block-e6f939b3.wp-block-uagb-image .wp-block-uagb-image__figure img{width: px;height: auto;}}\";s:2:\"js\";s:0:\"\";s:18:\"current_block_list\";a:13:{i:0;s:11:\"core\/search\";i:1;s:10:\"core\/group\";i:2;s:12:\"core\/heading\";i:3;s:17:\"core\/latest-posts\";i:4;s:20:\"core\/latest-comments\";i:5;s:13:\"core\/archives\";i:6;s:15:\"core\/categories\";i:7;s:14:\"core\/paragraph\";i:8;s:10:\"uagb\/image\";i:9;s:11:\"core\/spacer\";i:10;s:30:\"woocommerce\/product-categories\";i:11;s:10:\"core\/image\";i:12;s:14:\"core\/shortcode\";}s:8:\"uag_flag\";b:1;s:11:\"uag_version\";s:10:\"1777356936\";s:6:\"gfonts\";a:0:{}s:10:\"gfonts_url\";s:0:\"\";s:12:\"gfonts_files\";a:0:{}s:14:\"uag_faq_layout\";b:0;}"]},"uagb_featured_image_src":{"full":["https:\/\/www.ferberpainting.com\/wp-content\/uploads\/2025\/05\/SunflowerFertilizer5L.png",2560,2560,false],"thumbnail":["https:\/\/www.ferberpainting.com\/wp-content\/uploads\/2025\/05\/SunflowerFertilizer5L-150x150.png",150,150,true],"medium":["https:\/\/www.ferberpainting.com\/wp-content\/uploads\/2025\/05\/SunflowerFertilizer5L-300x300.png",300,300,true],"medium_large":["https:\/\/www.ferberpainting.com\/wp-content\/uploads\/2025\/05\/SunflowerFertilizer5L-768x768.png",768,768,true],"large":["https:\/\/www.ferberpainting.com\/wp-content\/uploads\/2025\/05\/SunflowerFertilizer5L-1024x1024.png",1024,1024,true],"1536x1536":["https:\/\/www.ferberpainting.com\/wp-content\/uploads\/2025\/05\/SunflowerFertilizer5L-1536x1536.png",1536,1536,true],"2048x2048":["https:\/\/www.ferberpainting.com\/wp-content\/uploads\/2025\/05\/SunflowerFertilizer5L-2048x2048.png",2048,2048,true],"trp-custom-language-flag":["https:\/\/www.ferberpainting.com\/wp-content\/uploads\/2025\/05\/SunflowerFertilizer5L-12x12.png",12,12,true],"woocommerce_thumbnail":["https:\/\/www.ferberpainting.com\/wp-content\/uploads\/2025\/05\/SunflowerFertilizer5L-300x300.png",300,300,true],"woocommerce_single":["https:\/\/www.ferberpainting.com\/wp-content\/uploads\/2025\/05\/SunflowerFertilizer5L-600x600.png",600,600,true],"woocommerce_gallery_thumbnail":["https:\/\/www.ferberpainting.com\/wp-content\/uploads\/2025\/05\/SunflowerFertilizer5L-100x100.png",100,100,true]},"uagb_author_info":{"display_name":"admin","author_link":"https:\/\/www.ferberpainting.com\/lt\/author\/"},"uagb_comment_info":8,"uagb_excerpt":"A fertilizer specially formulated to maximize sunflower growth and flowering.\u00a0This fertilizer has been specifically designed to meet the nutritional needs of sunflowers, by providing a perfect nutrient balance that ensures vigorous growth, abundant flowering and better resistance to difficult climatic conditions. Thanks to its nitrogen, phosphorus and potassium-rich formulation (NPK 15-15-15), it helps improve rooting,&hellip;","_links":{"self":[{"href":"https:\/\/www.ferberpainting.com\/lt\/wp-json\/wp\/v2\/product\/25342","targetHints":{"allow":["GET"]}}],"collection":[{"href":"https:\/\/www.ferberpainting.com\/lt\/wp-json\/wp\/v2\/product"}],"about":[{"href":"https:\/\/www.ferberpainting.com\/lt\/wp-json\/wp\/v2\/types\/product"}],"replies":[{"embeddable":true,"href":"https:\/\/www.ferberpainting.com\/lt\/wp-json\/wp\/v2\/comments?post=25342"}],"version-history":[{"count":3,"href":"https:\/\/www.ferberpainting.com\/lt\/wp-json\/wp\/v2\/product\/25342\/revisions"}],"predecessor-version":[{"id":167363,"href":"https:\/\/www.ferberpainting.com\/lt\/wp-json\/wp\/v2\/product\/25342\/revisions\/167363"}],"wp:featuredmedia":[{"embeddable":true,"href":"https:\/\/www.ferberpainting.com\/lt\/wp-json\/wp\/v2\/media\/27197"}],"wp:attachment":[{"href":"https:\/\/www.ferberpainting.com\/lt\/wp-json\/wp\/v2\/media?parent=25342"}],"wp:term":[{"taxonomy":"product_brand","embeddable":true,"href":"https:\/\/www.ferberpainting.com\/lt\/wp-json\/wp\/v2\/product_brand?post=25342"},{"taxonomy":"product_cat","embeddable":true,"href":"https:\/\/www.ferberpainting.com\/lt\/wp-json\/wp\/v2\/product_cat?post=25342"},{"taxonomy":"product_tag","embeddable":true,"href":"https:\/\/www.ferberpainting.com\/lt\/wp-json\/wp\/v2\/product_tag?post=25342"}],"curies":[{"name":"wp","href":"https:\/\/api.w.org\/{rel}","templated":true}]}}