{"id":25287,"date":"2025-06-18T09:29:11","date_gmt":"2025-06-18T07:29:11","guid":{"rendered":"https:\/\/www.ferberpainting.com\/?post_type=product&#038;p=25287"},"modified":"2026-02-16T10:32:28","modified_gmt":"2026-02-16T09:32:28","slug":"shoe-water-repellent","status":"publish","type":"product","link":"https:\/\/www.ferberpainting.com\/lt\/products\/shoe-water-repellent\/","title":{"rendered":"Bat\u0173 impregnacija"},"content":{"rendered":"<p><strong><img decoding=\"async\" style=\"margin-right: 12px;\" src=\"https:\/\/www.ferberpainting.com\/wp-content\/uploads\/2026\/02\/Check.svg\" alt=\"\" width=\"18\" height=\"15\" \/>Veiksminga apsauga nuo dr\u0117gm\u0117s ir d\u0117mi\u0173.<\/strong>\u00a0\u0160i bat\u0173 impregnavimo priemon\u0117 - tai idealus sprendimas, apsaugantis batus nuo oro s\u0105lyg\u0173, dr\u0117gm\u0117s, purvo ir d\u0117mi\u0173. Nesvarbu, ar j\u016bs\u0173 batai pagaminti i\u0161 odos, drob\u0117s, zom\u0161os, ar nubuko, \u0161is gaminys sudaro nematom\u0105 barjer\u0105, kuris neleid\u017eia prasiskverbti vandeniui ir kartu leid\u017eia med\u017eiagai kv\u0117puoti. Jis i\u0161laiko kojas sausas net ir lyjant lietui ir apsaugo nuo vandens \u017eymi\u0173 ir d\u0117mi\u0173, kurios gali pakeisti bat\u0173 i\u0161vaizd\u0105. J\u016bs\u0173 batai i\u0161liks nauji, apsaugoti ir pasiruo\u0161\u0119 bet kokioms oro s\u0105lygoms.<\/p>\n<p><strong><img decoding=\"async\" style=\"margin-right: 12px;\" src=\"https:\/\/www.ferberpainting.com\/wp-content\/uploads\/2026\/02\/Check.svg\" alt=\"\" width=\"18\" height=\"15\" \/>Pinig\u0173 gr\u0105\u017einimo garantija.<\/strong>\u00a0Esame \u012fsitikin\u0119 savo produkto veiksmingumu, tod\u0117l si\u016blome pasitenkinimo arba pinig\u0173 gr\u0105\u017einimo garantij\u0105. Jei d\u0117l koki\u0173 nors prie\u017eas\u010di\u0173 nesate visi\u0161kai patenkinti m\u016bs\u0173 bat\u0173 impregnanto rezultatais, galite pra\u0161yti gr\u0105\u017einti vis\u0105 sumok\u0117t\u0105 sum\u0105. \u0160i garantija leid\u017eia jums ramiai pirkti, \u017einant, kad gal\u0117site atgauti pinigus, jei gaminys nepateisins j\u016bs\u0173 l\u016bkes\u010di\u0173.<\/p>\n<p><strong><img decoding=\"async\" style=\"margin-right: 12px;\" src=\"https:\/\/www.ferberpainting.com\/wp-content\/uploads\/2026\/02\/Check.svg\" alt=\"\" width=\"18\" height=\"15\" \/>Universalus, skirtas \u012fvairioms med\u017eiagoms.<\/strong>\u00a0\u0160is bat\u0173 impregnantas yra labai universalus ir tinka \u012fvairioms med\u017eiagoms. Jis idealiai tinka odai, drob\u0117ms, zom\u0161ai, nubukui ir sintetin\u0117ms med\u017eiagoms. J\u0105 taip pat galima naudoti rankin\u0117ms, paltams, pir\u0161tin\u0117ms ir kitiems i\u0161 \u0161i\u0173 med\u017eiag\u0173 pagamintiems aksesuarams. Nesvarbu, ar j\u016bs\u0173 batai yra sportiniai, eleganti\u0161ki, ar kasdieniai drob\u0117s sportba\u010diai, \u0161is gaminys u\u017etikrina patikim\u0105 ir patvari\u0105 apsaug\u0105 nuo dr\u0117gm\u0117s ir d\u0117mi\u0173.<\/p>\n<p><strong><img decoding=\"async\" style=\"margin-right: 12px;\" src=\"https:\/\/www.ferberpainting.com\/wp-content\/uploads\/2026\/02\/Check.svg\" alt=\"\" width=\"18\" height=\"15\" \/>Ekonomi\u0161kas.<\/strong>\u00a0\u0160is produktas yra labai ekonomi\u0161kas. Naudodami 5 litr\u0173 talpykl\u0105 galite apdoroti daug bat\u0173. Vidutini\u0161kai vienu litru impregnanto galima apdoroti iki 50 por\u0173 bat\u0173, priklausomai nuo naudojamo kiekio ir med\u017eiagos tipo. D\u0117l tokios didel\u0117s i\u0161eigos bat\u0173 impregnantas yra ekonomi\u0161kas ir ilgalaikis sprendimas, u\u017etikrinantis ilgalaik\u0119 apsaug\u0105 be da\u017eno pakartotinio naudojimo.<\/p>\n<p><strong><img decoding=\"async\" style=\"margin-right: 12px;\" src=\"https:\/\/www.ferberpainting.com\/wp-content\/uploads\/2026\/02\/Check.svg\" alt=\"\" width=\"18\" height=\"15\" \/>Saugus ir draugi\u0161kas med\u017eiagoms.<\/strong>\u00a0\u0160is bat\u0173 impregnantas sukurtas taip, kad b\u016bt\u0173 saugus ir jums, ir j\u016bs\u0173 batams. Ji pagaminta i\u0161 \u0161velni\u0173 ingredient\u0173, kurie nekei\u010dia med\u017eiagos spalvos ar tekst\u016bros ir nepa\u017eeid\u017eia pavir\u0161iaus. Jame taip pat n\u0117ra kenksming\u0173 chemini\u0173 med\u017eiag\u0173, tod\u0117l j\u012f saugu naudoti namuose. \u0160\u012f produkt\u0105 galite dr\u0105siai naudoti \u017einodami, kad jis nepakenks nei j\u016bs\u0173 sveikatai, nei batams.<\/p>\n<p><strong><img decoding=\"async\" style=\"margin-right: 12px;\" src=\"https:\/\/www.ferberpainting.com\/wp-content\/uploads\/2026\/02\/Check.svg\" alt=\"\" width=\"18\" height=\"15\" \/>Lengva naudoti.<\/strong>\u00a0Bat\u0173 impregnant\u0105 paprasta ir greita naudoti. Ji paruo\u0161ta naudoti, jos nereikia skiesti ar sud\u0117tingai ruo\u0161ti. Tiesiog tolygiai u\u017epurk\u0161kite gamin\u012f ant bat\u0173 pavir\u0161iaus, \u012fsitikinkite, kad padeng\u0117te visas dr\u0117gm\u0117s veikiamas vietas. Vandeniui skirta priemon\u0117 lengvai pasiskirsto ir greitai \u012fsiskverbia \u012f med\u017eiag\u0105, sudarydama nematom\u0105 apsaug\u0105. Atlik\u0119 vos kelis paprastus veiksmus, batus paruo\u0161ite lietui ar sniegui.<\/p>\n<p><strong><img decoding=\"async\" style=\"margin-right: 12px;\" src=\"https:\/\/www.ferberpainting.com\/wp-content\/uploads\/2026\/02\/Check.svg\" alt=\"\" width=\"18\" height=\"15\" \/>Patvari apsauga.<\/strong>\u00a0Bat\u0173 impregnantas u\u017etikrina ilgalaik\u0119 apsaug\u0105. U\u017etepta ji sudaro atspar\u0173 barjer\u0105, kuris atstumia vanden\u012f ir d\u0117mes net po keli\u0173 valym\u0173. Nereik\u0117s i\u0161 naujo tepti po kiekvieno skalbimo ar pasivaik\u0161\u010diojimo per liet\u0173. Apsauga i\u0161lieka kelis m\u0117nesius, tod\u0117l padeda i\u0161laikyti puiki\u0105 bat\u0173 b\u016bkl\u0119 ir nesijaudinti d\u0117l dr\u0117gm\u0117s ar ne\u0161varum\u0173. \u0160is gaminys yra patvarus sprendimas j\u016bs\u0173 bat\u0173 apsaugai.<\/p>\n<p><strong><img decoding=\"async\" style=\"margin-right: 12px;\" src=\"https:\/\/www.ferberpainting.com\/wp-content\/uploads\/2026\/02\/Check.svg\" alt=\"\" width=\"18\" height=\"15\" \/>Greitas veikimas.<\/strong>\u00a0\u0160is produktas veikia greitai. U\u017etepus, jis i\u0161d\u017ei\u016bsta per 1-2 valandas kambario temperat\u016broje, priklausomai nuo oro s\u0105lyg\u0173 ir med\u017eiagos tipo. Tai rei\u0161kia, kad galite greitai v\u0117l av\u0117ti batus, nelaukdami keli\u0173 valand\u0173. I\u0161d\u017ei\u016bvusi apsauga i\u0161 karto pradeda veikti. Nereikia laukti valand\u0173 valandas, kol produktas prad\u0117s veikti - po trumpo d\u017ei\u016bvimo laiko j\u016bs\u0173 batai yra visi\u0161kai apsaugoti.<\/p>\n<h2><strong>Naudojimo protokolas<\/strong><\/h2>\n<ul>\n<li><strong>Pavir\u0161iaus paruo\u0161imas <\/strong>: Prie\u0161 naudodami bat\u0173 impregnant\u0105 \u012fsitikinkite, kad batai yra \u0161var\u016bs ir sausi. Mink\u0161tu skudur\u0117liu ar \u0161epet\u0117liu pa\u0161alinkite ne\u0161varumus ar dulkes. Jei j\u016bs\u0173 batai labai ne\u0161var\u016bs, rekomenduojama juos nuvalyti prie\u0161 tepant gamin\u012f. Tepant ant \u0161varaus pavir\u0161iaus u\u017etikrinamas geresnis sukibimas ir veiksmingesn\u0117 apsauga.<\/li>\n<li><strong>Produkto taikymas <\/strong>: Prie\u0161 naudodami buteliuk\u0105 gerai suplakite. Tepkite produkt\u0105 ma\u017edaug 20 cm atstumu nuo bat\u0173 pavir\u0161iaus. Tolygiu, lengvu sluoksniu u\u017epurk\u0161kite priemon\u0119 ant viso bato, daugiausia d\u0117mesio skirdami ypa\u010d dr\u0117gm\u0117s veikiamoms vietoms, pavyzd\u017eiui, si\u016bl\u0117ms ir padams. Venkite persotinti med\u017eiagas - tepkite plon\u0105 ir tolyg\u0173 sluoksn\u012f. Jei tepate ant zom\u0161os ar nubuko, venkite per daug sudr\u0117kinti med\u017eiag\u0105, kad nelikt\u0173 matom\u0173 \u017eymi\u0173.<\/li>\n<li><strong>Tolygus padengimas <\/strong>: Jei reikia, \u0161varia, mink\u0161ta \u0161luoste i\u0161lyginkite produkt\u0105, kad jis tolygiai pasiskirstyt\u0173, ypa\u010d tose vietose, kuri\u0173 nepasiekia purk\u0161tuvas. Tai padeda pasiekti tolyg\u0173 padengim\u0105 ir veiksming\u0105 apsaug\u0105 visame bate.<\/li>\n<li><strong>D\u017ei\u016bvimo laikas <\/strong>: Leiskite batams i\u0161d\u017ei\u016bti apie 1-2 valandas kambario temperat\u016broje ir aplinkos dr\u0117gm\u0117je. D\u017eiovinimo metu bat\u0173 nene\u0161iokite, kad nesuma\u017e\u0117t\u0173 apsauga. Jei \u012fmanoma, batus pad\u0117kite gerai v\u0117dinamoje patalpoje.<\/li>\n<li><strong>Pakartotin\u0117 parai\u0161ka <\/strong>: Priklausomai nuo naudojimo b\u016bdo, galite u\u017etepti antr\u0105 sluoksn\u012f, kad sustiprintum\u0117te apsaug\u0105, ypa\u010d jei batai da\u017enai b\u016bna dr\u0117gni ar purvini. Prie\u0161 tepdami antr\u0105j\u012f sluoksn\u012f \u012fsitikinkite, kad pirmasis sluoksnis visi\u0161kai i\u0161d\u017ei\u016bvo.<\/li>\n<li><strong>Pagalba po gydymo <\/strong>: U\u017etepus apsaugin\u0119 priemon\u0119, batus galima valyti \u012fprastai, nenuimant apsaugos. Ta\u010diau venkite per stipriai \u0161veisti apdorotas vietas. Jei reikia, pakartotinai tepkite apsaug\u0105 kas 6 m\u0117nesius, kad i\u0161laikytum\u0117te veiksmingum\u0105, arba da\u017eniau, priklausomai nuo naudojimo intensyvumo.<\/li>\n<\/ul>\n<p>Bat\u0173 impregnantas yra paprastas, greitas ir ekonomi\u0161kas produktas, kuris prailgina bat\u0173 tarnavimo laik\u0105 ir i\u0161laiko j\u0173 i\u0161vaizd\u0105. D\u0117l paprasto naudojimo ir ilgai i\u0161liekan\u010dios formul\u0117s jis tampa nepakei\u010diamu s\u0105jungininku kiekvienam bat\u0173, pagamint\u0173 i\u0161 odos, zom\u0161os, drob\u0117s ar sintetini\u0173 med\u017eiag\u0173, savininkui. Neleiskite, kad dr\u0117gm\u0117 ir d\u0117m\u0117s sugadint\u0173 j\u016bs\u0173 batus, apsaugokite juos su m\u016bs\u0173 galingu ir nematomu hidroizoliaciniu tirpalu.<\/p>","protected":false},"excerpt":{"rendered":"<p>Effective Protection Against Moisture and Stains.\u00a0This shoe waterproofer is the ideal solution to protect your shoes from the elements, humidity, mud, and stains. Whether your shoes are made of leather, canvas, suede, or nubuck, this product forms an invisible barrier that prevents water from penetrating while allowing the material to breathe. It keeps your feet [&hellip;]<\/p>\n","protected":false},"featured_media":30017,"comment_status":"open","ping_status":"closed","template":"","meta":{"_uag_custom_page_level_css":"","site-sidebar-layout":"default","site-content-layout":"","ast-site-content-layout":"default","site-content-style":"default","site-sidebar-style":"default","ast-global-header-display":"","ast-banner-title-visibility":"","ast-main-header-display":"","ast-hfb-above-header-display":"","ast-hfb-below-header-display":"","ast-hfb-mobile-header-display":"","site-post-title":"","ast-breadcrumbs-content":"","ast-featured-img":"","footer-sml-layout":"","ast-disable-related-posts":"","theme-transparent-header-meta":"default","adv-header-id-meta":"","stick-header-meta":"","header-above-stick-meta":"","header-main-stick-meta":"","header-below-stick-meta":"","astra-migrate-meta-layouts":"set","ast-page-background-enabled":"default","ast-page-background-meta":{"desktop":{"background-color":"var(--ast-global-color-4)","background-image":"","background-repeat":"repeat","background-position":"center center","background-size":"auto","background-attachment":"scroll","background-type":"","background-media":"","overlay-type":"","overlay-color":"","overlay-opacity":"","overlay-gradient":""},"tablet":{"background-color":"","background-image":"","background-repeat":"repeat","background-position":"center center","background-size":"auto","background-attachment":"scroll","background-type":"","background-media":"","overlay-type":"","overlay-color":"","overlay-opacity":"","overlay-gradient":""},"mobile":{"background-color":"","background-image":"","background-repeat":"repeat","background-position":"center center","background-size":"auto","background-attachment":"scroll","background-type":"","background-media":"","overlay-type":"","overlay-color":"","overlay-opacity":"","overlay-gradient":""}},"ast-content-background-meta":{"desktop":{"background-color":"var(--ast-global-color-5)","background-image":"","background-repeat":"repeat","background-position":"center center","background-size":"auto","background-attachment":"scroll","background-type":"","background-media":"","overlay-type":"","overlay-color":"","overlay-opacity":"","overlay-gradient":""},"tablet":{"background-color":"var(--ast-global-color-5)","background-image":"","background-repeat":"repeat","background-position":"center center","background-size":"auto","background-attachment":"scroll","background-type":"","background-media":"","overlay-type":"","overlay-color":"","overlay-opacity":"","overlay-gradient":""},"mobile":{"background-color":"var(--ast-global-color-5)","background-image":"","background-repeat":"repeat","background-position":"center center","background-size":"auto","background-attachment":"scroll","background-type":"","background-media":"","overlay-type":"","overlay-color":"","overlay-opacity":"","overlay-gradient":""}}},"product_brand":[],"product_cat":[191],"product_tag":[],"class_list":{"0":"post-25287","1":"product","2":"type-product","3":"status-publish","4":"has-post-thumbnail","6":"product_cat-water-repellent","7":"desktop-align-left","8":"tablet-align-left","9":"mobile-align-left","11":"first","12":"instock","13":"sale","14":"taxable","15":"shipping-taxable","16":"purchasable","17":"product-type-variable","18":"has-default-attributes"},"spectra_custom_meta":{"_visibility":["visible"],"_shopify_product_id":["9106574082293"],"_s2w_shopify_domain":["ferberpainting.myshopify.com"],"_shopify_variant_id":["46626284634357"],"_sku":[""],"_manage_stock":["no"],"total_sales":["33"],"_tax_status":["taxable"],"_tax_class":[""],"_backorders":["no"],"_sold_individually":["no"],"_virtual":["no"],"_downloadable":["no"],"_download_limit":["-1"],"_download_expiry":["-1"],"_stock":[null],"_stock_status":["instock"],"_wc_average_rating":["5.00"],"_wc_review_count":["10"],"_product_attributes":["a:1:{s:6:\"volume\";a:6:{s:4:\"name\";s:6:\"Volume\";s:5:\"value\";s:20:\"5 liters | 25 liters\";s:8:\"position\";i:1;s:10:\"is_visible\";i:0;s:12:\"is_variation\";i:1;s:11:\"is_taxonomy\";i:0;}}"],"_product_version":["10.5.1"],"wpse_downloadable_file_names":[""],"wpse_downloadable_file_urls":[""],"_edit_last":["1"],"_default_attributes":["a:1:{s:6:\"volume\";s:8:\"5 liters\";}"],"_edit_lock":["1771234208:1"],"_thumbnail_id":["30017"],"_wp_page_template":["default"],"_wp_old_date":["2025-05-26"],"_product_image_gallery":["30018"],"site-sidebar-layout":["default"],"ast-site-content-layout":["default"],"site-content-style":["default"],"site-sidebar-style":["default"],"theme-transparent-header-meta":["default"],"merchant-center-availability":["yes"],"merchant-center-category":["5604"],"_price":["29.90","129.90"],"_wc_rating_count":["a:1:{i:5;i:10;}"],"astra-migrate-meta-layouts":["set"],"_uag_css_file_name":["uag-css-25287.css"],"_elementor_page_assets":["a:0:{}"],"_uag_page_assets":["a:9:{s:3:\"css\";s:6873:\".wp-block-uagb-image{display:flex}.wp-block-uagb-image__figure{position:relative;display:flex;flex-direction:column;max-width:100%;height:auto;margin:0}.wp-block-uagb-image__figure img{height:auto;display:flex;max-width:100%;transition:box-shadow .2s ease}.wp-block-uagb-image__figure>a{display:inline-block}.wp-block-uagb-image__figure figcaption{text-align:center;margin-top:.5em;margin-bottom:1em}.wp-block-uagb-image .components-placeholder.block-editor-media-placeholder .components-placeholder__instructions{align-self:center}.wp-block-uagb-image--align-left{text-align:left}.wp-block-uagb-image--align-right{text-align:right}.wp-block-uagb-image--align-center{text-align:center}.wp-block-uagb-image--align-full .wp-block-uagb-image__figure{margin-left:calc(50% - 50vw);margin-right:calc(50% - 50vw);max-width:100vw;width:100vw;height:auto}.wp-block-uagb-image--align-full .wp-block-uagb-image__figure img{height:auto;width:100% !important}.wp-block-uagb-image--align-wide .wp-block-uagb-image__figure img{height:auto;width:100%}.wp-block-uagb-image--layout-overlay__color-wrapper{position:absolute;left:0;top:0;right:0;bottom:0;opacity:.2;background:rgba(0,0,0,.5);transition:opacity .35s ease-in-out}.wp-block-uagb-image--layout-overlay-link{position:absolute;left:0;right:0;bottom:0;top:0}.wp-block-uagb-image--layout-overlay .wp-block-uagb-image__figure:hover .wp-block-uagb-image--layout-overlay__color-wrapper{opacity:1}.wp-block-uagb-image--layout-overlay__inner{position:absolute;left:15px;right:15px;bottom:15px;top:15px;display:flex;align-items:center;justify-content:center;flex-direction:column;border-color:#fff;transition:.35s ease-in-out}.wp-block-uagb-image--layout-overlay__inner.top-left,.wp-block-uagb-image--layout-overlay__inner.top-center,.wp-block-uagb-image--layout-overlay__inner.top-right{justify-content:flex-start}.wp-block-uagb-image--layout-overlay__inner.bottom-left,.wp-block-uagb-image--layout-overlay__inner.bottom-center,.wp-block-uagb-image--layout-overlay__inner.bottom-right{justify-content:flex-end}.wp-block-uagb-image--layout-overlay__inner.top-left,.wp-block-uagb-image--layout-overlay__inner.center-left,.wp-block-uagb-image--layout-overlay__inner.bottom-left{align-items:flex-start}.wp-block-uagb-image--layout-overlay__inner.top-right,.wp-block-uagb-image--layout-overlay__inner.center-right,.wp-block-uagb-image--layout-overlay__inner.bottom-right{align-items:flex-end}.wp-block-uagb-image--layout-overlay__inner .uagb-image-heading{color:#fff;transition:transform .35s,opacity .35s ease-in-out;transform:translate3d(0, 24px, 0);margin:0;line-height:1em}.wp-block-uagb-image--layout-overlay__inner .uagb-image-separator{width:30%;border-top-width:2px;border-top-color:#fff;border-top-style:solid;margin-bottom:10px;opacity:0;transition:transform .4s,opacity .4s ease-in-out;transform:translate3d(0, 30px, 0)}.wp-block-uagb-image--layout-overlay__inner .uagb-image-caption{opacity:0;overflow:visible;color:#fff;transition:transform .45s,opacity .45s ease-in-out;transform:translate3d(0, 35px, 0)}.wp-block-uagb-image--layout-overlay__inner:hover .uagb-image-heading,.wp-block-uagb-image--layout-overlay__inner:hover .uagb-image-separator,.wp-block-uagb-image--layout-overlay__inner:hover .uagb-image-caption{opacity:1;transform:translate3d(0, 0, 0)}.wp-block-uagb-image--effect-zoomin .wp-block-uagb-image__figure img,.wp-block-uagb-image--effect-zoomin .wp-block-uagb-image__figure .wp-block-uagb-image--layout-overlay__color-wrapper{transform:scale(1);transition:transform .35s ease-in-out}.wp-block-uagb-image--effect-zoomin .wp-block-uagb-image__figure:hover img,.wp-block-uagb-image--effect-zoomin .wp-block-uagb-image__figure:hover .wp-block-uagb-image--layout-overlay__color-wrapper{transform:scale(1.05)}.wp-block-uagb-image--effect-slide .wp-block-uagb-image__figure img,.wp-block-uagb-image--effect-slide .wp-block-uagb-image__figure .wp-block-uagb-image--layout-overlay__color-wrapper{width:calc(100% + 40px) !important;max-width:none !important;transform:translate3d(-40px, 0, 0);transition:transform .35s ease-in-out}.wp-block-uagb-image--effect-slide .wp-block-uagb-image__figure:hover img,.wp-block-uagb-image--effect-slide .wp-block-uagb-image__figure:hover .wp-block-uagb-image--layout-overlay__color-wrapper{transform:translate3d(0, 0, 0)}.wp-block-uagb-image--effect-grayscale img{filter:grayscale(0%);transition:.35s ease-in-out}.wp-block-uagb-image--effect-grayscale:hover img{filter:grayscale(100%)}.wp-block-uagb-image--effect-blur img{filter:blur(0);transition:.35s ease-in-out}.wp-block-uagb-image--effect-blur:hover img{filter:blur(3px)}.uagb-block-e6f939b3.wp-block-uagb-image--layout-default figure img{box-shadow: 0px 0px 0 #00000070;}.uagb-block-e6f939b3.wp-block-uagb-image .wp-block-uagb-image__figure figcaption{font-style: normal;align-self: center;}.uagb-block-e6f939b3.wp-block-uagb-image--layout-overlay figure img{box-shadow: 0px 0px 0 #00000070;}.uagb-block-e6f939b3.wp-block-uagb-image--layout-overlay .wp-block-uagb-image--layout-overlay__color-wrapper{opacity: 0.2;}.uagb-block-e6f939b3.wp-block-uagb-image--layout-overlay .wp-block-uagb-image--layout-overlay__inner{left: 15px;right: 15px;top: 15px;bottom: 15px;}.uagb-block-e6f939b3.wp-block-uagb-image--layout-overlay .wp-block-uagb-image--layout-overlay__inner .uagb-image-heading{font-style: normal;color: #fff;opacity: 1;}.uagb-block-e6f939b3.wp-block-uagb-image--layout-overlay .wp-block-uagb-image--layout-overlay__inner .uagb-image-heading a{color: #fff;}.uagb-block-e6f939b3.wp-block-uagb-image--layout-overlay .wp-block-uagb-image--layout-overlay__inner .uagb-image-caption{opacity: 0;}.uagb-block-e6f939b3.wp-block-uagb-image--layout-overlay .wp-block-uagb-image__figure:hover .wp-block-uagb-image--layout-overlay__color-wrapper{opacity: 1;}.uagb-block-e6f939b3.wp-block-uagb-image .wp-block-uagb-image--layout-overlay__inner .uagb-image-separator{width: 30%;border-top-width: 2px;border-top-color: #fff;opacity: 0;}.uagb-block-e6f939b3.wp-block-uagb-image .wp-block-uagb-image__figure img{width: px;height: auto;}.uagb-block-e6f939b3.wp-block-uagb-image .wp-block-uagb-image__figure:hover .wp-block-uagb-image--layout-overlay__inner .uagb-image-caption{opacity: 1;}.uagb-block-e6f939b3.wp-block-uagb-image .wp-block-uagb-image__figure:hover .wp-block-uagb-image--layout-overlay__inner .uagb-image-separator{opacity: 1;}.uagb-block-e6f939b3.wp-block-uagb-image--layout-default figure:hover img{box-shadow: 0px 0px 0 #00000070;}.uagb-block-e6f939b3.wp-block-uagb-image--layout-overlay figure:hover img{box-shadow: 0px 0px 0 #00000070;}@media only screen and (max-width: 976px) {.uagb-block-e6f939b3.wp-block-uagb-image .wp-block-uagb-image__figure img{width: px;height: auto;}}@media only screen and (max-width: 767px) {.uagb-block-e6f939b3.wp-block-uagb-image .wp-block-uagb-image__figure img{width: px;height: auto;}}\";s:2:\"js\";s:0:\"\";s:18:\"current_block_list\";a:13:{i:0;s:11:\"core\/search\";i:1;s:10:\"core\/group\";i:2;s:12:\"core\/heading\";i:3;s:17:\"core\/latest-posts\";i:4;s:20:\"core\/latest-comments\";i:5;s:13:\"core\/archives\";i:6;s:15:\"core\/categories\";i:7;s:14:\"core\/paragraph\";i:8;s:10:\"uagb\/image\";i:9;s:11:\"core\/spacer\";i:10;s:30:\"woocommerce\/product-categories\";i:11;s:10:\"core\/image\";i:12;s:14:\"core\/shortcode\";}s:8:\"uag_flag\";b:1;s:11:\"uag_version\";s:10:\"1777264271\";s:6:\"gfonts\";a:0:{}s:10:\"gfonts_url\";s:0:\"\";s:12:\"gfonts_files\";a:0:{}s:14:\"uag_faq_layout\";b:0;}"]},"uagb_featured_image_src":{"full":["https:\/\/www.ferberpainting.com\/wp-content\/uploads\/2025\/05\/Shoe-Water-Repellent-5L.png",2560,2560,false],"thumbnail":["https:\/\/www.ferberpainting.com\/wp-content\/uploads\/2025\/05\/Shoe-Water-Repellent-5L-150x150.png",150,150,true],"medium":["https:\/\/www.ferberpainting.com\/wp-content\/uploads\/2025\/05\/Shoe-Water-Repellent-5L-300x300.png",300,300,true],"medium_large":["https:\/\/www.ferberpainting.com\/wp-content\/uploads\/2025\/05\/Shoe-Water-Repellent-5L-768x768.png",768,768,true],"large":["https:\/\/www.ferberpainting.com\/wp-content\/uploads\/2025\/05\/Shoe-Water-Repellent-5L-1024x1024.png",1024,1024,true],"1536x1536":["https:\/\/www.ferberpainting.com\/wp-content\/uploads\/2025\/05\/Shoe-Water-Repellent-5L-1536x1536.png",1536,1536,true],"2048x2048":["https:\/\/www.ferberpainting.com\/wp-content\/uploads\/2025\/05\/Shoe-Water-Repellent-5L-2048x2048.png",2048,2048,true],"trp-custom-language-flag":["https:\/\/www.ferberpainting.com\/wp-content\/uploads\/2025\/05\/Shoe-Water-Repellent-5L-12x12.png",12,12,true],"woocommerce_thumbnail":["https:\/\/www.ferberpainting.com\/wp-content\/uploads\/2025\/05\/Shoe-Water-Repellent-5L-300x300.png",300,300,true],"woocommerce_single":["https:\/\/www.ferberpainting.com\/wp-content\/uploads\/2025\/05\/Shoe-Water-Repellent-5L-600x600.png",600,600,true],"woocommerce_gallery_thumbnail":["https:\/\/www.ferberpainting.com\/wp-content\/uploads\/2025\/05\/Shoe-Water-Repellent-5L-100x100.png",100,100,true]},"uagb_author_info":{"display_name":"admin","author_link":"https:\/\/www.ferberpainting.com\/lt\/author\/"},"uagb_comment_info":10,"uagb_excerpt":"Effective Protection Against Moisture and Stains.\u00a0This shoe waterproofer is the ideal solution to protect your shoes from the elements, humidity, mud, and stains. Whether your shoes are made of leather, canvas, suede, or nubuck, this product forms an invisible barrier that prevents water from penetrating while allowing the material to breathe. It keeps your feet&hellip;","_links":{"self":[{"href":"https:\/\/www.ferberpainting.com\/lt\/wp-json\/wp\/v2\/product\/25287","targetHints":{"allow":["GET"]}}],"collection":[{"href":"https:\/\/www.ferberpainting.com\/lt\/wp-json\/wp\/v2\/product"}],"about":[{"href":"https:\/\/www.ferberpainting.com\/lt\/wp-json\/wp\/v2\/types\/product"}],"replies":[{"embeddable":true,"href":"https:\/\/www.ferberpainting.com\/lt\/wp-json\/wp\/v2\/comments?post=25287"}],"version-history":[{"count":4,"href":"https:\/\/www.ferberpainting.com\/lt\/wp-json\/wp\/v2\/product\/25287\/revisions"}],"predecessor-version":[{"id":167269,"href":"https:\/\/www.ferberpainting.com\/lt\/wp-json\/wp\/v2\/product\/25287\/revisions\/167269"}],"wp:featuredmedia":[{"embeddable":true,"href":"https:\/\/www.ferberpainting.com\/lt\/wp-json\/wp\/v2\/media\/30017"}],"wp:attachment":[{"href":"https:\/\/www.ferberpainting.com\/lt\/wp-json\/wp\/v2\/media?parent=25287"}],"wp:term":[{"taxonomy":"product_brand","embeddable":true,"href":"https:\/\/www.ferberpainting.com\/lt\/wp-json\/wp\/v2\/product_brand?post=25287"},{"taxonomy":"product_cat","embeddable":true,"href":"https:\/\/www.ferberpainting.com\/lt\/wp-json\/wp\/v2\/product_cat?post=25287"},{"taxonomy":"product_tag","embeddable":true,"href":"https:\/\/www.ferberpainting.com\/lt\/wp-json\/wp\/v2\/product_tag?post=25287"}],"curies":[{"name":"wp","href":"https:\/\/api.w.org\/{rel}","templated":true}]}}