{"id":25282,"date":"2025-05-26T10:30:20","date_gmt":"2025-05-26T08:30:20","guid":{"rendered":"https:\/\/www.ferberpainting.com\/products\/septic-tank-activator\/"},"modified":"2026-02-16T10:26:40","modified_gmt":"2026-02-16T09:26:40","slug":"septic-tank-activator","status":"publish","type":"product","link":"https:\/\/www.ferberpainting.com\/lt\/products\/septic-tank-activator\/","title":{"rendered":"Septinio rezervuaro aktyvatorius"},"content":{"rendered":"<p><strong><img decoding=\"async\" style=\"margin-right: 12px;\" src=\"https:\/\/www.ferberpainting.com\/wp-content\/uploads\/2026\/02\/Check.svg\" alt=\"\" width=\"18\" height=\"15\" \/>Galingas biologinis aktyvavimas, u\u017etikrinantis optimal\u0173 septiko veikim\u0105.<\/strong> M\u016bs\u0173 septik\u0173 aktyvatorius yra specialiai sukurtas atkurti ir palaikyti nat\u016brali\u0105 biologin\u0119 pusiausvyr\u0105 j\u016bs\u0173 septik\u0173 sistemoje. Jo sud\u0117tyje yra kruop\u0161\u010diai atrinkt\u0173 aktyvi\u0173j\u0173 bakterij\u0173 ir ferment\u0173, kurie efektyviai skaido organines atliekas, u\u017etikrindami skland\u0173 ir patikim\u0105 veikim\u0105 i\u0161tisus metus.<\/p>\n<p><strong><img decoding=\"async\" style=\"margin-right: 12px;\" src=\"https:\/\/www.ferberpainting.com\/wp-content\/uploads\/2026\/02\/Check.svg\" alt=\"\" width=\"18\" height=\"15\" \/>Veiksmingiausias rinkoje esantis septikas.<\/strong> D\u0117l didel\u0117s aktyvi\u0173j\u0173 mikroorganizm\u0173 koncentracijos m\u016bs\u0173 formul\u0117 pagreitina kiet\u0173j\u0173 daleli\u0173 skaidym\u0105, suma\u017eina dumblo kaupim\u0105si ir pagerina bendr\u0105 rezervuaro efektyvum\u0105. Ji palaiko nat\u016bral\u0173 vir\u0161kinimo proces\u0105 ir padeda i\u0161vengti u\u017esikim\u0161imo ir sistemos perkrovos.<\/p>\n<p><strong><img decoding=\"async\" style=\"margin-right: 12px;\" src=\"https:\/\/www.ferberpainting.com\/wp-content\/uploads\/2026\/02\/Check.svg\" alt=\"\" width=\"18\" height=\"15\" \/>Neprilygstama kaina.<\/strong> Septiko prie\u017ei\u016bra netur\u0117t\u0173 b\u016bti brangi. Si\u016blome profesionalaus lygio biologin\u012f veiksmingum\u0105 u\u017e konkurencingiausi\u0105 kain\u0105, tod\u0117l u\u017etikriname did\u017eiausi\u0105 efektyvum\u0105 u\u017e geriausi\u0105 kain\u0105.<\/p>\n<p><strong><img decoding=\"async\" style=\"margin-right: 12px;\" src=\"https:\/\/www.ferberpainting.com\/wp-content\/uploads\/2026\/02\/Check.svg\" alt=\"\" width=\"18\" height=\"15\" \/>Pinig\u0173 gr\u0105\u017einimo garantija - visi\u0161kas pasitik\u0117jimas.<\/strong> Esame \u012fsitikin\u0119 savo septik\u0173 aktyvatoriaus veiksmingumu. Jei nesate visi\u0161kai patenkinti rezultatais, si\u016blome pinig\u0173 gr\u0105\u017einimo garantij\u0105. Tiesiog susisiekite su mumis, ir mes nedvejodami gr\u0105\u017einsime pinigus u\u017e pirkin\u012f.<\/p>\n<p><strong><img decoding=\"async\" style=\"margin-right: 12px;\" src=\"https:\/\/www.ferberpainting.com\/wp-content\/uploads\/2026\/02\/Check.svg\" alt=\"\" width=\"18\" height=\"15\" \/>Greitas pristatymas 24 valandas per par\u0105, kad b\u016bt\u0173 galima nedelsiant atlikti technin\u0119 prie\u017ei\u016br\u0105.<\/strong> Visada teikiame paslaugas 24 valandas per par\u0105, tod\u0117l galite nedelsdami pri\u017ei\u016br\u0117ti ar atkurti savo septik\u0105.<\/p>\n<p><strong><img decoding=\"async\" style=\"margin-right: 12px;\" src=\"https:\/\/www.ferberpainting.com\/wp-content\/uploads\/2026\/02\/Check.svg\" alt=\"\" width=\"18\" height=\"15\" \/>Vien\u0105 buteliuk\u0105 per metus, kad b\u016bt\u0173 galima atlikti paprast\u0105 prie\u017ei\u016br\u0105.<\/strong> M\u016bs\u0173 koncentruota formul\u0117 skirta naudoti kasmet. Vos vieno buteliuko per metus pakanka standartinio nam\u0173 \u016bkio septiko biologinei pusiausvyrai palaikyti \u012fprastomis naudojimo s\u0105lygomis.<\/p>\n<p><strong><img decoding=\"async\" style=\"margin-right: 12px;\" src=\"https:\/\/www.ferberpainting.com\/wp-content\/uploads\/2026\/02\/Check.svg\" alt=\"\" width=\"18\" height=\"15\" \/>Suma\u017eina kvapus ir nemalonius kvapus.<\/strong> Stiprindamas organini\u0173 atliek\u0173 skaidym\u0105, aktyvatorius gerokai suma\u017eina nemalonaus kvapo duj\u0173 susidarym\u0105, tod\u0117l j\u016bs\u0173 sistema veikia \u0161variai ir diskreti\u0161kai.<\/p>\n<p><strong><img decoding=\"async\" style=\"margin-right: 12px;\" src=\"https:\/\/www.ferberpainting.com\/wp-content\/uploads\/2026\/02\/Check.svg\" alt=\"\" width=\"18\" height=\"15\" \/>Neleid\u017eia kauptis dumblui ir u\u017esikim\u0161ti.<\/strong> Reguliarus naudojimas padeda apriboti pernelyg didel\u012f dumblo kaupim\u0105si, suma\u017eina vamzd\u017ei\u0173, kanalizacijos ir drena\u017eo sistem\u0173 u\u017esikim\u0161imo rizik\u0105.<\/p>\n<p><strong><img decoding=\"async\" style=\"margin-right: 12px;\" src=\"https:\/\/www.ferberpainting.com\/wp-content\/uploads\/2026\/02\/Check.svg\" alt=\"\" width=\"18\" height=\"15\" \/>Aplinkai nekenksmingas biologinis sprendimas.<\/strong> Produkto pagrind\u0105 sudaro nat\u016bralios bakterij\u0173 kult\u016bros ir fermentai, nenaudojant grie\u017et\u0173 chemini\u0173 med\u017eiag\u0173, kurios gali sutrikdyti ekosistem\u0105 arba pakenkti j\u016bs\u0173 septinei sistemai.<\/p>\n<p><strong><img decoding=\"async\" style=\"margin-right: 12px;\" src=\"https:\/\/www.ferberpainting.com\/wp-content\/uploads\/2026\/02\/Check.svg\" alt=\"\" width=\"18\" height=\"15\" \/>Tinka visoms standartin\u0117ms septin\u0117ms sistemoms.<\/strong> Naudojant pagal instrukcijas, suderinamas su daugeliu buitini\u0173 septik\u0173, riebal\u0173 gaudykli\u0173 ir nuotek\u0173 valymo sistem\u0173.<\/p>\n<h2><strong>Instrukcijos<\/strong><\/h2>\n<ul>\n<li>Per metus sunaudokite vien\u0105 piln\u0105 buteliuk\u0105 standartiniam gyvenam\u0173j\u0173 nam\u0173 septikiniam rezervuarui, aptarnaujan\u010diam vidutin\u012f nam\u0173 \u016bk\u012f.<\/li>\n<li>Prie\u0161 naudodami buteliuk\u0105 kruop\u0161\u010diai suplakite, kad aktyviosios bakterijos ir fermentai pasiskirstyt\u0173 tolygiai.<\/li>\n<li>Idealiu atveju produktas tur\u0117t\u0173 b\u016bti tepamas, kai rezervuaras yra \u012fprastame darbiniame lygyje, o ne i\u0161 karto po pumpavimo.<\/li>\n<li>Kad pasiektum\u0117te geriausi\u0173 rezultat\u0173, vis\u0105 buteliuko turin\u012f supilkite tiesiai \u012f tualet\u0105, prijungt\u0105 prie septiko.<\/li>\n<li>Vien\u0105 kart\u0105 praplaukite, kad produktas patekt\u0173 \u012f sistem\u0105.<\/li>\n<li>Aktyvatori\u0173 geriausia tepti vakare, kad mikroorganizmai gal\u0117t\u0173 netrukdomai veikti per nakt\u012f.<\/li>\n<li>Kelias dienas po naudojimo venkite naudoti didelius kiekius balikli\u0173, dezinfekavimo priemoni\u0173 ar a\u0161tri\u0173 chemini\u0173 valikli\u0173, nes jie gali suma\u017einti bakterij\u0173 veiksmingum\u0105.<\/li>\n<li>Sistemose, kurios neseniai buvo i\u0161siurbtos arba kuri\u0173 na\u0161umas suma\u017e\u0117jo, aktyvatori\u0173 galima naudoti i\u0161 karto po i\u0161siurbimo, kad b\u016bt\u0173 atkurta biologin\u0117 pusiausvyra.<\/li>\n<li>Nevir\u0161ykite rekomenduojamos metin\u0117s doz\u0117s, i\u0161skyrus atvejus, kai sistema yra per didel\u0117 arba naudojama ne\u012fprastai intensyviai.<\/li>\n<li>Nam\u0173 \u016bkiuose, kuriuose gyvena daugiau \u017emoni\u0173 nei vidutini\u0161kai, apsvarstykite galimyb\u0119 buteliuk\u0105 padalyti \u012f dvi pus\u0117s doz\u0117s, kurias reikia naudoti kas \u0161e\u0161is m\u0117nesius.<\/li>\n<li>Reguliariai steb\u0117kite, ar sistema tinkamai drenuojama ir ar n\u0117ra kvap\u0173.<\/li>\n<li>Venkite i\u0161mesti \u012f septik\u0105 biologi\u0161kai nesuyran\u010dias med\u017eiagas, servet\u0117les, higienos priemones, aliejus ar per daug chemini\u0173 med\u017eiag\u0173.<\/li>\n<li>Laikykite buteliuk\u0105 sandariai u\u017edaryt\u0105 v\u0117sioje, sausoje vietoje, apsaugotoje nuo tiesiogini\u0173 saul\u0117s spinduli\u0173 ir ekstremalios temperat\u016bros.<\/li>\n<li>Laikykite vaikams nepasiekiamoje vietoje ir saugokite, kad nepatekt\u0173 \u012f akis ar ant odos.<\/li>\n<li>Nenurykite ir po naudojimo nusiplaukite rankas.<\/li>\n<li>Kad ilgalaik\u0117 prie\u017ei\u016bra b\u016bt\u0173 optimali, kasmet nuosekliai naudokite septiko rezervuaro aktyvatori\u0173.<\/li>\n<\/ul>\n<p>Naudojant vien\u0105 buteliuk\u0105 per metus ir laikantis tinkamos septik\u0173 sistemos praktikos, m\u016bs\u0173 septik\u0173 aktyvatorius pad\u0117s palaikyti veiksming\u0105 biologin\u0119 veikl\u0105, suma\u017eins kvapus, neleis kauptis dumblui ir prailgins j\u016bs\u0173 septik\u0173 \u012frenginio tarnavimo laik\u0105.<\/p>","protected":false},"excerpt":{"rendered":"<p>Powerful biological activation for optimal septic tank performance. Our septic tank activator is specially formulated to restore and maintain the natural biological balance inside your septic system. It contains carefully selected active bacteria and enzymes that break down organic waste efficiently, ensuring smooth and reliable operation throughout the year. The most effective septic tank treatment [&hellip;]<\/p>\n","protected":false},"featured_media":27163,"comment_status":"open","ping_status":"closed","template":"","meta":{"_uag_custom_page_level_css":"","site-sidebar-layout":"default","site-content-layout":"","ast-site-content-layout":"default","site-content-style":"default","site-sidebar-style":"default","ast-global-header-display":"","ast-banner-title-visibility":"","ast-main-header-display":"","ast-hfb-above-header-display":"","ast-hfb-below-header-display":"","ast-hfb-mobile-header-display":"","site-post-title":"","ast-breadcrumbs-content":"","ast-featured-img":"","footer-sml-layout":"","ast-disable-related-posts":"","theme-transparent-header-meta":"default","adv-header-id-meta":"","stick-header-meta":"","header-above-stick-meta":"","header-main-stick-meta":"","header-below-stick-meta":"","astra-migrate-meta-layouts":"set","ast-page-background-enabled":"default","ast-page-background-meta":{"desktop":{"background-color":"var(--ast-global-color-4)","background-image":"","background-repeat":"repeat","background-position":"center center","background-size":"auto","background-attachment":"scroll","background-type":"","background-media":"","overlay-type":"","overlay-color":"","overlay-opacity":"","overlay-gradient":""},"tablet":{"background-color":"","background-image":"","background-repeat":"repeat","background-position":"center center","background-size":"auto","background-attachment":"scroll","background-type":"","background-media":"","overlay-type":"","overlay-color":"","overlay-opacity":"","overlay-gradient":""},"mobile":{"background-color":"","background-image":"","background-repeat":"repeat","background-position":"center center","background-size":"auto","background-attachment":"scroll","background-type":"","background-media":"","overlay-type":"","overlay-color":"","overlay-opacity":"","overlay-gradient":""}},"ast-content-background-meta":{"desktop":{"background-color":"var(--ast-global-color-5)","background-image":"","background-repeat":"repeat","background-position":"center center","background-size":"auto","background-attachment":"scroll","background-type":"","background-media":"","overlay-type":"","overlay-color":"","overlay-opacity":"","overlay-gradient":""},"tablet":{"background-color":"var(--ast-global-color-5)","background-image":"","background-repeat":"repeat","background-position":"center center","background-size":"auto","background-attachment":"scroll","background-type":"","background-media":"","overlay-type":"","overlay-color":"","overlay-opacity":"","overlay-gradient":""},"mobile":{"background-color":"var(--ast-global-color-5)","background-image":"","background-repeat":"repeat","background-position":"center center","background-size":"auto","background-attachment":"scroll","background-type":"","background-media":"","overlay-type":"","overlay-color":"","overlay-opacity":"","overlay-gradient":""}}},"product_brand":[],"product_cat":[175],"product_tag":[],"class_list":{"0":"post-25282","1":"product","2":"type-product","3":"status-publish","4":"has-post-thumbnail","6":"product_cat-cleaning-products","7":"desktop-align-left","8":"tablet-align-left","9":"mobile-align-left","11":"first","12":"instock","13":"taxable","14":"shipping-taxable","15":"purchasable","16":"product-type-simple"},"spectra_custom_meta":{"_visibility":["visible"],"_shopify_product_id":["8050147328245"],"_s2w_shopify_domain":["ferberpainting.myshopify.com"],"_shopify_variant_id":["43843142975733"],"_sku":["FPSEPTICTANKACTIVATOR"],"_regular_price":["29.90"],"_price":["29.90"],"_sale_price":[""],"_weight":["1.3"],"_thumbnail_id":["27163"],"_global_unique_id":["5056773807464"],"total_sales":["29"],"_tax_status":["taxable"],"_tax_class":[""],"_manage_stock":["no"],"_backorders":["no"],"_sold_individually":["no"],"_virtual":["no"],"_downloadable":["no"],"_download_limit":["-1"],"_download_expiry":["-1"],"_stock":[null],"_stock_status":["instock"],"_wc_average_rating":["4.97"],"_wc_review_count":["68"],"_product_version":["10.5.1"],"_edit_lock":["1771233864:1"],"merchant-center-availability":["yes"],"merchant-center-category":["7470"],"merchant-center-id":["ADFS"],"_edit_last":["1"],"_wp_page_template":["default"],"site-sidebar-layout":["default"],"ast-site-content-layout":["default"],"site-content-style":["default"],"site-sidebar-style":["default"],"theme-transparent-header-meta":["default"],"_wc_rating_count":["a:2:{i:4;i:2;i:5;i:66;}"],"astra-migrate-meta-layouts":["set"],"_uag_css_file_name":["uag-css-25282.css"],"_elementor_page_assets":["a:0:{}"],"_uag_page_assets":["a:9:{s:3:\"css\";s:7133:\".uag-blocks-common-selector{z-index:var(--z-index-desktop) !important}@media(max-width: 976px){.uag-blocks-common-selector{z-index:var(--z-index-tablet) !important}}@media(max-width: 767px){.uag-blocks-common-selector{z-index:var(--z-index-mobile) !important}}.wp-block-uagb-image{display:flex}.wp-block-uagb-image__figure{position:relative;display:flex;flex-direction:column;max-width:100%;height:auto;margin:0}.wp-block-uagb-image__figure img{height:auto;display:flex;max-width:100%;transition:box-shadow .2s ease}.wp-block-uagb-image__figure>a{display:inline-block}.wp-block-uagb-image__figure figcaption{text-align:center;margin-top:.5em;margin-bottom:1em}.wp-block-uagb-image .components-placeholder.block-editor-media-placeholder .components-placeholder__instructions{align-self:center}.wp-block-uagb-image--align-left{text-align:left}.wp-block-uagb-image--align-right{text-align:right}.wp-block-uagb-image--align-center{text-align:center}.wp-block-uagb-image--align-full .wp-block-uagb-image__figure{margin-left:calc(50% - 50vw);margin-right:calc(50% - 50vw);max-width:100vw;width:100vw;height:auto}.wp-block-uagb-image--align-full .wp-block-uagb-image__figure img{height:auto;width:100% !important}.wp-block-uagb-image--align-wide .wp-block-uagb-image__figure img{height:auto;width:100%}.wp-block-uagb-image--layout-overlay__color-wrapper{position:absolute;left:0;top:0;right:0;bottom:0;opacity:.2;background:rgba(0,0,0,.5);transition:opacity .35s ease-in-out}.wp-block-uagb-image--layout-overlay-link{position:absolute;left:0;right:0;bottom:0;top:0}.wp-block-uagb-image--layout-overlay .wp-block-uagb-image__figure:hover .wp-block-uagb-image--layout-overlay__color-wrapper{opacity:1}.wp-block-uagb-image--layout-overlay__inner{position:absolute;left:15px;right:15px;bottom:15px;top:15px;display:flex;align-items:center;justify-content:center;flex-direction:column;border-color:#fff;transition:.35s ease-in-out}.wp-block-uagb-image--layout-overlay__inner.top-left,.wp-block-uagb-image--layout-overlay__inner.top-center,.wp-block-uagb-image--layout-overlay__inner.top-right{justify-content:flex-start}.wp-block-uagb-image--layout-overlay__inner.bottom-left,.wp-block-uagb-image--layout-overlay__inner.bottom-center,.wp-block-uagb-image--layout-overlay__inner.bottom-right{justify-content:flex-end}.wp-block-uagb-image--layout-overlay__inner.top-left,.wp-block-uagb-image--layout-overlay__inner.center-left,.wp-block-uagb-image--layout-overlay__inner.bottom-left{align-items:flex-start}.wp-block-uagb-image--layout-overlay__inner.top-right,.wp-block-uagb-image--layout-overlay__inner.center-right,.wp-block-uagb-image--layout-overlay__inner.bottom-right{align-items:flex-end}.wp-block-uagb-image--layout-overlay__inner .uagb-image-heading{color:#fff;transition:transform .35s,opacity .35s ease-in-out;transform:translate3d(0, 24px, 0);margin:0;line-height:1em}.wp-block-uagb-image--layout-overlay__inner .uagb-image-separator{width:30%;border-top-width:2px;border-top-color:#fff;border-top-style:solid;margin-bottom:10px;opacity:0;transition:transform .4s,opacity .4s ease-in-out;transform:translate3d(0, 30px, 0)}.wp-block-uagb-image--layout-overlay__inner .uagb-image-caption{opacity:0;overflow:visible;color:#fff;transition:transform .45s,opacity .45s ease-in-out;transform:translate3d(0, 35px, 0)}.wp-block-uagb-image--layout-overlay__inner:hover .uagb-image-heading,.wp-block-uagb-image--layout-overlay__inner:hover .uagb-image-separator,.wp-block-uagb-image--layout-overlay__inner:hover .uagb-image-caption{opacity:1;transform:translate3d(0, 0, 0)}.wp-block-uagb-image--effect-zoomin .wp-block-uagb-image__figure img,.wp-block-uagb-image--effect-zoomin .wp-block-uagb-image__figure .wp-block-uagb-image--layout-overlay__color-wrapper{transform:scale(1);transition:transform .35s ease-in-out}.wp-block-uagb-image--effect-zoomin .wp-block-uagb-image__figure:hover img,.wp-block-uagb-image--effect-zoomin .wp-block-uagb-image__figure:hover .wp-block-uagb-image--layout-overlay__color-wrapper{transform:scale(1.05)}.wp-block-uagb-image--effect-slide .wp-block-uagb-image__figure img,.wp-block-uagb-image--effect-slide .wp-block-uagb-image__figure .wp-block-uagb-image--layout-overlay__color-wrapper{width:calc(100% + 40px) !important;max-width:none !important;transform:translate3d(-40px, 0, 0);transition:transform .35s ease-in-out}.wp-block-uagb-image--effect-slide .wp-block-uagb-image__figure:hover img,.wp-block-uagb-image--effect-slide .wp-block-uagb-image__figure:hover .wp-block-uagb-image--layout-overlay__color-wrapper{transform:translate3d(0, 0, 0)}.wp-block-uagb-image--effect-grayscale img{filter:grayscale(0%);transition:.35s ease-in-out}.wp-block-uagb-image--effect-grayscale:hover img{filter:grayscale(100%)}.wp-block-uagb-image--effect-blur img{filter:blur(0);transition:.35s ease-in-out}.wp-block-uagb-image--effect-blur:hover img{filter:blur(3px)}.uagb-block-e6f939b3.wp-block-uagb-image--layout-default figure img{box-shadow: 0px 0px 0 #00000070;}.uagb-block-e6f939b3.wp-block-uagb-image .wp-block-uagb-image__figure figcaption{font-style: normal;align-self: center;}.uagb-block-e6f939b3.wp-block-uagb-image--layout-overlay figure img{box-shadow: 0px 0px 0 #00000070;}.uagb-block-e6f939b3.wp-block-uagb-image--layout-overlay .wp-block-uagb-image--layout-overlay__color-wrapper{opacity: 0.2;}.uagb-block-e6f939b3.wp-block-uagb-image--layout-overlay .wp-block-uagb-image--layout-overlay__inner{left: 15px;right: 15px;top: 15px;bottom: 15px;}.uagb-block-e6f939b3.wp-block-uagb-image--layout-overlay .wp-block-uagb-image--layout-overlay__inner .uagb-image-heading{font-style: normal;color: #fff;opacity: 1;}.uagb-block-e6f939b3.wp-block-uagb-image--layout-overlay .wp-block-uagb-image--layout-overlay__inner .uagb-image-heading a{color: #fff;}.uagb-block-e6f939b3.wp-block-uagb-image--layout-overlay .wp-block-uagb-image--layout-overlay__inner .uagb-image-caption{opacity: 0;}.uagb-block-e6f939b3.wp-block-uagb-image--layout-overlay .wp-block-uagb-image__figure:hover .wp-block-uagb-image--layout-overlay__color-wrapper{opacity: 1;}.uagb-block-e6f939b3.wp-block-uagb-image .wp-block-uagb-image--layout-overlay__inner .uagb-image-separator{width: 30%;border-top-width: 2px;border-top-color: #fff;opacity: 0;}.uagb-block-e6f939b3.wp-block-uagb-image .wp-block-uagb-image__figure img{width: px;height: auto;}.uagb-block-e6f939b3.wp-block-uagb-image .wp-block-uagb-image__figure:hover .wp-block-uagb-image--layout-overlay__inner .uagb-image-caption{opacity: 1;}.uagb-block-e6f939b3.wp-block-uagb-image .wp-block-uagb-image__figure:hover .wp-block-uagb-image--layout-overlay__inner .uagb-image-separator{opacity: 1;}.uagb-block-e6f939b3.wp-block-uagb-image--layout-default figure:hover img{box-shadow: 0px 0px 0 #00000070;}.uagb-block-e6f939b3.wp-block-uagb-image--layout-overlay figure:hover img{box-shadow: 0px 0px 0 #00000070;}@media only screen and (max-width: 976px) {.uagb-block-e6f939b3.wp-block-uagb-image .wp-block-uagb-image__figure img{width: px;height: auto;}}@media only screen and (max-width: 767px) {.uagb-block-e6f939b3.wp-block-uagb-image .wp-block-uagb-image__figure img{width: px;height: auto;}}\";s:2:\"js\";s:0:\"\";s:18:\"current_block_list\";a:13:{i:0;s:11:\"core\/search\";i:1;s:10:\"core\/group\";i:2;s:12:\"core\/heading\";i:3;s:17:\"core\/latest-posts\";i:4;s:20:\"core\/latest-comments\";i:5;s:13:\"core\/archives\";i:6;s:15:\"core\/categories\";i:7;s:14:\"core\/paragraph\";i:8;s:10:\"uagb\/image\";i:9;s:11:\"core\/spacer\";i:10;s:30:\"woocommerce\/product-categories\";i:11;s:10:\"core\/image\";i:12;s:14:\"core\/shortcode\";}s:8:\"uag_flag\";b:1;s:11:\"uag_version\";s:10:\"1777228542\";s:6:\"gfonts\";a:0:{}s:10:\"gfonts_url\";s:0:\"\";s:12:\"gfonts_files\";a:0:{}s:14:\"uag_faq_layout\";b:0;}"]},"uagb_featured_image_src":{"full":["https:\/\/www.ferberpainting.com\/wp-content\/uploads\/2025\/05\/septicTankactivator.jpg",1920,2560,false],"thumbnail":["https:\/\/www.ferberpainting.com\/wp-content\/uploads\/2025\/05\/septicTankactivator-150x150.jpg",150,150,true],"medium":["https:\/\/www.ferberpainting.com\/wp-content\/uploads\/2025\/05\/septicTankactivator-225x300.jpg",225,300,true],"medium_large":["https:\/\/www.ferberpainting.com\/wp-content\/uploads\/2025\/05\/septicTankactivator-768x1024.jpg",768,1024,true],"large":["https:\/\/www.ferberpainting.com\/wp-content\/uploads\/2025\/05\/septicTankactivator-768x1024.jpg",768,1024,true],"1536x1536":["https:\/\/www.ferberpainting.com\/wp-content\/uploads\/2025\/05\/septicTankactivator-1152x1536.jpg",1152,1536,true],"2048x2048":["https:\/\/www.ferberpainting.com\/wp-content\/uploads\/2025\/05\/septicTankactivator-1536x2048.jpg",1536,2048,true],"trp-custom-language-flag":["https:\/\/www.ferberpainting.com\/wp-content\/uploads\/2025\/05\/septicTankactivator-9x12.jpg",9,12,true],"woocommerce_thumbnail":["https:\/\/www.ferberpainting.com\/wp-content\/uploads\/2025\/05\/septicTankactivator-300x300.jpg",300,300,true],"woocommerce_single":["https:\/\/www.ferberpainting.com\/wp-content\/uploads\/2025\/05\/septicTankactivator-600x800.jpg",600,800,true],"woocommerce_gallery_thumbnail":["https:\/\/www.ferberpainting.com\/wp-content\/uploads\/2025\/05\/septicTankactivator-100x100.jpg",100,100,true]},"uagb_author_info":{"display_name":"admin","author_link":"https:\/\/www.ferberpainting.com\/lt\/author\/"},"uagb_comment_info":68,"uagb_excerpt":"Powerful biological activation for optimal septic tank performance. Our septic tank activator is specially formulated to restore and maintain the natural biological balance inside your septic system. It contains carefully selected active bacteria and enzymes that break down organic waste efficiently, ensuring smooth and reliable operation throughout the year. The most effective septic tank treatment&hellip;","_links":{"self":[{"href":"https:\/\/www.ferberpainting.com\/lt\/wp-json\/wp\/v2\/product\/25282","targetHints":{"allow":["GET"]}}],"collection":[{"href":"https:\/\/www.ferberpainting.com\/lt\/wp-json\/wp\/v2\/product"}],"about":[{"href":"https:\/\/www.ferberpainting.com\/lt\/wp-json\/wp\/v2\/types\/product"}],"replies":[{"embeddable":true,"href":"https:\/\/www.ferberpainting.com\/lt\/wp-json\/wp\/v2\/comments?post=25282"}],"version-history":[{"count":3,"href":"https:\/\/www.ferberpainting.com\/lt\/wp-json\/wp\/v2\/product\/25282\/revisions"}],"predecessor-version":[{"id":167259,"href":"https:\/\/www.ferberpainting.com\/lt\/wp-json\/wp\/v2\/product\/25282\/revisions\/167259"}],"wp:featuredmedia":[{"embeddable":true,"href":"https:\/\/www.ferberpainting.com\/lt\/wp-json\/wp\/v2\/media\/27163"}],"wp:attachment":[{"href":"https:\/\/www.ferberpainting.com\/lt\/wp-json\/wp\/v2\/media?parent=25282"}],"wp:term":[{"taxonomy":"product_brand","embeddable":true,"href":"https:\/\/www.ferberpainting.com\/lt\/wp-json\/wp\/v2\/product_brand?post=25282"},{"taxonomy":"product_cat","embeddable":true,"href":"https:\/\/www.ferberpainting.com\/lt\/wp-json\/wp\/v2\/product_cat?post=25282"},{"taxonomy":"product_tag","embeddable":true,"href":"https:\/\/www.ferberpainting.com\/lt\/wp-json\/wp\/v2\/product_tag?post=25282"}],"curies":[{"name":"wp","href":"https:\/\/api.w.org\/{rel}","templated":true}]}}