{"id":25023,"date":"2025-06-30T22:15:48","date_gmt":"2025-06-30T20:15:48","guid":{"rendered":"https:\/\/www.ferberpainting.com\/?post_type=product&#038;p=25023"},"modified":"2026-02-16T07:58:09","modified_gmt":"2026-02-16T06:58:09","slug":"render-water-repellent","status":"publish","type":"product","link":"https:\/\/www.ferberpainting.com\/lt\/products\/render-water-repellent\/","title":{"rendered":"Hidrofobinis produktas tinkui"},"content":{"rendered":"<p><strong><img decoding=\"async\" style=\"margin-right: 12px;\" src=\"https:\/\/www.ferberpainting.com\/wp-content\/uploads\/2026\/02\/Check.svg\" alt=\"\" width=\"18\" height=\"15\" \/>Did\u017eiausia apsauga nuo dr\u0117gm\u0117s.<\/strong>\u00a0Tinko impregnantas yra specialiai sukurtas tinkuotiems pavir\u0161iams apsaugoti nuo dr\u0117gm\u0117s, vandens prasiskverbimo ir oro s\u0105lyg\u0173. Ji sudaro nematom\u0105 ir patvar\u0173 barjer\u0105, neleid\u017eiant\u012f vandeniui prasiskverbti \u012f vid\u0173, ta\u010diau leid\u017eiant\u012f pavir\u0161iui kv\u0117puoti. \u0160is produktas idealiai tinka i\u0161oriniams fasadams, ypa\u010d tinkuot\u0173 sien\u0173, veikiam\u0173 gamtos veiksni\u0173, i\u0161vaizdai ir strukt\u016brai palaikyti.<\/p>\n<p><strong><img decoding=\"async\" style=\"margin-right: 12px;\" src=\"https:\/\/www.ferberpainting.com\/wp-content\/uploads\/2026\/02\/Check.svg\" alt=\"\" width=\"18\" height=\"15\" \/>Pinig\u0173 gr\u0105\u017einimo garantija.<\/strong>\u00a0Esame visi\u0161kai \u012fsipareigoj\u0119 u\u017etikrinti savo tinko hidroizoliacijos kokyb\u0119. Jei rezultatai j\u016bs\u0173 netenkina, galite atgauti vis\u0105 sumok\u0117t\u0105 sum\u0105. Tai leid\u017eia jums i\u0161bandyti gamin\u012f be rizikos, u\u017etikrinant, kad jei rezultatas neatitiks j\u016bs\u0173 l\u016bkes\u010di\u0173, gal\u0117site be vargo atgauti pinigus.<\/p>\n<p><strong><img decoding=\"async\" style=\"margin-right: 12px;\" src=\"https:\/\/www.ferberpainting.com\/wp-content\/uploads\/2026\/02\/Check.svg\" alt=\"\" width=\"18\" height=\"15\" \/>Suderinamumas su \u012fvairiais pavir\u0161iais.<\/strong>\u00a0\u0160is gaminys yra universalus ir tinka \u012fvairioms tinkuojamoms med\u017eiagoms. Nesvarbu, ar tai b\u016bt\u0173 cemento, skiedinio, ar kit\u0173 tip\u0173 tinko sienos, \u0161is hidroizoliacinis skystis prasiskverbia \u012f visus \u0161iuos pavir\u0161ius ir veiksmingai juos apsaugo. Tod\u0117l jis puikiai tinka daugeliui i\u0161or\u0117s darb\u0173, pavyzd\u017eiui, fasadams, ribo\u017eenkliams, sodo sienoms ar net dr\u0117gnoms vidaus sienoms, kurias reikia papildomai apsaugoti.<\/p>\n<p><strong><img decoding=\"async\" style=\"margin-right: 12px;\" src=\"https:\/\/www.ferberpainting.com\/wp-content\/uploads\/2026\/02\/Check.svg\" alt=\"\" width=\"18\" height=\"15\" \/>Ekonomi\u0161kas veikimas.<\/strong>\u00a0Tinko hidroizoliacija yra ekonomi\u0161kas produktas d\u0117l didelio padengimo. Priklausomai nuo med\u017eiagos akytumo, 1 litras padengia 6-8 m\u00b2. Penki\u0173 litr\u0173 talpos pakuot\u0117s pakanka 30-40 m\u00b2 pavir\u0161iui apdoroti, tod\u0117l reikia tik pagr\u012fsto kiekio, o tai yra veiksmingas ir ekonomi\u0161kas sprendimas.<\/p>\n<p><strong><img decoding=\"async\" style=\"margin-right: 12px;\" src=\"https:\/\/www.ferberpainting.com\/wp-content\/uploads\/2026\/02\/Check.svg\" alt=\"\" width=\"18\" height=\"15\" \/>Saugu.<\/strong>\u00a0Tinko hidroizoliacija gaminama i\u0161 sveikatai ir aplinkai saugi\u0173 komponent\u0173. Jo sud\u0117tyje n\u0117ra agresyvi\u0173 ar toksi\u0161k\u0173 chemini\u0173 med\u017eiag\u0173, tod\u0117l jis visi\u0161kai saugus naudotojams, kai naudojamas pagal instrukcijas. J\u012f galite naudoti tiek vidaus, tiek i\u0161or\u0117s pavir\u0161iams, nerizikuodami susidurti su kenksmingomis med\u017eiagomis.<\/p>\n<p><strong><img decoding=\"async\" style=\"margin-right: 12px;\" src=\"https:\/\/www.ferberpainting.com\/wp-content\/uploads\/2026\/02\/Check.svg\" alt=\"\" width=\"18\" height=\"15\" \/>Lengva naudoti.<\/strong>\u00a0Produktas yra paruo\u0161tas naudoti, jo nereikia i\u0161 anksto ruo\u0161ti ar skiesti. Tiesiog tepkite tiesiai ant \u0161varaus ir sauso pavir\u0161iaus. Priklausomai nuo j\u016bs\u0173 pageidavim\u0173, impregnant\u0105 galite tepti purk\u0161tuvu, teptuku arba voleliu. Toks paprastas tepimas u\u017etikrina greit\u0105 naudojim\u0105 net ir naudotojams, neturintiems patirties naudojant apsaugines priemones.<\/p>\n<p><strong><img decoding=\"async\" style=\"margin-right: 12px;\" src=\"https:\/\/www.ferberpainting.com\/wp-content\/uploads\/2026\/02\/Check.svg\" alt=\"\" width=\"18\" height=\"15\" \/>Patvarus.<\/strong>\u00a0Tinko hidroizoliacija yra ypa\u010d ilgaam\u017e\u0117. U\u017etepta ji sudaro atspar\u0173 ir patvar\u0173 barjer\u0105, kuris veiksmingai apsaugo nuo dr\u0117gm\u0117s, pel\u0117si\u0173 ir vandens pursl\u0173. D\u0117l savo patvarumo jis u\u017etikrina ilgalaik\u0119 apsaug\u0105, o tai rei\u0161kia, kad jo nereik\u0117s da\u017enai pakartotinai tepti. Priklausomai nuo klimato s\u0105lyg\u0173 ir nat\u016bralaus nusid\u0117v\u0117jimo, vieno u\u017etepimo gali pakakti keleriems metams.<\/p>\n<p><strong><img decoding=\"async\" style=\"margin-right: 12px;\" src=\"https:\/\/www.ferberpainting.com\/wp-content\/uploads\/2026\/02\/Check.svg\" alt=\"\" width=\"18\" height=\"15\" \/>Greitas d\u017eiovinimas.<\/strong>\u00a0\u0160is produktas ne tik veiksmingas, bet ir greitai d\u017ei\u016bsta. U\u017etepus hidroizoliacin\u0119 med\u017eiag\u0105 ant tinko, ji i\u0161d\u017ei\u016bsta per 1-2 valandas. Nors jis greitai d\u017ei\u016bsta lie\u010diant, rekomenduojame skirti 24 valandas d\u017ei\u016bvimo laiko, kad b\u016bt\u0173 u\u017etikrinta optimali apsauga nuo dr\u0117gm\u0117s ir vandens prasiskverbimo.<\/p>\n<h2><strong>Naudojimo protokolas<\/strong><\/h2>\n<ul>\n<li><strong>Pavir\u0161iaus paruo\u0161imas <\/strong>: Prie\u0161 tepdami hidroizoliacin\u0119 med\u017eiag\u0105 \u012fsitikinkite, kad tinkuojamas pavir\u0161ius yra \u0161varus ir sausas. Jei pavir\u0161ius ne\u0161varus, b\u016btina j\u012f nuvalyti stand\u017eiu \u0161epe\u010diu, auk\u0161to sl\u0117gio valikliu arba \u0161velniu plovikliu, kad pa\u0161alintum\u0117te visus ne\u0161varumus, samanas, pel\u0117s\u012f ar d\u0117mes. I\u0161val\u0119 pavir\u0161i\u0173, prie\u0161 tepdami impregnant\u0105, leiskite jam visi\u0161kai i\u0161d\u017ei\u016bti.<\/li>\n<li><strong>Produkto taikymas <\/strong>: Tinko impregnantas yra paruo\u0161tas naudoti, jo nereikia skiesti. Produkt\u0105 tepkite purk\u0161tuvu, teptuku arba voleliu, priklausomai nuo pavir\u0161iaus dyd\u017eio ir j\u016bs\u0173 pageidavim\u0173. \u012esitikinkite, kad jis tolygiai tepamas ant viso pavir\u0161iaus, ypating\u0105 d\u0117mes\u012f skiriant ypa\u010d pa\u017eeid\u017eiamoms vietoms, pavyzd\u017eiui, si\u016bl\u0117ms ir kra\u0161tams. Jei pavir\u0161ius labai por\u0117tas, gali prireikti antro sluoksnio, kad b\u016bt\u0173 u\u017etikrinta maksimali apsauga.<\/li>\n<li><strong>Naudotina suma <\/strong>: Priklausomai nuo pavir\u0161iaus por\u0117tumo, 1 litras hidroizoliacijos padengia ma\u017edaug 6-8 m\u00b2. Tod\u0117l 5 litr\u0173 talpos pakuot\u0117s pakanka 30-40 m\u00b2 apdoroti. Patartina koreguoti naudojam\u0105 kiek\u012f atsi\u017evelgiant \u012f pavir\u0161iaus por\u0117tum\u0105, kad b\u016bt\u0173 u\u017etikrintas visi\u0161kas ir tolygus padengimas.<\/li>\n<li><strong>D\u017ei\u016bvimo laikas <\/strong>: U\u017etepus produkt\u0105, jis i\u0161d\u017ei\u016bsta per 1-2 valandas. Ta\u010diau, siekiant u\u017etikrinti optimali\u0105 apsaug\u0105, rekomenduojama palaukti 24 valandas, kol pavir\u0161ius pateks \u012f vanden\u012f arba bus veikiamas dr\u0117gm\u0117s. Tai leis produktui visi\u0161kai \u012fsiskverbti ir suformuoti ilgalaik\u012f vandeniui atspar\u0173 barjer\u0105.<\/li>\n<li><strong>Pakartotin\u0117 parai\u0161ka <\/strong>: Atsi\u017evelgiant \u012f klimato s\u0105lygas ir nat\u016bral\u0173 nusid\u0117v\u0117jim\u0105, tinko hidroizoliacin\u0119 med\u017eiag\u0105 gali tekti pakartotinai tepti kas 2-5 metus. Tam dar kart\u0105 nuvalykite pavir\u0161i\u0173 ir u\u017etepkite nauj\u0105 hidroizoliacijos sluoksn\u012f. Tai pad\u0117s i\u0161laikyti veiksming\u0105 apsaug\u0105 nuo dr\u0117gm\u0117s ilg\u0105 laik\u0105.<\/li>\n<li><strong>Pavir\u0161iaus prie\u017ei\u016bra <\/strong>: Tinko hidroizoliacija palengvina apdorot\u0173 pavir\u0161i\u0173 prie\u017ei\u016br\u0105. U\u017etepus, pavir\u0161ius tampa atsparesnis d\u0117m\u0117ms ir ne\u0161varumams. Nor\u0117dami nuvalyti pavir\u0161i\u0173, tiesiog nuplaukite vandeniu ir mink\u0161ta kempine ar \u0161luoste. Venkite abrazyvini\u0173 valikli\u0173, kurie gali suma\u017einti hidroizoliacijos efektyvum\u0105.<\/li>\n<\/ul>","protected":false},"excerpt":{"rendered":"<p>Maximum protection against moisture.\u00a0The render waterproofer is specially designed to protect rendered surfaces against moisture, water penetration, and weather. It forms an invisible and durable barrier that prevents water from seeping in while allowing the surface to breathe. This product is ideal for exterior facades, especially for maintaining the appearance and structure of rendered walls [&hellip;]<\/p>\n","protected":false},"featured_media":36011,"comment_status":"open","ping_status":"closed","template":"","meta":{"_uag_custom_page_level_css":"","site-sidebar-layout":"default","site-content-layout":"","ast-site-content-layout":"default","site-content-style":"default","site-sidebar-style":"default","ast-global-header-display":"","ast-banner-title-visibility":"","ast-main-header-display":"","ast-hfb-above-header-display":"","ast-hfb-below-header-display":"","ast-hfb-mobile-header-display":"","site-post-title":"","ast-breadcrumbs-content":"","ast-featured-img":"","footer-sml-layout":"","ast-disable-related-posts":"","theme-transparent-header-meta":"default","adv-header-id-meta":"","stick-header-meta":"","header-above-stick-meta":"","header-main-stick-meta":"","header-below-stick-meta":"","astra-migrate-meta-layouts":"set","ast-page-background-enabled":"default","ast-page-background-meta":{"desktop":{"background-color":"var(--ast-global-color-4)","background-image":"","background-repeat":"repeat","background-position":"center center","background-size":"auto","background-attachment":"scroll","background-type":"","background-media":"","overlay-type":"","overlay-color":"","overlay-opacity":"","overlay-gradient":""},"tablet":{"background-color":"","background-image":"","background-repeat":"repeat","background-position":"center center","background-size":"auto","background-attachment":"scroll","background-type":"","background-media":"","overlay-type":"","overlay-color":"","overlay-opacity":"","overlay-gradient":""},"mobile":{"background-color":"","background-image":"","background-repeat":"repeat","background-position":"center center","background-size":"auto","background-attachment":"scroll","background-type":"","background-media":"","overlay-type":"","overlay-color":"","overlay-opacity":"","overlay-gradient":""}},"ast-content-background-meta":{"desktop":{"background-color":"var(--ast-global-color-5)","background-image":"","background-repeat":"repeat","background-position":"center center","background-size":"auto","background-attachment":"scroll","background-type":"","background-media":"","overlay-type":"","overlay-color":"","overlay-opacity":"","overlay-gradient":""},"tablet":{"background-color":"var(--ast-global-color-5)","background-image":"","background-repeat":"repeat","background-position":"center center","background-size":"auto","background-attachment":"scroll","background-type":"","background-media":"","overlay-type":"","overlay-color":"","overlay-opacity":"","overlay-gradient":""},"mobile":{"background-color":"var(--ast-global-color-5)","background-image":"","background-repeat":"repeat","background-position":"center center","background-size":"auto","background-attachment":"scroll","background-type":"","background-media":"","overlay-type":"","overlay-color":"","overlay-opacity":"","overlay-gradient":""}}},"product_brand":[],"product_cat":[191],"product_tag":[],"class_list":{"0":"post-25023","1":"product","2":"type-product","3":"status-publish","4":"has-post-thumbnail","6":"product_cat-water-repellent","7":"desktop-align-left","8":"tablet-align-left","9":"mobile-align-left","11":"first","12":"instock","13":"sale","14":"shipping-taxable","15":"purchasable","16":"product-type-variable","17":"has-default-attributes"},"spectra_custom_meta":{"_visibility":["visible"],"_shopify_product_id":["9106656788725"],"_s2w_shopify_domain":["ferberpainting.myshopify.com"],"_shopify_variant_id":["46626408562933"],"_sku":[""],"_manage_stock":["no"],"total_sales":["1"],"_tax_status":["taxable"],"_tax_class":[""],"_backorders":["no"],"_sold_individually":["no"],"_virtual":["no"],"_downloadable":["no"],"_download_limit":["-1"],"_download_expiry":["-1"],"_stock":[null],"_stock_status":["instock"],"_wc_average_rating":["5.00"],"_wc_review_count":["31"],"_product_attributes":["a:1:{s:6:\"volume\";a:6:{s:4:\"name\";s:6:\"Volume\";s:5:\"value\";s:20:\"5 liters | 25 liters\";s:8:\"position\";i:1;s:10:\"is_visible\";i:0;s:12:\"is_variation\";i:1;s:11:\"is_taxonomy\";i:0;}}"],"_product_version":["10.5.1"],"wpse_downloadable_file_names":[""],"wpse_downloadable_file_urls":[""],"_edit_last":["1"],"_default_attributes":["a:1:{s:6:\"volume\";s:8:\"5 liters\";}"],"_edit_lock":["1771224956:1"],"_price":["29.90","129.90"],"merchant-center-availability":["yes"],"merchant-center-category":["503744"],"_thumbnail_id":["36011"],"_wp_page_template":["default"],"_wp_old_date":["2025-05-26"],"_product_image_gallery":["36012"],"site-sidebar-layout":["default"],"ast-site-content-layout":["default"],"site-content-style":["default"],"site-sidebar-style":["default"],"theme-transparent-header-meta":["default"],"_wc_rating_count":["a:1:{i:5;i:31;}"],"astra-migrate-meta-layouts":["set"],"_uag_css_file_name":["uag-css-25023.css"],"_elementor_page_assets":["a:0:{}"],"_uag_page_assets":["a:9:{s:3:\"css\";s:6873:\".wp-block-uagb-image{display:flex}.wp-block-uagb-image__figure{position:relative;display:flex;flex-direction:column;max-width:100%;height:auto;margin:0}.wp-block-uagb-image__figure img{height:auto;display:flex;max-width:100%;transition:box-shadow .2s ease}.wp-block-uagb-image__figure>a{display:inline-block}.wp-block-uagb-image__figure figcaption{text-align:center;margin-top:.5em;margin-bottom:1em}.wp-block-uagb-image .components-placeholder.block-editor-media-placeholder .components-placeholder__instructions{align-self:center}.wp-block-uagb-image--align-left{text-align:left}.wp-block-uagb-image--align-right{text-align:right}.wp-block-uagb-image--align-center{text-align:center}.wp-block-uagb-image--align-full .wp-block-uagb-image__figure{margin-left:calc(50% - 50vw);margin-right:calc(50% - 50vw);max-width:100vw;width:100vw;height:auto}.wp-block-uagb-image--align-full .wp-block-uagb-image__figure img{height:auto;width:100% !important}.wp-block-uagb-image--align-wide .wp-block-uagb-image__figure img{height:auto;width:100%}.wp-block-uagb-image--layout-overlay__color-wrapper{position:absolute;left:0;top:0;right:0;bottom:0;opacity:.2;background:rgba(0,0,0,.5);transition:opacity .35s ease-in-out}.wp-block-uagb-image--layout-overlay-link{position:absolute;left:0;right:0;bottom:0;top:0}.wp-block-uagb-image--layout-overlay .wp-block-uagb-image__figure:hover .wp-block-uagb-image--layout-overlay__color-wrapper{opacity:1}.wp-block-uagb-image--layout-overlay__inner{position:absolute;left:15px;right:15px;bottom:15px;top:15px;display:flex;align-items:center;justify-content:center;flex-direction:column;border-color:#fff;transition:.35s ease-in-out}.wp-block-uagb-image--layout-overlay__inner.top-left,.wp-block-uagb-image--layout-overlay__inner.top-center,.wp-block-uagb-image--layout-overlay__inner.top-right{justify-content:flex-start}.wp-block-uagb-image--layout-overlay__inner.bottom-left,.wp-block-uagb-image--layout-overlay__inner.bottom-center,.wp-block-uagb-image--layout-overlay__inner.bottom-right{justify-content:flex-end}.wp-block-uagb-image--layout-overlay__inner.top-left,.wp-block-uagb-image--layout-overlay__inner.center-left,.wp-block-uagb-image--layout-overlay__inner.bottom-left{align-items:flex-start}.wp-block-uagb-image--layout-overlay__inner.top-right,.wp-block-uagb-image--layout-overlay__inner.center-right,.wp-block-uagb-image--layout-overlay__inner.bottom-right{align-items:flex-end}.wp-block-uagb-image--layout-overlay__inner .uagb-image-heading{color:#fff;transition:transform .35s,opacity .35s ease-in-out;transform:translate3d(0, 24px, 0);margin:0;line-height:1em}.wp-block-uagb-image--layout-overlay__inner .uagb-image-separator{width:30%;border-top-width:2px;border-top-color:#fff;border-top-style:solid;margin-bottom:10px;opacity:0;transition:transform .4s,opacity .4s ease-in-out;transform:translate3d(0, 30px, 0)}.wp-block-uagb-image--layout-overlay__inner .uagb-image-caption{opacity:0;overflow:visible;color:#fff;transition:transform .45s,opacity .45s ease-in-out;transform:translate3d(0, 35px, 0)}.wp-block-uagb-image--layout-overlay__inner:hover .uagb-image-heading,.wp-block-uagb-image--layout-overlay__inner:hover .uagb-image-separator,.wp-block-uagb-image--layout-overlay__inner:hover .uagb-image-caption{opacity:1;transform:translate3d(0, 0, 0)}.wp-block-uagb-image--effect-zoomin .wp-block-uagb-image__figure img,.wp-block-uagb-image--effect-zoomin .wp-block-uagb-image__figure .wp-block-uagb-image--layout-overlay__color-wrapper{transform:scale(1);transition:transform .35s ease-in-out}.wp-block-uagb-image--effect-zoomin .wp-block-uagb-image__figure:hover img,.wp-block-uagb-image--effect-zoomin .wp-block-uagb-image__figure:hover .wp-block-uagb-image--layout-overlay__color-wrapper{transform:scale(1.05)}.wp-block-uagb-image--effect-slide .wp-block-uagb-image__figure img,.wp-block-uagb-image--effect-slide .wp-block-uagb-image__figure .wp-block-uagb-image--layout-overlay__color-wrapper{width:calc(100% + 40px) !important;max-width:none !important;transform:translate3d(-40px, 0, 0);transition:transform .35s ease-in-out}.wp-block-uagb-image--effect-slide .wp-block-uagb-image__figure:hover img,.wp-block-uagb-image--effect-slide .wp-block-uagb-image__figure:hover .wp-block-uagb-image--layout-overlay__color-wrapper{transform:translate3d(0, 0, 0)}.wp-block-uagb-image--effect-grayscale img{filter:grayscale(0%);transition:.35s ease-in-out}.wp-block-uagb-image--effect-grayscale:hover img{filter:grayscale(100%)}.wp-block-uagb-image--effect-blur img{filter:blur(0);transition:.35s ease-in-out}.wp-block-uagb-image--effect-blur:hover img{filter:blur(3px)}.uagb-block-e6f939b3.wp-block-uagb-image--layout-default figure img{box-shadow: 0px 0px 0 #00000070;}.uagb-block-e6f939b3.wp-block-uagb-image .wp-block-uagb-image__figure figcaption{font-style: normal;align-self: center;}.uagb-block-e6f939b3.wp-block-uagb-image--layout-overlay figure img{box-shadow: 0px 0px 0 #00000070;}.uagb-block-e6f939b3.wp-block-uagb-image--layout-overlay .wp-block-uagb-image--layout-overlay__color-wrapper{opacity: 0.2;}.uagb-block-e6f939b3.wp-block-uagb-image--layout-overlay .wp-block-uagb-image--layout-overlay__inner{left: 15px;right: 15px;top: 15px;bottom: 15px;}.uagb-block-e6f939b3.wp-block-uagb-image--layout-overlay .wp-block-uagb-image--layout-overlay__inner .uagb-image-heading{font-style: normal;color: #fff;opacity: 1;}.uagb-block-e6f939b3.wp-block-uagb-image--layout-overlay .wp-block-uagb-image--layout-overlay__inner .uagb-image-heading a{color: #fff;}.uagb-block-e6f939b3.wp-block-uagb-image--layout-overlay .wp-block-uagb-image--layout-overlay__inner .uagb-image-caption{opacity: 0;}.uagb-block-e6f939b3.wp-block-uagb-image--layout-overlay .wp-block-uagb-image__figure:hover .wp-block-uagb-image--layout-overlay__color-wrapper{opacity: 1;}.uagb-block-e6f939b3.wp-block-uagb-image .wp-block-uagb-image--layout-overlay__inner .uagb-image-separator{width: 30%;border-top-width: 2px;border-top-color: #fff;opacity: 0;}.uagb-block-e6f939b3.wp-block-uagb-image .wp-block-uagb-image__figure img{width: px;height: auto;}.uagb-block-e6f939b3.wp-block-uagb-image .wp-block-uagb-image__figure:hover .wp-block-uagb-image--layout-overlay__inner .uagb-image-caption{opacity: 1;}.uagb-block-e6f939b3.wp-block-uagb-image .wp-block-uagb-image__figure:hover .wp-block-uagb-image--layout-overlay__inner .uagb-image-separator{opacity: 1;}.uagb-block-e6f939b3.wp-block-uagb-image--layout-default figure:hover img{box-shadow: 0px 0px 0 #00000070;}.uagb-block-e6f939b3.wp-block-uagb-image--layout-overlay figure:hover img{box-shadow: 0px 0px 0 #00000070;}@media only screen and (max-width: 976px) {.uagb-block-e6f939b3.wp-block-uagb-image .wp-block-uagb-image__figure img{width: px;height: auto;}}@media only screen and (max-width: 767px) {.uagb-block-e6f939b3.wp-block-uagb-image .wp-block-uagb-image__figure img{width: px;height: auto;}}\";s:2:\"js\";s:0:\"\";s:18:\"current_block_list\";a:13:{i:0;s:11:\"core\/search\";i:1;s:10:\"core\/group\";i:2;s:12:\"core\/heading\";i:3;s:17:\"core\/latest-posts\";i:4;s:20:\"core\/latest-comments\";i:5;s:13:\"core\/archives\";i:6;s:15:\"core\/categories\";i:7;s:14:\"core\/paragraph\";i:8;s:10:\"uagb\/image\";i:9;s:11:\"core\/spacer\";i:10;s:30:\"woocommerce\/product-categories\";i:11;s:10:\"core\/image\";i:12;s:14:\"core\/shortcode\";}s:8:\"uag_flag\";b:1;s:11:\"uag_version\";s:10:\"1777106127\";s:6:\"gfonts\";a:0:{}s:10:\"gfonts_url\";s:0:\"\";s:12:\"gfonts_files\";a:0:{}s:14:\"uag_faq_layout\";b:0;}"]},"uagb_featured_image_src":{"full":["https:\/\/www.ferberpainting.com\/wp-content\/uploads\/2025\/05\/Render-Water-Repellent-5L-.png",2560,2560,false],"thumbnail":["https:\/\/www.ferberpainting.com\/wp-content\/uploads\/2025\/05\/Render-Water-Repellent-5L--150x150.png",150,150,true],"medium":["https:\/\/www.ferberpainting.com\/wp-content\/uploads\/2025\/05\/Render-Water-Repellent-5L--300x300.png",300,300,true],"medium_large":["https:\/\/www.ferberpainting.com\/wp-content\/uploads\/2025\/05\/Render-Water-Repellent-5L--768x768.png",768,768,true],"large":["https:\/\/www.ferberpainting.com\/wp-content\/uploads\/2025\/05\/Render-Water-Repellent-5L--1024x1024.png",1024,1024,true],"1536x1536":["https:\/\/www.ferberpainting.com\/wp-content\/uploads\/2025\/05\/Render-Water-Repellent-5L--1536x1536.png",1536,1536,true],"2048x2048":["https:\/\/www.ferberpainting.com\/wp-content\/uploads\/2025\/05\/Render-Water-Repellent-5L--2048x2048.png",2048,2048,true],"trp-custom-language-flag":["https:\/\/www.ferberpainting.com\/wp-content\/uploads\/2025\/05\/Render-Water-Repellent-5L--12x12.png",12,12,true],"woocommerce_thumbnail":["https:\/\/www.ferberpainting.com\/wp-content\/uploads\/2025\/05\/Render-Water-Repellent-5L--300x300.png",300,300,true],"woocommerce_single":["https:\/\/www.ferberpainting.com\/wp-content\/uploads\/2025\/05\/Render-Water-Repellent-5L--600x600.png",600,600,true],"woocommerce_gallery_thumbnail":["https:\/\/www.ferberpainting.com\/wp-content\/uploads\/2025\/05\/Render-Water-Repellent-5L--100x100.png",100,100,true]},"uagb_author_info":{"display_name":"admin","author_link":"https:\/\/www.ferberpainting.com\/lt\/author\/"},"uagb_comment_info":31,"uagb_excerpt":"Maximum protection against moisture.\u00a0The render waterproofer is specially designed to protect rendered surfaces against moisture, water penetration, and weather. It forms an invisible and durable barrier that prevents water from seeping in while allowing the surface to breathe. This product is ideal for exterior facades, especially for maintaining the appearance and structure of rendered walls&hellip;","_links":{"self":[{"href":"https:\/\/www.ferberpainting.com\/lt\/wp-json\/wp\/v2\/product\/25023","targetHints":{"allow":["GET"]}}],"collection":[{"href":"https:\/\/www.ferberpainting.com\/lt\/wp-json\/wp\/v2\/product"}],"about":[{"href":"https:\/\/www.ferberpainting.com\/lt\/wp-json\/wp\/v2\/types\/product"}],"replies":[{"embeddable":true,"href":"https:\/\/www.ferberpainting.com\/lt\/wp-json\/wp\/v2\/comments?post=25023"}],"version-history":[{"count":4,"href":"https:\/\/www.ferberpainting.com\/lt\/wp-json\/wp\/v2\/product\/25023\/revisions"}],"predecessor-version":[{"id":167076,"href":"https:\/\/www.ferberpainting.com\/lt\/wp-json\/wp\/v2\/product\/25023\/revisions\/167076"}],"wp:featuredmedia":[{"embeddable":true,"href":"https:\/\/www.ferberpainting.com\/lt\/wp-json\/wp\/v2\/media\/36011"}],"wp:attachment":[{"href":"https:\/\/www.ferberpainting.com\/lt\/wp-json\/wp\/v2\/media?parent=25023"}],"wp:term":[{"taxonomy":"product_brand","embeddable":true,"href":"https:\/\/www.ferberpainting.com\/lt\/wp-json\/wp\/v2\/product_brand?post=25023"},{"taxonomy":"product_cat","embeddable":true,"href":"https:\/\/www.ferberpainting.com\/lt\/wp-json\/wp\/v2\/product_cat?post=25023"},{"taxonomy":"product_tag","embeddable":true,"href":"https:\/\/www.ferberpainting.com\/lt\/wp-json\/wp\/v2\/product_tag?post=25023"}],"curies":[{"name":"wp","href":"https:\/\/api.w.org\/{rel}","templated":true}]}}