{"id":24919,"date":"2025-05-26T10:27:50","date_gmt":"2025-05-26T08:27:50","guid":{"rendered":"https:\/\/www.ferberpainting.com\/products\/radiator-paint-brown\/"},"modified":"2026-02-16T07:50:51","modified_gmt":"2026-02-16T06:50:51","slug":"radiator-paint-brown","status":"publish","type":"product","link":"https:\/\/www.ferberpainting.com\/lt\/products\/radiator-paint-brown\/","title":{"rendered":"Radiatori\u0173 da\u017eai \u2013 rudi"},"content":{"rendered":"<p><strong><img decoding=\"async\" style=\"margin-right: 12px;\" src=\"https:\/\/www.ferberpainting.com\/wp-content\/uploads\/2026\/02\/Check.svg\" alt=\"\" width=\"18\" height=\"15\" \/>Atnaujinkite ir apsaugokite radiatorius, padengdami juos kar\u0161\u010diui atsparia profesionalia apdaila.<\/strong> M\u016bs\u0173 radiatori\u0173 da\u017eai yra specialiai sukurti taip, kad atlaikyt\u0173 auk\u0161t\u0105 darbin\u0119 temperat\u016br\u0105 ir b\u016bt\u0173 lyg\u016bs, patvar\u016bs ir patraukl\u016bs. Jie atgaivina senus, pageltusius ar suskilin\u0117jusius radiatorius, atkuria j\u0173 \u0161vari\u0105 i\u0161vaizd\u0105 ir pagerina bendr\u0105 j\u016bs\u0173 interjero vaizd\u0105. Sukurta taip, kad nuolat veikt\u0173 veikiama kar\u0161\u010dio, ji u\u017etikrina, kad j\u016bs\u0173 radiatoriai i\u0161likt\u0173 ir funkcional\u016bs, ir vizualiai patraukl\u016bs.<\/p>\n<p><strong><img decoding=\"async\" style=\"margin-right: 12px;\" src=\"https:\/\/www.ferberpainting.com\/wp-content\/uploads\/2026\/02\/Check.svg\" alt=\"\" width=\"18\" height=\"15\" \/>Efektyviausi radiatori\u0173 da\u017eai rinkoje.<\/strong> \u0160ie da\u017eai, sukurti naudojant pa\u017eangias kar\u0161\u010diui atsparias dervas ir auk\u0161tos kokyb\u0117s pigmentus, i\u0161laiko spalvos stabilum\u0105 ir strukt\u016bros vientisum\u0105 net ir esant nuolatiniams kaitinimo ciklams. Jie atspar\u016bs \u012ftr\u016bkimams, lupimuisi ir spalvos pasikeitimui d\u0117l temperat\u016bros svyravim\u0173, tod\u0117l pranoksta \u012fprastus vidaus da\u017eus, kurie n\u0117ra skirti \u0161ildomiems pavir\u0161iams.<\/p>\n<p><strong><img decoding=\"async\" style=\"margin-right: 12px;\" src=\"https:\/\/www.ferberpainting.com\/wp-content\/uploads\/2026\/02\/Check.svg\" alt=\"\" width=\"18\" height=\"15\" \/>Pinig\u0173 gr\u0105\u017einimo garantija - visi\u0161ka ramyb\u0117.<\/strong> Mes visi\u0161kai garantuojame savo radiatori\u0173 da\u017e\u0173 kokyb\u0119 ir na\u0161um\u0105. Jei rezultatai j\u016bs\u0173 visi\u0161kai netenkina, gr\u0105\u017einsime pinigus u\u017e pirkin\u012f. M\u016bs\u0173 pinig\u0173 gr\u0105\u017einimo garantija u\u017etikrina, kad j\u016bs\u0173 investicija bus visi\u0161kai nerizikinga, ir atspindi m\u016bs\u0173 \u012fsipareigojim\u0105 u\u017etikrinti profesionalaus lygio patikimum\u0105.<\/p>\n<p><strong><img decoding=\"async\" style=\"margin-right: 12px;\" src=\"https:\/\/www.ferberpainting.com\/wp-content\/uploads\/2026\/02\/Check.svg\" alt=\"\" width=\"18\" height=\"15\" \/>Pigiausi galimi auk\u0161tos kokyb\u0117s radiatori\u0173 da\u017eai.<\/strong> Specializuotos kar\u0161\u010diui atsparios dangos da\u017enai kainuoja brangiau. M\u016bs\u0173 radiatori\u0173 da\u017eai suderina profesional\u0173 ilgaam\u017ei\u0161kum\u0105 ir konkurencingiausias kainas rinkoje, tod\u0117l si\u016blome i\u0161skirtin\u0119 vert\u0119 nesuma\u017einant kokyb\u0117s.<\/p>\n<p><strong><img decoding=\"async\" style=\"margin-right: 12px;\" src=\"https:\/\/www.ferberpainting.com\/wp-content\/uploads\/2026\/02\/Check.svg\" alt=\"\" width=\"18\" height=\"15\" \/>Greitas pristatymas 24 valandas per par\u0105, kai reikia skubiai atlikti renovacij\u0105.<\/strong> Nam\u0173 tobulinimo projektai da\u017enai vykdomi pagal grie\u017etus terminus. Tod\u0117l teikiame patikim\u0105 pristatym\u0105 24 valandas per par\u0105, u\u017etikrinant\u012f, kad j\u016bs\u0173 da\u017eai b\u016bt\u0173 pristatyti greitai ir gal\u0117tum\u0117te nedelsdami u\u017ebaigti radiatori\u0173 atnaujinim\u0105.<\/p>\n<p><strong><img decoding=\"async\" style=\"margin-right: 12px;\" src=\"https:\/\/www.ferberpainting.com\/wp-content\/uploads\/2026\/02\/Check.svg\" alt=\"\" width=\"18\" height=\"15\" \/>Efektyvus padengimas iki 10 m\u00b2 i\u0161 vieno litro.<\/strong> Vienas litras radiatoriaus da\u017e\u0173 padengia iki 10 kvadratini\u0173 metr\u0173 plot\u0105, tod\u0117l galima tiksliai planuoti projekt\u0105 ir taupiai naudoti. Tokia apr\u0117ptis u\u017etikrina nuosekl\u0173 ir tolyg\u0173 padengim\u0105, kartu suma\u017einant produkto atliek\u0173 kiek\u012f.<\/p>\n<p><strong><img decoding=\"async\" style=\"margin-right: 12px;\" src=\"https:\/\/www.ferberpainting.com\/wp-content\/uploads\/2026\/02\/Check.svg\" alt=\"\" width=\"18\" height=\"15\" \/>Puikus atsparumas auk\u0161tai temperat\u016brai ir terminiam ciklui.<\/strong> \u012eprasto veikimo metu radiatoriai pakartotinai \u0161yla ir v\u0117sinasi. M\u016bs\u0173 da\u017eai sukurti taip, kad b\u016bt\u0173 atspar\u016bs terminiam poveikiui, tod\u0117l laikui b\u0117gant nesutr\u016bkin\u0117ja ir nesilupin\u0117ja. Jis i\u0161laiko stabili\u0105 apdail\u0105 net ir ilgai veikiant auk\u0161tai temperat\u016brai.<\/p>\n<p><strong><img decoding=\"async\" style=\"margin-right: 12px;\" src=\"https:\/\/www.ferberpainting.com\/wp-content\/uploads\/2026\/02\/Check.svg\" alt=\"\" width=\"18\" height=\"15\" \/>Lygi ir vientisa apdaila, pagerinanti interjero estetik\u0105.<\/strong> Da\u017eai pasi\u017eymi puikiomis i\u0161lyginamosiomis savyb\u0117mis, tod\u0117l suma\u017e\u0117ja teptuko ir volelio \u017eym\u0117s. Jie sukuria rafinuot\u0105 ir profesionali\u0105 i\u0161vaizd\u0105, kuri tinka tiek moderniam, tiek tradiciniam interjerui.<\/p>\n<p><strong><img decoding=\"async\" style=\"margin-right: 12px;\" src=\"https:\/\/www.ferberpainting.com\/wp-content\/uploads\/2026\/02\/Check.svg\" alt=\"\" width=\"18\" height=\"15\" \/>Stiprus sukibimas su metaliniais radiatori\u0173 pavir\u0161iais.<\/strong> Specialiai metaliniams pagrindams sukurti da\u017eai veiksmingai prilimpa prie plienini\u0173, ketaus ir aliuminio radiatori\u0173. Tinkamai u\u017eteptas jis sudaro patvari\u0105 dang\u0105, kuri tvirtai prilimpa prie tinkamai paruo\u0161t\u0173 pavir\u0161i\u0173.<\/p>\n<p><strong><img decoding=\"async\" style=\"margin-right: 12px;\" src=\"https:\/\/www.ferberpainting.com\/wp-content\/uploads\/2026\/02\/Check.svg\" alt=\"\" width=\"18\" height=\"15\" \/>Ilgalaik\u0117 apsauga nuo korozijos.<\/strong> Da\u017eai ne tik pagerina estetin\u012f vaizd\u0105, bet ir padeda apsaugoti metalinius pavir\u0161ius nuo oksidacijos ir nedidel\u0117s korozijos, tod\u0117l pailg\u0117ja radiatoriaus tarnavimo laikas ir suma\u017e\u0117ja poreikis j\u012f remontuoti ar keisti ateityje.<\/p>\n<h2><strong>Instrukcijos<\/strong><\/h2>\n<ul>\n<li>Prie\u0161 prad\u0117dami tepti, \u012fsitikinkite, kad radiatorius yra visi\u0161kai i\u0161jungtas ir atv\u0117s\u0119s.<\/li>\n<li>Kruop\u0161\u010diai nuvalykite pavir\u0161i\u0173, kad pa\u0161alintum\u0117te dulkes, riebalus, r\u016bdis ar senus atsilupusius da\u017eus. Jei reikia, \u0161vitriniu popieriumi arba vieliniu \u0161epe\u010diu pa\u0161alinkite atsilupusias r\u016bdis.<\/li>\n<li>Nuvalykite radiatori\u0173 \u0161varia \u0161luoste, kad pa\u0161alintum\u0117te \u0161lifavimo liku\u010dius, ir leiskite jam visi\u0161kai i\u0161d\u017ei\u016bti.<\/li>\n<li>Jei yra neapsaugoto metalo, prie\u0161 naudodami radiatoriaus da\u017eus, u\u017etepkite tinkam\u0105 metalo grunt\u0105, kad b\u016bt\u0173 u\u017etikrintas optimalus sukibimas ir apsauga nuo korozijos.<\/li>\n<li>Prie\u0161 naudodami radiatoriaus da\u017eus kruop\u0161\u010diai i\u0161mai\u0161ykite, kad b\u016bt\u0173 u\u017etikrinta vienoda spalva ir konsistencija.<\/li>\n<li>Tolygiai tepkite teptuku, ma\u017eu voleliu arba pur\u0161kimo sistema, tinkama metaliniams pavir\u0161iams.<\/li>\n<li>Laikykit\u0117s rekomenduojamos padengimo normos - iki 10 m\u00b2 vienam litrui. Tai atitinka ma\u017edaug 100 ml vienam kvadratiniam metrui, priklausomai nuo pavir\u0161iaus b\u016bkl\u0117s ir tekst\u016bros.<\/li>\n<li>Pirm\u0105j\u012f sluoksn\u012f tepkite plonu ir tolygiu sluoksniu, vengdami per didelio susikaupimo ar la\u0161\u0117jimo tarp radiatoriaus briaun\u0173.<\/li>\n<li>Leiskite pirmajam sluoksniui visi\u0161kai i\u0161d\u017ei\u016bti, atsi\u017evelgiant \u012f aplinkos temperat\u016br\u0105 ir v\u0117dinimo s\u0105lygas.<\/li>\n<li>Jei reikia, u\u017etepkite antr\u0105 sluoksn\u012f, kad b\u016bt\u0173 pasiektas optimalus padengimas ir patvarumas.<\/li>\n<li>Prie\u0161 \u012fjungdami radiatori\u0173, leiskite da\u017eams visi\u0161kai sukiet\u0117ti. Pirmojo \u0161ildymo ciklo metu palaipsniui v\u0117l \u012fleiskite \u0161ilum\u0105, kad danga prisitaikyt\u0173 prie temperat\u016bros poky\u010di\u0173.<\/li>\n<li>U\u017etikrinkite tinkam\u0105 v\u0117dinim\u0105 naudojimo metu ir po jo.<\/li>\n<li>Panaudoj\u0119 \u012frankius, i\u0161 karto juos nuvalykite tinkamomis valymo priemon\u0117mis ir sandariai u\u017edaryt\u0105 talpykl\u0105 laikykite v\u0117sioje, sausoje vietoje, apsaugotoje nuo tiesiogini\u0173 saul\u0117s spinduli\u0173 ir \u0161al\u010dio.<\/li>\n<\/ul>","protected":false},"excerpt":{"rendered":"<p>Restore and protect radiators with a heat-resistant professional finish. Our radiator paint is specially formulated to withstand high operating temperatures while delivering a smooth, durable, and attractive finish. It revitalizes old, yellowed, or chipped radiators, restoring their clean appearance and enhancing the overall look of your interior space. Designed for consistent performance under heat exposure, [&hellip;]<\/p>\n","protected":false},"featured_media":26779,"comment_status":"open","ping_status":"closed","template":"","meta":{"_uag_custom_page_level_css":"","site-sidebar-layout":"default","site-content-layout":"","ast-site-content-layout":"default","site-content-style":"default","site-sidebar-style":"default","ast-global-header-display":"","ast-banner-title-visibility":"","ast-main-header-display":"","ast-hfb-above-header-display":"","ast-hfb-below-header-display":"","ast-hfb-mobile-header-display":"","site-post-title":"","ast-breadcrumbs-content":"","ast-featured-img":"","footer-sml-layout":"","ast-disable-related-posts":"","theme-transparent-header-meta":"default","adv-header-id-meta":"","stick-header-meta":"","header-above-stick-meta":"","header-main-stick-meta":"","header-below-stick-meta":"","astra-migrate-meta-layouts":"set","ast-page-background-enabled":"default","ast-page-background-meta":{"desktop":{"background-color":"var(--ast-global-color-4)","background-image":"","background-repeat":"repeat","background-position":"center center","background-size":"auto","background-attachment":"scroll","background-type":"","background-media":"","overlay-type":"","overlay-color":"","overlay-opacity":"","overlay-gradient":""},"tablet":{"background-color":"","background-image":"","background-repeat":"repeat","background-position":"center center","background-size":"auto","background-attachment":"scroll","background-type":"","background-media":"","overlay-type":"","overlay-color":"","overlay-opacity":"","overlay-gradient":""},"mobile":{"background-color":"","background-image":"","background-repeat":"repeat","background-position":"center center","background-size":"auto","background-attachment":"scroll","background-type":"","background-media":"","overlay-type":"","overlay-color":"","overlay-opacity":"","overlay-gradient":""}},"ast-content-background-meta":{"desktop":{"background-color":"var(--ast-global-color-5)","background-image":"","background-repeat":"repeat","background-position":"center center","background-size":"auto","background-attachment":"scroll","background-type":"","background-media":"","overlay-type":"","overlay-color":"","overlay-opacity":"","overlay-gradient":""},"tablet":{"background-color":"var(--ast-global-color-5)","background-image":"","background-repeat":"repeat","background-position":"center center","background-size":"auto","background-attachment":"scroll","background-type":"","background-media":"","overlay-type":"","overlay-color":"","overlay-opacity":"","overlay-gradient":""},"mobile":{"background-color":"var(--ast-global-color-5)","background-image":"","background-repeat":"repeat","background-position":"center center","background-size":"auto","background-attachment":"scroll","background-type":"","background-media":"","overlay-type":"","overlay-color":"","overlay-opacity":"","overlay-gradient":""}}},"product_brand":[],"product_cat":[184],"product_tag":[],"class_list":{"0":"post-24919","1":"product","2":"type-product","3":"status-publish","4":"has-post-thumbnail","6":"product_cat-radiator-paint","7":"desktop-align-left","8":"tablet-align-left","9":"mobile-align-left","11":"first","12":"instock","13":"sale","14":"shipping-taxable","15":"purchasable","16":"product-type-variable"},"spectra_custom_meta":{"_visibility":["visible"],"_shopify_product_id":["8317276291317"],"_s2w_shopify_domain":["ferberpainting.myshopify.com"],"_shopify_variant_id":["44768309182709"],"_sku":[""],"_manage_stock":["no"],"total_sales":["4"],"_tax_status":["taxable"],"_tax_class":[""],"_backorders":["no"],"_sold_individually":["no"],"_virtual":["no"],"_downloadable":["no"],"_download_limit":["-1"],"_download_expiry":["-1"],"_stock":[null],"_stock_status":["instock"],"_wc_average_rating":["5.00"],"_wc_review_count":["9"],"_product_attributes":["a:1:{s:6:\"volume\";a:6:{s:4:\"name\";s:6:\"Volume\";s:5:\"value\";s:30:\"1 liter | 5 liters | 20 liters\";s:8:\"position\";i:1;s:10:\"is_visible\";i:0;s:12:\"is_variation\";i:1;s:11:\"is_taxonomy\";i:0;}}"],"_product_version":["10.5.1"],"_thumbnail_id":["26779"],"_price":["19.90","79.90","299.90"],"_product_image_gallery":["26780,26783"],"merchant-center-availability":["yes"],"merchant-center-category":["1361"],"merchant-center-id":["PRM1L"],"wpse_downloadable_file_names":[""],"wpse_downloadable_file_urls":[""],"_edit_last":["1"],"_wc_rating_count":["a:1:{i:5;i:9;}"],"_edit_lock":["1771224558:1"],"_wp_page_template":["default"],"site-sidebar-layout":["default"],"ast-site-content-layout":["default"],"site-content-style":["default"],"site-sidebar-style":["default"],"theme-transparent-header-meta":["default"],"astra-migrate-meta-layouts":["set"],"_uag_css_file_name":["uag-css-24919.css"],"_elementor_page_assets":["a:0:{}"],"_uag_page_assets":["a:9:{s:3:\"css\";s:7133:\".uag-blocks-common-selector{z-index:var(--z-index-desktop) !important}@media(max-width: 976px){.uag-blocks-common-selector{z-index:var(--z-index-tablet) !important}}@media(max-width: 767px){.uag-blocks-common-selector{z-index:var(--z-index-mobile) !important}}.wp-block-uagb-image{display:flex}.wp-block-uagb-image__figure{position:relative;display:flex;flex-direction:column;max-width:100%;height:auto;margin:0}.wp-block-uagb-image__figure img{height:auto;display:flex;max-width:100%;transition:box-shadow .2s ease}.wp-block-uagb-image__figure>a{display:inline-block}.wp-block-uagb-image__figure figcaption{text-align:center;margin-top:.5em;margin-bottom:1em}.wp-block-uagb-image .components-placeholder.block-editor-media-placeholder .components-placeholder__instructions{align-self:center}.wp-block-uagb-image--align-left{text-align:left}.wp-block-uagb-image--align-right{text-align:right}.wp-block-uagb-image--align-center{text-align:center}.wp-block-uagb-image--align-full .wp-block-uagb-image__figure{margin-left:calc(50% - 50vw);margin-right:calc(50% - 50vw);max-width:100vw;width:100vw;height:auto}.wp-block-uagb-image--align-full .wp-block-uagb-image__figure img{height:auto;width:100% !important}.wp-block-uagb-image--align-wide .wp-block-uagb-image__figure img{height:auto;width:100%}.wp-block-uagb-image--layout-overlay__color-wrapper{position:absolute;left:0;top:0;right:0;bottom:0;opacity:.2;background:rgba(0,0,0,.5);transition:opacity .35s ease-in-out}.wp-block-uagb-image--layout-overlay-link{position:absolute;left:0;right:0;bottom:0;top:0}.wp-block-uagb-image--layout-overlay .wp-block-uagb-image__figure:hover .wp-block-uagb-image--layout-overlay__color-wrapper{opacity:1}.wp-block-uagb-image--layout-overlay__inner{position:absolute;left:15px;right:15px;bottom:15px;top:15px;display:flex;align-items:center;justify-content:center;flex-direction:column;border-color:#fff;transition:.35s ease-in-out}.wp-block-uagb-image--layout-overlay__inner.top-left,.wp-block-uagb-image--layout-overlay__inner.top-center,.wp-block-uagb-image--layout-overlay__inner.top-right{justify-content:flex-start}.wp-block-uagb-image--layout-overlay__inner.bottom-left,.wp-block-uagb-image--layout-overlay__inner.bottom-center,.wp-block-uagb-image--layout-overlay__inner.bottom-right{justify-content:flex-end}.wp-block-uagb-image--layout-overlay__inner.top-left,.wp-block-uagb-image--layout-overlay__inner.center-left,.wp-block-uagb-image--layout-overlay__inner.bottom-left{align-items:flex-start}.wp-block-uagb-image--layout-overlay__inner.top-right,.wp-block-uagb-image--layout-overlay__inner.center-right,.wp-block-uagb-image--layout-overlay__inner.bottom-right{align-items:flex-end}.wp-block-uagb-image--layout-overlay__inner .uagb-image-heading{color:#fff;transition:transform .35s,opacity .35s ease-in-out;transform:translate3d(0, 24px, 0);margin:0;line-height:1em}.wp-block-uagb-image--layout-overlay__inner .uagb-image-separator{width:30%;border-top-width:2px;border-top-color:#fff;border-top-style:solid;margin-bottom:10px;opacity:0;transition:transform .4s,opacity .4s ease-in-out;transform:translate3d(0, 30px, 0)}.wp-block-uagb-image--layout-overlay__inner .uagb-image-caption{opacity:0;overflow:visible;color:#fff;transition:transform .45s,opacity .45s ease-in-out;transform:translate3d(0, 35px, 0)}.wp-block-uagb-image--layout-overlay__inner:hover .uagb-image-heading,.wp-block-uagb-image--layout-overlay__inner:hover .uagb-image-separator,.wp-block-uagb-image--layout-overlay__inner:hover .uagb-image-caption{opacity:1;transform:translate3d(0, 0, 0)}.wp-block-uagb-image--effect-zoomin .wp-block-uagb-image__figure img,.wp-block-uagb-image--effect-zoomin .wp-block-uagb-image__figure .wp-block-uagb-image--layout-overlay__color-wrapper{transform:scale(1);transition:transform .35s ease-in-out}.wp-block-uagb-image--effect-zoomin .wp-block-uagb-image__figure:hover img,.wp-block-uagb-image--effect-zoomin .wp-block-uagb-image__figure:hover .wp-block-uagb-image--layout-overlay__color-wrapper{transform:scale(1.05)}.wp-block-uagb-image--effect-slide .wp-block-uagb-image__figure img,.wp-block-uagb-image--effect-slide .wp-block-uagb-image__figure .wp-block-uagb-image--layout-overlay__color-wrapper{width:calc(100% + 40px) !important;max-width:none !important;transform:translate3d(-40px, 0, 0);transition:transform .35s ease-in-out}.wp-block-uagb-image--effect-slide .wp-block-uagb-image__figure:hover img,.wp-block-uagb-image--effect-slide .wp-block-uagb-image__figure:hover .wp-block-uagb-image--layout-overlay__color-wrapper{transform:translate3d(0, 0, 0)}.wp-block-uagb-image--effect-grayscale img{filter:grayscale(0%);transition:.35s ease-in-out}.wp-block-uagb-image--effect-grayscale:hover img{filter:grayscale(100%)}.wp-block-uagb-image--effect-blur img{filter:blur(0);transition:.35s ease-in-out}.wp-block-uagb-image--effect-blur:hover img{filter:blur(3px)}.uagb-block-e6f939b3.wp-block-uagb-image--layout-default figure img{box-shadow: 0px 0px 0 #00000070;}.uagb-block-e6f939b3.wp-block-uagb-image .wp-block-uagb-image__figure figcaption{font-style: normal;align-self: center;}.uagb-block-e6f939b3.wp-block-uagb-image--layout-overlay figure img{box-shadow: 0px 0px 0 #00000070;}.uagb-block-e6f939b3.wp-block-uagb-image--layout-overlay .wp-block-uagb-image--layout-overlay__color-wrapper{opacity: 0.2;}.uagb-block-e6f939b3.wp-block-uagb-image--layout-overlay .wp-block-uagb-image--layout-overlay__inner{left: 15px;right: 15px;top: 15px;bottom: 15px;}.uagb-block-e6f939b3.wp-block-uagb-image--layout-overlay .wp-block-uagb-image--layout-overlay__inner .uagb-image-heading{font-style: normal;color: #fff;opacity: 1;}.uagb-block-e6f939b3.wp-block-uagb-image--layout-overlay .wp-block-uagb-image--layout-overlay__inner .uagb-image-heading a{color: #fff;}.uagb-block-e6f939b3.wp-block-uagb-image--layout-overlay .wp-block-uagb-image--layout-overlay__inner .uagb-image-caption{opacity: 0;}.uagb-block-e6f939b3.wp-block-uagb-image--layout-overlay .wp-block-uagb-image__figure:hover .wp-block-uagb-image--layout-overlay__color-wrapper{opacity: 1;}.uagb-block-e6f939b3.wp-block-uagb-image .wp-block-uagb-image--layout-overlay__inner .uagb-image-separator{width: 30%;border-top-width: 2px;border-top-color: #fff;opacity: 0;}.uagb-block-e6f939b3.wp-block-uagb-image .wp-block-uagb-image__figure img{width: px;height: auto;}.uagb-block-e6f939b3.wp-block-uagb-image .wp-block-uagb-image__figure:hover .wp-block-uagb-image--layout-overlay__inner .uagb-image-caption{opacity: 1;}.uagb-block-e6f939b3.wp-block-uagb-image .wp-block-uagb-image__figure:hover .wp-block-uagb-image--layout-overlay__inner .uagb-image-separator{opacity: 1;}.uagb-block-e6f939b3.wp-block-uagb-image--layout-default figure:hover img{box-shadow: 0px 0px 0 #00000070;}.uagb-block-e6f939b3.wp-block-uagb-image--layout-overlay figure:hover img{box-shadow: 0px 0px 0 #00000070;}@media only screen and (max-width: 976px) {.uagb-block-e6f939b3.wp-block-uagb-image .wp-block-uagb-image__figure img{width: px;height: auto;}}@media only screen and (max-width: 767px) {.uagb-block-e6f939b3.wp-block-uagb-image .wp-block-uagb-image__figure img{width: px;height: auto;}}\";s:2:\"js\";s:0:\"\";s:18:\"current_block_list\";a:13:{i:0;s:11:\"core\/search\";i:1;s:10:\"core\/group\";i:2;s:12:\"core\/heading\";i:3;s:17:\"core\/latest-posts\";i:4;s:20:\"core\/latest-comments\";i:5;s:13:\"core\/archives\";i:6;s:15:\"core\/categories\";i:7;s:14:\"core\/paragraph\";i:8;s:10:\"uagb\/image\";i:9;s:11:\"core\/spacer\";i:10;s:30:\"woocommerce\/product-categories\";i:11;s:10:\"core\/image\";i:12;s:14:\"core\/shortcode\";}s:8:\"uag_flag\";b:1;s:11:\"uag_version\";s:10:\"1777184182\";s:6:\"gfonts\";a:0:{}s:10:\"gfonts_url\";s:0:\"\";s:12:\"gfonts_files\";a:0:{}s:14:\"uag_faq_layout\";b:0;}"]},"uagb_featured_image_src":{"full":["https:\/\/www.ferberpainting.com\/wp-content\/uploads\/2025\/05\/RadiatorPaintBrown1l.png",2560,2276,false],"thumbnail":["https:\/\/www.ferberpainting.com\/wp-content\/uploads\/2025\/05\/RadiatorPaintBrown1l-150x150.png",150,150,true],"medium":["https:\/\/www.ferberpainting.com\/wp-content\/uploads\/2025\/05\/RadiatorPaintBrown1l-300x267.png",300,267,true],"medium_large":["https:\/\/www.ferberpainting.com\/wp-content\/uploads\/2025\/05\/RadiatorPaintBrown1l-768x683.png",768,683,true],"large":["https:\/\/www.ferberpainting.com\/wp-content\/uploads\/2025\/05\/RadiatorPaintBrown1l-1024x910.png",1024,910,true],"1536x1536":["https:\/\/www.ferberpainting.com\/wp-content\/uploads\/2025\/05\/RadiatorPaintBrown1l-1536x1366.png",1536,1366,true],"2048x2048":["https:\/\/www.ferberpainting.com\/wp-content\/uploads\/2025\/05\/RadiatorPaintBrown1l-2048x1821.png",2048,1821,true],"trp-custom-language-flag":["https:\/\/www.ferberpainting.com\/wp-content\/uploads\/2025\/05\/RadiatorPaintBrown1l-13x12.png",13,12,true],"woocommerce_thumbnail":["https:\/\/www.ferberpainting.com\/wp-content\/uploads\/2025\/05\/RadiatorPaintBrown1l-300x300.png",300,300,true],"woocommerce_single":["https:\/\/www.ferberpainting.com\/wp-content\/uploads\/2025\/05\/RadiatorPaintBrown1l-600x533.png",600,533,true],"woocommerce_gallery_thumbnail":["https:\/\/www.ferberpainting.com\/wp-content\/uploads\/2025\/05\/RadiatorPaintBrown1l-100x100.png",100,100,true]},"uagb_author_info":{"display_name":"admin","author_link":"https:\/\/www.ferberpainting.com\/lt\/author\/"},"uagb_comment_info":9,"uagb_excerpt":"Restore and protect radiators with a heat-resistant professional finish. Our radiator paint is specially formulated to withstand high operating temperatures while delivering a smooth, durable, and attractive finish. It revitalizes old, yellowed, or chipped radiators, restoring their clean appearance and enhancing the overall look of your interior space. Designed for consistent performance under heat exposure,&hellip;","_links":{"self":[{"href":"https:\/\/www.ferberpainting.com\/lt\/wp-json\/wp\/v2\/product\/24919","targetHints":{"allow":["GET"]}}],"collection":[{"href":"https:\/\/www.ferberpainting.com\/lt\/wp-json\/wp\/v2\/product"}],"about":[{"href":"https:\/\/www.ferberpainting.com\/lt\/wp-json\/wp\/v2\/types\/product"}],"replies":[{"embeddable":true,"href":"https:\/\/www.ferberpainting.com\/lt\/wp-json\/wp\/v2\/comments?post=24919"}],"version-history":[{"count":4,"href":"https:\/\/www.ferberpainting.com\/lt\/wp-json\/wp\/v2\/product\/24919\/revisions"}],"predecessor-version":[{"id":167025,"href":"https:\/\/www.ferberpainting.com\/lt\/wp-json\/wp\/v2\/product\/24919\/revisions\/167025"}],"wp:featuredmedia":[{"embeddable":true,"href":"https:\/\/www.ferberpainting.com\/lt\/wp-json\/wp\/v2\/media\/26779"}],"wp:attachment":[{"href":"https:\/\/www.ferberpainting.com\/lt\/wp-json\/wp\/v2\/media?parent=24919"}],"wp:term":[{"taxonomy":"product_brand","embeddable":true,"href":"https:\/\/www.ferberpainting.com\/lt\/wp-json\/wp\/v2\/product_brand?post=24919"},{"taxonomy":"product_cat","embeddable":true,"href":"https:\/\/www.ferberpainting.com\/lt\/wp-json\/wp\/v2\/product_cat?post=24919"},{"taxonomy":"product_tag","embeddable":true,"href":"https:\/\/www.ferberpainting.com\/lt\/wp-json\/wp\/v2\/product_tag?post=24919"}],"curies":[{"name":"wp","href":"https:\/\/api.w.org\/{rel}","templated":true}]}}