{"id":24808,"date":"2025-05-26T10:27:27","date_gmt":"2025-05-26T08:27:27","guid":{"rendered":"https:\/\/www.ferberpainting.com\/products\/professional-fertilizers\/"},"modified":"2026-02-16T07:43:10","modified_gmt":"2026-02-16T06:43:10","slug":"professional-fertilizers","status":"publish","type":"product","link":"https:\/\/www.ferberpainting.com\/lt\/products\/professional-fertilizers\/","title":{"rendered":"Profesionalios vejos tr\u0105\u0161os 25 kg"},"content":{"rendered":"<p><strong><img decoding=\"async\" style=\"margin-right: 12px;\" src=\"https:\/\/www.ferberpainting.com\/wp-content\/uploads\/2026\/02\/Check.svg\" alt=\"\" width=\"18\" height=\"15\" \/>Subalansuota NPK 10-10-10 formul\u0117, u\u017etikrinanti visavert\u0119 vejos mityb\u0105.<\/strong> M\u016bs\u0173 vejos tr\u0105\u0161os, kuri\u0173 NPK santykis yra 10-10-10, puikiai subalansuoja mityb\u0105, kad \u017eol\u0117 augt\u0173 sveika. Vienodos azoto, fosforo ir kalio proporcijos u\u017etikrina visapusi\u0161k\u0105 maitinim\u0105, kuris stiprina \u0161aknis, skatina lap\u0173 vystym\u0105si ir gerina bendr\u0105 vejos atsparum\u0105.<\/p>\n<p><strong><img decoding=\"async\" style=\"margin-right: 12px;\" src=\"https:\/\/www.ferberpainting.com\/wp-content\/uploads\/2026\/02\/Check.svg\" alt=\"\" width=\"18\" height=\"15\" \/>Veiksmingiausios universalios vejos tr\u0105\u0161os rinkoje.<\/strong> \u0160ios tr\u0105\u0161os, sukurtos nuosekliems ir matomiems rezultatams pasiekti, skatina tanki\u0105, \u017eali\u0105 ir gyvybing\u0105 vej\u0105. Subalansuota formul\u0117 u\u017etikrina, kad j\u016bs\u0173 veja vis\u0105 sezon\u0105 gaut\u0173 vis\u0173 svarbiausi\u0173 makroelement\u0173, reikaling\u0173 stabiliam augimui ir ilgalaikei sveikatai.<\/p>\n<p><strong><img decoding=\"async\" style=\"margin-right: 12px;\" src=\"https:\/\/www.ferberpainting.com\/wp-content\/uploads\/2026\/02\/Check.svg\" alt=\"\" width=\"18\" height=\"15\" \/>Neprilygstama kaina.<\/strong> Si\u016blome profesionali\u0105 tr\u0105\u0161\u0173 kokyb\u0119 u\u017e konkurencingiausi\u0105 kain\u0105. 25 kg mai\u0161as u\u017etikrina puiki\u0105 tr\u0105\u0161\u0173 apr\u0117pt\u012f ir vert\u0119, tod\u0117l puikiai tinka tiek privatiems sodams, tiek didesn\u0117ms \u017ealiosioms erdv\u0117ms, nevir\u0161ijant j\u016bs\u0173 biud\u017eeto.<\/p>\n<p><strong><img decoding=\"async\" style=\"margin-right: 12px;\" src=\"https:\/\/www.ferberpainting.com\/wp-content\/uploads\/2026\/02\/Check.svg\" alt=\"\" width=\"18\" height=\"15\" \/>Pinig\u0173 gr\u0105\u017einimo garantija - visi\u0161kas pasitik\u0117jimas.<\/strong> Mes garantuojame savo vejos tr\u0105\u0161\u0173 veiksmingum\u0105. Jei nesate visi\u0161kai patenkinti rezultatais, si\u016blome pinig\u0173 gr\u0105\u017einimo garantij\u0105. Tiesiog susisiekite su mumis ir mes gr\u0105\u017einsime pinigus u\u017e pirkin\u012f.<\/p>\n<p><strong><img decoding=\"async\" style=\"margin-right: 12px;\" src=\"https:\/\/www.ferberpainting.com\/wp-content\/uploads\/2026\/02\/Check.svg\" alt=\"\" width=\"18\" height=\"15\" \/>Greitas pristatymas 24 valandas per par\u0105 ir skubi vejos prie\u017ei\u016bra.<\/strong> Visada teikiame pristatymo paslaugas 24 valandas per par\u0105, kad gal\u0117tum\u0117te nedelsdami prad\u0117ti puosel\u0117ti vej\u0105. Patikimas pristatymas padeda i\u0161laikyti optimal\u0173 tr\u0119\u0161imo laik\u0105.<\/p>\n<p><strong><img decoding=\"async\" style=\"margin-right: 12px;\" src=\"https:\/\/www.ferberpainting.com\/wp-content\/uploads\/2026\/02\/Check.svg\" alt=\"\" width=\"18\" height=\"15\" \/>25 kg profesionalaus dyd\u017eio, kad b\u016bt\u0173 galima i\u0161pl\u0117sti apr\u0117pt\u012f.<\/strong> 25 kg mai\u0161as tinka vidutinio dyd\u017eio ir didel\u0117ms vejoms ir puikiai dengia, priklausomai nuo naudojimo normos. Jis u\u017etikrina tolyg\u0173 tr\u0119\u0161im\u0105 dideliuose plotuose su ma\u017eesniu pirkim\u0173 skai\u010diumi.<\/p>\n<p><strong><img decoding=\"async\" style=\"margin-right: 12px;\" src=\"https:\/\/www.ferberpainting.com\/wp-content\/uploads\/2026\/02\/Check.svg\" alt=\"\" width=\"18\" height=\"15\" \/>Skatina stipri\u0173 \u0161akn\u0173 vystym\u0105si.<\/strong> Fosforo komponentas (10%) palaiko gilias ir sveikas \u0161akn\u0173 sistemas, gerina maisto med\u017eiag\u0173 \u012fsisavinim\u0105 ir atsparum\u0105 sausrai.<\/p>\n<p><strong><img decoding=\"async\" style=\"margin-right: 12px;\" src=\"https:\/\/www.ferberpainting.com\/wp-content\/uploads\/2026\/02\/Check.svg\" alt=\"\" width=\"18\" height=\"15\" \/>Skatina ve\u0161l\u0173 \u017eali\u0105 augim\u0105.<\/strong> Azoto kiekis (10%) skatina chlorofilo gamyb\u0105 ir lap\u0173 augim\u0105, tod\u0117l \u017eol\u0117 tampa ry\u0161kiai \u017ealia ir tankiai padengia vel\u0117n\u0105.<\/p>\n<p><strong><img decoding=\"async\" style=\"margin-right: 12px;\" src=\"https:\/\/www.ferberpainting.com\/wp-content\/uploads\/2026\/02\/Check.svg\" alt=\"\" width=\"18\" height=\"15\" \/>Didina atsparum\u0105 stresui ir ligoms.<\/strong> Kalio kiekis (10%) stiprina l\u0105steli\u0173 strukt\u016br\u0105 ir didina vejos atsparum\u0105 kar\u0161\u010diui, \u0161al\u010diui, p\u0117s\u010di\u0173j\u0173 eismui ir \u012fprastoms vejos ligoms.<\/p>\n<p><strong><img decoding=\"async\" style=\"margin-right: 12px;\" src=\"https:\/\/www.ferberpainting.com\/wp-content\/uploads\/2026\/02\/Check.svg\" alt=\"\" width=\"18\" height=\"15\" \/>Tinka vis\u0173 tip\u0173 vejoms.<\/strong> \u0160ias subalansuotas NPK tr\u0105\u0161as galima naudoti daugumai \u017eol\u0117s veisli\u0173, \u012fskaitant dekoratyvines vejas, \u017eaidim\u0173 aik\u0161teles ir bendrosios paskirties vej\u0105.<\/p>\n<h2><strong>Instrukcijos<\/strong><\/h2>\n<ul>\n<li>Vej\u0105 nupjaukite likus 1-2 dienoms iki tr\u0119\u0161imo, kad tr\u0105\u0161os geriau susiliest\u0173 su dirva ir tolygiai pasiskirstyt\u0173.<\/li>\n<li>Prie\u0161 barstydami pa\u0161alinkite nupjaut\u0105 \u017eol\u0119, lapus ir \u0161iuk\u0161les nuo pavir\u0161iaus.<\/li>\n<li>Tr\u0105\u0161as tr\u0119\u0161kite aktyviuoju augimo laikotarpiu, paprastai pavasar\u012f ir ankstyv\u0105 ruden\u012f, kai \u017eol\u0117 gali efektyviai \u012fsisavinti maisting\u0105sias med\u017eiagas.<\/li>\n<li>Rekomenduojama doz\u0117: \u012fprastiniam prie\u017ei\u016briniam \u0161\u0117rimui naudokite ma\u017edaug 30-40 gram\u0173 vienam kvadratiniam metrui. Jei vejai reikia stipresnio atsinaujinimo, galima naudoti iki 50 gram\u0173 vienam kvadratiniam metrui.<\/li>\n<li>25 kg mai\u0161as gali padengti ma\u017edaug:\n<ul>\n<li>830 m\u00b2, kai vienam m\u00b2 tenka 30 g.<\/li>\n<li>625 m\u00b2 po 40 g u\u017e m\u00b2.<\/li>\n<li>500 m\u00b2, 50 g\/m\u00b2.<\/li>\n<\/ul>\n<\/li>\n<li>Nor\u0117dami tolygiai paskleisti dideliuose plotuose, naudokite barstytuv\u0105. Ma\u017eesn\u0117se vejose barstykite rankomis, m\u016bv\u0117dami pir\u0161tines, u\u017etikrindami tolyg\u0173 padengim\u0105.<\/li>\n<li>Tr\u0119\u0161kite tolygiai dviem statmenais va\u017eiavimais, kad b\u016bt\u0173 i\u0161vengta netolygaus maitinimo ar juost\u0173 susidarymo.<\/li>\n<li>Venkite purk\u0161ti per didelius kar\u0161\u010dius arba prie\u0161 gaus\u0173 liet\u0173, kad maistin\u0117s med\u017eiagos nenutek\u0117t\u0173.<\/li>\n<li>Po pur\u0161kimo kruop\u0161\u010diai palaistykite vej\u0105, kad suaktyvintum\u0117te maisting\u0173j\u0173 med\u017eiag\u0173 i\u0161siskyrim\u0105 ir pad\u0117tum\u0117te granul\u0117ms i\u0161tirpti dirvo\u017eemyje.<\/li>\n<li>Neleiskite naminiams gyv\u016bnams ar vaikams lankytis apdorotame plote, kol tr\u0105\u0161os bus palaistytos ir veja i\u0161d\u017eius.<\/li>\n<li>Kad pasiektum\u0117te geriausi\u0173 rezultat\u0173, vegetacijos sezono metu, priklausomai nuo vejos b\u016bkl\u0117s ir dirvo\u017eemio derlingumo, pur\u0161kim\u0105 kartokite kas 8-10 savai\u010di\u0173.<\/li>\n<li>Venkite per didelio tr\u0105\u0161\u0173 kiekio, nes d\u0117l per didelio tr\u0105\u0161\u0173 kiekio veja gali nudegti arba pernelyg i\u0161augti, tod\u0117l j\u0105 reik\u0117s da\u017eniau pjauti.<\/li>\n<li>Mai\u0161el\u012f laikykite v\u0117sioje ir sausoje vietoje, apsaugotoje nuo dr\u0117gm\u0117s. Laikykite pakuot\u0119 sandariai u\u017edaryt\u0105, kad i\u0161saugotum\u0117te produkto kokyb\u0119.<\/li>\n<li>Po darbo nusiplaukite rankas ir kruop\u0161\u010diai i\u0161valykite barstymo \u012frang\u0105.<\/li>\n<\/ul>\n<p>Laikantis rekomenduojamos tr\u0119\u0161imo normos ir sezoninio naudojimo laiko, m\u016bs\u0173 25 kg NPK 10-10-10 vejos tr\u0105\u0161os pad\u0117s jums u\u017eauginti tanki\u0105, \u017eali\u0105 ir atspari\u0105 vej\u0105 su subalansuota mityba ir ilgalaikiu gyvybingumu.<\/p>","protected":false},"excerpt":{"rendered":"<p>Balanced NPK 10-10-10 formula for complete lawn nutrition. Our lawn fertilizer with an NPK ratio of 10-10-10 provides perfectly balanced nutrition to support healthy grass growth. With equal proportions of nitrogen, phosphorus, and potassium, it delivers comprehensive feeding that strengthens roots, enhances leaf development, and improves overall lawn resilience. The most effective all-purpose lawn fertilizer [&hellip;]<\/p>\n","protected":false},"featured_media":26655,"comment_status":"open","ping_status":"closed","template":"","meta":{"_uag_custom_page_level_css":"","site-sidebar-layout":"default","site-content-layout":"","ast-site-content-layout":"default","site-content-style":"default","site-sidebar-style":"default","ast-global-header-display":"","ast-banner-title-visibility":"","ast-main-header-display":"","ast-hfb-above-header-display":"","ast-hfb-below-header-display":"","ast-hfb-mobile-header-display":"","site-post-title":"","ast-breadcrumbs-content":"","ast-featured-img":"","footer-sml-layout":"","ast-disable-related-posts":"","theme-transparent-header-meta":"default","adv-header-id-meta":"","stick-header-meta":"","header-above-stick-meta":"","header-main-stick-meta":"","header-below-stick-meta":"","astra-migrate-meta-layouts":"set","ast-page-background-enabled":"default","ast-page-background-meta":{"desktop":{"background-color":"var(--ast-global-color-4)","background-image":"","background-repeat":"repeat","background-position":"center center","background-size":"auto","background-attachment":"scroll","background-type":"","background-media":"","overlay-type":"","overlay-color":"","overlay-opacity":"","overlay-gradient":""},"tablet":{"background-color":"","background-image":"","background-repeat":"repeat","background-position":"center center","background-size":"auto","background-attachment":"scroll","background-type":"","background-media":"","overlay-type":"","overlay-color":"","overlay-opacity":"","overlay-gradient":""},"mobile":{"background-color":"","background-image":"","background-repeat":"repeat","background-position":"center center","background-size":"auto","background-attachment":"scroll","background-type":"","background-media":"","overlay-type":"","overlay-color":"","overlay-opacity":"","overlay-gradient":""}},"ast-content-background-meta":{"desktop":{"background-color":"var(--ast-global-color-5)","background-image":"","background-repeat":"repeat","background-position":"center center","background-size":"auto","background-attachment":"scroll","background-type":"","background-media":"","overlay-type":"","overlay-color":"","overlay-opacity":"","overlay-gradient":""},"tablet":{"background-color":"var(--ast-global-color-5)","background-image":"","background-repeat":"repeat","background-position":"center center","background-size":"auto","background-attachment":"scroll","background-type":"","background-media":"","overlay-type":"","overlay-color":"","overlay-opacity":"","overlay-gradient":""},"mobile":{"background-color":"var(--ast-global-color-5)","background-image":"","background-repeat":"repeat","background-position":"center center","background-size":"auto","background-attachment":"scroll","background-type":"","background-media":"","overlay-type":"","overlay-color":"","overlay-opacity":"","overlay-gradient":""}}},"product_brand":[],"product_cat":[178],"product_tag":[],"class_list":{"0":"post-24808","1":"product","2":"type-product","3":"status-publish","4":"has-post-thumbnail","6":"product_cat-fertilizers","7":"desktop-align-left","8":"tablet-align-left","9":"mobile-align-left","11":"first","12":"instock","13":"taxable","14":"shipping-taxable","15":"purchasable","16":"product-type-simple"},"spectra_custom_meta":{"_visibility":["visible"],"_shopify_product_id":["7972828086517"],"_s2w_shopify_domain":["ferberpainting.myshopify.com"],"_shopify_variant_id":["43552314360053"],"_sku":["FPPROFESSIONALLAWNFERTILIZER"],"_regular_price":["39.90"],"_price":["39.90"],"_sale_price":[""],"_weight":["18.5"],"_thumbnail_id":["26655"],"_global_unique_id":["5056773807334"],"total_sales":["66"],"_tax_status":["taxable"],"_tax_class":[""],"_manage_stock":["no"],"_backorders":["no"],"_sold_individually":["no"],"_virtual":["no"],"_downloadable":["no"],"_download_limit":["-1"],"_download_expiry":["-1"],"_stock":[null],"_stock_status":["instock"],"_wc_average_rating":["4.92"],"_wc_review_count":["64"],"_product_version":["10.5.1"],"merchant-center-availability":["yes"],"merchant-center-category":["113"],"merchant-center-id":["PLF"],"wpse_downloadable_file_names":[""],"wpse_downloadable_file_urls":[""],"_edit_last":["1"],"_wc_rating_count":["a:3:{i:3;i:1;i:4;i:3;i:5;i:60;}"],"_edit_lock":["1771224212:1"],"_wp_page_template":["default"],"site-sidebar-layout":["default"],"ast-site-content-layout":["default"],"site-content-style":["default"],"site-sidebar-style":["default"],"theme-transparent-header-meta":["default"],"astra-migrate-meta-layouts":["set"],"_uag_css_file_name":["uag-css-24808.css"],"_elementor_page_assets":["a:0:{}"]},"uagb_featured_image_src":{"full":["https:\/\/www.ferberpainting.com\/wp-content\/uploads\/2025\/05\/Mockup_Gazon_25Kg_from_51912-tif_COMPRESS.png",2000,2000,false],"thumbnail":["https:\/\/www.ferberpainting.com\/wp-content\/uploads\/2025\/05\/Mockup_Gazon_25Kg_from_51912-tif_COMPRESS-150x150.png",150,150,true],"medium":["https:\/\/www.ferberpainting.com\/wp-content\/uploads\/2025\/05\/Mockup_Gazon_25Kg_from_51912-tif_COMPRESS-300x300.png",300,300,true],"medium_large":["https:\/\/www.ferberpainting.com\/wp-content\/uploads\/2025\/05\/Mockup_Gazon_25Kg_from_51912-tif_COMPRESS-768x768.png",768,768,true],"large":["https:\/\/www.ferberpainting.com\/wp-content\/uploads\/2025\/05\/Mockup_Gazon_25Kg_from_51912-tif_COMPRESS-1024x1024.png",1024,1024,true],"1536x1536":["https:\/\/www.ferberpainting.com\/wp-content\/uploads\/2025\/05\/Mockup_Gazon_25Kg_from_51912-tif_COMPRESS-1536x1536.png",1536,1536,true],"2048x2048":["https:\/\/www.ferberpainting.com\/wp-content\/uploads\/2025\/05\/Mockup_Gazon_25Kg_from_51912-tif_COMPRESS.png",2000,2000,false],"trp-custom-language-flag":["https:\/\/www.ferberpainting.com\/wp-content\/uploads\/2025\/05\/Mockup_Gazon_25Kg_from_51912-tif_COMPRESS-12x12.png",12,12,true],"woocommerce_thumbnail":["https:\/\/www.ferberpainting.com\/wp-content\/uploads\/2025\/05\/Mockup_Gazon_25Kg_from_51912-tif_COMPRESS-300x300.png",300,300,true],"woocommerce_single":["https:\/\/www.ferberpainting.com\/wp-content\/uploads\/2025\/05\/Mockup_Gazon_25Kg_from_51912-tif_COMPRESS-600x600.png",600,600,true],"woocommerce_gallery_thumbnail":["https:\/\/www.ferberpainting.com\/wp-content\/uploads\/2025\/05\/Mockup_Gazon_25Kg_from_51912-tif_COMPRESS-100x100.png",100,100,true]},"uagb_author_info":{"display_name":"admin","author_link":"https:\/\/www.ferberpainting.com\/lt\/author\/"},"uagb_comment_info":64,"uagb_excerpt":"Balanced NPK 10-10-10 formula for complete lawn nutrition. Our lawn fertilizer with an NPK ratio of 10-10-10 provides perfectly balanced nutrition to support healthy grass growth. With equal proportions of nitrogen, phosphorus, and potassium, it delivers comprehensive feeding that strengthens roots, enhances leaf development, and improves overall lawn resilience. The most effective all-purpose lawn fertilizer&hellip;","_links":{"self":[{"href":"https:\/\/www.ferberpainting.com\/lt\/wp-json\/wp\/v2\/product\/24808","targetHints":{"allow":["GET"]}}],"collection":[{"href":"https:\/\/www.ferberpainting.com\/lt\/wp-json\/wp\/v2\/product"}],"about":[{"href":"https:\/\/www.ferberpainting.com\/lt\/wp-json\/wp\/v2\/types\/product"}],"replies":[{"embeddable":true,"href":"https:\/\/www.ferberpainting.com\/lt\/wp-json\/wp\/v2\/comments?post=24808"}],"version-history":[{"count":2,"href":"https:\/\/www.ferberpainting.com\/lt\/wp-json\/wp\/v2\/product\/24808\/revisions"}],"predecessor-version":[{"id":167008,"href":"https:\/\/www.ferberpainting.com\/lt\/wp-json\/wp\/v2\/product\/24808\/revisions\/167008"}],"wp:featuredmedia":[{"embeddable":true,"href":"https:\/\/www.ferberpainting.com\/lt\/wp-json\/wp\/v2\/media\/26655"}],"wp:attachment":[{"href":"https:\/\/www.ferberpainting.com\/lt\/wp-json\/wp\/v2\/media?parent=24808"}],"wp:term":[{"taxonomy":"product_brand","embeddable":true,"href":"https:\/\/www.ferberpainting.com\/lt\/wp-json\/wp\/v2\/product_brand?post=24808"},{"taxonomy":"product_cat","embeddable":true,"href":"https:\/\/www.ferberpainting.com\/lt\/wp-json\/wp\/v2\/product_cat?post=24808"},{"taxonomy":"product_tag","embeddable":true,"href":"https:\/\/www.ferberpainting.com\/lt\/wp-json\/wp\/v2\/product_tag?post=24808"}],"curies":[{"name":"wp","href":"https:\/\/api.w.org\/{rel}","templated":true}]}}