{"id":24796,"date":"2025-05-26T10:27:17","date_gmt":"2025-05-26T08:27:17","guid":{"rendered":"https:\/\/www.ferberpainting.com\/products\/potato-fertilizer\/"},"modified":"2026-02-16T07:33:17","modified_gmt":"2026-02-16T06:33:17","slug":"potato-fertilizer","status":"publish","type":"product","link":"https:\/\/www.ferberpainting.com\/lt\/products\/potato-fertilizer\/","title":{"rendered":"Bulvi\u0173 tr\u0105\u0161os 25 kg"},"content":{"rendered":"<p><strong><img decoding=\"async\" style=\"margin-right: 12px;\" src=\"https:\/\/www.ferberpainting.com\/wp-content\/uploads\/2026\/02\/Check.svg\" alt=\"\" width=\"18\" height=\"15\" \/>Tr\u0105\u0161os, skirtos bulvi\u0173 augimui ir gamybai optimizuoti.<\/strong>\u00a0\u0160ios tr\u0105\u0161os specialiai sukurtos taip, kad bulvi\u0173 augalams suteikt\u0173 b\u016btin\u0173 maistini\u0173 med\u017eiag\u0173 j\u0173 vystymuisi. Puikiai subalansuotas azoto (N), fosforo (P) ir kalio (K) santykis NPK 10-10-10 u\u017etikrina intensyv\u0173 lap\u0173 augim\u0105, optimal\u0173 \u012fsi\u0161aknijim\u0105 ir gaus\u0173 gerai suformuot\u0173 gumb\u0173 derli\u0173. D\u0117l visapusi\u0161ko veikimo jis skatina nauj\u0173 \u0161akn\u0173 formavim\u0105si, stiprina augal\u0173 atsparum\u0105 ligoms ir gerina nuimto bulvi\u0173 derliaus dyd\u012f.<\/p>\n<p><strong><img decoding=\"async\" style=\"margin-right: 12px;\" src=\"https:\/\/www.ferberpainting.com\/wp-content\/uploads\/2026\/02\/Check.svg\" alt=\"\" width=\"18\" height=\"15\" \/>Pinig\u0173 gr\u0105\u017einimo garantija.<\/strong>\u00a0Mes visi\u0161kai pasitikime savo tr\u0105\u0161\u0173 veiksmingumu, tod\u0117l suteikiame pinig\u0173 gr\u0105\u017einimo garantij\u0105. Jei po tr\u0105\u0161\u0173 naudojimo optimaliomis s\u0105lygomis nepasteb\u0117site reik\u0161mingo bulvi\u0173 augimo ir derliaus pager\u0117jimo, be joki\u0173 diskusij\u0173 gr\u0105\u017einsime pinigus.<\/p>\n<p><strong><img decoding=\"async\" style=\"margin-right: 12px;\" src=\"https:\/\/www.ferberpainting.com\/wp-content\/uploads\/2026\/02\/Check.svg\" alt=\"\" width=\"18\" height=\"15\" \/>Tr\u0105\u0161os, tinkamos vis\u0173 tip\u0173 dirvo\u017eemiui ir vis\u0173 veisli\u0173 bulv\u0117ms.<\/strong>\u00a0Nesvarbu, ar auginate bulves lauke, dar\u017eo lysv\u0117je, \u0161iltnamyje, ar auginate ne dirvoje, \u0161ios tr\u0105\u0161os tinka visoms auginimo s\u0105lygoms. Jos veiksmingos vis\u0173 tip\u0173 dirvo\u017eemiuose - molinguose, sm\u0117linguose, priemolio ar kalkinguose. Be to, tinka vis\u0173 veisli\u0173 bulv\u0117ms, tiek ankstyvosioms, tiek skirtoms laikyti, tiek specifin\u0117ms kulinarin\u0117ms reikm\u0117ms (tro\u0161kinti, kepti, trinti).<\/p>\n<p><strong><img decoding=\"async\" style=\"margin-right: 12px;\" src=\"https:\/\/www.ferberpainting.com\/wp-content\/uploads\/2026\/02\/Check.svg\" alt=\"\" width=\"18\" height=\"15\" \/>Ekonomi\u0161kas ir veiksmingas tr\u0119\u0161imas.<\/strong>\u00a0\u0160ios tr\u0105\u0161os u\u017etikrina puik\u0173 derli\u0173, nes l\u0117tai patenka \u012f dirv\u0105, tod\u0117l tr\u0119\u0161iama ilgai ir nereikia da\u017enai tr\u0119\u0161ti. Su 25 kg mai\u0161u galima tr\u0119\u0161ti didelius \u017eem\u0117s \u016bkio ar sodo plotus. Jos nereikia skiedimo, tod\u0117l sutaupote laiko ir vandens, kartu u\u017etikrinant laipsni\u0161k\u0105 ir nuolatin\u012f augal\u0173 \u012fsisavinim\u0105.<\/p>\n<p><strong><img decoding=\"async\" style=\"margin-right: 12px;\" src=\"https:\/\/www.ferberpainting.com\/wp-content\/uploads\/2026\/02\/Check.svg\" alt=\"\" width=\"18\" height=\"15\" \/>Aplinkai nekenksminga ir saugi tr\u0105\u0161a augalams.<\/strong>\u00a0\u0160ios tr\u0105\u0161os, kuri\u0173 sud\u0117tyje n\u0117ra agresyvi\u0173 chemini\u0173 produkt\u0173, nekelia pavojaus bulvi\u0173 augal\u0173 \u0161aknims. Ji skatina sveik\u0105, gerai subalansuot\u0105 dirvo\u017eem\u012f, atkuria mikroorganizm\u0173 gyvenim\u0105, b\u016btin\u0105 optimaliam derlingumui. Ji neter\u0161ia po\u017eemini\u0173 vanden\u0173, dirvo\u017eemio, u\u017etikrina atsaking\u0105 ir aplink\u0105 tausojant\u012f \u016bkininkavim\u0105.<\/p>\n<p><strong><img decoding=\"async\" style=\"margin-right: 12px;\" src=\"https:\/\/www.ferberpainting.com\/wp-content\/uploads\/2026\/02\/Check.svg\" alt=\"\" width=\"18\" height=\"15\" \/>Paprastas ir greitas naudojimas, u\u017etikrinantis garantuotus rezultatus.<\/strong>\u00a0Kitaip nei skystos tr\u0105\u0161os, kurias reikia tiksliai dozuoti ir mai\u0161yti su vandeniu, \u0161ios tr\u0105\u0161os \u012fterpiamos tiesiai \u012f dirv\u0105. Nereikia jokios specialios \u012frangos, tiesiog pabarstykite tr\u0105\u0161as aplink augalus ir lengvai \u012fterpkite \u012f dirv\u0105. Jos naudojimas prieinamas visiems, nesvarbu, ar esate sodininkas m\u0117g\u0117jas, ar profesionalas.<\/p>\n<p><strong><img decoding=\"async\" style=\"margin-right: 12px;\" src=\"https:\/\/www.ferberpainting.com\/wp-content\/uploads\/2026\/02\/Check.svg\" alt=\"\" width=\"18\" height=\"15\" \/>Tvarus veiksmas siekiant gausaus derliaus ir kokybi\u0161k\u0173 gumb\u0173.<\/strong>\u00a0D\u0117l l\u0117to ir homogeni\u0161ko i\u0161siskyrimo \u0161ios tr\u0105\u0161os u\u017etikrina laipsni\u0161k\u0105 maisting\u0173j\u0173 med\u017eiag\u0173 tiekim\u0105, tod\u0117l bulvi\u0173 augalus galima maitinti vis\u0105 j\u0173 augimo cikl\u0105. \u0160i tr\u0105\u0161a skatina formuotis gerai sukalibruotus gumbus, kuriuose gausu krakmolo ir kurie yra tvirto mink\u0161timo, o tai pagerina nuimto derliaus bulvi\u0173 derliaus laikymo ir skonio kokyb\u0119.<\/p>\n<p><strong><img decoding=\"async\" style=\"margin-right: 12px;\" src=\"https:\/\/www.ferberpainting.com\/wp-content\/uploads\/2026\/02\/Check.svg\" alt=\"\" width=\"18\" height=\"15\" \/>Greiti ir veiksmingi rezultatai matomi per kelias savaites.<\/strong>\u00a0Jau pirmosiomis savait\u0117mis po panaudojimo pasteb\u0117site stipresn\u012f lap\u0173 augim\u0105, gerai suformuotus gumbus ir stiprius, tvirtus stiebus. Bulvienojai augs greitai ir tolygiai, tod\u0117l derlius gerokai padid\u0117s, produkcija bus kokybi\u0161kesn\u0117, o derliumi gal\u0117site d\u017eiaugtis labiau.<\/p>\n<h2><strong>Naudojimo protokolas<\/strong><\/h2>\n<p><strong>Rekomenduojama doz\u0117 :<\/strong><\/p>\n<ul>\n<li><strong>Prie\u0161 sodinim\u0105 <\/strong>: paskleiskite 200 g tr\u0105\u0161\u0173 vienam kvadratiniam metrui ir gr\u0117bliu arba gr\u0117bliu su nagais \u012fterpkite jas \u012f dirv\u0105.<\/li>\n<li><strong>Purenimo metu (po augal\u0173 pasirodymo) <\/strong>: \u012fberkite 100 g tr\u0105\u0161\u0173 vienam kvadratiniam metrui ir lengvai palaistykite, kad suaktyv\u0117t\u0173 maisto med\u017eiag\u0173 \u012fsisavinimas.<\/li>\n<li><strong>pas\u0117li\u0173 augimo metu (neprivaloma, siekiant didesnio derliaus) <\/strong>: pakartokite tr\u0119\u0161im\u0105 po augal\u0173 \u017eyd\u0117jimo, \u012f vien\u0105 kvadratin\u012f metr\u0105 \u012fterpdami 100 g tr\u0105\u0161\u0173.<\/li>\n<\/ul>\n<p><strong>Taikymo da\u017enis :<\/strong><\/p>\n<ul>\n<li>Vien\u0105 kart\u0105 pur\u0161kiant dirvos paruo\u0161imo metu u\u017etikrinama gera pradin\u0117 mityba.<\/li>\n<li>Papildoma \u012fkrova ridenimo metu optimizuoja augim\u0105 ir gumb\u0173 formavim\u0105si.<\/li>\n<li>Paskutinis pur\u0161kimas pas\u0117li\u0173 augimo metu padeda pagerinti bulvi\u0173 dyd\u012f ir derli\u0173.<\/li>\n<\/ul>\n<p><strong>Taikymo b\u016bdas:<\/strong><\/p>\n<ul>\n<li>Tr\u0105\u0161as barstykite tiesiai ant dirvos, aplink augalus arba \u012f sodinuk\u0173 vagutes.<\/li>\n<li>Lengvai \u012fterpkite j\u012f \u012f dirv\u0105 gr\u0117bliu arba nagu, kad geriau \u012fsigert\u0173.<\/li>\n<li>Po pur\u0161kimo palaistykite, ypa\u010d jei dirva sausa, kad maistingosios med\u017eiagos lengviau pasi\u0161alint\u0173.<\/li>\n<\/ul>\n<p><strong>Naudojimo atsargumo priemon\u0117s :<\/strong><\/p>\n<ul>\n<li>Neperdozuokite, kad i\u0161vengtum\u0117te azoto pertekliaus, kuris lemt\u0173 pernelyg ve\u0161li\u0105 lapij\u0105 gumb\u0173 s\u0105skaita.<\/li>\n<li>Netr\u0119\u0161kite ant u\u017e\u0161alusios ar apsemtos dirvos, nes tai suma\u017eins tr\u0105\u0161\u0173 veiksmingum\u0105.<\/li>\n<li>Laikykite mai\u0161el\u012f sausoje, apsaugotoje nuo dr\u0117gm\u0117s vietoje, kad jis i\u0161likt\u0173 veiksmingas.<\/li>\n<\/ul>\n<p>Naudodami \u0161ias bulvi\u0173 tr\u0105\u0161as u\u017etikrinsite sveik\u0105 augim\u0105, gaus\u0173 derli\u0173 ir auk\u0161tos kokyb\u0117s gumbus. D\u0117l laipsni\u0161ko maisting\u0173j\u0173 med\u017eiag\u0173 i\u0161siskyrimo ir lengvo tr\u0119\u0161imo \u0161i tr\u0105\u0161a yra idealus sprendimas, padedantis maksimaliai padidinti produkcij\u0105 ir kartu i\u0161saugoti nat\u016bral\u0173 dirvo\u017eemio derlingum\u0105.<\/p>","protected":false},"excerpt":{"rendered":"<p>A fertilizer designed to optimize the growth and production of potatoes.\u00a0This fertilizer is specifically formulated to provide potato plants with the essential nutrients for their development. With a perfect balance of nitrogen (N), phosphorus (P), and potassium (K), with an NPK ratio of 10-10-10, it ensures vigorous leaf growth, optimal rooting, and abundant production of [&hellip;]<\/p>\n","protected":false},"featured_media":26641,"comment_status":"open","ping_status":"closed","template":"","meta":{"_uag_custom_page_level_css":"","site-sidebar-layout":"default","site-content-layout":"","ast-site-content-layout":"default","site-content-style":"default","site-sidebar-style":"default","ast-global-header-display":"","ast-banner-title-visibility":"","ast-main-header-display":"","ast-hfb-above-header-display":"","ast-hfb-below-header-display":"","ast-hfb-mobile-header-display":"","site-post-title":"","ast-breadcrumbs-content":"","ast-featured-img":"","footer-sml-layout":"","ast-disable-related-posts":"","theme-transparent-header-meta":"default","adv-header-id-meta":"","stick-header-meta":"","header-above-stick-meta":"","header-main-stick-meta":"","header-below-stick-meta":"","astra-migrate-meta-layouts":"set","ast-page-background-enabled":"default","ast-page-background-meta":{"desktop":{"background-color":"var(--ast-global-color-4)","background-image":"","background-repeat":"repeat","background-position":"center center","background-size":"auto","background-attachment":"scroll","background-type":"","background-media":"","overlay-type":"","overlay-color":"","overlay-opacity":"","overlay-gradient":""},"tablet":{"background-color":"","background-image":"","background-repeat":"repeat","background-position":"center center","background-size":"auto","background-attachment":"scroll","background-type":"","background-media":"","overlay-type":"","overlay-color":"","overlay-opacity":"","overlay-gradient":""},"mobile":{"background-color":"","background-image":"","background-repeat":"repeat","background-position":"center center","background-size":"auto","background-attachment":"scroll","background-type":"","background-media":"","overlay-type":"","overlay-color":"","overlay-opacity":"","overlay-gradient":""}},"ast-content-background-meta":{"desktop":{"background-color":"var(--ast-global-color-5)","background-image":"","background-repeat":"repeat","background-position":"center center","background-size":"auto","background-attachment":"scroll","background-type":"","background-media":"","overlay-type":"","overlay-color":"","overlay-opacity":"","overlay-gradient":""},"tablet":{"background-color":"var(--ast-global-color-5)","background-image":"","background-repeat":"repeat","background-position":"center center","background-size":"auto","background-attachment":"scroll","background-type":"","background-media":"","overlay-type":"","overlay-color":"","overlay-opacity":"","overlay-gradient":""},"mobile":{"background-color":"var(--ast-global-color-5)","background-image":"","background-repeat":"repeat","background-position":"center center","background-size":"auto","background-attachment":"scroll","background-type":"","background-media":"","overlay-type":"","overlay-color":"","overlay-opacity":"","overlay-gradient":""}}},"product_brand":[],"product_cat":[178],"product_tag":[],"class_list":{"0":"post-24796","1":"product","2":"type-product","3":"status-publish","4":"has-post-thumbnail","6":"product_cat-fertilizers","7":"desktop-align-left","8":"tablet-align-left","9":"mobile-align-left","11":"first","12":"instock","13":"taxable","14":"shipping-taxable","15":"purchasable","16":"product-type-simple"},"spectra_custom_meta":{"_visibility":["visible"],"_shopify_product_id":["9072137601269"],"_s2w_shopify_domain":["ferberpainting.myshopify.com"],"_shopify_variant_id":["46519520461045"],"_sku":["FPPOTATOFERTILIZER25"],"_regular_price":["39.00"],"_price":["39.00"],"_sale_price":[""],"_weight":["18.7"],"_thumbnail_id":["26641"],"_global_unique_id":["5056773817814"],"total_sales":["14"],"_tax_status":["taxable"],"_tax_class":[""],"_manage_stock":["no"],"_backorders":["no"],"_sold_individually":["no"],"_virtual":["no"],"_downloadable":["no"],"_download_limit":["-1"],"_download_expiry":["-1"],"_stock":[null],"_stock_status":["instock"],"_wc_average_rating":["5.00"],"_wc_review_count":["33"],"_product_version":["10.5.1"],"_wc_rating_count":["a:1:{i:5;i:33;}"],"_edit_lock":["1771223968:1"],"merchant-center-availability":["yes"],"merchant-center-category":["113"],"_edit_last":["1"],"_wp_page_template":["default"],"site-sidebar-layout":["default"],"ast-site-content-layout":["default"],"site-content-style":["default"],"site-sidebar-style":["default"],"theme-transparent-header-meta":["default"],"astra-migrate-meta-layouts":["set"],"_uag_css_file_name":["uag-css-24796.css"],"_elementor_page_assets":["a:0:{}"],"_uag_page_assets":["a:9:{s:3:\"css\";s:6873:\".wp-block-uagb-image{display:flex}.wp-block-uagb-image__figure{position:relative;display:flex;flex-direction:column;max-width:100%;height:auto;margin:0}.wp-block-uagb-image__figure img{height:auto;display:flex;max-width:100%;transition:box-shadow .2s ease}.wp-block-uagb-image__figure>a{display:inline-block}.wp-block-uagb-image__figure figcaption{text-align:center;margin-top:.5em;margin-bottom:1em}.wp-block-uagb-image .components-placeholder.block-editor-media-placeholder .components-placeholder__instructions{align-self:center}.wp-block-uagb-image--align-left{text-align:left}.wp-block-uagb-image--align-right{text-align:right}.wp-block-uagb-image--align-center{text-align:center}.wp-block-uagb-image--align-full .wp-block-uagb-image__figure{margin-left:calc(50% - 50vw);margin-right:calc(50% - 50vw);max-width:100vw;width:100vw;height:auto}.wp-block-uagb-image--align-full .wp-block-uagb-image__figure img{height:auto;width:100% !important}.wp-block-uagb-image--align-wide .wp-block-uagb-image__figure img{height:auto;width:100%}.wp-block-uagb-image--layout-overlay__color-wrapper{position:absolute;left:0;top:0;right:0;bottom:0;opacity:.2;background:rgba(0,0,0,.5);transition:opacity .35s ease-in-out}.wp-block-uagb-image--layout-overlay-link{position:absolute;left:0;right:0;bottom:0;top:0}.wp-block-uagb-image--layout-overlay .wp-block-uagb-image__figure:hover .wp-block-uagb-image--layout-overlay__color-wrapper{opacity:1}.wp-block-uagb-image--layout-overlay__inner{position:absolute;left:15px;right:15px;bottom:15px;top:15px;display:flex;align-items:center;justify-content:center;flex-direction:column;border-color:#fff;transition:.35s ease-in-out}.wp-block-uagb-image--layout-overlay__inner.top-left,.wp-block-uagb-image--layout-overlay__inner.top-center,.wp-block-uagb-image--layout-overlay__inner.top-right{justify-content:flex-start}.wp-block-uagb-image--layout-overlay__inner.bottom-left,.wp-block-uagb-image--layout-overlay__inner.bottom-center,.wp-block-uagb-image--layout-overlay__inner.bottom-right{justify-content:flex-end}.wp-block-uagb-image--layout-overlay__inner.top-left,.wp-block-uagb-image--layout-overlay__inner.center-left,.wp-block-uagb-image--layout-overlay__inner.bottom-left{align-items:flex-start}.wp-block-uagb-image--layout-overlay__inner.top-right,.wp-block-uagb-image--layout-overlay__inner.center-right,.wp-block-uagb-image--layout-overlay__inner.bottom-right{align-items:flex-end}.wp-block-uagb-image--layout-overlay__inner .uagb-image-heading{color:#fff;transition:transform .35s,opacity .35s ease-in-out;transform:translate3d(0, 24px, 0);margin:0;line-height:1em}.wp-block-uagb-image--layout-overlay__inner .uagb-image-separator{width:30%;border-top-width:2px;border-top-color:#fff;border-top-style:solid;margin-bottom:10px;opacity:0;transition:transform .4s,opacity .4s ease-in-out;transform:translate3d(0, 30px, 0)}.wp-block-uagb-image--layout-overlay__inner .uagb-image-caption{opacity:0;overflow:visible;color:#fff;transition:transform .45s,opacity .45s ease-in-out;transform:translate3d(0, 35px, 0)}.wp-block-uagb-image--layout-overlay__inner:hover .uagb-image-heading,.wp-block-uagb-image--layout-overlay__inner:hover .uagb-image-separator,.wp-block-uagb-image--layout-overlay__inner:hover .uagb-image-caption{opacity:1;transform:translate3d(0, 0, 0)}.wp-block-uagb-image--effect-zoomin .wp-block-uagb-image__figure img,.wp-block-uagb-image--effect-zoomin .wp-block-uagb-image__figure .wp-block-uagb-image--layout-overlay__color-wrapper{transform:scale(1);transition:transform .35s ease-in-out}.wp-block-uagb-image--effect-zoomin .wp-block-uagb-image__figure:hover img,.wp-block-uagb-image--effect-zoomin .wp-block-uagb-image__figure:hover .wp-block-uagb-image--layout-overlay__color-wrapper{transform:scale(1.05)}.wp-block-uagb-image--effect-slide .wp-block-uagb-image__figure img,.wp-block-uagb-image--effect-slide .wp-block-uagb-image__figure .wp-block-uagb-image--layout-overlay__color-wrapper{width:calc(100% + 40px) !important;max-width:none !important;transform:translate3d(-40px, 0, 0);transition:transform .35s ease-in-out}.wp-block-uagb-image--effect-slide .wp-block-uagb-image__figure:hover img,.wp-block-uagb-image--effect-slide .wp-block-uagb-image__figure:hover .wp-block-uagb-image--layout-overlay__color-wrapper{transform:translate3d(0, 0, 0)}.wp-block-uagb-image--effect-grayscale img{filter:grayscale(0%);transition:.35s ease-in-out}.wp-block-uagb-image--effect-grayscale:hover img{filter:grayscale(100%)}.wp-block-uagb-image--effect-blur img{filter:blur(0);transition:.35s ease-in-out}.wp-block-uagb-image--effect-blur:hover img{filter:blur(3px)}.uagb-block-e6f939b3.wp-block-uagb-image--layout-default figure img{box-shadow: 0px 0px 0 #00000070;}.uagb-block-e6f939b3.wp-block-uagb-image .wp-block-uagb-image__figure figcaption{font-style: normal;align-self: center;}.uagb-block-e6f939b3.wp-block-uagb-image--layout-overlay figure img{box-shadow: 0px 0px 0 #00000070;}.uagb-block-e6f939b3.wp-block-uagb-image--layout-overlay .wp-block-uagb-image--layout-overlay__color-wrapper{opacity: 0.2;}.uagb-block-e6f939b3.wp-block-uagb-image--layout-overlay .wp-block-uagb-image--layout-overlay__inner{left: 15px;right: 15px;top: 15px;bottom: 15px;}.uagb-block-e6f939b3.wp-block-uagb-image--layout-overlay .wp-block-uagb-image--layout-overlay__inner .uagb-image-heading{font-style: normal;color: #fff;opacity: 1;}.uagb-block-e6f939b3.wp-block-uagb-image--layout-overlay .wp-block-uagb-image--layout-overlay__inner .uagb-image-heading a{color: #fff;}.uagb-block-e6f939b3.wp-block-uagb-image--layout-overlay .wp-block-uagb-image--layout-overlay__inner .uagb-image-caption{opacity: 0;}.uagb-block-e6f939b3.wp-block-uagb-image--layout-overlay .wp-block-uagb-image__figure:hover .wp-block-uagb-image--layout-overlay__color-wrapper{opacity: 1;}.uagb-block-e6f939b3.wp-block-uagb-image .wp-block-uagb-image--layout-overlay__inner .uagb-image-separator{width: 30%;border-top-width: 2px;border-top-color: #fff;opacity: 0;}.uagb-block-e6f939b3.wp-block-uagb-image .wp-block-uagb-image__figure img{width: px;height: auto;}.uagb-block-e6f939b3.wp-block-uagb-image .wp-block-uagb-image__figure:hover .wp-block-uagb-image--layout-overlay__inner .uagb-image-caption{opacity: 1;}.uagb-block-e6f939b3.wp-block-uagb-image .wp-block-uagb-image__figure:hover .wp-block-uagb-image--layout-overlay__inner .uagb-image-separator{opacity: 1;}.uagb-block-e6f939b3.wp-block-uagb-image--layout-default figure:hover img{box-shadow: 0px 0px 0 #00000070;}.uagb-block-e6f939b3.wp-block-uagb-image--layout-overlay figure:hover img{box-shadow: 0px 0px 0 #00000070;}@media only screen and (max-width: 976px) {.uagb-block-e6f939b3.wp-block-uagb-image .wp-block-uagb-image__figure img{width: px;height: auto;}}@media only screen and (max-width: 767px) {.uagb-block-e6f939b3.wp-block-uagb-image .wp-block-uagb-image__figure img{width: px;height: auto;}}\";s:2:\"js\";s:0:\"\";s:18:\"current_block_list\";a:13:{i:0;s:11:\"core\/search\";i:1;s:10:\"core\/group\";i:2;s:12:\"core\/heading\";i:3;s:17:\"core\/latest-posts\";i:4;s:20:\"core\/latest-comments\";i:5;s:13:\"core\/archives\";i:6;s:15:\"core\/categories\";i:7;s:14:\"core\/paragraph\";i:8;s:10:\"uagb\/image\";i:9;s:11:\"core\/spacer\";i:10;s:30:\"woocommerce\/product-categories\";i:11;s:10:\"core\/image\";i:12;s:14:\"core\/shortcode\";}s:8:\"uag_flag\";b:1;s:11:\"uag_version\";s:10:\"1777315580\";s:6:\"gfonts\";a:0:{}s:10:\"gfonts_url\";s:0:\"\";s:12:\"gfonts_files\";a:0:{}s:14:\"uag_faq_layout\";b:0;}"]},"uagb_featured_image_src":{"full":["https:\/\/www.ferberpainting.com\/wp-content\/uploads\/2025\/05\/PotatoFertilizer.png",2560,2560,false],"thumbnail":["https:\/\/www.ferberpainting.com\/wp-content\/uploads\/2025\/05\/PotatoFertilizer-150x150.png",150,150,true],"medium":["https:\/\/www.ferberpainting.com\/wp-content\/uploads\/2025\/05\/PotatoFertilizer-300x300.png",300,300,true],"medium_large":["https:\/\/www.ferberpainting.com\/wp-content\/uploads\/2025\/05\/PotatoFertilizer-768x768.png",768,768,true],"large":["https:\/\/www.ferberpainting.com\/wp-content\/uploads\/2025\/05\/PotatoFertilizer-1024x1024.png",1024,1024,true],"1536x1536":["https:\/\/www.ferberpainting.com\/wp-content\/uploads\/2025\/05\/PotatoFertilizer-1536x1536.png",1536,1536,true],"2048x2048":["https:\/\/www.ferberpainting.com\/wp-content\/uploads\/2025\/05\/PotatoFertilizer-2048x2048.png",2048,2048,true],"trp-custom-language-flag":["https:\/\/www.ferberpainting.com\/wp-content\/uploads\/2025\/05\/PotatoFertilizer-12x12.png",12,12,true],"woocommerce_thumbnail":["https:\/\/www.ferberpainting.com\/wp-content\/uploads\/2025\/05\/PotatoFertilizer-300x300.png",300,300,true],"woocommerce_single":["https:\/\/www.ferberpainting.com\/wp-content\/uploads\/2025\/05\/PotatoFertilizer-600x600.png",600,600,true],"woocommerce_gallery_thumbnail":["https:\/\/www.ferberpainting.com\/wp-content\/uploads\/2025\/05\/PotatoFertilizer-100x100.png",100,100,true]},"uagb_author_info":{"display_name":"admin","author_link":"https:\/\/www.ferberpainting.com\/lt\/author\/"},"uagb_comment_info":33,"uagb_excerpt":"A fertilizer designed to optimize the growth and production of potatoes.\u00a0This fertilizer is specifically formulated to provide potato plants with the essential nutrients for their development. With a perfect balance of nitrogen (N), phosphorus (P), and potassium (K), with an NPK ratio of 10-10-10, it ensures vigorous leaf growth, optimal rooting, and abundant production of&hellip;","_links":{"self":[{"href":"https:\/\/www.ferberpainting.com\/lt\/wp-json\/wp\/v2\/product\/24796","targetHints":{"allow":["GET"]}}],"collection":[{"href":"https:\/\/www.ferberpainting.com\/lt\/wp-json\/wp\/v2\/product"}],"about":[{"href":"https:\/\/www.ferberpainting.com\/lt\/wp-json\/wp\/v2\/types\/product"}],"replies":[{"embeddable":true,"href":"https:\/\/www.ferberpainting.com\/lt\/wp-json\/wp\/v2\/comments?post=24796"}],"version-history":[{"count":4,"href":"https:\/\/www.ferberpainting.com\/lt\/wp-json\/wp\/v2\/product\/24796\/revisions"}],"predecessor-version":[{"id":166994,"href":"https:\/\/www.ferberpainting.com\/lt\/wp-json\/wp\/v2\/product\/24796\/revisions\/166994"}],"wp:featuredmedia":[{"embeddable":true,"href":"https:\/\/www.ferberpainting.com\/lt\/wp-json\/wp\/v2\/media\/26641"}],"wp:attachment":[{"href":"https:\/\/www.ferberpainting.com\/lt\/wp-json\/wp\/v2\/media?parent=24796"}],"wp:term":[{"taxonomy":"product_brand","embeddable":true,"href":"https:\/\/www.ferberpainting.com\/lt\/wp-json\/wp\/v2\/product_brand?post=24796"},{"taxonomy":"product_cat","embeddable":true,"href":"https:\/\/www.ferberpainting.com\/lt\/wp-json\/wp\/v2\/product_cat?post=24796"},{"taxonomy":"product_tag","embeddable":true,"href":"https:\/\/www.ferberpainting.com\/lt\/wp-json\/wp\/v2\/product_tag?post=24796"}],"curies":[{"name":"wp","href":"https:\/\/api.w.org\/{rel}","templated":true}]}}