{"id":24793,"date":"2025-05-26T10:27:16","date_gmt":"2025-05-26T08:27:16","guid":{"rendered":"https:\/\/www.ferberpainting.com\/products\/pool-waterproof-sealant\/"},"modified":"2026-02-24T18:06:34","modified_gmt":"2026-02-24T17:06:34","slug":"pool-waterproof-sealant","status":"publish","type":"product","link":"https:\/\/www.ferberpainting.com\/lt\/products\/pool-waterproof-sealant\/","title":{"rendered":"Baseino hidroizoliacin\u0117 danga"},"content":{"rendered":"<p><strong><img decoding=\"async\" style=\"margin-right: 12px;\" src=\"https:\/\/www.ferberpainting.com\/wp-content\/uploads\/2026\/02\/Check.svg\" alt=\"\" width=\"18\" height=\"15\" \/>Profesionali vandeniui atspari apsauga baseinams.<\/strong> M\u016bs\u0173 basein\u0173 vandeniui atsparus sandariklis yra specialiai sukurtas taip, kad sukurt\u0173 itin atspari\u0105, vandeniui nelaid\u017ei\u0105 u\u017etvar\u0105 ant betonini\u0173 ir m\u016brini\u0173 basein\u0173 konstrukcij\u0173. Jis u\u017etikrina ilgalaik\u0119 apsaug\u0105 nuo vandens prasiskverbimo, konstrukcijos pa\u017eeidim\u0173 ir nuolatinio panardinimo sukeliamo gedimo.<\/p>\n<p><strong><img decoding=\"async\" style=\"margin-right: 12px;\" src=\"https:\/\/www.ferberpainting.com\/wp-content\/uploads\/2026\/02\/Check.svg\" alt=\"\" width=\"18\" height=\"15\" \/>Efektyviausias rinkoje esantis basein\u0173 hidroizoliacijos sprendimas.<\/strong> \u0160is gaminys, sukurtas naudojant pa\u017eangi\u0105 sandarinimo technologij\u0105, giliai \u012fsiskverbia \u012f pagrind\u0105 ir suformuoja patvari\u0105 vandeniui atspari\u0105 membran\u0105, galin\u010di\u0105 atlaikyti hidrostatin\u012f sl\u0117g\u012f, baseino chemikalus ir temperat\u016bros svyravimus.<\/p>\n<p><strong><img decoding=\"async\" style=\"margin-right: 12px;\" src=\"https:\/\/www.ferberpainting.com\/wp-content\/uploads\/2026\/02\/Check.svg\" alt=\"\" width=\"18\" height=\"15\" \/>Neprilygstama kaina.<\/strong> Baseino hidroizoliacija gali b\u016bti brangi, ypa\u010d kai reikia atlikti strukt\u016brinius remonto darbus. Si\u016blome profesionalaus lygio hidroizoliacin\u012f hermetik\u0105 u\u017e konkurencingiausi\u0105 kain\u0105, u\u017etikrinan\u010di\u0105 maksimal\u0173 na\u0161um\u0105 u\u017e geriausi\u0105 kain\u0105.<\/p>\n<p><strong><img decoding=\"async\" style=\"margin-right: 12px;\" src=\"https:\/\/www.ferberpainting.com\/wp-content\/uploads\/2026\/02\/Check.svg\" alt=\"\" width=\"18\" height=\"15\" \/>Pinig\u0173 gr\u0105\u017einimo garantija - visi\u0161ka ramyb\u0117.<\/strong> Esame \u012fsitikin\u0119 savo basein\u0173 vandeniui atsparaus sandariklio patikimumu ir veiksmingumu. Jei nesate visi\u0161kai patenkinti, si\u016blome pinig\u0173 gr\u0105\u017einimo garantij\u0105. Tiesiog susisiekite su mumis ir mes gr\u0105\u017einsime pinigus u\u017e pirkin\u012f.<\/p>\n<p><strong><img decoding=\"async\" style=\"margin-right: 12px;\" src=\"https:\/\/www.ferberpainting.com\/wp-content\/uploads\/2026\/02\/Check.svg\" alt=\"\" width=\"18\" height=\"15\" \/>Greitas pristatymas 24 valandas per par\u0105 skubiems renovacijos projektams.<\/strong> Visada u\u017etikriname pristatym\u0105 24 valandas per par\u0105, kad gal\u0117tum\u0117te nedelsdami prad\u0117ti arba t\u0119sti hidroizoliacijos darbus. Patikimas pristatymas padeda laikytis grafiko.<\/p>\n<p><strong><img decoding=\"async\" style=\"margin-right: 12px;\" src=\"https:\/\/www.ferberpainting.com\/wp-content\/uploads\/2026\/02\/Check.svg\" alt=\"\" width=\"18\" height=\"15\" \/>Didelis padengimo na\u0161umas - 10 kg\/m\u00b2.<\/strong> Rekomenduojama sunaudoti 10 kilogram\u0173 vienam kvadratiniam metrui, kad b\u016bt\u0173 u\u017etikrintas pakankamas storis ir sukurtas tvirtas ir vientisas vandeniui atsparus sluoksnis, galintis atlaikyti ilgalaik\u012f vandens sl\u0117g\u012f.<\/p>\n<p><strong><img decoding=\"async\" style=\"margin-right: 12px;\" src=\"https:\/\/www.ferberpainting.com\/wp-content\/uploads\/2026\/02\/Check.svg\" alt=\"\" width=\"18\" height=\"15\" \/>Puikus atsparumas chloro, druskos ir UV spinduli\u0173 poveikiui.<\/strong> Sukiet\u0117j\u0119s hermetikas yra atsparus \u012fprastoms basein\u0173 chemin\u0117ms med\u017eiagoms, s\u016braus vandens sistemoms ir saul\u0117s spinduli\u0173 poveikiui, tod\u0117l laikui b\u0117gant i\u0161laiko strukt\u016brin\u012f vientisum\u0105 ir eksploatacines savybes.<\/p>\n<p><strong><img decoding=\"async\" style=\"margin-right: 12px;\" src=\"https:\/\/www.ferberpainting.com\/wp-content\/uploads\/2026\/02\/Check.svg\" alt=\"\" width=\"18\" height=\"15\" \/>Stiprus sukibimas su betonu ir m\u016bru.<\/strong> Produktas tvirtai sukimba su cementiniais pagrindais ir suteikia stabil\u0173 pagrind\u0105 v\u0117lesnei apdailai, pavyzd\u017eiui, plytel\u0117ms, mikrocementui ar kitoms dekoratyvin\u0117ms dangoms.<\/p>\n<p><strong><img decoding=\"async\" style=\"margin-right: 12px;\" src=\"https:\/\/www.ferberpainting.com\/wp-content\/uploads\/2026\/02\/Check.svg\" alt=\"\" width=\"18\" height=\"15\" \/>Ilgalaikis patvarumas nuolat panardinant.<\/strong> Specialiai basein\u0173 aplinkai sukurta vandeniui atspari membrana i\u0161lieka stabili nuolat veikiant vandeniui ir sl\u0117giui.<\/p>\n<p><strong><img decoding=\"async\" style=\"margin-right: 12px;\" src=\"https:\/\/www.ferberpainting.com\/wp-content\/uploads\/2026\/02\/Check.svg\" alt=\"\" width=\"18\" height=\"15\" \/>Tinka naujai statybai ir renovacijai.<\/strong> Nesvarbu, ar statote nauj\u0105 basein\u0105, ar remontuojate esam\u0105 konstrukcij\u0105, m\u016bs\u0173 vandeniui atsparus sandariklis u\u017etikrina patikim\u0105 apsaug\u0105 ir prailgina \u012frenginio tarnavimo laik\u0105.<\/p>\n<h2><strong>Instrukcijos<\/strong><\/h2>\n<ul>\n<li>\u012esitikinkite, kad pagrindas yra tvirtos strukt\u016bros, \u0161varus, ant jo n\u0117ra dulki\u0173, tepal\u0173, nuos\u0117d\u0173 ar biri\u0173 daleli\u0173. Prie\u0161 tepant betonas turi b\u016bti visi\u0161kai sukiet\u0117j\u0119s.<\/li>\n<li>Prie\u0161 tepdami vandeniui atspar\u0173 sandarikl\u012f, u\u017etaisykite \u012ftr\u016bkimus, skyles ar konstrukcinius defektus. Prie\u0161 pradedant darbus b\u016btina pa\u0161alinti bet koki\u0105 aktyvi\u0105 vandens infiltracij\u0105.<\/li>\n<li>Prie\u0161 tepdami lengvai sudr\u0117kinkite pagrind\u0105, bet nepalikite ant pavir\u0161iaus stovin\u010dio vandens.<\/li>\n<li>Produkt\u0105 mai\u0161ykite pagal gamintojo nurodymus, kol gausis vientisa konsistencija. Kad rezultatai b\u016bt\u0173 optimal\u016bs, naudokite mechanin\u012f mai\u0161ytuv\u0105.<\/li>\n<li>U\u017etepkite hermetik\u0105 mentele arba tinkamu tepimo \u012frankiu, kad storis b\u016bt\u0173 vienodas.<\/li>\n<li>Laikykit\u0117s rekomenduojamos 10 kg doz\u0117s m\u00b2, kad u\u017etikrintum\u0117te pakankam\u0105 membranos stor\u012f ir visapusi\u0161k\u0105 hidroizoliacijos efektyvum\u0105. \u0160i doz\u0117 b\u016btina, kad b\u016bt\u0173 pasiektas reikiamas atsparumas hidrostatiniam sl\u0117giui.<\/li>\n<li>Tolygiai paskleiskite med\u017eiag\u0105 ant pavir\u0161iaus, u\u017etikrindami, kad ji visi\u0161kai padengt\u0173 pavir\u0161i\u0173 be tarp\u0173 ar plon\u0173 viet\u0173.<\/li>\n<li>Jei reikia, tepkite keliais va\u017eiavimais, kad pasiektum\u0117te reikiam\u0105 bendr\u0105 10 kg\/ m\u00b2 sunaudojimo norm\u0105.<\/li>\n<li>Jei reikia, leiskite pirmajam sluoksniui i\u0161 dalies sukiet\u0117ti ir tik tada tepkite papildomus sluoksnius.<\/li>\n<li>Kiet\u0117jimo metu apsaugokite apdorot\u0105 pavir\u0161i\u0173 nuo tiesiogini\u0173 saul\u0117s spinduli\u0173, lietaus ar \u0161al\u010dio.<\/li>\n<li>Prie\u0161 dengdami bet kok\u012f apdailos sluoksn\u012f, pavyzd\u017eiui, plyteles ar dangas, leiskite vis\u0105 kiet\u0117jimo laik\u0105, atsi\u017evelgiant \u012f aplinkos s\u0105lygas.<\/li>\n<li>Nepripildykite baseino vandeniu, kol produktas visi\u0161kai sukiet\u0117s. Priklausomai nuo temperat\u016bros ir dr\u0117gm\u0117s, gali prireikti keli\u0173 dien\u0173 kiet\u0117jimo laikotarpio.<\/li>\n<li>Po naudojimo \u012frankius i\u0161 karto valykite vandeniu, kol med\u017eiaga nesukiet\u0117jo.<\/li>\n<li>Neatidarytas pakuotes laikykite sausoje vietoje, apsaugotoje nuo dr\u0117gm\u0117s ir ekstremalios temperat\u016bros.<\/li>\n<\/ul>","protected":false},"excerpt":{"rendered":"<p>Professional-grade waterproof protection for swimming pools. Our pool waterproof sealant is specially formulated to create a highly resistant, watertight barrier on concrete and masonry pool structures. It ensures long-term protection against water infiltration, structural damage, and deterioration caused by constant immersion. The most effective pool waterproofing solution on the market. Engineered with advanced sealing technology, [&hellip;]<\/p>\n","protected":false},"featured_media":164725,"comment_status":"open","ping_status":"closed","template":"","meta":{"_uag_custom_page_level_css":"","site-sidebar-layout":"default","site-content-layout":"","ast-site-content-layout":"default","site-content-style":"default","site-sidebar-style":"default","ast-global-header-display":"","ast-banner-title-visibility":"","ast-main-header-display":"","ast-hfb-above-header-display":"","ast-hfb-below-header-display":"","ast-hfb-mobile-header-display":"","site-post-title":"","ast-breadcrumbs-content":"","ast-featured-img":"","footer-sml-layout":"","ast-disable-related-posts":"","theme-transparent-header-meta":"default","adv-header-id-meta":"","stick-header-meta":"","header-above-stick-meta":"","header-main-stick-meta":"","header-below-stick-meta":"","astra-migrate-meta-layouts":"set","ast-page-background-enabled":"default","ast-page-background-meta":{"desktop":{"background-color":"var(--ast-global-color-4)","background-image":"","background-repeat":"repeat","background-position":"center center","background-size":"auto","background-attachment":"scroll","background-type":"","background-media":"","overlay-type":"","overlay-color":"","overlay-opacity":"","overlay-gradient":""},"tablet":{"background-color":"","background-image":"","background-repeat":"repeat","background-position":"center center","background-size":"auto","background-attachment":"scroll","background-type":"","background-media":"","overlay-type":"","overlay-color":"","overlay-opacity":"","overlay-gradient":""},"mobile":{"background-color":"","background-image":"","background-repeat":"repeat","background-position":"center center","background-size":"auto","background-attachment":"scroll","background-type":"","background-media":"","overlay-type":"","overlay-color":"","overlay-opacity":"","overlay-gradient":""}},"ast-content-background-meta":{"desktop":{"background-color":"var(--ast-global-color-5)","background-image":"","background-repeat":"repeat","background-position":"center center","background-size":"auto","background-attachment":"scroll","background-type":"","background-media":"","overlay-type":"","overlay-color":"","overlay-opacity":"","overlay-gradient":""},"tablet":{"background-color":"var(--ast-global-color-5)","background-image":"","background-repeat":"repeat","background-position":"center center","background-size":"auto","background-attachment":"scroll","background-type":"","background-media":"","overlay-type":"","overlay-color":"","overlay-opacity":"","overlay-gradient":""},"mobile":{"background-color":"var(--ast-global-color-5)","background-image":"","background-repeat":"repeat","background-position":"center center","background-size":"auto","background-attachment":"scroll","background-type":"","background-media":"","overlay-type":"","overlay-color":"","overlay-opacity":"","overlay-gradient":""}}},"product_brand":[],"product_cat":[192],"product_tag":[],"class_list":{"0":"post-24793","1":"product","2":"type-product","3":"status-publish","4":"has-post-thumbnail","6":"product_cat-waterproof-sealant","7":"desktop-align-left","8":"tablet-align-left","9":"mobile-align-left","11":"first","12":"instock","13":"sale","14":"shipping-taxable","15":"purchasable","16":"product-type-variable","17":"has-default-attributes"},"spectra_custom_meta":{"_visibility":["visible"],"_shopify_product_id":["7942058639605"],"_s2w_shopify_domain":["ferberpainting.myshopify.com"],"_shopify_variant_id":["43491542597877"],"_sku":["FPPOOLWATERPROOFSEALANT"],"_manage_stock":["no"],"total_sales":["150"],"_tax_status":["taxable"],"_tax_class":[""],"_backorders":["no"],"_sold_individually":["no"],"_virtual":["no"],"_downloadable":["no"],"_download_limit":["-1"],"_download_expiry":["-1"],"_stock":[null],"_stock_status":["instock"],"_wc_average_rating":["4.92"],"_wc_review_count":["50"],"_product_attributes":["a:1:{s:6:\"volume\";a:6:{s:4:\"name\";s:6:\"Volume\";s:5:\"value\";s:13:\"10 kg | 40 kg\";s:8:\"position\";i:0;s:10:\"is_visible\";i:0;s:12:\"is_variation\";i:1;s:11:\"is_taxonomy\";i:0;}}"],"_product_version":["10.5.2"],"_thumbnail_id":["164725"],"merchant-center-availability":["yes"],"merchant-center-category":["503744"],"merchant-center-id":["PWS"],"wpse_downloadable_file_names":[""],"wpse_downloadable_file_urls":[""],"_edit_last":["1"],"_default_attributes":["a:1:{s:6:\"volume\";s:5:\"10 kg\";}"],"_wc_rating_count":["a:2:{i:4;i:4;i:5;i:46;}"],"_edit_lock":["1771952667:1"],"_wp_page_template":["default"],"site-sidebar-layout":["default"],"ast-site-content-layout":["default"],"site-content-style":["default"],"site-sidebar-style":["default"],"theme-transparent-header-meta":["default"],"_product_image_gallery":["164726"],"_price":["49.90","129.90"],"astra-migrate-meta-layouts":["set"],"_uag_css_file_name":["uag-css-24793.css"],"_elementor_page_assets":["a:0:{}"],"_uag_page_assets":["a:9:{s:3:\"css\";s:6873:\".wp-block-uagb-image{display:flex}.wp-block-uagb-image__figure{position:relative;display:flex;flex-direction:column;max-width:100%;height:auto;margin:0}.wp-block-uagb-image__figure img{height:auto;display:flex;max-width:100%;transition:box-shadow .2s ease}.wp-block-uagb-image__figure>a{display:inline-block}.wp-block-uagb-image__figure figcaption{text-align:center;margin-top:.5em;margin-bottom:1em}.wp-block-uagb-image .components-placeholder.block-editor-media-placeholder .components-placeholder__instructions{align-self:center}.wp-block-uagb-image--align-left{text-align:left}.wp-block-uagb-image--align-right{text-align:right}.wp-block-uagb-image--align-center{text-align:center}.wp-block-uagb-image--align-full .wp-block-uagb-image__figure{margin-left:calc(50% - 50vw);margin-right:calc(50% - 50vw);max-width:100vw;width:100vw;height:auto}.wp-block-uagb-image--align-full .wp-block-uagb-image__figure img{height:auto;width:100% !important}.wp-block-uagb-image--align-wide .wp-block-uagb-image__figure img{height:auto;width:100%}.wp-block-uagb-image--layout-overlay__color-wrapper{position:absolute;left:0;top:0;right:0;bottom:0;opacity:.2;background:rgba(0,0,0,.5);transition:opacity .35s ease-in-out}.wp-block-uagb-image--layout-overlay-link{position:absolute;left:0;right:0;bottom:0;top:0}.wp-block-uagb-image--layout-overlay .wp-block-uagb-image__figure:hover .wp-block-uagb-image--layout-overlay__color-wrapper{opacity:1}.wp-block-uagb-image--layout-overlay__inner{position:absolute;left:15px;right:15px;bottom:15px;top:15px;display:flex;align-items:center;justify-content:center;flex-direction:column;border-color:#fff;transition:.35s ease-in-out}.wp-block-uagb-image--layout-overlay__inner.top-left,.wp-block-uagb-image--layout-overlay__inner.top-center,.wp-block-uagb-image--layout-overlay__inner.top-right{justify-content:flex-start}.wp-block-uagb-image--layout-overlay__inner.bottom-left,.wp-block-uagb-image--layout-overlay__inner.bottom-center,.wp-block-uagb-image--layout-overlay__inner.bottom-right{justify-content:flex-end}.wp-block-uagb-image--layout-overlay__inner.top-left,.wp-block-uagb-image--layout-overlay__inner.center-left,.wp-block-uagb-image--layout-overlay__inner.bottom-left{align-items:flex-start}.wp-block-uagb-image--layout-overlay__inner.top-right,.wp-block-uagb-image--layout-overlay__inner.center-right,.wp-block-uagb-image--layout-overlay__inner.bottom-right{align-items:flex-end}.wp-block-uagb-image--layout-overlay__inner .uagb-image-heading{color:#fff;transition:transform .35s,opacity .35s ease-in-out;transform:translate3d(0, 24px, 0);margin:0;line-height:1em}.wp-block-uagb-image--layout-overlay__inner .uagb-image-separator{width:30%;border-top-width:2px;border-top-color:#fff;border-top-style:solid;margin-bottom:10px;opacity:0;transition:transform .4s,opacity .4s ease-in-out;transform:translate3d(0, 30px, 0)}.wp-block-uagb-image--layout-overlay__inner .uagb-image-caption{opacity:0;overflow:visible;color:#fff;transition:transform .45s,opacity .45s ease-in-out;transform:translate3d(0, 35px, 0)}.wp-block-uagb-image--layout-overlay__inner:hover .uagb-image-heading,.wp-block-uagb-image--layout-overlay__inner:hover .uagb-image-separator,.wp-block-uagb-image--layout-overlay__inner:hover .uagb-image-caption{opacity:1;transform:translate3d(0, 0, 0)}.wp-block-uagb-image--effect-zoomin .wp-block-uagb-image__figure img,.wp-block-uagb-image--effect-zoomin .wp-block-uagb-image__figure .wp-block-uagb-image--layout-overlay__color-wrapper{transform:scale(1);transition:transform .35s ease-in-out}.wp-block-uagb-image--effect-zoomin .wp-block-uagb-image__figure:hover img,.wp-block-uagb-image--effect-zoomin .wp-block-uagb-image__figure:hover .wp-block-uagb-image--layout-overlay__color-wrapper{transform:scale(1.05)}.wp-block-uagb-image--effect-slide .wp-block-uagb-image__figure img,.wp-block-uagb-image--effect-slide .wp-block-uagb-image__figure .wp-block-uagb-image--layout-overlay__color-wrapper{width:calc(100% + 40px) !important;max-width:none !important;transform:translate3d(-40px, 0, 0);transition:transform .35s ease-in-out}.wp-block-uagb-image--effect-slide .wp-block-uagb-image__figure:hover img,.wp-block-uagb-image--effect-slide .wp-block-uagb-image__figure:hover .wp-block-uagb-image--layout-overlay__color-wrapper{transform:translate3d(0, 0, 0)}.wp-block-uagb-image--effect-grayscale img{filter:grayscale(0%);transition:.35s ease-in-out}.wp-block-uagb-image--effect-grayscale:hover img{filter:grayscale(100%)}.wp-block-uagb-image--effect-blur img{filter:blur(0);transition:.35s ease-in-out}.wp-block-uagb-image--effect-blur:hover img{filter:blur(3px)}.uagb-block-e6f939b3.wp-block-uagb-image--layout-default figure img{box-shadow: 0px 0px 0 #00000070;}.uagb-block-e6f939b3.wp-block-uagb-image .wp-block-uagb-image__figure figcaption{font-style: normal;align-self: center;}.uagb-block-e6f939b3.wp-block-uagb-image--layout-overlay figure img{box-shadow: 0px 0px 0 #00000070;}.uagb-block-e6f939b3.wp-block-uagb-image--layout-overlay .wp-block-uagb-image--layout-overlay__color-wrapper{opacity: 0.2;}.uagb-block-e6f939b3.wp-block-uagb-image--layout-overlay .wp-block-uagb-image--layout-overlay__inner{left: 15px;right: 15px;top: 15px;bottom: 15px;}.uagb-block-e6f939b3.wp-block-uagb-image--layout-overlay .wp-block-uagb-image--layout-overlay__inner .uagb-image-heading{font-style: normal;color: #fff;opacity: 1;}.uagb-block-e6f939b3.wp-block-uagb-image--layout-overlay .wp-block-uagb-image--layout-overlay__inner .uagb-image-heading a{color: #fff;}.uagb-block-e6f939b3.wp-block-uagb-image--layout-overlay .wp-block-uagb-image--layout-overlay__inner .uagb-image-caption{opacity: 0;}.uagb-block-e6f939b3.wp-block-uagb-image--layout-overlay .wp-block-uagb-image__figure:hover .wp-block-uagb-image--layout-overlay__color-wrapper{opacity: 1;}.uagb-block-e6f939b3.wp-block-uagb-image .wp-block-uagb-image--layout-overlay__inner .uagb-image-separator{width: 30%;border-top-width: 2px;border-top-color: #fff;opacity: 0;}.uagb-block-e6f939b3.wp-block-uagb-image .wp-block-uagb-image__figure img{width: px;height: auto;}.uagb-block-e6f939b3.wp-block-uagb-image .wp-block-uagb-image__figure:hover .wp-block-uagb-image--layout-overlay__inner .uagb-image-caption{opacity: 1;}.uagb-block-e6f939b3.wp-block-uagb-image .wp-block-uagb-image__figure:hover .wp-block-uagb-image--layout-overlay__inner .uagb-image-separator{opacity: 1;}.uagb-block-e6f939b3.wp-block-uagb-image--layout-default figure:hover img{box-shadow: 0px 0px 0 #00000070;}.uagb-block-e6f939b3.wp-block-uagb-image--layout-overlay figure:hover img{box-shadow: 0px 0px 0 #00000070;}@media only screen and (max-width: 976px) {.uagb-block-e6f939b3.wp-block-uagb-image .wp-block-uagb-image__figure img{width: px;height: auto;}}@media only screen and (max-width: 767px) {.uagb-block-e6f939b3.wp-block-uagb-image .wp-block-uagb-image__figure img{width: px;height: auto;}}\";s:2:\"js\";s:0:\"\";s:18:\"current_block_list\";a:13:{i:0;s:11:\"core\/search\";i:1;s:10:\"core\/group\";i:2;s:12:\"core\/heading\";i:3;s:17:\"core\/latest-posts\";i:4;s:20:\"core\/latest-comments\";i:5;s:13:\"core\/archives\";i:6;s:15:\"core\/categories\";i:7;s:14:\"core\/paragraph\";i:8;s:10:\"uagb\/image\";i:9;s:11:\"core\/spacer\";i:10;s:30:\"woocommerce\/product-categories\";i:11;s:10:\"core\/image\";i:12;s:14:\"core\/shortcode\";}s:8:\"uag_flag\";b:1;s:11:\"uag_version\";s:10:\"1777049616\";s:6:\"gfonts\";a:0:{}s:10:\"gfonts_url\";s:0:\"\";s:12:\"gfonts_files\";a:0:{}s:14:\"uag_faq_layout\";b:0;}"]},"uagb_featured_image_src":{"full":["https:\/\/www.ferberpainting.com\/wp-content\/uploads\/2025\/05\/Pool-Waterproof-Sealant-10-KG-mockups.png",2560,2560,false],"thumbnail":["https:\/\/www.ferberpainting.com\/wp-content\/uploads\/2025\/05\/Pool-Waterproof-Sealant-10-KG-mockups-150x150.png",150,150,true],"medium":["https:\/\/www.ferberpainting.com\/wp-content\/uploads\/2025\/05\/Pool-Waterproof-Sealant-10-KG-mockups-300x300.png",300,300,true],"medium_large":["https:\/\/www.ferberpainting.com\/wp-content\/uploads\/2025\/05\/Pool-Waterproof-Sealant-10-KG-mockups-768x768.png",768,768,true],"large":["https:\/\/www.ferberpainting.com\/wp-content\/uploads\/2025\/05\/Pool-Waterproof-Sealant-10-KG-mockups-1024x1024.png",1024,1024,true],"1536x1536":["https:\/\/www.ferberpainting.com\/wp-content\/uploads\/2025\/05\/Pool-Waterproof-Sealant-10-KG-mockups-1536x1536.png",1536,1536,true],"2048x2048":["https:\/\/www.ferberpainting.com\/wp-content\/uploads\/2025\/05\/Pool-Waterproof-Sealant-10-KG-mockups-2048x2048.png",2048,2048,true],"trp-custom-language-flag":["https:\/\/www.ferberpainting.com\/wp-content\/uploads\/2025\/05\/Pool-Waterproof-Sealant-10-KG-mockups-12x12.png",12,12,true],"woocommerce_thumbnail":["https:\/\/www.ferberpainting.com\/wp-content\/uploads\/2025\/05\/Pool-Waterproof-Sealant-10-KG-mockups-300x300.png",300,300,true],"woocommerce_single":["https:\/\/www.ferberpainting.com\/wp-content\/uploads\/2025\/05\/Pool-Waterproof-Sealant-10-KG-mockups-600x600.png",600,600,true],"woocommerce_gallery_thumbnail":["https:\/\/www.ferberpainting.com\/wp-content\/uploads\/2025\/05\/Pool-Waterproof-Sealant-10-KG-mockups-100x100.png",100,100,true]},"uagb_author_info":{"display_name":"admin","author_link":"https:\/\/www.ferberpainting.com\/lt\/author\/"},"uagb_comment_info":50,"uagb_excerpt":"Professional-grade waterproof protection for swimming pools. Our pool waterproof sealant is specially formulated to create a highly resistant, watertight barrier on concrete and masonry pool structures. It ensures long-term protection against water infiltration, structural damage, and deterioration caused by constant immersion. The most effective pool waterproofing solution on the market. Engineered with advanced sealing technology,&hellip;","_links":{"self":[{"href":"https:\/\/www.ferberpainting.com\/lt\/wp-json\/wp\/v2\/product\/24793","targetHints":{"allow":["GET"]}}],"collection":[{"href":"https:\/\/www.ferberpainting.com\/lt\/wp-json\/wp\/v2\/product"}],"about":[{"href":"https:\/\/www.ferberpainting.com\/lt\/wp-json\/wp\/v2\/types\/product"}],"replies":[{"embeddable":true,"href":"https:\/\/www.ferberpainting.com\/lt\/wp-json\/wp\/v2\/comments?post=24793"}],"version-history":[{"count":4,"href":"https:\/\/www.ferberpainting.com\/lt\/wp-json\/wp\/v2\/product\/24793\/revisions"}],"predecessor-version":[{"id":166990,"href":"https:\/\/www.ferberpainting.com\/lt\/wp-json\/wp\/v2\/product\/24793\/revisions\/166990"}],"wp:featuredmedia":[{"embeddable":true,"href":"https:\/\/www.ferberpainting.com\/lt\/wp-json\/wp\/v2\/media\/164725"}],"wp:attachment":[{"href":"https:\/\/www.ferberpainting.com\/lt\/wp-json\/wp\/v2\/media?parent=24793"}],"wp:term":[{"taxonomy":"product_brand","embeddable":true,"href":"https:\/\/www.ferberpainting.com\/lt\/wp-json\/wp\/v2\/product_brand?post=24793"},{"taxonomy":"product_cat","embeddable":true,"href":"https:\/\/www.ferberpainting.com\/lt\/wp-json\/wp\/v2\/product_cat?post=24793"},{"taxonomy":"product_tag","embeddable":true,"href":"https:\/\/www.ferberpainting.com\/lt\/wp-json\/wp\/v2\/product_tag?post=24793"}],"curies":[{"name":"wp","href":"https:\/\/api.w.org\/{rel}","templated":true}]}}