{"id":24758,"date":"2025-05-26T10:26:58","date_gmt":"2025-05-26T08:26:58","guid":{"rendered":"https:\/\/www.ferberpainting.com\/products\/papyrus-fertilizer\/"},"modified":"2026-02-15T23:30:48","modified_gmt":"2026-02-15T22:30:48","slug":"papyrus-fertilizer","status":"publish","type":"product","link":"https:\/\/www.ferberpainting.com\/lt\/products\/papyrus-fertilizer\/","title":{"rendered":"Papirus\u0173 tr\u0105\u0161os"},"content":{"rendered":"<p><strong><img decoding=\"async\" style=\"margin-right: 12px;\" src=\"https:\/\/www.ferberpainting.com\/wp-content\/uploads\/2026\/02\/Check.svg\" alt=\"\" width=\"18\" height=\"15\" \/>Subalansuotos tr\u0105\u0161os ve\u0161liam augimui ir gyvybingai lapijai.<\/strong>\u00a0Papirusui - auk\u0161tam, eleganti\u0161kam dekoratyviniam augalui - reikia speciali\u0173 maistini\u0173 med\u017eiag\u0173, kad i\u0161augt\u0173 stipr\u016bs stiebai ir tanki lapija. M\u016bs\u0173 NPK 15-15-15 tr\u0105\u0161os puikiai subalansuotos papirus\u0173 poreikiams tenkinti: jose yra azoto (N) energingai lapijai, fosforo (P) \u0161akn\u0173 sistemai stiprinti ir kalio (K) atsparumui ligoms ir klimato s\u0105lygoms didinti. D\u0117l \u0161io visapusi\u0161ko tr\u0119\u0161imo j\u016bs\u0173 papirusas spar\u010diai augs, tur\u0117s intensyvi\u0105 spalv\u0105 ir bus labai atsparus aplinkos poveikiui.<\/p>\n<p><strong><img decoding=\"async\" style=\"margin-right: 12px;\" src=\"https:\/\/www.ferberpainting.com\/wp-content\/uploads\/2026\/02\/Check.svg\" alt=\"\" width=\"18\" height=\"15\" \/>Pinig\u0173 gr\u0105\u017einimo garantija.<\/strong>\u00a0Esame \u012fsitikin\u0119 savo papiros\u0173 tr\u0105\u0161\u0173 veiksmingumu, tod\u0117l suteikiame pinig\u0173 gr\u0105\u017einimo garantij\u0105. Jei panaudoj\u0119 tr\u0105\u0161as pagal rekomendacijas nepasteb\u0117site \u017eymaus savo augalo augimo ir gyvybingumo pager\u0117jimo, gr\u0105\u017einsime visus pinigus.<\/p>\n<p><strong><img decoding=\"async\" style=\"margin-right: 12px;\" src=\"https:\/\/www.ferberpainting.com\/wp-content\/uploads\/2026\/02\/Check.svg\" alt=\"\" width=\"18\" height=\"15\" \/>Tinka vis\u0173 tip\u0173 substratams ir vandens aplinkai.<\/strong>\u00a0\u0160ios tr\u0105\u0161os sukurtos taip, kad b\u016bt\u0173 veiksmingos vis\u0173 tip\u0173 substratuose - molinguose, sm\u0117linguose ar praturtintuose organin\u0117mis med\u017eiagomis. Ji taip pat tinka tvenkiniuose, \u012fmerktuose vazonuose ar atviroje \u017eem\u0117je dr\u0117gnoje vietoje auginamiems papar\u010diams. D\u0117l tirpios sud\u0117ties j\u012f greitai \u012fsisavina \u0161aknys, tod\u0117l u\u017etikrinamas veiksmingas \u012fsisavinimas net ir vandens aplinkoje.<\/p>\n<p><strong><img decoding=\"async\" style=\"margin-right: 12px;\" src=\"https:\/\/www.ferberpainting.com\/wp-content\/uploads\/2026\/02\/Check.svg\" alt=\"\" width=\"18\" height=\"15\" \/>Puik\u016bs ekonominiai rodikliai ir ilgesnis tr\u0119\u0161imas.<\/strong>\u00a0\u0160ios tr\u0105\u0161os praskied\u017eiamos laistymo vandeniu, tod\u0117l maistin\u0117s med\u017eiagos vienodai pasiskirsto kiekvieno tr\u0119\u0161imo metu. 5 ml i\u0161 vieno litro vandens, 5 litr\u0173 talpos skardin\u0117je galima paruo\u0161ti iki 1 000 litr\u0173 maitinamojo tirpalo, tod\u0117l tr\u0119\u0161imas trunka kelis m\u0117nesius. D\u0117l l\u0117to i\u0161siskyrimo u\u017etikrinamas nuolatinis maitinimas ir i\u0161vengiama maistini\u0173 med\u017eiag\u0173 \u0161vaistymo.<\/p>\n<p><strong><img decoding=\"async\" style=\"margin-right: 12px;\" src=\"https:\/\/www.ferberpainting.com\/wp-content\/uploads\/2026\/02\/Check.svg\" alt=\"\" width=\"18\" height=\"15\" \/>Netoksi\u0161kos, aplinkai nekenksmingos tr\u0105\u0161os.<\/strong>\u00a0\u0160iose tr\u0105\u0161ose n\u0117ra agresyvi\u0173 chemini\u0173 med\u017eiag\u0173 ir jos sukurtos taip, kad b\u016bt\u0173 saugios vandens ekosistemai. Ji visi\u0161kai nekenksminga \u017euvims, apdulkinantiems vabzd\u017eiams ir kitiems aplinkiniams vandens augalams. Jos sud\u0117tis nepa\u017eeid\u017eia nat\u016bralios dirvo\u017eemio pusiausvyros ir skatina \u0161akn\u0173 augimui nauding\u0105 mikrob\u0173 veikl\u0105.<\/p>\n<p><strong><img decoding=\"async\" style=\"margin-right: 12px;\" src=\"https:\/\/www.ferberpainting.com\/wp-content\/uploads\/2026\/02\/Check.svg\" alt=\"\" width=\"18\" height=\"15\" \/>Lengvas tr\u0119\u0161imas ir lengvas tr\u0119\u0161imas.<\/strong>\u00a0Kitaip nei kietosios tr\u0105\u0161os, kurias reikia \u012fterpti \u012f dirvo\u017eem\u012f, \u0161ios skystos tr\u0105\u0161os susimai\u0161o tiesiai su laistymo vandeniu arba tvenkinyje. Papras\u010diausiai \u012fpilkite rekomenduojam\u0105 doz\u0119 ir \u012fmai\u0161ykite j\u0105 \u012f dr\u0117kinimo sistem\u0105, kad lengvai pamaitintum\u0117te savo papirosus. Jos naudojimas yra greitas, patogus ir tinka visiems sodininkams, tiek pradedantiesiems, tiek patyrusiems.<\/p>\n<p><strong><img decoding=\"async\" style=\"margin-right: 12px;\" src=\"https:\/\/www.ferberpainting.com\/wp-content\/uploads\/2026\/02\/Check.svg\" alt=\"\" width=\"18\" height=\"15\" \/>Greiti ir matomi rezultatai per kelias savaites.<\/strong>\u00a0Jau pirmosiomis naudojimo savait\u0117mis pasteb\u0117site spartesn\u012f augim\u0105, auk\u0161tesnius stiebus ir tankesn\u0119 lapij\u0105. D\u0117l greitos asimiliacijos \u0161ios tr\u0105\u0161os skatina nauj\u0173 \u016bgli\u0173 vystym\u0105si ir suma\u017eina geltonavimo ar augimo sul\u0117t\u0117jimo rizik\u0105.<\/p>\n<p><strong><img decoding=\"async\" style=\"margin-right: 12px;\" src=\"https:\/\/www.ferberpainting.com\/wp-content\/uploads\/2026\/02\/Check.svg\" alt=\"\" width=\"18\" height=\"15\" \/>Sveikas papiros\u0173 tr\u0119\u0161imas i\u0161tisus metus.<\/strong>\u00a0D\u0117l laipsni\u0161ko maisting\u0173j\u0173 med\u017eiag\u0173 i\u0161siskyrimo \u0161ios tr\u0105\u0161os u\u017etikrina nuolatin\u012f ir stabil\u0173 augim\u0105, kartu didindamos atsparum\u0105 ligoms ir klimato poveikiui. J\u016bs\u0173 papirusas i\u0161liks esteti\u0161kas ir gyvybingas i\u0161tisus metus, net ir ramyb\u0117s periodu.<\/p>\n<h2><strong>Naudojimo protokolas<\/strong><\/h2>\n<p><strong>Rekomenduojama doz\u0117 <\/strong>:<\/p>\n<ul>\n<li><strong>Papirusas vazonuose, panardintuose arba tvenkinyje <\/strong>: Atskieskite 5 ml tr\u0105\u0161\u0173 1 litre vandens ir supilkite tiesiai \u012f tvenkinio vanden\u012f arba aplink vazon\u0105.<\/li>\n<li><strong>Papirusas atvirame grunte, dr\u0117gname dirvo\u017eemyje<\/strong>: 5 ml tr\u0105\u0161\u0173, praskiest\u0173 1 litru vandens, paskleiskite prie augalo pagrindo.<\/li>\n<li><strong>Jauni augalai arba neseniai persodinti papirusai <\/strong>: Suma\u017einkite koncentracij\u0105 iki 2,5 ml litrui vandens, kad i\u0161vengtum\u0117te per didelio tr\u0119\u0161imo.<\/li>\n<\/ul>\n<p><strong>Taikymo b\u016bdas <\/strong>:<\/p>\n<ul>\n<li><strong>Laistant <\/strong>: Maisting\u0105j\u012f tirpal\u0105 pilkite tiesiai ant papiruso pagrindo, kad \u0161aknys j\u012f optimaliai \u012fsisavint\u0173.<\/li>\n<li><strong>panardinant \u012f tvenkin\u012f <\/strong>: \u012epilkite maistini\u0173 med\u017eiag\u0173 tirpalo \u012f tvenkinio vanden\u012f, kad maistin\u0117s med\u017eiagos palaipsniui i\u0161sisklaidyt\u0173.<\/li>\n<\/ul>\n<p><strong>Taikymo da\u017enumas <\/strong>:<\/p>\n<ul>\n<li><strong>Aktyvaus augimo laikotarpiu (pavasar\u012f-vasar\u0105) <\/strong>: Tr\u0105\u0161omis tr\u0119\u0161kite kas dvi savaites, kad paskatintum\u0117te augim\u0105 ir sustiprintum\u0117te augalo strukt\u016br\u0105.<\/li>\n<li><strong>Ramyb\u0117s periodu (ruden\u012f-\u017eiem\u0105) <\/strong>: Kad palaikytum\u0117te papiruso sveikat\u0105 ir pernelyg nestimuliuotum\u0117te jo augimo, tr\u0119\u0161kite j\u012f re\u010diau nei kart\u0105 per m\u0117nes\u012f.<\/li>\n<\/ul>\n<p><strong>Naudojimo atsargumo priemon\u0117s <\/strong>:<\/p>\n<ul>\n<li>Neperdozuokite tr\u0105\u0161\u0173, kad i\u0161vengtum\u0117te per didel\u0117s maistini\u0173 med\u017eiag\u0173 koncentracijos, kuri gali pakenkti vandens pusiausvyrai.<\/li>\n<li>Prie\u0161 tr\u0119\u0161dami visada praskieskite tr\u0105\u0161as, kad maistin\u0117s med\u017eiagos pasiskirstyt\u0173 tolygiai.<\/li>\n<li>Pageidautina purk\u0161ti ryte arba v\u0117lyv\u0105 popiet\u0119, kad maistingosios med\u017eiagos greitai nei\u0161garuot\u0173 veikiant intensyviems saul\u0117s spinduliams.<\/li>\n<\/ul>\n<p><strong>Saugojimas ir konservavimas <\/strong>:<\/p>\n<ul>\n<li>Tr\u0105\u0161as laikykite sausoje ir v\u0117sioje vietoje, atokiau nuo tiesiogin\u0117s \u0161viesos.<\/li>\n<li>Po kiekvieno naudojimo visada sandariai u\u017edarykite pakuot\u0119, kad produktas i\u0161likt\u0173 \u0161vie\u017eias ir veiksmingas.<\/li>\n<\/ul>\n<p>Naudodami \u0161ias papiruso tr\u0105\u0161as, augalui suteiksite visavert\u0119 ir subalansuot\u0105 mityb\u0105, u\u017etikrinan\u010di\u0105 energing\u0105 augim\u0105, tanki\u0105 lapij\u0105 ir ilgaam\u017ei\u0161kum\u0105. Nesvarbu, ar papirusas auginamas patalpoje, lauke, vazonuose ar tvenkinyje, \u0161is lengvai naudojamas ir ekonomi\u0161kas maistini\u0173 med\u017eiag\u0173 tirpalas leid\u017eia paprastai ir efektyviai pri\u017ei\u016br\u0117ti augal\u0105.<\/p>","protected":false},"excerpt":{"rendered":"<p>A balanced fertilizer for lush growth and vibrant foliage.\u00a0The papyrus, a tall, elegant decorative plant, requires a specific supply of nutrients to develop strong stems and dense foliage. Our NPK 15-15-15 fertilizer is perfectly balanced to meet the needs of papyrus by providing nitrogen (N) for vigorous foliage, phosphorus (P) to strengthen the root system, [&hellip;]<\/p>\n","protected":false},"featured_media":26615,"comment_status":"open","ping_status":"closed","template":"","meta":{"_uag_custom_page_level_css":"","site-sidebar-layout":"default","site-content-layout":"","ast-site-content-layout":"default","site-content-style":"default","site-sidebar-style":"default","ast-global-header-display":"","ast-banner-title-visibility":"","ast-main-header-display":"","ast-hfb-above-header-display":"","ast-hfb-below-header-display":"","ast-hfb-mobile-header-display":"","site-post-title":"","ast-breadcrumbs-content":"","ast-featured-img":"","footer-sml-layout":"","ast-disable-related-posts":"","theme-transparent-header-meta":"default","adv-header-id-meta":"","stick-header-meta":"","header-above-stick-meta":"","header-main-stick-meta":"","header-below-stick-meta":"","astra-migrate-meta-layouts":"set","ast-page-background-enabled":"default","ast-page-background-meta":{"desktop":{"background-color":"var(--ast-global-color-4)","background-image":"","background-repeat":"repeat","background-position":"center center","background-size":"auto","background-attachment":"scroll","background-type":"","background-media":"","overlay-type":"","overlay-color":"","overlay-opacity":"","overlay-gradient":""},"tablet":{"background-color":"","background-image":"","background-repeat":"repeat","background-position":"center center","background-size":"auto","background-attachment":"scroll","background-type":"","background-media":"","overlay-type":"","overlay-color":"","overlay-opacity":"","overlay-gradient":""},"mobile":{"background-color":"","background-image":"","background-repeat":"repeat","background-position":"center center","background-size":"auto","background-attachment":"scroll","background-type":"","background-media":"","overlay-type":"","overlay-color":"","overlay-opacity":"","overlay-gradient":""}},"ast-content-background-meta":{"desktop":{"background-color":"var(--ast-global-color-5)","background-image":"","background-repeat":"repeat","background-position":"center center","background-size":"auto","background-attachment":"scroll","background-type":"","background-media":"","overlay-type":"","overlay-color":"","overlay-opacity":"","overlay-gradient":""},"tablet":{"background-color":"var(--ast-global-color-5)","background-image":"","background-repeat":"repeat","background-position":"center center","background-size":"auto","background-attachment":"scroll","background-type":"","background-media":"","overlay-type":"","overlay-color":"","overlay-opacity":"","overlay-gradient":""},"mobile":{"background-color":"var(--ast-global-color-5)","background-image":"","background-repeat":"repeat","background-position":"center center","background-size":"auto","background-attachment":"scroll","background-type":"","background-media":"","overlay-type":"","overlay-color":"","overlay-opacity":"","overlay-gradient":""}}},"product_brand":[],"product_cat":[178],"product_tag":[],"class_list":{"0":"post-24758","1":"product","2":"type-product","3":"status-publish","4":"has-post-thumbnail","6":"product_cat-fertilizers","7":"desktop-align-left","8":"tablet-align-left","9":"mobile-align-left","11":"first","12":"instock","13":"sale","14":"taxable","15":"shipping-taxable","16":"purchasable","17":"product-type-variable","18":"has-default-attributes"},"spectra_custom_meta":{"_visibility":["visible"],"_shopify_product_id":["9068037538037"],"_s2w_shopify_domain":["ferberpainting.myshopify.com"],"_shopify_variant_id":["46509889126645"],"_sku":[""],"_manage_stock":["no"],"total_sales":["4"],"_tax_status":["taxable"],"_tax_class":[""],"_backorders":["no"],"_sold_individually":["no"],"_virtual":["no"],"_downloadable":["no"],"_download_limit":["-1"],"_download_expiry":["-1"],"_stock":[null],"_stock_status":["instock"],"_wc_average_rating":["4.57"],"_wc_review_count":["7"],"_product_attributes":["a:1:{s:6:\"volume\";a:6:{s:4:\"name\";s:6:\"Volume\";s:5:\"value\";s:20:\"5 liters | 25 liters\";s:8:\"position\";i:1;s:10:\"is_visible\";i:0;s:12:\"is_variation\";i:1;s:11:\"is_taxonomy\";i:0;}}"],"_product_version":["10.5.1"],"_thumbnail_id":["26615"],"_product_image_gallery":["26616"],"wpse_downloadable_file_names":[""],"wpse_downloadable_file_urls":[""],"_edit_last":["1"],"_default_attributes":["a:1:{s:6:\"volume\";s:8:\"5 liters\";}"],"_edit_lock":["1771194524:1"],"_price":["29.90","129.90"],"merchant-center-availability":["yes"],"merchant-center-category":["113"],"_wp_page_template":["default"],"site-sidebar-layout":["default"],"ast-site-content-layout":["default"],"site-content-style":["default"],"site-sidebar-style":["default"],"theme-transparent-header-meta":["default"],"_wc_rating_count":["a:2:{i:4;i:3;i:5;i:4;}"],"astra-migrate-meta-layouts":["set"],"_uag_css_file_name":["uag-css-24758.css"],"_elementor_page_assets":["a:0:{}"],"_uag_page_assets":["a:9:{s:3:\"css\";s:6873:\".wp-block-uagb-image{display:flex}.wp-block-uagb-image__figure{position:relative;display:flex;flex-direction:column;max-width:100%;height:auto;margin:0}.wp-block-uagb-image__figure img{height:auto;display:flex;max-width:100%;transition:box-shadow .2s ease}.wp-block-uagb-image__figure>a{display:inline-block}.wp-block-uagb-image__figure figcaption{text-align:center;margin-top:.5em;margin-bottom:1em}.wp-block-uagb-image .components-placeholder.block-editor-media-placeholder .components-placeholder__instructions{align-self:center}.wp-block-uagb-image--align-left{text-align:left}.wp-block-uagb-image--align-right{text-align:right}.wp-block-uagb-image--align-center{text-align:center}.wp-block-uagb-image--align-full .wp-block-uagb-image__figure{margin-left:calc(50% - 50vw);margin-right:calc(50% - 50vw);max-width:100vw;width:100vw;height:auto}.wp-block-uagb-image--align-full .wp-block-uagb-image__figure img{height:auto;width:100% !important}.wp-block-uagb-image--align-wide .wp-block-uagb-image__figure img{height:auto;width:100%}.wp-block-uagb-image--layout-overlay__color-wrapper{position:absolute;left:0;top:0;right:0;bottom:0;opacity:.2;background:rgba(0,0,0,.5);transition:opacity .35s ease-in-out}.wp-block-uagb-image--layout-overlay-link{position:absolute;left:0;right:0;bottom:0;top:0}.wp-block-uagb-image--layout-overlay .wp-block-uagb-image__figure:hover .wp-block-uagb-image--layout-overlay__color-wrapper{opacity:1}.wp-block-uagb-image--layout-overlay__inner{position:absolute;left:15px;right:15px;bottom:15px;top:15px;display:flex;align-items:center;justify-content:center;flex-direction:column;border-color:#fff;transition:.35s ease-in-out}.wp-block-uagb-image--layout-overlay__inner.top-left,.wp-block-uagb-image--layout-overlay__inner.top-center,.wp-block-uagb-image--layout-overlay__inner.top-right{justify-content:flex-start}.wp-block-uagb-image--layout-overlay__inner.bottom-left,.wp-block-uagb-image--layout-overlay__inner.bottom-center,.wp-block-uagb-image--layout-overlay__inner.bottom-right{justify-content:flex-end}.wp-block-uagb-image--layout-overlay__inner.top-left,.wp-block-uagb-image--layout-overlay__inner.center-left,.wp-block-uagb-image--layout-overlay__inner.bottom-left{align-items:flex-start}.wp-block-uagb-image--layout-overlay__inner.top-right,.wp-block-uagb-image--layout-overlay__inner.center-right,.wp-block-uagb-image--layout-overlay__inner.bottom-right{align-items:flex-end}.wp-block-uagb-image--layout-overlay__inner .uagb-image-heading{color:#fff;transition:transform .35s,opacity .35s ease-in-out;transform:translate3d(0, 24px, 0);margin:0;line-height:1em}.wp-block-uagb-image--layout-overlay__inner .uagb-image-separator{width:30%;border-top-width:2px;border-top-color:#fff;border-top-style:solid;margin-bottom:10px;opacity:0;transition:transform .4s,opacity .4s ease-in-out;transform:translate3d(0, 30px, 0)}.wp-block-uagb-image--layout-overlay__inner .uagb-image-caption{opacity:0;overflow:visible;color:#fff;transition:transform .45s,opacity .45s ease-in-out;transform:translate3d(0, 35px, 0)}.wp-block-uagb-image--layout-overlay__inner:hover .uagb-image-heading,.wp-block-uagb-image--layout-overlay__inner:hover .uagb-image-separator,.wp-block-uagb-image--layout-overlay__inner:hover .uagb-image-caption{opacity:1;transform:translate3d(0, 0, 0)}.wp-block-uagb-image--effect-zoomin .wp-block-uagb-image__figure img,.wp-block-uagb-image--effect-zoomin .wp-block-uagb-image__figure .wp-block-uagb-image--layout-overlay__color-wrapper{transform:scale(1);transition:transform .35s ease-in-out}.wp-block-uagb-image--effect-zoomin .wp-block-uagb-image__figure:hover img,.wp-block-uagb-image--effect-zoomin .wp-block-uagb-image__figure:hover .wp-block-uagb-image--layout-overlay__color-wrapper{transform:scale(1.05)}.wp-block-uagb-image--effect-slide .wp-block-uagb-image__figure img,.wp-block-uagb-image--effect-slide .wp-block-uagb-image__figure .wp-block-uagb-image--layout-overlay__color-wrapper{width:calc(100% + 40px) !important;max-width:none !important;transform:translate3d(-40px, 0, 0);transition:transform .35s ease-in-out}.wp-block-uagb-image--effect-slide .wp-block-uagb-image__figure:hover img,.wp-block-uagb-image--effect-slide .wp-block-uagb-image__figure:hover .wp-block-uagb-image--layout-overlay__color-wrapper{transform:translate3d(0, 0, 0)}.wp-block-uagb-image--effect-grayscale img{filter:grayscale(0%);transition:.35s ease-in-out}.wp-block-uagb-image--effect-grayscale:hover img{filter:grayscale(100%)}.wp-block-uagb-image--effect-blur img{filter:blur(0);transition:.35s ease-in-out}.wp-block-uagb-image--effect-blur:hover img{filter:blur(3px)}.uagb-block-e6f939b3.wp-block-uagb-image--layout-default figure img{box-shadow: 0px 0px 0 #00000070;}.uagb-block-e6f939b3.wp-block-uagb-image .wp-block-uagb-image__figure figcaption{font-style: normal;align-self: center;}.uagb-block-e6f939b3.wp-block-uagb-image--layout-overlay figure img{box-shadow: 0px 0px 0 #00000070;}.uagb-block-e6f939b3.wp-block-uagb-image--layout-overlay .wp-block-uagb-image--layout-overlay__color-wrapper{opacity: 0.2;}.uagb-block-e6f939b3.wp-block-uagb-image--layout-overlay .wp-block-uagb-image--layout-overlay__inner{left: 15px;right: 15px;top: 15px;bottom: 15px;}.uagb-block-e6f939b3.wp-block-uagb-image--layout-overlay .wp-block-uagb-image--layout-overlay__inner .uagb-image-heading{font-style: normal;color: #fff;opacity: 1;}.uagb-block-e6f939b3.wp-block-uagb-image--layout-overlay .wp-block-uagb-image--layout-overlay__inner .uagb-image-heading a{color: #fff;}.uagb-block-e6f939b3.wp-block-uagb-image--layout-overlay .wp-block-uagb-image--layout-overlay__inner .uagb-image-caption{opacity: 0;}.uagb-block-e6f939b3.wp-block-uagb-image--layout-overlay .wp-block-uagb-image__figure:hover .wp-block-uagb-image--layout-overlay__color-wrapper{opacity: 1;}.uagb-block-e6f939b3.wp-block-uagb-image .wp-block-uagb-image--layout-overlay__inner .uagb-image-separator{width: 30%;border-top-width: 2px;border-top-color: #fff;opacity: 0;}.uagb-block-e6f939b3.wp-block-uagb-image .wp-block-uagb-image__figure img{width: px;height: auto;}.uagb-block-e6f939b3.wp-block-uagb-image .wp-block-uagb-image__figure:hover .wp-block-uagb-image--layout-overlay__inner .uagb-image-caption{opacity: 1;}.uagb-block-e6f939b3.wp-block-uagb-image .wp-block-uagb-image__figure:hover .wp-block-uagb-image--layout-overlay__inner .uagb-image-separator{opacity: 1;}.uagb-block-e6f939b3.wp-block-uagb-image--layout-default figure:hover img{box-shadow: 0px 0px 0 #00000070;}.uagb-block-e6f939b3.wp-block-uagb-image--layout-overlay figure:hover img{box-shadow: 0px 0px 0 #00000070;}@media only screen and (max-width: 976px) {.uagb-block-e6f939b3.wp-block-uagb-image .wp-block-uagb-image__figure img{width: px;height: auto;}}@media only screen and (max-width: 767px) {.uagb-block-e6f939b3.wp-block-uagb-image .wp-block-uagb-image__figure img{width: px;height: auto;}}\";s:2:\"js\";s:0:\"\";s:18:\"current_block_list\";a:13:{i:0;s:11:\"core\/search\";i:1;s:10:\"core\/group\";i:2;s:12:\"core\/heading\";i:3;s:17:\"core\/latest-posts\";i:4;s:20:\"core\/latest-comments\";i:5;s:13:\"core\/archives\";i:6;s:15:\"core\/categories\";i:7;s:14:\"core\/paragraph\";i:8;s:10:\"uagb\/image\";i:9;s:11:\"core\/spacer\";i:10;s:30:\"woocommerce\/product-categories\";i:11;s:10:\"core\/image\";i:12;s:14:\"core\/shortcode\";}s:8:\"uag_flag\";b:1;s:11:\"uag_version\";s:10:\"1777321480\";s:6:\"gfonts\";a:0:{}s:10:\"gfonts_url\";s:0:\"\";s:12:\"gfonts_files\";a:0:{}s:14:\"uag_faq_layout\";b:0;}"]},"uagb_featured_image_src":{"full":["https:\/\/www.ferberpainting.com\/wp-content\/uploads\/2025\/05\/PapyrusFertilizer5L.png",2560,2560,false],"thumbnail":["https:\/\/www.ferberpainting.com\/wp-content\/uploads\/2025\/05\/PapyrusFertilizer5L-150x150.png",150,150,true],"medium":["https:\/\/www.ferberpainting.com\/wp-content\/uploads\/2025\/05\/PapyrusFertilizer5L-300x300.png",300,300,true],"medium_large":["https:\/\/www.ferberpainting.com\/wp-content\/uploads\/2025\/05\/PapyrusFertilizer5L-768x768.png",768,768,true],"large":["https:\/\/www.ferberpainting.com\/wp-content\/uploads\/2025\/05\/PapyrusFertilizer5L-1024x1024.png",1024,1024,true],"1536x1536":["https:\/\/www.ferberpainting.com\/wp-content\/uploads\/2025\/05\/PapyrusFertilizer5L-1536x1536.png",1536,1536,true],"2048x2048":["https:\/\/www.ferberpainting.com\/wp-content\/uploads\/2025\/05\/PapyrusFertilizer5L-2048x2048.png",2048,2048,true],"trp-custom-language-flag":["https:\/\/www.ferberpainting.com\/wp-content\/uploads\/2025\/05\/PapyrusFertilizer5L-12x12.png",12,12,true],"woocommerce_thumbnail":["https:\/\/www.ferberpainting.com\/wp-content\/uploads\/2025\/05\/PapyrusFertilizer5L-300x300.png",300,300,true],"woocommerce_single":["https:\/\/www.ferberpainting.com\/wp-content\/uploads\/2025\/05\/PapyrusFertilizer5L-600x600.png",600,600,true],"woocommerce_gallery_thumbnail":["https:\/\/www.ferberpainting.com\/wp-content\/uploads\/2025\/05\/PapyrusFertilizer5L-100x100.png",100,100,true]},"uagb_author_info":{"display_name":"admin","author_link":"https:\/\/www.ferberpainting.com\/lt\/author\/"},"uagb_comment_info":7,"uagb_excerpt":"A balanced fertilizer for lush growth and vibrant foliage.\u00a0The papyrus, a tall, elegant decorative plant, requires a specific supply of nutrients to develop strong stems and dense foliage. Our NPK 15-15-15 fertilizer is perfectly balanced to meet the needs of papyrus by providing nitrogen (N) for vigorous foliage, phosphorus (P) to strengthen the root system,&hellip;","_links":{"self":[{"href":"https:\/\/www.ferberpainting.com\/lt\/wp-json\/wp\/v2\/product\/24758","targetHints":{"allow":["GET"]}}],"collection":[{"href":"https:\/\/www.ferberpainting.com\/lt\/wp-json\/wp\/v2\/product"}],"about":[{"href":"https:\/\/www.ferberpainting.com\/lt\/wp-json\/wp\/v2\/types\/product"}],"replies":[{"embeddable":true,"href":"https:\/\/www.ferberpainting.com\/lt\/wp-json\/wp\/v2\/comments?post=24758"}],"version-history":[{"count":4,"href":"https:\/\/www.ferberpainting.com\/lt\/wp-json\/wp\/v2\/product\/24758\/revisions"}],"predecessor-version":[{"id":166691,"href":"https:\/\/www.ferberpainting.com\/lt\/wp-json\/wp\/v2\/product\/24758\/revisions\/166691"}],"wp:featuredmedia":[{"embeddable":true,"href":"https:\/\/www.ferberpainting.com\/lt\/wp-json\/wp\/v2\/media\/26615"}],"wp:attachment":[{"href":"https:\/\/www.ferberpainting.com\/lt\/wp-json\/wp\/v2\/media?parent=24758"}],"wp:term":[{"taxonomy":"product_brand","embeddable":true,"href":"https:\/\/www.ferberpainting.com\/lt\/wp-json\/wp\/v2\/product_brand?post=24758"},{"taxonomy":"product_cat","embeddable":true,"href":"https:\/\/www.ferberpainting.com\/lt\/wp-json\/wp\/v2\/product_cat?post=24758"},{"taxonomy":"product_tag","embeddable":true,"href":"https:\/\/www.ferberpainting.com\/lt\/wp-json\/wp\/v2\/product_tag?post=24758"}],"curies":[{"name":"wp","href":"https:\/\/api.w.org\/{rel}","templated":true}]}}