{"id":24753,"date":"2025-06-30T22:30:08","date_gmt":"2025-06-30T20:30:08","guid":{"rendered":"https:\/\/www.ferberpainting.com\/?post_type=product&#038;p=24750"},"modified":"2026-02-15T23:24:02","modified_gmt":"2026-02-15T22:24:02","slug":"paintbrush-cleaner","status":"publish","type":"product","link":"https:\/\/www.ferberpainting.com\/lt\/products\/paintbrush-cleaner\/","title":{"rendered":"Teptuk\u0173 valymo priemon\u0117"},"content":{"rendered":"<p><strong><img decoding=\"async\" style=\"margin-right: 12px;\" src=\"https:\/\/www.ferberpainting.com\/wp-content\/uploads\/2026\/02\/Check.svg\" alt=\"\" width=\"18\" height=\"15\" \/>Optimalus efektyvumas.<\/strong>\u00a0\u0160is teptukams skirtas valiklis yra specialiai sukurtas taip, kad veiksmingai pa\u0161alint\u0173 vis\u0173 r\u016b\u0161i\u0173 da\u017e\u0173 liku\u010dius, tiek vandens, tiek tirpikli\u0173 pagrindu. Jo galinga formul\u0117 greitai i\u0161tirpina \u0161vie\u017eius ar i\u0161d\u017ei\u016bvusius da\u017eus ant teptuko \u0161ereli\u0173, atkuria j\u0173 elastingum\u0105 ir pirmin\u012f veiksmingum\u0105. Jis neleid\u017eia \u0161eriams sulipti, i\u0161saugo j\u0173 kokyb\u0119 ir u\u017etikrina skland\u0173 naudojim\u0105 ateityje.<\/p>\n<p><strong><img decoding=\"async\" style=\"margin-right: 12px;\" src=\"https:\/\/www.ferberpainting.com\/wp-content\/uploads\/2026\/02\/Check.svg\" alt=\"\" width=\"18\" height=\"15\" \/>Pinig\u0173 gr\u0105\u017einimo garantija.<\/strong>\u00a0Mes visi\u0161kai pasitikime savo valymo priemon\u0117s veiksmingumu. Jei po naudojimo nesate visi\u0161kai patenkinti rezultatais, galite atgauti vis\u0105 sumok\u0117t\u0105 sum\u0105. I\u0161bandykite m\u016bs\u0173 gamin\u012f be rizikos ir suteikite antr\u0105 gyvenim\u0105 savo \u0161epet\u0117liams net po intensyvaus naudojimo.<\/p>\n<p><strong><img decoding=\"async\" style=\"margin-right: 12px;\" src=\"https:\/\/www.ferberpainting.com\/wp-content\/uploads\/2026\/02\/Check.svg\" alt=\"\" width=\"18\" height=\"15\" \/>I\u0161skirtinis universalumas.<\/strong>\u00a0\u0160is valiklis skirtas ne tik teptukams! Jis taip pat veiksmingai valo volelius, da\u017e\u0173 purk\u0161tukus, pad\u0117klus, menteles ir bet kokius kitus \u012frankius, naudojamus da\u017eant, dekoruojant ar dengiant. Jis tinka \u012fvairiems da\u017eams ir lakams, \u012fskaitant akrilinius, alkidinius, aliejinius da\u017eus, d\u0117meles, ra\u0161al\u0105 ir da\u017eus. D\u0117l savo suderinamumo su daugeliu med\u017eiag\u0173 jis tinka tiek buitiniam naudojimui, tiek statyb\u0173 profesional\u0173, da\u017eytoj\u0173 ir dekoratyvini\u0173 meninink\u0173 poreikiams.<\/p>\n<p><strong><img decoding=\"async\" style=\"margin-right: 12px;\" src=\"https:\/\/www.ferberpainting.com\/wp-content\/uploads\/2026\/02\/Check.svg\" alt=\"\" width=\"18\" height=\"15\" \/>Ekonomi\u0161kas veikimas.<\/strong>\u00a0D\u0117l 5 litr\u0173 talpos kanistro formato ir didel\u0117s koncentracijos \u0161is valytuvas pasi\u017eymi puikia verte. Nedidelio kiekio u\u017etenka keliems \u0161epe\u010diams ir \u012frankiams i\u0161valyti vienu panaudojimu. Vidutini\u0161kai vienu litru produkto galima i\u0161valyti iki 100 \u012fvairaus dyd\u017eio teptuk\u0173, tod\u0117l tai yra ekonomi\u0161kas ir veiksmingas sprendimas, skirtas reguliariam ar intensyviam naudojimui.<\/p>\n<p><strong><img decoding=\"async\" style=\"margin-right: 12px;\" src=\"https:\/\/www.ferberpainting.com\/wp-content\/uploads\/2026\/02\/Check.svg\" alt=\"\" width=\"18\" height=\"15\" \/>Saugu naudoti.<\/strong>\u00a0Skirtingai nuo a\u0161tri\u0173 tirpikli\u0173, kurie gali pa\u017eeisti \u0161epet\u0117li\u0173 \u0161erius, i\u0161sausinti rankas arba i\u0161skirti toksi\u0161kus garus, \u0161io valiklio sud\u0117tyje n\u0117ra korozij\u0105 sukelian\u010di\u0173 ar kenksming\u0173 med\u017eiag\u0173. Jis neskleid\u017eia stipri\u0173 kvap\u0173 ir nedirgina odos, tod\u0117l j\u012f saugu naudoti tiek privatiems asmenims, tiek profesionalams. Jis nekenkia med\u017eiagoms ir nesugadina sintetini\u0173 ar nat\u016brali\u0173 \u0161eri\u0173, tod\u0117l i\u0161saugo j\u0173 mink\u0161tum\u0105 ir lankstum\u0105.<\/p>\n<p><strong><img decoding=\"async\" style=\"margin-right: 12px;\" src=\"https:\/\/www.ferberpainting.com\/wp-content\/uploads\/2026\/02\/Check.svg\" alt=\"\" width=\"18\" height=\"15\" \/>Lengva naudoti.<\/strong>\u00a0\u0160is produktas yra paruo\u0161tas naudoti, jo nereikia skiesti ar sud\u0117tingai apdoroti. Tiesiog panardinkite \u0161epet\u0117l\u012f \u012f valikl\u012f, leiskite jam kelias akimirkas nusistov\u0117ti ir nuplaukite \u0161variu vandeniu. Greitas veikimas ir intuityvus naudojimas u\u017etikrina veiksming\u0105 prie\u017ei\u016br\u0105 be joki\u0173 pastang\u0173, tod\u0117l teptukus lengva valyti po kiekvieno da\u017eymo seanso.<\/p>\n<p><strong><img decoding=\"async\" style=\"margin-right: 12px;\" src=\"https:\/\/www.ferberpainting.com\/wp-content\/uploads\/2026\/02\/Check.svg\" alt=\"\" width=\"18\" height=\"15\" \/>I\u0161pl\u0117stinis patvarumas.<\/strong>\u00a0Veiksmingai pa\u0161alindamas da\u017e\u0173 liku\u010dius ir i\u0161saugodamas \u0161ereli\u0173 lankstum\u0105, \u0161is valiklis gerokai prailgina \u0161epe\u010di\u0173 tarnavimo laik\u0105. Jis apsaugo nuo ankstyvo sukiet\u0117jimo, ma\u017eina nusid\u0117v\u0117jim\u0105 ir u\u017etikrina ilgalaik\u012f tepimo na\u0161um\u0105. Reguliari prie\u017ei\u016bra \u0161iuo produktu u\u017etikrina, kad \u0161epe\u010diai visada b\u016bt\u0173 paruo\u0161ti naudoti, ir padeda i\u0161vengti atliek\u0173 d\u0117l netinkam\u0173 naudoti \u012franki\u0173.<\/p>\n<p><strong><img decoding=\"async\" style=\"margin-right: 12px;\" src=\"https:\/\/www.ferberpainting.com\/wp-content\/uploads\/2026\/02\/Check.svg\" alt=\"\" width=\"18\" height=\"15\" \/>Greitas veiksmas.<\/strong>\u00a0D\u0117l itin aktyvios formul\u0117s \u0161is valiklis i\u0161 karto veikia da\u017e\u0173 liku\u010dius, i\u0161tirpindamas juos per kelias sekundes. Tai greitas ir veiksmingas valymas, idealiai tinkantis profesionalams, norintiems greitai pri\u017ei\u016br\u0117ti savo \u012frankius tarp sesij\u0173, arba asmenims, norintiems saugoti teptukus be stipraus \u0161veitimo.<\/p>\n<h2><strong>Naudojimo protokolas<\/strong><\/h2>\n<ul>\n<li><strong>Paruo\u0161imas <\/strong>: Prie\u0161 panardindami teptukus \u012f gamin\u012f, \u012fsitikinkite, kad nuo j\u0173 nuvalytas da\u017e\u0173 perteklius, lengvai nusausinkite juos skudur\u0117liu arba popieriniu rank\u0161luos\u010diu.<\/li>\n<li><strong>\u0160epe\u010di\u0173 valymas <\/strong>: \u012e tinkam\u0105 ind\u0105 \u012fpilkite pakankam\u0105 kiek\u012f valiklio, tada panardinkite \u0161epet\u0117l\u012f \u012f skyst\u012f, \u0161velniai mai\u0161ydami, kad \u0161ereliai visi\u0161kai prisigert\u0173. Palikite kelioms minut\u0117ms, kad priemon\u0117 i\u0161tirpint\u0173 da\u017e\u0173 liku\u010dius.<\/li>\n<li><strong>U\u017esispyrusi\u0173 d\u0117mi\u0173 apdorojimas <\/strong>: \u0160epet\u0117lius su i\u0161d\u017ei\u016bvusiais, susig\u0117rusiais da\u017eais leiskite jiems mirkti ilgiau (iki 30 minu\u010di\u0173) ir tik tada \u0161velniai nu\u0161veiskite \u0161erius mink\u0161tu \u0161epet\u0117liu arba neabrazyvine kempine.<\/li>\n<li><strong>Skalavimas <\/strong>: Kruop\u0161\u010diai nuplaukite \u0161epet\u0117l\u012f po \u0161variu vandeniu, pir\u0161tais \u0161velniai paskirstydami \u0161erius, kad pa\u0161alintum\u0117te visus valiklio ir i\u0161tirpusi\u0173 da\u017e\u0173 liku\u010dius.<\/li>\n<li><strong>D\u017eiovinimas ir apdaila <\/strong>: \u0160velniai i\u0161skalaukite \u0161epet\u0117l\u012f \u0161varia \u0161luoste, pakeiskite jo form\u0105 ir leiskite jam i\u0161d\u017ei\u016bti - geriausia pakabinti arba pad\u0117ti lygiai, kad \u0161eriai nesideformuot\u0173.<\/li>\n<li><strong>Kit\u0173 \u012franki\u0173 valymas <\/strong>: Naudokite t\u0105 pat\u012f metod\u0105 voleliams, mentelei ir pad\u0117klams, prie\u0161 nuplaudami juos lengvai patrinkite \u0161luoste, sumirkyta valiklyje.<\/li>\n<li><strong>Naudojimo da\u017enumas <\/strong>: Tepkite po kiekvieno da\u017eymo, kad i\u0161vengtum\u0117te liku\u010di\u0173 kaupimosi ir i\u0161saugotum\u0117te \u012franki\u0173 kokyb\u0119. Jei norite atlikti gilumin\u012f valym\u0105, kart\u0105 per m\u0117nes\u012f suplanuokite intensyvesn\u012f valym\u0105, kad pa\u0161alintum\u0117te pluo\u0161tuose susikaupusias nuos\u0117das.<\/li>\n<li><strong>Saugykla <\/strong>: Po kiekvieno naudojimo sandariai u\u017edarykite talpykl\u0119 ir laikykite j\u0105 v\u0117sioje, sausoje, apsaugotoje nuo \u0161viesos ir ekstremalios temperat\u016bros vietoje, kad produktas ilgai i\u0161likt\u0173 veiksmingas.<\/li>\n<\/ul>\n<p>Naudodami m\u016bs\u0173 teptuk\u0173 valikl\u012f u\u017etikrinsite veiksming\u0105 ir lengv\u0105 prie\u017ei\u016br\u0105, i\u0161saugodami savo \u012franki\u0173 elastingum\u0105 ir ilgaam\u017ei\u0161kum\u0105. Idealus sprendimas, kad teptukai visada b\u016bt\u0173 paruo\u0161ti naudoti ir u\u017etikrint\u0173 optimali\u0105 tepimo kokyb\u0119.<\/p>","protected":false},"excerpt":{"rendered":"<p>Optimal Efficiency.\u00a0This cleaner for paintbrushes is specially designed to effectively remove all types of paint residues, whether water-based or solvent-based. Its powerful formula quickly dissolves fresh or dried paint on brush bristles, restoring their suppleness and original effectiveness. It prevents clumping of bristles, preserves their quality, and ensures smooth application for future uses. Money-back guarantee.\u00a0We [&hellip;]<\/p>\n","protected":false},"featured_media":36024,"comment_status":"open","ping_status":"closed","template":"","meta":{"_uag_custom_page_level_css":"","site-sidebar-layout":"default","site-content-layout":"","ast-site-content-layout":"default","site-content-style":"default","site-sidebar-style":"default","ast-global-header-display":"","ast-banner-title-visibility":"","ast-main-header-display":"","ast-hfb-above-header-display":"","ast-hfb-below-header-display":"","ast-hfb-mobile-header-display":"","site-post-title":"","ast-breadcrumbs-content":"","ast-featured-img":"","footer-sml-layout":"","ast-disable-related-posts":"","theme-transparent-header-meta":"default","adv-header-id-meta":"","stick-header-meta":"","header-above-stick-meta":"","header-main-stick-meta":"","header-below-stick-meta":"","astra-migrate-meta-layouts":"set","ast-page-background-enabled":"default","ast-page-background-meta":{"desktop":{"background-color":"var(--ast-global-color-4)","background-image":"","background-repeat":"repeat","background-position":"center center","background-size":"auto","background-attachment":"scroll","background-type":"","background-media":"","overlay-type":"","overlay-color":"","overlay-opacity":"","overlay-gradient":""},"tablet":{"background-color":"","background-image":"","background-repeat":"repeat","background-position":"center center","background-size":"auto","background-attachment":"scroll","background-type":"","background-media":"","overlay-type":"","overlay-color":"","overlay-opacity":"","overlay-gradient":""},"mobile":{"background-color":"","background-image":"","background-repeat":"repeat","background-position":"center center","background-size":"auto","background-attachment":"scroll","background-type":"","background-media":"","overlay-type":"","overlay-color":"","overlay-opacity":"","overlay-gradient":""}},"ast-content-background-meta":{"desktop":{"background-color":"var(--ast-global-color-5)","background-image":"","background-repeat":"repeat","background-position":"center center","background-size":"auto","background-attachment":"scroll","background-type":"","background-media":"","overlay-type":"","overlay-color":"","overlay-opacity":"","overlay-gradient":""},"tablet":{"background-color":"var(--ast-global-color-5)","background-image":"","background-repeat":"repeat","background-position":"center center","background-size":"auto","background-attachment":"scroll","background-type":"","background-media":"","overlay-type":"","overlay-color":"","overlay-opacity":"","overlay-gradient":""},"mobile":{"background-color":"var(--ast-global-color-5)","background-image":"","background-repeat":"repeat","background-position":"center center","background-size":"auto","background-attachment":"scroll","background-type":"","background-media":"","overlay-type":"","overlay-color":"","overlay-opacity":"","overlay-gradient":""}}},"product_brand":[],"product_cat":[175],"product_tag":[],"class_list":{"0":"post-24753","1":"product","2":"type-product","3":"status-publish","4":"has-post-thumbnail","6":"product_cat-cleaning-products","7":"desktop-align-left","8":"tablet-align-left","9":"mobile-align-left","11":"first","12":"instock","13":"sale","14":"taxable","15":"shipping-taxable","16":"purchasable","17":"product-type-variable","18":"has-default-attributes"},"spectra_custom_meta":{"_visibility":["visible"],"_shopify_product_id":["9106220974325"],"_s2w_shopify_domain":["ferberpainting.myshopify.com"],"_shopify_variant_id":["46625708441845"],"_sku":[""],"_manage_stock":["no"],"total_sales":["14"],"_tax_status":["taxable"],"_tax_class":[""],"_backorders":["no"],"_sold_individually":["no"],"_virtual":["no"],"_downloadable":["no"],"_download_limit":["-1"],"_download_expiry":["-1"],"_stock":[null],"_stock_status":["instock"],"_wc_average_rating":["5.00"],"_wc_review_count":["12"],"_product_attributes":["a:1:{s:6:\"volume\";a:6:{s:4:\"name\";s:6:\"Volume\";s:5:\"value\";s:20:\"5 liters | 25 liters\";s:8:\"position\";i:1;s:10:\"is_visible\";i:0;s:12:\"is_variation\";i:1;s:11:\"is_taxonomy\";i:0;}}"],"_product_version":["10.5.1"],"wpse_downloadable_file_names":[""],"wpse_downloadable_file_urls":[""],"_edit_last":["1"],"_default_attributes":["a:1:{s:6:\"volume\";s:8:\"5 liters\";}"],"_edit_lock":["1771194149:1"],"_price":["29.90","129.90"],"merchant-center-availability":["yes"],"merchant-center-category":["328062"],"_thumbnail_id":["36024"],"_wp_page_template":["default"],"_wp_old_date":["2025-05-26"],"_product_image_gallery":["36026"],"site-sidebar-layout":["default"],"ast-site-content-layout":["default"],"site-content-style":["default"],"site-sidebar-style":["default"],"theme-transparent-header-meta":["default"],"_wc_rating_count":["a:1:{i:5;i:12;}"],"astra-migrate-meta-layouts":["set"],"_uag_css_file_name":["uag-css-24753.css"],"_elementor_page_assets":["a:0:{}"],"_uag_page_assets":["a:9:{s:3:\"css\";s:7133:\".uag-blocks-common-selector{z-index:var(--z-index-desktop) !important}@media(max-width: 976px){.uag-blocks-common-selector{z-index:var(--z-index-tablet) !important}}@media(max-width: 767px){.uag-blocks-common-selector{z-index:var(--z-index-mobile) !important}}.wp-block-uagb-image{display:flex}.wp-block-uagb-image__figure{position:relative;display:flex;flex-direction:column;max-width:100%;height:auto;margin:0}.wp-block-uagb-image__figure img{height:auto;display:flex;max-width:100%;transition:box-shadow .2s ease}.wp-block-uagb-image__figure>a{display:inline-block}.wp-block-uagb-image__figure figcaption{text-align:center;margin-top:.5em;margin-bottom:1em}.wp-block-uagb-image .components-placeholder.block-editor-media-placeholder .components-placeholder__instructions{align-self:center}.wp-block-uagb-image--align-left{text-align:left}.wp-block-uagb-image--align-right{text-align:right}.wp-block-uagb-image--align-center{text-align:center}.wp-block-uagb-image--align-full .wp-block-uagb-image__figure{margin-left:calc(50% - 50vw);margin-right:calc(50% - 50vw);max-width:100vw;width:100vw;height:auto}.wp-block-uagb-image--align-full .wp-block-uagb-image__figure img{height:auto;width:100% !important}.wp-block-uagb-image--align-wide .wp-block-uagb-image__figure img{height:auto;width:100%}.wp-block-uagb-image--layout-overlay__color-wrapper{position:absolute;left:0;top:0;right:0;bottom:0;opacity:.2;background:rgba(0,0,0,.5);transition:opacity .35s ease-in-out}.wp-block-uagb-image--layout-overlay-link{position:absolute;left:0;right:0;bottom:0;top:0}.wp-block-uagb-image--layout-overlay .wp-block-uagb-image__figure:hover .wp-block-uagb-image--layout-overlay__color-wrapper{opacity:1}.wp-block-uagb-image--layout-overlay__inner{position:absolute;left:15px;right:15px;bottom:15px;top:15px;display:flex;align-items:center;justify-content:center;flex-direction:column;border-color:#fff;transition:.35s ease-in-out}.wp-block-uagb-image--layout-overlay__inner.top-left,.wp-block-uagb-image--layout-overlay__inner.top-center,.wp-block-uagb-image--layout-overlay__inner.top-right{justify-content:flex-start}.wp-block-uagb-image--layout-overlay__inner.bottom-left,.wp-block-uagb-image--layout-overlay__inner.bottom-center,.wp-block-uagb-image--layout-overlay__inner.bottom-right{justify-content:flex-end}.wp-block-uagb-image--layout-overlay__inner.top-left,.wp-block-uagb-image--layout-overlay__inner.center-left,.wp-block-uagb-image--layout-overlay__inner.bottom-left{align-items:flex-start}.wp-block-uagb-image--layout-overlay__inner.top-right,.wp-block-uagb-image--layout-overlay__inner.center-right,.wp-block-uagb-image--layout-overlay__inner.bottom-right{align-items:flex-end}.wp-block-uagb-image--layout-overlay__inner .uagb-image-heading{color:#fff;transition:transform .35s,opacity .35s ease-in-out;transform:translate3d(0, 24px, 0);margin:0;line-height:1em}.wp-block-uagb-image--layout-overlay__inner .uagb-image-separator{width:30%;border-top-width:2px;border-top-color:#fff;border-top-style:solid;margin-bottom:10px;opacity:0;transition:transform .4s,opacity .4s ease-in-out;transform:translate3d(0, 30px, 0)}.wp-block-uagb-image--layout-overlay__inner .uagb-image-caption{opacity:0;overflow:visible;color:#fff;transition:transform .45s,opacity .45s ease-in-out;transform:translate3d(0, 35px, 0)}.wp-block-uagb-image--layout-overlay__inner:hover .uagb-image-heading,.wp-block-uagb-image--layout-overlay__inner:hover .uagb-image-separator,.wp-block-uagb-image--layout-overlay__inner:hover .uagb-image-caption{opacity:1;transform:translate3d(0, 0, 0)}.wp-block-uagb-image--effect-zoomin .wp-block-uagb-image__figure img,.wp-block-uagb-image--effect-zoomin .wp-block-uagb-image__figure .wp-block-uagb-image--layout-overlay__color-wrapper{transform:scale(1);transition:transform .35s ease-in-out}.wp-block-uagb-image--effect-zoomin .wp-block-uagb-image__figure:hover img,.wp-block-uagb-image--effect-zoomin .wp-block-uagb-image__figure:hover .wp-block-uagb-image--layout-overlay__color-wrapper{transform:scale(1.05)}.wp-block-uagb-image--effect-slide .wp-block-uagb-image__figure img,.wp-block-uagb-image--effect-slide .wp-block-uagb-image__figure .wp-block-uagb-image--layout-overlay__color-wrapper{width:calc(100% + 40px) !important;max-width:none !important;transform:translate3d(-40px, 0, 0);transition:transform .35s ease-in-out}.wp-block-uagb-image--effect-slide .wp-block-uagb-image__figure:hover img,.wp-block-uagb-image--effect-slide .wp-block-uagb-image__figure:hover .wp-block-uagb-image--layout-overlay__color-wrapper{transform:translate3d(0, 0, 0)}.wp-block-uagb-image--effect-grayscale img{filter:grayscale(0%);transition:.35s ease-in-out}.wp-block-uagb-image--effect-grayscale:hover img{filter:grayscale(100%)}.wp-block-uagb-image--effect-blur img{filter:blur(0);transition:.35s ease-in-out}.wp-block-uagb-image--effect-blur:hover img{filter:blur(3px)}.uagb-block-e6f939b3.wp-block-uagb-image--layout-default figure img{box-shadow: 0px 0px 0 #00000070;}.uagb-block-e6f939b3.wp-block-uagb-image .wp-block-uagb-image__figure figcaption{font-style: normal;align-self: center;}.uagb-block-e6f939b3.wp-block-uagb-image--layout-overlay figure img{box-shadow: 0px 0px 0 #00000070;}.uagb-block-e6f939b3.wp-block-uagb-image--layout-overlay .wp-block-uagb-image--layout-overlay__color-wrapper{opacity: 0.2;}.uagb-block-e6f939b3.wp-block-uagb-image--layout-overlay .wp-block-uagb-image--layout-overlay__inner{left: 15px;right: 15px;top: 15px;bottom: 15px;}.uagb-block-e6f939b3.wp-block-uagb-image--layout-overlay .wp-block-uagb-image--layout-overlay__inner .uagb-image-heading{font-style: normal;color: #fff;opacity: 1;}.uagb-block-e6f939b3.wp-block-uagb-image--layout-overlay .wp-block-uagb-image--layout-overlay__inner .uagb-image-heading a{color: #fff;}.uagb-block-e6f939b3.wp-block-uagb-image--layout-overlay .wp-block-uagb-image--layout-overlay__inner .uagb-image-caption{opacity: 0;}.uagb-block-e6f939b3.wp-block-uagb-image--layout-overlay .wp-block-uagb-image__figure:hover .wp-block-uagb-image--layout-overlay__color-wrapper{opacity: 1;}.uagb-block-e6f939b3.wp-block-uagb-image .wp-block-uagb-image--layout-overlay__inner .uagb-image-separator{width: 30%;border-top-width: 2px;border-top-color: #fff;opacity: 0;}.uagb-block-e6f939b3.wp-block-uagb-image .wp-block-uagb-image__figure img{width: px;height: auto;}.uagb-block-e6f939b3.wp-block-uagb-image .wp-block-uagb-image__figure:hover .wp-block-uagb-image--layout-overlay__inner .uagb-image-caption{opacity: 1;}.uagb-block-e6f939b3.wp-block-uagb-image .wp-block-uagb-image__figure:hover .wp-block-uagb-image--layout-overlay__inner .uagb-image-separator{opacity: 1;}.uagb-block-e6f939b3.wp-block-uagb-image--layout-default figure:hover img{box-shadow: 0px 0px 0 #00000070;}.uagb-block-e6f939b3.wp-block-uagb-image--layout-overlay figure:hover img{box-shadow: 0px 0px 0 #00000070;}@media only screen and (max-width: 976px) {.uagb-block-e6f939b3.wp-block-uagb-image .wp-block-uagb-image__figure img{width: px;height: auto;}}@media only screen and (max-width: 767px) {.uagb-block-e6f939b3.wp-block-uagb-image .wp-block-uagb-image__figure img{width: px;height: auto;}}\";s:2:\"js\";s:0:\"\";s:18:\"current_block_list\";a:13:{i:0;s:11:\"core\/search\";i:1;s:10:\"core\/group\";i:2;s:12:\"core\/heading\";i:3;s:17:\"core\/latest-posts\";i:4;s:20:\"core\/latest-comments\";i:5;s:13:\"core\/archives\";i:6;s:15:\"core\/categories\";i:7;s:14:\"core\/paragraph\";i:8;s:10:\"uagb\/image\";i:9;s:11:\"core\/spacer\";i:10;s:30:\"woocommerce\/product-categories\";i:11;s:10:\"core\/image\";i:12;s:14:\"core\/shortcode\";}s:8:\"uag_flag\";b:1;s:11:\"uag_version\";s:10:\"1777228580\";s:6:\"gfonts\";a:0:{}s:10:\"gfonts_url\";s:0:\"\";s:12:\"gfonts_files\";a:0:{}s:14:\"uag_faq_layout\";b:0;}"]},"uagb_featured_image_src":{"full":["https:\/\/www.ferberpainting.com\/wp-content\/uploads\/2025\/05\/Paintbrush-Cleaner-5L-.png",2560,2560,false],"thumbnail":["https:\/\/www.ferberpainting.com\/wp-content\/uploads\/2025\/05\/Paintbrush-Cleaner-5L--150x150.png",150,150,true],"medium":["https:\/\/www.ferberpainting.com\/wp-content\/uploads\/2025\/05\/Paintbrush-Cleaner-5L--300x300.png",300,300,true],"medium_large":["https:\/\/www.ferberpainting.com\/wp-content\/uploads\/2025\/05\/Paintbrush-Cleaner-5L--768x768.png",768,768,true],"large":["https:\/\/www.ferberpainting.com\/wp-content\/uploads\/2025\/05\/Paintbrush-Cleaner-5L--1024x1024.png",1024,1024,true],"1536x1536":["https:\/\/www.ferberpainting.com\/wp-content\/uploads\/2025\/05\/Paintbrush-Cleaner-5L--1536x1536.png",1536,1536,true],"2048x2048":["https:\/\/www.ferberpainting.com\/wp-content\/uploads\/2025\/05\/Paintbrush-Cleaner-5L--2048x2048.png",2048,2048,true],"trp-custom-language-flag":["https:\/\/www.ferberpainting.com\/wp-content\/uploads\/2025\/05\/Paintbrush-Cleaner-5L--12x12.png",12,12,true],"woocommerce_thumbnail":["https:\/\/www.ferberpainting.com\/wp-content\/uploads\/2025\/05\/Paintbrush-Cleaner-5L--300x300.png",300,300,true],"woocommerce_single":["https:\/\/www.ferberpainting.com\/wp-content\/uploads\/2025\/05\/Paintbrush-Cleaner-5L--600x600.png",600,600,true],"woocommerce_gallery_thumbnail":["https:\/\/www.ferberpainting.com\/wp-content\/uploads\/2025\/05\/Paintbrush-Cleaner-5L--100x100.png",100,100,true]},"uagb_author_info":{"display_name":"admin","author_link":"https:\/\/www.ferberpainting.com\/lt\/author\/"},"uagb_comment_info":12,"uagb_excerpt":"Optimal Efficiency.\u00a0This cleaner for paintbrushes is specially designed to effectively remove all types of paint residues, whether water-based or solvent-based. Its powerful formula quickly dissolves fresh or dried paint on brush bristles, restoring their suppleness and original effectiveness. It prevents clumping of bristles, preserves their quality, and ensures smooth application for future uses. Money-back guarantee.\u00a0We&hellip;","_links":{"self":[{"href":"https:\/\/www.ferberpainting.com\/lt\/wp-json\/wp\/v2\/product\/24753","targetHints":{"allow":["GET"]}}],"collection":[{"href":"https:\/\/www.ferberpainting.com\/lt\/wp-json\/wp\/v2\/product"}],"about":[{"href":"https:\/\/www.ferberpainting.com\/lt\/wp-json\/wp\/v2\/types\/product"}],"replies":[{"embeddable":true,"href":"https:\/\/www.ferberpainting.com\/lt\/wp-json\/wp\/v2\/comments?post=24753"}],"version-history":[{"count":3,"href":"https:\/\/www.ferberpainting.com\/lt\/wp-json\/wp\/v2\/product\/24753\/revisions"}],"predecessor-version":[{"id":166681,"href":"https:\/\/www.ferberpainting.com\/lt\/wp-json\/wp\/v2\/product\/24753\/revisions\/166681"}],"wp:featuredmedia":[{"embeddable":true,"href":"https:\/\/www.ferberpainting.com\/lt\/wp-json\/wp\/v2\/media\/36024"}],"wp:attachment":[{"href":"https:\/\/www.ferberpainting.com\/lt\/wp-json\/wp\/v2\/media?parent=24753"}],"wp:term":[{"taxonomy":"product_brand","embeddable":true,"href":"https:\/\/www.ferberpainting.com\/lt\/wp-json\/wp\/v2\/product_brand?post=24753"},{"taxonomy":"product_cat","embeddable":true,"href":"https:\/\/www.ferberpainting.com\/lt\/wp-json\/wp\/v2\/product_cat?post=24753"},{"taxonomy":"product_tag","embeddable":true,"href":"https:\/\/www.ferberpainting.com\/lt\/wp-json\/wp\/v2\/product_tag?post=24753"}],"curies":[{"name":"wp","href":"https:\/\/api.w.org\/{rel}","templated":true}]}}