{"id":24750,"date":"2025-07-01T00:26:12","date_gmt":"2025-06-30T22:26:12","guid":{"rendered":"https:\/\/www.ferberpainting.com\/?post_type=product&#038;p=24750"},"modified":"2026-02-15T23:22:25","modified_gmt":"2026-02-15T22:22:25","slug":"paint-thinner","status":"publish","type":"product","link":"https:\/\/www.ferberpainting.com\/lt\/products\/paint-thinner\/","title":{"rendered":"Da\u017e\u0173 skiediklis"},"content":{"rendered":"<p><strong><img decoding=\"async\" style=\"margin-right: 12px;\" src=\"https:\/\/www.ferberpainting.com\/wp-content\/uploads\/2026\/02\/Check.svg\" alt=\"\" width=\"18\" height=\"15\" \/>Optimalus efektyvumas.<\/strong>\u00a0\u0160is da\u017e\u0173 skiediklis specialiai sukurtas da\u017eams skied\u017eiant, nekei\u010diant j\u0173 chemin\u0117s sud\u0117ties ir dengiamosios gebos. Jis yra idealios konsistencijos, kad da\u017eai b\u016bt\u0173 tepami skland\u017eiai, be dry\u017ei\u0173. Puikiai tinka tirpikli\u0173 pagrindu pagamintiems da\u017eams, tokiems kaip alkidiniai, lakai, lakai ir pramonin\u0117s dangos. D\u0117l greito veikimo u\u017etikrina homogeni\u0161k\u0105 mi\u0161in\u012f ir palengvina da\u017e\u0173 u\u017etepim\u0105 teptuku, voleliu ar purk\u0161tuvu.<\/p>\n<p><strong><img decoding=\"async\" style=\"margin-right: 12px;\" src=\"https:\/\/www.ferberpainting.com\/wp-content\/uploads\/2026\/02\/Check.svg\" alt=\"\" width=\"18\" height=\"15\" \/>Pinig\u0173 gr\u0105\u017einimo garantija.<\/strong>\u00a0Visi\u0161kai pasitikime savo da\u017e\u0173 skiediklio veiksmingumu. Jei po naudojimo nesate visi\u0161kai patenkinti rezultatais, galite atgauti vis\u0105 sumok\u0117t\u0105 sum\u0105. Ramiai i\u0161bandykite m\u016bs\u0173 produkt\u0105 ir m\u0117gaukit\u0117s patikimu ir veiksmingu sprendimu visiems da\u017eymo poreikiams.<\/p>\n<p><strong><img decoding=\"async\" style=\"margin-right: 12px;\" src=\"https:\/\/www.ferberpainting.com\/wp-content\/uploads\/2026\/02\/Check.svg\" alt=\"\" width=\"18\" height=\"15\" \/>I\u0161skirtinis universalumas.<\/strong>\u00a0\u0160is skiediklis skirtas ne tik da\u017eams skiesti! Jis taip pat veiksmingai valo da\u017eymo \u012frankius, tokius kaip teptukai, voleliai, pur\u0161kimo pistoletai ir kita \u012franga. Be to, juo galima pa\u0161alinti da\u017e\u0173 d\u0117mes nuo toki\u0173 pavir\u0161i\u0173 kaip metalas, medis, PVC ir kai kuri\u0173 nepor\u0117t\u0173 akmen\u0173. Jis idealiai tinka lakams skiesti ir j\u0173 d\u017ei\u016bvimui pagreitinti, kartu u\u017etikrinant nepriekai\u0161ting\u0105 apdail\u0105.<\/p>\n<p><strong><img decoding=\"async\" style=\"margin-right: 12px;\" src=\"https:\/\/www.ferberpainting.com\/wp-content\/uploads\/2026\/02\/Check.svg\" alt=\"\" width=\"18\" height=\"15\" \/>Ekonomi\u0161kas veikimas.<\/strong>\u00a0D\u0117l didelio efektyvumo \u0161is skiediklis padeda suma\u017einti sunaudojam\u0173 da\u017e\u0173 kiek\u012f, kartu u\u017etikrindamas skland\u0173 ir tolyg\u0173 da\u017eym\u0105. 5 litr\u0173 talpykl\u0105 galima naudoti dideliam da\u017eymo plotui, atsi\u017evelgiant \u012f gamintojo rekomenduojam\u0105 skiedimo norm\u0105. Vienam litrui da\u017e\u0173 vidutini\u0161kai u\u017etenka 100-250 ml skiediklio, taip optimizuojant naudojim\u0105 ir suma\u017einant tiekimo i\u0161laidas.<\/p>\n<p><strong><img decoding=\"async\" style=\"margin-right: 12px;\" src=\"https:\/\/www.ferberpainting.com\/wp-content\/uploads\/2026\/02\/Check.svg\" alt=\"\" width=\"18\" height=\"15\" \/>Saugu naudoti.<\/strong>\u00a0Skirtingai nei \u012fprasti skiedikliai, kurie skleid\u017eia agresyvius garus ir dirgina od\u0105, \u0161is produktas sukurtas taip, kad jo naudojimas kelt\u0173 kuo ma\u017eesn\u012f pavoj\u0173 sveikatai. Jo sud\u0117tyje n\u0117ra korozini\u0173 med\u017eiag\u0173, galin\u010di\u0173 pakenkti da\u017eytiems pavir\u0161iams, ir jis atitinka galiojan\u010dius aplinkosaugos standartus. Rekomenduojama j\u012f naudoti v\u0117dinamoje patalpoje, ta\u010diau jis i\u0161lieka saugus naudotojams, kai naudojamas pagal instrukcijas.<\/p>\n<p><strong><img decoding=\"async\" style=\"margin-right: 12px;\" src=\"https:\/\/www.ferberpainting.com\/wp-content\/uploads\/2026\/02\/Check.svg\" alt=\"\" width=\"18\" height=\"15\" \/>Lengva naudoti.<\/strong>\u00a0\u0160is produktas yra paruo\u0161tas naudoti ir jam nereikia jokio specialaus paruo\u0161imo. Tiesiog \u012fpilkite jo tiesiai \u012f da\u017eus ir mai\u0161ykite, kol pasieksite norim\u0105 konsistencij\u0105. D\u0117l intuityvaus naudojimo juo gali naudotis visi - tiek profesionalai, tiek meistrai, dirbantys patalpose ar lauke. Jo greitas veiksmingumas u\u017etikrina lygi\u0105 ir tolygi\u0105 apdail\u0105, nedarant \u012ftakos da\u017e\u0173 dengiamosioms ar sukibimo savyb\u0117ms.<\/p>\n<p><strong><img decoding=\"async\" style=\"margin-right: 12px;\" src=\"https:\/\/www.ferberpainting.com\/wp-content\/uploads\/2026\/02\/Check.svg\" alt=\"\" width=\"18\" height=\"15\" \/>I\u0161pl\u0117stinis patvarumas.<\/strong>\u00a0Prid\u0117jus \u0161io skiediklio, galima optimizuoti da\u017e\u0173 laikymo trukm\u0119, nes jie nesutir\u0161t\u0117ja ir juos lengviau laikyti ilg\u0105 laik\u0105. Jis apsaugo nuo gumul\u0117li\u0173 susidarymo ir u\u017etikrina ideal\u0173 tirpikli\u0173 pagrindu pagamint\u0173 da\u017e\u0173 i\u0161saugojim\u0105. Be to, gerindamas tepim\u0105 ir sukibim\u0105, jis prailgina da\u017eyt\u0173 pavir\u0161i\u0173 patvarum\u0105 nuo lauko s\u0105lyg\u0173, toki\u0173 kaip dr\u0117gm\u0117, UV spinduliai ir temperat\u016bros poky\u010diai.<\/p>\n<p><strong><img decoding=\"async\" style=\"margin-right: 12px;\" src=\"https:\/\/www.ferberpainting.com\/wp-content\/uploads\/2026\/02\/Check.svg\" alt=\"\" width=\"18\" height=\"15\" \/>Greitas veiksmas.<\/strong>\u00a0D\u0117l itin aktyvios sud\u0117ties \u0161is skiediklis akimirksniu pagerina da\u017e\u0173 tek\u0117jim\u0105 ir palengvina j\u0173 tepim\u0105. Jis taupo laik\u0105, nes padeda i\u0161vengti taisym\u0173 d\u0117l prastos konsistencijos. D\u0117l jo tiesioginio veikimo u\u017etikrinamas sklandesnis ir tolygesnis da\u017e\u0173 dengimas, o i\u0161d\u017ei\u016bvus nesimato joki\u0173 matom\u0173 defekt\u0173.<\/p>\n<h2><strong>Naudojimo protokolas<\/strong><\/h2>\n<ul>\n<li><strong>Paruo\u0161imas <\/strong>: Prie\u0161 \u012fpilant skiediklio, \u012fsitikinkite, kad skied\u017eiami da\u017eai yra gerai i\u0161mai\u0161yti ir neturi gumuliuk\u0173. Kad pasiektum\u0117te geriausius rezultatus, prie\u0161 bet koki\u0105 operacij\u0105 da\u017eus kruop\u0161\u010diai i\u0161mai\u0161ykite.<\/li>\n<li><strong>Skiedimo taikymas <\/strong>: Palaipsniui pilkite skiedikl\u012f \u012f da\u017eus, laikydamiesi gamintojo rekomenduojamo santykio. Paprastai 1 litrui da\u017e\u0173 u\u017etenka 10% skiediklio teptuku arba voleliu, o pur\u0161kiant gali prireikti 20-30%. Kruop\u0161\u010diai i\u0161mai\u0161ykite, kol da\u017eai taps skystos, tolygios konsistencijos.<\/li>\n<li><strong>\u012eranki\u0173 valymas <\/strong>: Po da\u017eymo teptukus, volelius ir pur\u0161kimo pistoletus pamirkykite skiediklyje, kad pa\u0161alintum\u0117te da\u017e\u0173 liku\u010dius ir i\u0161vengtum\u0117te sukiet\u0117jimo. Palikite kelioms minut\u0117ms, tada kruop\u0161\u010diai nuplaukite \u0161variu vandeniu ir mink\u0161ta \u0161luoste.<\/li>\n<li><strong>D\u0117mi\u0173 \u0161alinimas <\/strong>: Nor\u0117dami pa\u0161alinti \u0161vie\u017eius da\u017eus nuo toki\u0173 pavir\u0161i\u0173 kaip metalas, medis ar PVC, pamirkykite skudur\u0117l\u012f skiediklyje ir \u0161velniai patrinkite pa\u017eeist\u0105 viet\u0105. Jei reikia, nuplaukite \u0161variu vandeniu, kad pa\u0161alintum\u0117te tirpiklio liku\u010dius.<\/li>\n<li><strong>Apdaila ir apsauga <\/strong>: Kad pagerintum\u0117te sukibim\u0105 ir sluoksnio apdail\u0105, laikykit\u0117s rekomenduojamo skiedimo santykio ir prie\u0161 tepdami kruop\u0161\u010diai i\u0161mai\u0161ykite. Tinkamas praskiedimas apsaugo nuo spalvos svyravim\u0173 ir u\u017etikrina tolyg\u0173, lyg\u0173 pavir\u0161i\u0173.<\/li>\n<li><strong>Naudojimo da\u017enumas <\/strong>: Naudokite kiekvien\u0105 kart\u0105 skied\u017eiant da\u017eus ir po kiekvieno da\u017eymo seanso, kad nuvalytum\u0117te \u012frankius ir pailgintum\u0117te j\u0173 tarnavimo laik\u0105. Kad skiediklis i\u0161likt\u0173 veiksmingas, po naudojimo visada v\u0117l u\u017edarykite skardin\u0119, kad ji nei\u0161garuot\u0173.<\/li>\n<li><strong>Saugykla <\/strong>: Talpykl\u0105 laikykite v\u0117sioje, sausoje vietoje, atokiau nuo kar\u0161\u010dio ir tiesiogini\u0173 saul\u0117s spinduli\u0173. Po kiekvieno naudojimo sandariai u\u017edarykite, kad produkto sud\u0117tis nepakist\u0173.<\/li>\n<\/ul>\n<p>Naudodami m\u016bs\u0173 da\u017e\u0173 skiedikl\u012f u\u017etikrinkite skland\u0173 mi\u0161in\u012f, skland\u0173 tepim\u0105 ir nepriekai\u0161ting\u0105 apdail\u0105. Tai idealus sprendimas, padedantis supaprastinti da\u017eymo projektus, optimizuoti da\u017eyt\u0173 pavir\u0161i\u0173 ilgaam\u017ei\u0161kum\u0105 ir pasiekti profesionalios kokyb\u0117s rezultat\u0173 bet kokiomis aplinkyb\u0117mis.<\/p>","protected":false},"excerpt":{"rendered":"<p>Optimal Efficiency.\u00a0This paint thinner is specially designed to thin paint without altering its chemical composition or covering power. It provides the ideal consistency for smooth, streak-free application. Perfectly suited for solvent-based paints such as alkyds, lacquers, varnishes, and industrial coatings. Thanks to its quick action, it ensures a homogeneous mixture and facilitates paint application by [&hellip;]<\/p>\n","protected":false},"featured_media":36071,"comment_status":"open","ping_status":"closed","template":"","meta":{"_uag_custom_page_level_css":"","site-sidebar-layout":"default","site-content-layout":"","ast-site-content-layout":"default","site-content-style":"default","site-sidebar-style":"default","ast-global-header-display":"","ast-banner-title-visibility":"","ast-main-header-display":"","ast-hfb-above-header-display":"","ast-hfb-below-header-display":"","ast-hfb-mobile-header-display":"","site-post-title":"","ast-breadcrumbs-content":"","ast-featured-img":"","footer-sml-layout":"","ast-disable-related-posts":"","theme-transparent-header-meta":"default","adv-header-id-meta":"","stick-header-meta":"","header-above-stick-meta":"","header-main-stick-meta":"","header-below-stick-meta":"","astra-migrate-meta-layouts":"set","ast-page-background-enabled":"default","ast-page-background-meta":{"desktop":{"background-color":"var(--ast-global-color-4)","background-image":"","background-repeat":"repeat","background-position":"center center","background-size":"auto","background-attachment":"scroll","background-type":"","background-media":"","overlay-type":"","overlay-color":"","overlay-opacity":"","overlay-gradient":""},"tablet":{"background-color":"","background-image":"","background-repeat":"repeat","background-position":"center center","background-size":"auto","background-attachment":"scroll","background-type":"","background-media":"","overlay-type":"","overlay-color":"","overlay-opacity":"","overlay-gradient":""},"mobile":{"background-color":"","background-image":"","background-repeat":"repeat","background-position":"center center","background-size":"auto","background-attachment":"scroll","background-type":"","background-media":"","overlay-type":"","overlay-color":"","overlay-opacity":"","overlay-gradient":""}},"ast-content-background-meta":{"desktop":{"background-color":"var(--ast-global-color-5)","background-image":"","background-repeat":"repeat","background-position":"center center","background-size":"auto","background-attachment":"scroll","background-type":"","background-media":"","overlay-type":"","overlay-color":"","overlay-opacity":"","overlay-gradient":""},"tablet":{"background-color":"var(--ast-global-color-5)","background-image":"","background-repeat":"repeat","background-position":"center center","background-size":"auto","background-attachment":"scroll","background-type":"","background-media":"","overlay-type":"","overlay-color":"","overlay-opacity":"","overlay-gradient":""},"mobile":{"background-color":"var(--ast-global-color-5)","background-image":"","background-repeat":"repeat","background-position":"center center","background-size":"auto","background-attachment":"scroll","background-type":"","background-media":"","overlay-type":"","overlay-color":"","overlay-opacity":"","overlay-gradient":""}}},"product_brand":[],"product_cat":[175],"product_tag":[],"class_list":{"0":"post-24750","1":"product","2":"type-product","3":"status-publish","4":"has-post-thumbnail","6":"product_cat-cleaning-products","7":"desktop-align-left","8":"tablet-align-left","9":"mobile-align-left","11":"first","12":"instock","13":"sale","14":"taxable","15":"shipping-taxable","16":"purchasable","17":"product-type-variable","18":"has-default-attributes"},"spectra_custom_meta":{"_visibility":["visible"],"_shopify_product_id":["9106532663541"],"_s2w_shopify_domain":["ferberpainting.myshopify.com"],"_shopify_variant_id":["46626241380597"],"_sku":[""],"_manage_stock":["no"],"total_sales":["5"],"_tax_status":["taxable"],"_tax_class":[""],"_backorders":["no"],"_sold_individually":["no"],"_virtual":["no"],"_downloadable":["no"],"_download_limit":["-1"],"_download_expiry":["-1"],"_stock":[null],"_stock_status":["instock"],"_wc_average_rating":["5.00"],"_wc_review_count":["11"],"_product_attributes":["a:1:{s:6:\"volume\";a:6:{s:4:\"name\";s:6:\"Volume\";s:5:\"value\";s:20:\"5 liters | 25 liters\";s:8:\"position\";i:1;s:10:\"is_visible\";i:0;s:12:\"is_variation\";i:1;s:11:\"is_taxonomy\";i:0;}}"],"_product_version":["10.5.1"],"wpse_downloadable_file_names":[""],"wpse_downloadable_file_urls":[""],"_edit_last":["1"],"_default_attributes":["a:1:{s:6:\"volume\";s:8:\"5 liters\";}"],"_edit_lock":["1771194007:1"],"_price":["29.90","129.90"],"merchant-center-availability":["yes"],"merchant-center-category":["503741"],"_thumbnail_id":["36071"],"_wp_page_template":["default"],"_wp_old_date":["2025-05-26"],"_product_image_gallery":["36072"],"site-sidebar-layout":["default"],"ast-site-content-layout":["default"],"site-content-style":["default"],"site-sidebar-style":["default"],"theme-transparent-header-meta":["default"],"_wc_rating_count":["a:1:{i:5;i:11;}"],"astra-migrate-meta-layouts":["set"],"_uag_css_file_name":["uag-css-24750.css"],"_elementor_page_assets":["a:0:{}"],"_uag_page_assets":["a:9:{s:3:\"css\";s:7133:\".uag-blocks-common-selector{z-index:var(--z-index-desktop) !important}@media(max-width: 976px){.uag-blocks-common-selector{z-index:var(--z-index-tablet) !important}}@media(max-width: 767px){.uag-blocks-common-selector{z-index:var(--z-index-mobile) !important}}.wp-block-uagb-image{display:flex}.wp-block-uagb-image__figure{position:relative;display:flex;flex-direction:column;max-width:100%;height:auto;margin:0}.wp-block-uagb-image__figure img{height:auto;display:flex;max-width:100%;transition:box-shadow .2s ease}.wp-block-uagb-image__figure>a{display:inline-block}.wp-block-uagb-image__figure figcaption{text-align:center;margin-top:.5em;margin-bottom:1em}.wp-block-uagb-image .components-placeholder.block-editor-media-placeholder .components-placeholder__instructions{align-self:center}.wp-block-uagb-image--align-left{text-align:left}.wp-block-uagb-image--align-right{text-align:right}.wp-block-uagb-image--align-center{text-align:center}.wp-block-uagb-image--align-full .wp-block-uagb-image__figure{margin-left:calc(50% - 50vw);margin-right:calc(50% - 50vw);max-width:100vw;width:100vw;height:auto}.wp-block-uagb-image--align-full .wp-block-uagb-image__figure img{height:auto;width:100% !important}.wp-block-uagb-image--align-wide .wp-block-uagb-image__figure img{height:auto;width:100%}.wp-block-uagb-image--layout-overlay__color-wrapper{position:absolute;left:0;top:0;right:0;bottom:0;opacity:.2;background:rgba(0,0,0,.5);transition:opacity .35s ease-in-out}.wp-block-uagb-image--layout-overlay-link{position:absolute;left:0;right:0;bottom:0;top:0}.wp-block-uagb-image--layout-overlay .wp-block-uagb-image__figure:hover .wp-block-uagb-image--layout-overlay__color-wrapper{opacity:1}.wp-block-uagb-image--layout-overlay__inner{position:absolute;left:15px;right:15px;bottom:15px;top:15px;display:flex;align-items:center;justify-content:center;flex-direction:column;border-color:#fff;transition:.35s ease-in-out}.wp-block-uagb-image--layout-overlay__inner.top-left,.wp-block-uagb-image--layout-overlay__inner.top-center,.wp-block-uagb-image--layout-overlay__inner.top-right{justify-content:flex-start}.wp-block-uagb-image--layout-overlay__inner.bottom-left,.wp-block-uagb-image--layout-overlay__inner.bottom-center,.wp-block-uagb-image--layout-overlay__inner.bottom-right{justify-content:flex-end}.wp-block-uagb-image--layout-overlay__inner.top-left,.wp-block-uagb-image--layout-overlay__inner.center-left,.wp-block-uagb-image--layout-overlay__inner.bottom-left{align-items:flex-start}.wp-block-uagb-image--layout-overlay__inner.top-right,.wp-block-uagb-image--layout-overlay__inner.center-right,.wp-block-uagb-image--layout-overlay__inner.bottom-right{align-items:flex-end}.wp-block-uagb-image--layout-overlay__inner .uagb-image-heading{color:#fff;transition:transform .35s,opacity .35s ease-in-out;transform:translate3d(0, 24px, 0);margin:0;line-height:1em}.wp-block-uagb-image--layout-overlay__inner .uagb-image-separator{width:30%;border-top-width:2px;border-top-color:#fff;border-top-style:solid;margin-bottom:10px;opacity:0;transition:transform .4s,opacity .4s ease-in-out;transform:translate3d(0, 30px, 0)}.wp-block-uagb-image--layout-overlay__inner .uagb-image-caption{opacity:0;overflow:visible;color:#fff;transition:transform .45s,opacity .45s ease-in-out;transform:translate3d(0, 35px, 0)}.wp-block-uagb-image--layout-overlay__inner:hover .uagb-image-heading,.wp-block-uagb-image--layout-overlay__inner:hover .uagb-image-separator,.wp-block-uagb-image--layout-overlay__inner:hover .uagb-image-caption{opacity:1;transform:translate3d(0, 0, 0)}.wp-block-uagb-image--effect-zoomin .wp-block-uagb-image__figure img,.wp-block-uagb-image--effect-zoomin .wp-block-uagb-image__figure .wp-block-uagb-image--layout-overlay__color-wrapper{transform:scale(1);transition:transform .35s ease-in-out}.wp-block-uagb-image--effect-zoomin .wp-block-uagb-image__figure:hover img,.wp-block-uagb-image--effect-zoomin .wp-block-uagb-image__figure:hover .wp-block-uagb-image--layout-overlay__color-wrapper{transform:scale(1.05)}.wp-block-uagb-image--effect-slide .wp-block-uagb-image__figure img,.wp-block-uagb-image--effect-slide .wp-block-uagb-image__figure .wp-block-uagb-image--layout-overlay__color-wrapper{width:calc(100% + 40px) !important;max-width:none !important;transform:translate3d(-40px, 0, 0);transition:transform .35s ease-in-out}.wp-block-uagb-image--effect-slide .wp-block-uagb-image__figure:hover img,.wp-block-uagb-image--effect-slide .wp-block-uagb-image__figure:hover .wp-block-uagb-image--layout-overlay__color-wrapper{transform:translate3d(0, 0, 0)}.wp-block-uagb-image--effect-grayscale img{filter:grayscale(0%);transition:.35s ease-in-out}.wp-block-uagb-image--effect-grayscale:hover img{filter:grayscale(100%)}.wp-block-uagb-image--effect-blur img{filter:blur(0);transition:.35s ease-in-out}.wp-block-uagb-image--effect-blur:hover img{filter:blur(3px)}.uagb-block-e6f939b3.wp-block-uagb-image--layout-default figure img{box-shadow: 0px 0px 0 #00000070;}.uagb-block-e6f939b3.wp-block-uagb-image .wp-block-uagb-image__figure figcaption{font-style: normal;align-self: center;}.uagb-block-e6f939b3.wp-block-uagb-image--layout-overlay figure img{box-shadow: 0px 0px 0 #00000070;}.uagb-block-e6f939b3.wp-block-uagb-image--layout-overlay .wp-block-uagb-image--layout-overlay__color-wrapper{opacity: 0.2;}.uagb-block-e6f939b3.wp-block-uagb-image--layout-overlay .wp-block-uagb-image--layout-overlay__inner{left: 15px;right: 15px;top: 15px;bottom: 15px;}.uagb-block-e6f939b3.wp-block-uagb-image--layout-overlay .wp-block-uagb-image--layout-overlay__inner .uagb-image-heading{font-style: normal;color: #fff;opacity: 1;}.uagb-block-e6f939b3.wp-block-uagb-image--layout-overlay .wp-block-uagb-image--layout-overlay__inner .uagb-image-heading a{color: #fff;}.uagb-block-e6f939b3.wp-block-uagb-image--layout-overlay .wp-block-uagb-image--layout-overlay__inner .uagb-image-caption{opacity: 0;}.uagb-block-e6f939b3.wp-block-uagb-image--layout-overlay .wp-block-uagb-image__figure:hover .wp-block-uagb-image--layout-overlay__color-wrapper{opacity: 1;}.uagb-block-e6f939b3.wp-block-uagb-image .wp-block-uagb-image--layout-overlay__inner .uagb-image-separator{width: 30%;border-top-width: 2px;border-top-color: #fff;opacity: 0;}.uagb-block-e6f939b3.wp-block-uagb-image .wp-block-uagb-image__figure img{width: px;height: auto;}.uagb-block-e6f939b3.wp-block-uagb-image .wp-block-uagb-image__figure:hover .wp-block-uagb-image--layout-overlay__inner .uagb-image-caption{opacity: 1;}.uagb-block-e6f939b3.wp-block-uagb-image .wp-block-uagb-image__figure:hover .wp-block-uagb-image--layout-overlay__inner .uagb-image-separator{opacity: 1;}.uagb-block-e6f939b3.wp-block-uagb-image--layout-default figure:hover img{box-shadow: 0px 0px 0 #00000070;}.uagb-block-e6f939b3.wp-block-uagb-image--layout-overlay figure:hover img{box-shadow: 0px 0px 0 #00000070;}@media only screen and (max-width: 976px) {.uagb-block-e6f939b3.wp-block-uagb-image .wp-block-uagb-image__figure img{width: px;height: auto;}}@media only screen and (max-width: 767px) {.uagb-block-e6f939b3.wp-block-uagb-image .wp-block-uagb-image__figure img{width: px;height: auto;}}\";s:2:\"js\";s:0:\"\";s:18:\"current_block_list\";a:13:{i:0;s:11:\"core\/search\";i:1;s:10:\"core\/group\";i:2;s:12:\"core\/heading\";i:3;s:17:\"core\/latest-posts\";i:4;s:20:\"core\/latest-comments\";i:5;s:13:\"core\/archives\";i:6;s:15:\"core\/categories\";i:7;s:14:\"core\/paragraph\";i:8;s:10:\"uagb\/image\";i:9;s:11:\"core\/spacer\";i:10;s:30:\"woocommerce\/product-categories\";i:11;s:10:\"core\/image\";i:12;s:14:\"core\/shortcode\";}s:8:\"uag_flag\";b:1;s:11:\"uag_version\";s:10:\"1777212350\";s:6:\"gfonts\";a:0:{}s:10:\"gfonts_url\";s:0:\"\";s:12:\"gfonts_files\";a:0:{}s:14:\"uag_faq_layout\";b:0;}"]},"uagb_featured_image_src":{"full":["https:\/\/www.ferberpainting.com\/wp-content\/uploads\/2025\/05\/Paint-Thinner-5L.png",2560,2560,false],"thumbnail":["https:\/\/www.ferberpainting.com\/wp-content\/uploads\/2025\/05\/Paint-Thinner-5L-150x150.png",150,150,true],"medium":["https:\/\/www.ferberpainting.com\/wp-content\/uploads\/2025\/05\/Paint-Thinner-5L-300x300.png",300,300,true],"medium_large":["https:\/\/www.ferberpainting.com\/wp-content\/uploads\/2025\/05\/Paint-Thinner-5L-768x768.png",768,768,true],"large":["https:\/\/www.ferberpainting.com\/wp-content\/uploads\/2025\/05\/Paint-Thinner-5L-1024x1024.png",1024,1024,true],"1536x1536":["https:\/\/www.ferberpainting.com\/wp-content\/uploads\/2025\/05\/Paint-Thinner-5L-1536x1536.png",1536,1536,true],"2048x2048":["https:\/\/www.ferberpainting.com\/wp-content\/uploads\/2025\/05\/Paint-Thinner-5L-2048x2048.png",2048,2048,true],"trp-custom-language-flag":["https:\/\/www.ferberpainting.com\/wp-content\/uploads\/2025\/05\/Paint-Thinner-5L-12x12.png",12,12,true],"woocommerce_thumbnail":["https:\/\/www.ferberpainting.com\/wp-content\/uploads\/2025\/05\/Paint-Thinner-5L-300x300.png",300,300,true],"woocommerce_single":["https:\/\/www.ferberpainting.com\/wp-content\/uploads\/2025\/05\/Paint-Thinner-5L-600x600.png",600,600,true],"woocommerce_gallery_thumbnail":["https:\/\/www.ferberpainting.com\/wp-content\/uploads\/2025\/05\/Paint-Thinner-5L-100x100.png",100,100,true]},"uagb_author_info":{"display_name":"admin","author_link":"https:\/\/www.ferberpainting.com\/lt\/author\/"},"uagb_comment_info":11,"uagb_excerpt":"Optimal Efficiency.\u00a0This paint thinner is specially designed to thin paint without altering its chemical composition or covering power. It provides the ideal consistency for smooth, streak-free application. Perfectly suited for solvent-based paints such as alkyds, lacquers, varnishes, and industrial coatings. Thanks to its quick action, it ensures a homogeneous mixture and facilitates paint application by&hellip;","_links":{"self":[{"href":"https:\/\/www.ferberpainting.com\/lt\/wp-json\/wp\/v2\/product\/24750","targetHints":{"allow":["GET"]}}],"collection":[{"href":"https:\/\/www.ferberpainting.com\/lt\/wp-json\/wp\/v2\/product"}],"about":[{"href":"https:\/\/www.ferberpainting.com\/lt\/wp-json\/wp\/v2\/types\/product"}],"replies":[{"embeddable":true,"href":"https:\/\/www.ferberpainting.com\/lt\/wp-json\/wp\/v2\/comments?post=24750"}],"version-history":[{"count":3,"href":"https:\/\/www.ferberpainting.com\/lt\/wp-json\/wp\/v2\/product\/24750\/revisions"}],"predecessor-version":[{"id":166679,"href":"https:\/\/www.ferberpainting.com\/lt\/wp-json\/wp\/v2\/product\/24750\/revisions\/166679"}],"wp:featuredmedia":[{"embeddable":true,"href":"https:\/\/www.ferberpainting.com\/lt\/wp-json\/wp\/v2\/media\/36071"}],"wp:attachment":[{"href":"https:\/\/www.ferberpainting.com\/lt\/wp-json\/wp\/v2\/media?parent=24750"}],"wp:term":[{"taxonomy":"product_brand","embeddable":true,"href":"https:\/\/www.ferberpainting.com\/lt\/wp-json\/wp\/v2\/product_brand?post=24750"},{"taxonomy":"product_cat","embeddable":true,"href":"https:\/\/www.ferberpainting.com\/lt\/wp-json\/wp\/v2\/product_cat?post=24750"},{"taxonomy":"product_tag","embeddable":true,"href":"https:\/\/www.ferberpainting.com\/lt\/wp-json\/wp\/v2\/product_tag?post=24750"}],"curies":[{"name":"wp","href":"https:\/\/api.w.org\/{rel}","templated":true}]}}