{"id":23814,"date":"2025-05-26T10:25:40","date_gmt":"2025-05-26T08:25:40","guid":{"rendered":"https:\/\/www.ferberpainting.com\/products\/metal-varnish\/"},"modified":"2026-02-15T21:00:52","modified_gmt":"2026-02-15T20:00:52","slug":"metal-varnish","status":"publish","type":"product","link":"https:\/\/www.ferberpainting.com\/lt\/products\/metal-varnish\/","title":{"rendered":"Metalo lakas"},"content":{"rendered":"<p><strong><img decoding=\"async\" style=\"margin-right: 12px;\" src=\"https:\/\/www.ferberpainting.com\/wp-content\/uploads\/2026\/02\/Check.svg\" alt=\"\" width=\"18\" height=\"15\" \/>Profesionali vis\u0173 metalini\u0173 pavir\u0161i\u0173 apsauga.<\/strong> M\u016bs\u0173 metalo lakas skirtas ilgai i\u0161liekan\u010diai apsaugai ir patraukliai \u012fvairi\u0173 metalo pavir\u0161i\u0173, \u012fskaitant plien\u0105, gele\u017e\u012f, aliumin\u012f, var\u012f, \u017ealvar\u012f, bronz\u0105 ir kitus lydinius, apdailai. Jis pagerina metalo i\u0161vaizd\u0105 ir kartu sukuria patvar\u0173 barjer\u0105, apsaugant\u012f nuo i\u0161or\u0117s veiksni\u0173, tod\u0117l idealiai tinka naudoti tiek patalpose, tiek lauke.<\/p>\n<p><strong><img decoding=\"async\" style=\"margin-right: 12px;\" src=\"https:\/\/www.ferberpainting.com\/wp-content\/uploads\/2026\/02\/Check.svg\" alt=\"\" width=\"18\" height=\"15\" \/>Veiksmingiausias turimas metalo lakas.<\/strong> M\u016bs\u0173 pa\u017eangi formul\u0117 \u012fsiskverbia \u012f metalinius pavir\u0161ius ir juos sandarina, sukurdama tvirt\u0105, atspari\u0105 dang\u0105, kuri apsaugo nuo r\u016bd\u017ei\u0173, oksidacijos, dr\u0117gm\u0117s ir aplinkos d\u0117v\u0117jimosi. Ji ne tik pagerina vizualin\u0119 apdail\u0105, bet ir gerokai pailgina apdorot\u0173 metalini\u0173 pavir\u0161i\u0173 tarnavimo laik\u0105, pranokdama rinkoje esan\u010dius standartinius lakus.<\/p>\n<p><strong><img decoding=\"async\" style=\"margin-right: 12px;\" src=\"https:\/\/www.ferberpainting.com\/wp-content\/uploads\/2026\/02\/Check.svg\" alt=\"\" width=\"18\" height=\"15\" \/>Neprilygstama kaina.<\/strong> Mes deriname auk\u0161\u010diausios kokyb\u0117s ir konkurencingiausias kainas. Profesionalaus lygio apsaug\u0105 ir apdail\u0105 gaunate u\u017e ma\u017eesn\u0119 kain\u0105 nei pana\u0161\u016bs gaminiai, tod\u0117l u\u017etikrinama geriausia kvadratinio metro vert\u0117, nenuken\u010diant eksploatacin\u0117ms savyb\u0117ms.<\/p>\n<p><strong><img decoding=\"async\" style=\"margin-right: 12px;\" src=\"https:\/\/www.ferberpainting.com\/wp-content\/uploads\/2026\/02\/Check.svg\" alt=\"\" width=\"18\" height=\"15\" \/>Pinig\u0173 gr\u0105\u017einimo garantija - visi\u0161kas pasitik\u0117jimas.<\/strong> Mes visi\u0161kai palaikome savo gamin\u012f. Jei nesate patenkinti rezultatais, si\u016blome pinig\u0173 gr\u0105\u017einimo garantij\u0105. Tiesiog susisiekite su mumis, ir mes gr\u0105\u017einsime pinigus u\u017e pirkin\u012f. Jokios rizikos, jokio streso - j\u016bs\u0173 pasitenkinimas garantuotas.<\/p>\n<p><strong><img decoding=\"async\" style=\"margin-right: 12px;\" src=\"https:\/\/www.ferberpainting.com\/wp-content\/uploads\/2026\/02\/Check.svg\" alt=\"\" width=\"18\" height=\"15\" \/>Greitas pristatymas 24 valandas per par\u0105 be joki\u0173 i\u0161im\u010di\u0173.<\/strong> Visada si\u016blome pristatym\u0105 24 valandas per par\u0105, kad gal\u0117tum\u0117te nedelsdami prad\u0117ti projekt\u0105. Nesvarbu, ar tai b\u016bt\u0173 skubus remontas, ar suplanuotas remontas, galite pasikliauti mumis d\u0117l greito ir patikimo pristatymo.<\/p>\n<p><strong><img decoding=\"async\" style=\"margin-right: 12px;\" src=\"https:\/\/www.ferberpainting.com\/wp-content\/uploads\/2026\/02\/Check.svg\" alt=\"\" width=\"18\" height=\"15\" \/>Efektyviai naudojant padengiama iki 10 m\u00b2 i\u0161 vieno litro.<\/strong> Vienas litras m\u016bs\u0173 metalo lako padengia iki 10 kvadratini\u0173 metr\u0173 plot\u0105, puikiai padengia pavir\u0161i\u0173 ir u\u017etikrina tolyg\u0173 apsaugin\u012f sluoksn\u012f. Toks optimalus padengimas leid\u017eia lengvai apskai\u010diuoti savo poreikius ir efektyviai kontroliuoti biud\u017eet\u0105.<\/p>\n<p><strong><img decoding=\"async\" style=\"margin-right: 12px;\" src=\"https:\/\/www.ferberpainting.com\/wp-content\/uploads\/2026\/02\/Check.svg\" alt=\"\" width=\"18\" height=\"15\" \/>Didelis atsparumas r\u016bdims ir korozijai.<\/strong> Metalo pavir\u0161ius nuolat veikia dr\u0117gm\u0117 ir deguonis, kurie sukelia oksidacij\u0105. M\u016bs\u0173 lakas sudaro apsaugin\u012f skyd\u0105, kuris padeda i\u0161vengti r\u016bd\u017ei\u0173 susidarymo ir korozijos, ilgainiui i\u0161saugo konstrukcijos vientisum\u0105 ir i\u0161vaizd\u0105.<\/p>\n<p><strong><img decoding=\"async\" style=\"margin-right: 12px;\" src=\"https:\/\/www.ferberpainting.com\/wp-content\/uploads\/2026\/02\/Check.svg\" alt=\"\" width=\"18\" height=\"15\" \/>Pagerina i\u0161vaizd\u0105 d\u0117l lygios ir patvarios apdailos.<\/strong> M\u016bs\u0173 metalo lakas ne tik apsaugo, bet ir pagerina vizualin\u012f pavir\u0161i\u0173 patrauklum\u0105, nes suteikia vientis\u0105, \u0161vari\u0105 apdail\u0105, i\u0161ry\u0161kinan\u010di\u0105 nat\u016bralias metalo savybes. Jis suteikia eleganti\u0161k\u0105, profesionali\u0105 i\u0161vaizd\u0105, tinkan\u010di\u0105 vartams, tur\u0117klams, baldams, ma\u0161inoms ir dekoratyviniams elementams.<\/p>\n<p><strong><img decoding=\"async\" style=\"margin-right: 12px;\" src=\"https:\/\/www.ferberpainting.com\/wp-content\/uploads\/2026\/02\/Check.svg\" alt=\"\" width=\"18\" height=\"15\" \/>Ilgalaikis patvarumas vidaus ir lauko aplinkoje.<\/strong> Sukurta taip, kad atlaikyt\u0173 temperat\u016bros poky\u010dius, dr\u0117gm\u0119 ir kasdien\u012f d\u0117v\u0117jim\u0105si, tod\u0117l danga i\u0161lieka stabili ir atspari net sud\u0117tingomis s\u0105lygomis. Ji suma\u017eina da\u017eno pakartotinio dengimo ir nuolatin\u0117s prie\u017ei\u016bros poreik\u012f.<\/p>\n<p><strong><img decoding=\"async\" style=\"margin-right: 12px;\" src=\"https:\/\/www.ferberpainting.com\/wp-content\/uploads\/2026\/02\/Check.svg\" alt=\"\" width=\"18\" height=\"15\" \/>Lengva naudoti profesionalams ir \"pasidaryk pats\" naudotojams.<\/strong> M\u016bs\u0173 metalo lak\u0105 paprasta naudoti teptuku, voleliu arba purk\u0161tuvu. D\u0117l to, kad jo \u0161velni konsistencija u\u017etikrina tolyg\u0173 pasiskirstym\u0105 be didelio la\u0161\u0117jimo, jis tinka tiek patyrusiems profesionalams, tiek nam\u0173 vartotojams, vykdantiems renovacijos ar prie\u017ei\u016bros projektus.<\/p>\n<h2><strong>Instrukcijos<\/strong><\/h2>\n<ul>\n<li>Prie\u0161 tepdami \u012fsitikinkite, kad metalinis pavir\u0161ius yra \u0161varus, sausas, ant jo n\u0117ra dulki\u0173, riebal\u0173, alyvos ar r\u016bd\u017ei\u0173. \u0160vitriniu popieriumi arba vieliniu \u0161epe\u010diu pa\u0161alinkite esamas laisvas r\u016bdis.<\/li>\n<li>Jei reikia, nuvalykite pavir\u0161i\u0173 tinkamu valikliu ir leiskite jam visi\u0161kai i\u0161d\u017ei\u016bti prie\u0161 tepdami lak\u0105.<\/li>\n<li>Prie\u0161 naudodami produkt\u0105 kruop\u0161\u010diai i\u0161mai\u0161ykite, kad mi\u0161inys b\u016bt\u0173 vientisas.<\/li>\n<li>Teptuku, voleliu arba purk\u0161tuvu u\u017etepkite plon\u0105, tolyg\u0173 sluoksn\u012f. Venkite dengti pernelyg storais sluoksniais, nes tai gali tur\u0117ti \u012ftakos d\u017ei\u016bvimui ir galutin\u0117s apdailos kokybei.<\/li>\n<li>Laikykit\u0117s rekomenduojamos doz\u0117s: vienas litras padengia iki 10 m\u00b2 plot\u0105. Tai atitinka ma\u017edaug 100 ml vienam kvadratiniam metrui, kad b\u016bt\u0173 u\u017etikrintas optimalus veikimas.<\/li>\n<li>Leiskite pirmajam sluoksniui visi\u0161kai i\u0161d\u017ei\u016bti, atsi\u017evelgiant \u012f aplinkos temperat\u016br\u0105 ir v\u0117dinimo s\u0105lygas, paprastai 4-6 valandas.<\/li>\n<li>Nor\u0117dami u\u017etikrinti geresn\u0119 apsaug\u0105 ir ilgaam\u017ei\u0161kum\u0105, visi\u0161kai i\u0161d\u017ei\u016bvus pirmajam sluoksniui, u\u017etepkite antr\u0105j\u012f sluoksn\u012f. Nevir\u0161ykite rekomenduojamo bendro vieno sluoksnio padengimo.<\/li>\n<li>Kad apdorotas pavir\u0161ius visi\u0161kai sukiet\u0117t\u0173, bent 24 valandas nelaikykite jo dr\u0117gname ar intensyviai naudojamame ore.<\/li>\n<li>Po naudojimo \u012frankius i\u0161 karto nuvalykite tinkamu tirpikliu, rekomenduojamu lako pagrindu pagamintiems produktams.<\/li>\n<li>Sandariai u\u017edaryt\u0105 talpykl\u0105 laikykite v\u0117sioje ir sausoje vietoje, apsaugotoje nuo tiesiogini\u0173 saul\u0117s spinduli\u0173 ir ekstremalios temperat\u016bros, kad i\u0161saugotum\u0117te produkto kokyb\u0119.<\/li>\n<\/ul>","protected":false},"excerpt":{"rendered":"<p>Professional-grade protection for all metal surfaces. Our metal varnish is designed to provide long-lasting protection and an attractive finish for a wide range of metal surfaces, including steel, iron, aluminum, copper, brass, bronze and other alloys. It enhances the appearance of metal while forming a durable barrier against external elements, making it ideal for both [&hellip;]<\/p>\n","protected":false},"featured_media":26270,"comment_status":"open","ping_status":"closed","template":"","meta":{"_uag_custom_page_level_css":"","site-sidebar-layout":"default","site-content-layout":"","ast-site-content-layout":"default","site-content-style":"default","site-sidebar-style":"default","ast-global-header-display":"","ast-banner-title-visibility":"","ast-main-header-display":"","ast-hfb-above-header-display":"","ast-hfb-below-header-display":"","ast-hfb-mobile-header-display":"","site-post-title":"","ast-breadcrumbs-content":"","ast-featured-img":"","footer-sml-layout":"","ast-disable-related-posts":"","theme-transparent-header-meta":"default","adv-header-id-meta":"","stick-header-meta":"","header-above-stick-meta":"","header-main-stick-meta":"","header-below-stick-meta":"","astra-migrate-meta-layouts":"set","ast-page-background-enabled":"default","ast-page-background-meta":{"desktop":{"background-color":"var(--ast-global-color-4)","background-image":"","background-repeat":"repeat","background-position":"center center","background-size":"auto","background-attachment":"scroll","background-type":"","background-media":"","overlay-type":"","overlay-color":"","overlay-opacity":"","overlay-gradient":""},"tablet":{"background-color":"","background-image":"","background-repeat":"repeat","background-position":"center center","background-size":"auto","background-attachment":"scroll","background-type":"","background-media":"","overlay-type":"","overlay-color":"","overlay-opacity":"","overlay-gradient":""},"mobile":{"background-color":"","background-image":"","background-repeat":"repeat","background-position":"center center","background-size":"auto","background-attachment":"scroll","background-type":"","background-media":"","overlay-type":"","overlay-color":"","overlay-opacity":"","overlay-gradient":""}},"ast-content-background-meta":{"desktop":{"background-color":"var(--ast-global-color-5)","background-image":"","background-repeat":"repeat","background-position":"center center","background-size":"auto","background-attachment":"scroll","background-type":"","background-media":"","overlay-type":"","overlay-color":"","overlay-opacity":"","overlay-gradient":""},"tablet":{"background-color":"var(--ast-global-color-5)","background-image":"","background-repeat":"repeat","background-position":"center center","background-size":"auto","background-attachment":"scroll","background-type":"","background-media":"","overlay-type":"","overlay-color":"","overlay-opacity":"","overlay-gradient":""},"mobile":{"background-color":"var(--ast-global-color-5)","background-image":"","background-repeat":"repeat","background-position":"center center","background-size":"auto","background-attachment":"scroll","background-type":"","background-media":"","overlay-type":"","overlay-color":"","overlay-opacity":"","overlay-gradient":""}}},"product_brand":[],"product_cat":[190],"product_tag":[],"class_list":{"0":"post-23814","1":"product","2":"type-product","3":"status-publish","4":"has-post-thumbnail","6":"product_cat-varnish","7":"desktop-align-left","8":"tablet-align-left","9":"mobile-align-left","11":"first","12":"instock","13":"sale","14":"shipping-taxable","15":"purchasable","16":"product-type-variable","17":"has-default-attributes"},"spectra_custom_meta":{"_visibility":["visible"],"_shopify_product_id":["1328690167878"],"_s2w_shopify_domain":["ferberpainting.myshopify.com"],"_shopify_variant_id":["12158535794758"],"_sku":[""],"_manage_stock":["no"],"total_sales":["34"],"_tax_status":["taxable"],"_tax_class":[""],"_backorders":["no"],"_sold_individually":["no"],"_virtual":["no"],"_downloadable":["no"],"_download_limit":["-1"],"_download_expiry":["-1"],"_stock":[null],"_stock_status":["instock"],"_wc_average_rating":["4.93"],"_wc_review_count":["82"],"_product_attributes":["a:1:{s:6:\"volume\";a:6:{s:4:\"name\";s:6:\"Volume\";s:5:\"value\";s:30:\"1 liter | 5 liters | 20 liters\";s:8:\"position\";i:1;s:10:\"is_visible\";i:0;s:12:\"is_variation\";i:1;s:11:\"is_taxonomy\";i:0;}}"],"_product_version":["10.5.1"],"_thumbnail_id":["26270"],"_price":["19.90","89.90","299.90"],"_product_image_gallery":["26271,26272"],"merchant-center-availability":["yes"],"merchant-center-category":["503738"],"merchant-center-id":["VM"],"wpse_downloadable_file_names":[""],"wpse_downloadable_file_urls":[""],"_edit_last":["1"],"_default_attributes":["a:1:{s:6:\"volume\";s:7:\"1 liter\";}"],"_wc_rating_count":["a:3:{i:3;i:1;i:4;i:4;i:5;i:77;}"],"_edit_lock":["1771185532:1"],"_wp_page_template":["default"],"site-sidebar-layout":["default"],"ast-site-content-layout":["default"],"site-content-style":["default"],"site-sidebar-style":["default"],"theme-transparent-header-meta":["default"],"astra-migrate-meta-layouts":["set"],"_uag_css_file_name":["uag-css-23814.css"],"_elementor_page_assets":["a:0:{}"],"_uag_page_assets":["a:9:{s:3:\"css\";s:7133:\".uag-blocks-common-selector{z-index:var(--z-index-desktop) !important}@media(max-width: 976px){.uag-blocks-common-selector{z-index:var(--z-index-tablet) !important}}@media(max-width: 767px){.uag-blocks-common-selector{z-index:var(--z-index-mobile) !important}}.wp-block-uagb-image{display:flex}.wp-block-uagb-image__figure{position:relative;display:flex;flex-direction:column;max-width:100%;height:auto;margin:0}.wp-block-uagb-image__figure img{height:auto;display:flex;max-width:100%;transition:box-shadow .2s ease}.wp-block-uagb-image__figure>a{display:inline-block}.wp-block-uagb-image__figure figcaption{text-align:center;margin-top:.5em;margin-bottom:1em}.wp-block-uagb-image .components-placeholder.block-editor-media-placeholder .components-placeholder__instructions{align-self:center}.wp-block-uagb-image--align-left{text-align:left}.wp-block-uagb-image--align-right{text-align:right}.wp-block-uagb-image--align-center{text-align:center}.wp-block-uagb-image--align-full .wp-block-uagb-image__figure{margin-left:calc(50% - 50vw);margin-right:calc(50% - 50vw);max-width:100vw;width:100vw;height:auto}.wp-block-uagb-image--align-full .wp-block-uagb-image__figure img{height:auto;width:100% !important}.wp-block-uagb-image--align-wide .wp-block-uagb-image__figure img{height:auto;width:100%}.wp-block-uagb-image--layout-overlay__color-wrapper{position:absolute;left:0;top:0;right:0;bottom:0;opacity:.2;background:rgba(0,0,0,.5);transition:opacity .35s ease-in-out}.wp-block-uagb-image--layout-overlay-link{position:absolute;left:0;right:0;bottom:0;top:0}.wp-block-uagb-image--layout-overlay .wp-block-uagb-image__figure:hover .wp-block-uagb-image--layout-overlay__color-wrapper{opacity:1}.wp-block-uagb-image--layout-overlay__inner{position:absolute;left:15px;right:15px;bottom:15px;top:15px;display:flex;align-items:center;justify-content:center;flex-direction:column;border-color:#fff;transition:.35s ease-in-out}.wp-block-uagb-image--layout-overlay__inner.top-left,.wp-block-uagb-image--layout-overlay__inner.top-center,.wp-block-uagb-image--layout-overlay__inner.top-right{justify-content:flex-start}.wp-block-uagb-image--layout-overlay__inner.bottom-left,.wp-block-uagb-image--layout-overlay__inner.bottom-center,.wp-block-uagb-image--layout-overlay__inner.bottom-right{justify-content:flex-end}.wp-block-uagb-image--layout-overlay__inner.top-left,.wp-block-uagb-image--layout-overlay__inner.center-left,.wp-block-uagb-image--layout-overlay__inner.bottom-left{align-items:flex-start}.wp-block-uagb-image--layout-overlay__inner.top-right,.wp-block-uagb-image--layout-overlay__inner.center-right,.wp-block-uagb-image--layout-overlay__inner.bottom-right{align-items:flex-end}.wp-block-uagb-image--layout-overlay__inner .uagb-image-heading{color:#fff;transition:transform .35s,opacity .35s ease-in-out;transform:translate3d(0, 24px, 0);margin:0;line-height:1em}.wp-block-uagb-image--layout-overlay__inner .uagb-image-separator{width:30%;border-top-width:2px;border-top-color:#fff;border-top-style:solid;margin-bottom:10px;opacity:0;transition:transform .4s,opacity .4s ease-in-out;transform:translate3d(0, 30px, 0)}.wp-block-uagb-image--layout-overlay__inner .uagb-image-caption{opacity:0;overflow:visible;color:#fff;transition:transform .45s,opacity .45s ease-in-out;transform:translate3d(0, 35px, 0)}.wp-block-uagb-image--layout-overlay__inner:hover .uagb-image-heading,.wp-block-uagb-image--layout-overlay__inner:hover .uagb-image-separator,.wp-block-uagb-image--layout-overlay__inner:hover .uagb-image-caption{opacity:1;transform:translate3d(0, 0, 0)}.wp-block-uagb-image--effect-zoomin .wp-block-uagb-image__figure img,.wp-block-uagb-image--effect-zoomin .wp-block-uagb-image__figure .wp-block-uagb-image--layout-overlay__color-wrapper{transform:scale(1);transition:transform .35s ease-in-out}.wp-block-uagb-image--effect-zoomin .wp-block-uagb-image__figure:hover img,.wp-block-uagb-image--effect-zoomin .wp-block-uagb-image__figure:hover .wp-block-uagb-image--layout-overlay__color-wrapper{transform:scale(1.05)}.wp-block-uagb-image--effect-slide .wp-block-uagb-image__figure img,.wp-block-uagb-image--effect-slide .wp-block-uagb-image__figure .wp-block-uagb-image--layout-overlay__color-wrapper{width:calc(100% + 40px) !important;max-width:none !important;transform:translate3d(-40px, 0, 0);transition:transform .35s ease-in-out}.wp-block-uagb-image--effect-slide .wp-block-uagb-image__figure:hover img,.wp-block-uagb-image--effect-slide .wp-block-uagb-image__figure:hover .wp-block-uagb-image--layout-overlay__color-wrapper{transform:translate3d(0, 0, 0)}.wp-block-uagb-image--effect-grayscale img{filter:grayscale(0%);transition:.35s ease-in-out}.wp-block-uagb-image--effect-grayscale:hover img{filter:grayscale(100%)}.wp-block-uagb-image--effect-blur img{filter:blur(0);transition:.35s ease-in-out}.wp-block-uagb-image--effect-blur:hover img{filter:blur(3px)}.uagb-block-e6f939b3.wp-block-uagb-image--layout-default figure img{box-shadow: 0px 0px 0 #00000070;}.uagb-block-e6f939b3.wp-block-uagb-image .wp-block-uagb-image__figure figcaption{font-style: normal;align-self: center;}.uagb-block-e6f939b3.wp-block-uagb-image--layout-overlay figure img{box-shadow: 0px 0px 0 #00000070;}.uagb-block-e6f939b3.wp-block-uagb-image--layout-overlay .wp-block-uagb-image--layout-overlay__color-wrapper{opacity: 0.2;}.uagb-block-e6f939b3.wp-block-uagb-image--layout-overlay .wp-block-uagb-image--layout-overlay__inner{left: 15px;right: 15px;top: 15px;bottom: 15px;}.uagb-block-e6f939b3.wp-block-uagb-image--layout-overlay .wp-block-uagb-image--layout-overlay__inner .uagb-image-heading{font-style: normal;color: #fff;opacity: 1;}.uagb-block-e6f939b3.wp-block-uagb-image--layout-overlay .wp-block-uagb-image--layout-overlay__inner .uagb-image-heading a{color: #fff;}.uagb-block-e6f939b3.wp-block-uagb-image--layout-overlay .wp-block-uagb-image--layout-overlay__inner .uagb-image-caption{opacity: 0;}.uagb-block-e6f939b3.wp-block-uagb-image--layout-overlay .wp-block-uagb-image__figure:hover .wp-block-uagb-image--layout-overlay__color-wrapper{opacity: 1;}.uagb-block-e6f939b3.wp-block-uagb-image .wp-block-uagb-image--layout-overlay__inner .uagb-image-separator{width: 30%;border-top-width: 2px;border-top-color: #fff;opacity: 0;}.uagb-block-e6f939b3.wp-block-uagb-image .wp-block-uagb-image__figure img{width: px;height: auto;}.uagb-block-e6f939b3.wp-block-uagb-image .wp-block-uagb-image__figure:hover .wp-block-uagb-image--layout-overlay__inner .uagb-image-caption{opacity: 1;}.uagb-block-e6f939b3.wp-block-uagb-image .wp-block-uagb-image__figure:hover .wp-block-uagb-image--layout-overlay__inner .uagb-image-separator{opacity: 1;}.uagb-block-e6f939b3.wp-block-uagb-image--layout-default figure:hover img{box-shadow: 0px 0px 0 #00000070;}.uagb-block-e6f939b3.wp-block-uagb-image--layout-overlay figure:hover img{box-shadow: 0px 0px 0 #00000070;}@media only screen and (max-width: 976px) {.uagb-block-e6f939b3.wp-block-uagb-image .wp-block-uagb-image__figure img{width: px;height: auto;}}@media only screen and (max-width: 767px) {.uagb-block-e6f939b3.wp-block-uagb-image .wp-block-uagb-image__figure img{width: px;height: auto;}}\";s:2:\"js\";s:0:\"\";s:18:\"current_block_list\";a:13:{i:0;s:11:\"core\/search\";i:1;s:10:\"core\/group\";i:2;s:12:\"core\/heading\";i:3;s:17:\"core\/latest-posts\";i:4;s:20:\"core\/latest-comments\";i:5;s:13:\"core\/archives\";i:6;s:15:\"core\/categories\";i:7;s:14:\"core\/paragraph\";i:8;s:10:\"uagb\/image\";i:9;s:11:\"core\/spacer\";i:10;s:30:\"woocommerce\/product-categories\";i:11;s:10:\"core\/image\";i:12;s:14:\"core\/shortcode\";}s:8:\"uag_flag\";b:1;s:11:\"uag_version\";s:10:\"1777069837\";s:6:\"gfonts\";a:0:{}s:10:\"gfonts_url\";s:0:\"\";s:12:\"gfonts_files\";a:0:{}s:14:\"uag_faq_layout\";b:0;}"]},"uagb_featured_image_src":{"full":["https:\/\/www.ferberpainting.com\/wp-content\/uploads\/2025\/05\/1Liter_aa6d0586-c6be-43e5-af34-b651f9e10fee.png",2560,2276,false],"thumbnail":["https:\/\/www.ferberpainting.com\/wp-content\/uploads\/2025\/05\/1Liter_aa6d0586-c6be-43e5-af34-b651f9e10fee-150x150.png",150,150,true],"medium":["https:\/\/www.ferberpainting.com\/wp-content\/uploads\/2025\/05\/1Liter_aa6d0586-c6be-43e5-af34-b651f9e10fee-300x267.png",300,267,true],"medium_large":["https:\/\/www.ferberpainting.com\/wp-content\/uploads\/2025\/05\/1Liter_aa6d0586-c6be-43e5-af34-b651f9e10fee-768x683.png",768,683,true],"large":["https:\/\/www.ferberpainting.com\/wp-content\/uploads\/2025\/05\/1Liter_aa6d0586-c6be-43e5-af34-b651f9e10fee-1024x910.png",1024,910,true],"1536x1536":["https:\/\/www.ferberpainting.com\/wp-content\/uploads\/2025\/05\/1Liter_aa6d0586-c6be-43e5-af34-b651f9e10fee-1536x1366.png",1536,1366,true],"2048x2048":["https:\/\/www.ferberpainting.com\/wp-content\/uploads\/2025\/05\/1Liter_aa6d0586-c6be-43e5-af34-b651f9e10fee-2048x1821.png",2048,1821,true],"trp-custom-language-flag":["https:\/\/www.ferberpainting.com\/wp-content\/uploads\/2025\/05\/1Liter_aa6d0586-c6be-43e5-af34-b651f9e10fee-13x12.png",13,12,true],"woocommerce_thumbnail":["https:\/\/www.ferberpainting.com\/wp-content\/uploads\/2025\/05\/1Liter_aa6d0586-c6be-43e5-af34-b651f9e10fee-300x300.png",300,300,true],"woocommerce_single":["https:\/\/www.ferberpainting.com\/wp-content\/uploads\/2025\/05\/1Liter_aa6d0586-c6be-43e5-af34-b651f9e10fee-600x533.png",600,533,true],"woocommerce_gallery_thumbnail":["https:\/\/www.ferberpainting.com\/wp-content\/uploads\/2025\/05\/1Liter_aa6d0586-c6be-43e5-af34-b651f9e10fee-100x100.png",100,100,true]},"uagb_author_info":{"display_name":"admin","author_link":"https:\/\/www.ferberpainting.com\/lt\/author\/"},"uagb_comment_info":82,"uagb_excerpt":"Professional-grade protection for all metal surfaces. Our metal varnish is designed to provide long-lasting protection and an attractive finish for a wide range of metal surfaces, including steel, iron, aluminum, copper, brass, bronze and other alloys. It enhances the appearance of metal while forming a durable barrier against external elements, making it ideal for both&hellip;","_links":{"self":[{"href":"https:\/\/www.ferberpainting.com\/lt\/wp-json\/wp\/v2\/product\/23814","targetHints":{"allow":["GET"]}}],"collection":[{"href":"https:\/\/www.ferberpainting.com\/lt\/wp-json\/wp\/v2\/product"}],"about":[{"href":"https:\/\/www.ferberpainting.com\/lt\/wp-json\/wp\/v2\/types\/product"}],"replies":[{"embeddable":true,"href":"https:\/\/www.ferberpainting.com\/lt\/wp-json\/wp\/v2\/comments?post=23814"}],"version-history":[{"count":3,"href":"https:\/\/www.ferberpainting.com\/lt\/wp-json\/wp\/v2\/product\/23814\/revisions"}],"predecessor-version":[{"id":166506,"href":"https:\/\/www.ferberpainting.com\/lt\/wp-json\/wp\/v2\/product\/23814\/revisions\/166506"}],"wp:featuredmedia":[{"embeddable":true,"href":"https:\/\/www.ferberpainting.com\/lt\/wp-json\/wp\/v2\/media\/26270"}],"wp:attachment":[{"href":"https:\/\/www.ferberpainting.com\/lt\/wp-json\/wp\/v2\/media?parent=23814"}],"wp:term":[{"taxonomy":"product_brand","embeddable":true,"href":"https:\/\/www.ferberpainting.com\/lt\/wp-json\/wp\/v2\/product_brand?post=23814"},{"taxonomy":"product_cat","embeddable":true,"href":"https:\/\/www.ferberpainting.com\/lt\/wp-json\/wp\/v2\/product_cat?post=23814"},{"taxonomy":"product_tag","embeddable":true,"href":"https:\/\/www.ferberpainting.com\/lt\/wp-json\/wp\/v2\/product_tag?post=23814"}],"curies":[{"name":"wp","href":"https:\/\/api.w.org\/{rel}","templated":true}]}}