{"id":23807,"date":"2025-05-26T10:25:38","date_gmt":"2025-05-26T08:25:38","guid":{"rendered":"https:\/\/www.ferberpainting.com\/products\/mass-expander\/"},"modified":"2026-02-15T20:55:43","modified_gmt":"2026-02-15T19:55:43","slug":"mass-expander","status":"publish","type":"product","link":"https:\/\/www.ferberpainting.com\/lt\/products\/mass-expander\/","title":{"rendered":"Mas\u0117s pl\u0117stuvas"},"content":{"rendered":"<p><strong><img decoding=\"async\" style=\"margin-right: 12px;\" src=\"https:\/\/www.ferberpainting.com\/wp-content\/uploads\/2026\/02\/Check.svg\" alt=\"\" width=\"18\" height=\"15\" \/>Tiksliai padidinkite betono t\u016br\u012f ir suma\u017einkite susitraukim\u0105.<\/strong> M\u016bs\u0173 mas\u0117s pl\u0117stuvas yra specialiai sukurtas cemento pagrindo med\u017eiag\u0173 susitraukimui kompensuoti ir matmen\u0173 stabilumui pagerinti. Hidratacijos proceso metu sukurdamas kontroliuojam\u0105 pl\u0117tim\u0105si, jis padeda suma\u017einti \u012ftr\u016bkimus, vidinius \u012ftempius ir strukt\u016brinius tr\u016bkumus, u\u017etikrindamas tvirtesnes ir ilgaam\u017ei\u0161kesnes betono konstrukcijas.<\/p>\n<p><strong><img decoding=\"async\" style=\"margin-right: 12px;\" src=\"https:\/\/www.ferberpainting.com\/wp-content\/uploads\/2026\/02\/Check.svg\" alt=\"\" width=\"18\" height=\"15\" \/>Veiksmingiausias rinkoje esantis pl\u0117timosi priedas.<\/strong> \u0160is gaminys, sukurtas pagal pa\u017eangi\u0105 pl\u0117timosi technologij\u0105, integruojamas tiesiai \u012f cemento mi\u0161inius ir kiet\u0117jimo metu reaguoja, kad sukelt\u0173 kontroliuojam\u0105 pl\u0117tim\u0105si. Palyginti su \u012fprastais priedais, jis u\u017etikrina geresn\u012f susitraukimo kompensavim\u0105, gerokai pagerindamas konstrukcijos vientisum\u0105 ir ilgalaikes eksploatacines savybes.<\/p>\n<p><strong><img decoding=\"async\" style=\"margin-right: 12px;\" src=\"https:\/\/www.ferberpainting.com\/wp-content\/uploads\/2026\/02\/Check.svg\" alt=\"\" width=\"18\" height=\"15\" \/>Pinig\u0173 gr\u0105\u017einimo garantija - visi\u0161ka ramyb\u0117.<\/strong> Esame visi\u0161kai \u012fsitikin\u0119 savo mas\u0117s pl\u0117stuvo veikimu ir patikimumu. Jei nesate visi\u0161kai patenkinti rezultatais, gr\u0105\u017einsime pinigus u\u017e pirkin\u012f. M\u016bs\u0173 pinig\u0173 gr\u0105\u017einimo garantija u\u017etikrina, kad j\u016bs\u0173 investicija bus visi\u0161kai nerizikinga, ir atspindi m\u016bs\u0173 \u012fsipareigojim\u0105 teikti profesionalaus lygio statybos sprendimus.<\/p>\n<p><strong><img decoding=\"async\" style=\"margin-right: 12px;\" src=\"https:\/\/www.ferberpainting.com\/wp-content\/uploads\/2026\/02\/Check.svg\" alt=\"\" width=\"18\" height=\"15\" \/>Pigiausias turimas auk\u0161tos kokyb\u0117s cemento pl\u0117timosi priedas.<\/strong> Strukt\u016briniam sutvirtinimui ir \u012ftr\u016bkim\u0173 prevencijai neb\u016btinai turi b\u016bti naudojamos brangios sistemos. M\u016bs\u0173 masinis pl\u0117stuvas si\u016blo auk\u0161\u010diausios kokyb\u0117s pl\u0117timosi kontrol\u0119 u\u017e konkurencingiausi\u0105 kain\u0105 rinkoje, tod\u0117l rangovams, in\u017einieriams ir statyb\u0173 specialistams suteikia i\u0161skirtin\u0119 vert\u0119.<\/p>\n<p><strong><img decoding=\"async\" style=\"margin-right: 12px;\" src=\"https:\/\/www.ferberpainting.com\/wp-content\/uploads\/2026\/02\/Check.svg\" alt=\"\" width=\"18\" height=\"15\" \/>Greitas pristatymas 24 valandas per par\u0105, kad statybos projektai nenutr\u016bkt\u0173.<\/strong> Statyb\u0173 grafikai da\u017enai b\u016bna \u012ftempti ir priklauso nuo laiko. Tod\u0117l teikiame patikim\u0105 pristatym\u0105 24 valandas per par\u0105 ir u\u017etikriname, kad j\u016bs\u0173 priedas b\u016bt\u0173 pristatytas greitai, kad projektas gal\u0117t\u0173 b\u016bti vykdomas nedelsiant.<\/p>\n<p><strong><img decoding=\"async\" style=\"margin-right: 12px;\" src=\"https:\/\/www.ferberpainting.com\/wp-content\/uploads\/2026\/02\/Check.svg\" alt=\"\" width=\"18\" height=\"15\" \/>Rekomenduojama doz\u0117 nuo 0,1% iki 0,5% cemento mas\u0117s.<\/strong> Siekiant optimali\u0173 eksploatacini\u0173 savybi\u0173, mas\u0117s pl\u0117tiklis tur\u0117t\u0173 b\u016bti dedamas nuo 0,1% iki 0,5% visos cemento mas\u0117s. Tokia kontroliuojama doz\u0117 u\u017etikrina tinkam\u0105 pl\u0117tim\u0105si nesuma\u017einant stiprumo ar konstrukcijos vientisumo.<\/p>\n<p><strong><img decoding=\"async\" style=\"margin-right: 12px;\" src=\"https:\/\/www.ferberpainting.com\/wp-content\/uploads\/2026\/02\/Check.svg\" alt=\"\" width=\"18\" height=\"15\" \/>Suma\u017eina \u012ftr\u016bkimus ir vidin\u0119 \u012ftamp\u0105.<\/strong> D\u0117l susitraukimo kiet\u0117jimo metu gali atsirasti mikro\u012ftr\u016bkim\u0173 ir strukt\u016brini\u0173 defekt\u0173. Kompensuodamas t\u016brio suma\u017e\u0117jim\u0105, \u0161is priedas suma\u017eina vidin\u012f \u012ftempim\u0105 ir pagerina bendr\u0105 ilgaam\u017ei\u0161kum\u0105.<\/p>\n<p><strong><img decoding=\"async\" style=\"margin-right: 12px;\" src=\"https:\/\/www.ferberpainting.com\/wp-content\/uploads\/2026\/02\/Check.svg\" alt=\"\" width=\"18\" height=\"15\" \/>Pagerina betono ir skiedinio matmen\u0173 stabilum\u0105.<\/strong> D\u0117l pl\u0117timosi efekto u\u017etikrinamas geresnis sukibimas, tvirtesnis form\u0173 ir ertmi\u0173 u\u017epildymas ir didesn\u0117 strukt\u016brin\u0117 sanglauda. D\u0117l to idealiai tinka skiediniams, remonto skiediniams, pamatams, perdangoms ir surenkamiems elementams.<\/p>\n<p><strong><img decoding=\"async\" style=\"margin-right: 12px;\" src=\"https:\/\/www.ferberpainting.com\/wp-content\/uploads\/2026\/02\/Check.svg\" alt=\"\" width=\"18\" height=\"15\" \/>Suderinamas su \u012fvairiais cemento pagrindo mi\u0161iniais.<\/strong> \u0160\u012f mas\u0117s pl\u0117stuv\u0105 galima d\u0117ti \u012f beton\u0105, skiedin\u012f, lygintuvus ir specializuotus cemento mi\u0161inius. Jis lengvai integruojamas \u012f standartinius mai\u0161ymo procesus ir nereikalauja sud\u0117ting\u0173 pakeitim\u0173.<\/p>\n<p><strong><img decoding=\"async\" style=\"margin-right: 12px;\" src=\"https:\/\/www.ferberpainting.com\/wp-content\/uploads\/2026\/02\/Check.svg\" alt=\"\" width=\"18\" height=\"15\" \/>Gerina ilgalaikes konstrukcijos eksploatacines savybes.<\/strong> Ma\u017eindamas su susitraukimu susijusius defektus, \u0161is priedas prisideda prie didesnio mechaninio stiprumo, didesnio atsparumo aplinkos poveikiui ir ilgesnio cementini\u0173 konstrukcij\u0173 tarnavimo laiko.<\/p>\n<h2><strong>Instrukcijos<\/strong><\/h2>\n<ul>\n<li>Apskai\u010diuokite bendr\u0105 mi\u0161inio cemento svor\u012f prie\u0161 pridedant pl\u0117stuv\u0105.<\/li>\n<li>I\u0161matuokite mas\u0117s pl\u0117stuv\u0105 nuo 0,1% iki 0,5% cemento mas\u0117s. Pavyzd\u017eiui, 100 kg cemento, priklausomai nuo projekto reikalavim\u0173, \u012fpilkite nuo 100 g iki 500 g pl\u0117stuvo.<\/li>\n<li>Prie\u0161 pilant vanden\u012f, \u012f saus\u0105 cemento mi\u0161in\u012f tiesiai \u012fpilkite pl\u0117stuv\u0105 ir kruop\u0161\u010diai sumai\u0161ykite, kad jis pasiskirstyt\u0173 tolygiai.<\/li>\n<li>Atlikite standartines mai\u0161ymo proced\u016bras, palaipsniui pildydami vanden\u012f pagal mi\u0161inio projekto specifikacijas.<\/li>\n<li>U\u017etikrinkite vienalyt\u012f mai\u0161ym\u0105, kad b\u016bt\u0173 u\u017etikrintas tolygus med\u017eiagos pl\u0117timosi procesas.<\/li>\n<li>Beton\u0105 ar skiedin\u012f klokite ir sutankinkite pagal standartin\u0119 statybos praktik\u0105.<\/li>\n<li>Venkite vir\u0161yti rekomenduojam\u0105 doz\u0119, nes per didelis i\u0161sipl\u0117timas gali neigiamai paveikti mechanines savybes.<\/li>\n<li>Tinkamai sukietinkite beton\u0105, kad \u012fvykt\u0173 visi\u0161ka hidratacija ir pl\u0117timosi reakcija.<\/li>\n<li>Laikykite gamin\u012f sausoje aplinkoje, kad i\u0161vengtum\u0117te ankstyvos reakcijos su dr\u0117gme.<\/li>\n<li>Dirbdami su cemento pagrindo med\u017eiagomis ir priedais, laikykit\u0117s standartini\u0173 saugos nurodym\u0173.<\/li>\n<\/ul>","protected":false},"excerpt":{"rendered":"<p>Increase concrete volume and reduce shrinkage with precision. Our mass expander is specially formulated to compensate for shrinkage in cement-based materials and improve dimensional stability. By creating controlled expansion during the hydration process, it helps reduce cracking, internal stress, and structural weaknesses, ensuring stronger and more durable concrete structures. The most effective expansion additive on [&hellip;]<\/p>\n","protected":false},"featured_media":26267,"comment_status":"open","ping_status":"closed","template":"","meta":{"_uag_custom_page_level_css":"","site-sidebar-layout":"default","site-content-layout":"","ast-site-content-layout":"default","site-content-style":"default","site-sidebar-style":"default","ast-global-header-display":"","ast-banner-title-visibility":"","ast-main-header-display":"","ast-hfb-above-header-display":"","ast-hfb-below-header-display":"","ast-hfb-mobile-header-display":"","site-post-title":"","ast-breadcrumbs-content":"","ast-featured-img":"","footer-sml-layout":"","ast-disable-related-posts":"","theme-transparent-header-meta":"default","adv-header-id-meta":"","stick-header-meta":"","header-above-stick-meta":"","header-main-stick-meta":"","header-below-stick-meta":"","astra-migrate-meta-layouts":"set","ast-page-background-enabled":"default","ast-page-background-meta":{"desktop":{"background-color":"var(--ast-global-color-4)","background-image":"","background-repeat":"repeat","background-position":"center center","background-size":"auto","background-attachment":"scroll","background-type":"","background-media":"","overlay-type":"","overlay-color":"","overlay-opacity":"","overlay-gradient":""},"tablet":{"background-color":"","background-image":"","background-repeat":"repeat","background-position":"center center","background-size":"auto","background-attachment":"scroll","background-type":"","background-media":"","overlay-type":"","overlay-color":"","overlay-opacity":"","overlay-gradient":""},"mobile":{"background-color":"","background-image":"","background-repeat":"repeat","background-position":"center center","background-size":"auto","background-attachment":"scroll","background-type":"","background-media":"","overlay-type":"","overlay-color":"","overlay-opacity":"","overlay-gradient":""}},"ast-content-background-meta":{"desktop":{"background-color":"var(--ast-global-color-5)","background-image":"","background-repeat":"repeat","background-position":"center center","background-size":"auto","background-attachment":"scroll","background-type":"","background-media":"","overlay-type":"","overlay-color":"","overlay-opacity":"","overlay-gradient":""},"tablet":{"background-color":"var(--ast-global-color-5)","background-image":"","background-repeat":"repeat","background-position":"center center","background-size":"auto","background-attachment":"scroll","background-type":"","background-media":"","overlay-type":"","overlay-color":"","overlay-opacity":"","overlay-gradient":""},"mobile":{"background-color":"var(--ast-global-color-5)","background-image":"","background-repeat":"repeat","background-position":"center center","background-size":"auto","background-attachment":"scroll","background-type":"","background-media":"","overlay-type":"","overlay-color":"","overlay-opacity":"","overlay-gradient":""}}},"product_brand":[],"product_cat":[176],"product_tag":[],"class_list":{"0":"post-23807","1":"product","2":"type-product","3":"status-publish","4":"has-post-thumbnail","6":"product_cat-concrete-treatment","7":"desktop-align-left","8":"tablet-align-left","9":"mobile-align-left","11":"first","12":"instock","13":"sale","14":"shipping-taxable","15":"purchasable","16":"product-type-variable","17":"has-default-attributes"},"spectra_custom_meta":{"_visibility":["visible"],"_shopify_product_id":["8050142380277"],"_s2w_shopify_domain":["ferberpainting.myshopify.com"],"_shopify_variant_id":["43843096215797"],"_sku":[""],"_manage_stock":["no"],"total_sales":["0"],"_tax_status":["taxable"],"_tax_class":[""],"_backorders":["no"],"_sold_individually":["no"],"_virtual":["no"],"_downloadable":["no"],"_download_limit":["-1"],"_download_expiry":["-1"],"_stock":[null],"_stock_status":["instock"],"_wc_average_rating":["4.99"],"_wc_review_count":["92"],"_product_attributes":["a:1:{s:6:\"volume\";a:6:{s:4:\"name\";s:6:\"Volume\";s:5:\"value\";s:20:\"5 liters | 25 liters\";s:8:\"position\";i:1;s:10:\"is_visible\";i:0;s:12:\"is_variation\";i:1;s:11:\"is_taxonomy\";i:0;}}"],"_product_version":["10.5.1"],"_thumbnail_id":["26267"],"_price":["29.90","99.90"],"_product_image_gallery":["26268"],"merchant-center-availability":["yes"],"merchant-center-category":["2277"],"merchant-center-id":["EDM5L"],"wpse_downloadable_file_names":[""],"wpse_downloadable_file_urls":[""],"_edit_last":["1"],"_default_attributes":["a:1:{s:6:\"volume\";s:8:\"5 liters\";}"],"_wc_rating_count":["a:2:{i:4;i:1;i:5;i:91;}"],"_edit_lock":["1771185246:1"],"_wp_page_template":["default"],"site-sidebar-layout":["default"],"ast-site-content-layout":["default"],"site-content-style":["default"],"site-sidebar-style":["default"],"theme-transparent-header-meta":["default"],"astra-migrate-meta-layouts":["set"],"_uag_css_file_name":["uag-css-23807.css"],"_elementor_page_assets":["a:0:{}"]},"uagb_featured_image_src":{"full":["https:\/\/www.ferberpainting.com\/wp-content\/uploads\/2025\/05\/MassExpander5L_02aa0bb0-2fa7-4e30-9d5f-6bf6604f749c.jpg",2560,2560,false],"thumbnail":["https:\/\/www.ferberpainting.com\/wp-content\/uploads\/2025\/05\/MassExpander5L_02aa0bb0-2fa7-4e30-9d5f-6bf6604f749c-150x150.jpg",150,150,true],"medium":["https:\/\/www.ferberpainting.com\/wp-content\/uploads\/2025\/05\/MassExpander5L_02aa0bb0-2fa7-4e30-9d5f-6bf6604f749c-300x300.jpg",300,300,true],"medium_large":["https:\/\/www.ferberpainting.com\/wp-content\/uploads\/2025\/05\/MassExpander5L_02aa0bb0-2fa7-4e30-9d5f-6bf6604f749c-768x768.jpg",768,768,true],"large":["https:\/\/www.ferberpainting.com\/wp-content\/uploads\/2025\/05\/MassExpander5L_02aa0bb0-2fa7-4e30-9d5f-6bf6604f749c-1024x1024.jpg",1024,1024,true],"1536x1536":["https:\/\/www.ferberpainting.com\/wp-content\/uploads\/2025\/05\/MassExpander5L_02aa0bb0-2fa7-4e30-9d5f-6bf6604f749c-1536x1536.jpg",1536,1536,true],"2048x2048":["https:\/\/www.ferberpainting.com\/wp-content\/uploads\/2025\/05\/MassExpander5L_02aa0bb0-2fa7-4e30-9d5f-6bf6604f749c-2048x2048.jpg",2048,2048,true],"trp-custom-language-flag":["https:\/\/www.ferberpainting.com\/wp-content\/uploads\/2025\/05\/MassExpander5L_02aa0bb0-2fa7-4e30-9d5f-6bf6604f749c-12x12.jpg",12,12,true],"woocommerce_thumbnail":["https:\/\/www.ferberpainting.com\/wp-content\/uploads\/2025\/05\/MassExpander5L_02aa0bb0-2fa7-4e30-9d5f-6bf6604f749c-300x300.jpg",300,300,true],"woocommerce_single":["https:\/\/www.ferberpainting.com\/wp-content\/uploads\/2025\/05\/MassExpander5L_02aa0bb0-2fa7-4e30-9d5f-6bf6604f749c-600x600.jpg",600,600,true],"woocommerce_gallery_thumbnail":["https:\/\/www.ferberpainting.com\/wp-content\/uploads\/2025\/05\/MassExpander5L_02aa0bb0-2fa7-4e30-9d5f-6bf6604f749c-100x100.jpg",100,100,true]},"uagb_author_info":{"display_name":"admin","author_link":"https:\/\/www.ferberpainting.com\/lt\/author\/"},"uagb_comment_info":92,"uagb_excerpt":"Increase concrete volume and reduce shrinkage with precision. Our mass expander is specially formulated to compensate for shrinkage in cement-based materials and improve dimensional stability. By creating controlled expansion during the hydration process, it helps reduce cracking, internal stress, and structural weaknesses, ensuring stronger and more durable concrete structures. The most effective expansion additive on&hellip;","_links":{"self":[{"href":"https:\/\/www.ferberpainting.com\/lt\/wp-json\/wp\/v2\/product\/23807","targetHints":{"allow":["GET"]}}],"collection":[{"href":"https:\/\/www.ferberpainting.com\/lt\/wp-json\/wp\/v2\/product"}],"about":[{"href":"https:\/\/www.ferberpainting.com\/lt\/wp-json\/wp\/v2\/types\/product"}],"replies":[{"embeddable":true,"href":"https:\/\/www.ferberpainting.com\/lt\/wp-json\/wp\/v2\/comments?post=23807"}],"version-history":[{"count":2,"href":"https:\/\/www.ferberpainting.com\/lt\/wp-json\/wp\/v2\/product\/23807\/revisions"}],"predecessor-version":[{"id":166498,"href":"https:\/\/www.ferberpainting.com\/lt\/wp-json\/wp\/v2\/product\/23807\/revisions\/166498"}],"wp:featuredmedia":[{"embeddable":true,"href":"https:\/\/www.ferberpainting.com\/lt\/wp-json\/wp\/v2\/media\/26267"}],"wp:attachment":[{"href":"https:\/\/www.ferberpainting.com\/lt\/wp-json\/wp\/v2\/media?parent=23807"}],"wp:term":[{"taxonomy":"product_brand","embeddable":true,"href":"https:\/\/www.ferberpainting.com\/lt\/wp-json\/wp\/v2\/product_brand?post=23807"},{"taxonomy":"product_cat","embeddable":true,"href":"https:\/\/www.ferberpainting.com\/lt\/wp-json\/wp\/v2\/product_cat?post=23807"},{"taxonomy":"product_tag","embeddable":true,"href":"https:\/\/www.ferberpainting.com\/lt\/wp-json\/wp\/v2\/product_tag?post=23807"}],"curies":[{"name":"wp","href":"https:\/\/api.w.org\/{rel}","templated":true}]}}