{"id":23771,"date":"2025-07-01T10:08:40","date_gmt":"2025-07-01T08:08:40","guid":{"rendered":"https:\/\/www.ferberpainting.com\/?post_type=product&#038;p=23762"},"modified":"2026-02-15T20:16:28","modified_gmt":"2026-02-15T19:16:28","slug":"kitchen-countertop-and-worktop-cleaner","status":"publish","type":"product","link":"https:\/\/www.ferberpainting.com\/lt\/products\/kitchen-countertop-and-worktop-cleaner\/","title":{"rendered":"Stalvir\u0161io valiklis"},"content":{"rendered":"<p><strong><img decoding=\"async\" style=\"margin-right: 12px;\" src=\"https:\/\/www.ferberpainting.com\/wp-content\/uploads\/2026\/02\/Check.svg\" alt=\"\" width=\"18\" height=\"15\" \/>Optimalus efektyvumas.<\/strong>\u00a0\u0160is stalvir\u0161io valiklis skirtas veiksmingai \u0161alinti maisto d\u0117mes, riebalus, kalki\u0173 p\u0117dsakus ir kitus kasdienius ne\u0161varumus. Galinga formul\u0117 prasiskverbia giliai \u012f pavir\u0161i\u0173 nepalikdama dry\u017ei\u0173, atkurdama nat\u016bral\u0173 pavir\u0161i\u0173 blizges\u012f ir \u0161var\u0105. Jis u\u017etikrina kruop\u0161t\u0173 valym\u0105, kartu i\u0161saugodamas stalvir\u0161io tekst\u016br\u0105 ir apdail\u0105, nesvarbu, ar jis matinis, blizgus, ar tekst\u016brinis.<\/p>\n<p><strong><img decoding=\"async\" style=\"margin-right: 12px;\" src=\"https:\/\/www.ferberpainting.com\/wp-content\/uploads\/2026\/02\/Check.svg\" alt=\"\" width=\"18\" height=\"15\" \/>Pinig\u0173 gr\u0105\u017einimo garantija.<\/strong>\u00a0Visi\u0161kai pasitikime savo valytojo darbu. Jei po naudojimo nesate visi\u0161kai patenkinti, galite atgauti vis\u0105 sumok\u0117t\u0105 sum\u0105. I\u0161bandykite m\u016bs\u0173 gamin\u012f be rizikos ir d\u017eiaukit\u0117s tobulai \u0161variu stalvir\u0161iu kiekvien\u0105 dien\u0105.<\/p>\n<p><strong><img decoding=\"async\" style=\"margin-right: 12px;\" src=\"https:\/\/www.ferberpainting.com\/wp-content\/uploads\/2026\/02\/Check.svg\" alt=\"\" width=\"18\" height=\"15\" \/>I\u0161skirtinis universalumas.<\/strong>\u00a0\u0160is valiklis tinka vis\u0173 tip\u0173 stalvir\u0161iams! Puikiai tinka granito, kvarco, marmuro, keramikos, ner\u016bdijan\u010diojo plieno, lakuotos medienos, laminato, melamino ir betono pavir\u0161iams. Jis taip pat efektyviai veikia ant dervos ar nat\u016bralaus akmens stalvir\u0161i\u0173, \u0161velniai valo be rizikos juos pa\u017eeisti. D\u0117l suderinamumo su daugeliu pavir\u0161i\u0173 tai puikus kasdienis virtuv\u0117s valymo sprendimas.<\/p>\n<p><strong><img decoding=\"async\" style=\"margin-right: 12px;\" src=\"https:\/\/www.ferberpainting.com\/wp-content\/uploads\/2026\/02\/Check.svg\" alt=\"\" width=\"18\" height=\"15\" \/>Ekonomi\u0161kas.<\/strong>\u00a0\u0160is 5 litr\u0173 formato ir itin veiksmingos formul\u0117s valiklis u\u017etikrina puikius rezultatus naudojant minimal\u0173 produkto kiek\u012f. Vidutini\u0161kai vienas litras valo iki 100 m\u00b2 stalvir\u0161io, tod\u0117l \u0161is valiklis yra labai ekonomi\u0161kas ir ilgaam\u017eis tiek kasdieniam, tiek intensyviam valymui.<\/p>\n<p><strong><img decoding=\"async\" style=\"margin-right: 12px;\" src=\"https:\/\/www.ferberpainting.com\/wp-content\/uploads\/2026\/02\/Check.svg\" alt=\"\" width=\"18\" height=\"15\" \/>Saugu naudoti.<\/strong>\u00a0Skirtingai nuo a\u0161tri\u0173 tirpikli\u0173 pagrindu pagamint\u0173 valikli\u0173, \u0161io produkto sud\u0117tyje n\u0117ra toksini\u0173 med\u017eiag\u0173 ir jis nepalieka kenksming\u0173 liku\u010di\u0173. Jis nekenksmingas maistui ir idealiai tinka virtuv\u0117ms, net ir jautrioje aplinkoje, pavyzd\u017eiui, \u0161eimos namuose ar profesionaliose virtuv\u0117se.<\/p>\n<p><strong><img decoding=\"async\" style=\"margin-right: 12px;\" src=\"https:\/\/www.ferberpainting.com\/wp-content\/uploads\/2026\/02\/Check.svg\" alt=\"\" width=\"18\" height=\"15\" \/>Lengva naudoti.<\/strong>\u00a0\u0160is produktas yra paruo\u0161tas naudoti, jo nereikia skiesti ar sud\u0117tingai ruo\u0161ti. Tiesiog u\u017etepkite j\u012f \u0161luoste, kempine arba purk\u0161tuvu. Greitas veikimas ir intuityvus naudojimas leid\u017eia efektyviai valyti be dideli\u0173 pastang\u0173 ar skalavimo.<\/p>\n<p><strong><img decoding=\"async\" style=\"margin-right: 12px;\" src=\"https:\/\/www.ferberpainting.com\/wp-content\/uploads\/2026\/02\/Check.svg\" alt=\"\" width=\"18\" height=\"15\" \/>Ilgalaik\u0117 apsauga.<\/strong>\u00a0Reguliarus naudojimas padeda i\u0161vengti nusid\u0117v\u0117jimo, nublukimo ir dr\u0117gm\u0117s poveikio, tod\u0117l j\u016bs\u0173 stalvir\u0161is i\u0161lieka nepriekai\u0161tingas. Ilgainiui i\u0161laikoma pavir\u0161iaus i\u0161vaizda ir ilgaam\u017ei\u0161kumas.<\/p>\n<p><strong><img decoding=\"async\" style=\"margin-right: 12px;\" src=\"https:\/\/www.ferberpainting.com\/wp-content\/uploads\/2026\/02\/Check.svg\" alt=\"\" width=\"18\" height=\"15\" \/>Greitas veiksmas.<\/strong>\u00a0D\u0117l itin reaktyvios formul\u0117s \u0161is valiklis i\u0161 karto i\u0161tirpina purv\u0105 ir ne\u0161varumus. Vos per kelias sekundes jis palengvina valym\u0105 be \u0161veitimo. Puikiai tinka kasdieniam greitam valymui.<\/p>\n<h2><strong>Naudojimo protokolas<\/strong><\/h2>\n<ul>\n<li><strong>Paruo\u0161imas <\/strong>: Prie\u0161 tepdami gamin\u012f \u012fsitikinkite, kad ant pavir\u0161iaus n\u0117ra maisto liku\u010di\u0173 ar dideli\u0173 gabarit\u0173 daikt\u0173.<\/li>\n<li><strong>Rankinis taikymas <\/strong>: Ant \u0161varios \u0161luost\u0117s, kempin\u0117s ar popierinio rank\u0161luos\u010dio u\u017epilkite nedidel\u012f kiek\u012f valiklio ir tolygiai u\u017etepkite sukamaisiais judesiais.<\/li>\n<li><strong>Naudokite stipriai u\u017eter\u0161toms vietoms <\/strong>: Stiprioms d\u0117m\u0117ms i\u0161valyti leiskite produktui 1-2 minutes nusistov\u0117ti ir tik tada nuvalykite dr\u0117gnu skudur\u0117liu.<\/li>\n<li><strong>Grioveli\u0173 ir sujungim\u0173 valymas <\/strong>: Tepkite produkt\u0105 mink\u0161tu \u0161epet\u0117liu arba medvilniniu tamponu, kad pa\u0161alintum\u0117te ne\u0161varumus ply\u0161iuose.<\/li>\n<li><strong>Skalavimas <\/strong>: \u012eprastai naudojant nereikia skalauti. Su maistu besilie\u010dian\u010dius pavir\u0161ius nu\u0161luostykite dr\u0117gna \u0161luoste, kad pavir\u0161ius b\u016bt\u0173 nepriekai\u0161tingas.<\/li>\n<li><strong>D\u017eiovinimas ir apdaila <\/strong>: Leiskite i\u0161d\u017ei\u016bti ore arba nuvalykite sausa mikropluo\u0161to \u0161luoste, kad papildomai blizg\u0117t\u0173.<\/li>\n<li><strong>Naudojimo da\u017enumas <\/strong>: Naudokite kasdien, kad optimaliai pri\u017ei\u016br\u0117tum\u0117te stalvir\u0161\u012f. Pakartokite pagal poreik\u012f, jei yra matom\u0173 d\u0117mi\u0173 ar susikaupusi\u0173 nuos\u0117d\u0173.<\/li>\n<li><strong>Saugykla <\/strong>: Po naudojimo laikykite ind\u0105 sandariai u\u017edaryt\u0105, v\u0117sioje ir sausoje vietoje, atokiau nuo \u0161viesos ir ekstremalios temperat\u016bros, kad produktas i\u0161likt\u0173 veiksmingas.<\/li>\n<\/ul>\n<p>Naudodami m\u016bs\u0173 stalvir\u0161i\u0173 valikl\u012f kasdien u\u017etikrinkite nepriekai\u0161ting\u0105 virtuv\u0119, \u012fd\u0117dami minimalias pastangas. Tai veiksmingas ir saugus sprendimas, padedantis be vargo i\u0161saugoti virtuv\u0117s gro\u017e\u012f ir \u0161var\u0105.<\/p>","protected":false},"excerpt":{"rendered":"<p>Optimal Efficiency.\u00a0This worktop cleaner is designed to effectively remove food stains, grease, limescale traces, and other daily impurities. Its powerful formula penetrates deep into the surface without leaving streaks, restoring the natural shine and cleanliness of your surfaces. It guarantees thorough cleaning while preserving the texture and finish of the worktop, whether matte, glossy, or [&hellip;]<\/p>\n","protected":false},"featured_media":36212,"comment_status":"open","ping_status":"closed","template":"","meta":{"_uag_custom_page_level_css":"","site-sidebar-layout":"default","site-content-layout":"","ast-site-content-layout":"default","site-content-style":"default","site-sidebar-style":"default","ast-global-header-display":"","ast-banner-title-visibility":"","ast-main-header-display":"","ast-hfb-above-header-display":"","ast-hfb-below-header-display":"","ast-hfb-mobile-header-display":"","site-post-title":"","ast-breadcrumbs-content":"","ast-featured-img":"","footer-sml-layout":"","ast-disable-related-posts":"","theme-transparent-header-meta":"default","adv-header-id-meta":"","stick-header-meta":"","header-above-stick-meta":"","header-main-stick-meta":"","header-below-stick-meta":"","astra-migrate-meta-layouts":"set","ast-page-background-enabled":"default","ast-page-background-meta":{"desktop":{"background-color":"var(--ast-global-color-4)","background-image":"","background-repeat":"repeat","background-position":"center center","background-size":"auto","background-attachment":"scroll","background-type":"","background-media":"","overlay-type":"","overlay-color":"","overlay-opacity":"","overlay-gradient":""},"tablet":{"background-color":"","background-image":"","background-repeat":"repeat","background-position":"center center","background-size":"auto","background-attachment":"scroll","background-type":"","background-media":"","overlay-type":"","overlay-color":"","overlay-opacity":"","overlay-gradient":""},"mobile":{"background-color":"","background-image":"","background-repeat":"repeat","background-position":"center center","background-size":"auto","background-attachment":"scroll","background-type":"","background-media":"","overlay-type":"","overlay-color":"","overlay-opacity":"","overlay-gradient":""}},"ast-content-background-meta":{"desktop":{"background-color":"var(--ast-global-color-5)","background-image":"","background-repeat":"repeat","background-position":"center center","background-size":"auto","background-attachment":"scroll","background-type":"","background-media":"","overlay-type":"","overlay-color":"","overlay-opacity":"","overlay-gradient":""},"tablet":{"background-color":"var(--ast-global-color-5)","background-image":"","background-repeat":"repeat","background-position":"center center","background-size":"auto","background-attachment":"scroll","background-type":"","background-media":"","overlay-type":"","overlay-color":"","overlay-opacity":"","overlay-gradient":""},"mobile":{"background-color":"var(--ast-global-color-5)","background-image":"","background-repeat":"repeat","background-position":"center center","background-size":"auto","background-attachment":"scroll","background-type":"","background-media":"","overlay-type":"","overlay-color":"","overlay-opacity":"","overlay-gradient":""}}},"product_brand":[],"product_cat":[175],"product_tag":[],"class_list":{"0":"post-23771","1":"product","2":"type-product","3":"status-publish","4":"has-post-thumbnail","6":"product_cat-cleaning-products","7":"desktop-align-left","8":"tablet-align-left","9":"mobile-align-left","11":"first","12":"instock","13":"sale","14":"taxable","15":"shipping-taxable","16":"purchasable","17":"product-type-variable","18":"has-default-attributes"},"spectra_custom_meta":{"_visibility":["visible"],"_shopify_product_id":["9102547386613"],"_s2w_shopify_domain":["ferberpainting.myshopify.com"],"_shopify_variant_id":["46616500273397"],"_sku":[""],"_manage_stock":["no"],"total_sales":["6"],"_tax_status":["taxable"],"_tax_class":[""],"_backorders":["no"],"_sold_individually":["no"],"_virtual":["no"],"_downloadable":["no"],"_download_limit":["-1"],"_download_expiry":["-1"],"_stock":[null],"_stock_status":["instock"],"_wc_average_rating":["5.00"],"_wc_review_count":["11"],"_product_attributes":["a:1:{s:6:\"volume\";a:6:{s:4:\"name\";s:6:\"Volume\";s:5:\"value\";s:20:\"5 liters | 25 liters\";s:8:\"position\";i:1;s:10:\"is_visible\";i:0;s:12:\"is_variation\";i:1;s:11:\"is_taxonomy\";i:0;}}"],"_product_version":["10.5.1"],"wpse_downloadable_file_names":[""],"wpse_downloadable_file_urls":[""],"_edit_last":["1"],"_default_attributes":["a:1:{s:6:\"volume\";s:8:\"5 liters\";}"],"_edit_lock":["1771182862:1"],"_price":["29.90","129.90"],"merchant-center-availability":["yes"],"merchant-center-category":["4978"],"_thumbnail_id":["36212"],"_wp_page_template":["default"],"_wp_old_date":["2025-05-26"],"_product_image_gallery":["36213"],"site-sidebar-layout":["default"],"ast-site-content-layout":["default"],"site-content-style":["default"],"site-sidebar-style":["default"],"theme-transparent-header-meta":["default"],"_wc_rating_count":["a:1:{i:5;i:11;}"],"astra-migrate-meta-layouts":["set"],"_uag_css_file_name":["uag-css-23771.css"],"_elementor_page_assets":["a:0:{}"],"_uag_page_assets":["a:9:{s:3:\"css\";s:6873:\".wp-block-uagb-image{display:flex}.wp-block-uagb-image__figure{position:relative;display:flex;flex-direction:column;max-width:100%;height:auto;margin:0}.wp-block-uagb-image__figure img{height:auto;display:flex;max-width:100%;transition:box-shadow .2s ease}.wp-block-uagb-image__figure>a{display:inline-block}.wp-block-uagb-image__figure figcaption{text-align:center;margin-top:.5em;margin-bottom:1em}.wp-block-uagb-image .components-placeholder.block-editor-media-placeholder .components-placeholder__instructions{align-self:center}.wp-block-uagb-image--align-left{text-align:left}.wp-block-uagb-image--align-right{text-align:right}.wp-block-uagb-image--align-center{text-align:center}.wp-block-uagb-image--align-full .wp-block-uagb-image__figure{margin-left:calc(50% - 50vw);margin-right:calc(50% - 50vw);max-width:100vw;width:100vw;height:auto}.wp-block-uagb-image--align-full .wp-block-uagb-image__figure img{height:auto;width:100% !important}.wp-block-uagb-image--align-wide .wp-block-uagb-image__figure img{height:auto;width:100%}.wp-block-uagb-image--layout-overlay__color-wrapper{position:absolute;left:0;top:0;right:0;bottom:0;opacity:.2;background:rgba(0,0,0,.5);transition:opacity .35s ease-in-out}.wp-block-uagb-image--layout-overlay-link{position:absolute;left:0;right:0;bottom:0;top:0}.wp-block-uagb-image--layout-overlay .wp-block-uagb-image__figure:hover .wp-block-uagb-image--layout-overlay__color-wrapper{opacity:1}.wp-block-uagb-image--layout-overlay__inner{position:absolute;left:15px;right:15px;bottom:15px;top:15px;display:flex;align-items:center;justify-content:center;flex-direction:column;border-color:#fff;transition:.35s ease-in-out}.wp-block-uagb-image--layout-overlay__inner.top-left,.wp-block-uagb-image--layout-overlay__inner.top-center,.wp-block-uagb-image--layout-overlay__inner.top-right{justify-content:flex-start}.wp-block-uagb-image--layout-overlay__inner.bottom-left,.wp-block-uagb-image--layout-overlay__inner.bottom-center,.wp-block-uagb-image--layout-overlay__inner.bottom-right{justify-content:flex-end}.wp-block-uagb-image--layout-overlay__inner.top-left,.wp-block-uagb-image--layout-overlay__inner.center-left,.wp-block-uagb-image--layout-overlay__inner.bottom-left{align-items:flex-start}.wp-block-uagb-image--layout-overlay__inner.top-right,.wp-block-uagb-image--layout-overlay__inner.center-right,.wp-block-uagb-image--layout-overlay__inner.bottom-right{align-items:flex-end}.wp-block-uagb-image--layout-overlay__inner .uagb-image-heading{color:#fff;transition:transform .35s,opacity .35s ease-in-out;transform:translate3d(0, 24px, 0);margin:0;line-height:1em}.wp-block-uagb-image--layout-overlay__inner .uagb-image-separator{width:30%;border-top-width:2px;border-top-color:#fff;border-top-style:solid;margin-bottom:10px;opacity:0;transition:transform .4s,opacity .4s ease-in-out;transform:translate3d(0, 30px, 0)}.wp-block-uagb-image--layout-overlay__inner .uagb-image-caption{opacity:0;overflow:visible;color:#fff;transition:transform .45s,opacity .45s ease-in-out;transform:translate3d(0, 35px, 0)}.wp-block-uagb-image--layout-overlay__inner:hover .uagb-image-heading,.wp-block-uagb-image--layout-overlay__inner:hover .uagb-image-separator,.wp-block-uagb-image--layout-overlay__inner:hover .uagb-image-caption{opacity:1;transform:translate3d(0, 0, 0)}.wp-block-uagb-image--effect-zoomin .wp-block-uagb-image__figure img,.wp-block-uagb-image--effect-zoomin .wp-block-uagb-image__figure .wp-block-uagb-image--layout-overlay__color-wrapper{transform:scale(1);transition:transform .35s ease-in-out}.wp-block-uagb-image--effect-zoomin .wp-block-uagb-image__figure:hover img,.wp-block-uagb-image--effect-zoomin .wp-block-uagb-image__figure:hover .wp-block-uagb-image--layout-overlay__color-wrapper{transform:scale(1.05)}.wp-block-uagb-image--effect-slide .wp-block-uagb-image__figure img,.wp-block-uagb-image--effect-slide .wp-block-uagb-image__figure .wp-block-uagb-image--layout-overlay__color-wrapper{width:calc(100% + 40px) !important;max-width:none !important;transform:translate3d(-40px, 0, 0);transition:transform .35s ease-in-out}.wp-block-uagb-image--effect-slide .wp-block-uagb-image__figure:hover img,.wp-block-uagb-image--effect-slide .wp-block-uagb-image__figure:hover .wp-block-uagb-image--layout-overlay__color-wrapper{transform:translate3d(0, 0, 0)}.wp-block-uagb-image--effect-grayscale img{filter:grayscale(0%);transition:.35s ease-in-out}.wp-block-uagb-image--effect-grayscale:hover img{filter:grayscale(100%)}.wp-block-uagb-image--effect-blur img{filter:blur(0);transition:.35s ease-in-out}.wp-block-uagb-image--effect-blur:hover img{filter:blur(3px)}.uagb-block-e6f939b3.wp-block-uagb-image--layout-default figure img{box-shadow: 0px 0px 0 #00000070;}.uagb-block-e6f939b3.wp-block-uagb-image .wp-block-uagb-image__figure figcaption{font-style: normal;align-self: center;}.uagb-block-e6f939b3.wp-block-uagb-image--layout-overlay figure img{box-shadow: 0px 0px 0 #00000070;}.uagb-block-e6f939b3.wp-block-uagb-image--layout-overlay .wp-block-uagb-image--layout-overlay__color-wrapper{opacity: 0.2;}.uagb-block-e6f939b3.wp-block-uagb-image--layout-overlay .wp-block-uagb-image--layout-overlay__inner{left: 15px;right: 15px;top: 15px;bottom: 15px;}.uagb-block-e6f939b3.wp-block-uagb-image--layout-overlay .wp-block-uagb-image--layout-overlay__inner .uagb-image-heading{font-style: normal;color: #fff;opacity: 1;}.uagb-block-e6f939b3.wp-block-uagb-image--layout-overlay .wp-block-uagb-image--layout-overlay__inner .uagb-image-heading a{color: #fff;}.uagb-block-e6f939b3.wp-block-uagb-image--layout-overlay .wp-block-uagb-image--layout-overlay__inner .uagb-image-caption{opacity: 0;}.uagb-block-e6f939b3.wp-block-uagb-image--layout-overlay .wp-block-uagb-image__figure:hover .wp-block-uagb-image--layout-overlay__color-wrapper{opacity: 1;}.uagb-block-e6f939b3.wp-block-uagb-image .wp-block-uagb-image--layout-overlay__inner .uagb-image-separator{width: 30%;border-top-width: 2px;border-top-color: #fff;opacity: 0;}.uagb-block-e6f939b3.wp-block-uagb-image .wp-block-uagb-image__figure img{width: px;height: auto;}.uagb-block-e6f939b3.wp-block-uagb-image .wp-block-uagb-image__figure:hover .wp-block-uagb-image--layout-overlay__inner .uagb-image-caption{opacity: 1;}.uagb-block-e6f939b3.wp-block-uagb-image .wp-block-uagb-image__figure:hover .wp-block-uagb-image--layout-overlay__inner .uagb-image-separator{opacity: 1;}.uagb-block-e6f939b3.wp-block-uagb-image--layout-default figure:hover img{box-shadow: 0px 0px 0 #00000070;}.uagb-block-e6f939b3.wp-block-uagb-image--layout-overlay figure:hover img{box-shadow: 0px 0px 0 #00000070;}@media only screen and (max-width: 976px) {.uagb-block-e6f939b3.wp-block-uagb-image .wp-block-uagb-image__figure img{width: px;height: auto;}}@media only screen and (max-width: 767px) {.uagb-block-e6f939b3.wp-block-uagb-image .wp-block-uagb-image__figure img{width: px;height: auto;}}\";s:2:\"js\";s:0:\"\";s:18:\"current_block_list\";a:13:{i:0;s:11:\"core\/search\";i:1;s:10:\"core\/group\";i:2;s:12:\"core\/heading\";i:3;s:17:\"core\/latest-posts\";i:4;s:20:\"core\/latest-comments\";i:5;s:13:\"core\/archives\";i:6;s:15:\"core\/categories\";i:7;s:14:\"core\/paragraph\";i:8;s:10:\"uagb\/image\";i:9;s:11:\"core\/spacer\";i:10;s:30:\"woocommerce\/product-categories\";i:11;s:10:\"core\/image\";i:12;s:14:\"core\/shortcode\";}s:8:\"uag_flag\";b:1;s:11:\"uag_version\";s:10:\"1777221787\";s:6:\"gfonts\";a:0:{}s:10:\"gfonts_url\";s:0:\"\";s:12:\"gfonts_files\";a:0:{}s:14:\"uag_faq_layout\";b:0;}"]},"uagb_featured_image_src":{"full":["https:\/\/www.ferberpainting.com\/wp-content\/uploads\/2025\/05\/Kitchen-Countertop-and-Worktop-Cleaner-5L-.png",2560,2560,false],"thumbnail":["https:\/\/www.ferberpainting.com\/wp-content\/uploads\/2025\/05\/Kitchen-Countertop-and-Worktop-Cleaner-5L--150x150.png",150,150,true],"medium":["https:\/\/www.ferberpainting.com\/wp-content\/uploads\/2025\/05\/Kitchen-Countertop-and-Worktop-Cleaner-5L--300x300.png",300,300,true],"medium_large":["https:\/\/www.ferberpainting.com\/wp-content\/uploads\/2025\/05\/Kitchen-Countertop-and-Worktop-Cleaner-5L--768x768.png",768,768,true],"large":["https:\/\/www.ferberpainting.com\/wp-content\/uploads\/2025\/05\/Kitchen-Countertop-and-Worktop-Cleaner-5L--1024x1024.png",1024,1024,true],"1536x1536":["https:\/\/www.ferberpainting.com\/wp-content\/uploads\/2025\/05\/Kitchen-Countertop-and-Worktop-Cleaner-5L--1536x1536.png",1536,1536,true],"2048x2048":["https:\/\/www.ferberpainting.com\/wp-content\/uploads\/2025\/05\/Kitchen-Countertop-and-Worktop-Cleaner-5L--2048x2048.png",2048,2048,true],"trp-custom-language-flag":["https:\/\/www.ferberpainting.com\/wp-content\/uploads\/2025\/05\/Kitchen-Countertop-and-Worktop-Cleaner-5L--12x12.png",12,12,true],"woocommerce_thumbnail":["https:\/\/www.ferberpainting.com\/wp-content\/uploads\/2025\/05\/Kitchen-Countertop-and-Worktop-Cleaner-5L--300x300.png",300,300,true],"woocommerce_single":["https:\/\/www.ferberpainting.com\/wp-content\/uploads\/2025\/05\/Kitchen-Countertop-and-Worktop-Cleaner-5L--600x600.png",600,600,true],"woocommerce_gallery_thumbnail":["https:\/\/www.ferberpainting.com\/wp-content\/uploads\/2025\/05\/Kitchen-Countertop-and-Worktop-Cleaner-5L--100x100.png",100,100,true]},"uagb_author_info":{"display_name":"admin","author_link":"https:\/\/www.ferberpainting.com\/lt\/author\/"},"uagb_comment_info":11,"uagb_excerpt":"Optimal Efficiency.\u00a0This worktop cleaner is designed to effectively remove food stains, grease, limescale traces, and other daily impurities. Its powerful formula penetrates deep into the surface without leaving streaks, restoring the natural shine and cleanliness of your surfaces. It guarantees thorough cleaning while preserving the texture and finish of the worktop, whether matte, glossy, or&hellip;","_links":{"self":[{"href":"https:\/\/www.ferberpainting.com\/lt\/wp-json\/wp\/v2\/product\/23771","targetHints":{"allow":["GET"]}}],"collection":[{"href":"https:\/\/www.ferberpainting.com\/lt\/wp-json\/wp\/v2\/product"}],"about":[{"href":"https:\/\/www.ferberpainting.com\/lt\/wp-json\/wp\/v2\/types\/product"}],"replies":[{"embeddable":true,"href":"https:\/\/www.ferberpainting.com\/lt\/wp-json\/wp\/v2\/comments?post=23771"}],"version-history":[{"count":3,"href":"https:\/\/www.ferberpainting.com\/lt\/wp-json\/wp\/v2\/product\/23771\/revisions"}],"predecessor-version":[{"id":166449,"href":"https:\/\/www.ferberpainting.com\/lt\/wp-json\/wp\/v2\/product\/23771\/revisions\/166449"}],"wp:featuredmedia":[{"embeddable":true,"href":"https:\/\/www.ferberpainting.com\/lt\/wp-json\/wp\/v2\/media\/36212"}],"wp:attachment":[{"href":"https:\/\/www.ferberpainting.com\/lt\/wp-json\/wp\/v2\/media?parent=23771"}],"wp:term":[{"taxonomy":"product_brand","embeddable":true,"href":"https:\/\/www.ferberpainting.com\/lt\/wp-json\/wp\/v2\/product_brand?post=23771"},{"taxonomy":"product_cat","embeddable":true,"href":"https:\/\/www.ferberpainting.com\/lt\/wp-json\/wp\/v2\/product_cat?post=23771"},{"taxonomy":"product_tag","embeddable":true,"href":"https:\/\/www.ferberpainting.com\/lt\/wp-json\/wp\/v2\/product_tag?post=23771"}],"curies":[{"name":"wp","href":"https:\/\/api.w.org\/{rel}","templated":true}]}}