{"id":23547,"date":"2025-07-01T11:55:44","date_gmt":"2025-07-01T09:55:44","guid":{"rendered":"https:\/\/www.ferberpainting.com\/?post_type=product&#038;p=23547"},"modified":"2026-02-15T19:38:00","modified_gmt":"2026-02-15T18:38:00","slug":"induction-hob-cleaner","status":"publish","type":"product","link":"https:\/\/www.ferberpainting.com\/lt\/products\/induction-hob-cleaner\/","title":{"rendered":"Indukcin\u0117s kaitlent\u0117s valiklis"},"content":{"rendered":"<p><strong><img decoding=\"async\" style=\"margin-right: 12px;\" src=\"https:\/\/www.ferberpainting.com\/wp-content\/uploads\/2026\/02\/Check.svg\" alt=\"\" width=\"18\" height=\"15\" \/>Optimalus efektyvumas.<\/strong>\u00a0\u0160is indukcin\u0117s kaitlent\u0117s valiklis specialiai sukurtas taip, kad veiksmingai pa\u0161alint\u0173 maisto gaminimo liku\u010dius, riebal\u0173 \u017eymes, aliejaus purslus ir pridegusio maisto nuos\u0117das. D\u0117l galingos formul\u0117s jis veikia giliai, nesubrai\u017eydamas stiklo keramikos pavir\u0161iaus, tod\u0117l u\u017etikrina nepriekai\u0161ting\u0105 valym\u0105 ir visada nepriekai\u0161ting\u0105 kaitlent\u0119. Priemon\u0117 palieka apsaugin\u0119 pl\u0117vel\u0119, kuri palengvina b\u016bsim\u0105 valym\u0105 ir suma\u017eina maisto liku\u010di\u0173 prilipim\u0105.<\/p>\n<p><strong><img decoding=\"async\" style=\"margin-right: 12px;\" src=\"https:\/\/www.ferberpainting.com\/wp-content\/uploads\/2026\/02\/Check.svg\" alt=\"\" width=\"18\" height=\"15\" \/>Pinig\u0173 gr\u0105\u017einimo garantija.<\/strong>\u00a0Mes visi\u0161kai pasitikime savo valymo priemon\u0117s veiksmingumu. Jei po naudojimo nesate visi\u0161kai patenkinti rezultatais, galite atgauti vis\u0105 sumok\u0117t\u0105 sum\u0105. I\u0161bandykite m\u016bs\u0173 gamin\u012f nerizikuodami ir lengvai m\u0117gaukit\u0117s spindin\u010dia indukcin\u0117s kaitlent\u0117s \u0161vara.<\/p>\n<p><strong><img decoding=\"async\" style=\"margin-right: 12px;\" src=\"https:\/\/www.ferberpainting.com\/wp-content\/uploads\/2026\/02\/Check.svg\" alt=\"\" width=\"18\" height=\"15\" \/>I\u0161skirtinis universalumas.<\/strong>\u00a0\u0160is valiklis skirtas ne tik indukcin\u0117ms virykl\u0117ms! Jis taip pat puikiai tinka stiklo keramikos kaitlent\u0117ms, gr\u016bdinto stiklo plok\u0161t\u0117ms ir net ner\u016bdijan\u010dio plieno pavir\u0161iams valyti. Jis taip pat tinka elektrin\u0117ms kaitlent\u0117ms ir apsaugin\u0117ms grotel\u0117ms valyti, tod\u0117l u\u017etikrina optimal\u0173 \u012fvairi\u0173 virtuv\u0117s pavir\u0161i\u0173 valym\u0105. Jis pa\u0161alina d\u0117mes nepalikdamas dry\u017ei\u0173, i\u0161laikydamas nat\u016bral\u0173 apdorot\u0173 pavir\u0161i\u0173 blizges\u012f.<\/p>\n<p><strong><img decoding=\"async\" style=\"margin-right: 12px;\" src=\"https:\/\/www.ferberpainting.com\/wp-content\/uploads\/2026\/02\/Check.svg\" alt=\"\" width=\"18\" height=\"15\" \/>Ekonomi\u0161kas veikimas.<\/strong>\u00a0D\u0117l 5 litr\u0173 talpos kanistro formato ir didel\u0117s koncentracijos \u0161is valytuvas pasi\u017eymi puikia verte. Nedidelio kiekio u\u017etenka dideliam pavir\u0161iaus plotui i\u0161valyti be atliek\u0173. Vidutini\u0161kai vienu litru produkto galima i\u0161valyti iki 200 m\u00b2 stiklo ar stiklo keramikos pavir\u0161i\u0173, tod\u0117l tai ekonomi\u0161kas sprendimas kasdieniam ar profesionaliam naudojimui.<\/p>\n<p><strong><img decoding=\"async\" style=\"margin-right: 12px;\" src=\"https:\/\/www.ferberpainting.com\/wp-content\/uploads\/2026\/02\/Check.svg\" alt=\"\" width=\"18\" height=\"15\" \/>Saugu naudoti.<\/strong>\u00a0Skirtingai nuo agresyvi\u0173 valikli\u0173, kurie gali pa\u017eeisti trap\u0173 indukcini\u0173 kaitlen\u010di\u0173 pavir\u0161i\u0173, \u0161io produkto sud\u0117tyje n\u0117ra korozini\u0173 tirpikli\u0173 ar abrazyvini\u0173 med\u017eiag\u0173. Jis nesukelia patams\u0117jimo ar mikro\u012fbr\u0117\u017eim\u0173 ir tausoja subtilias med\u017eiagas. Jis neskleid\u017eia toksi\u0161k\u0173 gar\u0173, tod\u0117l u\u017etikrina saug\u0173 valym\u0105 net u\u017edaroje virtuv\u0117je. J\u012f saugu naudoti da\u017enai, jis i\u0161saugo kaitlen\u010di\u0173 kokyb\u0119 ir blizges\u012f.<\/p>\n<p><strong><img decoding=\"async\" style=\"margin-right: 12px;\" src=\"https:\/\/www.ferberpainting.com\/wp-content\/uploads\/2026\/02\/Check.svg\" alt=\"\" width=\"18\" height=\"15\" \/>Lengva naudoti.<\/strong>\u00a0\u0160is produktas yra paruo\u0161tas naudoti, jo nereikia skiesti ar sud\u0117tingai apdoroti. Jis tepamas tiesiai ant valomo pavir\u0161iaus naudojant mink\u0161t\u0105 \u0161luost\u0119 arba neabrazyvin\u0119 kempin\u0119. Greitai pa\u0161alina liku\u010dius, nereikalaudamas pernelyg didelio \u0161veitimo. Panaudojus nepaliekama lipni\u0173 liku\u010di\u0173, jo nereikia nuplauti, tod\u0117l j\u012f naudoti prakti\u0161ka ir greita.<\/p>\n<p><strong><img decoding=\"async\" style=\"margin-right: 12px;\" src=\"https:\/\/www.ferberpainting.com\/wp-content\/uploads\/2026\/02\/Check.svg\" alt=\"\" width=\"18\" height=\"15\" \/>I\u0161pl\u0117stinis patvarumas.<\/strong>\u00a0Reguliariai \u0161alindamas liku\u010dius ir apsaugodamas kaitlent\u0117s pavir\u0161i\u0173, \u0161is valiklis padeda prailginti jos tarnavimo laik\u0105. Jis neleid\u017eia kauptis riebalams, kurie ilgainiui gali suma\u017einti indukcin\u0117s kaitlent\u0117s efektyvum\u0105 ir sumenkinti jos blizges\u012f. Apsauginis poveikis suma\u017eina intensyvaus valymo da\u017enum\u0105, tod\u0117l kaitlent\u0117 visada i\u0161lieka \u0161vari ir funkcionali.<\/p>\n<p><strong><img decoding=\"async\" style=\"margin-right: 12px;\" src=\"https:\/\/www.ferberpainting.com\/wp-content\/uploads\/2026\/02\/Check.svg\" alt=\"\" width=\"18\" height=\"15\" \/>Greitas veiksmas.<\/strong>\u00a0D\u0117l itin reaktyvios formul\u0117s \u0161is valiklis i\u0161 karto veikia d\u0117mes ir pridegusias maisto nuos\u0117das. Vos per kelias sekundes jis i\u0161tirpina ne\u0161varumus ir leid\u017eia juos lengvai nuvalyti. Jis leid\u017eia greitai ir efektyviai valyti, idealiai tinka kasdienei prie\u017ei\u016brai, o kaitlent\u0117 visada paruo\u0161ta naudoti.<\/p>\n<h2><strong>Naudojimo protokolas<\/strong><\/h2>\n<ul>\n<li><strong>Paruo\u0161imas <\/strong>: Prie\u0161 naudodami gamin\u012f \u012fsitikinkite, kad indukcin\u0117 kaitlent\u0117 yra atv\u0117susi, kad i\u0161vengtum\u0117te \u0161iluminio sm\u016bgio ir u\u017etikrintum\u0117te optimal\u0173 veiksmingum\u0105.<\/li>\n<li><strong>Rankinis taikymas <\/strong>: Nedidel\u012f kiek\u012f valiklio supilkite ant mink\u0161tos \u0161luost\u0117s, mikropluo\u0161to ar neabrazyvin\u0117s kempin\u0117s ir sukamaisiais judesiais tolygiai u\u017etepkite ant pavir\u0161iaus.<\/li>\n<li><strong>U\u017esispyrusi\u0173 d\u0117mi\u0173 apdorojimas <\/strong>: Prie\u0161 \u0161velniai nu\u0161veisdami specialiu stiklo keramikos grandikliu, palikite gamin\u012f 30 sekund\u017ei\u0173 - 1 minut\u0119, kad jis nusivalo.<\/li>\n<li><strong>Liku\u010di\u0173 \u0161alinimas <\/strong>: Nuvalykite \u0161varia, sausa \u0161luoste, kad pa\u0161alintum\u0117te i\u0161tirpusius ne\u0161varumus ir atskleistum\u0117te nat\u016bral\u0173 kaitlent\u0117s blizges\u012f.<\/li>\n<li><strong>Apdaila ir apsauga <\/strong>: Jei norite, kad pavir\u0161ius b\u016bt\u0173 dar labiau akinantis, paskutin\u012f kart\u0105 nuvalykite sausu skudur\u0117liu, kad nupoliruotum\u0117te pavir\u0161i\u0173 ir prat\u0119stum\u0117te lipnum\u0105 ma\u017einant\u012f poveik\u012f.<\/li>\n<li><strong>Naudojimo da\u017enumas <\/strong>: Naudokite po kiekvieno kaitlent\u0117s naudojimo, kad optimaliai pri\u017ei\u016br\u0117tum\u0117te kaitlent\u0119 ir i\u0161vengtum\u0117te sunkiai pa\u0161alinam\u0173 liku\u010di\u0173 kaupimosi. Nor\u0117dami giliai i\u0161valyti, naudokite bent kart\u0105 per savait\u0119.<\/li>\n<li><strong>Saugykla <\/strong>: Po kiekvieno naudojimo sandariai u\u017edarykite talpykl\u0119 ir laikykite j\u0105 v\u0117sioje, sausoje, apsaugotoje nuo \u0161viesos ir ekstremalios temperat\u016bros vietoje, kad produktas ilgai i\u0161likt\u0173 veiksmingas.<\/li>\n<\/ul>\n<p>Naudodami m\u016bs\u0173 indukcin\u0117s kaitlent\u0117s valikl\u012f gal\u0117site m\u0117gautis veiksminga ir nesud\u0117tinga prie\u017ei\u016bra, i\u0161saugodami savo \u012frangos blizges\u012f ir na\u0161um\u0105. Idealus sprendimas \u0161variai virtuvei ir maksimaliam naudotoj\u0173 komfortui u\u017etikrinti.<\/p>","protected":false},"excerpt":{"rendered":"<p>Optimal Efficiency.\u00a0This induction cooktop cleaner is specially formulated to effectively eliminate cooking residues, grease marks, oil splashes, and burnt food deposits. Thanks to its powerful formula, it acts deep down without scratching the glass-ceramic surface, ensuring perfect cleaning and an always impeccable cooktop. It leaves a protective film that facilitates future cleanings and reduces the [&hellip;]<\/p>\n","protected":false},"featured_media":36277,"comment_status":"open","ping_status":"closed","template":"","meta":{"_uag_custom_page_level_css":"","site-sidebar-layout":"default","site-content-layout":"","ast-site-content-layout":"default","site-content-style":"default","site-sidebar-style":"default","ast-global-header-display":"","ast-banner-title-visibility":"","ast-main-header-display":"","ast-hfb-above-header-display":"","ast-hfb-below-header-display":"","ast-hfb-mobile-header-display":"","site-post-title":"","ast-breadcrumbs-content":"","ast-featured-img":"","footer-sml-layout":"","ast-disable-related-posts":"","theme-transparent-header-meta":"default","adv-header-id-meta":"","stick-header-meta":"","header-above-stick-meta":"","header-main-stick-meta":"","header-below-stick-meta":"","astra-migrate-meta-layouts":"set","ast-page-background-enabled":"default","ast-page-background-meta":{"desktop":{"background-color":"var(--ast-global-color-4)","background-image":"","background-repeat":"repeat","background-position":"center center","background-size":"auto","background-attachment":"scroll","background-type":"","background-media":"","overlay-type":"","overlay-color":"","overlay-opacity":"","overlay-gradient":""},"tablet":{"background-color":"","background-image":"","background-repeat":"repeat","background-position":"center center","background-size":"auto","background-attachment":"scroll","background-type":"","background-media":"","overlay-type":"","overlay-color":"","overlay-opacity":"","overlay-gradient":""},"mobile":{"background-color":"","background-image":"","background-repeat":"repeat","background-position":"center center","background-size":"auto","background-attachment":"scroll","background-type":"","background-media":"","overlay-type":"","overlay-color":"","overlay-opacity":"","overlay-gradient":""}},"ast-content-background-meta":{"desktop":{"background-color":"var(--ast-global-color-5)","background-image":"","background-repeat":"repeat","background-position":"center center","background-size":"auto","background-attachment":"scroll","background-type":"","background-media":"","overlay-type":"","overlay-color":"","overlay-opacity":"","overlay-gradient":""},"tablet":{"background-color":"var(--ast-global-color-5)","background-image":"","background-repeat":"repeat","background-position":"center center","background-size":"auto","background-attachment":"scroll","background-type":"","background-media":"","overlay-type":"","overlay-color":"","overlay-opacity":"","overlay-gradient":""},"mobile":{"background-color":"var(--ast-global-color-5)","background-image":"","background-repeat":"repeat","background-position":"center center","background-size":"auto","background-attachment":"scroll","background-type":"","background-media":"","overlay-type":"","overlay-color":"","overlay-opacity":"","overlay-gradient":""}}},"product_brand":[],"product_cat":[175],"product_tag":[],"class_list":{"0":"post-23547","1":"product","2":"type-product","3":"status-publish","4":"has-post-thumbnail","6":"product_cat-cleaning-products","7":"desktop-align-left","8":"tablet-align-left","9":"mobile-align-left","11":"first","12":"instock","13":"sale","14":"shipping-taxable","15":"purchasable","16":"product-type-variable","17":"has-default-attributes"},"spectra_custom_meta":{"_visibility":["visible"],"_shopify_product_id":["9106193711349"],"_s2w_shopify_domain":["ferberpainting.myshopify.com"],"_shopify_variant_id":["46625632878837"],"_sku":[""],"_manage_stock":["no"],"total_sales":["4"],"_tax_status":["taxable"],"_tax_class":[""],"_backorders":["no"],"_sold_individually":["no"],"_virtual":["no"],"_downloadable":["no"],"_download_limit":["-1"],"_download_expiry":["-1"],"_stock":[null],"_stock_status":["instock"],"_wc_average_rating":["5.00"],"_wc_review_count":["17"],"_product_attributes":["a:1:{s:6:\"volume\";a:6:{s:4:\"name\";s:6:\"Volume\";s:5:\"value\";s:20:\"5 liters | 25 liters\";s:8:\"position\";i:1;s:10:\"is_visible\";i:0;s:12:\"is_variation\";i:1;s:11:\"is_taxonomy\";i:0;}}"],"_product_version":["10.5.1"],"wpse_downloadable_file_names":[""],"wpse_downloadable_file_urls":[""],"_edit_last":["1"],"_default_attributes":["a:1:{s:6:\"volume\";s:8:\"5 liters\";}"],"_edit_lock":["1771180543:1"],"_price":["29.90","129.90"],"merchant-center-availability":["yes"],"merchant-center-category":["4978"],"_thumbnail_id":["36277"],"_wp_page_template":["default"],"_wp_old_date":["2025-05-26"],"_product_image_gallery":["36278"],"site-sidebar-layout":["default"],"ast-site-content-layout":["default"],"site-content-style":["default"],"site-sidebar-style":["default"],"theme-transparent-header-meta":["default"],"_wc_rating_count":["a:1:{i:5;i:17;}"],"astra-migrate-meta-layouts":["set"],"_uag_css_file_name":["uag-css-23547.css"],"_elementor_page_assets":["a:0:{}"],"_uag_page_assets":["a:9:{s:3:\"css\";s:7133:\".uag-blocks-common-selector{z-index:var(--z-index-desktop) !important}@media(max-width: 976px){.uag-blocks-common-selector{z-index:var(--z-index-tablet) !important}}@media(max-width: 767px){.uag-blocks-common-selector{z-index:var(--z-index-mobile) !important}}.wp-block-uagb-image{display:flex}.wp-block-uagb-image__figure{position:relative;display:flex;flex-direction:column;max-width:100%;height:auto;margin:0}.wp-block-uagb-image__figure img{height:auto;display:flex;max-width:100%;transition:box-shadow .2s ease}.wp-block-uagb-image__figure>a{display:inline-block}.wp-block-uagb-image__figure figcaption{text-align:center;margin-top:.5em;margin-bottom:1em}.wp-block-uagb-image .components-placeholder.block-editor-media-placeholder .components-placeholder__instructions{align-self:center}.wp-block-uagb-image--align-left{text-align:left}.wp-block-uagb-image--align-right{text-align:right}.wp-block-uagb-image--align-center{text-align:center}.wp-block-uagb-image--align-full .wp-block-uagb-image__figure{margin-left:calc(50% - 50vw);margin-right:calc(50% - 50vw);max-width:100vw;width:100vw;height:auto}.wp-block-uagb-image--align-full .wp-block-uagb-image__figure img{height:auto;width:100% !important}.wp-block-uagb-image--align-wide .wp-block-uagb-image__figure img{height:auto;width:100%}.wp-block-uagb-image--layout-overlay__color-wrapper{position:absolute;left:0;top:0;right:0;bottom:0;opacity:.2;background:rgba(0,0,0,.5);transition:opacity .35s ease-in-out}.wp-block-uagb-image--layout-overlay-link{position:absolute;left:0;right:0;bottom:0;top:0}.wp-block-uagb-image--layout-overlay .wp-block-uagb-image__figure:hover .wp-block-uagb-image--layout-overlay__color-wrapper{opacity:1}.wp-block-uagb-image--layout-overlay__inner{position:absolute;left:15px;right:15px;bottom:15px;top:15px;display:flex;align-items:center;justify-content:center;flex-direction:column;border-color:#fff;transition:.35s ease-in-out}.wp-block-uagb-image--layout-overlay__inner.top-left,.wp-block-uagb-image--layout-overlay__inner.top-center,.wp-block-uagb-image--layout-overlay__inner.top-right{justify-content:flex-start}.wp-block-uagb-image--layout-overlay__inner.bottom-left,.wp-block-uagb-image--layout-overlay__inner.bottom-center,.wp-block-uagb-image--layout-overlay__inner.bottom-right{justify-content:flex-end}.wp-block-uagb-image--layout-overlay__inner.top-left,.wp-block-uagb-image--layout-overlay__inner.center-left,.wp-block-uagb-image--layout-overlay__inner.bottom-left{align-items:flex-start}.wp-block-uagb-image--layout-overlay__inner.top-right,.wp-block-uagb-image--layout-overlay__inner.center-right,.wp-block-uagb-image--layout-overlay__inner.bottom-right{align-items:flex-end}.wp-block-uagb-image--layout-overlay__inner .uagb-image-heading{color:#fff;transition:transform .35s,opacity .35s ease-in-out;transform:translate3d(0, 24px, 0);margin:0;line-height:1em}.wp-block-uagb-image--layout-overlay__inner .uagb-image-separator{width:30%;border-top-width:2px;border-top-color:#fff;border-top-style:solid;margin-bottom:10px;opacity:0;transition:transform .4s,opacity .4s ease-in-out;transform:translate3d(0, 30px, 0)}.wp-block-uagb-image--layout-overlay__inner .uagb-image-caption{opacity:0;overflow:visible;color:#fff;transition:transform .45s,opacity .45s ease-in-out;transform:translate3d(0, 35px, 0)}.wp-block-uagb-image--layout-overlay__inner:hover .uagb-image-heading,.wp-block-uagb-image--layout-overlay__inner:hover .uagb-image-separator,.wp-block-uagb-image--layout-overlay__inner:hover .uagb-image-caption{opacity:1;transform:translate3d(0, 0, 0)}.wp-block-uagb-image--effect-zoomin .wp-block-uagb-image__figure img,.wp-block-uagb-image--effect-zoomin .wp-block-uagb-image__figure .wp-block-uagb-image--layout-overlay__color-wrapper{transform:scale(1);transition:transform .35s ease-in-out}.wp-block-uagb-image--effect-zoomin .wp-block-uagb-image__figure:hover img,.wp-block-uagb-image--effect-zoomin .wp-block-uagb-image__figure:hover .wp-block-uagb-image--layout-overlay__color-wrapper{transform:scale(1.05)}.wp-block-uagb-image--effect-slide .wp-block-uagb-image__figure img,.wp-block-uagb-image--effect-slide .wp-block-uagb-image__figure .wp-block-uagb-image--layout-overlay__color-wrapper{width:calc(100% + 40px) !important;max-width:none !important;transform:translate3d(-40px, 0, 0);transition:transform .35s ease-in-out}.wp-block-uagb-image--effect-slide .wp-block-uagb-image__figure:hover img,.wp-block-uagb-image--effect-slide .wp-block-uagb-image__figure:hover .wp-block-uagb-image--layout-overlay__color-wrapper{transform:translate3d(0, 0, 0)}.wp-block-uagb-image--effect-grayscale img{filter:grayscale(0%);transition:.35s ease-in-out}.wp-block-uagb-image--effect-grayscale:hover img{filter:grayscale(100%)}.wp-block-uagb-image--effect-blur img{filter:blur(0);transition:.35s ease-in-out}.wp-block-uagb-image--effect-blur:hover img{filter:blur(3px)}.uagb-block-e6f939b3.wp-block-uagb-image--layout-default figure img{box-shadow: 0px 0px 0 #00000070;}.uagb-block-e6f939b3.wp-block-uagb-image .wp-block-uagb-image__figure figcaption{font-style: normal;align-self: center;}.uagb-block-e6f939b3.wp-block-uagb-image--layout-overlay figure img{box-shadow: 0px 0px 0 #00000070;}.uagb-block-e6f939b3.wp-block-uagb-image--layout-overlay .wp-block-uagb-image--layout-overlay__color-wrapper{opacity: 0.2;}.uagb-block-e6f939b3.wp-block-uagb-image--layout-overlay .wp-block-uagb-image--layout-overlay__inner{left: 15px;right: 15px;top: 15px;bottom: 15px;}.uagb-block-e6f939b3.wp-block-uagb-image--layout-overlay .wp-block-uagb-image--layout-overlay__inner .uagb-image-heading{font-style: normal;color: #fff;opacity: 1;}.uagb-block-e6f939b3.wp-block-uagb-image--layout-overlay .wp-block-uagb-image--layout-overlay__inner .uagb-image-heading a{color: #fff;}.uagb-block-e6f939b3.wp-block-uagb-image--layout-overlay .wp-block-uagb-image--layout-overlay__inner .uagb-image-caption{opacity: 0;}.uagb-block-e6f939b3.wp-block-uagb-image--layout-overlay .wp-block-uagb-image__figure:hover .wp-block-uagb-image--layout-overlay__color-wrapper{opacity: 1;}.uagb-block-e6f939b3.wp-block-uagb-image .wp-block-uagb-image--layout-overlay__inner .uagb-image-separator{width: 30%;border-top-width: 2px;border-top-color: #fff;opacity: 0;}.uagb-block-e6f939b3.wp-block-uagb-image .wp-block-uagb-image__figure img{width: px;height: auto;}.uagb-block-e6f939b3.wp-block-uagb-image .wp-block-uagb-image__figure:hover .wp-block-uagb-image--layout-overlay__inner .uagb-image-caption{opacity: 1;}.uagb-block-e6f939b3.wp-block-uagb-image .wp-block-uagb-image__figure:hover .wp-block-uagb-image--layout-overlay__inner .uagb-image-separator{opacity: 1;}.uagb-block-e6f939b3.wp-block-uagb-image--layout-default figure:hover img{box-shadow: 0px 0px 0 #00000070;}.uagb-block-e6f939b3.wp-block-uagb-image--layout-overlay figure:hover img{box-shadow: 0px 0px 0 #00000070;}@media only screen and (max-width: 976px) {.uagb-block-e6f939b3.wp-block-uagb-image .wp-block-uagb-image__figure img{width: px;height: auto;}}@media only screen and (max-width: 767px) {.uagb-block-e6f939b3.wp-block-uagb-image .wp-block-uagb-image__figure img{width: px;height: auto;}}\";s:2:\"js\";s:0:\"\";s:18:\"current_block_list\";a:13:{i:0;s:11:\"core\/search\";i:1;s:10:\"core\/group\";i:2;s:12:\"core\/heading\";i:3;s:17:\"core\/latest-posts\";i:4;s:20:\"core\/latest-comments\";i:5;s:13:\"core\/archives\";i:6;s:15:\"core\/categories\";i:7;s:14:\"core\/paragraph\";i:8;s:10:\"uagb\/image\";i:9;s:11:\"core\/spacer\";i:10;s:30:\"woocommerce\/product-categories\";i:11;s:10:\"core\/image\";i:12;s:14:\"core\/shortcode\";}s:8:\"uag_flag\";b:1;s:11:\"uag_version\";s:10:\"1777114591\";s:6:\"gfonts\";a:0:{}s:10:\"gfonts_url\";s:0:\"\";s:12:\"gfonts_files\";a:0:{}s:14:\"uag_faq_layout\";b:0;}"]},"uagb_featured_image_src":{"full":["https:\/\/www.ferberpainting.com\/wp-content\/uploads\/2025\/05\/Induction-Hob-Cleaner-5L-.png",2560,2560,false],"thumbnail":["https:\/\/www.ferberpainting.com\/wp-content\/uploads\/2025\/05\/Induction-Hob-Cleaner-5L--150x150.png",150,150,true],"medium":["https:\/\/www.ferberpainting.com\/wp-content\/uploads\/2025\/05\/Induction-Hob-Cleaner-5L--300x300.png",300,300,true],"medium_large":["https:\/\/www.ferberpainting.com\/wp-content\/uploads\/2025\/05\/Induction-Hob-Cleaner-5L--768x768.png",768,768,true],"large":["https:\/\/www.ferberpainting.com\/wp-content\/uploads\/2025\/05\/Induction-Hob-Cleaner-5L--1024x1024.png",1024,1024,true],"1536x1536":["https:\/\/www.ferberpainting.com\/wp-content\/uploads\/2025\/05\/Induction-Hob-Cleaner-5L--1536x1536.png",1536,1536,true],"2048x2048":["https:\/\/www.ferberpainting.com\/wp-content\/uploads\/2025\/05\/Induction-Hob-Cleaner-5L--2048x2048.png",2048,2048,true],"trp-custom-language-flag":["https:\/\/www.ferberpainting.com\/wp-content\/uploads\/2025\/05\/Induction-Hob-Cleaner-5L--12x12.png",12,12,true],"woocommerce_thumbnail":["https:\/\/www.ferberpainting.com\/wp-content\/uploads\/2025\/05\/Induction-Hob-Cleaner-5L--300x300.png",300,300,true],"woocommerce_single":["https:\/\/www.ferberpainting.com\/wp-content\/uploads\/2025\/05\/Induction-Hob-Cleaner-5L--600x600.png",600,600,true],"woocommerce_gallery_thumbnail":["https:\/\/www.ferberpainting.com\/wp-content\/uploads\/2025\/05\/Induction-Hob-Cleaner-5L--100x100.png",100,100,true]},"uagb_author_info":{"display_name":"admin","author_link":"https:\/\/www.ferberpainting.com\/lt\/author\/"},"uagb_comment_info":17,"uagb_excerpt":"Optimal Efficiency.\u00a0This induction cooktop cleaner is specially formulated to effectively eliminate cooking residues, grease marks, oil splashes, and burnt food deposits. Thanks to its powerful formula, it acts deep down without scratching the glass-ceramic surface, ensuring perfect cleaning and an always impeccable cooktop. It leaves a protective film that facilitates future cleanings and reduces the&hellip;","_links":{"self":[{"href":"https:\/\/www.ferberpainting.com\/lt\/wp-json\/wp\/v2\/product\/23547","targetHints":{"allow":["GET"]}}],"collection":[{"href":"https:\/\/www.ferberpainting.com\/lt\/wp-json\/wp\/v2\/product"}],"about":[{"href":"https:\/\/www.ferberpainting.com\/lt\/wp-json\/wp\/v2\/types\/product"}],"replies":[{"embeddable":true,"href":"https:\/\/www.ferberpainting.com\/lt\/wp-json\/wp\/v2\/comments?post=23547"}],"version-history":[{"count":3,"href":"https:\/\/www.ferberpainting.com\/lt\/wp-json\/wp\/v2\/product\/23547\/revisions"}],"predecessor-version":[{"id":166372,"href":"https:\/\/www.ferberpainting.com\/lt\/wp-json\/wp\/v2\/product\/23547\/revisions\/166372"}],"wp:featuredmedia":[{"embeddable":true,"href":"https:\/\/www.ferberpainting.com\/lt\/wp-json\/wp\/v2\/media\/36277"}],"wp:attachment":[{"href":"https:\/\/www.ferberpainting.com\/lt\/wp-json\/wp\/v2\/media?parent=23547"}],"wp:term":[{"taxonomy":"product_brand","embeddable":true,"href":"https:\/\/www.ferberpainting.com\/lt\/wp-json\/wp\/v2\/product_brand?post=23547"},{"taxonomy":"product_cat","embeddable":true,"href":"https:\/\/www.ferberpainting.com\/lt\/wp-json\/wp\/v2\/product_cat?post=23547"},{"taxonomy":"product_tag","embeddable":true,"href":"https:\/\/www.ferberpainting.com\/lt\/wp-json\/wp\/v2\/product_tag?post=23547"}],"curies":[{"name":"wp","href":"https:\/\/api.w.org\/{rel}","templated":true}]}}