{"id":23537,"date":"2025-07-01T12:06:25","date_gmt":"2025-07-01T10:06:25","guid":{"rendered":"https:\/\/www.ferberpainting.com\/?post_type=product&#038;p=23537"},"modified":"2026-02-15T19:29:05","modified_gmt":"2026-02-15T18:29:05","slug":"hood-cleaner","status":"publish","type":"product","link":"https:\/\/www.ferberpainting.com\/lt\/products\/hood-cleaner\/","title":{"rendered":"Gartraukio valiklis"},"content":{"rendered":"<p><strong><img decoding=\"async\" style=\"margin-right: 12px;\" src=\"https:\/\/www.ferberpainting.com\/wp-content\/uploads\/2026\/02\/Check.svg\" alt=\"\" width=\"18\" height=\"15\" \/>Optimalus efektyvumas.<\/strong>\u00a0\u0160is gartraukio valiklis yra specialiai sukurtas riebalams, d\u016bm\u0173 nuos\u0117doms, maisto ruo\u0161imo liku\u010diams ir kitiems ne\u0161varumams, kurie kaupiasi ant gartraukio pavir\u0161i\u0173, pa\u0161alinti. Jo galinga formul\u0117 greitai i\u0161tirpina riebalus, tausodama apdorotas med\u017eiagas. Jis padeda atkurti pirmin\u012f gartraukio blizges\u012f ir u\u017etikrina optimal\u0173 veikim\u0105, nes neleid\u017eia kauptis ne\u0161varumams, kurie gali suma\u017einti efektyvum\u0105.<\/p>\n<p><strong><img decoding=\"async\" style=\"margin-right: 12px;\" src=\"https:\/\/www.ferberpainting.com\/wp-content\/uploads\/2026\/02\/Check.svg\" alt=\"\" width=\"18\" height=\"15\" \/>Pinig\u0173 gr\u0105\u017einimo garantija.<\/strong>\u00a0Esame \u012fsitikin\u0119 savo valymo \u012frenginio veikimu. Jei po naudojimo nesate visi\u0161kai patenkinti, galite atgauti vis\u0105 sumok\u0117t\u0105 sum\u0105. Ramiai i\u0161bandykite m\u016bs\u0173 gamin\u012f ir m\u0117gaukit\u0117s tobulai \u0161variu gartraukiu kiekvien\u0105 dien\u0105.<\/p>\n<p><strong><img decoding=\"async\" style=\"margin-right: 12px;\" src=\"https:\/\/www.ferberpainting.com\/wp-content\/uploads\/2026\/02\/Check.svg\" alt=\"\" width=\"18\" height=\"15\" \/>I\u0161skirtinis universalumas.<\/strong>\u00a0\u0160is valiklis skirtas ne tik ner\u016bdijan\u010dio plieno gartraukiams! Jis taip pat veiksmingas aliuminiui, emaliui, stiklui ir plastikui. Jis idealiai tinka metaliniams filtrams, ventiliacijos grotel\u0117ms, i\u0161metimo kanalams ir net kai kurioms plytel\u0117mis i\u0161klotoms ar ner\u016bdijan\u010dio plieno sienoms aplink gartrauk\u012f valyti. Jo suderinamumas su \u012fvairiomis med\u017eiagomis u\u017etikrina veiksming\u0105 valym\u0105 i\u0161saugant pavir\u0161i\u0173 vientisum\u0105.<\/p>\n<p><strong><img decoding=\"async\" style=\"margin-right: 12px;\" src=\"https:\/\/www.ferberpainting.com\/wp-content\/uploads\/2026\/02\/Check.svg\" alt=\"\" width=\"18\" height=\"15\" \/>Ekonomi\u0161kas.<\/strong>\u00a0\u0160is 5 litr\u0173 formato ir itin veiksmingos formul\u0117s valiklis puikiai padengia pavir\u0161i\u0173. U\u017etenka nedidelio kiekio, kad i\u0161tirpintum\u0117te riebalus ir i\u0161valytum\u0117te didelius plotus be atliek\u0173. Vidutini\u0161kai vienas litras valo iki 80 m\u00b2 pavir\u0161iaus, tod\u0117l tai labai ekonomi\u0161kas sprendimas tiek reguliariai, tiek intensyviai prie\u017ei\u016brai.<\/p>\n<p><strong><img decoding=\"async\" style=\"margin-right: 12px;\" src=\"https:\/\/www.ferberpainting.com\/wp-content\/uploads\/2026\/02\/Check.svg\" alt=\"\" width=\"18\" height=\"15\" \/>Saugu naudoti.<\/strong>\u00a0Skirtingai nuo agresyvi\u0173 dekarbonizatori\u0173, kurie gali pa\u017eeisti med\u017eiagas ir i\u0161skirti kenksmingus d\u016bmus, \u0161io produkto sud\u0117tyje n\u0117ra korozini\u0173 tirpikli\u0173 ar toksi\u0161k\u0173 med\u017eiag\u0173. Jis neskleid\u017eia dirginan\u010di\u0173 gar\u0173 ir nedirgina odos, tod\u0117l j\u012f saugu naudoti net u\u017edarose virtuv\u0117se. Jis saugus maistui ir atitinka buitinius bei profesionalius higienos standartus.<\/p>\n<p><strong><img decoding=\"async\" style=\"margin-right: 12px;\" src=\"https:\/\/www.ferberpainting.com\/wp-content\/uploads\/2026\/02\/Check.svg\" alt=\"\" width=\"18\" height=\"15\" \/>Lengva naudoti.<\/strong>\u00a0\u0160is produktas yra paruo\u0161tas naudoti, jo nereikia skiesti ar sud\u0117tingai apdoroti. Tepkite j\u012f tiesiai ant pavir\u0161i\u0173 kempine, \u0161luoste arba purk\u0161tuvu. Jo greitas veikimas ir intuityvus naudojimas akimirksniu i\u0161tirpina riebalus be joki\u0173 pastang\u0173, supaprastindamas kasdien\u0119 gaubt\u0173 prie\u017ei\u016br\u0105.<\/p>\n<p><strong><img decoding=\"async\" style=\"margin-right: 12px;\" src=\"https:\/\/www.ferberpainting.com\/wp-content\/uploads\/2026\/02\/Check.svg\" alt=\"\" width=\"18\" height=\"15\" \/>Ilgalaik\u0117 apsauga.<\/strong>\u00a0Veiksmingai \u0161alindamas riebal\u0173 nuos\u0117das ir maisto ruo\u0161imo liku\u010dius, \u0161is valiklis padeda prailginti gartraukio ir jo sudedam\u0173j\u0173 dali\u0173, ypa\u010d filtr\u0173 ir i\u0161traukimo kanal\u0173, tarnavimo laik\u0105. Reguliarus naudojimas apsaugo juos nuo u\u017esikim\u0161imo, u\u017etikrindamas optimal\u0173 gartraukio veikim\u0105 ir ilgalaik\u012f ilgaam\u017ei\u0161kum\u0105.<\/p>\n<p><strong><img decoding=\"async\" style=\"margin-right: 12px;\" src=\"https:\/\/www.ferberpainting.com\/wp-content\/uploads\/2026\/02\/Check.svg\" alt=\"\" width=\"18\" height=\"15\" \/>Greitas veiksmas.<\/strong>\u00a0D\u0117l itin aktyvios formul\u0117s \u0161is valiklis i\u0161 karto veikia riebalus ir ne\u0161varumus. Vos per kelias sekundes jis i\u0161tirpina \u012fsisen\u0117jusius liku\u010dius be \u0161veitimo. Jis u\u017etikrina greit\u0105 ir veiksming\u0105 prie\u017ei\u016br\u0105, idealiai tinka tiek nam\u0173 virtuv\u0117ms, tiek profesionalioms patalpoms, kuriose reikia didelio reaktyvumo.<\/p>\n<h2><strong>Naudojimo protokolas<\/strong><\/h2>\n<ul>\n<li><strong>Paruo\u0161imas <\/strong>: Prie\u0161 naudodami produkt\u0105 \u012fsitikinkite, kad gaubtas yra i\u0161jungtas ir atv\u0117s\u0119s. I\u0161imkite metalinius filtrus, kad juos i\u0161valytum\u0117te atskirai.<\/li>\n<li><strong>Naudojimas ant i\u0161orini\u0173 pavir\u0161i\u0173 <\/strong>: Nedidel\u012f kiek\u012f valiklio supilkite ant \u0161varios \u0161luost\u0117s arba kempin\u0117s ir tolygiai sukamaisiais judesiais u\u017etepkite ant i\u0161orinio gaubto pavir\u0161iaus, kad nuvalytum\u0117te riebalus.<\/li>\n<li><strong>Metalini\u0173 filtr\u0173 valymas <\/strong>: Panardinkite nuimamus filtrus \u012f ind\u0105 su valikliu ir palikite 5-10 minu\u010di\u0173. Tada \u0161velniai nu\u0161veiskite mink\u0161tu \u0161epet\u0117liu, kad pa\u0161alintum\u0117te susikaupusius riebalus.<\/li>\n<li><strong>Ortaki\u0173 ir ventiliacijos groteli\u0173 prie\u017ei\u016bra <\/strong>: Dr\u0117gnu skudur\u0117liu patepkite groteles ir ventiliacijos angas, \u012fsitikinkite, kad pa\u0161alinote visas susikaupusias nuos\u0117das, kad i\u0161laikytum\u0117te tinkam\u0105 oro sraut\u0105.<\/li>\n<li><strong>Skalavimas <\/strong>: Nuvalytus pavir\u0161ius nuvalykite dr\u0117gna \u0161luoste, kad pa\u0161alintum\u0117te produkto liku\u010dius. Prie\u0161 \u012fd\u0117dami metalinius filtrus kruop\u0161\u010diai nuplaukite \u0161variu vandeniu.<\/li>\n<li><strong>D\u017eiovinimas ir apdaila <\/strong>: I\u0161orinius pavir\u0161ius nusausinkite mikropluo\u0161to \u0161luoste, kad nesusidaryt\u0173 dry\u017eiai ir b\u016bt\u0173 nepriekai\u0161tinga apdaila. Ner\u016bdijan\u010diojo plieno ar stiklo gaubtus lengvai nupoliruokite sausu skudur\u0117liu, kad jie \u012fgaut\u0173 papildomo blizgesio.<\/li>\n<li><strong>Naudojimo da\u017enumas <\/strong>: Tepkite kart\u0105 arba du kartus per savait\u0119, nor\u0117dami atlikti reguliari\u0105 prie\u017ei\u016br\u0105 ir u\u017ekirsti keli\u0105 riebal\u0173 sankaupoms. Profesionaliose virtuv\u0117se arba da\u017enai naudojamuose gartraukiuose rekomenduojama valyti kasdien, kad b\u016bt\u0173 u\u017etikrintas optimalus veikimas.<\/li>\n<li><strong>Saugykla <\/strong>: Po kiekvieno naudojimo laikykite indel\u012f sandariai u\u017edaryt\u0105 ir saugokite v\u0117sioje, sausoje, apsaugotoje nuo \u0161viesos ir ekstremalios temperat\u016bros vietoje, kad produktas ilgai i\u0161likt\u0173 veiksmingas.<\/li>\n<\/ul>\n<p>Naudodami m\u016bs\u0173 gartraukio valytuv\u0105 gal\u0117site m\u0117gautis galingu ir greitu nuriebalinimu, kartu padidindami savo \u012frangos efektyvum\u0105 ir ilgaam\u017ei\u0161kum\u0105. Tai idealus sprendimas, leid\u017eiantis be vargo atlikti nepriekai\u0161ting\u0105 prie\u017ei\u016br\u0105.<\/p>","protected":false},"excerpt":{"rendered":"<p>Optimal Efficiency.\u00a0This range hood cleaner is specially designed to eliminate embedded grease, smoke deposits, cooking residues, and other impurities that accumulate on kitchen hood surfaces. Its powerful formula quickly dissolves grease while respecting the treated materials. It helps restore your hood\u2019s original shine and ensures optimal functioning by preventing the buildup of grime that could [&hellip;]<\/p>\n","protected":false},"featured_media":36292,"comment_status":"open","ping_status":"closed","template":"","meta":{"_uag_custom_page_level_css":"","site-sidebar-layout":"default","site-content-layout":"","ast-site-content-layout":"default","site-content-style":"default","site-sidebar-style":"default","ast-global-header-display":"","ast-banner-title-visibility":"","ast-main-header-display":"","ast-hfb-above-header-display":"","ast-hfb-below-header-display":"","ast-hfb-mobile-header-display":"","site-post-title":"","ast-breadcrumbs-content":"","ast-featured-img":"","footer-sml-layout":"","ast-disable-related-posts":"","theme-transparent-header-meta":"default","adv-header-id-meta":"","stick-header-meta":"","header-above-stick-meta":"","header-main-stick-meta":"","header-below-stick-meta":"","astra-migrate-meta-layouts":"set","ast-page-background-enabled":"default","ast-page-background-meta":{"desktop":{"background-color":"var(--ast-global-color-4)","background-image":"","background-repeat":"repeat","background-position":"center center","background-size":"auto","background-attachment":"scroll","background-type":"","background-media":"","overlay-type":"","overlay-color":"","overlay-opacity":"","overlay-gradient":""},"tablet":{"background-color":"","background-image":"","background-repeat":"repeat","background-position":"center center","background-size":"auto","background-attachment":"scroll","background-type":"","background-media":"","overlay-type":"","overlay-color":"","overlay-opacity":"","overlay-gradient":""},"mobile":{"background-color":"","background-image":"","background-repeat":"repeat","background-position":"center center","background-size":"auto","background-attachment":"scroll","background-type":"","background-media":"","overlay-type":"","overlay-color":"","overlay-opacity":"","overlay-gradient":""}},"ast-content-background-meta":{"desktop":{"background-color":"var(--ast-global-color-5)","background-image":"","background-repeat":"repeat","background-position":"center center","background-size":"auto","background-attachment":"scroll","background-type":"","background-media":"","overlay-type":"","overlay-color":"","overlay-opacity":"","overlay-gradient":""},"tablet":{"background-color":"var(--ast-global-color-5)","background-image":"","background-repeat":"repeat","background-position":"center center","background-size":"auto","background-attachment":"scroll","background-type":"","background-media":"","overlay-type":"","overlay-color":"","overlay-opacity":"","overlay-gradient":""},"mobile":{"background-color":"var(--ast-global-color-5)","background-image":"","background-repeat":"repeat","background-position":"center center","background-size":"auto","background-attachment":"scroll","background-type":"","background-media":"","overlay-type":"","overlay-color":"","overlay-opacity":"","overlay-gradient":""}}},"product_brand":[],"product_cat":[175],"product_tag":[],"class_list":{"0":"post-23537","1":"product","2":"type-product","3":"status-publish","4":"has-post-thumbnail","6":"product_cat-cleaning-products","7":"desktop-align-left","8":"tablet-align-left","9":"mobile-align-left","11":"first","12":"instock","13":"sale","14":"taxable","15":"shipping-taxable","16":"purchasable","17":"product-type-variable","18":"has-default-attributes"},"spectra_custom_meta":{"_visibility":["visible"],"_shopify_product_id":["9102618984693"],"_s2w_shopify_domain":["ferberpainting.myshopify.com"],"_shopify_variant_id":["46616627380469"],"_sku":[""],"_manage_stock":["no"],"total_sales":["10"],"_tax_status":["taxable"],"_tax_class":[""],"_backorders":["no"],"_sold_individually":["no"],"_virtual":["no"],"_downloadable":["no"],"_download_limit":["-1"],"_download_expiry":["-1"],"_stock":[null],"_stock_status":["instock"],"_wc_average_rating":["5.00"],"_wc_review_count":["27"],"_product_attributes":["a:1:{s:6:\"volume\";a:6:{s:4:\"name\";s:6:\"Volume\";s:5:\"value\";s:20:\"5 liters | 25 liters\";s:8:\"position\";i:1;s:10:\"is_visible\";i:0;s:12:\"is_variation\";i:1;s:11:\"is_taxonomy\";i:0;}}"],"_product_version":["10.5.1"],"wpse_downloadable_file_names":[""],"wpse_downloadable_file_urls":[""],"_edit_last":["1"],"_default_attributes":["a:1:{s:6:\"volume\";s:8:\"5 liters\";}"],"_edit_lock":["1771180006:1"],"_price":["29.90","129.90"],"merchant-center-availability":["yes"],"merchant-center-category":["4978"],"_thumbnail_id":["36292"],"_wp_page_template":["default"],"_wp_old_date":["2025-05-26"],"_product_image_gallery":["36294"],"site-sidebar-layout":["default"],"ast-site-content-layout":["default"],"site-content-style":["default"],"site-sidebar-style":["default"],"theme-transparent-header-meta":["default"],"_wc_rating_count":["a:1:{i:5;i:27;}"],"astra-migrate-meta-layouts":["set"],"_uag_css_file_name":["uag-css-23537.css"],"_elementor_page_assets":["a:0:{}"],"_uag_page_assets":["a:9:{s:3:\"css\";s:7133:\".uag-blocks-common-selector{z-index:var(--z-index-desktop) !important}@media(max-width: 976px){.uag-blocks-common-selector{z-index:var(--z-index-tablet) !important}}@media(max-width: 767px){.uag-blocks-common-selector{z-index:var(--z-index-mobile) !important}}.wp-block-uagb-image{display:flex}.wp-block-uagb-image__figure{position:relative;display:flex;flex-direction:column;max-width:100%;height:auto;margin:0}.wp-block-uagb-image__figure img{height:auto;display:flex;max-width:100%;transition:box-shadow .2s ease}.wp-block-uagb-image__figure>a{display:inline-block}.wp-block-uagb-image__figure figcaption{text-align:center;margin-top:.5em;margin-bottom:1em}.wp-block-uagb-image .components-placeholder.block-editor-media-placeholder .components-placeholder__instructions{align-self:center}.wp-block-uagb-image--align-left{text-align:left}.wp-block-uagb-image--align-right{text-align:right}.wp-block-uagb-image--align-center{text-align:center}.wp-block-uagb-image--align-full .wp-block-uagb-image__figure{margin-left:calc(50% - 50vw);margin-right:calc(50% - 50vw);max-width:100vw;width:100vw;height:auto}.wp-block-uagb-image--align-full .wp-block-uagb-image__figure img{height:auto;width:100% !important}.wp-block-uagb-image--align-wide .wp-block-uagb-image__figure img{height:auto;width:100%}.wp-block-uagb-image--layout-overlay__color-wrapper{position:absolute;left:0;top:0;right:0;bottom:0;opacity:.2;background:rgba(0,0,0,.5);transition:opacity .35s ease-in-out}.wp-block-uagb-image--layout-overlay-link{position:absolute;left:0;right:0;bottom:0;top:0}.wp-block-uagb-image--layout-overlay .wp-block-uagb-image__figure:hover .wp-block-uagb-image--layout-overlay__color-wrapper{opacity:1}.wp-block-uagb-image--layout-overlay__inner{position:absolute;left:15px;right:15px;bottom:15px;top:15px;display:flex;align-items:center;justify-content:center;flex-direction:column;border-color:#fff;transition:.35s ease-in-out}.wp-block-uagb-image--layout-overlay__inner.top-left,.wp-block-uagb-image--layout-overlay__inner.top-center,.wp-block-uagb-image--layout-overlay__inner.top-right{justify-content:flex-start}.wp-block-uagb-image--layout-overlay__inner.bottom-left,.wp-block-uagb-image--layout-overlay__inner.bottom-center,.wp-block-uagb-image--layout-overlay__inner.bottom-right{justify-content:flex-end}.wp-block-uagb-image--layout-overlay__inner.top-left,.wp-block-uagb-image--layout-overlay__inner.center-left,.wp-block-uagb-image--layout-overlay__inner.bottom-left{align-items:flex-start}.wp-block-uagb-image--layout-overlay__inner.top-right,.wp-block-uagb-image--layout-overlay__inner.center-right,.wp-block-uagb-image--layout-overlay__inner.bottom-right{align-items:flex-end}.wp-block-uagb-image--layout-overlay__inner .uagb-image-heading{color:#fff;transition:transform .35s,opacity .35s ease-in-out;transform:translate3d(0, 24px, 0);margin:0;line-height:1em}.wp-block-uagb-image--layout-overlay__inner .uagb-image-separator{width:30%;border-top-width:2px;border-top-color:#fff;border-top-style:solid;margin-bottom:10px;opacity:0;transition:transform .4s,opacity .4s ease-in-out;transform:translate3d(0, 30px, 0)}.wp-block-uagb-image--layout-overlay__inner .uagb-image-caption{opacity:0;overflow:visible;color:#fff;transition:transform .45s,opacity .45s ease-in-out;transform:translate3d(0, 35px, 0)}.wp-block-uagb-image--layout-overlay__inner:hover .uagb-image-heading,.wp-block-uagb-image--layout-overlay__inner:hover .uagb-image-separator,.wp-block-uagb-image--layout-overlay__inner:hover .uagb-image-caption{opacity:1;transform:translate3d(0, 0, 0)}.wp-block-uagb-image--effect-zoomin .wp-block-uagb-image__figure img,.wp-block-uagb-image--effect-zoomin .wp-block-uagb-image__figure .wp-block-uagb-image--layout-overlay__color-wrapper{transform:scale(1);transition:transform .35s ease-in-out}.wp-block-uagb-image--effect-zoomin .wp-block-uagb-image__figure:hover img,.wp-block-uagb-image--effect-zoomin .wp-block-uagb-image__figure:hover .wp-block-uagb-image--layout-overlay__color-wrapper{transform:scale(1.05)}.wp-block-uagb-image--effect-slide .wp-block-uagb-image__figure img,.wp-block-uagb-image--effect-slide .wp-block-uagb-image__figure .wp-block-uagb-image--layout-overlay__color-wrapper{width:calc(100% + 40px) !important;max-width:none !important;transform:translate3d(-40px, 0, 0);transition:transform .35s ease-in-out}.wp-block-uagb-image--effect-slide .wp-block-uagb-image__figure:hover img,.wp-block-uagb-image--effect-slide .wp-block-uagb-image__figure:hover .wp-block-uagb-image--layout-overlay__color-wrapper{transform:translate3d(0, 0, 0)}.wp-block-uagb-image--effect-grayscale img{filter:grayscale(0%);transition:.35s ease-in-out}.wp-block-uagb-image--effect-grayscale:hover img{filter:grayscale(100%)}.wp-block-uagb-image--effect-blur img{filter:blur(0);transition:.35s ease-in-out}.wp-block-uagb-image--effect-blur:hover img{filter:blur(3px)}.uagb-block-e6f939b3.wp-block-uagb-image--layout-default figure img{box-shadow: 0px 0px 0 #00000070;}.uagb-block-e6f939b3.wp-block-uagb-image .wp-block-uagb-image__figure figcaption{font-style: normal;align-self: center;}.uagb-block-e6f939b3.wp-block-uagb-image--layout-overlay figure img{box-shadow: 0px 0px 0 #00000070;}.uagb-block-e6f939b3.wp-block-uagb-image--layout-overlay .wp-block-uagb-image--layout-overlay__color-wrapper{opacity: 0.2;}.uagb-block-e6f939b3.wp-block-uagb-image--layout-overlay .wp-block-uagb-image--layout-overlay__inner{left: 15px;right: 15px;top: 15px;bottom: 15px;}.uagb-block-e6f939b3.wp-block-uagb-image--layout-overlay .wp-block-uagb-image--layout-overlay__inner .uagb-image-heading{font-style: normal;color: #fff;opacity: 1;}.uagb-block-e6f939b3.wp-block-uagb-image--layout-overlay .wp-block-uagb-image--layout-overlay__inner .uagb-image-heading a{color: #fff;}.uagb-block-e6f939b3.wp-block-uagb-image--layout-overlay .wp-block-uagb-image--layout-overlay__inner .uagb-image-caption{opacity: 0;}.uagb-block-e6f939b3.wp-block-uagb-image--layout-overlay .wp-block-uagb-image__figure:hover .wp-block-uagb-image--layout-overlay__color-wrapper{opacity: 1;}.uagb-block-e6f939b3.wp-block-uagb-image .wp-block-uagb-image--layout-overlay__inner .uagb-image-separator{width: 30%;border-top-width: 2px;border-top-color: #fff;opacity: 0;}.uagb-block-e6f939b3.wp-block-uagb-image .wp-block-uagb-image__figure img{width: px;height: auto;}.uagb-block-e6f939b3.wp-block-uagb-image .wp-block-uagb-image__figure:hover .wp-block-uagb-image--layout-overlay__inner .uagb-image-caption{opacity: 1;}.uagb-block-e6f939b3.wp-block-uagb-image .wp-block-uagb-image__figure:hover .wp-block-uagb-image--layout-overlay__inner .uagb-image-separator{opacity: 1;}.uagb-block-e6f939b3.wp-block-uagb-image--layout-default figure:hover img{box-shadow: 0px 0px 0 #00000070;}.uagb-block-e6f939b3.wp-block-uagb-image--layout-overlay figure:hover img{box-shadow: 0px 0px 0 #00000070;}@media only screen and (max-width: 976px) {.uagb-block-e6f939b3.wp-block-uagb-image .wp-block-uagb-image__figure img{width: px;height: auto;}}@media only screen and (max-width: 767px) {.uagb-block-e6f939b3.wp-block-uagb-image .wp-block-uagb-image__figure img{width: px;height: auto;}}\";s:2:\"js\";s:0:\"\";s:18:\"current_block_list\";a:13:{i:0;s:11:\"core\/search\";i:1;s:10:\"core\/group\";i:2;s:12:\"core\/heading\";i:3;s:17:\"core\/latest-posts\";i:4;s:20:\"core\/latest-comments\";i:5;s:13:\"core\/archives\";i:6;s:15:\"core\/categories\";i:7;s:14:\"core\/paragraph\";i:8;s:10:\"uagb\/image\";i:9;s:11:\"core\/spacer\";i:10;s:30:\"woocommerce\/product-categories\";i:11;s:10:\"core\/image\";i:12;s:14:\"core\/shortcode\";}s:8:\"uag_flag\";b:1;s:11:\"uag_version\";s:10:\"1777197255\";s:6:\"gfonts\";a:0:{}s:10:\"gfonts_url\";s:0:\"\";s:12:\"gfonts_files\";a:0:{}s:14:\"uag_faq_layout\";b:0;}"]},"uagb_featured_image_src":{"full":["https:\/\/www.ferberpainting.com\/wp-content\/uploads\/2025\/05\/Hood-Cleaner-5L.png",2560,2560,false],"thumbnail":["https:\/\/www.ferberpainting.com\/wp-content\/uploads\/2025\/05\/Hood-Cleaner-5L-150x150.png",150,150,true],"medium":["https:\/\/www.ferberpainting.com\/wp-content\/uploads\/2025\/05\/Hood-Cleaner-5L-300x300.png",300,300,true],"medium_large":["https:\/\/www.ferberpainting.com\/wp-content\/uploads\/2025\/05\/Hood-Cleaner-5L-768x768.png",768,768,true],"large":["https:\/\/www.ferberpainting.com\/wp-content\/uploads\/2025\/05\/Hood-Cleaner-5L-1024x1024.png",1024,1024,true],"1536x1536":["https:\/\/www.ferberpainting.com\/wp-content\/uploads\/2025\/05\/Hood-Cleaner-5L-1536x1536.png",1536,1536,true],"2048x2048":["https:\/\/www.ferberpainting.com\/wp-content\/uploads\/2025\/05\/Hood-Cleaner-5L-2048x2048.png",2048,2048,true],"trp-custom-language-flag":["https:\/\/www.ferberpainting.com\/wp-content\/uploads\/2025\/05\/Hood-Cleaner-5L-12x12.png",12,12,true],"woocommerce_thumbnail":["https:\/\/www.ferberpainting.com\/wp-content\/uploads\/2025\/05\/Hood-Cleaner-5L-300x300.png",300,300,true],"woocommerce_single":["https:\/\/www.ferberpainting.com\/wp-content\/uploads\/2025\/05\/Hood-Cleaner-5L-600x600.png",600,600,true],"woocommerce_gallery_thumbnail":["https:\/\/www.ferberpainting.com\/wp-content\/uploads\/2025\/05\/Hood-Cleaner-5L-100x100.png",100,100,true]},"uagb_author_info":{"display_name":"admin","author_link":"https:\/\/www.ferberpainting.com\/lt\/author\/"},"uagb_comment_info":27,"uagb_excerpt":"Optimal Efficiency.\u00a0This range hood cleaner is specially designed to eliminate embedded grease, smoke deposits, cooking residues, and other impurities that accumulate on kitchen hood surfaces. Its powerful formula quickly dissolves grease while respecting the treated materials. It helps restore your hood\u2019s original shine and ensures optimal functioning by preventing the buildup of grime that could&hellip;","_links":{"self":[{"href":"https:\/\/www.ferberpainting.com\/lt\/wp-json\/wp\/v2\/product\/23537","targetHints":{"allow":["GET"]}}],"collection":[{"href":"https:\/\/www.ferberpainting.com\/lt\/wp-json\/wp\/v2\/product"}],"about":[{"href":"https:\/\/www.ferberpainting.com\/lt\/wp-json\/wp\/v2\/types\/product"}],"replies":[{"embeddable":true,"href":"https:\/\/www.ferberpainting.com\/lt\/wp-json\/wp\/v2\/comments?post=23537"}],"version-history":[{"count":4,"href":"https:\/\/www.ferberpainting.com\/lt\/wp-json\/wp\/v2\/product\/23537\/revisions"}],"predecessor-version":[{"id":166363,"href":"https:\/\/www.ferberpainting.com\/lt\/wp-json\/wp\/v2\/product\/23537\/revisions\/166363"}],"wp:featuredmedia":[{"embeddable":true,"href":"https:\/\/www.ferberpainting.com\/lt\/wp-json\/wp\/v2\/media\/36292"}],"wp:attachment":[{"href":"https:\/\/www.ferberpainting.com\/lt\/wp-json\/wp\/v2\/media?parent=23537"}],"wp:term":[{"taxonomy":"product_brand","embeddable":true,"href":"https:\/\/www.ferberpainting.com\/lt\/wp-json\/wp\/v2\/product_brand?post=23537"},{"taxonomy":"product_cat","embeddable":true,"href":"https:\/\/www.ferberpainting.com\/lt\/wp-json\/wp\/v2\/product_cat?post=23537"},{"taxonomy":"product_tag","embeddable":true,"href":"https:\/\/www.ferberpainting.com\/lt\/wp-json\/wp\/v2\/product_tag?post=23537"}],"curies":[{"name":"wp","href":"https:\/\/api.w.org\/{rel}","templated":true}]}}